{"id":13193,"date":"2022-06-24T09:48:20","date_gmt":"2022-06-24T07:48:20","guid":{"rendered":"https:\/\/www.pedagogie.ac-nice.fr\/daac\/?page_id=13193"},"modified":"2023-02-21T17:15:32","modified_gmt":"2023-02-21T16:15:32","slug":"fondation-pour-la-memoire-de-lesclavage","status":"publish","type":"page","link":"https:\/\/www.pedagogie.ac-nice.fr\/daac\/fondation-pour-la-memoire-de-lesclavage\/","title":{"rendered":"Fondation pour la m\u00e9moire de l&rsquo;esclavage"},"content":{"rendered":"<p>[et_pb_section fb_built=\u00a0\u00bb1&Prime; _builder_version=\u00a0\u00bb4.10.7&Prime; _module_preset=\u00a0\u00bbdefault\u00a0\u00bb global_colors_info=\u00a0\u00bb{}\u00a0\u00bb][et_pb_row column_structure=\u00a0\u00bb1_3,2_3&Prime; _builder_version=\u00a0\u00bb4.10.7&Prime; _module_preset=\u00a0\u00bbdefault\u00a0\u00bb global_colors_info=\u00a0\u00bb{}\u00a0\u00bb][et_pb_column type=\u00a0\u00bb1_3&Prime; _builder_version=\u00a0\u00bb4.10.7&Prime; _module_preset=\u00a0\u00bbdefault\u00a0\u00bb global_colors_info=\u00a0\u00bb{}\u00a0\u00bb][et_pb_text admin_label=\u00a0\u00bblogo patrimoine\u00a0\u00bb _builder_version=\u00a0\u00bb4.10.7&Prime; _module_preset=\u00a0\u00bbdefault\u00a0\u00bb global_colors_info=\u00a0\u00bb{}\u00a0\u00bb]<\/p>\n<p><a href=\"https:\/\/www.pedagogie.ac-nice.fr\/daac\/patrimoines-memoires-2021\/\" target=\"_blank\" rel=\"noopener\"><img loading=\"lazy\" decoding=\"async\" class=\"aligncenter wp-image-5925 size-full\" src=\"https:\/\/www.pedagogie.ac-nice.fr\/daac\/wp-content\/uploads\/sites\/37\/2021\/09\/patrimoine_memoires.png\" alt=\"\" width=\"347\" height=\"222\" srcset=\"https:\/\/www.pedagogie.ac-nice.fr\/daac\/wp-content\/uploads\/sites\/37\/2021\/09\/patrimoine_memoires.png 347w, https:\/\/www.pedagogie.ac-nice.fr\/daac\/wp-content\/uploads\/sites\/37\/2021\/09\/patrimoine_memoires-300x192.png 300w\" sizes=\"(max-width: 347px) 100vw, 347px\" \/><\/a><\/p>\n<p>[\/et_pb_text][et_pb_divider _builder_version=\u00a0\u00bb4.10.7&Prime; _module_preset=\u00a0\u00bbdefault\u00a0\u00bb global_colors_info=\u00a0\u00bb{}\u00a0\u00bb][\/et_pb_divider][et_pb_text admin_label=\u00a0\u00bblogo fondation pour l&rsquo;esclavage\u00a0\u00bb _builder_version=\u00a0\u00bb4.10.7&Prime; _module_preset=\u00a0\u00bbdefault\u00a0\u00bb global_colors_info=\u00a0\u00bb{}\u00a0\u00bb]<\/p>\n<p><a href=\"https:\/\/memoire-esclavage.org\/appel-projet-education\" target=\"_blank\" rel=\"noopener\"><img loading=\"lazy\" decoding=\"async\" class=\"aligncenter wp-image-13190 size-full\" src=\"https:\/\/www.pedagogie.ac-nice.fr\/daac\/wp-content\/uploads\/sites\/37\/2022\/06\/visuel_esclavage.jpg\" alt=\"\" width=\"206\" height=\"187\"><\/a><\/p>\n<p>[\/et_pb_text][\/et_pb_column][et_pb_column type=\u00a0\u00bb2_3&Prime; _builder_version=\u00a0\u00bb4.10.7&Prime; _module_preset=\u00a0\u00bbdefault\u00a0\u00bb global_colors_info=\u00a0\u00bb{}\u00a0\u00bb][et_pb_text _builder_version=\u00a0\u00bb4.10.7&Prime; _module_preset=\u00a0\u00bbdefault\u00a0\u00bb hover_enabled=\u00a0\u00bb0&Prime; global_colors_info=\u00a0\u00bb{}\u00a0\u00bb text_font=\u00a0\u00bbTrebuchet||||||||\u00a0\u00bb sticky_enabled=\u00a0\u00bb0&Prime;]<\/p>\n<p style=\"text-align: center;\"><span style=\"color: #993366;\"><strong><span style=\"font-size: 14pt;\">Fondation pour la m\u00e9moire de l&rsquo;esclavage<\/span><\/strong><\/span><\/p>\n<p style=\"text-align: justify;\"><span style=\"color: #0000ff;\"><strong>L&rsquo;Appel \u00e0 projets p\u00e9dagogiques<\/strong> de la <strong>Fondation pour la M\u00e9moire de l&rsquo;esclavage<\/strong> est en ligne, et ouvert<\/span><span style=\"color: #ff6600;\"><strong> jusqu&rsquo;au 10 juillet<\/strong><\/span><span style=\"color: #0000ff;\">. Ouvert \u00e0 tous les \u00e9tablissements scolaires fran\u00e7ais,\u00a0 il propose de labelliser et\/ou de soutenir \u00e0 hauteur de 5000 euros les projets \u00e9ducatifs ayant pour objectifs la connaissance et la compr\u00e9hension de l&rsquo;histoire, de la m\u00e9moire et des h\u00e9ritages de l&rsquo;esclavage, et qui favorisent le d\u00e9veloppement du dialogue interculturel et l&rsquo;acc\u00e8s \u00e0 la compr\u00e9hension de la diversit\u00e9 issue de cette histoire.<\/span><\/p>\n<p><span style=\"color: #0000ff;\"><strong><a style=\"color: #0000ff;\" href=\"https:\/\/memoire-esclavage.org\/appel-projet-education\" target=\"_blank\" rel=\"noopener\">Toutes les informations ici\u00a0<\/a><\/strong><\/span><\/p>\n<p style=\"text-align: justify;\"><span style=\"color: #0000ff;\"><a id=\"v1LPlnk460861\" style=\"color: #0000ff;\" href=\"https:\/\/memoire-esclavage.org\/appel-projet-education\" target=\"_blank\" rel=\"noopener noreferrer\">https:\/\/memoire-esclavage.org\/appel-projet-education<\/a><\/span><\/p>\n<p>[\/et_pb_text][\/et_pb_column][\/et_pb_row][\/et_pb_section]<\/p>\n","protected":false},"excerpt":{"rendered":"<p>Fondation pour la m\u00e9moire de l&rsquo;esclavage L&rsquo;Appel \u00e0 projets p\u00e9dagogiques de la Fondation pour la M\u00e9moire de l&rsquo;esclavage est en ligne, et ouvert jusqu&rsquo;au 10 juillet. Ouvert \u00e0 tous les \u00e9tablissements scolaires fran\u00e7ais,\u00a0 il propose de labelliser et\/ou de soutenir \u00e0 hauteur de 5000 euros les projets \u00e9ducatifs ayant pour objectifs la connaissance et la [&hellip;]<\/p>\n","protected":false},"author":241,"featured_media":0,"parent":0,"menu_order":0,"comment_status":"closed","ping_status":"closed","template":"","meta":{"_et_pb_use_builder":"on","_et_pb_old_content":"","_et_gb_content_width":"","ngg_post_thumbnail":0,"footnotes":""},"class_list":["post-13193","page","type-page","status-publish","hentry"],"rttpg_featured_image_url":null,"rttpg_author":{"display_name":"daacadmin","author_link":"https:\/\/www.pedagogie.ac-nice.fr\/daac\/author\/daacadmin\/"},"rttpg_comment":0,"rttpg_category":null,"rttpg_excerpt":"Fondation pour la m\u00e9moire de l'esclavage L'Appel \u00e0 projets p\u00e9dagogiques de la Fondation pour la M\u00e9moire de l'esclavage est en ligne, et ouvert jusqu'au 10 juillet. Ouvert \u00e0 tous les \u00e9tablissements scolaires fran\u00e7ais,\u00a0 il propose de labelliser et\/ou de soutenir \u00e0 hauteur de 5000 euros les projets \u00e9ducatifs ayant pour objectifs la connaissance et la\u2026","post_mailing_queue_ids":[],"_links":{"self":[{"href":"https:\/\/www.pedagogie.ac-nice.fr\/daac\/wp-json\/wp\/v2\/pages\/13193","targetHints":{"allow":["GET"]}}],"collection":[{"href":"https:\/\/www.pedagogie.ac-nice.fr\/daac\/wp-json\/wp\/v2\/pages"}],"about":[{"href":"https:\/\/www.pedagogie.ac-nice.fr\/daac\/wp-json\/wp\/v2\/types\/page"}],"author":[{"embeddable":true,"href":"https:\/\/www.pedagogie.ac-nice.fr\/daac\/wp-json\/wp\/v2\/users\/241"}],"replies":[{"embeddable":true,"href":"https:\/\/www.pedagogie.ac-nice.fr\/daac\/wp-json\/wp\/v2\/comments?post=13193"}],"version-history":[{"count":6,"href":"https:\/\/www.pedagogie.ac-nice.fr\/daac\/wp-json\/wp\/v2\/pages\/13193\/revisions"}],"predecessor-version":[{"id":14732,"href":"https:\/\/www.pedagogie.ac-nice.fr\/daac\/wp-json\/wp\/v2\/pages\/13193\/revisions\/14732"}],"wp:attachment":[{"href":"https:\/\/www.pedagogie.ac-nice.fr\/daac\/wp-json\/wp\/v2\/media?parent=13193"}],"curies":[{"name":"wp","href":"https:\/\/api.w.org\/{rel}","templated":true}]}}