{"id":13219,"date":"2022-06-24T10:19:27","date_gmt":"2022-06-24T08:19:27","guid":{"rendered":"https:\/\/www.pedagogie.ac-nice.fr\/daac\/?page_id=13219"},"modified":"2026-02-04T08:20:50","modified_gmt":"2026-02-04T07:20:50","slug":"maison-de-lintelligence-artificielle","status":"publish","type":"page","link":"https:\/\/www.pedagogie.ac-nice.fr\/daac\/maison-de-lintelligence-artificielle\/","title":{"rendered":"Maison de l&rsquo;Intelligence artificielle"},"content":{"rendered":"<p>[et_pb_section fb_built=\u00a0\u00bb1&Prime; _builder_version=\u00a0\u00bb4.16&Prime; _module_preset=\u00a0\u00bbdefault\u00a0\u00bb global_colors_info=\u00a0\u00bb{}\u00a0\u00bb][et_pb_row column_structure=\u00a0\u00bb1_3,2_3&Prime; _builder_version=\u00a0\u00bb4.16&Prime; _module_preset=\u00a0\u00bbdefault\u00a0\u00bb global_colors_info=\u00a0\u00bb{}\u00a0\u00bb][et_pb_column type=\u00a0\u00bb1_3&Prime; _builder_version=\u00a0\u00bb4.16&Prime; _module_preset=\u00a0\u00bbdefault\u00a0\u00bb global_colors_info=\u00a0\u00bb{}\u00a0\u00bb][et_pb_text admin_label=\u00a0\u00bblogo culture scientifique\u00a0\u00bb _builder_version=\u00a0\u00bb4.16&Prime; _module_preset=\u00a0\u00bbdefault\u00a0\u00bb global_colors_info=\u00a0\u00bb{}\u00a0\u00bb]<\/p>\n<p><a href=\"https:\/\/www.pedagogie.ac-nice.fr\/daac\/domaine-culture-scientifique\/\" target=\"_blank\" rel=\"noopener\"><img loading=\"lazy\" decoding=\"async\" class=\"aligncenter wp-image-6589 size-full\" src=\"https:\/\/www.pedagogie.ac-nice.fr\/daac\/wp-content\/uploads\/sites\/37\/2021\/09\/culture_scientifique-1.png\" alt=\"\" width=\"332\" height=\"233\" srcset=\"https:\/\/www.pedagogie.ac-nice.fr\/daac\/wp-content\/uploads\/sites\/37\/2021\/09\/culture_scientifique-1.png 332w, https:\/\/www.pedagogie.ac-nice.fr\/daac\/wp-content\/uploads\/sites\/37\/2021\/09\/culture_scientifique-1-300x211.png 300w\" sizes=\"(max-width: 332px) 100vw, 332px\" \/><\/a><\/p>\n<p>[\/et_pb_text][et_pb_divider _builder_version=\u00a0\u00bb4.16&Prime; _module_preset=\u00a0\u00bbdefault\u00a0\u00bb global_colors_info=\u00a0\u00bb{}\u00a0\u00bb][\/et_pb_divider][et_pb_text admin_label=\u00a0\u00bbacc\u00e8s flyer\u00a0\u00bb _builder_version=\u00a0\u00bb4.16&Prime; _module_preset=\u00a0\u00bbdefault\u00a0\u00bb global_colors_info=\u00a0\u00bb{}\u00a0\u00bb]<\/p>\n<p><a href=\"https:\/\/www.pedagogie.ac-nice.fr\/daac\/wp-content\/uploads\/sites\/37\/2022\/06\/Flyer_MIA_2022.pdf\" target=\"_blank\" rel=\"noopener\"><img loading=\"lazy\" decoding=\"async\" class=\"aligncenter wp-image-13226\" src=\"https:\/\/www.pedagogie.ac-nice.fr\/daac\/wp-content\/uploads\/sites\/37\/2022\/06\/visuel_flyer_MIA.jpg\" alt=\"\" width=\"448\" height=\"131\" srcset=\"https:\/\/www.pedagogie.ac-nice.fr\/daac\/wp-content\/uploads\/sites\/37\/2022\/06\/visuel_flyer_MIA.jpg 1217w, https:\/\/www.pedagogie.ac-nice.fr\/daac\/wp-content\/uploads\/sites\/37\/2022\/06\/visuel_flyer_MIA-300x88.jpg 300w, https:\/\/www.pedagogie.ac-nice.fr\/daac\/wp-content\/uploads\/sites\/37\/2022\/06\/visuel_flyer_MIA-1024x299.jpg 1024w, https:\/\/www.pedagogie.ac-nice.fr\/daac\/wp-content\/uploads\/sites\/37\/2022\/06\/visuel_flyer_MIA-768x224.jpg 768w, https:\/\/www.pedagogie.ac-nice.fr\/daac\/wp-content\/uploads\/sites\/37\/2022\/06\/visuel_flyer_MIA-1080x315.jpg 1080w\" sizes=\"(max-width: 448px) 100vw, 448px\" \/><\/a><\/p>\n<p>[\/et_pb_text][et_pb_divider _builder_version=\u00a0\u00bb4.16&Prime; _module_preset=\u00a0\u00bbdefault\u00a0\u00bb global_colors_info=\u00a0\u00bb{}\u00a0\u00bb][\/et_pb_divider][et_pb_text admin_label=\u00a0\u00bbMIA\u00a0\u00bb _builder_version=\u00a0\u00bb4.16&Prime; _module_preset=\u00a0\u00bbdefault\u00a0\u00bb global_colors_info=\u00a0\u00bb{}\u00a0\u00bb]<\/p>\n<p><a href=\"https:\/\/maison-intelligence-artificielle.com\/\" target=\"_blank\" rel=\"noopener\"><img loading=\"lazy\" decoding=\"async\" class=\"aligncenter wp-image-8497 size-full\" src=\"https:\/\/www.pedagogie.ac-nice.fr\/daac\/wp-content\/uploads\/sites\/37\/2021\/10\/visuelsMIA.jpg\" alt=\"\" width=\"197\" height=\"147\"><\/a><\/p>\n<p>[\/et_pb_text][\/et_pb_column][et_pb_column type=\u00a0\u00bb2_3&Prime; _builder_version=\u00a0\u00bb4.16&Prime; _module_preset=\u00a0\u00bbdefault\u00a0\u00bb global_colors_info=\u00a0\u00bb{}\u00a0\u00bb][et_pb_text admin_label=\u00a0\u00bbTexte Marie-Pascale\u00a0\u00bb _builder_version=\u00a0\u00bb4.16&Prime; _module_preset=\u00a0\u00bbdefault\u00a0\u00bb text_font=\u00a0\u00bbTrebuchet||||||||\u00a0\u00bb text_text_color=\u00a0\u00bb#000000&Prime; text_font_size=\u00a0\u00bb16px\u00a0\u00bb text_orientation=\u00a0\u00bbjustified\u00a0\u00bb inline_fonts=\u00a0\u00bbTrebuchet,Times New Roman\u00a0\u00bb global_colors_info=\u00a0\u00bb{}\u00a0\u00bb]<\/p>\n<h3 style=\"text-align: justify;\"><span style=\"color: #000000;\"><strong><span style=\"color: #993366;\"><span style=\"font-family: Calibri, serif;\"><span style=\"font-size: medium;\">La <a href=\"https:\/\/maison-intelligence-artificielle.com\/\" target=\"_blank\" rel=\"noopener\" style=\"color: #993366;\">Maison de l\u2019Intelligence Artificielle<\/a><\/span><\/span><span style=\"font-family: Calibri, serif;\"><span style=\"font-size: medium;\">*<\/span><\/span><\/span><\/strong><span style=\"font-family: Calibri, serif;\"><span style=\"font-size: medium;\"><strong><span style=\"color: #993366;\">\u00a0(MIA)<\/span><\/strong> est une nouvelle structure culturelle scientifique bas\u00e9e sur la technopole de Sophia-Antipolis.<\/span><\/span><\/span><\/h3>\n<h3 style=\"text-align: justify;\"><span style=\"color: #000000;\"><span style=\"font-family: Calibri, serif;\"><span style=\"font-size: medium;\">Une convention de partenariat a \u00e9t\u00e9 sign\u00e9e en septembre 2020, entre le rectorat de l\u2019acad\u00e9mie de Nice, le d\u00e9partement 06 et Universit\u00e9 C\u00f4te d\u2019Azur avec l\u2019objectif de sensibiliser au moins 75 % des coll\u00e9giens maralpins \u00e0 l&rsquo;Intelligence Artificielle (IA) sous 3 ans. <\/span><\/span><\/span><\/h3>\n<h3 style=\"text-align: justify;\"><span style=\"color: #000000;\"><span style=\"font-family: Calibri, serif;\"><span style=\"font-size: medium;\">Ce projet \u00ab\u00a0Arc-en-ciel\u00a0\u00bb vise \u00e0 contribuer \u00e0 la prise de conscience que \u00ab l\u2019IA ce n\u2019est pas magique, c\u2019est scientifique, technique et \u00e9conomique \u00bb. Il est port\u00e9 par l\u2019\u00e9quipe de la MIA, en partenariat avec la DRANE, la DAAC et la DRAFPIC au rectorat. <\/span><\/span><\/span><\/h3>\n<h3 style=\"text-align: justify;\"><span style=\"color: #000000;\"><span style=\"font-family: Calibri, serif;\"><span style=\"font-size: medium;\">La MIA et son \u00e9quipe de m\u00e9diation<strong> accueillent gratuitement<\/strong> les \u00e9quipes enseignantes et leurs classes avec des <strong>parcours p\u00e9dagogiques de 2 heures<\/strong> pour d\u00e9couvrir, comprendre et exp\u00e9rimenter l\u2019IA.<strong> L\u2019approche est transversale<\/strong> et les activit\u00e9s propos\u00e9es sont con\u00e7ues pour s\u2019adapter \u00e0 toutes les disciplines enseign\u00e9es au coll\u00e8ge. <\/span><\/span><\/span><\/h3>\n<h3 style=\"text-align: justify;\"><span style=\"color: #000000;\"><span style=\"font-family: Calibri, serif;\"><span style=\"font-size: medium;\">Hormis les cr\u00e9neaux de visite au sein de la MIA \u00e0 Sophia-Antipolis l&rsquo;\u00e9quipe de la MIA a \u00e9galement la capacit\u00e9 de <strong>venir \u00e0 la rencontre des \u00e9l\u00e8ves au sein de l\u2019\u00e9tablissement<\/strong>. <\/span><\/span><\/span><\/h3>\n<h3 style=\"text-align: center;\"><span style=\"color: #0000ff;\"><span style=\"color: #993366;\"><span style=\"font-family: Calibri, serif;\"><span style=\"font-size: medium;\"><b>D\u00e9tail des activit\u00e9s<\/b><\/span><\/span> <span style=\"font-family: Calibri, serif;\"><span style=\"font-size: medium;\"><b>propos\u00e9es<\/b><\/span><\/span>\u00a0<\/span><span style=\"font-family: Calibri, serif;\"><span style=\"font-size: medium;\"><br \/><a href=\"https:\/\/www.pedagogie.ac-nice.fr\/daac\/wp-content\/uploads\/sites\/37\/2022\/06\/Flyer_MIA_2022.pdf\" target=\"_blank\" rel=\"noopener\"><img loading=\"lazy\" decoding=\"async\" class=\"aligncenter wp-image-13229 size-full\" src=\"https:\/\/www.pedagogie.ac-nice.fr\/daac\/wp-content\/uploads\/sites\/37\/2022\/06\/projet_arc_en_ciel.jpg\" alt=\"\" width=\"240\" height=\"127\" \/><\/a><\/span><\/span><\/span><span style=\"color: #000000; font-family: Trebuchet; font-weight: normal; font-size: small;\">avec la possibilit\u00e9 de r\u00e9server une <b>exposition itin\u00e9rante<\/b> con\u00e7ue pour les CDI\u00a0: <b>\u00ab IA by MIA \u00bb, disponible d\u00e8s septembr<\/b>e 2022 :<\/span><a href=\"https:\/\/maison-intelligence-artificielle.com\/lancement-de-lexpo-ia-by-mia-pour-les-cdi\/\" target=\"_blank\" rel=\"noopener\"><img loading=\"lazy\" decoding=\"async\" class=\"aligncenter wp-image-13230\" src=\"https:\/\/www.pedagogie.ac-nice.fr\/daac\/wp-content\/uploads\/sites\/37\/2022\/06\/visuel_expo_itinerante_MIA.jpg\" alt=\"\" width=\"219\" height=\"167\" srcset=\"https:\/\/www.pedagogie.ac-nice.fr\/daac\/wp-content\/uploads\/sites\/37\/2022\/06\/visuel_expo_itinerante_MIA.jpg 352w, https:\/\/www.pedagogie.ac-nice.fr\/daac\/wp-content\/uploads\/sites\/37\/2022\/06\/visuel_expo_itinerante_MIA-300x228.jpg 300w\" sizes=\"(max-width: 219px) 100vw, 219px\" \/><\/a><\/h3>\n<p><span style=\"color: #ff00ff;\"><strong><span style=\"color: #993366;\">Contact :<\/span><br \/><\/strong><\/span><span style=\"color: #000000; font-family: Trebuchet; font-weight: normal;\"><span style=\"font-size: medium;\">Pour tout renseignement et modalit\u00e9s d\u2019inscription contacter directement l\u2019\u00e9quipe de la MIA :<br \/><\/span><span style=\"font-size: medium;\"><strong>contact@maison-intelligence-arficielle.com<\/strong>\u00a0<\/span><span style=\"font-size: medium;\">ou au <span>\u00a0<\/span><span class=\"Object\" role=\"link\" id=\"OBJ_PREFIX_DWT54_com_zimbra_phone\"><a href=\"callto:04 22 21 50 42\" onclick=\"window.top.Com_Zimbra_Phone.unsetOnbeforeunload()\">04 22 21 50 42<\/a><\/span>.<\/span><\/span><\/p>\n<p style=\"text-align: justify;\"><span style=\"color: #000000; font-family: Trebuchet; font-weight: normal;\"><span style=\"font-size: small;\">*La Maison de l&rsquo;Intelligence Artificielle est un Syndicat Mixte (S2MIA) constitu\u00e9 par le Conseil D\u00e9partemental desAlpes-Maritimes (CD06), la Communaut\u00e9 d&rsquo;Agglom\u00e9ration Sophia-Antipolis (CASA), la Chambre de Commerce etd&rsquo;Industrie Nice C\u00f4te d&rsquo;Azur (CCI NCA), l&rsquo;Universit\u00e9 C\u00f4te d&rsquo;Azur (UCA).<\/span><\/span><\/p>\n<p>[\/et_pb_text][\/et_pb_column][\/et_pb_row][\/et_pb_section]<\/p>\n","protected":false},"excerpt":{"rendered":"<p>La Maison de l\u2019Intelligence Artificielle*\u00a0(MIA) est une nouvelle structure culturelle scientifique bas\u00e9e sur la technopole de Sophia-Antipolis. Une convention de partenariat a \u00e9t\u00e9 sign\u00e9e en septembre 2020, entre le rectorat de l\u2019acad\u00e9mie de Nice, le d\u00e9partement 06 et Universit\u00e9 C\u00f4te d\u2019Azur avec l\u2019objectif de sensibiliser au moins 75 % des coll\u00e9giens maralpins \u00e0 l&rsquo;Intelligence Artificielle [&hellip;]<\/p>\n","protected":false},"author":241,"featured_media":0,"parent":0,"menu_order":0,"comment_status":"closed","ping_status":"closed","template":"","meta":{"_et_pb_use_builder":"on","_et_pb_old_content":"","_et_gb_content_width":"","ngg_post_thumbnail":0,"footnotes":""},"class_list":["post-13219","page","type-page","status-publish","hentry"],"rttpg_featured_image_url":null,"rttpg_author":{"display_name":"daacadmin","author_link":"https:\/\/www.pedagogie.ac-nice.fr\/daac\/author\/daacadmin\/"},"rttpg_comment":0,"rttpg_category":null,"rttpg_excerpt":"La Maison de l\u2019Intelligence Artificielle*\u00a0(MIA) est une nouvelle structure culturelle scientifique bas\u00e9e sur la technopole de Sophia-Antipolis. Une convention de partenariat a \u00e9t\u00e9 sign\u00e9e en septembre 2020, entre le rectorat de l\u2019acad\u00e9mie de Nice, le d\u00e9partement 06 et Universit\u00e9 C\u00f4te d\u2019Azur avec l\u2019objectif de sensibiliser au moins 75 % des coll\u00e9giens maralpins \u00e0 l'Intelligence Artificielle\u2026","post_mailing_queue_ids":[],"_links":{"self":[{"href":"https:\/\/www.pedagogie.ac-nice.fr\/daac\/wp-json\/wp\/v2\/pages\/13219","targetHints":{"allow":["GET"]}}],"collection":[{"href":"https:\/\/www.pedagogie.ac-nice.fr\/daac\/wp-json\/wp\/v2\/pages"}],"about":[{"href":"https:\/\/www.pedagogie.ac-nice.fr\/daac\/wp-json\/wp\/v2\/types\/page"}],"author":[{"embeddable":true,"href":"https:\/\/www.pedagogie.ac-nice.fr\/daac\/wp-json\/wp\/v2\/users\/241"}],"replies":[{"embeddable":true,"href":"https:\/\/www.pedagogie.ac-nice.fr\/daac\/wp-json\/wp\/v2\/comments?post=13219"}],"version-history":[{"count":7,"href":"https:\/\/www.pedagogie.ac-nice.fr\/daac\/wp-json\/wp\/v2\/pages\/13219\/revisions"}],"predecessor-version":[{"id":16030,"href":"https:\/\/www.pedagogie.ac-nice.fr\/daac\/wp-json\/wp\/v2\/pages\/13219\/revisions\/16030"}],"wp:attachment":[{"href":"https:\/\/www.pedagogie.ac-nice.fr\/daac\/wp-json\/wp\/v2\/media?parent=13219"}],"curies":[{"name":"wp","href":"https:\/\/api.w.org\/{rel}","templated":true}]}}