{"id":1326,"date":"2020-11-13T15:22:07","date_gmt":"2020-11-13T14:22:07","guid":{"rendered":"https:\/\/www.pedagogie.ac-nice.fr\/daac\/?page_id=1326"},"modified":"2021-05-21T12:44:12","modified_gmt":"2021-05-21T10:44:12","slug":"projet-art-roman-pnr-prealpes-dazur","status":"publish","type":"page","link":"https:\/\/www.pedagogie.ac-nice.fr\/daac\/projet-art-roman-pnr-prealpes-dazur\/","title":{"rendered":"Projet \u00ab\u00a0Sur les traces du Patrimoine Roman\u00a0\u00bb"},"content":{"rendered":"<div><img loading=\"lazy\" decoding=\"async\" class=\"size-full wp-image-2784 aligncenter\" src=\"https:\/\/www.pedagogie.ac-nice.fr\/daac\/wp-content\/uploads\/sites\/37\/2021\/04\/eglise_romane_visuel.png\" alt=\"\" width=\"212\" height=\"118\"><\/div>\n<div style=\"text-align: center;\">\n<p><span style=\"font-size: 14pt;\">\u00ab\u00a0<strong>Sur les traces du patrimoine roman<\/strong>\u00ab\u00a0<\/span><\/p>\n<\/div>\n<div style=\"text-align: justify;\">\n<p>Dans le cadre de ses programmes, le <a href=\"https:\/\/www.parc-prealpesdazur.fr\/actualite\/education-a-lenvironnement-les-programmes-scolaires-2020-2021\/\" target=\"_blank\" rel=\"noopener\"><strong>Parc Naturel R\u00e9gional des Pr\u00e9alpes d&rsquo;Azur <\/strong><\/a><strong>(PNR)<\/strong>, en partenariat avec la<strong> D\u00e9l\u00e9gation acad\u00e9mique \u00e0 l&rsquo;\u00e9ducation artistique et culturelle (DAAC)<\/strong>, propose un projet \u00e9ducatif sur le th\u00e8me du <strong>patrimoine roman<\/strong> : con\u00e7u pour se d\u00e9rouler sur l&rsquo;ann\u00e9e scolaire et prenant en compte les conditions sanitaires actuelles, par la diversit\u00e9 et la qualit\u00e9 des intervenants, cette action pr\u00e9voit d&rsquo;explorer ce patrimoine dans ses dimensions historique, artistique et scientifique sur le secteur oriental du <strong>Parc Naturel R\u00e9gional<\/strong> en s&rsquo;adressant plus particuli\u00e8rement aux \u00e9tablissements du <strong>primaire<\/strong> et du <strong>secondaire<\/strong> de<strong> Vence, Carros, St Jeannet<\/strong>.&nbsp;<\/p>\n<p>Ce dispositif s&rsquo;inscrit dans le projet europ\u00e9en \u00ab\u00a0<strong>Itinera Romanica+<\/strong>\u00a0\u00bb dont l&rsquo;objectif est la <strong>valorisation du patrimoine culturel de l\u2019art roman<\/strong> dans cinq r\u00e9gions de France et d&rsquo;Italie.<\/p>\n<\/div>\n<div style=\"text-align: justify;\">Il s&rsquo;agit de recenser puis de valoriser les vestiges connus et moins connus pr\u00e9sents dans les communes du territoire du parc.<\/div>\n<div>&nbsp;<\/div>\n<div style=\"text-align: justify;\">En partenariat avec la <strong>DAAC<\/strong>, un volet p\u00e9dagogique a \u00e9t\u00e9 d\u00e9velopp\u00e9 pour permettre aux classes de s&rsquo;approprier ce patrimoine et de participer \u00e0 valorisation.<\/div>\n<div>&nbsp;<\/div>\n<div style=\"text-align: justify;\">\n<p>Accompagn\u00e9s par <strong>Philippe Thomassin<\/strong>, directeur de l&rsquo;<a href=\"http:\/\/www.roudoule.com\/\" target=\"_blank\" rel=\"noopener\"><strong>\u00e9comus\u00e9e de la Roudoule<\/strong><\/a>, par les artistes de<a href=\"http:\/\/www.chemindessens.com\/\" target=\"_blank\" rel=\"noopener\"><strong> Chemindessens<\/strong><\/a>, par les <strong>musiciens de Trobadoresca<\/strong>, les classes de <strong>La<\/strong> <strong>Penne, Toudon, Bonson, les lyc\u00e9ens de Vence<\/strong> ont commenc\u00e9 \u00e0 explorer ce patrimoine. Malgr\u00e9 les conditions sanitaires, le projet se poursuit, une restitution finale est pr\u00e9vue en juin !&nbsp;<\/p>\n<\/div>\n<div><strong><span style=\"color: #0000ff;\">Le Patrimoine roman de la Chapelle Sainte-Elisabeth de Vence<\/span><\/strong><\/div>\n<div style=\"text-align: justify;\">\n<p><iframe loading=\"lazy\" src=\"https:\/\/acamedia.ac-nice.fr\/v2\/player\/embed_player.php?vid=RXXH6HO96DW9&amp;width=440&amp;height=272&amp;autoplay=yes\" width=\"440\" height=\"272\" frameborder=\"0\" allowfullscreen=\"allowfullscreen\"><\/iframe><br \/>\n<span style=\"font-size: small;\">Documentaire sur le projet EAC men\u00e9 sur la<\/span> <strong><span style=\"font-size: small;\">chapelle romane Sainte-Elisabeth de Vence<\/span><\/strong> <span style=\"font-size: small;\">par les<\/span><strong><span style=\"font-size: small;\"> \u00e9l\u00e8ves de Seconde et de Premi\u00e8re<\/span><\/strong><span style=\"font-size: small;\">, option <\/span><strong><span style=\"font-size: small;\">Arts Plastiques<\/span><\/strong><span style=\"font-size: small;\"> du<\/span><strong><span style=\"font-size: small;\"> Lyc\u00e9e Matisse de Vence<\/span><\/strong><span style=\"font-size: small;\"> (06) et <\/span><strong><span style=\"font-size: small;\">leurs professeures d\u2019Arts Plastiques<\/span><\/strong><span style=\"font-size: small;\">, Mesdames Doherter et Arakelian. R\u00e9alisation : <\/span><strong><span style=\"font-size: small;\">association chemindessens<\/span><\/strong><span style=\"font-size: small;\">.<\/span><\/p>\n<\/div>\n<div>&nbsp;<\/div>\n<div>Vid\u00e9o \u00e0 venir<\/div>\n<div>&nbsp;<\/div>\n<div>\n<p align=\"justify\"><span style=\"font-size: small;\">Documentaire sur le projet EAC men\u00e9 sur la <strong>chapelle romane du Plan<\/strong> sur la <strong>commune de La Penne<\/strong> par les<strong> \u00e9l\u00e8ves du CE1 au CM2<\/strong> de l\u2019\u00e9cole \u00e9l\u00e9mentaire de <strong>La Penne<\/strong> et leur professeur, <strong>Monsieur Cezerac<\/strong>. Intervenant, <strong>Monsieur Thomassin<\/strong>. Ecomus\u00e9e de La Roudoule. R\u00e9alisation&nbsp;: association<strong> Chemindessens<\/strong>.<\/span><\/p>\n<\/div>\n<div style=\"text-align: justify;\">&nbsp;<\/div>\n<div style=\"text-align: justify;\"><img loading=\"lazy\" decoding=\"async\" class=\"wp-image-538 aligncenter\" src=\"https:\/\/www.pedagogie.ac-nice.fr\/daac\/wp-content\/uploads\/sites\/37\/2020\/09\/Pour-en-savoir-plus.png\" alt=\"\" width=\"178\" height=\"106\"><br \/>\n&#8211; livret de pr\u00e9sentation sur les traces du Patrimoine roman&nbsp; : <a href=\"https:\/\/www.pedagogie.ac-nice.fr\/daac\/wp-content\/uploads\/sites\/37\/2020\/11\/Flyer_PDF_Programme-educatif_2020_2021_Roman.pdf\" target=\"_blank\" rel=\"noopener noreferrer\"><img loading=\"lazy\" decoding=\"async\" class=\"alignnone wp-image-1271\" src=\"https:\/\/www.pedagogie.ac-nice.fr\/daac\/wp-content\/uploads\/sites\/37\/2020\/11\/icone_cliquer-1.jpg\" alt=\"\" width=\"44\" height=\"34\"><\/a><\/div>\n<div>&#8211; pr\u00e9sentation du projet : <img loading=\"lazy\" decoding=\"async\" class=\"alignnone wp-image-1271\" src=\"https:\/\/www.pedagogie.ac-nice.fr\/daac\/wp-content\/uploads\/sites\/37\/2020\/11\/icone_cliquer-1.jpg\" alt=\"\" width=\"45\" height=\"35\"><\/div>\n","protected":false},"excerpt":{"rendered":"<p>\u00ab\u00a0Sur les traces du patrimoine roman\u00ab\u00a0 Dans le cadre de ses programmes, le Parc Naturel R\u00e9gional des Pr\u00e9alpes d&rsquo;Azur (PNR), en partenariat avec la D\u00e9l\u00e9gation acad\u00e9mique \u00e0 l&rsquo;\u00e9ducation artistique et culturelle (DAAC), propose un projet \u00e9ducatif sur le th\u00e8me du patrimoine roman : con\u00e7u pour se d\u00e9rouler sur l&rsquo;ann\u00e9e scolaire et prenant en compte les [&hellip;]<\/p>\n","protected":false},"author":241,"featured_media":0,"parent":0,"menu_order":0,"comment_status":"closed","ping_status":"closed","template":"","meta":{"_et_pb_use_builder":"","_et_pb_old_content":"","_et_gb_content_width":"","ngg_post_thumbnail":0,"footnotes":""},"class_list":["post-1326","page","type-page","status-publish","hentry"],"rttpg_featured_image_url":null,"rttpg_author":{"display_name":"daacadmin","author_link":"https:\/\/www.pedagogie.ac-nice.fr\/daac\/author\/daacadmin\/"},"rttpg_comment":0,"rttpg_category":null,"rttpg_excerpt":"\u00ab\u00a0Sur les traces du patrimoine roman\u00ab\u00a0 Dans le cadre de ses programmes, le Parc Naturel R\u00e9gional des Pr\u00e9alpes d&rsquo;Azur (PNR), en partenariat avec la D\u00e9l\u00e9gation acad\u00e9mique \u00e0 l&rsquo;\u00e9ducation artistique et culturelle (DAAC), propose un projet \u00e9ducatif sur le th\u00e8me du patrimoine roman : con\u00e7u pour se d\u00e9rouler sur l&rsquo;ann\u00e9e scolaire et prenant en compte les\u2026","post_mailing_queue_ids":[],"_links":{"self":[{"href":"https:\/\/www.pedagogie.ac-nice.fr\/daac\/wp-json\/wp\/v2\/pages\/1326","targetHints":{"allow":["GET"]}}],"collection":[{"href":"https:\/\/www.pedagogie.ac-nice.fr\/daac\/wp-json\/wp\/v2\/pages"}],"about":[{"href":"https:\/\/www.pedagogie.ac-nice.fr\/daac\/wp-json\/wp\/v2\/types\/page"}],"author":[{"embeddable":true,"href":"https:\/\/www.pedagogie.ac-nice.fr\/daac\/wp-json\/wp\/v2\/users\/241"}],"replies":[{"embeddable":true,"href":"https:\/\/www.pedagogie.ac-nice.fr\/daac\/wp-json\/wp\/v2\/comments?post=1326"}],"version-history":[{"count":29,"href":"https:\/\/www.pedagogie.ac-nice.fr\/daac\/wp-json\/wp\/v2\/pages\/1326\/revisions"}],"predecessor-version":[{"id":3410,"href":"https:\/\/www.pedagogie.ac-nice.fr\/daac\/wp-json\/wp\/v2\/pages\/1326\/revisions\/3410"}],"wp:attachment":[{"href":"https:\/\/www.pedagogie.ac-nice.fr\/daac\/wp-json\/wp\/v2\/media?parent=1326"}],"curies":[{"name":"wp","href":"https:\/\/api.w.org\/{rel}","templated":true}]}}