{"id":13568,"date":"2022-09-08T13:06:41","date_gmt":"2022-09-08T11:06:41","guid":{"rendered":"https:\/\/www.pedagogie.ac-nice.fr\/daac\/?page_id=13568"},"modified":"2022-09-08T13:06:46","modified_gmt":"2022-09-08T11:06:46","slug":"festival-du-livre-de-mouans-sartoux-7-8-9-octobre-2022","status":"publish","type":"page","link":"https:\/\/www.pedagogie.ac-nice.fr\/daac\/festival-du-livre-de-mouans-sartoux-7-8-9-octobre-2022\/","title":{"rendered":"Festival du livre de Mouans-Sartoux 7, 8 &#038; 9 octobre 2022"},"content":{"rendered":"<p>[et_pb_section fb_built=\u00a0\u00bb1&Prime; _builder_version=\u00a0\u00bb4.10.7&Prime; _module_preset=\u00a0\u00bbdefault\u00a0\u00bb hover_enabled=\u00a0\u00bb0&Prime; global_colors_info=\u00a0\u00bb{}\u00a0\u00bb sticky_enabled=\u00a0\u00bb0&Prime;][et_pb_row _builder_version=\u00a0\u00bb4.10.7&Prime; _module_preset=\u00a0\u00bbdefault\u00a0\u00bb global_colors_info=\u00a0\u00bb{}\u00a0\u00bb][et_pb_column type=\u00a0\u00bb4_4&Prime; _builder_version=\u00a0\u00bb4.10.7&Prime; _module_preset=\u00a0\u00bbdefault\u00a0\u00bb global_colors_info=\u00a0\u00bb{}\u00a0\u00bb][et_pb_text _builder_version=\u00a0\u00bb4.10.7&Prime; _module_preset=\u00a0\u00bbdefault\u00a0\u00bb text_font=\u00a0\u00bbTrebuchet||||||||\u00a0\u00bb text_text_color=\u00a0\u00bb#000000&Prime; text_font_size=\u00a0\u00bb19px\u00a0\u00bb text_line_height=\u00a0\u00bb1.4em\u00a0\u00bb text_orientation=\u00a0\u00bbjustified\u00a0\u00bb custom_padding=\u00a0\u00bb||45px|||\u00a0\u00bb global_colors_info=\u00a0\u00bb{}\u00a0\u00bb]<\/p>\n<p style=\"text-align: center;\"><a href=\"https:\/\/www.pedagogie.ac-nice.fr\/daac\/wp-content\/uploads\/sites\/37\/2022\/09\/presentation-fdl-2022.pdf\" target=\"_blank\" rel=\"noopener\"><img loading=\"lazy\" decoding=\"async\" src=\"https:\/\/www.pedagogie.ac-nice.fr\/daac\/wp-content\/uploads\/sites\/37\/2022\/09\/affiche-generale-festival-du-livre.jpg\" width=\"410\" height=\"602\" alt=\"\" class=\"wp-image-13573 alignnone size-full\" srcset=\"https:\/\/www.pedagogie.ac-nice.fr\/daac\/wp-content\/uploads\/sites\/37\/2022\/09\/affiche-generale-festival-du-livre.jpg 1417w, https:\/\/www.pedagogie.ac-nice.fr\/daac\/wp-content\/uploads\/sites\/37\/2022\/09\/affiche-generale-festival-du-livre-204x300.jpg 204w, https:\/\/www.pedagogie.ac-nice.fr\/daac\/wp-content\/uploads\/sites\/37\/2022\/09\/affiche-generale-festival-du-livre-698x1024.jpg 698w, https:\/\/www.pedagogie.ac-nice.fr\/daac\/wp-content\/uploads\/sites\/37\/2022\/09\/affiche-generale-festival-du-livre-768x1127.jpg 768w, https:\/\/www.pedagogie.ac-nice.fr\/daac\/wp-content\/uploads\/sites\/37\/2022\/09\/affiche-generale-festival-du-livre-1047x1536.jpg 1047w, https:\/\/www.pedagogie.ac-nice.fr\/daac\/wp-content\/uploads\/sites\/37\/2022\/09\/affiche-generale-festival-du-livre-1396x2048.jpg 1396w, https:\/\/www.pedagogie.ac-nice.fr\/daac\/wp-content\/uploads\/sites\/37\/2022\/09\/affiche-generale-festival-du-livre-1080x1585.jpg 1080w\" sizes=\"(max-width: 410px) 100vw, 410px\" \/><\/a><\/p>\n<p><span style=\"text-decoration: underline;\"><strong><span style=\"color: #993366; text-decoration: underline;\">Etre humain ?<\/span><\/strong><\/span><\/p>\n<p>La 35\u00e8me \u00e9dition du Festival du Livre de Mouans-Sartoux se d\u00e9roulera les 7, 8 et 9 octobre 2022.<\/p>\n<p>Le Festival du livre de Mouans-Sartoux et la DAAC de Nice vous invitent \u00e0 participer aux diff\u00e9rentes animations pr\u00e9vues le vendredi 7 octobre de 10h \u00e0 18h.<\/p>\n<p>Vous pourrez inscrire vos classes en nous appelant au 04 92 92 43 70 du mercredi 14 au mercredi 21 septembre 2022, dans la limite des places disponibles.<\/p>\n<p>Retrouvez l&rsquo;int\u00e9gralit\u00e9 de la programmation de cette 35\u00e8me \u00e9dition sur le site : <a href=\"http:\/\/www.lefestivaldulivre.fr\/\" target=\"_blank\" rel=\"noopener\">www.lefestivaldulivre.fr<\/a><\/p>\n<p><span style=\"color: #993366;\"><a href=\"https:\/\/www.pedagogie.ac-nice.fr\/daac\/wp-content\/uploads\/sites\/37\/2022\/09\/Rencontre-Professionnelles-Festival-du-Livre-2022.pdf\" target=\"_blank\" rel=\"noopener\" style=\"color: #993366;\">Cliquez pour d\u00e9couvrir le programme des rencontres professionnelles<\/a><\/span><\/p>\n<p><span style=\"color: #800000;\"><a href=\"https:\/\/www.pedagogie.ac-nice.fr\/daac\/wp-content\/uploads\/sites\/37\/2022\/09\/FDL-22-Dossier-presentation-Colleges-Lycees_compressed.pdf\" target=\"_blank\" rel=\"noopener\" style=\"color: #800000;\">Cliquez pour d\u00e9couvrir le programme des animations propos\u00e9es aux coll\u00e9giens et lyc\u00e9ens sur cette journ\u00e9e<\/a><\/span><\/p>\n<p><img loading=\"lazy\" decoding=\"async\" src=\"https:\/\/www.pedagogie.ac-nice.fr\/daac\/wp-content\/uploads\/sites\/37\/2022\/09\/Affiche-jeunesse-FDL-2022-web.jpg\" width=\"404\" height=\"606\" alt=\"\" class=\"wp-image-13578 alignnone size-full\" style=\"display: block; margin-left: auto; margin-right: auto;\" srcset=\"https:\/\/www.pedagogie.ac-nice.fr\/daac\/wp-content\/uploads\/sites\/37\/2022\/09\/Affiche-jeunesse-FDL-2022-web.jpg 533w, https:\/\/www.pedagogie.ac-nice.fr\/daac\/wp-content\/uploads\/sites\/37\/2022\/09\/Affiche-jeunesse-FDL-2022-web-200x300.jpg 200w\" sizes=\"(max-width: 404px) 100vw, 404px\" \/><\/p>\n<p>[\/et_pb_text][\/et_pb_column][\/et_pb_row][\/et_pb_section]<\/p>\n","protected":false},"excerpt":{"rendered":"<p>Etre humain ? La 35\u00e8me \u00e9dition du Festival du Livre de Mouans-Sartoux se d\u00e9roulera les 7, 8 et 9 octobre 2022. Le Festival du livre de Mouans-Sartoux et la DAAC de Nice vous invitent \u00e0 participer aux diff\u00e9rentes animations pr\u00e9vues le vendredi 7 octobre de 10h \u00e0 18h. Vous pourrez inscrire vos classes en nous [&hellip;]<\/p>\n","protected":false},"author":241,"featured_media":0,"parent":0,"menu_order":0,"comment_status":"closed","ping_status":"closed","template":"","meta":{"_et_pb_use_builder":"on","_et_pb_old_content":"","_et_gb_content_width":"","ngg_post_thumbnail":0,"footnotes":""},"class_list":["post-13568","page","type-page","status-publish","hentry"],"rttpg_featured_image_url":null,"rttpg_author":{"display_name":"daacadmin","author_link":"https:\/\/www.pedagogie.ac-nice.fr\/daac\/author\/daacadmin\/"},"rttpg_comment":0,"rttpg_category":null,"rttpg_excerpt":"Etre humain ? La 35\u00e8me \u00e9dition du Festival du Livre de Mouans-Sartoux se d\u00e9roulera les 7, 8 et 9 octobre 2022. Le Festival du livre de Mouans-Sartoux et la DAAC de Nice vous invitent \u00e0 participer aux diff\u00e9rentes animations pr\u00e9vues le vendredi 7 octobre de 10h \u00e0 18h. Vous pourrez inscrire vos classes en nous\u2026","post_mailing_queue_ids":[],"_links":{"self":[{"href":"https:\/\/www.pedagogie.ac-nice.fr\/daac\/wp-json\/wp\/v2\/pages\/13568","targetHints":{"allow":["GET"]}}],"collection":[{"href":"https:\/\/www.pedagogie.ac-nice.fr\/daac\/wp-json\/wp\/v2\/pages"}],"about":[{"href":"https:\/\/www.pedagogie.ac-nice.fr\/daac\/wp-json\/wp\/v2\/types\/page"}],"author":[{"embeddable":true,"href":"https:\/\/www.pedagogie.ac-nice.fr\/daac\/wp-json\/wp\/v2\/users\/241"}],"replies":[{"embeddable":true,"href":"https:\/\/www.pedagogie.ac-nice.fr\/daac\/wp-json\/wp\/v2\/comments?post=13568"}],"version-history":[{"count":9,"href":"https:\/\/www.pedagogie.ac-nice.fr\/daac\/wp-json\/wp\/v2\/pages\/13568\/revisions"}],"predecessor-version":[{"id":13586,"href":"https:\/\/www.pedagogie.ac-nice.fr\/daac\/wp-json\/wp\/v2\/pages\/13568\/revisions\/13586"}],"wp:attachment":[{"href":"https:\/\/www.pedagogie.ac-nice.fr\/daac\/wp-json\/wp\/v2\/media?parent=13568"}],"curies":[{"name":"wp","href":"https:\/\/api.w.org\/{rel}","templated":true}]}}