{"id":1382,"date":"2020-11-21T11:27:32","date_gmt":"2020-11-21T10:27:32","guid":{"rendered":"https:\/\/www.pedagogie.ac-nice.fr\/daac\/?page_id=1382"},"modified":"2021-02-12T21:03:11","modified_gmt":"2021-02-12T20:03:11","slug":"ressources-des-structures","status":"publish","type":"page","link":"https:\/\/www.pedagogie.ac-nice.fr\/daac\/ressources-pedagogiques\/ressources-des-structures\/","title":{"rendered":"ressources des structures"},"content":{"rendered":"<p style=\"text-align: justify;\">Les archives d\u00e9partementales et municipales ainsi que les mus\u00e9es partenaires de la DAAC vous proposent de nombreuses ressources sur les espaces d\u00e9di\u00e9s aux enseignants :<\/p>\n<p style=\"text-align: center;\"><span style=\"font-size: 14pt;\"><strong><span style=\"color: #000000;\">Les archives d\u00e9partementales du Var<\/span><\/strong><\/span><\/p>\n<p><img loading=\"lazy\" decoding=\"async\" class=\"size-medium wp-image-1383 alignleft\" src=\"https:\/\/www.pedagogie.ac-nice.fr\/daac\/wp-content\/uploads\/sites\/37\/2020\/11\/ADVAR-300x94.png\" alt=\"logo des archives d\u00e9partementales du Var. En un clic, retrouvez les ressources propos\u00e9es aux enseignants\" width=\"300\" height=\"94\" srcset=\"https:\/\/www.pedagogie.ac-nice.fr\/daac\/wp-content\/uploads\/sites\/37\/2020\/11\/ADVAR-300x94.png 300w, https:\/\/www.pedagogie.ac-nice.fr\/daac\/wp-content\/uploads\/sites\/37\/2020\/11\/ADVAR.png 472w\" sizes=\"(max-width: 300px) 100vw, 300px\" \/><\/p>\n<p>&nbsp;<\/p>\n<p><a href=\"https:\/\/archives.var.fr\/article.php?larub=5&amp;titre=enseigner\" target=\"_blank\" rel=\"noopener noreferrer\"><img loading=\"lazy\" decoding=\"async\" class=\"alignnone wp-image-1271 size-full\" src=\"https:\/\/www.pedagogie.ac-nice.fr\/daac\/wp-content\/uploads\/sites\/37\/2020\/11\/icone_cliquer-1.jpg\" alt=\"\" width=\"50\" height=\"39\"><\/a><\/p>\n<p>Sp\u00e9cial Continuit\u00e9 P\u00e9dagogiques des Archives D\u00e9partementales du Var&nbsp; &nbsp; &nbsp; &nbsp; &nbsp; &nbsp; &nbsp; &nbsp; &nbsp; &nbsp; &nbsp; &nbsp; &nbsp; &nbsp; &nbsp; &nbsp; &nbsp; &nbsp; &nbsp; &nbsp; &nbsp; &nbsp; &nbsp; &nbsp; &nbsp; &nbsp; &nbsp; &nbsp; &nbsp; &nbsp; &nbsp; &nbsp; &nbsp; &nbsp; &nbsp; &nbsp; &nbsp; &nbsp; &nbsp; &nbsp; &nbsp; &nbsp; &nbsp; &nbsp; &nbsp; &nbsp; &nbsp; &nbsp; &nbsp;<a href=\"https:\/\/www.pedagogie.ac-nice.fr\/daac\/wp-content\/uploads\/sites\/37\/2020\/11\/continuite_pedagogique_Archives-Var.pdf\" target=\"_blank\" rel=\"noopener noreferrer\"><img loading=\"lazy\" decoding=\"async\" class=\"alignnone wp-image-1271 size-full\" src=\"https:\/\/www.pedagogie.ac-nice.fr\/daac\/wp-content\/uploads\/sites\/37\/2020\/11\/icone_cliquer-1.jpg\" alt=\"\" width=\"50\" height=\"39\"><\/a><\/p>\n<p>Enfin, les archives d\u00e9partementales proposent de nombreuses formations \u00e0 destination des enseignants &nbsp; &nbsp; &nbsp;&nbsp; &nbsp; &nbsp;&nbsp; <a href=\"https:\/\/archives.var.fr\/article.php?larub=64&amp;titre=formation-des-enseignants\" target=\"_blank\" rel=\"noopener noreferrer\"><img loading=\"lazy\" decoding=\"async\" class=\"alignnone wp-image-1271 size-full\" src=\"https:\/\/www.pedagogie.ac-nice.fr\/daac\/wp-content\/uploads\/sites\/37\/2020\/11\/icone_cliquer-1.jpg\" alt=\"\" width=\"50\" height=\"39\"><\/a> &nbsp;&nbsp;&nbsp;&nbsp;&nbsp;&nbsp;&nbsp;&nbsp;&nbsp;&nbsp;&nbsp;&nbsp;<\/p>\n<p><span style=\"color: #000000; font-size: 14pt;\"><strong>le Mus\u00e9e des Arts et Traditions Populaires de la Drac\u00e9nie<\/strong><\/span><\/p>\n<p><a href=\"https:\/\/www.pedagogie.ac-nice.fr\/daac\/wp-content\/uploads\/sites\/37\/2021\/02\/Musee_Atp.jpg\"><img loading=\"lazy\" decoding=\"async\" class=\"alignnone wp-image-2184\" src=\"https:\/\/www.pedagogie.ac-nice.fr\/daac\/wp-content\/uploads\/sites\/37\/2021\/02\/Musee_Atp.jpg\" alt=\"\" width=\"214\" height=\"142\"><\/a><br \/>\n<a href=\"https:\/\/chercheurs-de-memoire.fr\/musee-des-arts-et-traditions-populaires\/\" target=\"_blank\" rel=\"noopener\"><span style=\"font-size: 8pt;\">cr\u00e9dits image<\/span><\/a><\/p>\n<p>programme Jeune Public du mus\u00e9e des Arts et Traditions Populaire de Drac\u00e9nie (Draguignan), \u00e9dition 2020-2021 <a href=\"https:\/\/www.pedagogie.ac-nice.fr\/daac\/wp-content\/uploads\/sites\/37\/2021\/02\/ATP_PROGKIDS2019-20_16p_A5-demat-planche.pdf\" target=\"_blank\" rel=\"noopener\"><img loading=\"lazy\" decoding=\"async\" class=\"alignnone wp-image-1500\" src=\"https:\/\/www.pedagogie.ac-nice.fr\/daac\/wp-content\/uploads\/sites\/37\/2020\/12\/puce_verte.jpg\" alt=\"puce verte adage\" width=\"54\" height=\"50\"><\/a><\/p>\n<p>&nbsp;<\/p>\n<p>&nbsp;&nbsp;&nbsp;&nbsp;&nbsp;&nbsp;&nbsp;&nbsp;&nbsp;<strong><span style=\"font-size: 14pt;\">&nbsp;&nbsp; Le Mus\u00e9e des Gueules Rouges de Tourves (83)<\/span><\/strong><\/p>\n<p><img loading=\"lazy\" decoding=\"async\" class=\"wp-image-1559 alignleft\" src=\"https:\/\/www.pedagogie.ac-nice.fr\/daac\/wp-content\/uploads\/sites\/37\/2020\/12\/musee_gueules_rouges.png\" alt=\"mus\u00e9e des gueules rouges\" width=\"201\" height=\"194\"><\/p>\n<p>Pr\u00e9sentation &nbsp; &nbsp; &nbsp; &nbsp; &nbsp; &nbsp; <a href=\"https:\/\/www.pedagogie.ac-nice.fr\/daac\/wp-content\/uploads\/sites\/37\/2020\/12\/Gueules-Rouges.pdf\" target=\"_blank\" rel=\"noopener\"><img loading=\"lazy\" decoding=\"async\" class=\"alignnone wp-image-1271 size-full\" src=\"https:\/\/www.pedagogie.ac-nice.fr\/daac\/wp-content\/uploads\/sites\/37\/2020\/11\/icone_cliquer-1.jpg\" alt=\"\" width=\"50\" height=\"39\"><\/a><\/p>\n<p>Offre p\u00e9dagogique <a href=\"https:\/\/www.pedagogie.ac-nice.fr\/daac\/wp-content\/uploads\/sites\/37\/2020\/12\/Offre-pedagogique-2020-2021.pdf\" target=\"_blank\" rel=\"noopener\"><img loading=\"lazy\" decoding=\"async\" class=\"https:\/\/www.pedagogie.ac-nice.fr\/daac\/wp-content\/uploads\/sites\/37\/2020\/12\/Offre-pedagogique-2020-2021.pdf alignnone wp-image-1271 size-full\" src=\"https:\/\/www.pedagogie.ac-nice.fr\/daac\/wp-content\/uploads\/sites\/37\/2020\/11\/icone_cliquer-1.jpg\" alt=\"\" width=\"50\" height=\"39\"><\/a> &nbsp;&nbsp;&nbsp;&nbsp;&nbsp;&nbsp;&nbsp;&nbsp;&nbsp;&nbsp;&nbsp;&nbsp;&nbsp;&nbsp;&nbsp;&nbsp;&nbsp;&nbsp;&nbsp;&nbsp;&nbsp;&nbsp;&nbsp;&nbsp;<\/p>\n<p>&nbsp;<\/p>\n<p>&nbsp;<\/p>\n<p style=\"text-align: center;\"><strong><span style=\"font-size: 14pt;\">Les Mus\u00e9es de la ville de Toulon<\/span><\/strong><\/p>\n<p>Les ressources p\u00e9dagogiques propos\u00e9es par les Mus\u00e9es de la Ville de Toulon<\/p>\n<p><a href=\"https:\/\/www.pedagogie.ac-nice.fr\/daac\/wp-content\/uploads\/sites\/37\/2020\/12\/musee_vlle_toulon.jpg\"><img loading=\"lazy\" decoding=\"async\" class=\"alignnone wp-image-1895\" src=\"https:\/\/www.pedagogie.ac-nice.fr\/daac\/wp-content\/uploads\/sites\/37\/2020\/12\/musee_vlle_toulon-300x200.jpg\" alt=\"\" width=\"270\" height=\"180\" srcset=\"https:\/\/www.pedagogie.ac-nice.fr\/daac\/wp-content\/uploads\/sites\/37\/2020\/12\/musee_vlle_toulon-300x200.jpg 300w, https:\/\/www.pedagogie.ac-nice.fr\/daac\/wp-content\/uploads\/sites\/37\/2020\/12\/musee_vlle_toulon-1024x683.jpg 1024w, https:\/\/www.pedagogie.ac-nice.fr\/daac\/wp-content\/uploads\/sites\/37\/2020\/12\/musee_vlle_toulon-768x512.jpg 768w, https:\/\/www.pedagogie.ac-nice.fr\/daac\/wp-content\/uploads\/sites\/37\/2020\/12\/musee_vlle_toulon.jpg 1200w\" sizes=\"(max-width: 270px) 100vw, 270px\" \/> <\/a><a href=\"https:\/\/www.pedagogie.ac-nice.fr\/daac\/ressources-de-la-ville-de-toulon\/\" target=\"_blank\" rel=\"noopener\"><img loading=\"lazy\" decoding=\"async\" class=\"alignnone size-full wp-image-1289\" src=\"https:\/\/www.pedagogie.ac-nice.fr\/daac\/wp-content\/uploads\/sites\/37\/2020\/11\/cliquez_portail_savoirs.jpg\" alt=\"clic noir\" width=\"38\" height=\"37\"><\/a><\/p>\n<p>&nbsp;<\/p>\n<p><img loading=\"lazy\" decoding=\"async\" class=\"alignnone size-full wp-image-1388\" src=\"https:\/\/www.pedagogie.ac-nice.fr\/daac\/wp-content\/uploads\/sites\/37\/2020\/11\/ADAM06.png\" alt=\"\" width=\"232\" height=\"160\"> &nbsp;&nbsp;&nbsp;&nbsp;&nbsp;&nbsp;&nbsp;&nbsp;&nbsp;&nbsp;&nbsp;&nbsp;&nbsp;&nbsp;&nbsp;&nbsp;&nbsp;&nbsp;&nbsp;&nbsp;&nbsp;&nbsp;&nbsp;&nbsp; <a href=\"https:\/\/www.departement06.fr\/expositions-et-publications\/expositions-virtuelles-2955.html\" target=\"_blank\" rel=\"noopener noreferrer\"><img loading=\"lazy\" decoding=\"async\" class=\"alignnone wp-image-1389 size-full\" src=\"https:\/\/www.pedagogie.ac-nice.fr\/daac\/wp-content\/uploads\/sites\/37\/2020\/11\/clic_06_ADAM.png\" alt=\"\" width=\"77\" height=\"60\"><\/a><\/p>\n<p><img loading=\"lazy\" decoding=\"async\" class=\"wp-image-1385 alignleft\" src=\"https:\/\/www.pedagogie.ac-nice.fr\/daac\/wp-content\/uploads\/sites\/37\/2020\/11\/AM-CAnnes.png\" alt=\"Logo des archives municipales de Cannes. Un clic pour acc\u00e9der \u00e0 la page d\u00e9di\u00e9e aux enseignants\" width=\"187\" height=\"186\" srcset=\"https:\/\/www.pedagogie.ac-nice.fr\/daac\/wp-content\/uploads\/sites\/37\/2020\/11\/AM-CAnnes.png 261w, https:\/\/www.pedagogie.ac-nice.fr\/daac\/wp-content\/uploads\/sites\/37\/2020\/11\/AM-CAnnes-150x150.png 150w\" sizes=\"(max-width: 187px) 100vw, 187px\" \/><\/p>\n<p>&nbsp;<\/p>\n<p>&nbsp;&nbsp;&nbsp;&nbsp;&nbsp;&nbsp;&nbsp;&nbsp;&nbsp;&nbsp;&nbsp;&nbsp;&nbsp;&nbsp;&nbsp;&nbsp;&nbsp;&nbsp;&nbsp;&nbsp;&nbsp;&nbsp;&nbsp;&nbsp;&nbsp;&nbsp;&nbsp;&nbsp; <a href=\"http:\/\/www.cannes.com\/fr\/culture\/archives-municipales.html\" target=\"_blank\" rel=\"noopener noreferrer\"><img loading=\"lazy\" decoding=\"async\" class=\"alignnone wp-image-1387 size-full\" src=\"https:\/\/www.pedagogie.ac-nice.fr\/daac\/wp-content\/uploads\/sites\/37\/2020\/11\/clic_bleu_clair.png\" alt=\"\" width=\"84\" height=\"83\"><\/a><\/p>\n<p>&nbsp;<\/p>\n<p>Mais aussi &#8230;.<\/p>\n<p><img loading=\"lazy\" decoding=\"async\" class=\"size-full wp-image-1288 alignleft\" src=\"https:\/\/www.pedagogie.ac-nice.fr\/daac\/wp-content\/uploads\/sites\/37\/2020\/11\/portail_savoirs_1.png\" alt=\"le portail des savoirs propose une s\u00e9lection de ressources sur le patrimoine des Alpes Maritimes. Ces ressources sont organis\u00e9es par ordre chronoogique et par th\u00e8me de la Pr\u00e9histoire \u00e0 nos jours.\" width=\"263\" height=\"88\"><\/p>\n<p>&nbsp;<\/p>\n<p>&nbsp; &nbsp; &nbsp; &nbsp; &nbsp; &nbsp; &nbsp; &nbsp; &nbsp; &nbsp; <a href=\"http:\/\/www.savoirs-alpesmaritimes.fr\/\" target=\"_blank\" rel=\"noopener noreferrer\"><img loading=\"lazy\" decoding=\"async\" class=\"alignnone wp-image-1289 size-full\" src=\"https:\/\/www.pedagogie.ac-nice.fr\/daac\/wp-content\/uploads\/sites\/37\/2020\/11\/cliquez_portail_savoirs.jpg\" alt=\"\" width=\"38\" height=\"37\"><\/a><\/p>\n<p>et dans les Alpes Maritimes&nbsp;&nbsp;&nbsp;&nbsp;&nbsp;&nbsp;&nbsp;&nbsp;&nbsp;&nbsp;&nbsp;&nbsp;&nbsp;&nbsp;&nbsp;&nbsp;&nbsp;&nbsp;&nbsp;&nbsp;&nbsp;&nbsp;&nbsp;&nbsp;&nbsp;&nbsp;&nbsp;&nbsp;&nbsp;&nbsp;&nbsp;&nbsp;&nbsp;<\/p>\n<p><img loading=\"lazy\" decoding=\"async\" class=\"wp-image-1235 alignleft\" src=\"https:\/\/www.pedagogie.ac-nice.fr\/daac\/wp-content\/uploads\/sites\/37\/2020\/11\/logo_RDC_2-300x134.png\" alt=\"\" width=\"260\" height=\"116\"><\/p>\n<p>&nbsp;&nbsp;&nbsp;&nbsp;&nbsp;&nbsp;&nbsp;&nbsp;<\/p>\n<p>&nbsp; &nbsp; &nbsp; &nbsp;&nbsp; &nbsp;&nbsp;&nbsp;&nbsp;&nbsp;&nbsp;&nbsp;&nbsp; <a href=\"https:\/\/regardsdecollegiens.departement06.fr\/regards-de-collegiens-29725.html\" target=\"_blank\" rel=\"noopener noreferrer\"><img loading=\"lazy\" decoding=\"async\" class=\"alignnone wp-image-1284\" src=\"https:\/\/www.pedagogie.ac-nice.fr\/daac\/wp-content\/uploads\/sites\/37\/2020\/11\/cliquer_regards_collegiens.jpg\" alt=\"\" width=\"51\" height=\"45\"><\/a><\/p>\n<p>&nbsp;<\/p>\n<p><strong><span style=\"color: #800000;\">Exposition et ressources du Mus\u00e9e des Arts Asiatiques<\/span> <\/strong><\/p>\n<p style=\"text-align: center;\"><a href=\"https:\/\/www.pedagogie.ac-nice.fr\/daac\/wp-content\/uploads\/sites\/37\/2020\/12\/Musee_arts_asiastiques.jpg\"><img loading=\"lazy\" decoding=\"async\" class=\"size-full wp-image-1860 alignleft\" src=\"https:\/\/www.pedagogie.ac-nice.fr\/daac\/wp-content\/uploads\/sites\/37\/2020\/12\/Musee_arts_asiastiques.jpg\" alt=\"\" width=\"210\" height=\"119\"><\/a><\/p>\n<p>&nbsp;&nbsp;&nbsp;&nbsp;&nbsp;&nbsp;&nbsp;&nbsp;&nbsp;&nbsp;&nbsp;&nbsp;&nbsp;&nbsp;&nbsp;&nbsp;&nbsp;&nbsp;&nbsp;&nbsp;&nbsp;&nbsp;&nbsp;&nbsp;&nbsp;&nbsp;&nbsp;&nbsp;&nbsp;&nbsp;&nbsp;&nbsp; <a href=\"https:\/\/www.pedagogie.ac-nice.fr\/daac\/ressources-pedagogiques\/ressources-des-structures\/musee-des-arts-asiatiques-de-nice\/\" target=\"_blank\" rel=\"noopener\"><img loading=\"lazy\" decoding=\"async\" class=\"alignnone wp-image-1271 size-full\" src=\"https:\/\/www.pedagogie.ac-nice.fr\/daac\/wp-content\/uploads\/sites\/37\/2020\/11\/icone_cliquer-1.jpg\" alt=\"\" width=\"50\" height=\"39\"><\/a><\/p>\n<p>&nbsp;<\/p>\n<p>&nbsp;<\/p>\n<p><strong><span style=\"color: #ffcc00;\">Mus\u00e9e de la Parfumerie \u00e0&nbsp; Grasse<\/span><\/strong><\/p>\n<p><img loading=\"lazy\" decoding=\"async\" class=\"alignnone wp-image-2379\" src=\"https:\/\/www.pedagogie.ac-nice.fr\/daac\/wp-content\/uploads\/sites\/37\/2021\/02\/musee_parfumerie.jpg\" alt=\"\" width=\"218\" height=\"145\" srcset=\"https:\/\/www.pedagogie.ac-nice.fr\/daac\/wp-content\/uploads\/sites\/37\/2021\/02\/musee_parfumerie.jpg 640w, https:\/\/www.pedagogie.ac-nice.fr\/daac\/wp-content\/uploads\/sites\/37\/2021\/02\/musee_parfumerie-300x199.jpg 300w\" sizes=\"(max-width: 218px) 100vw, 218px\" \/> &nbsp;&nbsp; Animations&nbsp;&nbsp; <a href=\"https:\/\/www.museesdegrasse.com\/activites-animations\" target=\"_blank\" rel=\"noopener\"><img loading=\"lazy\" decoding=\"async\" class=\"alignnone wp-image-1633 size-full\" src=\"https:\/\/www.pedagogie.ac-nice.fr\/daac\/wp-content\/uploads\/sites\/37\/2020\/12\/logo_puce_jaune.png\" alt=\"\" width=\"72\" height=\"70\"><\/a><br \/>\nToutes les informations sur le site officiel&nbsp;&nbsp;&nbsp;&nbsp;&nbsp;&nbsp;&nbsp;&nbsp;&nbsp;&nbsp;&nbsp; <a href=\"https:\/\/www.museesdegrasse.com\/\" target=\"_blank\" rel=\"noopener\"><img loading=\"lazy\" decoding=\"async\" class=\"alignnone wp-image-1633\" src=\"https:\/\/www.pedagogie.ac-nice.fr\/daac\/wp-content\/uploads\/sites\/37\/2020\/12\/logo_puce_jaune.png\" alt=\"\" width=\"72\" height=\"69\"><\/a><\/p>\n<p>&nbsp;<\/p>\n<p>&nbsp;<\/p>\n","protected":false},"excerpt":{"rendered":"<p>Les archives d\u00e9partementales et municipales ainsi que les mus\u00e9es partenaires de la DAAC vous proposent de nombreuses ressources sur les espaces d\u00e9di\u00e9s aux enseignants : Les archives d\u00e9partementales du Var &nbsp; Sp\u00e9cial Continuit\u00e9 P\u00e9dagogiques des Archives D\u00e9partementales du Var&nbsp; &nbsp; &nbsp; &nbsp; &nbsp; &nbsp; &nbsp; &nbsp; &nbsp; &nbsp; &nbsp; &nbsp; &nbsp; &nbsp; &nbsp; &nbsp; &nbsp; [&hellip;]<\/p>\n","protected":false},"author":241,"featured_media":0,"parent":1226,"menu_order":0,"comment_status":"closed","ping_status":"closed","template":"","meta":{"_et_pb_use_builder":"","_et_pb_old_content":"","_et_gb_content_width":"","ngg_post_thumbnail":0,"footnotes":""},"class_list":["post-1382","page","type-page","status-publish","hentry"],"rttpg_featured_image_url":null,"rttpg_author":{"display_name":"daacadmin","author_link":"https:\/\/www.pedagogie.ac-nice.fr\/daac\/author\/daacadmin\/"},"rttpg_comment":0,"rttpg_category":null,"rttpg_excerpt":"Les archives d\u00e9partementales et municipales ainsi que les mus\u00e9es partenaires de la DAAC vous proposent de nombreuses ressources sur les espaces d\u00e9di\u00e9s aux enseignants : Les archives d\u00e9partementales du Var &nbsp; Sp\u00e9cial Continuit\u00e9 P\u00e9dagogiques des Archives D\u00e9partementales du Var&nbsp; &nbsp; &nbsp; &nbsp; &nbsp; &nbsp; &nbsp; &nbsp; &nbsp; &nbsp; &nbsp; &nbsp; &nbsp; &nbsp; &nbsp; &nbsp; &nbsp;\u2026","post_mailing_queue_ids":[],"_links":{"self":[{"href":"https:\/\/www.pedagogie.ac-nice.fr\/daac\/wp-json\/wp\/v2\/pages\/1382","targetHints":{"allow":["GET"]}}],"collection":[{"href":"https:\/\/www.pedagogie.ac-nice.fr\/daac\/wp-json\/wp\/v2\/pages"}],"about":[{"href":"https:\/\/www.pedagogie.ac-nice.fr\/daac\/wp-json\/wp\/v2\/types\/page"}],"author":[{"embeddable":true,"href":"https:\/\/www.pedagogie.ac-nice.fr\/daac\/wp-json\/wp\/v2\/users\/241"}],"replies":[{"embeddable":true,"href":"https:\/\/www.pedagogie.ac-nice.fr\/daac\/wp-json\/wp\/v2\/comments?post=1382"}],"version-history":[{"count":20,"href":"https:\/\/www.pedagogie.ac-nice.fr\/daac\/wp-json\/wp\/v2\/pages\/1382\/revisions"}],"predecessor-version":[{"id":2381,"href":"https:\/\/www.pedagogie.ac-nice.fr\/daac\/wp-json\/wp\/v2\/pages\/1382\/revisions\/2381"}],"up":[{"embeddable":true,"href":"https:\/\/www.pedagogie.ac-nice.fr\/daac\/wp-json\/wp\/v2\/pages\/1226"}],"wp:attachment":[{"href":"https:\/\/www.pedagogie.ac-nice.fr\/daac\/wp-json\/wp\/v2\/media?parent=1382"}],"curies":[{"name":"wp","href":"https:\/\/api.w.org\/{rel}","templated":true}]}}