{"id":14063,"date":"2022-11-28T13:40:49","date_gmt":"2022-11-28T12:40:49","guid":{"rendered":"https:\/\/www.pedagogie.ac-nice.fr\/daac\/?page_id=14063"},"modified":"2023-09-05T19:29:31","modified_gmt":"2023-09-05T17:29:31","slug":"adage-pass-culture","status":"publish","type":"page","link":"https:\/\/www.pedagogie.ac-nice.fr\/daac\/adage-pass-culture\/","title":{"rendered":"ADAGE \/ PASS CULTURE"},"content":{"rendered":"<p>[et_pb_section fb_built=\u00a0\u00bb1&Prime; _builder_version=\u00a0\u00bb4.10.7&Prime; _module_preset=\u00a0\u00bbdefault\u00a0\u00bb global_colors_info=\u00a0\u00bb{}\u00a0\u00bb][et_pb_row _builder_version=\u00a0\u00bb4.10.7&Prime; _module_preset=\u00a0\u00bbdefault\u00a0\u00bb custom_padding=\u00a0\u00bb46px|||||\u00a0\u00bb global_colors_info=\u00a0\u00bb{}\u00a0\u00bb][et_pb_column type=\u00a0\u00bb4_4&Prime; _builder_version=\u00a0\u00bb4.10.7&Prime; _module_preset=\u00a0\u00bbdefault\u00a0\u00bb global_colors_info=\u00a0\u00bb{}\u00a0\u00bb][et_pb_text _builder_version=\u00a0\u00bb4.10.7&Prime; _module_preset=\u00a0\u00bbdefault\u00a0\u00bb text_font=\u00a0\u00bbTrebuchet||||||||\u00a0\u00bb text_font_size=\u00a0\u00bb25px\u00a0\u00bb hover_enabled=\u00a0\u00bb0&Prime; global_colors_info=\u00a0\u00bb{}\u00a0\u00bb sticky_enabled=\u00a0\u00bb0&Prime;]<\/p>\n<p style=\"text-align: left;\"><strong><span style=\"color: #993366;\">ADAGE est l&rsquo;application d\u00e9di\u00e9e \u00e0 la g\u00e9n\u00e9ralisation de l\u2019\u00e9ducation artistique et culturelle.<\/span><\/strong><\/p>\n<p><span style=\"font-size: 10pt;\"><strong><span style=\"color: #993366;\">Elle permet de r<\/span><\/strong><\/span><strong style=\"font-size: 10pt;\"><span style=\"color: #993366;\">ecenser des projets,<\/span><\/strong><strong style=\"font-size: 10pt;\"><span style=\"color: #993366;\"> demander des financements,<\/span><\/strong><strong style=\"font-size: 10pt;\"><span style=\"color: #993366;\"> trouver des partenaires,<\/span><\/strong><strong style=\"font-size: 10pt;\"><span style=\"color: #993366;\"> monter des projets financ\u00e9s par le pass Culture part collective&#8230; <\/span><\/strong><\/p>\n<p><strong style=\"font-size: 10pt;\"><span style=\"color: #993366;\">JE SUIS PARTENAIRE ? <a href=\"https:\/\/www.pedagogie.ac-nice.fr\/daac\/wp-content\/uploads\/sites\/37\/2023\/04\/Procedure-d-inscription-partenaires-ADAGE.pdf\">Cliquez ici pour comprendre les d\u00e9marches\u00a0\u00a0<\/a><\/span><\/strong><\/p>\n<p>&nbsp;<\/p>\n<p>[\/et_pb_text][\/et_pb_column][\/et_pb_row][et_pb_row column_structure=\u00a0\u00bb1_2,1_2&Prime; _builder_version=\u00a0\u00bb4.10.7&Prime; _module_preset=\u00a0\u00bbdefault\u00a0\u00bb custom_padding=\u00a0\u00bb46px|||||\u00a0\u00bb global_colors_info=\u00a0\u00bb{}\u00a0\u00bb][et_pb_column type=\u00a0\u00bb1_2&Prime; _builder_version=\u00a0\u00bb4.10.7&Prime; _module_preset=\u00a0\u00bbdefault\u00a0\u00bb global_colors_info=\u00a0\u00bb{}\u00a0\u00bb][et_pb_text _builder_version=\u00a0\u00bb4.10.7&Prime; _module_preset=\u00a0\u00bbdefault\u00a0\u00bb text_font=\u00a0\u00bbTrebuchet||||||||\u00a0\u00bb text_text_color=\u00a0\u00bb#000000&Prime; text_font_size=\u00a0\u00bb21px\u00a0\u00bb global_colors_info=\u00a0\u00bb{}\u00a0\u00bb]<\/p>\n<p style=\"text-align: left;\"><strong><span style=\"color: #993366;\">\u00a0 \u00a0 \u00a0Comment utiliser ADAGE<\/span><\/strong><\/p>\n<p><a href=\"https:\/\/www.pedagogie.ac-nice.fr\/daac\/adage\/\" target=\"_blank\" rel=\"noopener\"><img loading=\"lazy\" decoding=\"async\" class=\"wp-image-314 alignnone size-medium\" src=\"https:\/\/www.pedagogie.ac-nice.fr\/daac\/wp-content\/uploads\/sites\/37\/2020\/08\/visuel-300x223.png\" alt=\"Adage est la plateforme qui permet de partage et de suivre l'actualit\u00e9 des projets EAC sur le territoire\" width=\"300\" height=\"223\" srcset=\"https:\/\/www.pedagogie.ac-nice.fr\/daac\/wp-content\/uploads\/sites\/37\/2020\/08\/visuel-300x223.png 300w, https:\/\/www.pedagogie.ac-nice.fr\/daac\/wp-content\/uploads\/sites\/37\/2020\/08\/visuel.png 368w\" sizes=\"(max-width: 300px) 100vw, 300px\" \/><\/a><\/p>\n<p>[\/et_pb_text][\/et_pb_column][et_pb_column type=\u00a0\u00bb1_2&Prime; _builder_version=\u00a0\u00bb4.10.7&Prime; _module_preset=\u00a0\u00bbdefault\u00a0\u00bb global_colors_info=\u00a0\u00bb{}\u00a0\u00bb][et_pb_text _builder_version=\u00a0\u00bb4.10.7&Prime; _module_preset=\u00a0\u00bbdefault\u00a0\u00bb text_font=\u00a0\u00bbTrebuchet||||||||\u00a0\u00bb text_font_size=\u00a0\u00bb21px\u00a0\u00bb text_orientation=\u00a0\u00bbjustified\u00a0\u00bb global_colors_info=\u00a0\u00bb{}\u00a0\u00bb]<\/p>\n<p style=\"text-align: center;\"><strong><span style=\"color: #993366;\">Le Pass Culture part individuel et collective<\/span><\/strong><\/p>\n<p><a href=\"https:\/\/www.pedagogie.ac-nice.fr\/daac\/pass-culture\/\" target=\"_blank\" rel=\"noopener\"><img loading=\"lazy\" decoding=\"async\" class=\"wp-image-9262 alignnone size-full\" src=\"https:\/\/www.pedagogie.ac-nice.fr\/daac\/wp-content\/uploads\/sites\/37\/2021\/11\/pass_culture_logo_petit.jpg\" alt=\"\" width=\"384\" height=\"140\" \/><\/a><\/p>\n<p>[\/et_pb_text][\/et_pb_column][\/et_pb_row][\/et_pb_section][et_pb_section fb_built=\u00a0\u00bb1&Prime; _builder_version=\u00a0\u00bb4.10.7&Prime; _module_preset=\u00a0\u00bbdefault\u00a0\u00bb global_colors_info=\u00a0\u00bb{}\u00a0\u00bb][\/et_pb_section]<\/p>\n","protected":false},"excerpt":{"rendered":"<p>ADAGE est l&rsquo;application d\u00e9di\u00e9e \u00e0 la g\u00e9n\u00e9ralisation de l\u2019\u00e9ducation artistique et culturelle. Elle permet de recenser des projets, demander des financements, trouver des partenaires, monter des projets financ\u00e9s par le pass Culture part collective&#8230; JE SUIS PARTENAIRE ? Cliquez ici pour comprendre les d\u00e9marches\u00a0\u00a0 &nbsp;\u00a0 \u00a0 \u00a0Comment utiliser ADAGE Le Pass Culture part individuel et [&hellip;]<\/p>\n","protected":false},"author":241,"featured_media":0,"parent":0,"menu_order":0,"comment_status":"closed","ping_status":"closed","template":"","meta":{"_et_pb_use_builder":"on","_et_pb_old_content":"","_et_gb_content_width":"","ngg_post_thumbnail":0,"footnotes":""},"class_list":["post-14063","page","type-page","status-publish","hentry"],"rttpg_featured_image_url":null,"rttpg_author":{"display_name":"daacadmin","author_link":"https:\/\/www.pedagogie.ac-nice.fr\/daac\/author\/daacadmin\/"},"rttpg_comment":0,"rttpg_category":null,"rttpg_excerpt":"ADAGE est l'application d\u00e9di\u00e9e \u00e0 la g\u00e9n\u00e9ralisation de l\u2019\u00e9ducation artistique et culturelle. Elle permet de recenser des projets, demander des financements, trouver des partenaires, monter des projets financ\u00e9s par le pass Culture part collective... JE SUIS PARTENAIRE ? Cliquez ici pour comprendre les d\u00e9marches\u00a0\u00a0 &nbsp;\u00a0 \u00a0 \u00a0Comment utiliser ADAGE Le Pass Culture part individuel et\u2026","post_mailing_queue_ids":[],"_links":{"self":[{"href":"https:\/\/www.pedagogie.ac-nice.fr\/daac\/wp-json\/wp\/v2\/pages\/14063","targetHints":{"allow":["GET"]}}],"collection":[{"href":"https:\/\/www.pedagogie.ac-nice.fr\/daac\/wp-json\/wp\/v2\/pages"}],"about":[{"href":"https:\/\/www.pedagogie.ac-nice.fr\/daac\/wp-json\/wp\/v2\/types\/page"}],"author":[{"embeddable":true,"href":"https:\/\/www.pedagogie.ac-nice.fr\/daac\/wp-json\/wp\/v2\/users\/241"}],"replies":[{"embeddable":true,"href":"https:\/\/www.pedagogie.ac-nice.fr\/daac\/wp-json\/wp\/v2\/comments?post=14063"}],"version-history":[{"count":23,"href":"https:\/\/www.pedagogie.ac-nice.fr\/daac\/wp-json\/wp\/v2\/pages\/14063\/revisions"}],"predecessor-version":[{"id":15169,"href":"https:\/\/www.pedagogie.ac-nice.fr\/daac\/wp-json\/wp\/v2\/pages\/14063\/revisions\/15169"}],"wp:attachment":[{"href":"https:\/\/www.pedagogie.ac-nice.fr\/daac\/wp-json\/wp\/v2\/media?parent=14063"}],"curies":[{"name":"wp","href":"https:\/\/api.w.org\/{rel}","templated":true}]}}