{"id":14472,"date":"2023-02-15T11:47:12","date_gmt":"2023-02-15T10:47:12","guid":{"rendered":"https:\/\/www.pedagogie.ac-nice.fr\/daac\/?page_id=14472"},"modified":"2023-02-15T11:48:11","modified_gmt":"2023-02-15T10:48:11","slug":"archives-photographie","status":"publish","type":"page","link":"https:\/\/www.pedagogie.ac-nice.fr\/daac\/archives-photographie\/","title":{"rendered":"Archives photographie"},"content":{"rendered":"<p>[et_pb_section fb_built=\u00a0\u00bb1&Prime; _builder_version=\u00a0\u00bb4.10.7&Prime; _module_preset=\u00a0\u00bbdefault\u00a0\u00bb global_colors_info=\u00a0\u00bb{}\u00a0\u00bb][et_pb_row _builder_version=\u00a0\u00bb4.10.7&Prime; _module_preset=\u00a0\u00bbdefault\u00a0\u00bb global_colors_info=\u00a0\u00bb{}\u00a0\u00bb][et_pb_column type=\u00a0\u00bb4_4&Prime; _builder_version=\u00a0\u00bb4.10.7&Prime; _module_preset=\u00a0\u00bbdefault\u00a0\u00bb global_colors_info=\u00a0\u00bb{}\u00a0\u00bb][et_pb_text _builder_version=\u00a0\u00bb4.10.7&Prime; _module_preset=\u00a0\u00bbdefault\u00a0\u00bb global_colors_info=\u00a0\u00bb{}\u00a0\u00bb][\/et_pb_text][et_pb_text _builder_version=\u00a0\u00bb4.10.7&Prime; _module_preset=\u00a0\u00bbdefault\u00a0\u00bb global_colors_info=\u00a0\u00bb{}\u00a0\u00bb]<\/p>\n<p style=\"text-align: center;\"><img loading=\"lazy\" decoding=\"async\" src=\"https:\/\/www.pedagogie.ac-nice.fr\/daac\/wp-content\/uploads\/sites\/37\/2021\/09\/photographie-300x186.png\" width=\"300\" height=\"186\" alt=\"\" class=\"wp-image-5926 alignnone size-medium\" srcset=\"https:\/\/www.pedagogie.ac-nice.fr\/daac\/wp-content\/uploads\/sites\/37\/2021\/09\/photographie-300x186.png 300w, https:\/\/www.pedagogie.ac-nice.fr\/daac\/wp-content\/uploads\/sites\/37\/2021\/09\/photographie.png 350w\" sizes=\"(max-width: 300px) 100vw, 300px\" \/><\/p>\n<p>[\/et_pb_text][et_pb_text _builder_version=\u00a0\u00bb4.10.7&Prime; _module_preset=\u00a0\u00bbdefault\u00a0\u00bb text_font=\u00a0\u00bbTrebuchet||||||||\u00a0\u00bb text_text_color=\u00a0\u00bb#000000&Prime; text_font_size=\u00a0\u00bb42px\u00a0\u00bb global_colors_info=\u00a0\u00bb{}\u00a0\u00bb]<\/p>\n<p>2022<\/p>\n<p>[\/et_pb_text][et_pb_text _builder_version=\u00a0\u00bb4.10.7&Prime; _module_preset=\u00a0\u00bbdefault\u00a0\u00bb text_font=\u00a0\u00bbTrebuchet||||||||\u00a0\u00bb text_text_color=\u00a0\u00bb#000000&Prime; text_font_size=\u00a0\u00bb16px\u00a0\u00bb text_orientation=\u00a0\u00bbjustified\u00a0\u00bb global_colors_info=\u00a0\u00bb{}\u00a0\u00bb]<\/p>\n<p>&nbsp;<\/p>\n<p><a href=\"https:\/\/www.pedagogie.ac-nice.fr\/daac\/mercredi-enseignants\/\" target=\"_blank\" rel=\"noopener\"><span><b>\u2013 Le Centre de la photographie de Mougins, en partenariat avec la D\u00e9l\u00e9gation acad\u00e9mique \u00e0 l\u2019\u00e9ducation artistique et culturelle (DAAC) vous invite \u00e0 venir d\u00e9couvrir l\u2019 exposition temporaire\u00a0<span style=\"color: #993366;\"><strong>Photographier les vodous : Catherine De Clippel<\/strong><\/span>, le mercredi 9 novembre \u00e0 15h.<\/b><\/span><\/a><\/p>\n<p><a href=\"https:\/\/www.pedagogie.ac-nice.fr\/daac\/wp-content\/uploads\/sites\/37\/2022\/10\/DAAC-VM-Centrephotographiemougins.9-11-22-2.pdf\" target=\"_blank\" rel=\"noopener\"><span><b>Pour en savoir plus<\/b><\/span><\/a><\/p>\n<p>[\/et_pb_text][et_pb_text _builder_version=\u00a0\u00bb4.10.7&Prime; _module_preset=\u00a0\u00bbdefault\u00a0\u00bb text_font=\u00a0\u00bbTrebuchet||||||||\u00a0\u00bb text_text_color=\u00a0\u00bb#000000&Prime; text_font_size=\u00a0\u00bb42px\u00a0\u00bb global_colors_info=\u00a0\u00bb{}\u00a0\u00bb]<\/p>\n<p>2021<\/p>\n<p>[\/et_pb_text][et_pb_text _builder_version=\u00a0\u00bb4.10.7&Prime; _module_preset=\u00a0\u00bbdefault\u00a0\u00bb text_font=\u00a0\u00bbTrebuchet||||||||\u00a0\u00bb text_text_color=\u00a0\u00bb#000000&Prime; text_font_size=\u00a0\u00bb17px\u00a0\u00bb global_colors_info=\u00a0\u00bb{}\u00a0\u00bb]<\/p>\n<p style=\"text-align: center;\">ESCAPE GAME\u00a0 au\u00a0 Mus\u00e9e Charles N\u00e8gre<\/p>\n<p style=\"text-align: center;\"><img loading=\"lazy\" decoding=\"async\" src=\"https:\/\/www.pedagogie.ac-nice.fr\/daac\/wp-content\/uploads\/sites\/37\/2023\/02\/escape-negre-300x189.png\" width=\"300\" height=\"189\" alt=\"\" class=\"wp-image-14476 alignnone size-medium\" srcset=\"https:\/\/www.pedagogie.ac-nice.fr\/daac\/wp-content\/uploads\/sites\/37\/2023\/02\/escape-negre-300x189.png 300w, https:\/\/www.pedagogie.ac-nice.fr\/daac\/wp-content\/uploads\/sites\/37\/2023\/02\/escape-negre-400x250.png 400w, https:\/\/www.pedagogie.ac-nice.fr\/daac\/wp-content\/uploads\/sites\/37\/2023\/02\/escape-negre.png 511w\" sizes=\"(max-width: 300px) 100vw, 300px\" \/><\/p>\n<p style=\"text-align: center;\"><a href=\"https:\/\/www.pedagogie.ac-nice.fr\/daac\/musee-charles-negre-photographie\/\" target=\"_blank\" rel=\"noopener\">Pour en savoir plus<\/a><\/p>\n<p>[\/et_pb_text][et_pb_divider _builder_version=\u00a0\u00bb4.10.7&Prime; _module_preset=\u00a0\u00bbdefault\u00a0\u00bb global_colors_info=\u00a0\u00bb{}\u00a0\u00bb][\/et_pb_divider][et_pb_text _builder_version=\u00a0\u00bb4.10.7&Prime; _module_preset=\u00a0\u00bbdefault\u00a0\u00bb text_font=\u00a0\u00bbTrebuchet||||||||\u00a0\u00bb text_text_color=\u00a0\u00bb#000000&Prime; text_font_size=\u00a0\u00bb25px\u00a0\u00bb global_colors_info=\u00a0\u00bb{}\u00a0\u00bb]<\/p>\n<p style=\"text-align: center;\">Lecture et analyse de l&rsquo;image photographique<\/p>\n<p style=\"text-align: center;\"><span style=\"font-size: medium;\"><a href=\"https:\/\/www.pedagogie.ac-nice.fr\/daac\/musee-de-la-photographie-charles-negre\/\" target=\"_blank\" rel=\"noopener\"><span style=\"font-size: large;\">Pour en savoir plus<\/span><\/a><\/span><\/p>\n<p>[\/et_pb_text][\/et_pb_column][\/et_pb_row][\/et_pb_section]<\/p>\n","protected":false},"excerpt":{"rendered":"<p>2022&nbsp; \u2013 Le Centre de la photographie de Mougins, en partenariat avec la D\u00e9l\u00e9gation acad\u00e9mique \u00e0 l\u2019\u00e9ducation artistique et culturelle (DAAC) vous invite \u00e0 venir d\u00e9couvrir l\u2019 exposition temporaire\u00a0Photographier les vodous : Catherine De Clippel, le mercredi 9 novembre \u00e0 15h. Pour en savoir plus2021ESCAPE GAME\u00a0 au\u00a0 Mus\u00e9e Charles N\u00e8gre Pour en savoir plusLecture et [&hellip;]<\/p>\n","protected":false},"author":241,"featured_media":0,"parent":0,"menu_order":0,"comment_status":"closed","ping_status":"closed","template":"","meta":{"_et_pb_use_builder":"on","_et_pb_old_content":"","_et_gb_content_width":"","ngg_post_thumbnail":0,"footnotes":""},"class_list":["post-14472","page","type-page","status-publish","hentry"],"rttpg_featured_image_url":null,"rttpg_author":{"display_name":"daacadmin","author_link":"https:\/\/www.pedagogie.ac-nice.fr\/daac\/author\/daacadmin\/"},"rttpg_comment":0,"rttpg_category":null,"rttpg_excerpt":"2022&nbsp; \u2013 Le Centre de la photographie de Mougins, en partenariat avec la D\u00e9l\u00e9gation acad\u00e9mique \u00e0 l\u2019\u00e9ducation artistique et culturelle (DAAC) vous invite \u00e0 venir d\u00e9couvrir l\u2019 exposition temporaire\u00a0Photographier les vodous : Catherine De Clippel, le mercredi 9 novembre \u00e0 15h. Pour en savoir plus2021ESCAPE GAME\u00a0 au\u00a0 Mus\u00e9e Charles N\u00e8gre Pour en savoir plusLecture et\u2026","post_mailing_queue_ids":[],"_links":{"self":[{"href":"https:\/\/www.pedagogie.ac-nice.fr\/daac\/wp-json\/wp\/v2\/pages\/14472","targetHints":{"allow":["GET"]}}],"collection":[{"href":"https:\/\/www.pedagogie.ac-nice.fr\/daac\/wp-json\/wp\/v2\/pages"}],"about":[{"href":"https:\/\/www.pedagogie.ac-nice.fr\/daac\/wp-json\/wp\/v2\/types\/page"}],"author":[{"embeddable":true,"href":"https:\/\/www.pedagogie.ac-nice.fr\/daac\/wp-json\/wp\/v2\/users\/241"}],"replies":[{"embeddable":true,"href":"https:\/\/www.pedagogie.ac-nice.fr\/daac\/wp-json\/wp\/v2\/comments?post=14472"}],"version-history":[{"count":7,"href":"https:\/\/www.pedagogie.ac-nice.fr\/daac\/wp-json\/wp\/v2\/pages\/14472\/revisions"}],"predecessor-version":[{"id":14485,"href":"https:\/\/www.pedagogie.ac-nice.fr\/daac\/wp-json\/wp\/v2\/pages\/14472\/revisions\/14485"}],"wp:attachment":[{"href":"https:\/\/www.pedagogie.ac-nice.fr\/daac\/wp-json\/wp\/v2\/media?parent=14472"}],"curies":[{"name":"wp","href":"https:\/\/api.w.org\/{rel}","templated":true}]}}