{"id":14551,"date":"2023-02-15T16:01:59","date_gmt":"2023-02-15T15:01:59","guid":{"rendered":"https:\/\/www.pedagogie.ac-nice.fr\/daac\/?page_id=14551"},"modified":"2023-02-15T16:32:26","modified_gmt":"2023-02-15T15:32:26","slug":"partenaires-musees","status":"publish","type":"page","link":"https:\/\/www.pedagogie.ac-nice.fr\/daac\/partenaires-musees\/","title":{"rendered":"Partenaires Mus\u00e9es"},"content":{"rendered":"<p>[et_pb_section fb_built=\u00a0\u00bb1&Prime; _builder_version=\u00a0\u00bb4.10.7&Prime; _module_preset=\u00a0\u00bbdefault\u00a0\u00bb global_colors_info=\u00a0\u00bb{}\u00a0\u00bb][et_pb_row _builder_version=\u00a0\u00bb4.10.7&Prime; _module_preset=\u00a0\u00bbdefault\u00a0\u00bb global_colors_info=\u00a0\u00bb{}\u00a0\u00bb][et_pb_column type=\u00a0\u00bb4_4&Prime; _builder_version=\u00a0\u00bb4.10.7&Prime; _module_preset=\u00a0\u00bbdefault\u00a0\u00bb global_colors_info=\u00a0\u00bb{}\u00a0\u00bb][et_pb_text _builder_version=\u00a0\u00bb4.10.7&Prime; _module_preset=\u00a0\u00bbdefault\u00a0\u00bb hover_enabled=\u00a0\u00bb0&Prime; global_colors_info=\u00a0\u00bb{}\u00a0\u00bb sticky_enabled=\u00a0\u00bb0&Prime;][\/et_pb_text][et_pb_accordion _builder_version=\u00a0\u00bb4.10.7&Prime; _module_preset=\u00a0\u00bbdefault\u00a0\u00bb hover_enabled=\u00a0\u00bb0&Prime; global_colors_info=\u00a0\u00bb{}\u00a0\u00bb sticky_enabled=\u00a0\u00bb0&Prime;][et_pb_accordion_item title=\u00a0\u00bbMAMAC\u00a0\u00bb open=\u00a0\u00bboff\u00a0\u00bb _builder_version=\u00a0\u00bb4.10.7&Prime; _module_preset=\u00a0\u00bbdefault\u00a0\u00bb body_font=\u00a0\u00bbTrebuchet||||||||\u00a0\u00bb body_text_align=\u00a0\u00bbjustify\u00a0\u00bb body_text_color=\u00a0\u00bb#000000&Prime; body_font_size=\u00a0\u00bb16px\u00a0\u00bb global_colors_info=\u00a0\u00bb{}\u00a0\u00bb toggle_font=\u00a0\u00bbTrebuchet|700||on|||||\u00a0\u00bb toggle_text_align=\u00a0\u00bbcenter\u00a0\u00bb toggle_font_size=\u00a0\u00bb19px\u00a0\u00bb]<\/p>\n<p><img loading=\"lazy\" decoding=\"async\" src=\"https:\/\/www.pedagogie.ac-nice.fr\/daac\/wp-content\/uploads\/sites\/37\/2023\/02\/mamac-compressee-2-300x200.jpg\" width=\"300\" height=\"200\" alt=\"\" class=\"wp-image-14556 size-medium\" style=\"display: block; margin-left: auto; margin-right: auto;\" srcset=\"https:\/\/www.pedagogie.ac-nice.fr\/daac\/wp-content\/uploads\/sites\/37\/2023\/02\/mamac-compressee-2-300x200.jpg 300w, https:\/\/www.pedagogie.ac-nice.fr\/daac\/wp-content\/uploads\/sites\/37\/2023\/02\/mamac-compressee-2-1024x683.jpg 1024w, https:\/\/www.pedagogie.ac-nice.fr\/daac\/wp-content\/uploads\/sites\/37\/2023\/02\/mamac-compressee-2-768x512.jpg 768w, https:\/\/www.pedagogie.ac-nice.fr\/daac\/wp-content\/uploads\/sites\/37\/2023\/02\/mamac-compressee-2-391x260.jpg 391w, https:\/\/www.pedagogie.ac-nice.fr\/daac\/wp-content\/uploads\/sites\/37\/2023\/02\/mamac-compressee-2-1536x1024.jpg 1536w, https:\/\/www.pedagogie.ac-nice.fr\/daac\/wp-content\/uploads\/sites\/37\/2023\/02\/mamac-compressee-2-2048x1366.jpg 2048w, https:\/\/www.pedagogie.ac-nice.fr\/daac\/wp-content\/uploads\/sites\/37\/2023\/02\/mamac-compressee-2-1080x720.jpg 1080w\" sizes=\"(max-width: 300px) 100vw, 300px\" \/><\/p>\n<p>Le Mus\u00e9e d\u2019Art Moderne et d\u2019Art Contemporain de Nice dispose d\u2019une collection d\u2019\u0153uvres de 1950 \u00e0 nos jours comprenant notamment une salle permanente d\u00e9di\u00e9e \u00e0 Yves Klein et l\u2019une des plus importantes collections d\u2019\u0153uvres de Niki de Saint Phalle. Il d\u00e9veloppe ses activit\u00e9s en expositions r\u00e9guli\u00e8res bas\u00e9es sur le fond permanent (+ de 1350 \u0153uvres) et en expositions temporaires d\u2019artistes actuels dans la galerie contemporaine.<\/p>\n<p>De nombreuses ressources, \u00e9v\u00e8nements et animations compl\u00e8tent les expositions : visites guid\u00e9es, visites buissonni\u00e8res, ateliers cr\u00e9atifs en lien avec les expositions, projets EAC scolaires avec restitutions, un centre de documentation, un site pr\u00e9sentant le mus\u00e9e et son activit\u00e9 ainsi qu\u2019une cha\u00eene YouTube et un compte Instagram.<\/p>\n<p><strong>Pour les enseignants et les classes:<\/strong><\/p>\n<ul>\n<li>Visites libres, sur r\u00e9servation<\/li>\n<li>Visites guid\u00e9es sur r\u00e9servation, pour tous les niveaux. Diff\u00e9rentes entr\u00e9es possibles \u00e0 s\u00e9lectionner via les fiches p\u00e9dagogiques t\u00e9l\u00e9chargeables sur le site<\/li>\n<li>Visite guid\u00e9es pour le 1<sup>er<\/sup> degr\u00e9s via la plateforme grandir en culture<\/li>\n<li>Ateliers de cr\u00e9ation dans l\u2019espace d\u00e9di\u00e9 et\/ou dans le mus\u00e9e en fonction de l\u2019exposition en cours<\/li>\n<li>Des projets EAC construits avec les enseignants sur demande ou sur proposition du mus\u00e9e en lien avec des artistes<\/li>\n<li>Participation \u00e0 des dispositifs nationaux \u00ab\u00a0la classe, l\u2019\u0153uvre !\u00a0\u00bb, \u00ab\u00a0Le prix de l\u2019audace artistique\u00a0\u00bb, \u00ab\u00a0La journ\u00e9e mondiale de la danse\u00a0\u00bb<\/li>\n<li>1 boite \u00e0 outils en acc\u00e8s libre via le site (onglets \u00ab\u00a0scolaires\u00a0\u00bb: Quizz, jeux, livrets, li\u00e9s \u00e0 la collection permanente et aux expositions temporaires<\/li>\n<li>Mallettes p\u00e9dagogiques pour accompagner les visites et ateliers des 5-11 ans<\/li>\n<li>Notices d\u2019\u0153uvres pour les enfants en salle et t\u00e9l\u00e9chargeable<\/li>\n<li>Des contenus audios et vid\u00e9os via la chaine YouTube\u00a0: \u00ab\u00a0les heures du contes\u00a0\u00bb, \u00ab\u00a0Raconte-moi une \u0153uvre\u00a0\u00bb, performances, restitution de projet EAC, podcast, projets sonores<\/li>\n<li>Formations pour les enseignants au fil des expositions temporaires (2\/an)<\/li>\n<li>Le site du mus\u00e9e donne acc\u00e8s \u00e0 toutes les informations et documents cit\u00e9s &gt; Visites\/Ateliers\/Scolaires, acc\u00e8s vers la bo\u00eete \u00e0 outils depuis la page.<\/li>\n<\/ul>\n<p><a href=\"https:\/\/www.mamac-nice.org\/fr\/visites-ateliers\/scolaires\/\">https:\/\/www.mamac-nice.org\/fr\/visites-ateliers\/scolaires\/<\/a><\/p>\n<ul>\n<li>Une cha\u00eene YouTube<\/li>\n<li><a href=\"https:\/\/www.youtube.com\/channel\/UCAqLELwli6Lgqiy54KkA4Rw\">https:\/\/www.youtube.com\/channel\/UCAqLELwli6Lgqiy54KkA4Rw<\/a><img loading=\"lazy\" decoding=\"async\" src=\"https:\/\/www.pedagogie.ac-nice.fr\/daac\/wp-content\/uploads\/sites\/37\/2023\/02\/Mamac-terrasse-enfant-300x225.jpg\" width=\"300\" height=\"225\" alt=\"\" class=\"wp-image-14557 alignnone size-medium\" style=\"display: block; margin-left: auto; margin-right: auto;\" srcset=\"https:\/\/www.pedagogie.ac-nice.fr\/daac\/wp-content\/uploads\/sites\/37\/2023\/02\/Mamac-terrasse-enfant-300x225.jpg 300w, https:\/\/www.pedagogie.ac-nice.fr\/daac\/wp-content\/uploads\/sites\/37\/2023\/02\/Mamac-terrasse-enfant-1024x768.jpg 1024w, https:\/\/www.pedagogie.ac-nice.fr\/daac\/wp-content\/uploads\/sites\/37\/2023\/02\/Mamac-terrasse-enfant-768x576.jpg 768w, https:\/\/www.pedagogie.ac-nice.fr\/daac\/wp-content\/uploads\/sites\/37\/2023\/02\/Mamac-terrasse-enfant-1536x1152.jpg 1536w, https:\/\/www.pedagogie.ac-nice.fr\/daac\/wp-content\/uploads\/sites\/37\/2023\/02\/Mamac-terrasse-enfant-2048x1536.jpg 2048w, https:\/\/www.pedagogie.ac-nice.fr\/daac\/wp-content\/uploads\/sites\/37\/2023\/02\/Mamac-terrasse-enfant-1080x810.jpg 1080w\" sizes=\"(max-width: 300px) 100vw, 300px\" \/><\/li>\n<\/ul>\n<p>&nbsp;<\/p>\n<p>[\/et_pb_accordion_item][et_pb_accordion_item title=\u00a0\u00bbMus\u00e9e des Arts Asiatiques\u00a0\u00bb open_toggle_text_color=\u00a0\u00bb#000000&Prime; _builder_version=\u00a0\u00bb4.10.7&Prime; _module_preset=\u00a0\u00bbdefault\u00a0\u00bb body_font=\u00a0\u00bbTrebuchet||||||||\u00a0\u00bb body_text_align=\u00a0\u00bbjustify\u00a0\u00bb body_text_color=\u00a0\u00bb#000000&Prime; body_font_size=\u00a0\u00bb16px\u00a0\u00bb global_colors_info=\u00a0\u00bb{}\u00a0\u00bb toggle_font=\u00a0\u00bbTrebuchet|700||on|||||\u00a0\u00bb toggle_text_align=\u00a0\u00bbcenter\u00a0\u00bb toggle_font_size=\u00a0\u00bb19px\u00a0\u00bb open=\u00a0\u00bboff\u00a0\u00bb]<\/p>\n<p style=\"text-align: center;\"><img loading=\"lazy\" decoding=\"async\" src=\"https:\/\/www.pedagogie.ac-nice.fr\/daac\/wp-content\/uploads\/sites\/37\/2023\/02\/maa-300x202.png\" width=\"300\" height=\"202\" alt=\"\" class=\"wp-image-14560 alignnone size-medium\" srcset=\"https:\/\/www.pedagogie.ac-nice.fr\/daac\/wp-content\/uploads\/sites\/37\/2023\/02\/maa-300x202.png 300w, https:\/\/www.pedagogie.ac-nice.fr\/daac\/wp-content\/uploads\/sites\/37\/2023\/02\/maa-1024x689.png 1024w, https:\/\/www.pedagogie.ac-nice.fr\/daac\/wp-content\/uploads\/sites\/37\/2023\/02\/maa-768x517.png 768w, https:\/\/www.pedagogie.ac-nice.fr\/daac\/wp-content\/uploads\/sites\/37\/2023\/02\/maa-1080x726.png 1080w, https:\/\/www.pedagogie.ac-nice.fr\/daac\/wp-content\/uploads\/sites\/37\/2023\/02\/maa.png 1362w\" sizes=\"(max-width: 300px) 100vw, 300px\" \/><\/p>\n<p><strong>Mus\u00e9e d\u00e9partemental des arts asiatiques<\/strong><\/p>\n<p>Le mus\u00e9e d\u00e9partemental des arts asiatiques est un lieu d\u2019exception tant par son architecture que ses collections. Il offre aux \u00e9l\u00e8ves la possibilit\u00e9 d\u2019enrichir leur parcours EAC par la visite libre des collections permanentes mais aussi par des visites guid\u00e9es \u00e0 th\u00e8mes ou encore des ateliers originaux destin\u00e9s \u00e0 leur faire d\u00e9couvrir d\u2019autres cultures. Le mus\u00e9e d\u00e9partemental des arts asiatiques s\u2019engage dans des projets vari\u00e9s qui visent \u00e0 susciter une app\u00e9tence culturelle mais aussi invitent \u00e0 la pratique artistique et culturelle. Il propose aussi des temps privil\u00e9gi\u00e9s pour les enseignants afin de leur offrir r\u00e9guli\u00e8rement une formation.\u00a0<\/p>\n<p><strong>\u00a0<u>Activit\u00e9s propos\u00e9e<\/u>s :<\/strong><\/p>\n<p>Visites et Ateliers :<\/p>\n<p><a href=\"https:\/\/maa.departement06.fr\/activites\/scolaires-et-centres-de-loisirs-32122.html\">https:\/\/maa.departement06.fr\/activites\/scolaires-et-centres-de-loisirs-32122.html <\/a>Dossiers p\u00e9dagogiques\u00a0:<\/p>\n<p><a href=\"https:\/\/maa.departement06.fr\/infos-pratiques\/ressources-documentaires-14890.html\">https:\/\/maa.departement06.fr\/infos-pratiques\/ressources-documentaires-14890.html<\/a><\/p>\n<p>\u00a0<strong>Formation des enseignants\u00a0:<\/strong>\u00a0<\/p>\n<ul>\n<li>En septembre 2020, le mus\u00e9e d\u00e9partemental des arts asiatiques a particip\u00e9 pour la premi\u00e8re fois aux stages acad\u00e9miques de formation des enseignants en proposant une r\u00e9flexion sur le fantastique dans les cultures asiatiques. Une nouvelle formation d\u2019une journ\u00e9e sera propos\u00e9e de nouveau en 2021-2022.\u00a0<\/li>\n<\/ul>\n<ul>\n<li>R\u00e9guli\u00e8rement, des visites autour des collections permanentes et expositions temporaires sont propos\u00e9es le mercredi apr\u00e8s-midi pour les enseignants. Ces visites r\u00e9serv\u00e9es sont aussi l\u2019occasion de d\u00e9couvrir les offres p\u00e9dagogiques du mus\u00e9e.<\/li>\n<\/ul>\n<p>[\/et_pb_accordion_item][et_pb_accordion_item title=\u00a0\u00bbVilla Noailles\u00a0\u00bb open_toggle_text_color=\u00a0\u00bb#000000&Prime; _builder_version=\u00a0\u00bb4.10.7&Prime; _module_preset=\u00a0\u00bbdefault\u00a0\u00bb body_font=\u00a0\u00bbTrebuchet||||||||\u00a0\u00bb body_text_align=\u00a0\u00bbjustify\u00a0\u00bb body_text_color=\u00a0\u00bb#000000&Prime; body_font_size=\u00a0\u00bb16px\u00a0\u00bb global_colors_info=\u00a0\u00bb{}\u00a0\u00bb toggle_font=\u00a0\u00bbTrebuchet|700||on|||||\u00a0\u00bb toggle_text_align=\u00a0\u00bbcenter\u00a0\u00bb toggle_font_size=\u00a0\u00bb19px\u00a0\u00bb open=\u00a0\u00bboff\u00a0\u00bb]<\/p>\n<p style=\"text-align: center;\"><img loading=\"lazy\" decoding=\"async\" src=\"https:\/\/www.pedagogie.ac-nice.fr\/daac\/wp-content\/uploads\/sites\/37\/2023\/02\/villa-Noailles-300x85.png\" width=\"300\" height=\"85\" alt=\"\" class=\"wp-image-14566 alignnone size-medium\" srcset=\"https:\/\/www.pedagogie.ac-nice.fr\/daac\/wp-content\/uploads\/sites\/37\/2023\/02\/villa-Noailles-300x85.png 300w, https:\/\/www.pedagogie.ac-nice.fr\/daac\/wp-content\/uploads\/sites\/37\/2023\/02\/villa-Noailles-1024x291.png 1024w, https:\/\/www.pedagogie.ac-nice.fr\/daac\/wp-content\/uploads\/sites\/37\/2023\/02\/villa-Noailles-768x218.png 768w, https:\/\/www.pedagogie.ac-nice.fr\/daac\/wp-content\/uploads\/sites\/37\/2023\/02\/villa-Noailles-1536x436.png 1536w, https:\/\/www.pedagogie.ac-nice.fr\/daac\/wp-content\/uploads\/sites\/37\/2023\/02\/villa-Noailles-1080x307.png 1080w, https:\/\/www.pedagogie.ac-nice.fr\/daac\/wp-content\/uploads\/sites\/37\/2023\/02\/villa-Noailles.png 1789w\" sizes=\"(max-width: 300px) 100vw, 300px\" \/><\/p>\n<p>Villa Noailles, CENTRE D\u2019ART<\/p>\n<p>Edifi\u00e9e entre 1924 et 1932, la <strong>villa Noailles <\/strong>est non seulement un t\u00e9moignage de l&rsquo;architecture de <strong>Robert Mallet-Stevens<\/strong>.<\/p>\n<p>Ses commanditaires, <strong>Charles et Marie-Laure de Noailles <\/strong>y accueillirent les avant-gardes du XXe si\u00e8cle.<\/p>\n<p>Devenue centre d\u2019art en 2003, la villa Noailles pr\u00e9sente et soutient la cr\u00e9ation contemporaine dans les domaines de la <strong>mode, de la photographie, du design et de l&rsquo;architecture<\/strong>.<\/p>\n<p>Festivals, expositions<\/p>\n<p>3 Festivals chaque ann\u00e9e + des expositions :<\/p>\n<p>&gt; une <strong>exposi<\/strong><strong>ti<\/strong><strong>on d\u2019architecture <\/strong>(f\u00e9vrier\/mars)<\/p>\n<p>&gt; le festival International de <strong>Mode, de photographie et d\u2019accessoires de mode <\/strong>depuis 1986<\/p>\n<p><strong>&gt; Design Parade <\/strong>depuis 2006 (avec un nouveau volet architecture d&rsquo;int\u00e9rieur depuis 2016)<\/p>\n<p>&gt; L\u2019exposition d\u2019une commande photographique (octobre \u00e0 janvier)<\/p>\n<p>&gt; le festival jeune public <strong>Pitchouns <\/strong>depuis 2010.<\/p>\n<p>Ateliers \u00e0 la Villa<\/p>\n<p>Les <strong>ateliers <\/strong>pour les enfants et les adolescents (de 5 \u00e0 16 ans) permettent des <strong>rencontres <\/strong>avec des artistes, stylistes, designers, artisans afin de cr\u00e9er ensemble.<\/p>\n<p><strong>&gt; INTERACTION<\/strong><\/p>\n<p><strong>&gt; ECHANGE<\/strong><\/p>\n<p><strong>&gt; ENTREAIDE<\/strong><\/p>\n<p><strong>&gt; OUVERTURE CULTURELLE<\/strong><\/p>\n<p><strong>&gt; CONNAISSANCE DES METIERS<\/strong><\/p>\n<p><strong>&gt; MANIPULTION DES MATERIAUX<\/strong><\/p>\n<p><strong>&gt;DECOUVERTE DES PROCESSUS CREATIFS<\/strong><strong>\u00a0<\/strong><\/p>\n<p>3 ACTIONS SCOLAIRES propos\u00e9es<\/p>\n<p><strong>PARCOURS P\u00c9DAGOGIQUES<\/strong><\/p>\n<p>Cette proposition est ax\u00e9e sur l\u2019architecture de Robert Mallet-Stevens et sur l\u2019exposition permanente Charles et Marie-Laure de Noailles, une vie de m\u00e9c\u00e8nes.<\/p>\n<p>Elle permet d\u2019envisager la villa Noailles sous un angle historique.<\/p>\n<p><strong>\u00c1 LA D\u00c9COUVERTE DE &#8230;<\/strong><\/p>\n<p>Les professeurs int\u00e9ress\u00e9s inscrivent leurs classes pour une <strong>d\u00e9couverte <\/strong>des <strong>exposi<\/strong><strong>ti<\/strong><strong>ons temporaires <\/strong>de Photographie, d\u2019Architecture, de Mode ou de<\/p>\n<p>Design.<\/p>\n<p><strong>RENCONTRE AVEC &#8230;<\/strong><\/p>\n<p>Associer ses \u00e9l\u00e8ves \u00e0 des <strong>rencontres avec un photographe, un architecte, un styliste, un artisan ou un designer.<\/strong><\/p>\n<p>La rencontre prend la forme d\u2019un <strong>workshop <\/strong>ou d\u2019un <strong>\u00e9change <\/strong>sur une ou plusieurs s\u00e9ances, \u00e0 la Villa ou en classe.<\/p>\n<p>Il en r\u00e9sulte une <strong>r\u00e9alisati<\/strong><strong>on <\/strong>li\u00e9e \u00e0 la d\u00e9marche engag\u00e9e entre les \u00e9l\u00e8ves et le professionnel.<\/p>\n<p>Le professionnel pourra travailler avec les \u00e9l\u00e8ves sur place \u00e0 la Villa, ou se d\u00e9placer en classe pour <strong>rencontrer, collaborer, cr\u00e9er avec l\u2019ar<\/strong><strong>ti<\/strong><strong>san au sein d\u2019un exercice pra<\/strong><strong>ti<\/strong><strong>que<\/strong><\/p>\n<p>Les transports gratuits pour vous rendre dans les \u00e9tablissements culturels de Toulon Provence M\u00e9diterran\u00e9e.<\/p>\n<p><a href=\"https:\/\/www.pedagogie.ac-nice.fr\/daac\/wp-content\/uploads\/sites\/37\/2023\/02\/DIAPO-VILLA-1.pdf\" target=\"_blank\" rel=\"noopener\">Pour en savoir plus<\/a><\/p>\n<p>[\/et_pb_accordion_item][et_pb_accordion_item title=\u00a0\u00bbMus\u00e9e Chagall\u00a0\u00bb open_toggle_text_color=\u00a0\u00bb#000000&Prime; _builder_version=\u00a0\u00bb4.10.7&Prime; _module_preset=\u00a0\u00bbdefault\u00a0\u00bb body_font=\u00a0\u00bbTrebuchet||||||||\u00a0\u00bb body_text_align=\u00a0\u00bbjustify\u00a0\u00bb body_text_color=\u00a0\u00bb#000000&Prime; body_font_size=\u00a0\u00bb16px\u00a0\u00bb global_colors_info=\u00a0\u00bb{}\u00a0\u00bb toggle_text_color=\u00a0\u00bb#000000&Prime; toggle_font=\u00a0\u00bbTrebuchet|700||on|||||\u00a0\u00bb toggle_text_align=\u00a0\u00bbcenter\u00a0\u00bb toggle_font_size=\u00a0\u00bb19px\u00a0\u00bb open=\u00a0\u00bboff\u00a0\u00bb]<\/p>\n<p><img loading=\"lazy\" decoding=\"async\" src=\"https:\/\/www.pedagogie.ac-nice.fr\/daac\/wp-content\/uploads\/sites\/37\/2023\/02\/musee-chagall-300x200.jpg\" width=\"300\" height=\"200\" alt=\"\" class=\"wp-image-14572 alignnone size-medium\" srcset=\"https:\/\/www.pedagogie.ac-nice.fr\/daac\/wp-content\/uploads\/sites\/37\/2023\/02\/musee-chagall-300x200.jpg 300w, https:\/\/www.pedagogie.ac-nice.fr\/daac\/wp-content\/uploads\/sites\/37\/2023\/02\/musee-chagall-768x511.jpg 768w, https:\/\/www.pedagogie.ac-nice.fr\/daac\/wp-content\/uploads\/sites\/37\/2023\/02\/musee-chagall-391x260.jpg 391w, https:\/\/www.pedagogie.ac-nice.fr\/daac\/wp-content\/uploads\/sites\/37\/2023\/02\/musee-chagall.jpg 800w\" sizes=\"(max-width: 300px) 100vw, 300px\" \/><\/p>\n<p><a href=\"https:\/\/www.pedagogie.ac-nice.fr\/daac\/wp-content\/uploads\/sites\/37\/2023\/02\/Presentation-Chagall.pdf\" target=\"_blank\" rel=\"noopener\">Dossier de pr\u00e9sentation<\/a><\/p>\n<p>[\/et_pb_accordion_item][et_pb_accordion_item title=\u00a0\u00bbLA CHAPELLE MATISSE ET L\u2019ESPACE MUSEAL DE VENCE\u00a0\u00bb _builder_version=\u00a0\u00bb4.10.7&Prime; _module_preset=\u00a0\u00bbdefault\u00a0\u00bb hover_enabled=\u00a0\u00bb0&Prime; global_colors_info=\u00a0\u00bb{}\u00a0\u00bb open=\u00a0\u00bboff\u00a0\u00bb open_toggle_text_color=\u00a0\u00bb#000000&Prime; toggle_text_color=\u00a0\u00bb#000000&Prime; toggle_font=\u00a0\u00bbTrebuchet|700||on|||||\u00a0\u00bb toggle_text_align=\u00a0\u00bbcenter\u00a0\u00bb toggle_text_shadow_style=\u00a0\u00bbpreset3&Prime; sticky_enabled=\u00a0\u00bb0&Prime;]<\/p>\n<p><img loading=\"lazy\" decoding=\"async\" src=\"https:\/\/www.pedagogie.ac-nice.fr\/daac\/wp-content\/uploads\/sites\/37\/2023\/02\/chapelle-matisse-300x180.png\" width=\"300\" height=\"180\" alt=\"\" class=\"wp-image-14577 alignnone size-medium\" style=\"display: block; margin-left: auto; margin-right: auto;\" srcset=\"https:\/\/www.pedagogie.ac-nice.fr\/daac\/wp-content\/uploads\/sites\/37\/2023\/02\/chapelle-matisse-300x180.png 300w, https:\/\/www.pedagogie.ac-nice.fr\/daac\/wp-content\/uploads\/sites\/37\/2023\/02\/chapelle-matisse-768x461.png 768w, https:\/\/www.pedagogie.ac-nice.fr\/daac\/wp-content\/uploads\/sites\/37\/2023\/02\/chapelle-matisse-627x376.png 627w, https:\/\/www.pedagogie.ac-nice.fr\/daac\/wp-content\/uploads\/sites\/37\/2023\/02\/chapelle-matisse-440x264.png 440w, https:\/\/www.pedagogie.ac-nice.fr\/daac\/wp-content\/uploads\/sites\/37\/2023\/02\/chapelle-matisse.png 931w\" sizes=\"(max-width: 300px) 100vw, 300px\" \/><\/p>\n<p>&nbsp;<\/p>\n<p><strong><span style=\"color: #000000;\"><a href=\"https:\/\/www.pedagogie.ac-nice.fr\/daac\/wp-content\/uploads\/sites\/37\/2023\/02\/Presentation-Vence1.pdf\" target=\"_blank\" rel=\"noopener\" style=\"color: #000000;\">Le Dossier de pr\u00e9sentation<\/a><\/span><\/strong><\/p>\n<p>[\/et_pb_accordion_item][et_pb_accordion_item title=\u00a0\u00bbVilla Tamaris\u00a0\u00bb _builder_version=\u00a0\u00bb4.10.7&Prime; _module_preset=\u00a0\u00bbdefault\u00a0\u00bb hover_enabled=\u00a0\u00bb0&Prime; global_colors_info=\u00a0\u00bb{}\u00a0\u00bb open=\u00a0\u00bbon\u00a0\u00bb body_font=\u00a0\u00bbTrebuchet||||||||\u00a0\u00bb body_text_align=\u00a0\u00bbjustify\u00a0\u00bb body_text_color=\u00a0\u00bb#000000&Prime; body_font_size=\u00a0\u00bb16px\u00a0\u00bb sticky_enabled=\u00a0\u00bb0&Prime; open_toggle_text_color=\u00a0\u00bb#000000&Prime; toggle_text_color=\u00a0\u00bb#000000&Prime; toggle_font=\u00a0\u00bbTrebuchet|700||on|||||\u00a0\u00bb toggle_text_align=\u00a0\u00bbcenter\u00a0\u00bb toggle_text_shadow_style=\u00a0\u00bbpreset3&Prime;]<\/p>\n<p><img loading=\"lazy\" decoding=\"async\" src=\"https:\/\/www.pedagogie.ac-nice.fr\/daac\/wp-content\/uploads\/sites\/37\/2023\/02\/villa-tamaris-c-cyril-bruneau-300x200.jpg\" width=\"300\" height=\"200\" alt=\"\" class=\"wp-image-14578 alignnone size-medium\" style=\"display: block; margin-left: auto; margin-right: auto;\" srcset=\"https:\/\/www.pedagogie.ac-nice.fr\/daac\/wp-content\/uploads\/sites\/37\/2023\/02\/villa-tamaris-c-cyril-bruneau-300x200.jpg 300w, https:\/\/www.pedagogie.ac-nice.fr\/daac\/wp-content\/uploads\/sites\/37\/2023\/02\/villa-tamaris-c-cyril-bruneau-768x512.jpg 768w, https:\/\/www.pedagogie.ac-nice.fr\/daac\/wp-content\/uploads\/sites\/37\/2023\/02\/villa-tamaris-c-cyril-bruneau-391x260.jpg 391w, https:\/\/www.pedagogie.ac-nice.fr\/daac\/wp-content\/uploads\/sites\/37\/2023\/02\/villa-tamaris-c-cyril-bruneau.jpg 980w\" sizes=\"(max-width: 300px) 100vw, 300px\" \/><\/p>\n<p>VILLA TAMARIS CENTRE D\u2019ART<\/p>\n<p>M\u00e9tropole Toulon Provence M\u00e9diterran\u00e9e<\/p>\n<p>Avenue de la grande maison<\/p>\n<p>83500 La Seyne-Sur-Mer<\/p>\n<p>Tel.\u00a0 04 94 06 84 00<\/p>\n<p>Fax. 04 94 30 71 89<\/p>\n<p>villatamaris@tpmed.org<\/p>\n<p>Direction\u00a0: Isabelle Bourgeois<\/p>\n<p>La villa est une tr\u00e8s grande b\u00e2tisse qui se situe sur les hauteurs de Tamaris, au sein de la station baln\u00e9aire \u00e9difi\u00e9e \u00e0 la fin du XIX\u00e8me si\u00e8cle par Blaise Jean-Marius Michel, dit Michel Pacha.<\/p>\n<p>Le quartier entier pr\u00e9sente une grande valeur patrimoniale.<\/p>\n<p>Par son plan cubique, ses frontons d\u00e9cor\u00e9s de guirlandes, ses grandes ouvertures et ses terrasses avec balustres, l\u2019architecture de la villa s\u2019apparente au style toscan.<\/p>\n<p>R\u00e9habilit\u00e9e par la municipalit\u00e9 de la Seyne-sur-Mer, elle ouvre ses portes en tant que Centre d\u2019Art en 1995.<\/p>\n<p>En d\u00e9cembre 2003, elle est transf\u00e9r\u00e9e \u00e0 la Communaut\u00e9 d\u00b4Agglom\u00e9ration Toulon Provence M\u00e9diterran\u00e9e.<\/p>\n<p>Elle accueille des expositions temporaires d\u2019art contemporain, organise des r\u00e9sidences d\u2019artistes, des conf\u00e9rences, des concerts et \u00e9v\u00e8nement culturels.<\/p>\n<p>Un espace d\u2019accueil est d\u00e9di\u00e9 aux scolaires.<\/p>\n<p>L\u2019offre p\u00e9dagogiques est diversifi\u00e9e :<\/p>\n<p>Visite guid\u00e9e des expositions.<\/p>\n<p>Atelier EAC pour les \u00e9coles primaires en partenariat avec l\u2019\u00e9cole des Beaux-Arts de La Seyne.<\/p>\n<p>Pr\u00eat d\u2019\u0153uvres \u00e0 des \u00e9tablissements scolaires (sous certaines conditions).<\/p>\n<p>Participation au dispositif passeurs de culture qui propose chaque ann\u00e9e \u00e0 12 classes de Cm2 et de sixi\u00e8me du secteur un projet EAC qui comporte pratique, \u00e9change et rencontres (des \u0153uvres, des artistes et des classes), cl\u00f4tur\u00e9 par une exposition \u00e0 la villa en fin d\u2019ann\u00e9e.<\/p>\n<p>Ouverte tous les jours de 14h \u00e0 18h30, sauf lundi et jours f\u00e9ri\u00e9s.<\/p>\n<p>Pour les scolaires\u00a0: sur rendez-vous de 9h \u00e0 11h30 et de 14h \u00e0 18h30 y compris les lundis.<\/p>\n<p>Possibilit\u00e9 de transports gratuits TPM pour groupes (pr\u00e9voir 3 semaines de d\u00e9lai).<\/p>\n<p>Renseignements, r\u00e9servations : 04 94 06 84 11<\/p>\n<p>[\/et_pb_accordion_item][\/et_pb_accordion][\/et_pb_column][\/et_pb_row][\/et_pb_section]<\/p>\n","protected":false},"excerpt":{"rendered":"<p>Le Mus\u00e9e d\u2019Art Moderne et d\u2019Art Contemporain de Nice dispose d\u2019une collection d\u2019\u0153uvres de 1950 \u00e0 nos jours comprenant notamment une salle permanente d\u00e9di\u00e9e \u00e0 Yves Klein et l\u2019une des plus importantes collections d\u2019\u0153uvres de Niki de Saint Phalle. Il d\u00e9veloppe ses activit\u00e9s en expositions r\u00e9guli\u00e8res bas\u00e9es sur le fond permanent (+ de 1350 \u0153uvres) [&hellip;]<\/p>\n","protected":false},"author":241,"featured_media":0,"parent":0,"menu_order":0,"comment_status":"closed","ping_status":"closed","template":"","meta":{"_et_pb_use_builder":"on","_et_pb_old_content":"","_et_gb_content_width":"","ngg_post_thumbnail":0,"footnotes":""},"class_list":["post-14551","page","type-page","status-publish","hentry"],"rttpg_featured_image_url":null,"rttpg_author":{"display_name":"daacadmin","author_link":"https:\/\/www.pedagogie.ac-nice.fr\/daac\/author\/daacadmin\/"},"rttpg_comment":0,"rttpg_category":null,"rttpg_excerpt":"Le Mus\u00e9e d\u2019Art Moderne et d\u2019Art Contemporain de Nice dispose d\u2019une collection d\u2019\u0153uvres de 1950 \u00e0 nos jours comprenant notamment une salle permanente d\u00e9di\u00e9e \u00e0 Yves Klein et l\u2019une des plus importantes collections d\u2019\u0153uvres de Niki de Saint Phalle. Il d\u00e9veloppe ses activit\u00e9s en expositions r\u00e9guli\u00e8res bas\u00e9es sur le fond permanent (+ de 1350 \u0153uvres)\u2026","post_mailing_queue_ids":[],"_links":{"self":[{"href":"https:\/\/www.pedagogie.ac-nice.fr\/daac\/wp-json\/wp\/v2\/pages\/14551","targetHints":{"allow":["GET"]}}],"collection":[{"href":"https:\/\/www.pedagogie.ac-nice.fr\/daac\/wp-json\/wp\/v2\/pages"}],"about":[{"href":"https:\/\/www.pedagogie.ac-nice.fr\/daac\/wp-json\/wp\/v2\/types\/page"}],"author":[{"embeddable":true,"href":"https:\/\/www.pedagogie.ac-nice.fr\/daac\/wp-json\/wp\/v2\/users\/241"}],"replies":[{"embeddable":true,"href":"https:\/\/www.pedagogie.ac-nice.fr\/daac\/wp-json\/wp\/v2\/comments?post=14551"}],"version-history":[{"count":9,"href":"https:\/\/www.pedagogie.ac-nice.fr\/daac\/wp-json\/wp\/v2\/pages\/14551\/revisions"}],"predecessor-version":[{"id":14579,"href":"https:\/\/www.pedagogie.ac-nice.fr\/daac\/wp-json\/wp\/v2\/pages\/14551\/revisions\/14579"}],"wp:attachment":[{"href":"https:\/\/www.pedagogie.ac-nice.fr\/daac\/wp-json\/wp\/v2\/media?parent=14551"}],"curies":[{"name":"wp","href":"https:\/\/api.w.org\/{rel}","templated":true}]}}