{"id":14675,"date":"2023-02-21T15:37:26","date_gmt":"2023-02-21T14:37:26","guid":{"rendered":"https:\/\/www.pedagogie.ac-nice.fr\/daac\/?page_id=14675"},"modified":"2023-02-21T15:37:30","modified_gmt":"2023-02-21T14:37:30","slug":"archives-sport-et-societe","status":"publish","type":"page","link":"https:\/\/www.pedagogie.ac-nice.fr\/daac\/archives-sport-et-societe\/","title":{"rendered":"Archives Sport et Soci\u00e9t\u00e9"},"content":{"rendered":"<p>[et_pb_section fb_built=\u00a0\u00bb1&Prime; _builder_version=\u00a0\u00bb4.10.7&Prime; _module_preset=\u00a0\u00bbdefault\u00a0\u00bb global_colors_info=\u00a0\u00bb{}\u00a0\u00bb][et_pb_row _builder_version=\u00a0\u00bb4.10.7&Prime; _module_preset=\u00a0\u00bbdefault\u00a0\u00bb global_colors_info=\u00a0\u00bb{}\u00a0\u00bb][et_pb_column type=\u00a0\u00bb4_4&Prime; _builder_version=\u00a0\u00bb4.10.7&Prime; _module_preset=\u00a0\u00bbdefault\u00a0\u00bb global_colors_info=\u00a0\u00bb{}\u00a0\u00bb][et_pb_text _builder_version=\u00a0\u00bb4.10.7&Prime; _module_preset=\u00a0\u00bbdefault\u00a0\u00bb global_colors_info=\u00a0\u00bb{}\u00a0\u00bb]<\/p>\n<p style=\"text-align: center;\"><img loading=\"lazy\" decoding=\"async\" src=\"https:\/\/www.pedagogie.ac-nice.fr\/daac\/wp-content\/uploads\/sites\/37\/2021\/10\/sports_societe-300x198.png\" width=\"300\" height=\"198\" alt=\"\" class=\"wp-image-7618 alignnone size-medium\" srcset=\"https:\/\/www.pedagogie.ac-nice.fr\/daac\/wp-content\/uploads\/sites\/37\/2021\/10\/sports_societe-300x198.png 300w, https:\/\/www.pedagogie.ac-nice.fr\/daac\/wp-content\/uploads\/sites\/37\/2021\/10\/sports_societe.png 359w\" sizes=\"(max-width: 300px) 100vw, 300px\" \/><\/p>\n<p>[\/et_pb_text][et_pb_text _builder_version=\u00a0\u00bb4.10.7&Prime; _module_preset=\u00a0\u00bbdefault\u00a0\u00bb text_font=\u00a0\u00bbTrebuchet||||||||\u00a0\u00bb text_font_size=\u00a0\u00bb35px\u00a0\u00bb global_colors_info=\u00a0\u00bb{}\u00a0\u00bb]<\/p>\n<p><strong><span style=\"color: #000000;\">2022<\/span><\/strong><\/p>\n<p>[\/et_pb_text][et_pb_accordion _builder_version=\u00a0\u00bb4.10.7&Prime; _module_preset=\u00a0\u00bbdefault\u00a0\u00bb global_colors_info=\u00a0\u00bb{}\u00a0\u00bb][et_pb_accordion_item title=\u00a0\u00bbDu noble art au 7\u00e8me art\u00a0\u00bb open=\u00a0\u00bbon\u00a0\u00bb _builder_version=\u00a0\u00bb4.10.7&Prime; _module_preset=\u00a0\u00bbdefault\u00a0\u00bb global_colors_info=\u00a0\u00bb{}\u00a0\u00bb]<\/p>\n<p style=\"text-align: center;\"><a href=\"https:\/\/www.pedagogie.ac-nice.fr\/daac\/domaine-sport-et-societe\/\" target=\"_blank\" rel=\"noopener\"><img loading=\"lazy\" decoding=\"async\" src=\"https:\/\/www.pedagogie.ac-nice.fr\/daac\/wp-content\/uploads\/sites\/37\/2021\/09\/logo-cinematheque-300x81.jpg\" width=\"300\" height=\"81\" alt=\"\" class=\"wp-image-5385 alignnone size-medium\" srcset=\"https:\/\/www.pedagogie.ac-nice.fr\/daac\/wp-content\/uploads\/sites\/37\/2021\/09\/logo-cinematheque-300x81.jpg 300w, https:\/\/www.pedagogie.ac-nice.fr\/daac\/wp-content\/uploads\/sites\/37\/2021\/09\/logo-cinematheque.jpg 450w\" sizes=\"(max-width: 300px) 100vw, 300px\" \/><\/a><\/p>\n<p style=\"text-align: justify;\"><span><i><b>L<span style=\"color: #000000;\">e Mus\u00e9e National du Sport et la Cin\u00e9math\u00e8que de Nice en partenariat\u00a0<\/span><\/b><\/i><span style=\"color: #000000;\"><i><b>vous invite \u00e0 d\u00e9couvrir le projet :<\/b><\/i><\/span><\/span><\/p>\n<p class=\"western\" align=\"center\" style=\"text-align: justify;\"><span style=\"color: #000000;\"><strong>Du Noble Art au 7<sup>\u00e8me<\/sup>\u00a0art\u00a0 \/ Cin\u00e9ma &amp; Boxe<\/strong><\/span><\/p>\n<p class=\"western\" align=\"center\" style=\"text-align: justify;\"><span style=\"color: #000000;\"><strong>03 et 04 octobre 2022<br role=\"presentation\" \/><span dir=\"ltr\" role=\"presentation\">Cin\u00e9math\u00e8que de Nice, Mus\u00e9e National du Sport<\/span><br \/><\/strong><\/span><\/p>\n<p class=\"western\" align=\"justify\" style=\"text-align: justify;\"><span style=\"color: #000000;\">L\u2019exposition \u00ab Boxe \u00bb du Mus\u00e9e National du Sport met le cin\u00e9ma \u00e0 l\u2019honneur.<img decoding=\"async\" loading=\"lazy\" class=\"wp-image-12260 aligncenter\" src=\"https:\/\/www.pedagogie.ac-nice.fr\/daac\/wp-content\/uploads\/sites\/37\/2022\/04\/racing_bull_film.jpg\" alt=\"\" width=\"199\" height=\"295\" srcset=\"https:\/\/www.pedagogie.ac-nice.fr\/daac\/wp-content\/uploads\/sites\/37\/2022\/04\/racing_bull_film.jpg 540w, https:\/\/www.pedagogie.ac-nice.fr\/daac\/wp-content\/uploads\/sites\/37\/2022\/04\/racing_bull_film-203x300.jpg 203w\" sizes=\"(max-width: 199px) 100vw, 199px\" \/>\u00c0 l\u2019occasion de l\u2019exposition temporaire \u00ab\u00a0Boxe \u2013 L\u2019appel du ring\u00a0\u00bb, le\u00a0<strong>Mus\u00e9e National du Sport\u00a0<\/strong>et la\u00a0<strong>Cin\u00e9math\u00e8que<\/strong>\u00a0<strong>de Nice<\/strong>\u00a0font \u00e9quipe et proposent aux\u00a0<u>\u00e9l\u00e8ves de 4<sup>e<\/sup>\u00a0et 3<sup>e<\/sup><\/u>\u00a0un projet complet comprenant une visite d\u2019exposition, un atelier p\u00e9dagogique et une projection in\u00e9dite du film\u00a0<em>Raging Bull<\/em>\u00a0(1980) de Martin Scorsese.<\/span><\/p>\n<p align=\"justify\" style=\"text-align: justify;\"><strong><span><span style=\"color: #000000;\">Toutes les informations ici<\/span><br \/><\/span><\/strong><a href=\"https:\/\/www.pedagogie.ac-nice.fr\/daac\/wp-content\/uploads\/sites\/37\/2022\/09\/Boxe-et-Cinema-MNS.pdf\" target=\"_blank\" rel=\"noopener\"><img decoding=\"async\" loading=\"lazy\" class=\"alignnone wp-image-8629\" src=\"https:\/\/www.pedagogie.ac-nice.fr\/daac\/wp-content\/uploads\/sites\/37\/2021\/10\/fichier_pdf.jpg\" alt=\"\" width=\"89\" height=\"93\" \/><\/a><\/p>\n<p>[\/et_pb_accordion_item][et_pb_accordion_item title=\u00a0\u00bbSemaine des m\u00e9tiers du sport\u00a0\u00bb _builder_version=\u00a0\u00bb4.10.7&Prime; _module_preset=\u00a0\u00bbdefault\u00a0\u00bb global_colors_info=\u00a0\u00bb{}\u00a0\u00bb open=\u00a0\u00bboff\u00a0\u00bb]<\/p>\n<p><a href=\"https:\/\/www.pedagogie.ac-nice.fr\/daac\/wp-content\/uploads\/sites\/37\/2022\/02\/Semaine_metiers_MNS.pdf\" target=\"_blank\" rel=\"noopener\"><img loading=\"lazy\" decoding=\"async\" src=\"https:\/\/www.pedagogie.ac-nice.fr\/daac\/wp-content\/uploads\/sites\/37\/2021\/10\/musee_national_sport.png\" width=\"249\" height=\"245\" alt=\"\" class=\"wp-image-7619 alignnone size-full\" style=\"display: block; margin-left: auto; margin-right: auto;\" \/><\/a><\/p>\n<p>[\/et_pb_accordion_item][et_pb_accordion_item title=\u00a0\u00bbLes Enfants du Patrimoine\u00a0\u00bb _builder_version=\u00a0\u00bb4.10.7&Prime; _module_preset=\u00a0\u00bbdefault\u00a0\u00bb body_font=\u00a0\u00bbTrebuchet||||||||\u00a0\u00bb body_text_align=\u00a0\u00bbjustify\u00a0\u00bb body_text_color=\u00a0\u00bb#000000&Prime; global_colors_info=\u00a0\u00bb{}\u00a0\u00bb open=\u00a0\u00bboff\u00a0\u00bb]<\/p>\n<p><img loading=\"lazy\" decoding=\"async\" src=\"https:\/\/www.pedagogie.ac-nice.fr\/daac\/wp-content\/uploads\/sites\/37\/2022\/09\/LES-ENFANTS-DU-PATRIMOINE-300x148.jpg\" width=\"300\" height=\"148\" alt=\"\" class=\"wp-image-13502 alignnone size-medium\" style=\"display: block; margin-left: auto; margin-right: auto;\" srcset=\"https:\/\/www.pedagogie.ac-nice.fr\/daac\/wp-content\/uploads\/sites\/37\/2022\/09\/LES-ENFANTS-DU-PATRIMOINE-300x148.jpg 300w, https:\/\/www.pedagogie.ac-nice.fr\/daac\/wp-content\/uploads\/sites\/37\/2022\/09\/LES-ENFANTS-DU-PATRIMOINE-768x380.jpg 768w, https:\/\/www.pedagogie.ac-nice.fr\/daac\/wp-content\/uploads\/sites\/37\/2022\/09\/LES-ENFANTS-DU-PATRIMOINE.jpg 930w\" sizes=\"(max-width: 300px) 100vw, 300px\" \/><\/p>\n<p class=\"v1MsoNormal\"><span><strong>\u00ab Les Enfants du Patrimoine \u00bb au Mus\u00e9e National du Sport<\/strong><\/span><\/p>\n<p class=\"v1MsoNormal\"><span><strong>Vendredi 16 septembre 2022\u00a0\u2013 Gratuit<\/strong><\/span><\/p>\n<p class=\"v1MsoNormal\">Dans le cadre du<span>\u00a0<\/span><b>dispositif \u00ab Levez les yeux ! \u00bb<span>\u00a0<\/span><\/b>et \u00e0 l\u2019occasion des<span>\u00a0<\/span><b>Journ\u00e9es Europ\u00e9ennes du Patrimoine<\/b>, le Mus\u00e9e National du Sport invite gratuitement les \u00e9coles et coll\u00e8ges pour la journ\u00e9e des \u00ab Enfants du Patrimoine \u00bb,<span>\u00a0<\/span><u>vendredi 16 septembre 2022<\/u>. Une journ\u00e9e d\u00e9di\u00e9e \u00e0 la th\u00e9matique nationale du patrimoine durable et plus particuli\u00e8rement ici, au sport et \u00e0 l\u2019\u00e9cologie. Les \u00e9l\u00e8ves pourront d\u00e9couvrir les collections du Mus\u00e9e National du Sport \u00e0 travers le th\u00e8me \u00ab Quand le sport devient \u00e9co-responsable \u00bb et participer \u00e0 des ateliers p\u00e9dagogiques engag\u00e9s.<\/p>\n<p class=\"v1MsoNormal\">Pour plus d\u2019informations, merci de contacter le service des r\u00e9servations :<\/p>\n<p class=\"v1MsoNormal\"><a href=\"mailto:reservations@museedusport.fr\" onclick=\"return rcmail.command('compose','reservations@museedusport.fr',this)\" rel=\"noreferrer\">reservations@museedusport.fr<\/a><\/p>\n<p>[\/et_pb_accordion_item][\/et_pb_accordion][\/et_pb_column][\/et_pb_row][\/et_pb_section]<\/p>\n","protected":false},"excerpt":{"rendered":"<p>2022 Le Mus\u00e9e National du Sport et la Cin\u00e9math\u00e8que de Nice en partenariat\u00a0vous invite \u00e0 d\u00e9couvrir le projet : Du Noble Art au 7\u00e8me\u00a0art\u00a0 \/ Cin\u00e9ma &amp; Boxe 03 et 04 octobre 2022Cin\u00e9math\u00e8que de Nice, Mus\u00e9e National du Sport L\u2019exposition \u00ab Boxe \u00bb du Mus\u00e9e National du Sport met le cin\u00e9ma \u00e0 l\u2019honneur.\u00c0 l\u2019occasion de [&hellip;]<\/p>\n","protected":false},"author":241,"featured_media":0,"parent":0,"menu_order":0,"comment_status":"closed","ping_status":"closed","template":"","meta":{"_et_pb_use_builder":"on","_et_pb_old_content":"","_et_gb_content_width":"","ngg_post_thumbnail":0,"footnotes":""},"class_list":["post-14675","page","type-page","status-publish","hentry"],"rttpg_featured_image_url":null,"rttpg_author":{"display_name":"daacadmin","author_link":"https:\/\/www.pedagogie.ac-nice.fr\/daac\/author\/daacadmin\/"},"rttpg_comment":0,"rttpg_category":null,"rttpg_excerpt":"2022 Le Mus\u00e9e National du Sport et la Cin\u00e9math\u00e8que de Nice en partenariat\u00a0vous invite \u00e0 d\u00e9couvrir le projet : Du Noble Art au 7\u00e8me\u00a0art\u00a0 \/ Cin\u00e9ma &amp; Boxe 03 et 04 octobre 2022Cin\u00e9math\u00e8que de Nice, Mus\u00e9e National du Sport L\u2019exposition \u00ab Boxe \u00bb du Mus\u00e9e National du Sport met le cin\u00e9ma \u00e0 l\u2019honneur.\u00c0 l\u2019occasion de\u2026","post_mailing_queue_ids":[],"_links":{"self":[{"href":"https:\/\/www.pedagogie.ac-nice.fr\/daac\/wp-json\/wp\/v2\/pages\/14675","targetHints":{"allow":["GET"]}}],"collection":[{"href":"https:\/\/www.pedagogie.ac-nice.fr\/daac\/wp-json\/wp\/v2\/pages"}],"about":[{"href":"https:\/\/www.pedagogie.ac-nice.fr\/daac\/wp-json\/wp\/v2\/types\/page"}],"author":[{"embeddable":true,"href":"https:\/\/www.pedagogie.ac-nice.fr\/daac\/wp-json\/wp\/v2\/users\/241"}],"replies":[{"embeddable":true,"href":"https:\/\/www.pedagogie.ac-nice.fr\/daac\/wp-json\/wp\/v2\/comments?post=14675"}],"version-history":[{"count":5,"href":"https:\/\/www.pedagogie.ac-nice.fr\/daac\/wp-json\/wp\/v2\/pages\/14675\/revisions"}],"predecessor-version":[{"id":14683,"href":"https:\/\/www.pedagogie.ac-nice.fr\/daac\/wp-json\/wp\/v2\/pages\/14675\/revisions\/14683"}],"wp:attachment":[{"href":"https:\/\/www.pedagogie.ac-nice.fr\/daac\/wp-json\/wp\/v2\/media?parent=14675"}],"curies":[{"name":"wp","href":"https:\/\/api.w.org\/{rel}","templated":true}]}}