{"id":14998,"date":"2023-07-06T15:00:31","date_gmt":"2023-07-06T13:00:31","guid":{"rendered":"https:\/\/www.pedagogie.ac-nice.fr\/daac\/?page_id=14998"},"modified":"2023-07-06T15:00:35","modified_gmt":"2023-07-06T13:00:35","slug":"projet-envie-denvironnement","status":"publish","type":"page","link":"https:\/\/www.pedagogie.ac-nice.fr\/daac\/projet-envie-denvironnement\/","title":{"rendered":"projet \u00ab\u00a0Envie d&rsquo;environnement\u00a0\u00bb"},"content":{"rendered":"<p>[et_pb_section fb_built=\u00a0\u00bb1&Prime; _builder_version=\u00a0\u00bb4.10.7&Prime; _module_preset=\u00a0\u00bbdefault\u00a0\u00bb global_colors_info=\u00a0\u00bb{}\u00a0\u00bb][et_pb_row _builder_version=\u00a0\u00bb4.10.7&Prime; _module_preset=\u00a0\u00bbdefault\u00a0\u00bb global_colors_info=\u00a0\u00bb{}\u00a0\u00bb][et_pb_column type=\u00a0\u00bb4_4&Prime; _builder_version=\u00a0\u00bb4.10.7&Prime; _module_preset=\u00a0\u00bbdefault\u00a0\u00bb global_colors_info=\u00a0\u00bb{}\u00a0\u00bb][et_pb_text _builder_version=\u00a0\u00bb4.10.7&Prime; _module_preset=\u00a0\u00bbdefault\u00a0\u00bb text_font=\u00a0\u00bbTrebuchet||||||||\u00a0\u00bb text_text_color=\u00a0\u00bb#000000&Prime; text_font_size=\u00a0\u00bb16px\u00a0\u00bb text_orientation=\u00a0\u00bbjustified\u00a0\u00bb global_colors_info=\u00a0\u00bb{}\u00a0\u00bb]<\/p>\n<div>Dans le cadre du projet <em><strong><span style=\"color: #993366;\">\u00ab\u00a0Envie d&rsquo;environnement\u00a0\u00bb port\u00e9 par l&rsquo;Association Histoires de partager l&rsquo;architecture et la MAV-Paca<\/span><\/strong><\/em>, avec le soutien de la Fondation de France et du D\u00e9partement06, des \u00e9l\u00e8ves de 4\u00b0 du Coll\u00e8ge Jean-Henri Fabre \u00e0 Nice ont pu r\u00e9fl\u00e9chir \u00e0 la valorisation et l&rsquo;am\u00e9nagement d&rsquo;un espace \u00e0 ciel ouvert et r\u00e9aliser leur projet collectif dans la cour de leur \u00e9tablissement.<\/div>\n<div>\n<p>L&rsquo;objectif\u00a0est d&rsquo;engager les jeunes coll\u00e9giens dans une action en faveur de l&rsquo;environnement et de les associer \u00e0 la mise en \u0153uvre d&rsquo;un projet de r\u00e9flexion, d&rsquo;imagination, de construction et d&rsquo;am\u00e9lioration environnementale de l&rsquo;espace les accueillant.\u00a0Il s&rsquo;agit de proposer une articulation forte entre le concret et l&rsquo;abstrait et exercer les e\u0301le\u0300ves au de\u0301veloppement de leur esprit critique sur leur cadre ba\u0302ti, leur capacite\u0301 a\u0300 collaborer pour aboutir a\u0300 une production, leur conscience citoyenne en de\u0301veloppant un comportement responsable vis a\u0300 vis de l&rsquo;environnement en devenant acteurs et en contribuant a\u0300 la valorisation d&rsquo;un espace partag\u00e9 :\u00a0un projet \u00e0 concevoir et construire ensemble, a\u0300 partir des besoins et ide\u0301es de tous, avec l&rsquo;aide de professionnels du ba\u0302timent.<\/p>\n<p>L&rsquo;ensemble du projet port\u00e9 par leur professeure d&rsquo;arts plastiques Sidney Hennion, s&rsquo;est articul\u00e9 \u00e0 travers de nombreux ateliers et interventions des architectes Leslie Drouet et Sara Alfieri.<\/p>\n<\/div>\n<p>[\/et_pb_text][et_pb_gallery gallery_ids=\u00a0\u00bb15004,15005,15006,15007&Prime; _builder_version=\u00a0\u00bb4.10.7&Prime; _module_preset=\u00a0\u00bbdefault\u00a0\u00bb global_colors_info=\u00a0\u00bb{}\u00a0\u00bb][\/et_pb_gallery][et_pb_text _builder_version=\u00a0\u00bb4.10.7&Prime; _module_preset=\u00a0\u00bbdefault\u00a0\u00bb text_font=\u00a0\u00bbTrebuchet||||||||\u00a0\u00bb text_text_color=\u00a0\u00bb#000000&Prime; text_font_size=\u00a0\u00bb16px\u00a0\u00bb text_orientation=\u00a0\u00bbjustified\u00a0\u00bb global_colors_info=\u00a0\u00bb{}\u00a0\u00bb]<\/p>\n<div>&#8211; Introduction \u00e0 l&rsquo;architecture environnementale, \u00e9cologique et contemporaine.<\/div>\n<div>&#8211; D\u00e9couverte m\u00e9tiers et des mat\u00e9riaux li\u00e9s \u00e0 l&rsquo;architecture et au monde du b\u00e2timent.<\/div>\n<div>&#8211; R\u00e9flexion et recherches sur l&rsquo;architecture, l&rsquo;am\u00e9nagement et les diff\u00e9rents espaces du coll\u00e8ge et leurs relation au bien-\u00eatre des coll\u00e9giens.<\/div>\n<p>[\/et_pb_text][et_pb_divider _builder_version=\u00a0\u00bb4.10.7&Prime; _module_preset=\u00a0\u00bbdefault\u00a0\u00bb global_colors_info=\u00a0\u00bb{}\u00a0\u00bb][\/et_pb_divider][et_pb_gallery gallery_ids=\u00a0\u00bb15017,15018,15016&Prime; _builder_version=\u00a0\u00bb4.10.7&Prime; _module_preset=\u00a0\u00bbdefault\u00a0\u00bb global_colors_info=\u00a0\u00bb{}\u00a0\u00bb][\/et_pb_gallery][et_pb_text _builder_version=\u00a0\u00bb4.10.7&Prime; _module_preset=\u00a0\u00bbdefault\u00a0\u00bb text_font=\u00a0\u00bbTrebuchet||||||||\u00a0\u00bb text_text_color=\u00a0\u00bb#000000&Prime; text_font_size=\u00a0\u00bb16px\u00a0\u00bb text_orientation=\u00a0\u00bbjustified\u00a0\u00bb global_colors_info=\u00a0\u00bb{}\u00a0\u00bb]<\/p>\n<p><span>&#8211; Visite du coll\u00e8ge Beltrame \u00e0 Pegomas, rencontre et \u00e9change avec son architecte\u00a0<\/span><span><\/span><span>Vincent Goffrard et les \u00e9l\u00e8ves du coll\u00e8ge.<\/span><\/p>\n<p>[\/et_pb_text][et_pb_divider _builder_version=\u00a0\u00bb4.10.7&Prime; _module_preset=\u00a0\u00bbdefault\u00a0\u00bb global_colors_info=\u00a0\u00bb{}\u00a0\u00bb][\/et_pb_divider][et_pb_gallery gallery_ids=\u00a0\u00bb15020,15021,15022,15019&Prime; _builder_version=\u00a0\u00bb4.10.7&Prime; _module_preset=\u00a0\u00bbdefault\u00a0\u00bb global_colors_info=\u00a0\u00bb{}\u00a0\u00bb][\/et_pb_gallery][et_pb_text _builder_version=\u00a0\u00bb4.10.7&Prime; _module_preset=\u00a0\u00bbdefault\u00a0\u00bb text_font=\u00a0\u00bbTrebuchet||||||||\u00a0\u00bb text_text_color=\u00a0\u00bb#000000&Prime; text_font_size=\u00a0\u00bb16px\u00a0\u00bb text_orientation=\u00a0\u00bbjustified\u00a0\u00bb global_colors_info=\u00a0\u00bb{}\u00a0\u00bb]<\/p>\n<div>&#8211; R\u00e9alisation d&rsquo;un questionnaire \u00e0 l&rsquo;\u00e9chelle de l&rsquo;\u00e9tablissement pour conna\u00eetre et analyser les envies et besoins des coll\u00e9giens en relation avec leur environnement coll\u00e9gial.<\/div>\n<div>&#8211; R\u00e9alisation par les \u00e9l\u00e8ves de projets sous forme de croquis, de texte, de photomontages, de maquettes.<\/div>\n<p>[\/et_pb_text][et_pb_divider _builder_version=\u00a0\u00bb4.10.7&Prime; _module_preset=\u00a0\u00bbdefault\u00a0\u00bb global_colors_info=\u00a0\u00bb{}\u00a0\u00bb][\/et_pb_divider][et_pb_gallery gallery_ids=\u00a0\u00bb15025,15026,15027,15024&Prime; _builder_version=\u00a0\u00bb4.10.7&Prime; _module_preset=\u00a0\u00bbdefault\u00a0\u00bb global_colors_info=\u00a0\u00bb{}\u00a0\u00bb][\/et_pb_gallery][et_pb_text _builder_version=\u00a0\u00bb4.10.7&Prime; _module_preset=\u00a0\u00bbdefault\u00a0\u00bb text_font=\u00a0\u00bbTrebuchet||||||||\u00a0\u00bb text_text_color=\u00a0\u00bb#000000&Prime; text_font_size=\u00a0\u00bb16px\u00a0\u00bb text_orientation=\u00a0\u00bbjustified\u00a0\u00bb global_colors_info=\u00a0\u00bb{}\u00a0\u00bb]<\/p>\n<div>&#8211; Pr\u00e9sentation orale, mutualisation de id\u00e9es, des propositions (choix du lieu d&rsquo;intervention et du projet \u00e0 r\u00e9aliser)<\/div>\n<div>&#8211; Rencontre avec l&rsquo;association CJPCA \u00ab\u00a0Chantiers de Jeunes Provence C\u00f4te d&rsquo;Azur\u00a0\u00bb qui ont encadr\u00e9 les \u00e9l\u00e8ves durant le chantier au coll\u00e8ge.<\/div>\n<p>[\/et_pb_text][et_pb_divider _builder_version=\u00a0\u00bb4.10.7&Prime; _module_preset=\u00a0\u00bbdefault\u00a0\u00bb global_colors_info=\u00a0\u00bb{}\u00a0\u00bb][\/et_pb_divider][et_pb_gallery gallery_ids=\u00a0\u00bb15028,15029,15030,15031,15032,15033,15034,15035,15036,15037&Prime; _builder_version=\u00a0\u00bb4.10.7&Prime; _module_preset=\u00a0\u00bbdefault\u00a0\u00bb global_colors_info=\u00a0\u00bb{}\u00a0\u00bb][\/et_pb_gallery][et_pb_text _builder_version=\u00a0\u00bb4.10.7&Prime; _module_preset=\u00a0\u00bbdefault\u00a0\u00bb text_font=\u00a0\u00bbTrebuchet||||||||\u00a0\u00bb text_text_color=\u00a0\u00bb#000000&Prime; text_font_size=\u00a0\u00bb16px\u00a0\u00bb text_orientation=\u00a0\u00bbjustified\u00a0\u00bb global_colors_info=\u00a0\u00bb{}\u00a0\u00bb]<\/p>\n<div>&#8211; R\u00e9alisation par les \u00e9l\u00e8ves de la construction en bois dans la cour du coll\u00e8ge<\/div>\n<div><\/div>\n<p>[\/et_pb_text][et_pb_gallery gallery_ids=\u00a0\u00bb15020,15021,15022,15019&Prime; _builder_version=\u00a0\u00bb4.10.7&Prime; _module_preset=\u00a0\u00bbdefault\u00a0\u00bb global_colors_info=\u00a0\u00bb{}\u00a0\u00bb][\/et_pb_gallery][\/et_pb_column][\/et_pb_row][\/et_pb_section]<\/p>\n","protected":false},"excerpt":{"rendered":"<p>Dans le cadre du projet \u00ab\u00a0Envie d&rsquo;environnement\u00a0\u00bb port\u00e9 par l&rsquo;Association Histoires de partager l&rsquo;architecture et la MAV-Paca, avec le soutien de la Fondation de France et du D\u00e9partement06, des \u00e9l\u00e8ves de 4\u00b0 du Coll\u00e8ge Jean-Henri Fabre \u00e0 Nice ont pu r\u00e9fl\u00e9chir \u00e0 la valorisation et l&rsquo;am\u00e9nagement d&rsquo;un espace \u00e0 ciel ouvert et r\u00e9aliser leur projet [&hellip;]<\/p>\n","protected":false},"author":241,"featured_media":0,"parent":0,"menu_order":0,"comment_status":"closed","ping_status":"closed","template":"","meta":{"_et_pb_use_builder":"on","_et_pb_old_content":"","_et_gb_content_width":"","ngg_post_thumbnail":0,"footnotes":""},"class_list":["post-14998","page","type-page","status-publish","hentry"],"rttpg_featured_image_url":null,"rttpg_author":{"display_name":"daacadmin","author_link":"https:\/\/www.pedagogie.ac-nice.fr\/daac\/author\/daacadmin\/"},"rttpg_comment":0,"rttpg_category":null,"rttpg_excerpt":"Dans le cadre du projet \"Envie d'environnement\" port\u00e9 par l'Association Histoires de partager l'architecture et la MAV-Paca, avec le soutien de la Fondation de France et du D\u00e9partement06, des \u00e9l\u00e8ves de 4\u00b0 du Coll\u00e8ge Jean-Henri Fabre \u00e0 Nice ont pu r\u00e9fl\u00e9chir \u00e0 la valorisation et l'am\u00e9nagement d'un espace \u00e0 ciel ouvert et r\u00e9aliser leur projet\u2026","post_mailing_queue_ids":[],"_links":{"self":[{"href":"https:\/\/www.pedagogie.ac-nice.fr\/daac\/wp-json\/wp\/v2\/pages\/14998","targetHints":{"allow":["GET"]}}],"collection":[{"href":"https:\/\/www.pedagogie.ac-nice.fr\/daac\/wp-json\/wp\/v2\/pages"}],"about":[{"href":"https:\/\/www.pedagogie.ac-nice.fr\/daac\/wp-json\/wp\/v2\/types\/page"}],"author":[{"embeddable":true,"href":"https:\/\/www.pedagogie.ac-nice.fr\/daac\/wp-json\/wp\/v2\/users\/241"}],"replies":[{"embeddable":true,"href":"https:\/\/www.pedagogie.ac-nice.fr\/daac\/wp-json\/wp\/v2\/comments?post=14998"}],"version-history":[{"count":6,"href":"https:\/\/www.pedagogie.ac-nice.fr\/daac\/wp-json\/wp\/v2\/pages\/14998\/revisions"}],"predecessor-version":[{"id":15039,"href":"https:\/\/www.pedagogie.ac-nice.fr\/daac\/wp-json\/wp\/v2\/pages\/14998\/revisions\/15039"}],"wp:attachment":[{"href":"https:\/\/www.pedagogie.ac-nice.fr\/daac\/wp-json\/wp\/v2\/media?parent=14998"}],"curies":[{"name":"wp","href":"https:\/\/api.w.org\/{rel}","templated":true}]}}