{"id":1506,"date":"2020-12-09T20:26:56","date_gmt":"2020-12-09T19:26:56","guid":{"rendered":"https:\/\/www.pedagogie.ac-nice.fr\/daac\/?page_id=1506"},"modified":"2022-11-16T15:47:09","modified_gmt":"2022-11-16T14:47:09","slug":"faq-et-aide-sur-adage","status":"publish","type":"page","link":"https:\/\/www.pedagogie.ac-nice.fr\/daac\/adage\/faq-et-aide-sur-adage\/","title":{"rendered":"FAQ et Aide sur ADAGE"},"content":{"rendered":"<p>[et_pb_section fb_built=\u00a0\u00bb1&Prime; _builder_version=\u00a0\u00bb3.22&Prime; global_colors_info=\u00a0\u00bb{}\u00a0\u00bb][et_pb_row column_structure=\u00a0\u00bb1_3,2_3&Prime; _builder_version=\u00a0\u00bb3.25&Prime; background_size=\u00a0\u00bbinitial\u00a0\u00bb background_position=\u00a0\u00bbtop_left\u00a0\u00bb background_repeat=\u00a0\u00bbrepeat\u00a0\u00bb global_colors_info=\u00a0\u00bb{}\u00a0\u00bb][et_pb_column type=\u00a0\u00bb1_3&Prime; _builder_version=\u00a0\u00bb3.25&Prime; custom_padding=\u00a0\u00bb|||\u00a0\u00bb global_colors_info=\u00a0\u00bb{}\u00a0\u00bb custom_padding__hover=\u00a0\u00bb|||\u00a0\u00bb][et_pb_text admin_label=\u00a0\u00bbTitre FAQ\u00a0\u00bb _builder_version=\u00a0\u00bb4.10.7&Prime; background_size=\u00a0\u00bbinitial\u00a0\u00bb background_position=\u00a0\u00bbtop_left\u00a0\u00bb background_repeat=\u00a0\u00bbrepeat\u00a0\u00bb global_colors_info=\u00a0\u00bb{}\u00a0\u00bb]<\/p>\n<p style=\"text-align: center;\"><span style=\"color: #ff00ff; font-size: 14pt;\"><strong>FOIRE AUX QUESTIONS<\/strong><\/span><\/p>\n<p>[\/et_pb_text][et_pb_text admin_label=\u00a0\u00bblogo adage\u00a0\u00bb _builder_version=\u00a0\u00bb4.10.7&Prime; background_size=\u00a0\u00bbinitial\u00a0\u00bb background_position=\u00a0\u00bbtop_left\u00a0\u00bb background_repeat=\u00a0\u00bbrepeat\u00a0\u00bb global_colors_info=\u00a0\u00bb{}\u00a0\u00bb]<\/p>\n<p><img loading=\"lazy\" decoding=\"async\" class=\"size-full wp-image-314 aligncenter\" src=\"https:\/\/www.pedagogie.ac-nice.fr\/daac\/wp-content\/uploads\/sites\/37\/2020\/08\/visuel.png\" alt=\"Adage est la plateforme qui permet de partage et de suivre l'actualit\u00e9 des projets EAC sur le territoire\" width=\"368\" height=\"273\" srcset=\"https:\/\/www.pedagogie.ac-nice.fr\/daac\/wp-content\/uploads\/sites\/37\/2020\/08\/visuel.png 368w, https:\/\/www.pedagogie.ac-nice.fr\/daac\/wp-content\/uploads\/sites\/37\/2020\/08\/visuel-300x223.png 300w\" sizes=\"(max-width: 368px) 100vw, 368px\" \/><\/p>\n<p>[\/et_pb_text][et_pb_accordion admin_label=\u00a0\u00bbliens pages\u00a0\u00bb _builder_version=\u00a0\u00bb4.10.7&Prime; _module_preset=\u00a0\u00bbdefault\u00a0\u00bb global_colors_info=\u00a0\u00bb{}\u00a0\u00bb][et_pb_accordion_item title=\u00a0\u00bbPr\u00e9sentation d&rsquo;Adage\u00a0\u00bb open=\u00a0\u00bbon\u00a0\u00bb _builder_version=\u00a0\u00bb4.10.7&Prime; _module_preset=\u00a0\u00bbdefault\u00a0\u00bb global_colors_info=\u00a0\u00bb{}\u00a0\u00bb]<\/p>\n<p style=\"text-align: center;\"><a href=\"https:\/\/www.pedagogie.ac-nice.fr\/daac\/adage\/\" target=\"_blank\" rel=\"noopener\"><img loading=\"lazy\" decoding=\"async\" class=\"alignnone wp-image-1500\" src=\"https:\/\/www.pedagogie.ac-nice.fr\/daac\/wp-content\/uploads\/sites\/37\/2020\/12\/puce_verte.jpg\" alt=\"puce verte adage\" width=\"56\" height=\"52\"><\/a><\/p>\n<p>[\/et_pb_accordion_item][et_pb_accordion_item title=\u00a0\u00bbRecensement des projets sur Adage\u00a0\u00bb _builder_version=\u00a0\u00bb4.10.7&Prime; _module_preset=\u00a0\u00bbdefault\u00a0\u00bb global_colors_info=\u00a0\u00bb{}\u00a0\u00bb open=\u00a0\u00bboff\u00a0\u00bb]<\/p>\n<p style=\"text-align: center;\"><a href=\"https:\/\/www.pedagogie.ac-nice.fr\/daac\/adage\/recensement-des-actions-eac-sur-la-plateforme-adage\/\"><img loading=\"lazy\" decoding=\"async\" class=\"alignnone wp-image-2454 size-full\" src=\"https:\/\/www.pedagogie.ac-nice.fr\/daac\/wp-content\/uploads\/sites\/37\/2021\/02\/clic_gris.jpg\" alt=\"\" width=\"47\" height=\"44\"><\/a><\/p>\n<p>[\/et_pb_accordion_item][\/et_pb_accordion][\/et_pb_column][et_pb_column type=\u00a0\u00bb2_3&Prime; _builder_version=\u00a0\u00bb3.25&Prime; custom_padding=\u00a0\u00bb|||\u00a0\u00bb global_colors_info=\u00a0\u00bb{}\u00a0\u00bb custom_padding__hover=\u00a0\u00bb|||\u00a0\u00bb][et_pb_accordion admin_label=\u00a0\u00bbAccord\u00e9on FAQ\u00a0\u00bb _builder_version=\u00a0\u00bb4.10.7&Prime; _module_preset=\u00a0\u00bbdefault\u00a0\u00bb hover_enabled=\u00a0\u00bb0&Prime; global_colors_info=\u00a0\u00bb{}\u00a0\u00bb sticky_enabled=\u00a0\u00bb0&Prime;][et_pb_accordion_item title=\u00a0\u00bbComment acc\u00e9der \u00e0 ADAGE ?\u00a0\u00bb open=\u00a0\u00bboff\u00a0\u00bb _builder_version=\u00a0\u00bb4.10.7&Prime; _module_preset=\u00a0\u00bbdefault\u00a0\u00bb hover_enabled=\u00a0\u00bb0&Prime; global_colors_info=\u00a0\u00bb{}\u00a0\u00bb sticky_enabled=\u00a0\u00bb0&Prime;]<\/p>\n<p style=\"text-align: justify;\"><span style=\"color: #000000;\">En s\u2019identifiant dans notre le portail acad\u00e9mique puis dans la partie premier degr\u00e9 ou second degr\u00e9.<\/span><\/p>\n<p>[\/et_pb_accordion_item][et_pb_accordion_item title=\u00a0\u00bbEncore un outil suppl\u00e9mentaire ?\u00a0\u00bb _builder_version=\u00a0\u00bb4.10.7&Prime; _module_preset=\u00a0\u00bbdefault\u00a0\u00bb global_colors_info=\u00a0\u00bb{}\u00a0\u00bb open=\u00a0\u00bboff\u00a0\u00bb]<\/p>\n<p>Non ce n\u2019est pas un outil suppl\u00e9mentaire mais un outil national qui se substitue aux outils acad\u00e9miques qui existaient d\u00e9j\u00e0. Son utilisation est intuitive et ne demande pas plus de temps que les outils pr\u00e9c\u00e9demment utilis\u00e9s.<\/p>\n<p>[\/et_pb_accordion_item][et_pb_accordion_item title=\u00a0\u00bbLe chef d&rsquo;\u00e9tablissement est-il le seul \u00e0 pouvoir renseigner les projets EAC de son \u00e9tablissement avec ADAGE ?\u00a0\u00bb _builder_version=\u00a0\u00bb4.10.7&Prime; _module_preset=\u00a0\u00bbdefault\u00a0\u00bb hover_enabled=\u00a0\u00bb0&Prime; global_colors_info=\u00a0\u00bb{}\u00a0\u00bb open=\u00a0\u00bboff\u00a0\u00bb body_font=\u00a0\u00bbTrebuchet||||||||\u00a0\u00bb sticky_enabled=\u00a0\u00bb0&Prime;]<\/p>\n<p style=\"text-align: justify;\"><span style=\"color: #000000;\">Le chef d\u2019\u00e9tablissement et le directeur d\u2019\u00e9cole peuvent accorder le profil \u00abr\u00e9dacteur de projet\u00bb directement dans l\u2019application gr\u00e2ce \u00e0 l\u2019onglet \u00ab\u00e9tablissement\u00bb.<\/span><br \/><span style=\"color: #000000;\">Le r\u00e9dacteur de projet peut compl\u00e9ter les onglets de l\u2019appel \u00e0 projets sauf l\u2019avis du chef d\u2019\u00e9tablissement.<\/span><\/p>\n<p>[\/et_pb_accordion_item][et_pb_accordion_item title=\u00a0\u00bbQui utilise ADAGE ?\u00a0\u00bb _builder_version=\u00a0\u00bb4.10.7&Prime; _module_preset=\u00a0\u00bbdefault\u00a0\u00bb hover_enabled=\u00a0\u00bb0&Prime; global_colors_info=\u00a0\u00bb{}\u00a0\u00bb open=\u00a0\u00bbon\u00a0\u00bb body_font=\u00a0\u00bbTrebuchet||||||||\u00a0\u00bb sticky_enabled=\u00a0\u00bb0&Prime;]<\/p>\n<p style=\"text-align: justify;\"><span style=\"color: #000000;\">Tous les acteurs de l&rsquo;\u00e9ducation artistique et culturelle peuvent utiliser ADAGE mais l&rsquo;outil est \u00e9galement destin\u00e9 \u00e0 l&rsquo;institution. En effet, le Rectorat ou le Minist\u00e8re peuvent gr\u00e2ce \u00e0 cet outil avoir un aper\u00e7u en temps r\u00e9el de l&rsquo;EAC sur le terrain.<\/span><\/p>\n<p>[\/et_pb_accordion_item][et_pb_accordion_item title=\u00a0\u00bbLes appels \u00e0 projets de la DAAC se d\u00e9rouleront-ils d\u00e9sormais tous sous ADAGE ?\u00a0\u00bb _builder_version=\u00a0\u00bb4.10.7&Prime; _module_preset=\u00a0\u00bbdefault\u00a0\u00bb hover_enabled=\u00a0\u00bb0&Prime; global_colors_info=\u00a0\u00bb{}\u00a0\u00bb open=\u00a0\u00bboff\u00a0\u00bb body_font=\u00a0\u00bbTrebuchet||||||||\u00a0\u00bb sticky_enabled=\u00a0\u00bb0&Prime;]<\/p>\n<p style=\"text-align: justify;\"><span style=\"color: #000000;\">Oui. Dans un souci d&rsquo;uniformisation des pratiques, toutes les DAAC utilisent d\u00e9sormais ADAGE pour mettre en \u0153uvre leurs appels \u00e0 projets.<\/span><\/p>\n<p>[\/et_pb_accordion_item][\/et_pb_accordion][et_pb_text _builder_version=\u00a0\u00bb4.10.7&Prime; background_size=\u00a0\u00bbinitial\u00a0\u00bb background_position=\u00a0\u00bbtop_left\u00a0\u00bb background_repeat=\u00a0\u00bbrepeat\u00a0\u00bb hover_enabled=\u00a0\u00bb0&Prime; global_colors_info=\u00a0\u00bb{}\u00a0\u00bb text_font=\u00a0\u00bbTrebuchet||||||||\u00a0\u00bb sticky_enabled=\u00a0\u00bb0&Prime;]<\/p>\n<p style=\"text-align: center;\"><span style=\"color: #993366; font-size: 14pt;\"><strong>Renseigner les diff\u00e9rentes parties de l\u2019application Adage<\/strong><\/span><\/p>\n<p>[\/et_pb_text][et_pb_accordion admin_label=\u00a0\u00bbAccord\u00e9on remplir ADAGE\u00a0\u00bb _builder_version=\u00a0\u00bb4.10.7&Prime; _module_preset=\u00a0\u00bbdefault\u00a0\u00bb hover_enabled=\u00a0\u00bb0&Prime; global_colors_info=\u00a0\u00bb{}\u00a0\u00bb sticky_enabled=\u00a0\u00bb0&Prime;][et_pb_accordion_item title=\u00a0\u00bbPartie 1 &#8211; Donn\u00e9es g\u00e9n\u00e9rales\u00a0\u00bb open=\u00a0\u00bboff\u00a0\u00bb _builder_version=\u00a0\u00bb4.10.7&Prime; _module_preset=\u00a0\u00bbdefault\u00a0\u00bb hover_enabled=\u00a0\u00bb0&Prime; global_colors_info=\u00a0\u00bb{}\u00a0\u00bb body_font=\u00a0\u00bbTrebuchet||||||||\u00a0\u00bb sticky_enabled=\u00a0\u00bb0&Prime;]<\/p>\n<p style=\"text-align: justify;\"><span style=\"color: #993366;\"><strong>Peut-on renseigner plusieurs partenaires pour un m\u00eame enseignement artistique ?<br \/><\/strong><\/span><br \/><span style=\"color: #000000;\">Il n\u2019est possible d\u2019indiquer qu\u2019un seul partenaire \u00e0 partir du menu d\u00e9roulant. Si ce partenaire n\u2019appara\u00eet pas dans le menu et\/ou si l\u2019enseignement artistique implique diff\u00e9rents partenaires, il est possible de les indiquer dans le champ \u00ab autre partenaire <\/span><span style=\"color: #0000ff;\"><span style=\"color: #000000;\">\u00bb<\/span>.<\/span><\/p>\n<p>[\/et_pb_accordion_item][et_pb_accordion_item title=\u00a0\u00bbPartie 3 \u2013 Dispositifs sp\u00e9cifiques nationaux et acad\u00e9miques\u00a0\u00bb _builder_version=\u00a0\u00bb4.10.7&Prime; _module_preset=\u00a0\u00bbdefault\u00a0\u00bb hover_enabled=\u00a0\u00bb0&Prime; global_colors_info=\u00a0\u00bb{}\u00a0\u00bb open=\u00a0\u00bboff\u00a0\u00bb body_font=\u00a0\u00bbTrebuchet||||||||\u00a0\u00bb sticky_enabled=\u00a0\u00bb0&Prime;]<\/p>\n<p><span style=\"color: #993366;\"><strong>Peut-on renseigner plusieurs partenaires pour un m\u00eame projet ?<\/strong><\/span><\/p>\n<p><span style=\"color: #000000;\">Contrairement \u00e0 l\u2019\u00e9tape 1 (enseignements artistiques), plusieurs partenaires peuvent \u00eatre mentionn\u00e9s \u00e0 partir du menu d\u00e9roulant.<\/span><\/p>\n<p>[\/et_pb_accordion_item][et_pb_accordion_item title=\u00a0\u00bbPartie 4 \u2013 Dispositifs d\u2019\u00e9ducation au cin\u00e9ma\u00a0\u00bb _builder_version=\u00a0\u00bb4.10.7&Prime; _module_preset=\u00a0\u00bbdefault\u00a0\u00bb hover_enabled=\u00a0\u00bb0&Prime; global_colors_info=\u00a0\u00bb{}\u00a0\u00bb open=\u00a0\u00bboff\u00a0\u00bb body_font=\u00a0\u00bbTrebuchet||||||||\u00a0\u00bb sticky_enabled=\u00a0\u00bb0&Prime;]<\/p>\n<p style=\"text-align: justify;\"><span style=\"color: #993366;\"><strong>Que faire si le nom de la salle partenaire n\u2019appara\u00eet pas dans le menu d\u00e9roulant ?<\/strong><\/span><\/p>\n<p><span style=\"color: #000000;\">Ce champ \u00e9tant obligatoire, vous ne pouvez pas renseigner cette \u00e9tape si le nom de la salle partenaire est absent du menu.<\/span><br \/><span style=\"color: #000000;\">Dans ce cas, veuillez indiquer le nom et si possible les coordonn\u00e9es de la salle partenaire dans le fichier partag\u00e9.<\/span><\/p>\n<p>[\/et_pb_accordion_item][et_pb_accordion_item title=\u00a0\u00bbPartie 5 \u2013 Dispositifs \u00e0 l\u2019initiative de la DRAC\u00a0\u00bb _builder_version=\u00a0\u00bb4.10.7&Prime; _module_preset=\u00a0\u00bbdefault\u00a0\u00bb hover_enabled=\u00a0\u00bb0&Prime; global_colors_info=\u00a0\u00bb{}\u00a0\u00bb open=\u00a0\u00bboff\u00a0\u00bb body_font=\u00a0\u00bbTrebuchet||||||||\u00a0\u00bb sticky_enabled=\u00a0\u00bb0&Prime;]<\/p>\n<p style=\"text-align: justify;\"><span style=\"color: #993366;\"><strong>Comment renseigner le nom du CLEA ou du CLEA-CTL dans lequel s\u2019inscrit le projet ?<\/strong><\/span><\/p>\n<p style=\"text-align: justify;\"><span style=\"color: #000000;\">Si le CLEA ou le CLEA-CTL n\u2019est pas r\u00e9f\u00e9renc\u00e9 dans le menu d\u00e9roulant des \u00abpartenariats \u00bb, son intitul\u00e9 peut-\u00eatre rappel\u00e9 dans le champ \u00ab autres partenaires \u00bb.<\/span><\/p>\n<p>[\/et_pb_accordion_item][et_pb_accordion_item title=\u00a0\u00bbPartie 6 \u2013 Dispositifs \u00e0 l\u2019initiative des collectivit\u00e9s territoriales\u00a0\u00bb _builder_version=\u00a0\u00bb4.10.7&Prime; _module_preset=\u00a0\u00bbdefault\u00a0\u00bb hover_enabled=\u00a0\u00bb0&Prime; global_colors_info=\u00a0\u00bb{}\u00a0\u00bb open=\u00a0\u00bboff\u00a0\u00bb body_font=\u00a0\u00bbTrebuchet||||||||\u00a0\u00bb sticky_enabled=\u00a0\u00bb0&Prime;]<\/p>\n<p style=\"text-align: justify;\"><span style=\"color: #993366;\"><strong>Doit-on r\u00e9f\u00e9rencer \u00e0 deux endroits un projet cofinanc\u00e9 par un appel \u00e0 projets territorial et par un autre dispositif (sp\u00e9cifique ou \u00e0 l\u2019initiative de la DRAC, par exemple) ?<\/strong><\/span><\/p>\n<p style=\"text-align: justify;\"><span style=\"color: #000000;\">Il est pr\u00e9f\u00e9rable de ne r\u00e9f\u00e9rencer qu\u2019\u00e0 un seul endroit le projet en ne retenant que le dispositif qui repr\u00e9sente son principal soutien. Lors du lancement ult\u00e9rieur des campagnes PACTE, il sera possible de mentionner le cas \u00e9ch\u00e9ant si les dispositifs territoriaux viennent en compl\u00e9ment du financement PACTE.<\/span><\/p>\n<p>[\/et_pb_accordion_item][et_pb_accordion_item title=\u00a0\u00bbPartie 7 \u2013 Actions diverses\u00a0\u00bb _builder_version=\u00a0\u00bb4.10.7&Prime; _module_preset=\u00a0\u00bbdefault\u00a0\u00bb hover_enabled=\u00a0\u00bb0&Prime; global_colors_info=\u00a0\u00bb{}\u00a0\u00bb open=\u00a0\u00bboff\u00a0\u00bb sticky_enabled=\u00a0\u00bb0&Prime;]<\/p>\n<p style=\"text-align: justify;\"><span style=\"color: #993366;\"><strong>Peut-on mentionner les sorties culturelles dans la rubrique \u00ab actions diverses \u00bb ?<\/strong><\/span><\/p>\n<p style=\"text-align: justify;\"><span style=\"color: #000000;\">Il est pr\u00e9f\u00e9rable de recenser le projet EAC dans le cadre duquel elles s\u2019inscrivent. Les sorties ponctuelles ou les voyages linguistiques et culturels doivent pour leur part \u00eatre mentionn\u00e9s \u00e0 l\u2019\u00e9tape 9, dans le champ \u00ab pr\u00e9cisions compl\u00e9mentaires sur la pratique culturelle des \u00e9l\u00e8ves \u00bb.<\/span><strong><span style=\"color: #ff00ff;\"><br \/><\/span><\/strong><\/p>\n<p>[\/et_pb_accordion_item][et_pb_accordion_item title=\u00a0\u00bbPartie 8 \u2013 Manifestations, concours, \u00e9v\u00e9nements f\u00e9d\u00e9rateurs\u00a0\u00bb _builder_version=\u00a0\u00bb4.10.7&Prime; _module_preset=\u00a0\u00bbdefault\u00a0\u00bb hover_enabled=\u00a0\u00bb0&Prime; global_colors_info=\u00a0\u00bb{}\u00a0\u00bb open=\u00a0\u00bboff\u00a0\u00bb body_font=\u00a0\u00bbTrebuchet||||||||\u00a0\u00bb sticky_enabled=\u00a0\u00bb0&Prime;]<\/p>\n<p><span style=\"color: #993366;\"><strong>Comment r\u00e9f\u00e9rencer un \u00e9v\u00e9nement ou un concours qui n\u2019appara\u00eet pas dans le menu d\u00e9roulant ?<\/strong><\/span><\/p>\n<p style=\"text-align: justify;\"><span style=\"color: #000000;\">Il est possible de le mentionner dans le fichier partag\u00e9 afin de le faire figurer sur la plateforme et dans la base de donn\u00e9es des dispositifs EAC.<\/span><\/p>\n<p>[\/et_pb_accordion_item][et_pb_accordion_item title=\u00a0\u00bbComment demander de l&rsquo;aide\u00a0\u00bb _builder_version=\u00a0\u00bb4.10.7&Prime; _module_preset=\u00a0\u00bbdefault\u00a0\u00bb hover_enabled=\u00a0\u00bb0&Prime; global_colors_info=\u00a0\u00bb{}\u00a0\u00bb open=\u00a0\u00bbon\u00a0\u00bb sticky_enabled=\u00a0\u00bb0&Prime;]<\/p>\n<h1 style=\"text-align: center;\"><a href=\"https:\/\/www.pedagogie.ac-nice.fr\/daac\/wp-content\/uploads\/sites\/37\/2020\/12\/questions_adage.pdf\" target=\"_blank\" rel=\"noopener\"><img loading=\"lazy\" decoding=\"async\" class=\"alignnone wp-image-1498\" src=\"https:\/\/www.pedagogie.ac-nice.fr\/daac\/wp-content\/uploads\/sites\/37\/2020\/12\/puce_bleue.jpg\" alt=\"puce bleue adage\" width=\"53\" height=\"51\" \/><\/a><\/h1>\n<p>[\/et_pb_accordion_item][\/et_pb_accordion][\/et_pb_column][\/et_pb_row][\/et_pb_section]<\/p>\n","protected":false},"excerpt":{"rendered":"<p>FOIRE AUX QUESTIONSEn s\u2019identifiant dans notre le portail acad\u00e9mique puis dans la partie premier degr\u00e9 ou second degr\u00e9.Non ce n\u2019est pas un outil suppl\u00e9mentaire mais un outil national qui se substitue aux outils acad\u00e9miques qui existaient d\u00e9j\u00e0. Son utilisation est intuitive et ne demande pas plus de temps que les outils pr\u00e9c\u00e9demment utilis\u00e9s.Le chef d\u2019\u00e9tablissement [&hellip;]<\/p>\n","protected":false},"author":241,"featured_media":0,"parent":124,"menu_order":0,"comment_status":"closed","ping_status":"closed","template":"","meta":{"_et_pb_use_builder":"on","_et_pb_old_content":"<p style=\"text-align: center;\"><strong>FOIRE AUX QUESTIONS<\/strong><\/p><p style=\"text-align: justify;\"><strong><span style=\"color: #339966;\">Comment acc\u00e9der \u00e0 ADAGE ?<\/span><\/strong><br>En s\u2019identifiant dans notre le portail acad\u00e9mique puis dans la partie premier degr\u00e9 ou second degr\u00e9.<\/p><p style=\"text-align: justify;\"><span style=\"color: #339966;\"><strong>Encore un outil suppl\u00e9mentaire ?<\/strong><\/span><br>Non ce n\u2019est pas un outil suppl\u00e9mentaire mais un outil national qui se substitue aux outils acad\u00e9miques qui existaient d\u00e9j\u00e0. Son utilisation est intuitive et ne demande pas plus de temps que les outils pr\u00e9c\u00e9demment utilis\u00e9s.<\/p><p style=\"text-align: justify;\"><strong><span style=\"color: #339966;\">Le chef d'\u00e9tablissement est-il le seul \u00e0 pouvoir renseigner les projets EAC de son \u00e9tablissement avec ADAGE\u00a0?<\/span><\/strong><br>Le chef d\u2019\u00e9tablissement et le directeur d\u2019\u00e9cole peuvent accorder le profil \u00abr\u00e9dacteur de projet\u00bb directement dans l\u2019application gr\u00e2ce \u00e0 l\u2019onglet \u00ab\u00e9tablissement\u00bb.<br>Le r\u00e9dacteur de projet peut compl\u00e9ter les onglets de l\u2019appel \u00e0 projets sauf l\u2019avis du chef d\u2019\u00e9tablissement.<\/p><p style=\"text-align: justify;\"><span style=\"color: #339966;\"><strong>Qui utilise ADAGE ?<\/strong><\/span><br>Tous les acteurs de l'\u00e9ducation artistique et culturelle peuvent utiliser ADAGE mais l'outil est \u00e9galement destin\u00e9 \u00e0 l'institution. En effet, le Rectorat ou le Minist\u00e8re peuvent gr\u00e2ce \u00e0 cet outil avoir un aper\u00e7u en temps r\u00e9el de l'EAC sur le terrain.<\/p><p style=\"text-align: justify;\"><span style=\"color: #339966;\"><strong>Les appels \u00e0 projets de la DAAC se d\u00e9rouleront-ils d\u00e9sormais tous sous ADAGE\u00a0?<\/strong><\/span><br>Oui. Dans un souci d'uniformisation des pratiques, toutes les DAAC utilisent d\u00e9sormais ADAGE pour mettre en \u0153uvre leurs appels \u00e0 projets.<\/p><p style=\"text-align: justify;\"><span style=\"color: #339966;\"><strong>Renseignement des diff\u00e9rentes parties de l\u2019application Adage :<\/strong><\/span><br><span style=\"color: #339966;\"><strong>Dans la partie 1 - Donn\u00e9es g\u00e9n\u00e9rales, peut-on renseigner plusieurs partenaires pour un m\u00eame enseignement artistique ?<\/strong><\/span><br>Il n\u2019est possible d\u2019indiquer qu\u2019un seul partenaire \u00e0 partir du menu d\u00e9roulant. Si ce partenaire n\u2019appara\u00eet pas dans le menu et\/ou si l\u2019enseignement artistique implique diff\u00e9rents partenaires, il est possible de les indiquer dans le champ \u00ab autre partenaire \u00bb.<\/p><p style=\"text-align: justify;\"><span style=\"color: #339966;\"><strong>Dans la partie 3 \u2013 Dispositifs sp\u00e9cifiques nationaux et acad\u00e9miques, peut-on renseigner plusieurs partenaires pour un m\u00eame projet ?<\/strong><\/span><br>Contrairement \u00e0 l\u2019\u00e9tape 1 (enseignements artistiques), plusieurs partenaires peuvent \u00eatre mentionn\u00e9s \u00e0 partir du menu d\u00e9roulant.<\/p><p><span style=\"color: #339966;\"><strong>Dans la partie 4 \u2013 Dispositifs d\u2019\u00e9ducation au cin\u00e9ma, que faire si le nom de la salle partenaire n\u2019appara\u00eet pas dans le menu d\u00e9roulant ?<\/strong><\/span><br>Ce champ \u00e9tant obligatoire, vous ne pouvez pas renseigner cette \u00e9tape si le nom de la salle partenaire est absent du menu.<\/p><p>Dans ce cas, veuillez indiquer le nom et si possible les coordonn\u00e9es de la salle partenaire dans le fichier partag\u00e9.<\/p><p style=\"text-align: justify;\"><strong><span style=\"color: #339966;\">Dans la partie 5 \u2013 Dispositifs \u00e0 l\u2019initiative de la DRAC, Comment renseigner le nom du CLEA ou du CLEA-CTL dans lequel s\u2019inscrit le projet ?<\/span> <\/strong><br>Si le CLEA ou le CLEA-CTL n\u2019est pas r\u00e9f\u00e9renc\u00e9 dans le menu d\u00e9roulant des \u00ab partenariats \u00bb, son intitul\u00e9 peut-\u00eatre rappel\u00e9 dans le champ \u00ab autres partenaires \u00bb.<\/p><p style=\"text-align: justify;\"><span style=\"color: #339966;\"><strong>Dans la partie 6 \u2013 Dispositifs \u00e0 l\u2019initiative des collectivit\u00e9s territoriales, doit-on r\u00e9f\u00e9rencer \u00e0 deux endroits un projet cofinanc\u00e9 par un appel \u00e0 projets territorial et par un autre dispositif (sp\u00e9cifique ou \u00e0 l\u2019initiative de la DRAC, par exemple) ?<\/strong><\/span><br>Il est pr\u00e9f\u00e9rable de ne r\u00e9f\u00e9rencer qu\u2019\u00e0 un seul endroit le projet en ne retenant que le dispositif qui repr\u00e9sente son principal soutien. Lors du lancement ult\u00e9rieur des campagnes PACTE, il sera possible de mentionner le cas \u00e9ch\u00e9ant si les dispositifs territoriaux viennent en compl\u00e9ment du financement PACTE.<\/p><p style=\"text-align: justify;\"><span style=\"color: #339966;\"><strong>Dans la partie 7 \u2013 Actions diverses, peut-on mentionner les sorties culturelles dans la rubrique \u00ab actions diverses \u00bb ?<\/strong><\/span> Il est pr\u00e9f\u00e9rable de recenser le projet EAC dans le cadre duquel elles s\u2019inscrivent. Les sorties ponctuelles ou les voyages linguistiques et culturels doivent pour leur part \u00eatre mentionn\u00e9s \u00e0 l\u2019\u00e9tape 9, dans le champ \u00ab pr\u00e9cisions compl\u00e9mentaires sur la pratique culturelle des \u00e9l\u00e8ves \u00bb.<\/p><p style=\"text-align: justify;\"><span style=\"color: #339966;\"><strong>Dans la partie 8 \u2013 Manifestations, concours, \u00e9v\u00e9nements f\u00e9d\u00e9rateurs, comment r\u00e9f\u00e9rencer un \u00e9v\u00e9nement ou un concours qui n\u2019appara\u00eet pas dans le menu d\u00e9roulant ?<\/strong><\/span><br>Il est possible de le mentionner dans le fichier partag\u00e9 afin de le faire figurer sur la plateforme et dans la base de donn\u00e9es des dispositifs EAC.<\/p><h1><span style=\"font-size: 12pt;\">Comment demander de l'aide ?<\/span><span style=\"font-size: 12pt;\"><a href=\"https:\/\/www.pedagogie.ac-nice.fr\/daac\/wp-content\/uploads\/sites\/37\/2020\/12\/questions_adage.pdf\" target=\"_blank\" rel=\"noopener\"><img class=\"alignnone wp-image-1498\" src=\"https:\/\/www.pedagogie.ac-nice.fr\/daac\/wp-content\/uploads\/sites\/37\/2020\/12\/puce_bleue.jpg\" alt=\"puce bleue adage\" width=\"53\" height=\"51\"><\/a><br><\/span><\/h1><p>\u00a0<\/p><p><a href=\"https:\/\/www.pedagogie.ac-nice.fr\/daac\/adage\/\" target=\"_blank\" rel=\"noopener\"><img class=\"alignnone wp-image-1500\" src=\"https:\/\/www.pedagogie.ac-nice.fr\/daac\/wp-content\/uploads\/sites\/37\/2020\/12\/puce_verte.jpg\" alt=\"puce verte adage\" width=\"56\" height=\"52\"><\/a>Pr\u00e9sentation d'Adage<\/p><p><a href=\"https:\/\/www.pedagogie.ac-nice.fr\/daac\/adage\/en-savoir-plus-sur-adage\/\" target=\"_blank\" rel=\"noopener\"><img class=\"alignnone wp-image-1939\" src=\"https:\/\/www.pedagogie.ac-nice.fr\/daac\/wp-content\/uploads\/sites\/37\/2021\/01\/puce-rose-2.png\" alt=\"puce rose adage\" width=\"54\" height=\"51\"><\/a>En savoir plus sur Adage<\/p><p><a href=\"https:\/\/www.pedagogie.ac-nice.fr\/daac\/adage\/recensement-des-actions-eac-sur-la-plateforme-adage\/\"><img class=\"alignnone wp-image-2454 size-full\" src=\"https:\/\/www.pedagogie.ac-nice.fr\/daac\/wp-content\/uploads\/sites\/37\/2021\/02\/clic_gris.jpg\" alt=\"\" width=\"47\" height=\"44\"><\/a>Recensement des projets\u00a0 \u00a0 \u00a0 \u00a0 \u00a0 \u00a0 \u00a0 \u00a0 \u00a0 \u00a0 \u00a0 \u00a0 \u00a0 \u00a0 \u00a0 \u00a0 \u00a0 \u00a0 \u00a0 \u00a0 \u00a0 \u00a0 \u00a0 \u00a0 \u00a0 \u00a0 \u00a0 \u00a0 \u00a0 \u00a0 \u00a0<a href=\"https:\/\/www.pedagogie.ac-nice.fr\/daac\/pae-3\/en-savoir-plus-sur-adage\/\" target=\"_blank\" rel=\"noopener noreferrer\">\u00a0<\/a><\/p><p>\u00a0<\/p>","_et_gb_content_width":"","ngg_post_thumbnail":0,"footnotes":""},"class_list":["post-1506","page","type-page","status-publish","hentry"],"rttpg_featured_image_url":null,"rttpg_author":{"display_name":"daacadmin","author_link":"https:\/\/www.pedagogie.ac-nice.fr\/daac\/author\/daacadmin\/"},"rttpg_comment":0,"rttpg_category":null,"rttpg_excerpt":"FOIRE AUX QUESTIONSEn s\u2019identifiant dans notre le portail acad\u00e9mique puis dans la partie premier degr\u00e9 ou second degr\u00e9.Non ce n\u2019est pas un outil suppl\u00e9mentaire mais un outil national qui se substitue aux outils acad\u00e9miques qui existaient d\u00e9j\u00e0. Son utilisation est intuitive et ne demande pas plus de temps que les outils pr\u00e9c\u00e9demment utilis\u00e9s.Le chef d\u2019\u00e9tablissement\u2026","post_mailing_queue_ids":[],"_links":{"self":[{"href":"https:\/\/www.pedagogie.ac-nice.fr\/daac\/wp-json\/wp\/v2\/pages\/1506","targetHints":{"allow":["GET"]}}],"collection":[{"href":"https:\/\/www.pedagogie.ac-nice.fr\/daac\/wp-json\/wp\/v2\/pages"}],"about":[{"href":"https:\/\/www.pedagogie.ac-nice.fr\/daac\/wp-json\/wp\/v2\/types\/page"}],"author":[{"embeddable":true,"href":"https:\/\/www.pedagogie.ac-nice.fr\/daac\/wp-json\/wp\/v2\/users\/241"}],"replies":[{"embeddable":true,"href":"https:\/\/www.pedagogie.ac-nice.fr\/daac\/wp-json\/wp\/v2\/comments?post=1506"}],"version-history":[{"count":27,"href":"https:\/\/www.pedagogie.ac-nice.fr\/daac\/wp-json\/wp\/v2\/pages\/1506\/revisions"}],"predecessor-version":[{"id":14035,"href":"https:\/\/www.pedagogie.ac-nice.fr\/daac\/wp-json\/wp\/v2\/pages\/1506\/revisions\/14035"}],"up":[{"embeddable":true,"href":"https:\/\/www.pedagogie.ac-nice.fr\/daac\/wp-json\/wp\/v2\/pages\/124"}],"wp:attachment":[{"href":"https:\/\/www.pedagogie.ac-nice.fr\/daac\/wp-json\/wp\/v2\/media?parent=1506"}],"curies":[{"name":"wp","href":"https:\/\/api.w.org\/{rel}","templated":true}]}}