{"id":15063,"date":"2023-07-06T16:01:03","date_gmt":"2023-07-06T14:01:03","guid":{"rendered":"https:\/\/www.pedagogie.ac-nice.fr\/daac\/?page_id=15063"},"modified":"2023-07-06T16:01:03","modified_gmt":"2023-07-06T14:01:03","slug":"chorales-departementales-en-chantarts-ou-lenfance-des-arts","status":"publish","type":"page","link":"https:\/\/www.pedagogie.ac-nice.fr\/daac\/chorales-departementales-en-chantarts-ou-lenfance-des-arts\/","title":{"rendered":"CHORALES DEPARTEMENTALES \u00ab En Chant\u2019Arts ou L\u2019Enfance des Arts \u00bb"},"content":{"rendered":"<p>[et_pb_section fb_built=\u00a0\u00bb1&Prime; _builder_version=\u00a0\u00bb4.10.7&Prime; _module_preset=\u00a0\u00bbdefault\u00a0\u00bb global_colors_info=\u00a0\u00bb{}\u00a0\u00bb][et_pb_row _builder_version=\u00a0\u00bb4.10.7&Prime; _module_preset=\u00a0\u00bbdefault\u00a0\u00bb hover_enabled=\u00a0\u00bb0&Prime; global_colors_info=\u00a0\u00bb{}\u00a0\u00bb sticky_enabled=\u00a0\u00bb0&Prime;][et_pb_column type=\u00a0\u00bb4_4&Prime; _builder_version=\u00a0\u00bb4.10.7&Prime; _module_preset=\u00a0\u00bbdefault\u00a0\u00bb global_colors_info=\u00a0\u00bb{}\u00a0\u00bb][et_pb_text _builder_version=\u00a0\u00bb4.10.7&Prime; _module_preset=\u00a0\u00bbdefault\u00a0\u00bb hover_enabled=\u00a0\u00bb0&Prime; global_colors_info=\u00a0\u00bb{}\u00a0\u00bb text_font=\u00a0\u00bbTrebuchet||||||||\u00a0\u00bb text_text_color=\u00a0\u00bb#000000&Prime; text_font_size=\u00a0\u00bb18px\u00a0\u00bb sticky_enabled=\u00a0\u00bb0&Prime;]<\/p>\n<p style=\"text-align: center;\"><span style=\"color: #993366;\"><em><strong>CHORALES DEPARTEMENTALES DES ECOLES ELEMENTAIRES 2022-2023<\/strong><\/em><\/span><br \/>\n<span style=\"color: #993366;\"><em><strong>Th\u00e8me : \u00ab En Chant\u2019Arts ou L\u2019Enfance des Arts \u00bb<\/strong><\/em><\/span><\/p>\n<p style=\"text-align: center;\"><img loading=\"lazy\" decoding=\"async\" class=\"wp-image-10318 alignnone size-medium\" src=\"https:\/\/www.pedagogie.ac-nice.fr\/daac\/wp-content\/uploads\/sites\/37\/2021\/12\/Capture-decran-2021-12-17-161058-300x188.jpg\" alt=\"chant_choral\" width=\"300\" height=\"188\" srcset=\"https:\/\/www.pedagogie.ac-nice.fr\/daac\/wp-content\/uploads\/sites\/37\/2021\/12\/Capture-decran-2021-12-17-161058-300x188.jpg 300w, https:\/\/www.pedagogie.ac-nice.fr\/daac\/wp-content\/uploads\/sites\/37\/2021\/12\/Capture-decran-2021-12-17-161058-400x250.jpg 400w, https:\/\/www.pedagogie.ac-nice.fr\/daac\/wp-content\/uploads\/sites\/37\/2021\/12\/Capture-decran-2021-12-17-161058.jpg 547w\" sizes=\"(max-width: 300px) 100vw, 300px\" \/><\/p>\n<p>Tout savoir sur le dispositif :<\/p>\n<p><a href=\"https:\/\/www.pedagogie.ac-nice.fr\/daac\/wp-content\/uploads\/sites\/37\/2023\/07\/Reportage-Chorales-Depart.-Elem.pdf\" target=\"_blank\" rel=\"noopener\"><img loading=\"lazy\" decoding=\"async\" class=\"wp-image-2865 alignnone size-full\" src=\"https:\/\/www.pedagogie.ac-nice.fr\/daac\/wp-content\/uploads\/sites\/37\/2021\/04\/bouton_clic_vert_amande.png\" alt=\"\" width=\"60\" height=\"57\"><\/a><\/p>\n<p>&nbsp;<\/p>\n<p>[\/et_pb_text][et_pb_gallery _builder_version=\u00a0\u00bb4.10.7&Prime; _module_preset=\u00a0\u00bbdefault\u00a0\u00bb gallery_ids=\u00a0\u00bb15058,15057,15056,15055,15053,15052,15051&Prime; hover_enabled=\u00a0\u00bb0&Prime; sticky_enabled=\u00a0\u00bb0&Prime;][\/et_pb_gallery][et_pb_text _builder_version=\u00a0\u00bb4.10.7&Prime; _module_preset=\u00a0\u00bbdefault\u00a0\u00bb text_font=\u00a0\u00bbTrebuchet||||||||\u00a0\u00bb text_text_color=\u00a0\u00bb#000000&Prime; text_font_size=\u00a0\u00bb16px\u00a0\u00bb text_orientation=\u00a0\u00bbjustified\u00a0\u00bb hover_enabled=\u00a0\u00bb0&Prime; sticky_enabled=\u00a0\u00bb0&Prime;]<\/p>\n<p>Le Th\u00e9\u00e2tre de Verdure \u00e0 Nice rien que pour nos \u00e9l\u00e8ves !<\/p>\n<p><a href=\"https:\/\/drive.google.com\/file\/d\/1IP9_MlbvyvsNrt57hP9eg1Js3q15BTsC\/view?usp=sharing\" target=\"_blank\" rel=\"noopener\">Regardez la vid\u00e9o<\/a><\/p>\n<p>&nbsp;<\/p>\n<p>[\/et_pb_text][et_pb_video _builder_version=\u00a0\u00bb4.10.7&Prime; _module_preset=\u00a0\u00bbdefault\u00a0\u00bb hover_enabled=\u00a0\u00bb0&Prime; sticky_enabled=\u00a0\u00bb0&Prime;][\/et_pb_video][\/et_pb_column][\/et_pb_row][\/et_pb_section]<\/p>\n","protected":false},"excerpt":{"rendered":"<p>CHORALES DEPARTEMENTALES DES ECOLES ELEMENTAIRES 2022-2023 Th\u00e8me : \u00ab En Chant\u2019Arts ou L\u2019Enfance des Arts \u00bb Tout savoir sur le dispositif : &nbsp; Le Th\u00e9\u00e2tre de Verdure \u00e0 Nice rien que pour nos \u00e9l\u00e8ves ! Regardez la vid\u00e9o &nbsp;<\/p>\n","protected":false},"author":241,"featured_media":0,"parent":0,"menu_order":0,"comment_status":"closed","ping_status":"closed","template":"","meta":{"_et_pb_use_builder":"on","_et_pb_old_content":"","_et_gb_content_width":"","ngg_post_thumbnail":0,"footnotes":""},"class_list":["post-15063","page","type-page","status-publish","hentry"],"rttpg_featured_image_url":null,"rttpg_author":{"display_name":"daacadmin","author_link":"https:\/\/www.pedagogie.ac-nice.fr\/daac\/author\/daacadmin\/"},"rttpg_comment":0,"rttpg_category":null,"rttpg_excerpt":"CHORALES DEPARTEMENTALES DES ECOLES ELEMENTAIRES 2022-2023 Th\u00e8me : \u00ab En Chant\u2019Arts ou L\u2019Enfance des Arts \u00bb Tout savoir sur le dispositif : &nbsp; Le Th\u00e9\u00e2tre de Verdure \u00e0 Nice rien que pour nos \u00e9l\u00e8ves ! Regardez la vid\u00e9o &nbsp;","post_mailing_queue_ids":[],"_links":{"self":[{"href":"https:\/\/www.pedagogie.ac-nice.fr\/daac\/wp-json\/wp\/v2\/pages\/15063","targetHints":{"allow":["GET"]}}],"collection":[{"href":"https:\/\/www.pedagogie.ac-nice.fr\/daac\/wp-json\/wp\/v2\/pages"}],"about":[{"href":"https:\/\/www.pedagogie.ac-nice.fr\/daac\/wp-json\/wp\/v2\/types\/page"}],"author":[{"embeddable":true,"href":"https:\/\/www.pedagogie.ac-nice.fr\/daac\/wp-json\/wp\/v2\/users\/241"}],"replies":[{"embeddable":true,"href":"https:\/\/www.pedagogie.ac-nice.fr\/daac\/wp-json\/wp\/v2\/comments?post=15063"}],"version-history":[{"count":6,"href":"https:\/\/www.pedagogie.ac-nice.fr\/daac\/wp-json\/wp\/v2\/pages\/15063\/revisions"}],"predecessor-version":[{"id":15071,"href":"https:\/\/www.pedagogie.ac-nice.fr\/daac\/wp-json\/wp\/v2\/pages\/15063\/revisions\/15071"}],"wp:attachment":[{"href":"https:\/\/www.pedagogie.ac-nice.fr\/daac\/wp-json\/wp\/v2\/media?parent=15063"}],"curies":[{"name":"wp","href":"https:\/\/api.w.org\/{rel}","templated":true}]}}