{"id":15308,"date":"2023-12-08T14:27:47","date_gmt":"2023-12-08T13:27:47","guid":{"rendered":"https:\/\/www.pedagogie.ac-nice.fr\/daac\/?page_id=15308"},"modified":"2023-12-08T14:27:50","modified_gmt":"2023-12-08T13:27:50","slug":"les-explorations-de-monaco","status":"publish","type":"page","link":"https:\/\/www.pedagogie.ac-nice.fr\/daac\/les-explorations-de-monaco\/","title":{"rendered":"Les explorations de Monaco"},"content":{"rendered":"<p>[et_pb_section fb_built=\u00a0\u00bb1&Prime; _builder_version=\u00a0\u00bb4.10.7&Prime; _module_preset=\u00a0\u00bbdefault\u00a0\u00bb global_colors_info=\u00a0\u00bb{}\u00a0\u00bb][et_pb_row _builder_version=\u00a0\u00bb4.10.7&Prime; _module_preset=\u00a0\u00bbdefault\u00a0\u00bb global_colors_info=\u00a0\u00bb{}\u00a0\u00bb][et_pb_column type=\u00a0\u00bb4_4&Prime; _builder_version=\u00a0\u00bb4.10.7&Prime; _module_preset=\u00a0\u00bbdefault\u00a0\u00bb global_colors_info=\u00a0\u00bb{}\u00a0\u00bb][et_pb_text _builder_version=\u00a0\u00bb4.10.7&Prime; _module_preset=\u00a0\u00bbdefault\u00a0\u00bb global_colors_info=\u00a0\u00bb{}\u00a0\u00bb]<\/p>\n<p style=\"text-align: center;\"><img loading=\"lazy\" decoding=\"async\" src=\"https:\/\/www.pedagogie.ac-nice.fr\/daac\/wp-content\/uploads\/sites\/37\/2023\/11\/Logo-OCEANO-Musee-BLEU-2lignes-HD-1-237x300.png\" width=\"237\" height=\"300\" alt=\"\" class=\"wp-image-15315 alignnone size-medium\" srcset=\"https:\/\/www.pedagogie.ac-nice.fr\/daac\/wp-content\/uploads\/sites\/37\/2023\/11\/Logo-OCEANO-Musee-BLEU-2lignes-HD-1-237x300.png 237w, https:\/\/www.pedagogie.ac-nice.fr\/daac\/wp-content\/uploads\/sites\/37\/2023\/11\/Logo-OCEANO-Musee-BLEU-2lignes-HD-1-808x1024.png 808w, https:\/\/www.pedagogie.ac-nice.fr\/daac\/wp-content\/uploads\/sites\/37\/2023\/11\/Logo-OCEANO-Musee-BLEU-2lignes-HD-1-768x973.png 768w, https:\/\/www.pedagogie.ac-nice.fr\/daac\/wp-content\/uploads\/sites\/37\/2023\/11\/Logo-OCEANO-Musee-BLEU-2lignes-HD-1.png 844w\" sizes=\"(max-width: 237px) 100vw, 237px\" \/><\/p>\n<p>[\/et_pb_text][et_pb_text _builder_version=\u00a0\u00bb4.10.7&Prime; _module_preset=\u00a0\u00bbdefault\u00a0\u00bb text_font=\u00a0\u00bbTrebuchet||||||||\u00a0\u00bb text_text_color=\u00a0\u00bb#000000&Prime; text_font_size=\u00a0\u00bb16px\u00a0\u00bb global_colors_info=\u00a0\u00bb{}\u00a0\u00bb]<\/p>\n<p style=\"text-align: center;\"><span style=\"color: #993366; font-size: xx-large;\"><strong>EXPLORATIONS DE MONACO<\/strong><\/span><\/p>\n<p>\u00a0DES RESSOURCES EN LIGNE ISSUES DES MISSIONS EN MER<\/p>\n<p><span>Depuis juillet 2017, la Principaut\u00e9 de Monaco a repris la mer, dans la grande tradition de l\u2019exploration scientifique des oc\u00e9ans des Princes de Monaco.<\/span><\/p>\n<p><span>Les campagnes d\u2019\u00e9tudes organis\u00e9es<\/span><span>\u00a0<\/span><span>dans le cadre de la plateforme des<\/span><span>\u00a0<\/span><a href=\"https:\/\/www.monacoexplorations.org\/qui-sommes-nous\/\">Explorations de Monaco<\/a> <span>s\u2019inscrivent dans<\/span><span>\u00a0<\/span><a href=\"https:\/\/www.un.org\/fr\/desa\/ocean-decade-launch\">la D\u00e9cennie des Nations Unies pour les sciences oc\u00e9aniques et le d\u00e9veloppement durable<\/a><span>, ainsi que dans le<\/span><span>\u00a0<\/span><a href=\"https:\/\/whc.unesco.org\/fr\/programme-marin\/\">Programme marin du patrimoine mondial de l\u2019Unesco<\/a><span>.<\/span><\/p>\n<p>Articles et donn\u00e9es scientifiques, r\u00e9cits de missions, cr\u00e9ations artistiques et images sont utilisables pour accompagner les projets p\u00e9dagogiques d\u00e9velopp\u00e9s avec le <a href=\"https:\/\/musee.oceano.org\/vous-etes-enseignant\/\">service \u00c9ducation et Animations du Mus\u00e9e oc\u00e9anographique<\/a>.<\/p>\n<p><em>Plus d\u2019informations sur<\/em><\/p>\n<p><a href=\"http:\/\/www.monacoexplorations.org\"><em>www.monacoexplorations.org<\/em><\/a><\/p>\n<p>[\/et_pb_text][et_pb_text _builder_version=\u00a0\u00bb4.10.7&Prime; _module_preset=\u00a0\u00bbdefault\u00a0\u00bb text_font=\u00a0\u00bbTrebuchet||||||||\u00a0\u00bb text_text_color=\u00a0\u00bb#000000&Prime; global_colors_info=\u00a0\u00bb{}\u00a0\u00bb]<\/p>\n<p><img loading=\"lazy\" decoding=\"async\" src=\"https:\/\/www.pedagogie.ac-nice.fr\/daac\/wp-content\/uploads\/sites\/37\/2023\/11\/DJI_0437-Panorama-Aldabra-1-300x141.jpg\" width=\"300\" height=\"141\" alt=\"\" class=\"wp-image-15314 alignnone size-medium\" style=\"display: block; margin-left: auto; margin-right: auto;\" srcset=\"https:\/\/www.pedagogie.ac-nice.fr\/daac\/wp-content\/uploads\/sites\/37\/2023\/11\/DJI_0437-Panorama-Aldabra-1-300x141.jpg 300w, https:\/\/www.pedagogie.ac-nice.fr\/daac\/wp-content\/uploads\/sites\/37\/2023\/11\/DJI_0437-Panorama-Aldabra-1.jpg 640w\" sizes=\"(max-width: 300px) 100vw, 300px\" \/><\/p>\n<p>Vue a\u00e9rienne de l&rsquo;Atoll d&rsquo;Aldabra. Mission Oc\u00e9an Indien <a href=\"mailto:2022@Filip\">2022@Filip<\/a> Kulisev &#8211; Amazing Planet \/ Monaco Explorations<\/p>\n<p>[\/et_pb_text][et_pb_text _builder_version=\u00a0\u00bb4.10.7&Prime; _module_preset=\u00a0\u00bbdefault\u00a0\u00bb text_font=\u00a0\u00bbTrebuchet||||||||\u00a0\u00bb text_text_color=\u00a0\u00bb#000000&Prime; text_orientation=\u00a0\u00bbjustified\u00a0\u00bb global_colors_info=\u00a0\u00bb{}\u00a0\u00bb]<\/p>\n<p style=\"text-align: center;\"><div id=\"attachment_15319\" style=\"width: 310px\" class=\"wp-caption alignnone\"><img loading=\"lazy\" decoding=\"async\" aria-describedby=\"caption-attachment-15319\" src=\"https:\/\/www.pedagogie.ac-nice.fr\/daac\/wp-content\/uploads\/sites\/37\/2023\/11\/J009_Planche-connectee-1-300x201.jpg\" width=\"300\" height=\"201\" alt=\"\" class=\"wp-image-15319 size-medium\" style=\"display: block; margin-left: auto; margin-right: auto;\" srcset=\"https:\/\/www.pedagogie.ac-nice.fr\/daac\/wp-content\/uploads\/sites\/37\/2023\/11\/J009_Planche-connectee-1-300x201.jpg 300w, https:\/\/www.pedagogie.ac-nice.fr\/daac\/wp-content\/uploads\/sites\/37\/2023\/11\/J009_Planche-connectee-1.jpg 640w\" sizes=\"(max-width: 300px) 100vw, 300px\" \/><p id=\"caption-attachment-15319\" class=\"wp-caption-text\">Bienvenue \u00e0 bord de L\u2019Agulhas II, navire support de la campagne oc\u00e9anographique d\u00e9ploy\u00e9 par Monaco Explorations jusqu\u2019\u00e0 fin novembre en Oc\u00e9an Indien. Destination le banc de Saya de Maya situ\u00e9 entre les \u00eeles Seychelles et Maurice pour y d\u00e9couvrir ses tr\u00e9sors sous-marins et son vaste herbier sous-marin, un \u00ab or vert \u00bb qui pourrait se r\u00e9v\u00e9ler fort utile \u00e0 \u00e9tudier, \u00e0 connaitre et \u00e0 g\u00e9rer \u00e0 l\u2019heure o\u00f9 le climat se d\u00e9r\u00e8gle un peu partout sur Terre.<\/p><\/div><\/p>\n<p>Mise \u00e0 l\u2019eau d\u2019une planche connect\u00e9e utilis\u00e9e pour l\u2019\u00e9tude des petits fonds r\u00e9cifaux. St Brandon. Mission oc\u00e9an Indien 2022\u00a9Nicolas Mathys-Zeppelin\/Monaco Explorations.<\/p>\n<p>[\/et_pb_text][\/et_pb_column][\/et_pb_row][\/et_pb_section]<\/p>\n","protected":false},"excerpt":{"rendered":"<p>EXPLORATIONS DE MONACO \u00a0DES RESSOURCES EN LIGNE ISSUES DES MISSIONS EN MER Depuis juillet 2017, la Principaut\u00e9 de Monaco a repris la mer, dans la grande tradition de l\u2019exploration scientifique des oc\u00e9ans des Princes de Monaco. Les campagnes d\u2019\u00e9tudes organis\u00e9es\u00a0dans le cadre de la plateforme des\u00a0Explorations de Monaco s\u2019inscrivent dans\u00a0la D\u00e9cennie des Nations Unies pour [&hellip;]<\/p>\n","protected":false},"author":241,"featured_media":0,"parent":0,"menu_order":0,"comment_status":"closed","ping_status":"closed","template":"","meta":{"_et_pb_use_builder":"on","_et_pb_old_content":"","_et_gb_content_width":"","ngg_post_thumbnail":0,"footnotes":""},"class_list":["post-15308","page","type-page","status-publish","hentry"],"rttpg_featured_image_url":null,"rttpg_author":{"display_name":"daacadmin","author_link":"https:\/\/www.pedagogie.ac-nice.fr\/daac\/author\/daacadmin\/"},"rttpg_comment":0,"rttpg_category":null,"rttpg_excerpt":"EXPLORATIONS DE MONACO \u00a0DES RESSOURCES EN LIGNE ISSUES DES MISSIONS EN MER Depuis juillet 2017, la Principaut\u00e9 de Monaco a repris la mer, dans la grande tradition de l\u2019exploration scientifique des oc\u00e9ans des Princes de Monaco. Les campagnes d\u2019\u00e9tudes organis\u00e9es\u00a0dans le cadre de la plateforme des\u00a0Explorations de Monaco s\u2019inscrivent dans\u00a0la D\u00e9cennie des Nations Unies pour\u2026","post_mailing_queue_ids":[],"_links":{"self":[{"href":"https:\/\/www.pedagogie.ac-nice.fr\/daac\/wp-json\/wp\/v2\/pages\/15308","targetHints":{"allow":["GET"]}}],"collection":[{"href":"https:\/\/www.pedagogie.ac-nice.fr\/daac\/wp-json\/wp\/v2\/pages"}],"about":[{"href":"https:\/\/www.pedagogie.ac-nice.fr\/daac\/wp-json\/wp\/v2\/types\/page"}],"author":[{"embeddable":true,"href":"https:\/\/www.pedagogie.ac-nice.fr\/daac\/wp-json\/wp\/v2\/users\/241"}],"replies":[{"embeddable":true,"href":"https:\/\/www.pedagogie.ac-nice.fr\/daac\/wp-json\/wp\/v2\/comments?post=15308"}],"version-history":[{"count":6,"href":"https:\/\/www.pedagogie.ac-nice.fr\/daac\/wp-json\/wp\/v2\/pages\/15308\/revisions"}],"predecessor-version":[{"id":15349,"href":"https:\/\/www.pedagogie.ac-nice.fr\/daac\/wp-json\/wp\/v2\/pages\/15308\/revisions\/15349"}],"wp:attachment":[{"href":"https:\/\/www.pedagogie.ac-nice.fr\/daac\/wp-json\/wp\/v2\/media?parent=15308"}],"curies":[{"name":"wp","href":"https:\/\/api.w.org\/{rel}","templated":true}]}}