{"id":1859,"date":"2020-12-21T15:01:11","date_gmt":"2020-12-21T14:01:11","guid":{"rendered":"https:\/\/www.pedagogie.ac-nice.fr\/daac\/?page_id=1859"},"modified":"2020-12-21T15:37:08","modified_gmt":"2020-12-21T14:37:08","slug":"musee-des-arts-asiatiques-de-nice","status":"publish","type":"page","link":"https:\/\/www.pedagogie.ac-nice.fr\/daac\/ressources-pedagogiques\/ressources-des-structures\/musee-des-arts-asiatiques-de-nice\/","title":{"rendered":"Mus\u00e9e des Arts Asiatiques de Nice"},"content":{"rendered":"<p style=\"text-align: justify;\">Le Mus\u00e9e des Arts asiatiques de Nice propose de nombreuses ressources p\u00e9dagogiques exploitables par les enseignants. <a href=\"https:\/\/www.pedagogie.ac-nice.fr\/daac\/wp-content\/uploads\/sites\/37\/2020\/12\/Musee_arts_asiastiques.jpg\"><img loading=\"lazy\" decoding=\"async\" class=\"size-full wp-image-1860 aligncenter\" src=\"https:\/\/www.pedagogie.ac-nice.fr\/daac\/wp-content\/uploads\/sites\/37\/2020\/12\/Musee_arts_asiastiques.jpg\" alt=\"\" width=\"210\" height=\"119\"><\/a>A la Une, en actualit\u00e9s, retrouvez les grandes lignes de l&rsquo;exposition<\/p>\n<p style=\"text-align: center;\"><a href=\"https:\/\/www.pedagogie.ac-nice.fr\/daac\/wp-content\/uploads\/sites\/37\/2020\/12\/expo_fantomes_Asie.jpg\"><img loading=\"lazy\" decoding=\"async\" class=\"alignnone size-medium wp-image-1861\" src=\"https:\/\/www.pedagogie.ac-nice.fr\/daac\/wp-content\/uploads\/sites\/37\/2020\/12\/expo_fantomes_Asie-300x200.jpg\" alt=\"\" width=\"300\" height=\"200\" srcset=\"https:\/\/www.pedagogie.ac-nice.fr\/daac\/wp-content\/uploads\/sites\/37\/2020\/12\/expo_fantomes_Asie-300x200.jpg 300w, https:\/\/www.pedagogie.ac-nice.fr\/daac\/wp-content\/uploads\/sites\/37\/2020\/12\/expo_fantomes_Asie.jpg 570w\" sizes=\"(max-width: 300px) 100vw, 300px\" \/><\/a><\/p>\n<p>Retrouvez toutes les informations de pr\u00e9sentation :&nbsp; <a href=\"https:\/\/maa.departement06.fr\/agenda\/agenda-13390\/enfers-et-fantomes-dasie-40130.html?cHash=fc814be0a4cf3a5b20e0238f098d7612\" target=\"_blank\" rel=\"noopener\"><img loading=\"lazy\" decoding=\"async\" class=\"alignnone wp-image-1694 size-full\" src=\"https:\/\/www.pedagogie.ac-nice.fr\/daac\/wp-content\/uploads\/sites\/37\/2020\/12\/puce-clic-bleuf.png\" alt=\"\" width=\"71\" height=\"71\"><\/a><\/p>\n<p><a href=\"https:\/\/video.link\/w\/rHgBb\" target=\"_blank\" rel=\"noopener\"><img loading=\"lazy\" decoding=\"async\" class=\"alignnone wp-image-1677 size-full\" src=\"https:\/\/www.pedagogie.ac-nice.fr\/daac\/wp-content\/uploads\/sites\/37\/2020\/12\/camera.png\" alt=\"\" width=\"87\" height=\"92\"><\/a>Retrouvez la pr\u00e9sentation de l&rsquo;exposition<\/p>\n<p>Le Mus\u00e9e propose de nombreuses autres ressources<\/p>\n<p><a href=\"https:\/\/www.pedagogie.ac-nice.fr\/daac\/wp-content\/uploads\/sites\/37\/2020\/12\/musee-arts-asiatiques-rites-.pdf\" target=\"_blank\" rel=\"noopener\"><img loading=\"lazy\" decoding=\"async\" class=\"alignnone wp-image-1271 size-full\" src=\"https:\/\/www.pedagogie.ac-nice.fr\/daac\/wp-content\/uploads\/sites\/37\/2020\/11\/icone_cliquer-1.jpg\" alt=\"\" width=\"50\" height=\"39\"><\/a>Les rites fun\u00e9raires chinois<\/p>\n<p>&nbsp; <a href=\"https:\/\/www.pedagogie.ac-nice.fr\/daac\/wp-content\/uploads\/sites\/37\/2020\/12\/musee-des-arts-asiatiques-bestiaire.pdf\" target=\"_blank\" rel=\"noopener\"><img loading=\"lazy\" decoding=\"async\" class=\"alignnone wp-image-1289 size-full\" src=\"https:\/\/www.pedagogie.ac-nice.fr\/daac\/wp-content\/uploads\/sites\/37\/2020\/11\/cliquez_portail_savoirs.jpg\" alt=\"clic noir\" width=\"38\" height=\"37\"><\/a>Le bestiaire<\/p>\n<p><a href=\"https:\/\/www.pedagogie.ac-nice.fr\/daac\/wp-content\/uploads\/sites\/37\/2020\/12\/samourai.pdf\" target=\"_blank\" rel=\"noopener\"><img loading=\"lazy\" decoding=\"async\" class=\"alignnone size-full wp-image-1271\" src=\"https:\/\/www.pedagogie.ac-nice.fr\/daac\/wp-content\/uploads\/sites\/37\/2020\/11\/icone_cliquer-1.jpg\" alt=\"\" width=\"50\" height=\"39\"><\/a>Le samoura\u00ef<\/p>\n<p>&nbsp;<\/p>\n<p>&nbsp;<\/p>\n<p>&nbsp;<\/p>\n","protected":false},"excerpt":{"rendered":"<p>Le Mus\u00e9e des Arts asiatiques de Nice propose de nombreuses ressources p\u00e9dagogiques exploitables par les enseignants. A la Une, en actualit\u00e9s, retrouvez les grandes lignes de l&rsquo;exposition Retrouvez toutes les informations de pr\u00e9sentation :&nbsp; Retrouvez la pr\u00e9sentation de l&rsquo;exposition Le Mus\u00e9e propose de nombreuses autres ressources Les rites fun\u00e9raires chinois &nbsp; Le bestiaire Le samoura\u00ef [&hellip;]<\/p>\n","protected":false},"author":241,"featured_media":0,"parent":1382,"menu_order":0,"comment_status":"closed","ping_status":"closed","template":"","meta":{"_et_pb_use_builder":"","_et_pb_old_content":"","_et_gb_content_width":"","ngg_post_thumbnail":0,"footnotes":""},"class_list":["post-1859","page","type-page","status-publish","hentry"],"rttpg_featured_image_url":null,"rttpg_author":{"display_name":"daacadmin","author_link":"https:\/\/www.pedagogie.ac-nice.fr\/daac\/author\/daacadmin\/"},"rttpg_comment":0,"rttpg_category":null,"rttpg_excerpt":"Le Mus\u00e9e des Arts asiatiques de Nice propose de nombreuses ressources p\u00e9dagogiques exploitables par les enseignants. A la Une, en actualit\u00e9s, retrouvez les grandes lignes de l&rsquo;exposition Retrouvez toutes les informations de pr\u00e9sentation :&nbsp; Retrouvez la pr\u00e9sentation de l&rsquo;exposition Le Mus\u00e9e propose de nombreuses autres ressources Les rites fun\u00e9raires chinois &nbsp; Le bestiaire Le samoura\u00ef\u2026","post_mailing_queue_ids":[],"_links":{"self":[{"href":"https:\/\/www.pedagogie.ac-nice.fr\/daac\/wp-json\/wp\/v2\/pages\/1859","targetHints":{"allow":["GET"]}}],"collection":[{"href":"https:\/\/www.pedagogie.ac-nice.fr\/daac\/wp-json\/wp\/v2\/pages"}],"about":[{"href":"https:\/\/www.pedagogie.ac-nice.fr\/daac\/wp-json\/wp\/v2\/types\/page"}],"author":[{"embeddable":true,"href":"https:\/\/www.pedagogie.ac-nice.fr\/daac\/wp-json\/wp\/v2\/users\/241"}],"replies":[{"embeddable":true,"href":"https:\/\/www.pedagogie.ac-nice.fr\/daac\/wp-json\/wp\/v2\/comments?post=1859"}],"version-history":[{"count":6,"href":"https:\/\/www.pedagogie.ac-nice.fr\/daac\/wp-json\/wp\/v2\/pages\/1859\/revisions"}],"predecessor-version":[{"id":1886,"href":"https:\/\/www.pedagogie.ac-nice.fr\/daac\/wp-json\/wp\/v2\/pages\/1859\/revisions\/1886"}],"up":[{"embeddable":true,"href":"https:\/\/www.pedagogie.ac-nice.fr\/daac\/wp-json\/wp\/v2\/pages\/1382"}],"wp:attachment":[{"href":"https:\/\/www.pedagogie.ac-nice.fr\/daac\/wp-json\/wp\/v2\/media?parent=1859"}],"curies":[{"name":"wp","href":"https:\/\/api.w.org\/{rel}","templated":true}]}}