{"id":1973,"date":"2021-01-12T21:00:47","date_gmt":"2021-01-12T20:00:47","guid":{"rendered":"https:\/\/www.pedagogie.ac-nice.fr\/daac\/?page_id=1973"},"modified":"2023-04-10T21:51:21","modified_gmt":"2023-04-10T19:51:21","slug":"tutoriels-vers-les-enseignants-porteurs-de-projet-eac","status":"publish","type":"page","link":"https:\/\/www.pedagogie.ac-nice.fr\/daac\/tutoriels-vers-les-enseignants-porteurs-de-projet-eac\/","title":{"rendered":"Tutoriels pour les enseignants porteurs de projet EAC"},"content":{"rendered":"<p>[et_pb_section fb_built=\u00a0\u00bb1&Prime; specialty=\u00a0\u00bbon\u00a0\u00bb _builder_version=\u00a0\u00bb4.10.7&Prime; _module_preset=\u00a0\u00bbdefault\u00a0\u00bb global_colors_info=\u00a0\u00bb{}\u00a0\u00bb][et_pb_column type=\u00a0\u00bb1_3&Prime; _builder_version=\u00a0\u00bb3.25&Prime; custom_padding=\u00a0\u00bb|||\u00a0\u00bb global_colors_info=\u00a0\u00bb{}\u00a0\u00bb custom_padding__hover=\u00a0\u00bb|||\u00a0\u00bb][et_pb_text admin_label=\u00a0\u00bbvisuel adage\u00a0\u00bb _builder_version=\u00a0\u00bb4.10.7&Prime; _module_preset=\u00a0\u00bbdefault\u00a0\u00bb global_colors_info=\u00a0\u00bb{}\u00a0\u00bb]<\/p>\n<p><a href=\"https:\/\/www.pedagogie.ac-nice.fr\/daac\/adage\/\" target=\"_blank\" rel=\"noopener\"><img loading=\"lazy\" decoding=\"async\" class=\"aligncenter wp-image-314 size-medium\" src=\"https:\/\/www.pedagogie.ac-nice.fr\/daac\/wp-content\/uploads\/sites\/37\/2020\/08\/visuel-300x223.png\" alt=\"Adage est la plateforme qui permet de partage et de suivre l'actualit\u00e9 des projets EAC sur le territoire\" width=\"300\" height=\"223\" srcset=\"https:\/\/www.pedagogie.ac-nice.fr\/daac\/wp-content\/uploads\/sites\/37\/2020\/08\/visuel-300x223.png 300w, https:\/\/www.pedagogie.ac-nice.fr\/daac\/wp-content\/uploads\/sites\/37\/2020\/08\/visuel.png 368w\" sizes=\"(max-width: 300px) 100vw, 300px\" \/><\/a><\/p>\n<p>[\/et_pb_text][et_pb_divider _builder_version=\u00a0\u00bb4.10.7&Prime; _module_preset=\u00a0\u00bbdefault\u00a0\u00bb global_colors_info=\u00a0\u00bb{}\u00a0\u00bb][\/et_pb_divider][et_pb_accordion _builder_version=\u00a0\u00bb4.10.7&Prime; _module_preset=\u00a0\u00bbdefault\u00a0\u00bb global_colors_info=\u00a0\u00bb{}\u00a0\u00bb][et_pb_accordion_item title=\u00a0\u00bbAstuce n\u00b01 : dupliquer vos projets sur Adage\u00a0\u00bb open=\u00a0\u00bbon\u00a0\u00bb _builder_version=\u00a0\u00bb4.10.7&Prime; _module_preset=\u00a0\u00bbdefault\u00a0\u00bb global_colors_info=\u00a0\u00bb{}\u00a0\u00bb]<\/p>\n<p><a href=\"https:\/\/www.pedagogie.ac-nice.fr\/daac\/wp-content\/uploads\/sites\/37\/2022\/02\/Tuto-ADAGE-Dupliquer-un-projet-annee-anterieure.pdf\" target=\"_blank\" rel=\"noopener\"><img loading=\"lazy\" decoding=\"async\" class=\"aligncenter wp-image-8629\" src=\"https:\/\/www.pedagogie.ac-nice.fr\/daac\/wp-content\/uploads\/sites\/37\/2021\/10\/fichier_pdf.jpg\" alt=\"\" width=\"109\" height=\"114\"><\/a><\/p>\n<p>[\/et_pb_accordion_item][et_pb_accordion_item title=\u00a0\u00bbAstuce n\u00b0 2 : d\u00e9couvrir un projet sur Adage\u00a0\u00bb _builder_version=\u00a0\u00bb4.10.7&Prime; _module_preset=\u00a0\u00bbdefault\u00a0\u00bb global_colors_info=\u00a0\u00bb{}\u00a0\u00bb open=\u00a0\u00bboff\u00a0\u00bb]<\/p>\n<p><a href=\"https:\/\/www.pedagogie.ac-nice.fr\/daac\/wp-content\/uploads\/sites\/37\/2022\/03\/Decouvrir_un_projet_dans_Adage.pdf\" target=\"_blank\" rel=\"noopener\"><img loading=\"lazy\" decoding=\"async\" class=\"aligncenter wp-image-8629\" src=\"https:\/\/www.pedagogie.ac-nice.fr\/daac\/wp-content\/uploads\/sites\/37\/2021\/10\/fichier_pdf.jpg\" alt=\"\" width=\"134\" height=\"140\"><\/a><\/p>\n<p>[\/et_pb_accordion_item][et_pb_accordion_item title=\u00a0\u00bbRetour au recensement\u00a0\u00bb _builder_version=\u00a0\u00bb4.10.7&Prime; _module_preset=\u00a0\u00bbdefault\u00a0\u00bb global_colors_info=\u00a0\u00bb{}\u00a0\u00bb open=\u00a0\u00bboff\u00a0\u00bb]<\/p>\n<p><a href=\"https:\/\/www.pedagogie.ac-nice.fr\/daac\/adage\/recensement-des-actions-eac-sur-la-plateforme-adage\/\" target=\"_blank\" rel=\"noopener\"><img loading=\"lazy\" decoding=\"async\" class=\"aligncenter wp-image-8989 \" src=\"https:\/\/www.pedagogie.ac-nice.fr\/daac\/wp-content\/uploads\/sites\/37\/2021\/11\/recenser.jpg\" alt=\"\" width=\"123\" height=\"168\"><\/a><\/p>\n<p>[\/et_pb_accordion_item][et_pb_accordion_item title=\u00a0\u00bbFoire aux questions Adage\u00a0\u00bb _builder_version=\u00a0\u00bb4.10.7&Prime; _module_preset=\u00a0\u00bbdefault\u00a0\u00bb global_colors_info=\u00a0\u00bb{}\u00a0\u00bb open=\u00a0\u00bboff\u00a0\u00bb]<\/p>\n<p><a href=\"https:\/\/www.pedagogie.ac-nice.fr\/daac\/adage\/faq-et-aide-sur-adage\/\" target=\"_blank\" rel=\"noopener\"><img loading=\"lazy\" decoding=\"async\" class=\"aligncenter wp-image-8921 size-full\" src=\"https:\/\/www.pedagogie.ac-nice.fr\/daac\/wp-content\/uploads\/sites\/37\/2021\/11\/foire_aux_questions.jpg\" alt=\"\" width=\"235\" height=\"151\"><\/a><\/p>\n<p>[\/et_pb_accordion_item][et_pb_accordion_item title=\u00a0\u00bbAppel \u00e0 projet\u00a0\u00bb _builder_version=\u00a0\u00bb4.10.7&Prime; _module_preset=\u00a0\u00bbdefault\u00a0\u00bb global_colors_info=\u00a0\u00bb{}\u00a0\u00bb open=\u00a0\u00bboff\u00a0\u00bb]<\/p>\n<p><a href=\"https:\/\/www.pedagogie.ac-nice.fr\/daac\/appel-a-projets\/\" target=\"_blank\" rel=\"noopener\"><img loading=\"lazy\" decoding=\"async\" class=\"aligncenter wp-image-9183\" src=\"https:\/\/www.pedagogie.ac-nice.fr\/daac\/wp-content\/uploads\/sites\/37\/2021\/11\/appels_projets_DAAC-268x300.jpg\" alt=\"\" width=\"206\" height=\"231\" srcset=\"https:\/\/www.pedagogie.ac-nice.fr\/daac\/wp-content\/uploads\/sites\/37\/2021\/11\/appels_projets_DAAC-268x300.jpg 268w, https:\/\/www.pedagogie.ac-nice.fr\/daac\/wp-content\/uploads\/sites\/37\/2021\/11\/appels_projets_DAAC.jpg 281w\" sizes=\"(max-width: 206px) 100vw, 206px\" \/><\/a><\/p>\n<p>[\/et_pb_accordion_item][\/et_pb_accordion][\/et_pb_column][et_pb_column type=\u00a0\u00bb2_3&Prime; specialty_columns=\u00a0\u00bb2&Prime; _builder_version=\u00a0\u00bb3.25&Prime; custom_padding=\u00a0\u00bb|||\u00a0\u00bb global_colors_info=\u00a0\u00bb{}\u00a0\u00bb custom_padding__hover=\u00a0\u00bb|||\u00a0\u00bb][et_pb_row_inner _builder_version=\u00a0\u00bb4.10.7&Prime; _module_preset=\u00a0\u00bbdefault\u00a0\u00bb global_colors_info=\u00a0\u00bb{}\u00a0\u00bb][et_pb_column_inner saved_specialty_column_type=\u00a0\u00bb2_3&Prime; _builder_version=\u00a0\u00bb4.10.7&Prime; _module_preset=\u00a0\u00bbdefault\u00a0\u00bb global_colors_info=\u00a0\u00bb{}\u00a0\u00bb][et_pb_text _builder_version=\u00a0\u00bb4.10.7&Prime; _module_preset=\u00a0\u00bbdefault\u00a0\u00bb global_colors_info=\u00a0\u00bb{}\u00a0\u00bb]<\/p>\n<p><strong><span style=\"color: #ff6600; font-size: 14pt;\">Recensement pour les porteurs de projets EAC<\/span><\/strong><\/p>\n<p><span style=\"color: #0000ff;\">Retrouvez des tutoriels pour vous accompagner dans le recensement des projets sur la plateforme ADAGE.<\/span><\/p>\n<p>[\/et_pb_text][et_pb_text admin_label=\u00a0\u00bbvisuel porteurs de projets\u00a0\u00bb _builder_version=\u00a0\u00bb4.10.7&Prime; _module_preset=\u00a0\u00bbdefault\u00a0\u00bb global_colors_info=\u00a0\u00bb{}\u00a0\u00bb]<\/p>\n<p><a href=\"https:\/\/www.pedagogie.ac-nice.fr\/daac\/adage\/recensement-des-actions-eac-sur-la-plateforme-adage\/\" target=\"_blank\" rel=\"noopener\"><img loading=\"lazy\" decoding=\"async\" class=\"aligncenter wp-image-8667\" src=\"https:\/\/www.pedagogie.ac-nice.fr\/daac\/wp-content\/uploads\/sites\/37\/2021\/10\/porteurs_projets.jpg\" alt=\"\" width=\"176\" height=\"172\"><\/a><\/p>\n<p>[\/et_pb_text][\/et_pb_column_inner][\/et_pb_row_inner][et_pb_row_inner column_structure=\u00a0\u00bb1_2,1_2&Prime; _builder_version=\u00a0\u00bb4.10.7&Prime; _module_preset=\u00a0\u00bbdefault\u00a0\u00bb global_colors_info=\u00a0\u00bb{}\u00a0\u00bb][et_pb_column_inner type=\u00a0\u00bb1_2&Prime; saved_specialty_column_type=\u00a0\u00bb2_3&Prime; _builder_version=\u00a0\u00bb4.10.7&Prime; _module_preset=\u00a0\u00bbdefault\u00a0\u00bb global_colors_info=\u00a0\u00bb{}\u00a0\u00bb][et_pb_divider _builder_version=\u00a0\u00bb4.10.7&Prime; _module_preset=\u00a0\u00bbdefault\u00a0\u00bb global_colors_info=\u00a0\u00bb{}\u00a0\u00bb][\/et_pb_divider][et_pb_text admin_label=\u00a0\u00bbD\u00e9couvrir projets\u00a0\u00bb _builder_version=\u00a0\u00bb4.10.7&Prime; _module_preset=\u00a0\u00bbdefault\u00a0\u00bb global_colors_info=\u00a0\u00bb{}\u00a0\u00bb]<\/p>\n<p style=\"text-align: center;\"><strong><span style=\"color: #ff6600;\">D\u00e9couvrir des projets d&rsquo;autres \u00e9tablissements<\/span><\/strong><br \/><a href=\"https:\/\/www.pedagogie.ac-nice.fr\/daac\/wp-content\/uploads\/sites\/37\/2022\/03\/Decouvrir_un_projet_dans_Adage.pdf\" target=\"_blank\" rel=\"noopener\"><img loading=\"lazy\" decoding=\"async\" class=\"alignnone wp-image-8629\" src=\"https:\/\/www.pedagogie.ac-nice.fr\/daac\/wp-content\/uploads\/sites\/37\/2021\/10\/fichier_pdf.jpg\" alt=\"\" width=\"162\" height=\"170\" \/><\/a><\/p>\n<p>[\/et_pb_text][et_pb_divider _builder_version=\u00a0\u00bb4.10.7&Prime; _module_preset=\u00a0\u00bbdefault\u00a0\u00bb global_colors_info=\u00a0\u00bb{}\u00a0\u00bb][\/et_pb_divider][et_pb_text admin_label=\u00a0\u00bbtuto global Adage\u00a0\u00bb _builder_version=\u00a0\u00bb4.10.7&Prime; _module_preset=\u00a0\u00bbdefault\u00a0\u00bb global_colors_info=\u00a0\u00bb{}\u00a0\u00bb]<\/p>\n<p style=\"text-align: center;\"><strong><span style=\"color: #ff6600;\">Tuto complet de recensement des projets Adage<\/span> <\/strong><br \/><a href=\"https:\/\/www.pedagogie.ac-nice.fr\/daac\/wp-content\/uploads\/sites\/37\/2022\/12\/Tuto-global-recensement-projet-ADAGE-vers-3.pdf\" target=\"_blank\" rel=\"noopener\"><img loading=\"lazy\" decoding=\"async\" class=\"aligncenter wp-image-8629\" src=\"https:\/\/www.pedagogie.ac-nice.fr\/daac\/wp-content\/uploads\/sites\/37\/2021\/10\/fichier_pdf.jpg\" alt=\"\" width=\"168\" height=\"175\" \/><\/a><\/p>\n<p>[\/et_pb_text][et_pb_divider _builder_version=\u00a0\u00bb4.10.7&Prime; _module_preset=\u00a0\u00bbdefault\u00a0\u00bb custom_margin=\u00a0\u00bb6px|||||\u00a0\u00bb global_colors_info=\u00a0\u00bb{}\u00a0\u00bb][\/et_pb_divider][et_pb_text admin_label=\u00a0\u00bbcr\u00e9ation  d&rsquo;un groupe classe 2022&Prime; _builder_version=\u00a0\u00bb4.10.7&Prime; _module_preset=\u00a0\u00bbdefault\u00a0\u00bb global_colors_info=\u00a0\u00bb{}\u00a0\u00bb]<\/p>\n<p style=\"text-align: center;\"><strong><span style=\"color: #ff6600;\">Cr\u00e9ation d&rsquo;un groupe classe<\/span><\/strong><br \/><a href=\"https:\/\/www.pedagogie.ac-nice.fr\/daac\/wp-content\/uploads\/sites\/37\/2022\/12\/Tuto-ADAGE-creation-de-groupe-classes-pour-le-recensement-v2.pdf\" target=\"_blank\" rel=\"noopener\"><img loading=\"lazy\" decoding=\"async\" class=\"alignnone wp-image-8629\" src=\"https:\/\/www.pedagogie.ac-nice.fr\/daac\/wp-content\/uploads\/sites\/37\/2021\/10\/fichier_pdf.jpg\" alt=\"\" width=\"162\" height=\"170\" \/><\/a><\/p>\n<p>[\/et_pb_text][et_pb_divider _builder_version=\u00a0\u00bb4.10.7&Prime; _module_preset=\u00a0\u00bbdefault\u00a0\u00bb global_colors_info=\u00a0\u00bb{}\u00a0\u00bb][\/et_pb_divider][et_pb_text admin_label=\u00a0\u00bblistes\u00a0\u00bb _builder_version=\u00a0\u00bb4.10.7&Prime; _module_preset=\u00a0\u00bbdefault\u00a0\u00bb global_colors_info=\u00a0\u00bb{}\u00a0\u00bb]<\/p>\n<p style=\"text-align: center;\"><strong><span style=\"color: #ff6600;\">Listes des enseignements, dispositifs et \u00e9v\u00e9nements<\/span> <\/strong><br \/><a href=\"https:\/\/www.pedagogie.ac-nice.fr\/daac\/wp-content\/uploads\/sites\/37\/2022\/03\/outils_aide_recensement_2022.pdf\" target=\"_blank\" rel=\"noopener\"><img loading=\"lazy\" decoding=\"async\" class=\"aligncenter wp-image-8629\" src=\"https:\/\/www.pedagogie.ac-nice.fr\/daac\/wp-content\/uploads\/sites\/37\/2021\/10\/fichier_pdf.jpg\" alt=\"\" width=\"152\" height=\"158\" \/><\/a><\/p>\n<p>[\/et_pb_text][et_pb_divider _builder_version=\u00a0\u00bb4.10.7&Prime; _module_preset=\u00a0\u00bbdefault\u00a0\u00bb global_colors_info=\u00a0\u00bb{}\u00a0\u00bb][\/et_pb_divider][et_pb_text admin_label=\u00a0\u00bbsuivi parcours EAC \u00e9l\u00e8ve\u00a0\u00bb _builder_version=\u00a0\u00bb4.10.7&Prime; _module_preset=\u00a0\u00bbdefault\u00a0\u00bb global_colors_info=\u00a0\u00bb{}\u00a0\u00bb]<\/p>\n<p style=\"text-align: center;\"><strong><span style=\"color: #ff6600;\">Suivi du parcours EAC des \u00e9l\u00e8ves<\/span><\/strong><br \/><a href=\"https:\/\/www.pedagogie.ac-nice.fr\/daac\/wp-content\/uploads\/sites\/37\/2022\/03\/Tuto_suivi_parcours_EAC_eleves.pdf\" target=\"_blank\" rel=\"noopener\"><img loading=\"lazy\" decoding=\"async\" class=\"alignnone wp-image-8629\" src=\"https:\/\/www.pedagogie.ac-nice.fr\/daac\/wp-content\/uploads\/sites\/37\/2021\/10\/fichier_pdf.jpg\" alt=\"\" width=\"162\" height=\"170\"><\/a><\/p>\n<p>[\/et_pb_text][\/et_pb_column_inner][et_pb_column_inner type=\u00a0\u00bb1_2&Prime; saved_specialty_column_type=\u00a0\u00bb2_3&Prime; _builder_version=\u00a0\u00bb4.10.7&Prime; _module_preset=\u00a0\u00bbdefault\u00a0\u00bb global_colors_info=\u00a0\u00bb{}\u00a0\u00bb][et_pb_divider _builder_version=\u00a0\u00bb4.10.7&Prime; _module_preset=\u00a0\u00bbdefault\u00a0\u00bb global_colors_info=\u00a0\u00bb{}\u00a0\u00bb][\/et_pb_divider][et_pb_text admin_label=\u00a0\u00bbdemander \u00e0 \u00eatre r\u00e9dacteur de projet\u00a0\u00bb _builder_version=\u00a0\u00bb4.10.7&Prime; _module_preset=\u00a0\u00bbdefault\u00a0\u00bb custom_margin=\u00a0\u00bb-22px|||||\u00a0\u00bb global_colors_info=\u00a0\u00bb{}\u00a0\u00bb]<\/p>\n<p style=\"text-align: center;\"><strong><span style=\"color: #ff6600;\">Demander \u00e0 \u00eatre r\u00e9dacteur de projet<\/span> <\/strong><br \/><a href=\"https:\/\/www.pedagogie.ac-nice.fr\/daac\/wp-content\/uploads\/sites\/37\/2022\/04\/Demander-a-etre-redacteur-de-projet.pdf\" target=\"_blank\" rel=\"noopener\"><img loading=\"lazy\" decoding=\"async\" class=\"aligncenter wp-image-8629\" src=\"https:\/\/www.pedagogie.ac-nice.fr\/daac\/wp-content\/uploads\/sites\/37\/2021\/10\/fichier_pdf.jpg\" alt=\"\" width=\"157\" height=\"164\" \/><\/a><\/p>\n<p>[\/et_pb_text][et_pb_divider _builder_version=\u00a0\u00bb4.10.7&Prime; _module_preset=\u00a0\u00bbdefault\u00a0\u00bb custom_margin=\u00a0\u00bb31px|||||\u00a0\u00bb global_colors_info=\u00a0\u00bb{}\u00a0\u00bb][\/et_pb_divider][et_pb_text admin_label=\u00a0\u00bbMonter projet pass culture v5&Prime; _builder_version=\u00a0\u00bb4.10.7&Prime; _module_preset=\u00a0\u00bbdefault\u00a0\u00bb hover_enabled=\u00a0\u00bb0&Prime; global_colors_info=\u00a0\u00bb{}\u00a0\u00bb sticky_enabled=\u00a0\u00bb0&Prime;]<\/p>\n<p style=\"text-align: center;\"><strong><span style=\"color: #ff6600;\">Monter un projet pass Culture v5<\/span><\/strong><br \/><a href=\"https:\/\/www.pedagogie.ac-nice.fr\/daac\/wp-content\/uploads\/sites\/37\/2023\/04\/ADAGE-v5-Presentation-et-utilisation-pass-culture-1.pdf\" target=\"_blank\" rel=\"noopener\"><img loading=\"lazy\" decoding=\"async\" class=\"aligncenter wp-image-8629\" src=\"https:\/\/www.pedagogie.ac-nice.fr\/daac\/wp-content\/uploads\/sites\/37\/2021\/10\/fichier_pdf.jpg\" alt=\"\" width=\"168\" height=\"175\" \/><\/a><\/p>\n<p>[\/et_pb_text][et_pb_divider _builder_version=\u00a0\u00bb4.10.7&Prime; _module_preset=\u00a0\u00bbdefault\u00a0\u00bb custom_margin=\u00a0\u00bb-1px|||||\u00a0\u00bb global_colors_info=\u00a0\u00bb{}\u00a0\u00bb][\/et_pb_divider][et_pb_text admin_label=\u00a0\u00bbdoc d&rsquo;aide .doc\u00a0\u00bb _builder_version=\u00a0\u00bb4.10.7&Prime; _module_preset=\u00a0\u00bbdefault\u00a0\u00bb global_colors_info=\u00a0\u00bb{}\u00a0\u00bb]<\/p>\n<p style=\"text-align: center;\"><strong><span style=\"color: #ff6600;\">Document d&rsquo;aide au recensement<br \/><\/span><\/strong><span style=\"color: #ff6600;\"><span style=\"font-size: 10pt;\">format modifiable<\/span><\/span><strong><span style=\"color: #ff6600;\"><br \/><\/span><\/strong><a href=\"https:\/\/www.pedagogie.ac-nice.fr\/daac\/wp-content\/uploads\/sites\/37\/2021\/03\/outils-aide-au-recensement-2021.doc\" target=\"_blank\" rel=\"noopener\"><img loading=\"lazy\" decoding=\"async\" class=\"aligncenter wp-image-8621\" src=\"https:\/\/www.pedagogie.ac-nice.fr\/daac\/wp-content\/uploads\/sites\/37\/2021\/10\/fichier_modifiable.jpg\" alt=\"\" width=\"170\" height=\"171\" srcset=\"https:\/\/www.pedagogie.ac-nice.fr\/daac\/wp-content\/uploads\/sites\/37\/2021\/10\/fichier_modifiable.jpg 273w, https:\/\/www.pedagogie.ac-nice.fr\/daac\/wp-content\/uploads\/sites\/37\/2021\/10\/fichier_modifiable-150x150.jpg 150w\" sizes=\"(max-width: 170px) 100vw, 170px\" \/><\/a><\/p>\n<p>[\/et_pb_text][et_pb_divider _builder_version=\u00a0\u00bb4.10.7&Prime; _module_preset=\u00a0\u00bbdefault\u00a0\u00bb global_colors_info=\u00a0\u00bb{}\u00a0\u00bb][\/et_pb_divider][et_pb_text admin_label=\u00a0\u00bbdoc d&rsquo;aide .pdf\u00a0\u00bb _builder_version=\u00a0\u00bb4.10.7&Prime; _module_preset=\u00a0\u00bbdefault\u00a0\u00bb global_colors_info=\u00a0\u00bb{}\u00a0\u00bb]<\/p>\n<p style=\"text-align: center;\"><strong><span style=\"color: #ff6600;\">Document d&rsquo;aide au recensement<br \/><\/span><\/strong><span style=\"color: #ff6600;\"><span style=\"font-size: 10pt;\">format .pdf<\/span><\/span><br \/><a href=\"https:\/\/www.pedagogie.ac-nice.fr\/daac\/wp-content\/uploads\/sites\/37\/2021\/02\/outils-aide-recensements-2021.pdf\" target=\"_blank\" rel=\"noopener\"><img loading=\"lazy\" decoding=\"async\" class=\"aligncenter wp-image-8629\" src=\"https:\/\/www.pedagogie.ac-nice.fr\/daac\/wp-content\/uploads\/sites\/37\/2021\/10\/fichier_pdf.jpg\" alt=\"\" width=\"164\" height=\"172\" \/><\/a><\/p>\n<p>[\/et_pb_text][et_pb_divider _builder_version=\u00a0\u00bb4.10.7&Prime; _module_preset=\u00a0\u00bbdefault\u00a0\u00bb global_colors_info=\u00a0\u00bb{}\u00a0\u00bb][\/et_pb_divider][et_pb_text admin_label=\u00a0\u00bbrenseigner projets v5&Prime; _builder_version=\u00a0\u00bb4.10.7&Prime; _module_preset=\u00a0\u00bbdefault\u00a0\u00bb hover_enabled=\u00a0\u00bb0&Prime; global_colors_info=\u00a0\u00bb{}\u00a0\u00bb sticky_enabled=\u00a0\u00bb0&Prime;]<\/p>\n<p style=\"text-align: center;\"><strong><span style=\"color: #ff6600;\">Renseigner ses projets EAC V5\u00a0<\/span><\/strong><br \/><a href=\"https:\/\/www.pedagogie.ac-nice.fr\/daac\/wp-content\/uploads\/sites\/37\/2023\/04\/ADAGE-v5-Presentation-je-renseigne-mes-projets-2022-23-1.pdf\" target=\"_blank\" rel=\"noopener\"><img loading=\"lazy\" decoding=\"async\" class=\"alignnone wp-image-8629\" src=\"https:\/\/www.pedagogie.ac-nice.fr\/daac\/wp-content\/uploads\/sites\/37\/2021\/10\/fichier_pdf.jpg\" alt=\"\" width=\"162\" height=\"170\" \/><\/a><\/p>\n<p>[\/et_pb_text][\/et_pb_column_inner][\/et_pb_row_inner][\/et_pb_column][\/et_pb_section]<\/p>\n","protected":false},"excerpt":{"rendered":"<p>Recensement pour les porteurs de projets EAC Retrouvez des tutoriels pour vous accompagner dans le recensement des projets sur la plateforme ADAGE.D\u00e9couvrir des projets d&rsquo;autres \u00e9tablissementsTuto complet de recensement des projets Adage Cr\u00e9ation d&rsquo;un groupe classeListes des enseignements, dispositifs et \u00e9v\u00e9nements Suivi du parcours EAC des \u00e9l\u00e8vesDemander \u00e0 \u00eatre r\u00e9dacteur de projet Monter un projet [&hellip;]<\/p>\n","protected":false},"author":274,"featured_media":0,"parent":0,"menu_order":0,"comment_status":"closed","ping_status":"closed","template":"","meta":{"_et_pb_use_builder":"on","_et_pb_old_content":"<p style=\"text-align: left;\"><strong>Retrouvez des tutoriels vid\u00e9os pour vous accompagner :<\/strong><\/p><p><img src=\"https:\/\/www.pedagogie.ac-nice.fr\/daac\/wp-content\/uploads\/sites\/37\/2020\/12\/logo_camera_rose.png\" alt=\"logo_camera_rose\">Pr\u00e9sentation succincte du recensement\u00a0 \u00a0 <a href=\"https:\/\/acamedia.ac-nice.fr\/v2\/recensement-des-projets-adage_v6066\" target=\"_blank\" rel=\"noopener\"><img class=\"alignnone\" src=\"https:\/\/www.pedagogie.ac-nice.fr\/daac\/wp-content\/uploads\/sites\/37\/2020\/12\/puce_rose.jpg\" alt=\"\" width=\"80\" height=\"65\"><\/a><\/p><p><img src=\"https:\/\/www.pedagogie.ac-nice.fr\/daac\/wp-content\/uploads\/sites\/37\/2020\/12\/logo_camera_rose.png\" alt=\"logo_camera_rose\">Pourquoi compl\u00e9ter le volet culturel ?\u00a0 \u00a0\u00a0<a href=\"https:\/\/acamedia.ac-nice.fr\/v2\/pourquoi-completer-le-volet-culturel-_v6120\" target=\"_blank\" rel=\"noopener\"><img class=\"alignnone\" src=\"https:\/\/www.pedagogie.ac-nice.fr\/daac\/wp-content\/uploads\/sites\/37\/2020\/12\/puce_rose.jpg\" alt=\"\" width=\"80\" height=\"65\"><\/a><\/p><p><img src=\"https:\/\/www.pedagogie.ac-nice.fr\/daac\/wp-content\/uploads\/sites\/37\/2020\/12\/logo_camera_rose.png\" alt=\"logo_camera_rose\">Les composantes d'un projet d'EAC\u00a0 \u00a0\u00a0<a href=\"https:\/\/acamedia.ac-nice.fr\/v2\/les-composantes-d%E2%80%99un-projet-eac_v6121\" target=\"_blank\" rel=\"noopener\"><img class=\"alignnone\" src=\"https:\/\/www.pedagogie.ac-nice.fr\/daac\/wp-content\/uploads\/sites\/37\/2020\/12\/puce_rose.jpg\" alt=\"\" width=\"80\" height=\"65\"><\/a><\/p><p><strong>Et des tutoriels classiques :<\/strong><\/p><p>Demander \u00e0 \u00eatre r\u00e9dacteur de projet\u00a0<a href=\"https:\/\/www.pedagogie.ac-nice.fr\/daac\/wp-content\/uploads\/sites\/37\/2021\/01\/Comment-devenir-redacteur-sur-ADAGE-enseignant.pdf\"><img class=\"alignnone wp-image-1500 size-full\" src=\"https:\/\/www.pedagogie.ac-nice.fr\/daac\/wp-content\/uploads\/sites\/37\/2020\/12\/puce_verte.jpg\" alt=\"puce verte adage\" width=\"63\" height=\"58\"><\/a><\/p><p>Document de travail d'aide au recensement <a href=\"https:\/\/www.pedagogie.ac-nice.fr\/daac\/wp-content\/uploads\/sites\/37\/2021\/02\/outils-aide-recensements-2021.pdf\"><img class=\"alignnone wp-image-1500 size-full\" src=\"https:\/\/www.pedagogie.ac-nice.fr\/daac\/wp-content\/uploads\/sites\/37\/2020\/12\/puce_verte.jpg\" alt=\"puce verte adage\" width=\"63\" height=\"58\"><\/a><\/p><p>Document de travail d'aide au recensement (doc) <a href=\"https:\/\/www.pedagogie.ac-nice.fr\/daac\/wp-content\/uploads\/sites\/37\/2021\/03\/outils-aide-au-recensement-2021.doc\"><img class=\"alignnone wp-image-1500 size-full\" src=\"https:\/\/www.pedagogie.ac-nice.fr\/daac\/wp-content\/uploads\/sites\/37\/2020\/12\/puce_verte.jpg\" alt=\"puce verte adage\" width=\"63\" height=\"58\"><\/a><\/p><p>Document de travail d'aide au recensement (listes) <a href=\"https:\/\/www.pedagogie.ac-nice.fr\/daac\/wp-content\/uploads\/sites\/37\/2021\/02\/outils-aide-au-recensement-Listes-2021.pdf\"><img class=\"alignnone wp-image-1500 size-full\" src=\"https:\/\/www.pedagogie.ac-nice.fr\/daac\/wp-content\/uploads\/sites\/37\/2020\/12\/puce_verte.jpg\" alt=\"puce verte adage\" width=\"63\" height=\"58\"><\/a><\/p><p>Tutoriel Recensement des projets, carto et suivi \u00e9l\u00e8ves <a href=\"https:\/\/www.pedagogie.ac-nice.fr\/daac\/wp-content\/uploads\/sites\/37\/2021\/03\/Tuto-recensement-projet-ADAGE-avec-carto-suivi-eleve-avril-2021.pdf\"><img class=\"alignnone wp-image-1500 size-full\" src=\"https:\/\/www.pedagogie.ac-nice.fr\/daac\/wp-content\/uploads\/sites\/37\/2020\/12\/puce_verte.jpg\" alt=\"puce verte adage\" width=\"63\" height=\"58\"><\/a><\/p><p><a href=\"https:\/\/www.pedagogie.ac-nice.fr\/daac\/adage\/\" target=\"_blank\" rel=\"noopener\"><img class=\"alignnone wp-image-1500\" src=\"https:\/\/www.pedagogie.ac-nice.fr\/daac\/wp-content\/uploads\/sites\/37\/2020\/12\/puce_verte.jpg\" alt=\"puce verte adage\" width=\"56\" height=\"52\"><\/a>Pr\u00e9sentation d'Adage<\/p><p><a href=\"https:\/\/www.pedagogie.ac-nice.fr\/daac\/adage\/en-savoir-plus-sur-adage\/\" target=\"_blank\" rel=\"noopener\"><img class=\"alignnone wp-image-1939\" src=\"https:\/\/www.pedagogie.ac-nice.fr\/daac\/wp-content\/uploads\/sites\/37\/2021\/01\/puce-rose-2.png\" alt=\"puce rose adage\" width=\"54\" height=\"51\"><\/a>En savoir plus sur Adage<\/p><p><a href=\"https:\/\/www.pedagogie.ac-nice.fr\/daac\/adage\/faq-et-aide-sur-adage\/\" target=\"_blank\" rel=\"noopener\"><img class=\"alignnone wp-image-1498\" src=\"https:\/\/www.pedagogie.ac-nice.fr\/daac\/wp-content\/uploads\/sites\/37\/2020\/12\/puce_bleue.jpg\" alt=\"puce bleue adage\" width=\"51\" height=\"48\"><\/a>FAQ Adage et demande d'aide<\/p>","_et_gb_content_width":"","ngg_post_thumbnail":0,"footnotes":""},"class_list":["post-1973","page","type-page","status-publish","hentry"],"rttpg_featured_image_url":null,"rttpg_author":{"display_name":"obarthelemy","author_link":"https:\/\/www.pedagogie.ac-nice.fr\/daac\/author\/obarthelemy\/"},"rttpg_comment":0,"rttpg_category":null,"rttpg_excerpt":"Recensement pour les porteurs de projets EAC Retrouvez des tutoriels pour vous accompagner dans le recensement des projets sur la plateforme ADAGE.D\u00e9couvrir des projets d'autres \u00e9tablissementsTuto complet de recensement des projets Adage Cr\u00e9ation d'un groupe classeListes des enseignements, dispositifs et \u00e9v\u00e9nements Suivi du parcours EAC des \u00e9l\u00e8vesDemander \u00e0 \u00eatre r\u00e9dacteur de projet Monter un projet\u2026","post_mailing_queue_ids":[],"_links":{"self":[{"href":"https:\/\/www.pedagogie.ac-nice.fr\/daac\/wp-json\/wp\/v2\/pages\/1973","targetHints":{"allow":["GET"]}}],"collection":[{"href":"https:\/\/www.pedagogie.ac-nice.fr\/daac\/wp-json\/wp\/v2\/pages"}],"about":[{"href":"https:\/\/www.pedagogie.ac-nice.fr\/daac\/wp-json\/wp\/v2\/types\/page"}],"author":[{"embeddable":true,"href":"https:\/\/www.pedagogie.ac-nice.fr\/daac\/wp-json\/wp\/v2\/users\/274"}],"replies":[{"embeddable":true,"href":"https:\/\/www.pedagogie.ac-nice.fr\/daac\/wp-json\/wp\/v2\/comments?post=1973"}],"version-history":[{"count":58,"href":"https:\/\/www.pedagogie.ac-nice.fr\/daac\/wp-json\/wp\/v2\/pages\/1973\/revisions"}],"predecessor-version":[{"id":14883,"href":"https:\/\/www.pedagogie.ac-nice.fr\/daac\/wp-json\/wp\/v2\/pages\/1973\/revisions\/14883"}],"wp:attachment":[{"href":"https:\/\/www.pedagogie.ac-nice.fr\/daac\/wp-json\/wp\/v2\/media?parent=1973"}],"curies":[{"name":"wp","href":"https:\/\/api.w.org\/{rel}","templated":true}]}}