{"id":2178,"date":"2021-02-01T21:42:40","date_gmt":"2021-02-01T20:42:40","guid":{"rendered":"https:\/\/www.pedagogie.ac-nice.fr\/daac\/?page_id=2178"},"modified":"2023-02-21T15:12:55","modified_gmt":"2023-02-21T14:12:55","slug":"prix-unicef-de-la-litterature-jeunesse","status":"publish","type":"page","link":"https:\/\/www.pedagogie.ac-nice.fr\/daac\/prix-unicef-de-la-litterature-jeunesse\/","title":{"rendered":"Prix Unicef de la Litt\u00e9rature Jeunesse"},"content":{"rendered":"<p>[et_pb_section admin_label=\u00a0\u00bbsection\u00a0\u00bb]<br \/>\n\t\t\t[et_pb_row admin_label=\u00a0\u00bbrow\u00a0\u00bb]<br \/>\n\t\t\t\t[et_pb_column type=\u00a0\u00bb4_4&Prime;][et_pb_text admin_label=\u00a0\u00bbText\u00a0\u00bb]<\/p>\n<p style=\"text-align: center;\"><a href=\"https:\/\/www.pedagogie.ac-nice.fr\/daac\/wp-content\/uploads\/sites\/37\/2021\/02\/prix_unicef_litterature_jeunesse.jpg\"><img loading=\"lazy\" decoding=\"async\" class=\"alignnone size-full wp-image-2177\" src=\"https:\/\/www.pedagogie.ac-nice.fr\/daac\/wp-content\/uploads\/sites\/37\/2021\/02\/prix_unicef_litterature_jeunesse.jpg\" alt=\"\" width=\"990\" height=\"294\" srcset=\"https:\/\/www.pedagogie.ac-nice.fr\/daac\/wp-content\/uploads\/sites\/37\/2021\/02\/prix_unicef_litterature_jeunesse.jpg 990w, https:\/\/www.pedagogie.ac-nice.fr\/daac\/wp-content\/uploads\/sites\/37\/2021\/02\/prix_unicef_litterature_jeunesse-300x89.jpg 300w, https:\/\/www.pedagogie.ac-nice.fr\/daac\/wp-content\/uploads\/sites\/37\/2021\/02\/prix_unicef_litterature_jeunesse-768x228.jpg 768w\" sizes=\"(max-width: 990px) 100vw, 990px\" \/><\/a><\/p>\n<p><strong> Prix UNICEF de litt\u00e9rature jeunesse 2021<\/strong>.<\/p>\n<p style=\"text-align: justify;\">Depuis 2016, le Prix UNICEF de litt\u00e9rature jeunesse permet de sensibiliser aux droits de l\u2019enfant gr\u00e2ce \u00e0 la lecture, et de r\u00e9compenser des ouvrages porteurs des valeurs de l\u2019UNICEF.<\/p>\n<p style=\"text-align: center;\"><span style=\"color: #ff00ff;\">Le jury ? Les enfants eux-m\u00eames !<\/span><\/p>\n<p style=\"text-align: justify;\">Ce prix litt\u00e9raire s\u2019adresse directement aux enfants et aux jeunes de <strong>3 \u00e0 15 ans<\/strong> et leur permet de voter pour leur livre pr\u00e9f\u00e9r\u00e9 parmi une s\u00e9lection th\u00e9matique d\u2019ouvrages et r\u00e9partis par cat\u00e9gorie d\u2019\u00e2ge (3-5 ans, 6-8 ans, 9-12 ans, 13-15 ans).<br \/>\nUne belle occasion de <strong>sensibiliser les enfants et les jeunes \u00e0 leurs droits <\/strong>\u00e0 travers la lecture, le th\u00e8me de la s\u00e9lection changeant au fil des \u00e9ditions ! 8000 enfants ont vot\u00e9 en 2019 !<\/p>\n<p style=\"text-align: center;\"><span style=\"color: #0000ff;\"><strong>THEMATIQUE 2021 : Au fil des \u00e9motions <\/strong><\/span><\/p>\n<p style=\"text-align: justify;\">Cette nouvelle \u00e9dition valorise des ouvrages sur la th\u00e8me de la gestion des \u00e9motions et de la sant\u00e9 mentale, un aspect essentiel du bien-\u00eatre des enfants et adolescents.<\/p>\n<p style=\"text-align: justify;\">Les livres s\u00e9lectionn\u00e9s permettent d\u2019aborder des sujets tels que la confiance en soi, la gestion de la tristesse et les peurs, la compr\u00e9hension des troubles psychologiques, comment accepter ses<br \/>\ndiff\u00e9rences et celles des autres&#8230;<\/p>\n<p style=\"text-align: justify;\">A travers la litt\u00e9rature, il est possible d\u2019ouvrir le dialogue chez les plus jeunes autour de la sant\u00e9 mentale, afin de se d\u00e9faire des pr\u00e9jug\u00e9s et de lib\u00e9rer la parole.<\/p>\n<p style=\"text-align: justify;\">Il s\u2019agit par ailleurs d\u2019un th\u00e8me ancr\u00e9 dans l\u2019actualit\u00e9, car les situations r\u00e9centes de confinement dues au COVID-19 ont des cons\u00e9quences sur l\u2019anxi\u00e9t\u00e9 et le stress chez les jeunes.<\/p>\n<p style=\"text-align: justify;\">Pour accompagner la lecture de ces \u0153uvres,&nbsp; <strong>des outils p\u00e9dagogiques<\/strong> con\u00e7us en partenariat avec le laboratoire de recherche de l\u2019Universit\u00e9 d\u2019Angers Enjeu[x] sont mis \u00e0 disposition des enseignants <strong>gratuitement.&nbsp; D<\/strong><strong>es versions <\/strong><strong>audio-d\u00e9crites <\/strong>des ouvrages des cat\u00e9gories 3-5 ans et 6-8 ans sont \u00e9galement disponibles afin de permettre aux enfants d\u00e9ficients visuels de participer.Les ressources pour la nouvelle \u00e9dition 2021 sont en cours de cr\u00e9ation et seront disponibles prochainement sur le site d\u00e9di\u00e9 <a href=\"https:\/\/my.unicef.fr\/contenu\/prix-unicef-de-litterature-jeunesse-2021\" target=\"_blank\" rel=\"noopener\"><img loading=\"lazy\" decoding=\"async\" class=\"alignnone wp-image-1939\" src=\"https:\/\/www.pedagogie.ac-nice.fr\/daac\/wp-content\/uploads\/sites\/37\/2021\/01\/puce-rose-2.png\" alt=\"\" width=\"36\" height=\"34\"><\/a><\/p>\n<p>Retrouvez toutes les informations et le calendrier ici : <a href=\"https:\/\/www.pedagogie.ac-nice.fr\/daac\/wp-content\/uploads\/sites\/37\/2021\/02\/Mode-demploi-Prix-UNICEF-2021_3.pdf\" target=\"_blank\" rel=\"noopener\"><img loading=\"lazy\" decoding=\"async\" class=\"alignnone wp-image-1498\" src=\"https:\/\/www.pedagogie.ac-nice.fr\/daac\/wp-content\/uploads\/sites\/37\/2020\/12\/puce_bleue.jpg\" alt=\"puce bleue adage\" width=\"39\" height=\"37\"><\/a><\/p>\n<p style=\"text-align: center;\">Votes jusqu&rsquo;au 31 ao\u00fbt 2021<\/p>\n<p>[\/et_pb_text][\/et_pb_column]<br \/>\n\t\t\t[\/et_pb_row]<br \/>\n\t\t[\/et_pb_section]<\/p>\n","protected":false},"excerpt":{"rendered":"<p>Prix UNICEF de litt\u00e9rature jeunesse 2021. Depuis 2016, le Prix UNICEF de litt\u00e9rature jeunesse permet de sensibiliser aux droits de l\u2019enfant gr\u00e2ce \u00e0 la lecture, et de r\u00e9compenser des ouvrages porteurs des valeurs de l\u2019UNICEF. Le jury ? Les enfants eux-m\u00eames ! Ce prix litt\u00e9raire s\u2019adresse directement aux enfants et aux jeunes de 3 \u00e0 [&hellip;]<\/p>\n","protected":false},"author":241,"featured_media":0,"parent":0,"menu_order":0,"comment_status":"closed","ping_status":"closed","template":"","meta":{"_et_pb_use_builder":"on","_et_pb_old_content":"<p style=\"text-align: center;\"><a href=\"https:\/\/www.pedagogie.ac-nice.fr\/daac\/wp-content\/uploads\/sites\/37\/2021\/02\/prix_unicef_litterature_jeunesse.jpg\"><img class=\"alignnone size-full wp-image-2177\" src=\"https:\/\/www.pedagogie.ac-nice.fr\/daac\/wp-content\/uploads\/sites\/37\/2021\/02\/prix_unicef_litterature_jeunesse.jpg\" alt=\"\" width=\"990\" height=\"294\"><\/a><\/p>\r\n<strong> Prix UNICEF de litt\u00e9rature jeunesse 2021<\/strong>.\r\n<p style=\"text-align: justify;\">Depuis 2016, le Prix UNICEF de litt\u00e9rature jeunesse permet de sensibiliser aux droits de l\u2019enfant gr\u00e2ce \u00e0 la lecture, et de r\u00e9compenser des ouvrages porteurs des valeurs de l\u2019UNICEF.<\/p>\r\n<p style=\"text-align: center;\"><span style=\"color: #ff00ff;\">Le jury ? Les enfants eux-m\u00eames !<\/span><\/p>\r\n<p style=\"text-align: justify;\">Ce prix litt\u00e9raire s\u2019adresse directement aux enfants et aux jeunes de <strong>3 \u00e0 15 ans<\/strong> et leur permet de voter pour leur livre pr\u00e9f\u00e9r\u00e9 parmi une s\u00e9lection th\u00e9matique d\u2019ouvrages et r\u00e9partis par cat\u00e9gorie d\u2019\u00e2ge (3-5 ans, 6-8 ans, 9-12 ans, 13-15 ans).\r\nUne belle occasion de <strong>sensibiliser les enfants et les jeunes \u00e0 leurs droits <\/strong>\u00e0 travers la lecture, le th\u00e8me de la s\u00e9lection changeant au fil des \u00e9ditions ! 8000 enfants ont vot\u00e9 en 2019 !<\/p>\r\n<p style=\"text-align: center;\"><span style=\"color: #0000ff;\"><strong>THEMATIQUE 2021 : Au fil des \u00e9motions <\/strong><\/span><\/p>\r\n<p style=\"text-align: justify;\">Cette nouvelle \u00e9dition valorise des ouvrages sur la th\u00e8me de la gestion des \u00e9motions et de la sant\u00e9 mentale, un aspect essentiel du bien-\u00eatre des enfants et adolescents.<\/p>\r\n<p style=\"text-align: justify;\">Les livres s\u00e9lectionn\u00e9s permettent d\u2019aborder des sujets tels que la confiance en soi, la gestion de la tristesse et les peurs, la compr\u00e9hension des troubles psychologiques, comment accepter ses\r\ndiff\u00e9rences et celles des autres...<\/p>\r\n<p style=\"text-align: justify;\">A travers la litt\u00e9rature, il est possible d\u2019ouvrir le dialogue chez les plus jeunes autour de la sant\u00e9 mentale, afin de se d\u00e9faire des pr\u00e9jug\u00e9s et de lib\u00e9rer la parole.<\/p>\r\n<p style=\"text-align: justify;\">Il s\u2019agit par ailleurs d\u2019un th\u00e8me ancr\u00e9 dans l\u2019actualit\u00e9, car les situations r\u00e9centes de confinement dues au COVID-19 ont des cons\u00e9quences sur l\u2019anxi\u00e9t\u00e9 et le stress chez les jeunes.<\/p>\r\n<p style=\"text-align: justify;\">Pour accompagner la lecture de ces \u0153uvres,&nbsp; <strong>des outils p\u00e9dagogiques<\/strong> con\u00e7us en partenariat avec le laboratoire de recherche de l\u2019Universit\u00e9 d\u2019Angers Enjeu[x] sont mis \u00e0 disposition des enseignants <strong>gratuitement.&nbsp; D<\/strong><strong>es versions <\/strong><strong>audio-d\u00e9crites <\/strong>des ouvrages des cat\u00e9gories 3-5 ans et 6-8 ans sont \u00e9galement disponibles afin de permettre aux enfants d\u00e9ficients visuels de participer.Les ressources pour la nouvelle \u00e9dition 2021 sont en cours de cr\u00e9ation et seront disponibles prochainement sur le site d\u00e9di\u00e9 <a href=\"https:\/\/my.unicef.fr\/contenu\/prix-unicef-de-litterature-jeunesse-2021\" target=\"_blank\" rel=\"noopener\"><img class=\"alignnone wp-image-1939\" src=\"https:\/\/www.pedagogie.ac-nice.fr\/daac\/wp-content\/uploads\/sites\/37\/2021\/01\/puce-rose-2.png\" alt=\"\" width=\"36\" height=\"34\"><\/a><\/p>\r\nRetrouvez toutes les informations et le calendrier ici : <a href=\"https:\/\/www.pedagogie.ac-nice.fr\/daac\/wp-content\/uploads\/sites\/37\/2021\/02\/Mode-demploi-Prix-UNICEF-2021_3.pdf\" target=\"_blank\" rel=\"noopener\"><img class=\"alignnone wp-image-1498\" src=\"https:\/\/www.pedagogie.ac-nice.fr\/daac\/wp-content\/uploads\/sites\/37\/2020\/12\/puce_bleue.jpg\" alt=\"puce bleue adage\" width=\"39\" height=\"37\"><\/a>\r\n<p style=\"text-align: center;\">Votes jusqu'au 31 ao\u00fbt 2021<\/p>","_et_gb_content_width":"","ngg_post_thumbnail":0,"footnotes":""},"class_list":["post-2178","page","type-page","status-publish","hentry"],"rttpg_featured_image_url":null,"rttpg_author":{"display_name":"daacadmin","author_link":"https:\/\/www.pedagogie.ac-nice.fr\/daac\/author\/daacadmin\/"},"rttpg_comment":0,"rttpg_category":null,"rttpg_excerpt":"Prix UNICEF de litt\u00e9rature jeunesse 2021. Depuis 2016, le Prix UNICEF de litt\u00e9rature jeunesse permet de sensibiliser aux droits de l\u2019enfant gr\u00e2ce \u00e0 la lecture, et de r\u00e9compenser des ouvrages porteurs des valeurs de l\u2019UNICEF. Le jury ? Les enfants eux-m\u00eames ! Ce prix litt\u00e9raire s\u2019adresse directement aux enfants et aux jeunes de 3 \u00e0\u2026","post_mailing_queue_ids":[],"_links":{"self":[{"href":"https:\/\/www.pedagogie.ac-nice.fr\/daac\/wp-json\/wp\/v2\/pages\/2178","targetHints":{"allow":["GET"]}}],"collection":[{"href":"https:\/\/www.pedagogie.ac-nice.fr\/daac\/wp-json\/wp\/v2\/pages"}],"about":[{"href":"https:\/\/www.pedagogie.ac-nice.fr\/daac\/wp-json\/wp\/v2\/types\/page"}],"author":[{"embeddable":true,"href":"https:\/\/www.pedagogie.ac-nice.fr\/daac\/wp-json\/wp\/v2\/users\/241"}],"replies":[{"embeddable":true,"href":"https:\/\/www.pedagogie.ac-nice.fr\/daac\/wp-json\/wp\/v2\/comments?post=2178"}],"version-history":[{"count":5,"href":"https:\/\/www.pedagogie.ac-nice.fr\/daac\/wp-json\/wp\/v2\/pages\/2178\/revisions"}],"predecessor-version":[{"id":14663,"href":"https:\/\/www.pedagogie.ac-nice.fr\/daac\/wp-json\/wp\/v2\/pages\/2178\/revisions\/14663"}],"wp:attachment":[{"href":"https:\/\/www.pedagogie.ac-nice.fr\/daac\/wp-json\/wp\/v2\/media?parent=2178"}],"curies":[{"name":"wp","href":"https:\/\/api.w.org\/{rel}","templated":true}]}}