{"id":2194,"date":"2021-02-03T18:47:15","date_gmt":"2021-02-03T17:47:15","guid":{"rendered":"https:\/\/www.pedagogie.ac-nice.fr\/daac\/?page_id=2194"},"modified":"2023-02-21T15:51:02","modified_gmt":"2023-02-21T14:51:02","slug":"tremplin-jazz","status":"publish","type":"page","link":"https:\/\/www.pedagogie.ac-nice.fr\/daac\/tremplin-jazz\/","title":{"rendered":"Tremplin Jazz Edition 2022"},"content":{"rendered":"<p>[et_pb_section fb_built=\u00a0\u00bb1&Prime; specialty=\u00a0\u00bbon\u00a0\u00bb _builder_version=\u00a0\u00bb4.10.7&Prime; _module_preset=\u00a0\u00bbdefault\u00a0\u00bb global_colors_info=\u00a0\u00bb{}\u00a0\u00bb][et_pb_column type=\u00a0\u00bb1_3&Prime; _builder_version=\u00a0\u00bb3.25&Prime; custom_padding=\u00a0\u00bb|||\u00a0\u00bb global_colors_info=\u00a0\u00bb{}\u00a0\u00bb custom_padding__hover=\u00a0\u00bb|||\u00a0\u00bb][et_pb_text admin_label=\u00a0\u00bblogo musique\u00a0\u00bb _builder_version=\u00a0\u00bb4.10.7&Prime; _module_preset=\u00a0\u00bbdefault\u00a0\u00bb global_colors_info=\u00a0\u00bb{}\u00a0\u00bb]<\/p>\n<p><a href=\"https:\/\/www.pedagogie.ac-nice.fr\/daac\/les-domaines-de-leac\/musique-chantchoral\/\" target=\"_blank\" rel=\"noopener\"><img loading=\"lazy\" decoding=\"async\" class=\"alignnone  wp-image-10318 aligncenter\" src=\"https:\/\/www.pedagogie.ac-nice.fr\/daac\/wp-content\/uploads\/sites\/37\/2021\/12\/Capture-decran-2021-12-17-161058.jpg\" alt=\"\" width=\"222\" height=\"139\" srcset=\"https:\/\/www.pedagogie.ac-nice.fr\/daac\/wp-content\/uploads\/sites\/37\/2021\/12\/Capture-decran-2021-12-17-161058.jpg 547w, https:\/\/www.pedagogie.ac-nice.fr\/daac\/wp-content\/uploads\/sites\/37\/2021\/12\/Capture-decran-2021-12-17-161058-300x188.jpg 300w, https:\/\/www.pedagogie.ac-nice.fr\/daac\/wp-content\/uploads\/sites\/37\/2021\/12\/Capture-decran-2021-12-17-161058-400x250.jpg 400w\" sizes=\"(max-width: 222px) 100vw, 222px\" \/><\/a><\/p>\n<p>[\/et_pb_text][et_pb_divider _builder_version=\u00a0\u00bb4.10.7&Prime; _module_preset=\u00a0\u00bbdefault\u00a0\u00bb global_colors_info=\u00a0\u00bb{}\u00a0\u00bb][\/et_pb_divider][et_pb_text admin_label=\u00a0\u00bbmediatheque\u00a0\u00bb _builder_version=\u00a0\u00bb4.10.7&Prime; _module_preset=\u00a0\u00bbdefault\u00a0\u00bb custom_margin=\u00a0\u00bb-25px|||||\u00a0\u00bb global_colors_info=\u00a0\u00bb{}\u00a0\u00bb]<\/p>\n<p><img loading=\"lazy\" decoding=\"async\" class=\"alignnone size-full wp-image-11166 aligncenter\" src=\"https:\/\/www.pedagogie.ac-nice.fr\/daac\/wp-content\/uploads\/sites\/37\/2022\/01\/logo_mediatheque_casa.jpg\" alt=\"\" width=\"218\" height=\"142\" \/><\/p>\n<p>[\/et_pb_text][\/et_pb_column][et_pb_column type=\u00a0\u00bb2_3&Prime; specialty_columns=\u00a0\u00bb2&Prime; _builder_version=\u00a0\u00bb3.25&Prime; custom_padding=\u00a0\u00bb|||\u00a0\u00bb global_colors_info=\u00a0\u00bb{}\u00a0\u00bb custom_padding__hover=\u00a0\u00bb|||\u00a0\u00bb][et_pb_row_inner _builder_version=\u00a0\u00bb4.10.7&Prime; _module_preset=\u00a0\u00bbdefault\u00a0\u00bb global_colors_info=\u00a0\u00bb{}\u00a0\u00bb][et_pb_column_inner saved_specialty_column_type=\u00a0\u00bb2_3&Prime; _builder_version=\u00a0\u00bb4.10.7&Prime; _module_preset=\u00a0\u00bbdefault\u00a0\u00bb global_colors_info=\u00a0\u00bb{}\u00a0\u00bb][et_pb_text _builder_version=\u00a0\u00bb4.10.7&Prime; background_size=\u00a0\u00bbinitial\u00a0\u00bb background_position=\u00a0\u00bbtop_left\u00a0\u00bb background_repeat=\u00a0\u00bbrepeat\u00a0\u00bb hover_enabled=\u00a0\u00bb0&Prime; global_colors_info=\u00a0\u00bb{}\u00a0\u00bb text_font=\u00a0\u00bbTrebuchet||||||||\u00a0\u00bb sticky_enabled=\u00a0\u00bb0&Prime;]<\/p>\n<div>\n<div class=\"\" style=\"text-align: justify;\"><span style=\"color: #000000;\"><span class=\"\" style=\"font-family: Arial;\"><b class=\"\">La m\u00e9diath\u00e8que Albert Camus d&rsquo;Antibes<\/b> en partenariat avec <\/span><span class=\"\" style=\"font-family: Arial;\">l&rsquo;<b class=\"\">Office de Tourisme de la ville d&rsquo;Antibes Juan-les-Pins <\/b>organise, <\/span><\/span><\/div>\n<div><\/div>\n<div class=\"\" style=\"text-align: center;\"><span class=\"\" style=\"font-family: Arial; color: #000000;\"><strong>\u00e0 l&rsquo;occasion de la 61\u00e8me \u00e9dition du festival \u00a0\u00bb Jazz \u00e0 Juan\u00a0\u00bb,<\/strong> <\/span><\/div>\n<div><\/div>\n<div class=\"\" style=\"text-align: center;\"><span class=\"\" style=\"font-family: Arial; color: #ff00ff;\"><span style=\"color: #993366;\">le <b class=\"\">9\u00e8me Tremplin Musik Contest \u00e9dition Jazz<\/b>.<\/span><br \/><a href=\"www.ma-mediatheque.net\" target=\"_blank\" rel=\"noopener\"><img loading=\"lazy\" decoding=\"async\" class=\"alignnone wp-image-11169\" src=\"https:\/\/www.pedagogie.ac-nice.fr\/daac\/wp-content\/uploads\/sites\/37\/2022\/01\/Affiche_Tremplin_musik_contest-2022.jpg\" alt=\"\" width=\"256\" height=\"374\" srcset=\"https:\/\/www.pedagogie.ac-nice.fr\/daac\/wp-content\/uploads\/sites\/37\/2022\/01\/Affiche_Tremplin_musik_contest-2022.jpg 371w, https:\/\/www.pedagogie.ac-nice.fr\/daac\/wp-content\/uploads\/sites\/37\/2022\/01\/Affiche_Tremplin_musik_contest-2022-205x300.jpg 205w\" sizes=\"(max-width: 256px) 100vw, 256px\" \/><\/a><br \/><\/span><\/div>\n<p>&nbsp;<\/p>\n<\/div>\n<div class=\"\"><span style=\"color: #000000;\"><span class=\"\" style=\"font-family: Arial;\">Ce Tremplin est<span class=\"\">\u00a0<\/span><span class=\"\"><span class=\"\">ouvert<\/span><span class=\"\">\u00a0<\/span><span class=\"\">\u00e0\u00a0toutes les<\/span> formations Jazz de la r\u00e9gion Sud Provence-Alpes-C\u00f4te d&rsquo;azur. <strong>Au moins un membre<\/strong> du groupe doit r\u00e9sider dans la r\u00e9gion.<\/span><\/span><\/span><\/div>\n<div><\/div>\n<div class=\"\"><span class=\"\" style=\"font-family: Arial; color: #000000;\">Initi\u00e9 en 2012 le Tremplin Musik Contest \u00e9dition Jazz donne\u00a0<span class=\"\"><span class=\"\">l\u2019opportunit\u00e9\u00a0<\/span><\/span><span class=\"\"><span class=\"\">\u00e0 la formation laur\u00e9ate<\/span>\u00a0<\/span>de se produire sur sc\u00e8ne\u00a0<span class=\"\"><span class=\"\">durant le<\/span>\u00a0<\/span>\u00ab\u00a0Jammin&rsquo;Juan\u00a0\u00bb \u00e9t\u00e9 ou automne 2022.\u00a0<\/span><\/div>\n<div class=\"\"><span class=\"\" style=\"font-family: Arial; color: #000000;\">La date attribu\u00e9e au laur\u00e9at sera r\u00e9mun\u00e9r\u00e9e \u00e0 hauteur de\u00a0<strong class=\"\">250 euros par musiciens, 1000 euros maximum<\/strong>.<br \/>Le groupe laur\u00e9at devra se rendre disponible \u00e0 la date de programmation qui sera ult\u00e9rieurement indiqu\u00e9e par l&rsquo;Office de Tourisme de la ville d&rsquo;Antibes Juan-les-Pins.<\/span><\/div>\n<p>[\/et_pb_text][\/et_pb_column_inner][\/et_pb_row_inner][et_pb_row_inner column_structure=\u00a0\u00bb1_3,1_3,1_3&Prime; _builder_version=\u00a0\u00bb4.10.7&Prime; _module_preset=\u00a0\u00bbdefault\u00a0\u00bb custom_margin=\u00a0\u00bb-18px|||||\u00a0\u00bb global_colors_info=\u00a0\u00bb{}\u00a0\u00bb][et_pb_column_inner type=\u00a0\u00bb1_3&Prime; saved_specialty_column_type=\u00a0\u00bb2_3&Prime; _builder_version=\u00a0\u00bb4.10.7&Prime; _module_preset=\u00a0\u00bbdefault\u00a0\u00bb global_colors_info=\u00a0\u00bb{}\u00a0\u00bb][et_pb_text admin_label=\u00a0\u00bbformulaire participation\u00a0\u00bb _builder_version=\u00a0\u00bb4.10.7&Prime; _module_preset=\u00a0\u00bbdefault\u00a0\u00bb global_colors_info=\u00a0\u00bb{}\u00a0\u00bb]<\/p>\n<p style=\"text-align: center;\"><a href=\"https:\/\/www.pedagogie.ac-nice.fr\/daac\/wp-content\/uploads\/sites\/37\/2022\/01\/FORMULAIRE_TREMPLIN-JAZZ_2022.pdf\" target=\"_blank\" rel=\"noopener\"><span style=\"color: #800080; font-size: 10pt;\">Formulaire de participation<\/span><br \/><span style=\"color: #800080; font-size: 10pt;\">format .pdf<\/span><img loading=\"lazy\" decoding=\"async\" class=\"aligncenter wp-image-8629\" src=\"https:\/\/www.pedagogie.ac-nice.fr\/daac\/wp-content\/uploads\/sites\/37\/2021\/10\/fichier_pdf.jpg\" alt=\"\" width=\"118\" height=\"123\"><\/a><\/p>\n<p>[\/et_pb_text][\/et_pb_column_inner][et_pb_column_inner type=\u00a0\u00bb1_3&Prime; saved_specialty_column_type=\u00a0\u00bb2_3&Prime; _builder_version=\u00a0\u00bb4.10.7&Prime; _module_preset=\u00a0\u00bbdefault\u00a0\u00bb global_colors_info=\u00a0\u00bb{}\u00a0\u00bb][et_pb_text admin_label=\u00a0\u00bbformulaire modifiable\u00a0\u00bb _builder_version=\u00a0\u00bb4.10.7&Prime; _module_preset=\u00a0\u00bbdefault\u00a0\u00bb global_colors_info=\u00a0\u00bb{}\u00a0\u00bb]<\/p>\n<p style=\"text-align: center;\"><span style=\"font-size: 10pt; color: #800080;\">Formulaire de participation<\/span><br \/><span style=\"font-size: 10pt; color: #800080;\">format modifiable<\/span><a href=\"https:\/\/www.pedagogie.ac-nice.fr\/daac\/wp-content\/uploads\/sites\/37\/2022\/01\/FORMULAIRE_TREMPLIN-JAZZ_2022.doc\" target=\"_blank\" rel=\"noopener\"><img loading=\"lazy\" decoding=\"async\" class=\"aligncenter wp-image-8621\" src=\"https:\/\/www.pedagogie.ac-nice.fr\/daac\/wp-content\/uploads\/sites\/37\/2021\/10\/fichier_modifiable.jpg\" alt=\"\" width=\"117\" height=\"118\" srcset=\"https:\/\/www.pedagogie.ac-nice.fr\/daac\/wp-content\/uploads\/sites\/37\/2021\/10\/fichier_modifiable.jpg 273w, https:\/\/www.pedagogie.ac-nice.fr\/daac\/wp-content\/uploads\/sites\/37\/2021\/10\/fichier_modifiable-150x150.jpg 150w\" sizes=\"(max-width: 117px) 100vw, 117px\" \/><\/a><\/p>\n<p>[\/et_pb_text][\/et_pb_column_inner][et_pb_column_inner type=\u00a0\u00bb1_3&Prime; saved_specialty_column_type=\u00a0\u00bb2_3&Prime; _builder_version=\u00a0\u00bb4.10.7&Prime; _module_preset=\u00a0\u00bbdefault\u00a0\u00bb global_colors_info=\u00a0\u00bb{}\u00a0\u00bb][et_pb_text admin_label=\u00a0\u00bbr\u00e8glement\u00a0\u00bb _builder_version=\u00a0\u00bb4.10.7&Prime; _module_preset=\u00a0\u00bbdefault\u00a0\u00bb custom_margin=\u00a0\u00bb7px|||||\u00a0\u00bb global_colors_info=\u00a0\u00bb{}\u00a0\u00bb]<\/p>\n<p style=\"text-align: center;\"><a href=\"https:\/\/www.pedagogie.ac-nice.fr\/daac\/wp-content\/uploads\/sites\/37\/2022\/01\/FORMULAIRE_TREMPLIN-JAZZ_2022.doc\" target=\"_blank\" rel=\"noopener\"><span style=\"font-size: 10pt; color: #800080;\">R\u00e8glement<br \/>de la manifestation<\/p>\n<p><img loading=\"lazy\" decoding=\"async\" class=\"aligncenter wp-image-8629\" src=\"https:\/\/www.pedagogie.ac-nice.fr\/daac\/wp-content\/uploads\/sites\/37\/2021\/10\/fichier_pdf.jpg\" alt=\"\" width=\"118\" height=\"123\" \/><\/span><\/a><\/p>\n<p>[\/et_pb_text][\/et_pb_column_inner][\/et_pb_row_inner][et_pb_row_inner _builder_version=\u00a0\u00bb4.10.7&Prime; _module_preset=\u00a0\u00bbdefault\u00a0\u00bb global_colors_info=\u00a0\u00bb{}\u00a0\u00bb][et_pb_column_inner saved_specialty_column_type=\u00a0\u00bb2_3&Prime; _builder_version=\u00a0\u00bb4.10.7&Prime; _module_preset=\u00a0\u00bbdefault\u00a0\u00bb global_colors_info=\u00a0\u00bb{}\u00a0\u00bb][et_pb_text _builder_version=\u00a0\u00bb4.10.7&Prime; background_size=\u00a0\u00bbinitial\u00a0\u00bb background_position=\u00a0\u00bbtop_left\u00a0\u00bb background_repeat=\u00a0\u00bbrepeat\u00a0\u00bb hover_enabled=\u00a0\u00bb0&Prime; global_colors_info=\u00a0\u00bb{}\u00a0\u00bb text_font=\u00a0\u00bbTrebuchet||||||||\u00a0\u00bb sticky_enabled=\u00a0\u00bb0&Prime;]<\/p>\n<div class=\"\" style=\"text-align: justify;\"><span style=\"color: #000000;\"><span class=\"\" style=\"font-family: Arial;\">L&rsquo;\u00e9dition 2022 <span class=\"\"><span class=\"\">se d\u00e9roulera<\/span><\/span> le <\/span><strong><span class=\"\" style=\"font-family: Arial;\">samedi 22 mai 2022<span class=\"\"> <span class=\"\">\u00e0 15 h 30<\/span> \u00e0 18h <\/span><\/span><\/strong><span class=\"\" style=\"font-family: Arial;\">\u00e0 la m\u00e9diath\u00e8que Albert Camus d&rsquo;<span class=\"\">\u00a0<\/span>Antibes (Consultez le r\u00e8glement pour avoir toutes les pr\u00e9cisions).\u00a0<\/span><span class=\"\" style=\"font-family: Arial;\"><br \/><\/span><\/span><\/div>\n<div style=\"text-align: justify;\"><\/div>\n<div class=\"\" style=\"text-align: justify;\"><span style=\"color: #000000;\"><strong><span class=\"\" style=\"font-family: Arial;\">La date limite pour le d\u00e9p\u00f4t des dossiers d&rsquo;inscription est fix\u00e9e au samedi 23 avril 2022.<\/span><\/strong><\/span><\/div>\n<div>\n<div><\/div>\n<div class=\"\">\n<p><span style=\"color: #000000;\"><span class=\"\">Ces \u00e9l\u00e9ments sont \u00e9galement disponibles sur <\/span><span class=\"\"><span class=\"\"><a href=\"http:\/\/www.ma-mediatheque.net\" target=\"_blank\" rel=\"noopener\" style=\"color: #000000;\">www.ma-mediatheque.net<\/a><br \/><\/span><\/span><\/span><\/p>\n<p><span style=\"color: #000000;\"><strong>\u00a0<span class=\"\"><\/span><\/strong><span class=\"\"><strong>Contact<\/strong> : Julien Elkaim &#8211; \u00a0<a style=\"color: #000000;\" title=\"Composer un message \u00e0 j.elkaim@agglo-casa.fr\">j.elkaim@agglo-casa.fr<\/a><\/span><\/span><\/p>\n<\/div>\n<\/div>\n<p>[\/et_pb_text][\/et_pb_column_inner][\/et_pb_row_inner][\/et_pb_column][\/et_pb_section]<\/p>\n","protected":false},"excerpt":{"rendered":"<p>La m\u00e9diath\u00e8que Albert Camus d&rsquo;Antibes en partenariat avec l&rsquo;Office de Tourisme de la ville d&rsquo;Antibes Juan-les-Pins organise, \u00e0 l&rsquo;occasion de la 61\u00e8me \u00e9dition du festival \u00a0\u00bb Jazz \u00e0 Juan\u00a0\u00bb, le 9\u00e8me Tremplin Musik Contest \u00e9dition Jazz. &nbsp; Ce Tremplin est\u00a0ouvert\u00a0\u00e0\u00a0toutes les formations Jazz de la r\u00e9gion Sud Provence-Alpes-C\u00f4te d&rsquo;azur. Au moins un membre du groupe [&hellip;]<\/p>\n","protected":false},"author":241,"featured_media":0,"parent":0,"menu_order":0,"comment_status":"closed","ping_status":"closed","template":"","meta":{"_et_pb_use_builder":"on","_et_pb_old_content":"<div><div class=\"\" style=\"text-align: justify;\"><span class=\"\" style=\"font-family: Arial;\"><b class=\"\">La m\u00e9diath\u00e8que Albert Camus d'Antibes<\/b> en partenariat avec <\/span><span class=\"\" style=\"font-family: Arial;\">l'<b class=\"\">Office de Tourisme de la ville d'Antibes Juan-les-Pins <\/b>organise, <\/span><\/div><div>\u00a0<\/div><div class=\"\" style=\"text-align: center;\"><span class=\"\" style=\"font-family: Arial;\"><strong>\u00e0 l'occasion de la 60\u00e8me \u00e9dition du festival \" Jazz \u00e0 Juan\",<\/strong> <\/span><\/div><div>\u00a0<\/div><div class=\"\" style=\"text-align: center;\"><span class=\"\" style=\"font-family: Arial;\">le <b class=\"\">8\u00e8me Tremplin Musik Contest \u00e9dition Jazz<\/b>. <\/span><\/div><p><a href=\"https:\/\/www.pedagogie.ac-nice.fr\/daac\/wp-content\/uploads\/sites\/37\/2021\/02\/affiche_jazz.jpg\"><img class=\"wp-image-2200 aligncenter\" src=\"https:\/\/www.pedagogie.ac-nice.fr\/daac\/wp-content\/uploads\/sites\/37\/2021\/02\/affiche_jazz.jpg\" alt=\"\" width=\"170\" height=\"247\"><\/a><\/p><\/div><div class=\"\" style=\"text-align: justify;\"><span class=\"\" style=\"font-family: Arial;\">Ce Tremplin est<span class=\"\">\u00a0<\/span><span class=\"\" style=\"color: #000000;\"><span class=\"\">ouvert<\/span><span class=\"\">\u00a0<\/span><span class=\"\">\u00e0\u00a0toutes les<\/span>\u00a0formations Jazz de la r\u00e9gion Sud Provence-Alpes-C\u00f4te d'azur.<br>Au moins un membre du groupe doit r\u00e9sider dans la r\u00e9gion.<\/span><\/span><\/div><div>\u00a0<\/div><div class=\"\" style=\"text-align: justify;\"><span class=\"\" style=\"font-family: Arial;\">Initi\u00e9 en 2012 le Tremplin Musik Contest \u00e9dition Jazz donne\u00a0<span class=\"\"><span class=\"\" style=\"color: #000000;\">l\u2019opportunit\u00e9\u00a0<\/span><\/span><span class=\"\"><span class=\"\" style=\"color: #000000;\">\u00e0 la formation laur\u00e9ate<\/span>\u00a0<\/span>de se produire sur sc\u00e8ne\u00a0<span class=\"\"><span class=\"\" style=\"color: #000000;\">durant le<\/span>\u00a0<\/span>\"Jammin'Juan\" \u00e9t\u00e9 ou automne 2021.\u00a0<\/span><\/div><div class=\"\" style=\"text-align: justify;\"><span class=\"\" style=\"font-family: Arial;\">La date attribu\u00e9e au laur\u00e9at sera r\u00e9mun\u00e9r\u00e9e \u00e0 hauteur de\u00a0<strong class=\"\">250 euros par musiciens, 1000 euros maximum<\/strong>.<br>Le groupe laur\u00e9at devra se rendre disponible \u00e0 la date de programmation qui sera ult\u00e9rieurement indiqu\u00e9e par l'Office de Tourisme de la ville d'Antibes Juan-les-Pins.<\/span><\/div><p class=\"\" style=\"text-align: justify;\"><span class=\"\" style=\"font-family: Arial;\">\u00a0<\/span><\/p><div class=\"\" style=\"text-align: justify;\"><span class=\"\" style=\"font-family: Arial;\"><a href=\"https:\/\/www.pedagogie.ac-nice.fr\/daac\/wp-content\/uploads\/sites\/37\/2021\/02\/FORMULAIRE_TREMPLIN-JAZZ_2021.doc\" target=\"_blank\" rel=\"noopener\"><img class=\"alignnone wp-image-1939\" src=\"https:\/\/www.pedagogie.ac-nice.fr\/daac\/wp-content\/uploads\/sites\/37\/2021\/01\/puce-rose-2.png\" alt=\"\" width=\"40\" height=\"38\"><\/a>Formulaire de participation<\/span><\/div><div class=\"\" style=\"text-align: justify;\"><span class=\"\" style=\"font-family: Arial;\"><a href=\"https:\/\/www.pedagogie.ac-nice.fr\/daac\/wp-content\/uploads\/sites\/37\/2021\/02\/REGLEMENT_TREMPLIN-JAZZ_2021.pdf\" target=\"_blank\" rel=\"noopener\"><img class=\"alignnone wp-image-1500\" src=\"https:\/\/www.pedagogie.ac-nice.fr\/daac\/wp-content\/uploads\/sites\/37\/2020\/12\/puce_verte.jpg\" alt=\"puce verte adage\" width=\"39\" height=\"36\"><\/a><\/span><span class=\"\" style=\"font-family: Arial;\">R\u00e8glement\u00a0 de la manifestation \u00a0 \u00a0\u00a0 \u00a0 \u00a0 <\/span><\/div><div class=\"\" style=\"text-align: justify;\"><span class=\"\" style=\"font-family: Arial;\"><a href=\"https:\/\/www.pedagogie.ac-nice.fr\/daac\/wp-content\/uploads\/sites\/37\/2021\/02\/Affiche_Tremplin_musik_contest_2021.pdf\" target=\"_blank\" rel=\"noopener\"><img class=\"alignnone wp-image-1498\" src=\"https:\/\/www.pedagogie.ac-nice.fr\/daac\/wp-content\/uploads\/sites\/37\/2020\/12\/puce_bleue.jpg\" alt=\"puce bleue adage\" width=\"37\" height=\"35\"><\/a>Affiche pour cette \u00e9dition 2021<\/span><\/div><div>\u00a0<\/div><div>\u00a0<\/div><div class=\"\" style=\"text-align: justify;\"><span class=\"\" style=\"font-family: Arial;\">L'\u00e9dition 2021 <span class=\"\"><span class=\"\" style=\"color: #000000;\">se d\u00e9roulera<\/span><\/span> le <\/span><span class=\"\" style=\"font-family: Arial;\"><strong class=\"\">samedi 29 mai 2021<\/strong><span class=\"\"><strong class=\"\"> <span class=\"\" style=\"color: #000000;\">\u00e0 15 h 30<\/span>\u00a0<\/strong><\/span><\/span><\/div><div class=\"\" style=\"text-align: justify;\"><span class=\"\" style=\"font-family: Arial;\">\u00e0 la m\u00e9diath\u00e8que Albert Camus\u00a0d'<span class=\"\">\u00a0<\/span>Antibes.\u00a0<\/span><span class=\"\" style=\"font-family: Arial;\"><br><\/span><\/div><div>\u00a0<\/div><div class=\"\" style=\"text-align: justify;\"><span class=\"\" style=\"font-family: Arial;\">La date limite pour le d\u00e9p\u00f4t des dossiers d'inscription est fix\u00e9e au\u00a0<strong class=\"\">samedi\u00a010 avril 2021<\/strong>.<\/span><\/div>","_et_gb_content_width":"","ngg_post_thumbnail":0,"footnotes":""},"class_list":["post-2194","page","type-page","status-publish","hentry"],"rttpg_featured_image_url":null,"rttpg_author":{"display_name":"daacadmin","author_link":"https:\/\/www.pedagogie.ac-nice.fr\/daac\/author\/daacadmin\/"},"rttpg_comment":0,"rttpg_category":null,"rttpg_excerpt":"La m\u00e9diath\u00e8que Albert Camus d'Antibes en partenariat avec l'Office de Tourisme de la ville d'Antibes Juan-les-Pins organise, \u00e0 l'occasion de la 61\u00e8me \u00e9dition du festival \" Jazz \u00e0 Juan\", le 9\u00e8me Tremplin Musik Contest \u00e9dition Jazz. &nbsp; Ce Tremplin est\u00a0ouvert\u00a0\u00e0\u00a0toutes les formations Jazz de la r\u00e9gion Sud Provence-Alpes-C\u00f4te d'azur. Au moins un membre du groupe\u2026","post_mailing_queue_ids":[],"_links":{"self":[{"href":"https:\/\/www.pedagogie.ac-nice.fr\/daac\/wp-json\/wp\/v2\/pages\/2194","targetHints":{"allow":["GET"]}}],"collection":[{"href":"https:\/\/www.pedagogie.ac-nice.fr\/daac\/wp-json\/wp\/v2\/pages"}],"about":[{"href":"https:\/\/www.pedagogie.ac-nice.fr\/daac\/wp-json\/wp\/v2\/types\/page"}],"author":[{"embeddable":true,"href":"https:\/\/www.pedagogie.ac-nice.fr\/daac\/wp-json\/wp\/v2\/users\/241"}],"replies":[{"embeddable":true,"href":"https:\/\/www.pedagogie.ac-nice.fr\/daac\/wp-json\/wp\/v2\/comments?post=2194"}],"version-history":[{"count":13,"href":"https:\/\/www.pedagogie.ac-nice.fr\/daac\/wp-json\/wp\/v2\/pages\/2194\/revisions"}],"predecessor-version":[{"id":14691,"href":"https:\/\/www.pedagogie.ac-nice.fr\/daac\/wp-json\/wp\/v2\/pages\/2194\/revisions\/14691"}],"wp:attachment":[{"href":"https:\/\/www.pedagogie.ac-nice.fr\/daac\/wp-json\/wp\/v2\/media?parent=2194"}],"curies":[{"name":"wp","href":"https:\/\/api.w.org\/{rel}","templated":true}]}}