{"id":2308,"date":"2021-02-12T20:04:45","date_gmt":"2021-02-12T19:04:45","guid":{"rendered":"https:\/\/www.pedagogie.ac-nice.fr\/daac\/?page_id=2308"},"modified":"2021-12-16T17:57:09","modified_gmt":"2021-12-16T16:57:09","slug":"theatre-national-de-nice","status":"publish","type":"page","link":"https:\/\/www.pedagogie.ac-nice.fr\/daac\/theatre-national-de-nice\/","title":{"rendered":"Th\u00e9\u00e2tre National de Nice (TNN)"},"content":{"rendered":"<p>[et_pb_section fb_built=\u00a0\u00bb1&Prime; _builder_version=\u00a0\u00bb3.22&Prime; global_colors_info=\u00a0\u00bb{}\u00a0\u00bb][et_pb_row column_structure=\u00a0\u00bb2_5,3_5&Prime; _builder_version=\u00a0\u00bb4.10.7&Prime; _module_preset=\u00a0\u00bbdefault\u00a0\u00bb global_colors_info=\u00a0\u00bb{}\u00a0\u00bb][et_pb_column type=\u00a0\u00bb2_5&Prime; _builder_version=\u00a0\u00bb4.10.7&Prime; _module_preset=\u00a0\u00bbdefault\u00a0\u00bb global_colors_info=\u00a0\u00bb{}\u00a0\u00bb][et_pb_text admin_label=\u00a0\u00bblogo DAAC\u00a0\u00bb _builder_version=\u00a0\u00bb4.10.7&Prime; _module_preset=\u00a0\u00bbdefault\u00a0\u00bb global_colors_info=\u00a0\u00bb{}\u00a0\u00bb]<\/p>\n<p style=\"text-align: center;\"><a href=\"https:\/\/www.pedagogie.ac-nice.fr\/daac\/theatre-asv\/\" target=\"_blank\" rel=\"noopener\"><img loading=\"lazy\" decoding=\"async\" class=\"alignnone wp-image-5928 size-full\" src=\"https:\/\/www.pedagogie.ac-nice.fr\/daac\/wp-content\/uploads\/sites\/37\/2021\/09\/theatre.png\" alt=\"\" width=\"348\" height=\"217\" srcset=\"https:\/\/www.pedagogie.ac-nice.fr\/daac\/wp-content\/uploads\/sites\/37\/2021\/09\/theatre.png 348w, https:\/\/www.pedagogie.ac-nice.fr\/daac\/wp-content\/uploads\/sites\/37\/2021\/09\/theatre-300x187.png 300w\" sizes=\"(max-width: 348px) 100vw, 348px\" \/><\/a><\/p>\n<p>[\/et_pb_text][et_pb_text admin_label=\u00a0\u00bbPartenaires\u00a0\u00bb _builder_version=\u00a0\u00bb4.10.7&Prime; _module_preset=\u00a0\u00bbdefault\u00a0\u00bb global_colors_info=\u00a0\u00bb{}\u00a0\u00bb]<\/p>\n<p><a href=\"https:\/\/www.pedagogie.ac-nice.fr\/daac\/les-domaines-de-leac\/arts-du-spectacle-vivant\/structures-partenaires-theatre\/\" target=\"_blank\" rel=\"noopener\"><img loading=\"lazy\" decoding=\"async\" class=\"aligncenter wp-image-7600 size-full\" src=\"https:\/\/www.pedagogie.ac-nice.fr\/daac\/wp-content\/uploads\/sites\/37\/2021\/10\/structures_partenaires.png\" alt=\"\" width=\"360\" height=\"241\" srcset=\"https:\/\/www.pedagogie.ac-nice.fr\/daac\/wp-content\/uploads\/sites\/37\/2021\/10\/structures_partenaires.png 360w, https:\/\/www.pedagogie.ac-nice.fr\/daac\/wp-content\/uploads\/sites\/37\/2021\/10\/structures_partenaires-300x201.png 300w\" sizes=\"(max-width: 360px) 100vw, 360px\" \/><\/a><\/p>\n<p>[\/et_pb_text][et_pb_text admin_label=\u00a0\u00bbPhoto lettres  \u00e0 mon amour\u00a0\u00bb _builder_version=\u00a0\u00bb4.10.7&Prime; _module_preset=\u00a0\u00bbdefault\u00a0\u00bb global_colors_info=\u00a0\u00bb{}\u00a0\u00bb]<\/p>\n<p>&nbsp;<\/p>\n<p><img loading=\"lazy\" decoding=\"async\" class=\"size-full wp-image-9842 aligncenter\" src=\"https:\/\/www.pedagogie.ac-nice.fr\/daac\/wp-content\/uploads\/sites\/37\/2021\/12\/DSC_0287\u00a9Lea-Saboun.jpg\" alt=\"\" width=\"2048\" height=\"1360\" srcset=\"https:\/\/www.pedagogie.ac-nice.fr\/daac\/wp-content\/uploads\/sites\/37\/2021\/12\/DSC_0287\u00a9Lea-Saboun.jpg 2048w, https:\/\/www.pedagogie.ac-nice.fr\/daac\/wp-content\/uploads\/sites\/37\/2021\/12\/DSC_0287\u00a9Lea-Saboun-300x199.jpg 300w, https:\/\/www.pedagogie.ac-nice.fr\/daac\/wp-content\/uploads\/sites\/37\/2021\/12\/DSC_0287\u00a9Lea-Saboun-1024x680.jpg 1024w, https:\/\/www.pedagogie.ac-nice.fr\/daac\/wp-content\/uploads\/sites\/37\/2021\/12\/DSC_0287\u00a9Lea-Saboun-768x510.jpg 768w, https:\/\/www.pedagogie.ac-nice.fr\/daac\/wp-content\/uploads\/sites\/37\/2021\/12\/DSC_0287\u00a9Lea-Saboun-1536x1020.jpg 1536w, https:\/\/www.pedagogie.ac-nice.fr\/daac\/wp-content\/uploads\/sites\/37\/2021\/12\/DSC_0287\u00a9Lea-Saboun-1080x717.jpg 1080w\" sizes=\"(max-width: 2048px) 100vw, 2048px\" \/><\/p>\n<p>\u00a9L\u00e9a Saboun<\/p>\n<p>[\/et_pb_text][et_pb_text admin_label=\u00a0\u00bbphotos_lettre \u00e0 mon amour\u00a0\u00bb _builder_version=\u00a0\u00bb4.10.7&Prime; _module_preset=\u00a0\u00bbdefault\u00a0\u00bb global_colors_info=\u00a0\u00bb{}\u00a0\u00bb]<\/p>\n<p><img loading=\"lazy\" decoding=\"async\" class=\"alignnone size-full wp-image-9843\" src=\"https:\/\/www.pedagogie.ac-nice.fr\/daac\/wp-content\/uploads\/sites\/37\/2021\/12\/DSC_0328\u00a9Lea-Saboun.jpg\" alt=\"\" width=\"1360\" height=\"2048\" srcset=\"https:\/\/www.pedagogie.ac-nice.fr\/daac\/wp-content\/uploads\/sites\/37\/2021\/12\/DSC_0328\u00a9Lea-Saboun.jpg 1360w, https:\/\/www.pedagogie.ac-nice.fr\/daac\/wp-content\/uploads\/sites\/37\/2021\/12\/DSC_0328\u00a9Lea-Saboun-199x300.jpg 199w, https:\/\/www.pedagogie.ac-nice.fr\/daac\/wp-content\/uploads\/sites\/37\/2021\/12\/DSC_0328\u00a9Lea-Saboun-680x1024.jpg 680w, https:\/\/www.pedagogie.ac-nice.fr\/daac\/wp-content\/uploads\/sites\/37\/2021\/12\/DSC_0328\u00a9Lea-Saboun-768x1157.jpg 768w, https:\/\/www.pedagogie.ac-nice.fr\/daac\/wp-content\/uploads\/sites\/37\/2021\/12\/DSC_0328\u00a9Lea-Saboun-1020x1536.jpg 1020w, https:\/\/www.pedagogie.ac-nice.fr\/daac\/wp-content\/uploads\/sites\/37\/2021\/12\/DSC_0328\u00a9Lea-Saboun-1080x1626.jpg 1080w\" sizes=\"(max-width: 1360px) 100vw, 1360px\" \/><br \/>\u00a9L\u00e9a Saboun<\/p>\n<p>[\/et_pb_text][\/et_pb_column][et_pb_column type=\u00a0\u00bb3_5&Prime; _builder_version=\u00a0\u00bb4.10.7&Prime; _module_preset=\u00a0\u00bbdefault\u00a0\u00bb global_colors_info=\u00a0\u00bb{}\u00a0\u00bb][et_pb_text admin_label=\u00a0\u00bblogo TNN\u00a0\u00bb _builder_version=\u00a0\u00bb4.10.7&Prime; _module_preset=\u00a0\u00bbdefault\u00a0\u00bb global_colors_info=\u00a0\u00bb{}\u00a0\u00bb]<\/p>\n<p style=\"text-align: center;\"><img loading=\"lazy\" decoding=\"async\" class=\"alignnone  wp-image-7713\" src=\"https:\/\/www.pedagogie.ac-nice.fr\/daac\/wp-content\/uploads\/sites\/37\/2021\/10\/logo_TNN.png\" alt=\"\" width=\"261\" height=\"144\"><\/p>\n<p><span style=\"color: #0000ff;\"><strong>Contacts<br \/>Claire Bosc,<\/strong><\/span><br \/><span style=\"color: #0000ff;\">professeure charg\u00e9e de mission de la DAAC aupr\u00e8s du TNN<br \/>claire.bosc@ac-nice.fr<br \/><\/span><\/p>\n<p align=\"left\"><span style=\"color: #0000ff;\"><span lang=\"fr-FR\"><strong>Muriel Colin Lacour<\/strong>,<br \/><\/span><span lang=\"fr-FR\">coordonnatrice acad\u00e9mique danse, cirque, ASV<br \/>muriel.lacour@ac-nice.fr<\/span><\/span><\/p>\n<p>[\/et_pb_text][et_pb_text admin_label=\u00a0\u00bbGoldoni d\u00e9monte\u00a0\u00bb _builder_version=\u00a0\u00bb4.10.7&Prime; _module_preset=\u00a0\u00bbdefault\u00a0\u00bb global_colors_info=\u00a0\u00bb{}\u00a0\u00bb]<\/p>\n<p><strong><span style=\"font-size: 18pt; color: #ff0000;\">Actualit\u00e9 2021<\/span><\/strong><a href=\"https:\/\/www.pedagogie.ac-nice.fr\/daac\/wp-content\/uploads\/sites\/37\/2021\/10\/Feuilleton_Goldoni_Total_Master.pdf\" target=\"_blank\" rel=\"noopener\"><img loading=\"lazy\" decoding=\"async\" class=\"aligncenter wp-image-7700 size-full\" src=\"https:\/\/www.pedagogie.ac-nice.fr\/daac\/wp-content\/uploads\/sites\/37\/2021\/10\/visuel.png\" alt=\"\" width=\"592\" height=\"303\" srcset=\"https:\/\/www.pedagogie.ac-nice.fr\/daac\/wp-content\/uploads\/sites\/37\/2021\/10\/visuel.png 592w, https:\/\/www.pedagogie.ac-nice.fr\/daac\/wp-content\/uploads\/sites\/37\/2021\/10\/visuel-300x154.png 300w\" sizes=\"(max-width: 592px) 100vw, 592px\" \/><\/a><\/p>\n<p>[\/et_pb_text][et_pb_divider _builder_version=\u00a0\u00bb4.10.7&Prime; _module_preset=\u00a0\u00bbdefault\u00a0\u00bb global_colors_info=\u00a0\u00bb{}\u00a0\u00bb][\/et_pb_divider][et_pb_text admin_label=\u00a0\u00bbLettres \u00e0 mon amour\u00a0\u00bb _builder_version=\u00a0\u00bb4.10.7&Prime; _module_preset=\u00a0\u00bbdefault\u00a0\u00bb hover_enabled=\u00a0\u00bb0&Prime; global_colors_info=\u00a0\u00bb{}\u00a0\u00bb sticky_enabled=\u00a0\u00bb0&Prime;]<\/p>\n<p><a href=\"https:\/\/www.pedagogie.ac-nice.fr\/daac\/wp-content\/uploads\/sites\/37\/2021\/12\/DP_Lettres_mon_amour_V2.pdf\" target=\"_blank\" rel=\"noopener\"><img loading=\"lazy\" decoding=\"async\" class=\"aligncenter wp-image-9838 size-full\" src=\"https:\/\/www.pedagogie.ac-nice.fr\/daac\/wp-content\/uploads\/sites\/37\/2021\/12\/visuel_TNN.jpg\" alt=\"\" width=\"715\" height=\"706\" srcset=\"https:\/\/www.pedagogie.ac-nice.fr\/daac\/wp-content\/uploads\/sites\/37\/2021\/12\/visuel_TNN.jpg 715w, https:\/\/www.pedagogie.ac-nice.fr\/daac\/wp-content\/uploads\/sites\/37\/2021\/12\/visuel_TNN-300x296.jpg 300w\" sizes=\"(max-width: 715px) 100vw, 715px\" \/><\/a><\/p>\n<p>[\/et_pb_text][et_pb_divider _builder_version=\u00a0\u00bb4.10.7&Prime; _module_preset=\u00a0\u00bbdefault\u00a0\u00bb global_colors_info=\u00a0\u00bb{}\u00a0\u00bb][\/et_pb_divider][et_pb_text admin_label=\u00a0\u00bbLettres \u00e0 mon p\u00e8re\u00a0\u00bb _builder_version=\u00a0\u00bb4.10.7&Prime; _module_preset=\u00a0\u00bbdefault\u00a0\u00bb global_colors_info=\u00a0\u00bb{}\u00a0\u00bb]<\/p>\n<p><a href=\"https:\/\/www.pedagogie.ac-nice.fr\/daac\/tnn-lettres-a-mon-pere\/\" target=\"_blank\" rel=\"noopener\"><span style=\"color: #ff0000;\">Traces 2020-2021<\/span><img loading=\"lazy\" decoding=\"async\" class=\"aligncenter wp-image-3221\" src=\"https:\/\/www.pedagogie.ac-nice.fr\/daac\/wp-content\/uploads\/sites\/37\/2021\/05\/lettre_pere.png\" alt=\"\" width=\"435\" height=\"286\" srcset=\"https:\/\/www.pedagogie.ac-nice.fr\/daac\/wp-content\/uploads\/sites\/37\/2021\/05\/lettre_pere.png 592w, https:\/\/www.pedagogie.ac-nice.fr\/daac\/wp-content\/uploads\/sites\/37\/2021\/05\/lettre_pere-300x197.png 300w\" sizes=\"(max-width: 435px) 100vw, 435px\" \/><\/a><\/p>\n<p>[\/et_pb_text][et_pb_divider _builder_version=\u00a0\u00bb4.10.7&Prime; _module_preset=\u00a0\u00bbdefault\u00a0\u00bb global_colors_info=\u00a0\u00bb{}\u00a0\u00bb][\/et_pb_divider][\/et_pb_column][\/et_pb_row][\/et_pb_section]<\/p>\n","protected":false},"excerpt":{"rendered":"<p>&nbsp; \u00a9L\u00e9a Saboun\u00a9L\u00e9a Saboun ContactsClaire Bosc,professeure charg\u00e9e de mission de la DAAC aupr\u00e8s du TNNclaire.bosc@ac-nice.fr Muriel Colin Lacour,coordonnatrice acad\u00e9mique danse, cirque, ASVmuriel.lacour@ac-nice.frActualit\u00e9 2021Traces 2020-2021<\/p>\n","protected":false},"author":241,"featured_media":0,"parent":0,"menu_order":0,"comment_status":"closed","ping_status":"closed","template":"","meta":{"_et_pb_use_builder":"on","_et_pb_old_content":"<p style=\"text-align: justify;\">\u00a0<\/p><p>\u00a0<\/p><p>\u00a0<\/p><p>Retrouvez la gen\u00e8se du projet, ses objectifs et des interviews des \u00e9l\u00e8ves dans le Podcast de Cap'radio <b><i>Lettres \u00e0... mon p\u00e8re<\/i><\/b> r\u00e9alis\u00e9 par Roxane Obadia\u00a0 <a href=\"https:\/\/soundcloud.com\/capradio-515121195\/lettres-a-mon-peres?utm_source=capradio.ac-nice.fr&utm_campaign=wtshare&utm_medium=widget&utm_content=https%253A%252F%252Fsoundcloud.com%252Fcapradio-515121195%252Flettres-a-mon-peres\" target=\"_blank\" rel=\"noopener\"><img class=\"alignright wp-image-1271 size-full\" src=\"https:\/\/www.pedagogie.ac-nice.fr\/daac\/wp-content\/uploads\/sites\/37\/2020\/11\/icone_cliquer-1.jpg\" alt=\"\" width=\"50\" height=\"39\"><\/a><\/p><p>\u00a0<\/p><p style=\"text-align: justify;\">V<strong>id\u00e9os r\u00e9alis\u00e9es par les \u00e9l\u00e8ves de syst\u00e8mes num\u00e9riques qui participent au projet LAMP avec le TNN.<br><\/strong><\/p><p style=\"text-align: justify;\">Mise en voix et conseils de Fr\u00e9d\u00e9ric De Goldfiem \u00e0 Valentin, Lucas, Mansour, Klaudio et Fabien, \u00e9l\u00e8ves de secondes et terminales syst\u00e8mes num\u00e9riques de Gerard Tourbier et Nadine G\u00e9hin, lyc\u00e9e des Eucalyptus, Nice.<br><iframe src=\"https:\/\/acamedia.ac-nice.fr\/v2\/player\/embed_player.php?vid=MRKH6H373AO3&width=600&height=370&autoplay=yes\" allowfullscreen=\"allowfullscreen\" width=\"600\" height=\"370\" frameborder=\"0\"><\/iframe>Lecture de la<strong> lettre de Thomas<\/strong> par Mohamed, \u00e9l\u00e8ve\u00a0 (dou\u00e9) de seconde syst\u00e8mes num\u00e9riques de Nadine G\u00e9hin, lyc\u00e9e des Eucalyptus, Nice.<br><iframe src=\"https:\/\/acamedia.ac-nice.fr\/v2\/player\/embed_player.php?vid=8GUSONYWHG7K&width=600&height=370&autoplay=yes\" allowfullscreen=\"allowfullscreen\" width=\"600\" height=\"370\" frameborder=\"0\"><\/iframe><\/p><p style=\"text-align: justify;\"><img class=\"alignnone wp-image-541\" src=\"https:\/\/www.pedagogie.ac-nice.fr\/daac\/wp-content\/uploads\/sites\/37\/2020\/09\/contact.png\" alt=\"\" width=\"61\" height=\"58\"><strong>Contacts<br>Nadine G\u00e9hin,<\/strong><br>professeure charg\u00e9e de mission de la DAAC aupr\u00e8s du TNN<\/p><p align=\"left\"><span lang=\"fr-FR\"><strong>Muriel Colin Lacour<\/strong>,<br><\/span><span lang=\"fr-FR\">coordonnatrice acad\u00e9mique danse, cirque, ASV<br>muriel.lacour@ac-nice.fr<br><\/span><\/p>","_et_gb_content_width":"","ngg_post_thumbnail":0,"footnotes":""},"class_list":["post-2308","page","type-page","status-publish","hentry"],"rttpg_featured_image_url":null,"rttpg_author":{"display_name":"daacadmin","author_link":"https:\/\/www.pedagogie.ac-nice.fr\/daac\/author\/daacadmin\/"},"rttpg_comment":0,"rttpg_category":null,"rttpg_excerpt":"&nbsp; \u00a9L\u00e9a Saboun\u00a9L\u00e9a Saboun ContactsClaire Bosc,professeure charg\u00e9e de mission de la DAAC aupr\u00e8s du TNNclaire.bosc@ac-nice.fr Muriel Colin Lacour,coordonnatrice acad\u00e9mique danse, cirque, ASVmuriel.lacour@ac-nice.frActualit\u00e9 2021Traces 2020-2021","post_mailing_queue_ids":[],"_links":{"self":[{"href":"https:\/\/www.pedagogie.ac-nice.fr\/daac\/wp-json\/wp\/v2\/pages\/2308","targetHints":{"allow":["GET"]}}],"collection":[{"href":"https:\/\/www.pedagogie.ac-nice.fr\/daac\/wp-json\/wp\/v2\/pages"}],"about":[{"href":"https:\/\/www.pedagogie.ac-nice.fr\/daac\/wp-json\/wp\/v2\/types\/page"}],"author":[{"embeddable":true,"href":"https:\/\/www.pedagogie.ac-nice.fr\/daac\/wp-json\/wp\/v2\/users\/241"}],"replies":[{"embeddable":true,"href":"https:\/\/www.pedagogie.ac-nice.fr\/daac\/wp-json\/wp\/v2\/comments?post=2308"}],"version-history":[{"count":41,"href":"https:\/\/www.pedagogie.ac-nice.fr\/daac\/wp-json\/wp\/v2\/pages\/2308\/revisions"}],"predecessor-version":[{"id":10201,"href":"https:\/\/www.pedagogie.ac-nice.fr\/daac\/wp-json\/wp\/v2\/pages\/2308\/revisions\/10201"}],"wp:attachment":[{"href":"https:\/\/www.pedagogie.ac-nice.fr\/daac\/wp-json\/wp\/v2\/media?parent=2308"}],"curies":[{"name":"wp","href":"https:\/\/api.w.org\/{rel}","templated":true}]}}