{"id":2324,"date":"2021-02-12T17:43:20","date_gmt":"2021-02-12T16:43:20","guid":{"rendered":"https:\/\/www.pedagogie.ac-nice.fr\/daac\/?page_id=2324"},"modified":"2022-09-24T16:49:37","modified_gmt":"2022-09-24T14:49:37","slug":"cirque","status":"publish","type":"page","link":"https:\/\/www.pedagogie.ac-nice.fr\/daac\/cirque\/","title":{"rendered":"Cirque"},"content":{"rendered":"<p>[et_pb_section fb_built=\u00a0\u00bb1&Prime; _builder_version=\u00a0\u00bb3.22&Prime; global_colors_info=\u00a0\u00bb{}\u00a0\u00bb][et_pb_row column_structure=\u00a0\u00bb2_5,3_5&Prime; _builder_version=\u00a0\u00bb4.10.7&Prime; _module_preset=\u00a0\u00bbdefault\u00a0\u00bb global_colors_info=\u00a0\u00bb{}\u00a0\u00bb][et_pb_column type=\u00a0\u00bb2_5&Prime; _builder_version=\u00a0\u00bb4.10.7&Prime; _module_preset=\u00a0\u00bbdefault\u00a0\u00bb global_colors_info=\u00a0\u00bb{}\u00a0\u00bb][et_pb_text admin_label=\u00a0\u00bblogo cirque\u00a0\u00bb _builder_version=\u00a0\u00bb4.10.7&Prime; background_size=\u00a0\u00bbinitial\u00a0\u00bb background_position=\u00a0\u00bbtop_left\u00a0\u00bb background_repeat=\u00a0\u00bbrepeat\u00a0\u00bb global_colors_info=\u00a0\u00bb{}\u00a0\u00bb]<\/p>\n<div dir=\"ltr\" data-setdir=\"false\">\n<div>\n<div>\n<div>\n<p><img loading=\"lazy\" decoding=\"async\" class=\"alignnone size-full wp-image-5921 aligncenter\" src=\"https:\/\/www.pedagogie.ac-nice.fr\/daac\/wp-content\/uploads\/sites\/37\/2021\/09\/cirque.png\" alt=\"\" width=\"347\" height=\"221\" srcset=\"https:\/\/www.pedagogie.ac-nice.fr\/daac\/wp-content\/uploads\/sites\/37\/2021\/09\/cirque.png 347w, https:\/\/www.pedagogie.ac-nice.fr\/daac\/wp-content\/uploads\/sites\/37\/2021\/09\/cirque-300x191.png 300w\" sizes=\"(max-width: 347px) 100vw, 347px\" \/><\/p>\n<\/div>\n<\/div>\n<\/div>\n<\/div>\n<p>[\/et_pb_text][et_pb_divider _builder_version=\u00a0\u00bb4.10.7&Prime; _module_preset=\u00a0\u00bbdefault\u00a0\u00bb global_colors_info=\u00a0\u00bb{}\u00a0\u00bb][\/et_pb_divider][et_pb_text admin_label=\u00a0\u00bbacc\u00e8s au dispositif\u00a0\u00bb _builder_version=\u00a0\u00bb4.10.7&Prime; background_size=\u00a0\u00bbinitial\u00a0\u00bb background_position=\u00a0\u00bbtop_left\u00a0\u00bb background_repeat=\u00a0\u00bbrepeat\u00a0\u00bb global_colors_info=\u00a0\u00bb{}\u00a0\u00bb]<\/p>\n<div dir=\"ltr\" data-setdir=\"false\">\n<div>\n<div style=\"text-align: center;\"><strong><span class=\"ydp88b7fbcacss-901oao ydp88b7fbcacss-16my406 ydp88b7fbcar-poiln3 ydp88b7fbcar-bcqeeo ydp88b7fbcar-qvutc0\"> <a href=\"https:\/\/www.pedagogie.ac-nice.fr\/daac\/da_asv\/\" target=\"_blank\" rel=\"noopener\"><img loading=\"lazy\" decoding=\"async\" class=\"alignnone wp-image-7599 size-full\" src=\"https:\/\/www.pedagogie.ac-nice.fr\/daac\/wp-content\/uploads\/sites\/37\/2021\/10\/tt_savoir_dispositif.png\" alt=\"\" width=\"352\" height=\"254\" srcset=\"https:\/\/www.pedagogie.ac-nice.fr\/daac\/wp-content\/uploads\/sites\/37\/2021\/10\/tt_savoir_dispositif.png 352w, https:\/\/www.pedagogie.ac-nice.fr\/daac\/wp-content\/uploads\/sites\/37\/2021\/10\/tt_savoir_dispositif-300x216.png 300w\" sizes=\"(max-width: 352px) 100vw, 352px\" \/><\/a><\/span><\/strong><\/div>\n<\/div>\n<\/div>\n<div dir=\"ltr\" data-setdir=\"false\">\n<div>\n<div>\n<div>\n<p>&nbsp;<\/p>\n<\/div>\n<\/div>\n<\/div>\n<\/div>\n<p>[\/et_pb_text][et_pb_divider _builder_version=\u00a0\u00bb4.10.7&Prime; _module_preset=\u00a0\u00bbdefault\u00a0\u00bb global_colors_info=\u00a0\u00bb{}\u00a0\u00bb][\/et_pb_divider][et_pb_text admin_label=\u00a0\u00bbcontact\u00a0\u00bb _builder_version=\u00a0\u00bb4.10.7&Prime; background_size=\u00a0\u00bbinitial\u00a0\u00bb background_position=\u00a0\u00bbtop_left\u00a0\u00bb background_repeat=\u00a0\u00bbrepeat\u00a0\u00bb hover_enabled=\u00a0\u00bb0&Prime; global_colors_info=\u00a0\u00bb{}\u00a0\u00bb sticky_enabled=\u00a0\u00bb0&Prime;]<\/p>\n<div dir=\"ltr\" data-setdir=\"false\">\n<div>\n<div><span style=\"color: #000000;\"><strong><span class=\"ydp88b7fbcacss-901oao ydp88b7fbcacss-16my406 ydp88b7fbcar-poiln3 ydp88b7fbcar-bcqeeo ydp88b7fbcar-qvutc0\">\u00a0C<\/span><\/strong><strong>ontact m\u00e9diation culturelle \u00e0 Sc\u00e8ne 55<\/strong> : Christian Meiffret <a style=\"color: #000000;\" title=\"Composer un message \u00e0 chmeiffret@villedemougins.com\" rel=\"nofollow\">chmeiffret@villedemougins.com<\/a><\/span><\/div>\n<div>\n<div dir=\"ltr\" data-setdir=\"false\">\n<div>\n<div>\n<div>\n<p><span style=\"color: #000000;\"><strong>Charg\u00e9e de mission DAAC<\/strong> : Florence Leyat<\/span><br \/><span style=\"color: #000000;\"><a style=\"color: #000000;\" title=\"Composer un message \u00e0 florence.leyat@ac-nice.fr\" rel=\"nofollow\">florence.leyat@ac-nice.fr<\/a><\/span><\/p>\n<\/div>\n<\/div>\n<\/div>\n<\/div>\n<\/div>\n<\/div>\n<\/div>\n<div dir=\"ltr\" data-setdir=\"false\">\n<div>\n<div>\n<div>\n<p>&nbsp;<\/p>\n<\/div>\n<\/div>\n<\/div>\n<\/div>\n<p>[\/et_pb_text][\/et_pb_column][et_pb_column type=\u00a0\u00bb3_5&Prime; _builder_version=\u00a0\u00bb4.10.7&Prime; _module_preset=\u00a0\u00bbdefault\u00a0\u00bb global_colors_info=\u00a0\u00bb{}\u00a0\u00bb][et_pb_text admin_label=\u00a0\u00bbtexte\u00a0\u00bb _builder_version=\u00a0\u00bb4.10.7&Prime; background_size=\u00a0\u00bbinitial\u00a0\u00bb background_position=\u00a0\u00bbtop_left\u00a0\u00bb background_repeat=\u00a0\u00bbrepeat\u00a0\u00bb hover_enabled=\u00a0\u00bb0&Prime; global_colors_info=\u00a0\u00bb{}\u00a0\u00bb text_font=\u00a0\u00bbTrebuchet||||||||\u00a0\u00bb text_text_color=\u00a0\u00bb#000000&Prime; text_font_size=\u00a0\u00bb16px\u00a0\u00bb text_orientation=\u00a0\u00bbjustified\u00a0\u00bb sticky_enabled=\u00a0\u00bb0&Prime;]<\/p>\n<div dir=\"ltr\" data-setdir=\"false\">\n<p lang=\"fr-FR\" align=\"center\"><span style=\"color: #993366;\"><strong><span style=\"font-size: 24pt;\">CIRQUE<\/span><\/strong><\/span><\/p>\n<p class=\"western\" lang=\"fr-FR\" align=\"center\"><span style=\"color: #ff00ff; font-size: 14pt;\"><span style=\"color: #993366;\"><b>Dispositif acad\u00e9mique<br \/><\/b><strong>\u00ab <\/strong><\/span><i><span style=\"color: #993366;\"><strong>Arts du Spectacle vivant \u00bb<\/strong><\/span><b><br \/><\/b><\/i><\/span><\/p>\n<p class=\"western\" style=\"text-align: justify;\" lang=\"fr-FR\"><span style=\"color: #000000;\"><b>Les arts du cirque s&rsquo;int\u00e8grent dans le dispositif acad\u00e9mique Danse, Th\u00e9\u00e2tre, Arts du cirque, marionnettes, Th\u00e9\u00e2tre de rue.<br \/><\/b>Ce dispositif est port\u00e9 par la D\u00e9l\u00e9gation Acad\u00e9mique \u00e0 l\u2019\u00e9ducation Artistique et Culturelle (DAAC) de l\u2019acad\u00e9mie de Nice. <\/span><\/p>\n<p class=\"western\" style=\"text-align: justify;\" lang=\"fr-FR\"><span style=\"color: #000000;\">Il encadre des projets \u00e9ducatifs transdisciplinaires reposant sur un partenariat \u00e9troit entre \u00e9tablissements scolaires et \u00e9tablissements culturels du territoire.<\/span><\/p>\n<\/div>\n<div dir=\"ltr\" data-setdir=\"false\"><\/div>\n<div dir=\"ltr\" style=\"text-align: center;\" data-setdir=\"false\"><b><span style=\"font-size: 14pt; color: #993366;\">Ateliers Cirque<\/span><br \/><\/b><\/div>\n<div dir=\"ltr\" data-setdir=\"false\"><a href=\"https:\/\/www.pedagogie.ac-nice.fr\/daac\/wp-content\/uploads\/sites\/37\/2021\/02\/atelier_cirque.jpg\"><img loading=\"lazy\" decoding=\"async\" class=\"wp-image-2317 aligncenter\" src=\"https:\/\/www.pedagogie.ac-nice.fr\/daac\/wp-content\/uploads\/sites\/37\/2021\/02\/atelier_cirque.jpg\" alt=\"\" width=\"320\" height=\"240\" srcset=\"https:\/\/www.pedagogie.ac-nice.fr\/daac\/wp-content\/uploads\/sites\/37\/2021\/02\/atelier_cirque.jpg 1600w, https:\/\/www.pedagogie.ac-nice.fr\/daac\/wp-content\/uploads\/sites\/37\/2021\/02\/atelier_cirque-300x225.jpg 300w, https:\/\/www.pedagogie.ac-nice.fr\/daac\/wp-content\/uploads\/sites\/37\/2021\/02\/atelier_cirque-1024x768.jpg 1024w, https:\/\/www.pedagogie.ac-nice.fr\/daac\/wp-content\/uploads\/sites\/37\/2021\/02\/atelier_cirque-768x576.jpg 768w, https:\/\/www.pedagogie.ac-nice.fr\/daac\/wp-content\/uploads\/sites\/37\/2021\/02\/atelier_cirque-1536x1152.jpg 1536w\" sizes=\"(max-width: 320px) 100vw, 320px\" \/><\/a><\/div>\n<div dir=\"ltr\" style=\"text-align: justify;\" data-setdir=\"false\">\u00a0 <span style=\"color: #ff00ff;\"><strong><span style=\"color: #993366;\">Objectifs<\/span>\u00a0<\/strong><\/span><\/div>\n<ul style=\"list-style-type: circle;\">\n<li dir=\"ltr\" style=\"text-align: justify;\" data-setdir=\"false\"><span style=\"color: #000000;\">D\u00e9couverte de diff\u00e9rentes techniques circassiennes (<span class=\"ydp88b7fbcacss-901oao ydp88b7fbcacss-16my406 ydp88b7fbcar-poiln3 ydp88b7fbcar-bcqeeo ydp88b7fbcar-qvutc0\">s\u00e9ance de jonglage, \u00e9quilibrisme, monocycle, de boule, d&rsquo;assiettes, de diabolo&#8230;)<\/span><\/span><\/li>\n<li dir=\"ltr\" style=\"text-align: justify;\" data-setdir=\"false\"><span class=\"ydp88b7fbcacss-901oao ydp88b7fbcacss-16my406 ydp88b7fbcar-poiln3 ydp88b7fbcar-bcqeeo ydp88b7fbcar-qvutc0\" style=\"color: #000000;\">apport artistique en vue d&rsquo;un \u00e9ventuel spectacle de fin d&rsquo;ann\u00e9e<\/span><span class=\"ydp88b7fbcacss-901oao ydp88b7fbcacss-16my406 ydp88b7fbcar-poiln3 ydp88b7fbcar-bcqeeo ydp88b7fbcar-qvutc0\" style=\"color: #000000;\"><\/span><\/li>\n<\/ul>\n<div dir=\"ltr\" style=\"text-align: justify;\" data-setdir=\"false\"><\/div>\n<div dir=\"ltr\" data-setdir=\"false\"><span style=\"color: #993366;\"><strong><span style=\"font-size: 14pt;\"><\/span><\/strong><\/span><\/div>\n<div dir=\"ltr\" data-setdir=\"false\"><span style=\"color: #993366;\"><strong><span style=\"font-size: 14pt;\">Structures partenaires<\/span> \u00a0<\/strong> \u00a0\u00a0 \u00a0\u00a0 \u00a0<\/span><\/div>\n<p><a href=\"https:\/\/www.pedagogie.ac-nice.fr\/daac\/wp-content\/uploads\/sites\/37\/2021\/02\/logo_pistes_azur.png\"><img loading=\"lazy\" decoding=\"async\" class=\"wp-image-2318 alignleft\" src=\"https:\/\/www.pedagogie.ac-nice.fr\/daac\/wp-content\/uploads\/sites\/37\/2021\/02\/logo_pistes_azur.png\" alt=\"\" width=\"133\" height=\"78\" srcset=\"https:\/\/www.pedagogie.ac-nice.fr\/daac\/wp-content\/uploads\/sites\/37\/2021\/02\/logo_pistes_azur.png 945w, https:\/\/www.pedagogie.ac-nice.fr\/daac\/wp-content\/uploads\/sites\/37\/2021\/02\/logo_pistes_azur-300x177.png 300w, https:\/\/www.pedagogie.ac-nice.fr\/daac\/wp-content\/uploads\/sites\/37\/2021\/02\/logo_pistes_azur-768x453.png 768w\" sizes=\"(max-width: 133px) 100vw, 133px\" \/><\/a><span style=\"color: #0000ff;\"><a href=\"https:\/\/www.pedagogie.ac-nice.fr\/daac\/wp-content\/uploads\/sites\/37\/2021\/02\/logo-scene-55.jpg\"><img loading=\"lazy\" decoding=\"async\" class=\"wp-image-2319 alignnone\" src=\"https:\/\/www.pedagogie.ac-nice.fr\/daac\/wp-content\/uploads\/sites\/37\/2021\/02\/logo-scene-55.jpg\" alt=\"\" width=\"100\" height=\"73\" srcset=\"https:\/\/www.pedagogie.ac-nice.fr\/daac\/wp-content\/uploads\/sites\/37\/2021\/02\/logo-scene-55.jpg 462w, https:\/\/www.pedagogie.ac-nice.fr\/daac\/wp-content\/uploads\/sites\/37\/2021\/02\/logo-scene-55-300x218.jpg 300w\" sizes=\"(max-width: 100px) 100vw, 100px\" \/><\/a><\/span><\/p>\n<div dir=\"ltr\" data-setdir=\"false\"><span style=\"color: #000000;\">&#8211; Sc\u00e8ne 55 de la Ville de Mougins<\/span><\/div>\n<div dir=\"ltr\" data-setdir=\"false\"><span style=\"color: #000000;\"> &#8211; Ecole de cirque Pistes d&rsquo;Azur<\/span><\/div>\n<p>[\/et_pb_text][et_pb_text _builder_version=\u00a0\u00bb4.10.7&Prime; _module_preset=\u00a0\u00bbdefault\u00a0\u00bb hover_enabled=\u00a0\u00bb0&Prime; sticky_enabled=\u00a0\u00bb0&Prime; text_font=\u00a0\u00bbTrebuchet||||||||\u00a0\u00bb text_font_size=\u00a0\u00bb16px\u00a0\u00bb text_orientation=\u00a0\u00bbjustified\u00a0\u00bb]<\/p>\n<div dir=\"ltr\" data-setdir=\"false\"><span style=\"color: #993366;\"><strong>D\u00e9roulement et agenda<\/strong><\/span><\/div>\n<div dir=\"ltr\" data-setdir=\"false\"><span style=\"color: #000000;\">23 \u00e9l\u00e8ves de l&rsquo;AS cirque du coll\u00e8ge La Ch\u00eanaie de Mouans-Sartoux impliqu\u00e9s.<\/span><\/div>\n<div dir=\"ltr\" style=\"text-align: justify;\" data-setdir=\"false\"><span style=\"color: #000000;\">Cycle de 6 ateliers cirque avec un intervenant de l&rsquo;\u00e9cole de cirque Pistes d&rsquo;azur.<\/span><\/div>\n<div dir=\"ltr\" style=\"text-align: justify;\" data-setdir=\"false\"><span style=\"color: #000000;\">Une visite du chapiteau de Pistes d&rsquo;azur avec atelier sur place \u00e9galement pr\u00e9vue.<\/span><\/div>\n<p>[\/et_pb_text][\/et_pb_column][\/et_pb_row][\/et_pb_section]<\/p>\n","protected":false},"excerpt":{"rendered":"<p>&nbsp; \u00a0Contact m\u00e9diation culturelle \u00e0 Sc\u00e8ne 55 : Christian Meiffret chmeiffret@villedemougins.com Charg\u00e9e de mission DAAC : Florence Leyatflorence.leyat@ac-nice.fr &nbsp; CIRQUE Dispositif acad\u00e9mique\u00ab Arts du Spectacle vivant \u00bb Les arts du cirque s&rsquo;int\u00e8grent dans le dispositif acad\u00e9mique Danse, Th\u00e9\u00e2tre, Arts du cirque, marionnettes, Th\u00e9\u00e2tre de rue.Ce dispositif est port\u00e9 par la D\u00e9l\u00e9gation Acad\u00e9mique \u00e0 l\u2019\u00e9ducation Artistique [&hellip;]<\/p>\n","protected":false},"author":241,"featured_media":0,"parent":0,"menu_order":0,"comment_status":"closed","ping_status":"closed","template":"","meta":{"_et_pb_use_builder":"on","_et_pb_old_content":"<div dir=\"ltr\" style=\"text-align: center;\" data-setdir=\"false\"><b><span style=\"font-size: 14pt;\">Ateliers Cirque<\/span><br><\/b><\/div><div dir=\"ltr\" data-setdir=\"false\"><a href=\"https:\/\/www.pedagogie.ac-nice.fr\/daac\/wp-content\/uploads\/sites\/37\/2021\/02\/atelier_cirque.jpg\"><img class=\"wp-image-2317 aligncenter\" src=\"https:\/\/www.pedagogie.ac-nice.fr\/daac\/wp-content\/uploads\/sites\/37\/2021\/02\/atelier_cirque.jpg\" alt=\"\" width=\"320\" height=\"240\"><\/a><\/div><div dir=\"ltr\" style=\"text-align: justify;\" data-setdir=\"false\"><img class=\"alignnone wp-image-533\" src=\"https:\/\/www.pedagogie.ac-nice.fr\/daac\/wp-content\/uploads\/sites\/37\/2020\/09\/target.png\" alt=\"logo_cible\" width=\"65\" height=\"65\">\u00a0 <strong>Objectifs\u00a0<\/strong><\/div><div dir=\"ltr\" style=\"text-align: justify;\" data-setdir=\"false\">\u00a0<\/div><ul style=\"list-style-type: circle;\"><li dir=\"ltr\" style=\"text-align: justify;\" data-setdir=\"false\">D\u00e9couverte de diff\u00e9rentes techniques circassiennes (<span class=\"ydp88b7fbcacss-901oao ydp88b7fbcacss-16my406 ydp88b7fbcar-poiln3 ydp88b7fbcar-bcqeeo ydp88b7fbcar-qvutc0\">s\u00e9ance de jonglage, \u00e9quilibrisme, monocycle, de boule, d'assiettes, de diabolo...)<\/span><\/li><li dir=\"ltr\" style=\"text-align: justify;\" data-setdir=\"false\"><span class=\"ydp88b7fbcacss-901oao ydp88b7fbcacss-16my406 ydp88b7fbcar-poiln3 ydp88b7fbcar-bcqeeo ydp88b7fbcar-qvutc0\">apport artistique en vue d'un \u00e9ventuel spectacle de fin d'ann\u00e9e.<\/span><\/li><\/ul><div dir=\"ltr\" data-setdir=\"false\">\u00a0<\/div><div dir=\"ltr\" data-setdir=\"false\"><img class=\"alignnone wp-image-769\" src=\"https:\/\/www.pedagogie.ac-nice.fr\/daac\/wp-content\/uploads\/sites\/37\/2020\/10\/rencontres.png\" alt=\"\" width=\"97\" height=\"71\"><strong> \u00a0\u00a0\u00a0\u00a0\u00a0\u00a0\u00a0\u00a0\u00a0\u00a0\u00a0\u00a0\u00a0 <span style=\"font-size: 14pt;\">\u00a0 Structures partenaires<\/span> \u00a0<\/strong> \u00a0\u00a0 \u00a0\u00a0 \u00a0 <a href=\"https:\/\/www.pedagogie.ac-nice.fr\/daac\/wp-content\/uploads\/sites\/37\/2021\/02\/logo-scene-55.jpg\"><img class=\"alignnone wp-image-2319\" src=\"https:\/\/www.pedagogie.ac-nice.fr\/daac\/wp-content\/uploads\/sites\/37\/2021\/02\/logo-scene-55.jpg\" alt=\"\" width=\"100\" height=\"73\"><\/a><\/div><p><a href=\"https:\/\/www.pedagogie.ac-nice.fr\/daac\/wp-content\/uploads\/sites\/37\/2021\/02\/logo_pistes_azur.png\"><img class=\"wp-image-2318 aligncenter\" src=\"https:\/\/www.pedagogie.ac-nice.fr\/daac\/wp-content\/uploads\/sites\/37\/2021\/02\/logo_pistes_azur.png\" alt=\"\" width=\"133\" height=\"78\"><\/a>- Sc\u00e8ne 55 de la Ville de Mougins<br>- Ecole de cirque Pistes d'Azur<\/p><div dir=\"ltr\" data-setdir=\"false\">\u00a0<\/div><div dir=\"ltr\" data-setdir=\"false\"><a href=\"https:\/\/www.pedagogie.ac-nice.fr\/daac\/wp-content\/uploads\/sites\/37\/2020\/09\/projet.png\"><img class=\"alignnone size-full wp-image-539\" src=\"https:\/\/www.pedagogie.ac-nice.fr\/daac\/wp-content\/uploads\/sites\/37\/2020\/09\/projet.png\" alt=\"\" width=\"132\" height=\"195\"><\/a><strong>D\u00e9roulement et agenda<\/strong><\/div><div dir=\"ltr\" data-setdir=\"false\">23 \u00e9l\u00e8ves de l'AS cirque du coll\u00e8ge La Ch\u00eanaie de Mouans-Sartoux impliqu\u00e9s.<\/div><div dir=\"ltr\" style=\"text-align: justify;\" data-setdir=\"false\">Cycle de 6 ateliers cirque avec un intervenant de l'\u00e9cole de cirque Pistes d'azur.<\/div><div dir=\"ltr\" style=\"text-align: justify;\" data-setdir=\"false\">Une visite du chapiteau de Pistes d'azur avec atelier sur place \u00e9galement pr\u00e9vue.<\/div><div dir=\"ltr\" style=\"text-align: justify;\" data-setdir=\"false\">En lien avec le spectacle Parall\u00e8le 26 programm\u00e9 en janvier 2021 (scolaire annul\u00e9e).<\/div><div dir=\"ltr\" data-setdir=\"false\"><div><div><span class=\"ydp88b7fbcacss-901oao ydp88b7fbcacss-16my406 ydp88b7fbcar-poiln3 ydp88b7fbcar-bcqeeo ydp88b7fbcar-qvutc0\">\u00a0<\/span><\/div><div><img class=\"alignnone wp-image-541\" src=\"https:\/\/www.pedagogie.ac-nice.fr\/daac\/wp-content\/uploads\/sites\/37\/2020\/09\/contact.png\" alt=\"\" width=\"49\" height=\"47\">Contacts:<\/div><\/div><\/div><div dir=\"ltr\" data-setdir=\"false\"><div><p><span style=\"color: #3366ff;\">Contact m\u00e9diation culturelle \u00e0 Sc\u00e8ne 55 : Christian Meiffret<\/span> <a title=\"Composer un message \u00e0 chmeiffret@villedemougins.com\" rel=\"nofollow\">chmeiffret@villedemougins.com<\/a><\/p><div><div><p><span style=\"color: #3366ff;\">Charg\u00e9e de mission DAAC : Florence Leyat<\/span><br><a title=\"Composer un message \u00e0 florence.leyat@ac-nice.fr\" rel=\"nofollow\">florence.leyat@ac-nice.fr<\/a><\/p><\/div><\/div><\/div><\/div>","_et_gb_content_width":"","ngg_post_thumbnail":0,"footnotes":""},"class_list":["post-2324","page","type-page","status-publish","hentry"],"rttpg_featured_image_url":null,"rttpg_author":{"display_name":"daacadmin","author_link":"https:\/\/www.pedagogie.ac-nice.fr\/daac\/author\/daacadmin\/"},"rttpg_comment":0,"rttpg_category":null,"rttpg_excerpt":"&nbsp; \u00a0Contact m\u00e9diation culturelle \u00e0 Sc\u00e8ne 55 : Christian Meiffret chmeiffret@villedemougins.com Charg\u00e9e de mission DAAC : Florence Leyatflorence.leyat@ac-nice.fr &nbsp; CIRQUE Dispositif acad\u00e9mique\u00ab Arts du Spectacle vivant \u00bb Les arts du cirque s'int\u00e8grent dans le dispositif acad\u00e9mique Danse, Th\u00e9\u00e2tre, Arts du cirque, marionnettes, Th\u00e9\u00e2tre de rue.Ce dispositif est port\u00e9 par la D\u00e9l\u00e9gation Acad\u00e9mique \u00e0 l\u2019\u00e9ducation Artistique\u2026","post_mailing_queue_ids":[],"_links":{"self":[{"href":"https:\/\/www.pedagogie.ac-nice.fr\/daac\/wp-json\/wp\/v2\/pages\/2324","targetHints":{"allow":["GET"]}}],"collection":[{"href":"https:\/\/www.pedagogie.ac-nice.fr\/daac\/wp-json\/wp\/v2\/pages"}],"about":[{"href":"https:\/\/www.pedagogie.ac-nice.fr\/daac\/wp-json\/wp\/v2\/types\/page"}],"author":[{"embeddable":true,"href":"https:\/\/www.pedagogie.ac-nice.fr\/daac\/wp-json\/wp\/v2\/users\/241"}],"replies":[{"embeddable":true,"href":"https:\/\/www.pedagogie.ac-nice.fr\/daac\/wp-json\/wp\/v2\/comments?post=2324"}],"version-history":[{"count":12,"href":"https:\/\/www.pedagogie.ac-nice.fr\/daac\/wp-json\/wp\/v2\/pages\/2324\/revisions"}],"predecessor-version":[{"id":13790,"href":"https:\/\/www.pedagogie.ac-nice.fr\/daac\/wp-json\/wp\/v2\/pages\/2324\/revisions\/13790"}],"wp:attachment":[{"href":"https:\/\/www.pedagogie.ac-nice.fr\/daac\/wp-json\/wp\/v2\/media?parent=2324"}],"curies":[{"name":"wp","href":"https:\/\/api.w.org\/{rel}","templated":true}]}}