{"id":2336,"date":"2021-02-12T18:23:07","date_gmt":"2021-02-12T17:23:07","guid":{"rendered":"https:\/\/www.pedagogie.ac-nice.fr\/daac\/?page_id=2336"},"modified":"2023-01-14T10:46:53","modified_gmt":"2023-01-14T09:46:53","slug":"armand-gatti","status":"publish","type":"page","link":"https:\/\/www.pedagogie.ac-nice.fr\/daac\/armand-gatti\/","title":{"rendered":"Armand Gatti"},"content":{"rendered":"<p>[et_pb_section fb_built=\u00a0\u00bb1&Prime; _builder_version=\u00a0\u00bb3.22&Prime; global_colors_info=\u00a0\u00bb{}\u00a0\u00bb custom_padding=\u00a0\u00bb|0px||||\u00a0\u00bb][et_pb_row column_structure=\u00a0\u00bb1_3,2_3&Prime; _builder_version=\u00a0\u00bb4.10.7&Prime; _module_preset=\u00a0\u00bbdefault\u00a0\u00bb global_colors_info=\u00a0\u00bb{}\u00a0\u00bb custom_padding=\u00a0\u00bb|0px||||\u00a0\u00bb][et_pb_column type=\u00a0\u00bb1_3&Prime; _builder_version=\u00a0\u00bb4.10.7&Prime; _module_preset=\u00a0\u00bbdefault\u00a0\u00bb global_colors_info=\u00a0\u00bb{}\u00a0\u00bb][et_pb_text admin_label=\u00a0\u00bblogo theatre\u00a0\u00bb _builder_version=\u00a0\u00bb4.10.7&Prime; background_size=\u00a0\u00bbinitial\u00a0\u00bb background_position=\u00a0\u00bbtop_left\u00a0\u00bb background_repeat=\u00a0\u00bbrepeat\u00a0\u00bb global_colors_info=\u00a0\u00bb{}\u00a0\u00bb]<\/p>\n<p align=\"left\"><a href=\"https:\/\/www.pedagogie.ac-nice.fr\/daac\/theatre-asv\/\" target=\"_blank\" rel=\"noopener\"><img loading=\"lazy\" decoding=\"async\" class=\"alignnone size-full wp-image-5928 aligncenter\" src=\"https:\/\/www.pedagogie.ac-nice.fr\/daac\/wp-content\/uploads\/sites\/37\/2021\/09\/theatre.png\" alt=\"\" width=\"348\" height=\"217\" srcset=\"https:\/\/www.pedagogie.ac-nice.fr\/daac\/wp-content\/uploads\/sites\/37\/2021\/09\/theatre.png 348w, https:\/\/www.pedagogie.ac-nice.fr\/daac\/wp-content\/uploads\/sites\/37\/2021\/09\/theatre-300x187.png 300w\" sizes=\"(max-width: 348px) 100vw, 348px\" \/><\/a><\/p>\n<p>[\/et_pb_text][et_pb_text admin_label=\u00a0\u00bblogo partenariat\u00a0\u00bb _builder_version=\u00a0\u00bb4.10.7&Prime; _module_preset=\u00a0\u00bbdefault\u00a0\u00bb global_colors_info=\u00a0\u00bb{}\u00a0\u00bb]<\/p>\n<p><img loading=\"lazy\" decoding=\"async\" class=\"wp-image-6275 aligncenter\" src=\"https:\/\/www.pedagogie.ac-nice.fr\/daac\/wp-content\/uploads\/sites\/37\/2021\/09\/partenariat.png\" alt=\"\" width=\"271\" height=\"177\" srcset=\"https:\/\/www.pedagogie.ac-nice.fr\/daac\/wp-content\/uploads\/sites\/37\/2021\/09\/partenariat.png 344w, https:\/\/www.pedagogie.ac-nice.fr\/daac\/wp-content\/uploads\/sites\/37\/2021\/09\/partenariat-300x196.png 300w\" sizes=\"(max-width: 271px) 100vw, 271px\" \/><\/p>\n<p>[\/et_pb_text][et_pb_text admin_label=\u00a0\u00bbGatti\u00a0\u00bb _builder_version=\u00a0\u00bb4.10.7&Prime; background_size=\u00a0\u00bbinitial\u00a0\u00bb background_position=\u00a0\u00bbtop_left\u00a0\u00bb background_repeat=\u00a0\u00bbrepeat\u00a0\u00bb global_colors_info=\u00a0\u00bb{}\u00a0\u00bb]<\/p>\n<p align=\"left\"><img loading=\"lazy\" decoding=\"async\" class=\" wp-image-519 aligncenter\" src=\"https:\/\/www.pedagogie.ac-nice.fr\/daac\/wp-content\/uploads\/sites\/37\/2020\/09\/gatti.png\" alt=\"\" width=\"211\" height=\"198\"><\/p>\n<p>[\/et_pb_text][et_pb_text admin_label=\u00a0\u00bblogo le pole\u00a0\u00bb _builder_version=\u00a0\u00bb4.10.7&Prime; background_size=\u00a0\u00bbinitial\u00a0\u00bb background_position=\u00a0\u00bbtop_left\u00a0\u00bb background_repeat=\u00a0\u00bbrepeat\u00a0\u00bb global_colors_info=\u00a0\u00bb{}\u00a0\u00bb]<\/p>\n<p align=\"left\"><a href=\"https:\/\/www.pedagogie.ac-nice.fr\/daac\/le-pole\/\" target=\"_blank\" rel=\"noopener\"><img loading=\"lazy\" decoding=\"async\" class=\"aligncenter wp-image-3425\" src=\"https:\/\/www.pedagogie.ac-nice.fr\/daac\/wp-content\/uploads\/sites\/37\/2021\/05\/logo_lepole.jpg\" alt=\"Logo du Pole Armand Gatti. hexagone avec 4 couleurs sur fond noir en trame de fonds. le P\u00f4le est \u00e9crit en blanc\" width=\"215\" height=\"129\"><\/a><\/p>\n<p>[\/et_pb_text][et_pb_text admin_label=\u00a0\u00bbTh\u00e9\u00e2tre de Grasse\u00a0\u00bb _builder_version=\u00a0\u00bb4.10.7&Prime; _module_preset=\u00a0\u00bbdefault\u00a0\u00bb global_colors_info=\u00a0\u00bb{}\u00a0\u00bb]<\/p>\n<p><a href=\"https:\/\/www.pedagogie.ac-nice.fr\/daac\/theatre-de-grasse\/\" target=\"_blank\" rel=\"noopener\"><img loading=\"lazy\" decoding=\"async\" class=\"aligncenter wp-image-3414 size-full\" src=\"https:\/\/www.pedagogie.ac-nice.fr\/daac\/wp-content\/uploads\/sites\/37\/2021\/05\/logo_th_grasse.jpg\" alt=\"\" width=\"225\" height=\"225\" srcset=\"https:\/\/www.pedagogie.ac-nice.fr\/daac\/wp-content\/uploads\/sites\/37\/2021\/05\/logo_th_grasse.jpg 225w, https:\/\/www.pedagogie.ac-nice.fr\/daac\/wp-content\/uploads\/sites\/37\/2021\/05\/logo_th_grasse-150x150.jpg 150w\" sizes=\"(max-width: 225px) 100vw, 225px\" \/><\/a><\/p>\n<p>[\/et_pb_text][\/et_pb_column][et_pb_column type=\u00a0\u00bb2_3&Prime; _builder_version=\u00a0\u00bb4.10.7&Prime; _module_preset=\u00a0\u00bbdefault\u00a0\u00bb global_colors_info=\u00a0\u00bb{}\u00a0\u00bb][et_pb_text _builder_version=\u00a0\u00bb4.10.7&Prime; background_size=\u00a0\u00bbinitial\u00a0\u00bb background_position=\u00a0\u00bbtop_left\u00a0\u00bb background_repeat=\u00a0\u00bbrepeat\u00a0\u00bb width=\u00a0\u00bb100%\u00a0\u00bb custom_margin=\u00a0\u00bb|226px|108px|-26px||\u00a0\u00bb global_colors_info=\u00a0\u00bb{}\u00a0\u00bb]<\/p>\n<p><img loading=\"lazy\" decoding=\"async\" class=\"alignnone size-full wp-image-12784\" src=\"https:\/\/www.pedagogie.ac-nice.fr\/daac\/wp-content\/uploads\/sites\/37\/2022\/05\/LE-PRIX-DE-LA-PIECE-DE-THEATRE-CONTEMPORAIN-POUR-LE-JEUNE-PUBLIC.png\" alt=\"\" width=\"1414\" height=\"2000\" srcset=\"https:\/\/www.pedagogie.ac-nice.fr\/daac\/wp-content\/uploads\/sites\/37\/2022\/05\/LE-PRIX-DE-LA-PIECE-DE-THEATRE-CONTEMPORAIN-POUR-LE-JEUNE-PUBLIC.png 1414w, https:\/\/www.pedagogie.ac-nice.fr\/daac\/wp-content\/uploads\/sites\/37\/2022\/05\/LE-PRIX-DE-LA-PIECE-DE-THEATRE-CONTEMPORAIN-POUR-LE-JEUNE-PUBLIC-212x300.png 212w, https:\/\/www.pedagogie.ac-nice.fr\/daac\/wp-content\/uploads\/sites\/37\/2022\/05\/LE-PRIX-DE-LA-PIECE-DE-THEATRE-CONTEMPORAIN-POUR-LE-JEUNE-PUBLIC-724x1024.png 724w, https:\/\/www.pedagogie.ac-nice.fr\/daac\/wp-content\/uploads\/sites\/37\/2022\/05\/LE-PRIX-DE-LA-PIECE-DE-THEATRE-CONTEMPORAIN-POUR-LE-JEUNE-PUBLIC-768x1086.png 768w, https:\/\/www.pedagogie.ac-nice.fr\/daac\/wp-content\/uploads\/sites\/37\/2022\/05\/LE-PRIX-DE-LA-PIECE-DE-THEATRE-CONTEMPORAIN-POUR-LE-JEUNE-PUBLIC-1086x1536.png 1086w, https:\/\/www.pedagogie.ac-nice.fr\/daac\/wp-content\/uploads\/sites\/37\/2022\/05\/LE-PRIX-DE-LA-PIECE-DE-THEATRE-CONTEMPORAIN-POUR-LE-JEUNE-PUBLIC-1080x1528.png 1080w\" sizes=\"(max-width: 1414px) 100vw, 1414px\" \/><\/p>\n<p>[\/et_pb_text][et_pb_text _builder_version=\u00a0\u00bb4.10.7&Prime; _module_preset=\u00a0\u00bbdefault\u00a0\u00bb text_font=\u00a0\u00bbTrebuchet||||||||\u00a0\u00bb text_font_size=\u00a0\u00bb23px\u00a0\u00bb hover_enabled=\u00a0\u00bb0&Prime; sticky_enabled=\u00a0\u00bb0&Prime;]<\/p>\n<p style=\"text-align: center;\"><span style=\"color: #993366;\"><strong>ACTUALITES<\/strong><\/span><\/p>\n<p>[\/et_pb_text][et_pb_text _builder_version=\u00a0\u00bb4.10.7&Prime; _module_preset=\u00a0\u00bbdefault\u00a0\u00bb text_font=\u00a0\u00bbTrebuchet||||||||\u00a0\u00bb text_text_color=\u00a0\u00bb#000000&Prime; text_font_size=\u00a0\u00bb16px\u00a0\u00bb text_orientation=\u00a0\u00bbjustified\u00a0\u00bb hover_enabled=\u00a0\u00bb0&Prime; sticky_enabled=\u00a0\u00bb0&Prime;]<\/p>\n<p>Un\u00a0stage\u00a0<strong>le 6 Mars<\/strong>\u00a0autour des \u00e9critures th\u00e9\u00e2trales contemporaines pour le jeune public, prix Armand Gatti. Lieu \u00e0 d\u00e9finir dans les Alpes Maritimes..<\/p>\n<p>[\/et_pb_text][et_pb_divider _builder_version=\u00a0\u00bb4.10.7&Prime; _module_preset=\u00a0\u00bbdefault\u00a0\u00bb hover_enabled=\u00a0\u00bb0&Prime; sticky_enabled=\u00a0\u00bb0&Prime;][\/et_pb_divider][et_pb_text _builder_version=\u00a0\u00bb4.10.7&Prime; _module_preset=\u00a0\u00bbdefault\u00a0\u00bb hover_enabled=\u00a0\u00bb0&Prime; sticky_enabled=\u00a0\u00bb0&Prime;]<\/p>\n<p><span style=\"color: #000000;\"><strong>Coordination DAAC<\/strong><\/span><br \/><span style=\"color: #0000ff;\" lang=\"fr-FR\"><span style=\"color: #000000;\"><span lang=\"fr-FR\"><strong>&#8211; Myriam Bruscoli,<\/strong> professeure charg\u00e9e de mission DAAC aupr<\/span><span lang=\"it-IT\">\u00e8<\/span><span lang=\"fr-FR\">s du <\/span><span lang=\"fr-FR\">P\u00f4<\/span><span lang=\"fr-FR\">le et la biblioth<\/span><span lang=\"fr-FR\"><span lang=\"it-IT\">\u00e8<\/span><\/span><span lang=\"fr-FR\">que de th\u00e9\u00e2<\/span><span lang=\"fr-FR\"><span lang=\"de-DE\">tre Armand Gatti.<\/span><\/span><\/span><br \/><span style=\"color: #000000;\">&#8211; <strong>Muriel Colin<\/strong>, coordonatrice acad\u00e9mique Danse et Arts du cirque : muriel.colin@ac-nice.fr<\/span><\/span><\/p>\n<p>[\/et_pb_text][et_pb_text admin_label=\u00a0\u00bbressources\u00a0\u00bb _builder_version=\u00a0\u00bb4.10.7&Prime; background_size=\u00a0\u00bbinitial\u00a0\u00bb background_position=\u00a0\u00bbtop_left\u00a0\u00bb background_repeat=\u00a0\u00bbrepeat\u00a0\u00bb global_colors_info=\u00a0\u00bb{}\u00a0\u00bb]<\/p>\n<p><a href=\"https:\/\/www.pedagogie.ac-nice.fr\/daac\/wp-content\/uploads\/sites\/37\/2022\/09\/SELECTION-PRIX-DE-LA-PIECE-DE-THEATRE-CONTEPORAIN-POUR-LE-JEUNE-PUBLIC-2021.pdf\" target=\"_blank\" rel=\"noopener\"><img loading=\"lazy\" decoding=\"async\" class=\" wp-image-7650 aligncenter\" src=\"https:\/\/www.pedagogie.ac-nice.fr\/daac\/wp-content\/uploads\/sites\/37\/2021\/10\/ressources.png\" alt=\"\" width=\"230\" height=\"150\" srcset=\"https:\/\/www.pedagogie.ac-nice.fr\/daac\/wp-content\/uploads\/sites\/37\/2021\/10\/ressources.png 355w, https:\/\/www.pedagogie.ac-nice.fr\/daac\/wp-content\/uploads\/sites\/37\/2021\/10\/ressources-300x195.png 300w\" sizes=\"(max-width: 230px) 100vw, 230px\" \/><\/a><\/p>\n<p>[\/et_pb_text][\/et_pb_column][\/et_pb_row][et_pb_row column_structure=\u00a0\u00bb1_3,1_3,1_3&Prime; _builder_version=\u00a0\u00bb4.10.7&Prime; _module_preset=\u00a0\u00bbdefault\u00a0\u00bb global_colors_info=\u00a0\u00bb{}\u00a0\u00bb][et_pb_column type=\u00a0\u00bb1_3&Prime; _builder_version=\u00a0\u00bb4.10.7&Prime; _module_preset=\u00a0\u00bbdefault\u00a0\u00bb global_colors_info=\u00a0\u00bb{}\u00a0\u00bb][et_pb_text admin_label=\u00a0\u00bbnetboard\u00a0\u00bb _builder_version=\u00a0\u00bb4.10.7&Prime; background_size=\u00a0\u00bbinitial\u00a0\u00bb background_position=\u00a0\u00bbtop_left\u00a0\u00bb background_repeat=\u00a0\u00bbrepeat\u00a0\u00bb global_colors_info=\u00a0\u00bb{}\u00a0\u00bb]<\/p>\n<p style=\"text-align: center;\"><a href=\"https:\/\/muriel-colin-lacour.netboard.me\/pjp\/?link=50eh0Hs4-fED8dIjy-96KnSw4j\" target=\"_blank\" rel=\"noopener\"><strong><span style=\"color: #000080;\">Dans les Alpes Maritimes<\/span><\/strong><\/a><br \/><a href=\"https:\/\/muriel-colin-lacour.netboard.me\/pjp\/?link=50eh0Hs4-fED8dIjy-96KnSw4j\" target=\"_blank\" rel=\"noopener\"><img loading=\"lazy\" decoding=\"async\" class=\"wp-image-817 aligncenter\" src=\"https:\/\/www.pedagogie.ac-nice.fr\/daac\/wp-content\/uploads\/sites\/37\/2020\/09\/netboard.jpg\" alt=\"\" width=\"185\" height=\"112\" \/><\/a><\/p>\n<p>[\/et_pb_text][\/et_pb_column][et_pb_column type=\u00a0\u00bb1_3&Prime; _builder_version=\u00a0\u00bb4.10.7&Prime; _module_preset=\u00a0\u00bbdefault\u00a0\u00bb global_colors_info=\u00a0\u00bb{}\u00a0\u00bb][et_pb_text admin_label=\u00a0\u00bbVar lien vid\u00e9o\u00a0\u00bb _builder_version=\u00a0\u00bb4.10.7&Prime; text_font=\u00a0\u00bbTrebuchet||||||||\u00a0\u00bb background_size=\u00a0\u00bbinitial\u00a0\u00bb background_position=\u00a0\u00bbtop_left\u00a0\u00bb background_repeat=\u00a0\u00bbrepeat\u00a0\u00bb global_colors_info=\u00a0\u00bb{}\u00a0\u00bb]<\/p>\n<p><span style=\"color: #000000;\"><strong><span lang=\"fr-FR\">Dans<\/span><span lang=\"fr-FR\"> le Var<\/span><\/strong>\u00a0<span lang=\"fr-FR\">:\u00a0 v<\/span>id<span lang=\"fr-FR\">\u00e9<\/span><span lang=\"pt-PT\">o de pr<\/span><span lang=\"fr-FR\">\u00e9sentation : <\/span><span lang=\"fr-FR\"><a style=\"color: #000000;\" href=\"https:\/\/vimeo.com\/423147228\" target=\"_blank\" rel=\"noopener noreferrer\">-https:\/\/vimeo.com\/423147228<\/a><br \/>Mot de passe : PPJP<\/span>\u00a0 <a style=\"color: #000000;\" href=\"https:\/\/www.le-pole.fr\/le-prix-de-la-piece-de-theatre-contemporain-pour-le-jeune-public\" target=\"_blank\" rel=\"noopener noreferrer\"><span lang=\"fr-FR\">-https:\/\/www.le-pole.fr\/le-prix-de-la<\/span><\/a><a style=\"color: #000000;\" href=\"https:\/\/www.le-pole.fr\/le-prix-de-la-piece-de-theatre-contemporain-pour-le-jeune-public\" target=\"_blank\" rel=\"noopener noreferrer\"><span lang=\"fr-FR\">-piece-de-theatre-contemporain-pour-le-jeune-public<\/span><\/a><\/span><\/p>\n<p>[\/et_pb_text][\/et_pb_column][et_pb_column type=\u00a0\u00bb1_3&Prime; _builder_version=\u00a0\u00bb4.10.7&Prime; _module_preset=\u00a0\u00bbdefault\u00a0\u00bb global_colors_info=\u00a0\u00bb{}\u00a0\u00bb][et_pb_text admin_label=\u00a0\u00bbtraces\u00a0\u00bb _builder_version=\u00a0\u00bb4.10.7&Prime; _module_preset=\u00a0\u00bbdefault\u00a0\u00bb global_colors_info=\u00a0\u00bb{}\u00a0\u00bb]<\/p>\n<p><a href=\"https:\/\/www.pedagogie.ac-nice.fr\/daac\/wp-content\/uploads\/sites\/37\/2021\/10\/Resumes_selections_PPCJP.pdf\" target=\"_blank\" rel=\"noopener\"><img loading=\"lazy\" decoding=\"async\" class=\"aligncenter wp-image-11046\" src=\"https:\/\/www.pedagogie.ac-nice.fr\/daac\/wp-content\/uploads\/sites\/37\/2022\/01\/traces.jpg\" alt=\"\" width=\"346\" height=\"149\" srcset=\"https:\/\/www.pedagogie.ac-nice.fr\/daac\/wp-content\/uploads\/sites\/37\/2022\/01\/traces.jpg 681w, https:\/\/www.pedagogie.ac-nice.fr\/daac\/wp-content\/uploads\/sites\/37\/2022\/01\/traces-300x129.jpg 300w\" sizes=\"(max-width: 346px) 100vw, 346px\" \/><\/a><\/p>\n<p>[\/et_pb_text][\/et_pb_column][\/et_pb_row][\/et_pb_section]<\/p>\n","protected":false},"excerpt":{"rendered":"<p>ACTUALITESUn\u00a0stage\u00a0le 6 Mars\u00a0autour des \u00e9critures th\u00e9\u00e2trales contemporaines pour le jeune public, prix Armand Gatti. Lieu \u00e0 d\u00e9finir dans les Alpes Maritimes..Coordination DAAC- Myriam Bruscoli, professeure charg\u00e9e de mission DAAC aupr\u00e8s du P\u00f4le et la biblioth\u00e8que de th\u00e9\u00e2tre Armand Gatti.- Muriel Colin, coordonatrice acad\u00e9mique Danse et Arts du cirque : muriel.colin@ac-nice.frDans les Alpes MaritimesDans le Var\u00a0:\u00a0 [&hellip;]<\/p>\n","protected":false},"author":241,"featured_media":0,"parent":0,"menu_order":0,"comment_status":"closed","ping_status":"closed","template":"","meta":{"_et_pb_use_builder":"on","_et_pb_old_content":"<h1 class=\"entry-title\" style=\"text-align: center;\"><span style=\"font-size: 18pt;\">Prix de la Pi\u00e8ce de Th\u00e9\u00e2tre contemporain Jeune Public<\/span><\/h1><p style=\"text-align: center;\"><img class=\"alignnone wp-image-519\" src=\"https:\/\/www.pedagogie.ac-nice.fr\/daac\/wp-content\/uploads\/sites\/37\/2020\/09\/gatti.png\" alt=\"\" width=\"210\" height=\"197\"><\/p><p><span style=\"font-size: 10pt;\">Appel \u00e0 candidature 2021-2022 :\u00a0<\/span><span style=\"font-size: 10pt;\">Prix de la Pi\u00e8ce de Th\u00e9\u00e2tre contemporain Jeune Public\u00a0<\/span> <a href=\"https:\/\/www.pedagogie.ac-nice.fr\/daac\/wp-content\/uploads\/sites\/37\/2021\/06\/appel_candidature_PPCJP.pdf\" target=\"_blank\" rel=\"noopener\"><img class=\"alignnone wp-image-1499\" src=\"https:\/\/www.pedagogie.ac-nice.fr\/daac\/wp-content\/uploads\/sites\/37\/2020\/12\/puce_rose.jpg\" alt=\"\" width=\"58\" height=\"47\">\u00a0<\/a><span style=\"font-size: 10pt;\"><strong><span style=\"color: #ff0000;\">avant le 15 septembre 2021<br><\/span><\/strong><span style=\"color: #000000;\">Appel \u00e0 candidature 2021-2022 : parcours \"<strong>Arts de la Rue<\/strong>\" <a href=\"https:\/\/www.pedagogie.ac-nice.fr\/daac\/wp-content\/uploads\/sites\/37\/2021\/06\/Gatti_candidature_parcours_rue.pdf\" target=\"_blank\" rel=\"noopener\"><img class=\"alignnone wp-image-1498\" src=\"https:\/\/www.pedagogie.ac-nice.fr\/daac\/wp-content\/uploads\/sites\/37\/2020\/12\/puce_bleue.jpg\" alt=\"puce bleue adage\" width=\"39\" height=\"37\"><\/a><\/span><\/span><\/p><p><img class=\"alignnone wp-image-533\" src=\"https:\/\/www.pedagogie.ac-nice.fr\/daac\/wp-content\/uploads\/sites\/37\/2020\/09\/target.png\" alt=\"logo_cible\" width=\"62\" height=\"62\"><strong> Objectifs<\/strong><\/p><p style=\"text-align: justify;\">S\u2019<span lang=\"fr-FR\">engager dans<\/span><span lang=\"fr-FR\"> la lec<\/span><span lang=\"fr-FR\">ture, se forger un avis personnel argument\u00e9<\/span>, <span lang=\"fr-FR\">\u00e9<\/span><span lang=\"it-IT\">lire <\/span><span lang=\"it-IT\">un.e laur<\/span><span lang=\"fr-FR\">\u00e9at.e, rendre compte du parcours de lecture d<\/span>\u2019<span lang=\"fr-FR\">une <\/span><span lang=\"fr-FR\">classe <\/span>\u00e0 <span lang=\"fr-FR\">travers la<\/span><span lang=\"fr-FR\"> s\u00e9quence <\/span>\u00ab\u00a0<span lang=\"fr-FR\">Coup de c\u0153<\/span>ur<span lang=\"it-IT\">\u00a0\u00bb <\/span><span lang=\"fr-FR\">partag\u00e9e avec d<\/span>\u2019<span lang=\"fr-FR\">autres classes participantes, rencontrer le\/la laur\u00e9<\/span>at.e.<\/p><p>\u00a0<\/p><p><img class=\"alignnone wp-image-531\" src=\"https:\/\/www.pedagogie.ac-nice.fr\/daac\/wp-content\/uploads\/sites\/37\/2020\/09\/kisspng-clip-art-computer-icons-vector-graphics-portable-n-5b7e710c678692.8468373615350131324241.png\" alt=\"\" width=\"57\" height=\"34\">\u00a0 <strong>Structures partenaires<\/strong><\/p><ul><li><span lang=\"fr-FR\">\u00a0Le P<\/span>\u00f4<span lang=\"fr-FR\">le,<\/span><\/li><li><span lang=\"fr-FR\">la Biblioth<\/span><span lang=\"it-IT\">\u00e8que Armand Gatti, <\/span><\/li><li><span lang=\"it-IT\">le Th<\/span><span lang=\"fr-FR\"><span lang=\"fr-FR\">\u00e9\u00e2tre de Grasse.<\/span><\/span>\u00a0<\/li><\/ul><p><img class=\"alignnone wp-image-539\" src=\"https:\/\/www.pedagogie.ac-nice.fr\/daac\/wp-content\/uploads\/sites\/37\/2020\/09\/projet.png\" alt=\"\" width=\"95\" height=\"140\"><strong>Projet et agenda<\/strong><\/p><ul><li><span lang=\"fr-FR\">40 classes des premier et\u00a0 second degr\u00e9s dans le Var et les Alpes Maritimes<\/span><span lang=\"it-IT\"> qui travaillent sur <\/span><span lang=\"fr-FR\">des textes \u00e9dit\u00e9s par des auteurs de th\u00e9\u00e2tre contemporain au cours de l\u2019ann\u00e9e \u00e9coul\u00e9e : <\/span><\/li><li><span lang=\"fr-FR\">- 5 textes s\u00e9lectionn\u00e9s pour le cycle 3,<br>- 5 autres textes pour la liaison 3\u00e8me\/seconde ;<\/span><\/li><li style=\"text-align: justify;\"><span lang=\"fr-FR\">\u00a0<\/span><span lang=\"fr-FR\">avec des artistes intervenant dans les classes et <\/span><span lang=\"fr-FR\">dans la formation des professeurs : <\/span><span lang=\"fr-FR\">lectures partag\u00e9es; <\/span><span lang=\"fr-FR\">formation enseignants<\/span> \u2013 St<span lang=\"fr-FR\">\u00e9phane Bault, H\u00e9<\/span>l<span lang=\"it-IT\">\u00e8<\/span>ne Megy<\/li><li style=\"text-align: justify;\">\u00a0<span lang=\"fr-FR\">et des professeurs accompagn\u00e9s au sein d<\/span>\u2019<span lang=\"fr-FR\">un groupe apprenant (3 journ\u00e9es de formation, dispositif PPJP dans le 06).<\/span><\/li><\/ul><ul style=\"list-style-type: circle;\"><li style=\"text-align: justify;\"><img class=\"alignnone wp-image-538 aligncenter\" src=\"https:\/\/www.pedagogie.ac-nice.fr\/daac\/wp-content\/uploads\/sites\/37\/2020\/09\/Pour-en-savoir-plus.png\" alt=\"\" width=\"147\" height=\"88\"><strong><span lang=\"fr-FR\">Dans<\/span><span lang=\"fr-FR\"> le Var<\/span><\/strong>\u00a0<span lang=\"fr-FR\">:\u00a0 v<\/span>id<span lang=\"fr-FR\">\u00e9<\/span><span lang=\"pt-PT\">o de pr<\/span><span lang=\"fr-FR\">\u00e9sentation : <\/span><span lang=\"fr-FR\"><a href=\"https:\/\/vimeo.com\/423147228\" target=\"_blank\" rel=\"noopener noreferrer\">-https:\/\/vimeo.com\/423147228<\/a> Mot de passe : PPJP<\/span>\u00a0 <a href=\"https:\/\/www.le-pole.fr\/le-prix-de-la-piece-de-theatre-contemporain-pour-le-jeune-public\" target=\"_blank\" rel=\"noopener noreferrer\"><span lang=\"fr-FR\">-https:\/\/www.le-pole.fr\/le-prix-de-la<\/span><\/a><a href=\"https:\/\/www.le-pole.fr\/le-prix-de-la-piece-de-theatre-contemporain-pour-le-jeune-public\" target=\"_blank\" rel=\"noopener noreferrer\"><span lang=\"fr-FR\">-piece-de-theatre-contemporain-pour-le-jeune-public<\/span><\/a><\/li><li style=\"text-align: justify;\"><span lang=\"fr-FR\"><strong>Dans les Alpes Maritimes<\/strong> : <\/span><span lang=\"fr-FR\">un netboard propos\u00e9 par Muriel Colin Lacour <a href=\"https:\/\/muriel-colin-lacour.netboard.me\/pjp\/?link=50eh0Hs4-fED8dIjy-96KnSw4j\" target=\"_blank\" rel=\"noopener\"><img class=\"aligncenter wp-image-817\" src=\"https:\/\/www.pedagogie.ac-nice.fr\/daac\/wp-content\/uploads\/sites\/37\/2020\/09\/netboard.jpg\" alt=\"\" width=\"79\" height=\"48\"><\/a><\/span><\/li><\/ul><p><img class=\"alignnone wp-image-541\" src=\"https:\/\/www.pedagogie.ac-nice.fr\/daac\/wp-content\/uploads\/sites\/37\/2020\/09\/contact.png\" alt=\"\" width=\"50\" height=\"48\"><strong>Contacts<\/strong><\/p><p align=\"left\"><span style=\"font-size: 10pt;\"><span lang=\"fr-FR\"><span style=\"color: #0000ff;\"><strong>Myriam Bruscoli,<\/strong> professeure charg\u00e9e de mission DAAC<\/span> aupr<\/span><span lang=\"it-IT\">\u00e8<\/span><span lang=\"fr-FR\">s du <\/span><span lang=\"fr-FR\">P\u00f4<\/span><span lang=\"fr-FR\">le et la biblioth<\/span><span lang=\"fr-FR\"><span lang=\"it-IT\">\u00e8<\/span><\/span><span lang=\"fr-FR\">que de th\u00e9\u00e2<\/span><span lang=\"fr-FR\"><span lang=\"de-DE\">tre Armand Gatti.<\/span><\/span><\/span><\/p><p align=\"left\"><span style=\"font-size: 10pt;\" lang=\"fr-FR\"><span style=\"color: #0000ff;\"><strong>Jo\u00eblle Bolot<\/strong>, coordonnatrice acad\u00e9mique Th\u00e9\u00e2tre :<\/span><br>joelle.bolot@ac-nice.fr<br><\/span><\/p><p align=\"left\">\u00a0<\/p><p align=\"left\"><img class=\"alignnone wp-image-86\" src=\"https:\/\/www.pedagogie.ac-nice.fr\/daac\/wp-content\/uploads\/sites\/37\/2020\/08\/cup_icon-icons.com_55322.png\" alt=\"\" width=\"81\" height=\"81\"> Laur\u00e9ats 2020 <a href=\"https:\/\/www.pedagogie.ac-nice.fr\/daac\/wp-content\/uploads\/sites\/37\/2021\/02\/laureats_2020_PTJP.pdf\" target=\"_blank\" rel=\"noopener\"><img class=\"alignnone wp-image-1289 size-full\" src=\"https:\/\/www.pedagogie.ac-nice.fr\/daac\/wp-content\/uploads\/sites\/37\/2020\/11\/cliquez_portail_savoirs.jpg\" alt=\"clic noir\" width=\"38\" height=\"37\"><\/a><\/p>","_et_gb_content_width":"","ngg_post_thumbnail":0,"footnotes":""},"class_list":["post-2336","page","type-page","status-publish","hentry"],"rttpg_featured_image_url":null,"rttpg_author":{"display_name":"daacadmin","author_link":"https:\/\/www.pedagogie.ac-nice.fr\/daac\/author\/daacadmin\/"},"rttpg_comment":0,"rttpg_category":null,"rttpg_excerpt":"ACTUALITESUn\u00a0stage\u00a0le 6 Mars\u00a0autour des \u00e9critures th\u00e9\u00e2trales contemporaines pour le jeune public, prix Armand Gatti. Lieu \u00e0 d\u00e9finir dans les Alpes Maritimes..Coordination DAAC- Myriam Bruscoli, professeure charg\u00e9e de mission DAAC aupr\u00e8s du P\u00f4le et la biblioth\u00e8que de th\u00e9\u00e2tre Armand Gatti.- Muriel Colin, coordonatrice acad\u00e9mique Danse et Arts du cirque : muriel.colin@ac-nice.frDans les Alpes MaritimesDans le Var\u00a0:\u00a0\u2026","post_mailing_queue_ids":[],"_links":{"self":[{"href":"https:\/\/www.pedagogie.ac-nice.fr\/daac\/wp-json\/wp\/v2\/pages\/2336","targetHints":{"allow":["GET"]}}],"collection":[{"href":"https:\/\/www.pedagogie.ac-nice.fr\/daac\/wp-json\/wp\/v2\/pages"}],"about":[{"href":"https:\/\/www.pedagogie.ac-nice.fr\/daac\/wp-json\/wp\/v2\/types\/page"}],"author":[{"embeddable":true,"href":"https:\/\/www.pedagogie.ac-nice.fr\/daac\/wp-json\/wp\/v2\/users\/241"}],"replies":[{"embeddable":true,"href":"https:\/\/www.pedagogie.ac-nice.fr\/daac\/wp-json\/wp\/v2\/comments?post=2336"}],"version-history":[{"count":51,"href":"https:\/\/www.pedagogie.ac-nice.fr\/daac\/wp-json\/wp\/v2\/pages\/2336\/revisions"}],"predecessor-version":[{"id":14337,"href":"https:\/\/www.pedagogie.ac-nice.fr\/daac\/wp-json\/wp\/v2\/pages\/2336\/revisions\/14337"}],"wp:attachment":[{"href":"https:\/\/www.pedagogie.ac-nice.fr\/daac\/wp-json\/wp\/v2\/media?parent=2336"}],"curies":[{"name":"wp","href":"https:\/\/api.w.org\/{rel}","templated":true}]}}