{"id":2408,"date":"2021-02-15T21:16:54","date_gmt":"2021-02-15T20:16:54","guid":{"rendered":"https:\/\/www.pedagogie.ac-nice.fr\/daac\/?page_id=2408"},"modified":"2021-02-18T14:55:13","modified_gmt":"2021-02-18T13:55:13","slug":"ciao-italia","status":"publish","type":"page","link":"https:\/\/www.pedagogie.ac-nice.fr\/daac\/ciao-italia\/","title":{"rendered":"Ciao Italia"},"content":{"rendered":"<div style=\"text-align: justify;\"><a href=\"https:\/\/www.pedagogie.ac-nice.fr\/daac\/wp-content\/uploads\/sites\/37\/2021\/02\/ciao_italia.jpg\"><img loading=\"lazy\" decoding=\"async\" class=\"wp-image-2450 aligncenter\" src=\"https:\/\/www.pedagogie.ac-nice.fr\/daac\/wp-content\/uploads\/sites\/37\/2021\/02\/ciao_italia.jpg\" alt=\"\" width=\"351\" height=\"472\" srcset=\"https:\/\/www.pedagogie.ac-nice.fr\/daac\/wp-content\/uploads\/sites\/37\/2021\/02\/ciao_italia.jpg 794w, https:\/\/www.pedagogie.ac-nice.fr\/daac\/wp-content\/uploads\/sites\/37\/2021\/02\/ciao_italia-223x300.jpg 223w, https:\/\/www.pedagogie.ac-nice.fr\/daac\/wp-content\/uploads\/sites\/37\/2021\/02\/ciao_italia-761x1024.jpg 761w, https:\/\/www.pedagogie.ac-nice.fr\/daac\/wp-content\/uploads\/sites\/37\/2021\/02\/ciao_italia-768x1033.jpg 768w\" sizes=\"(max-width: 351px) 100vw, 351px\" \/><\/a>Les archives municipales de Cannes accueilleront du 11 octobre 2021 au 21 mars 2022 \u00e0 l&rsquo;espace Calmette l&rsquo;exposition \u00ab\u00a0<a title=\"https:\/\/www.histoire-immigration.fr\/ciao-italia\" href=\"https:\/\/www.histoire-immigration.fr\/ciao-italia\" target=\"_blank\" rel=\"noopener\">Ciao Italia !<\/a>\u00a0\u00bb con\u00e7ue par le Mus\u00e9e de l&rsquo;Histoire de l&rsquo;Immigration \u00e0 Paris.<br \/>\nElle est accompagn\u00e9e d&rsquo;une tr\u00e8s riche documentation p\u00e9dagogique qui permettra aux enseignants de monter des projets en classe voire des projets \u00e0 l&rsquo;\u00e9chelle transfrontali\u00e8re !&nbsp;<\/div>\n<div><a href=\"https:\/\/www.histoire-immigration.fr\/ressources-pedagogiques\/accompagnement-pedagogique-autour-des-expositions\/ciao-italia-dossier\" target=\"_blank\" rel=\"noopener\"><img loading=\"lazy\" decoding=\"async\" class=\"aligncenter wp-image-2454 size-full\" src=\"https:\/\/www.pedagogie.ac-nice.fr\/daac\/wp-content\/uploads\/sites\/37\/2021\/02\/clic_gris.jpg\" alt=\"\" width=\"47\" height=\"44\"><\/a><\/div>\n<div style=\"text-align: justify;\">Et pour compl\u00e9ter les propos par des r\u00e9cits d&rsquo;acteurs locaux, un appel \u00e0 t\u00e9moignages est lanc\u00e9 : toute personne int\u00e9ress\u00e9e peut se rapprocher de<strong> Jos\u00e9phine Saia<\/strong>, m\u00e9diatrice des archives municipales de Cannes au <strong>04 89 82 20 75<\/strong>.&nbsp;<\/div>\n","protected":false},"excerpt":{"rendered":"<p>Les archives municipales de Cannes accueilleront du 11 octobre 2021 au 21 mars 2022 \u00e0 l&rsquo;espace Calmette l&rsquo;exposition \u00ab\u00a0Ciao Italia !\u00a0\u00bb con\u00e7ue par le Mus\u00e9e de l&rsquo;Histoire de l&rsquo;Immigration \u00e0 Paris. Elle est accompagn\u00e9e d&rsquo;une tr\u00e8s riche documentation p\u00e9dagogique qui permettra aux enseignants de monter des projets en classe voire des projets \u00e0 l&rsquo;\u00e9chelle transfrontali\u00e8re [&hellip;]<\/p>\n","protected":false},"author":241,"featured_media":0,"parent":0,"menu_order":0,"comment_status":"closed","ping_status":"closed","template":"","meta":{"_et_pb_use_builder":"","_et_pb_old_content":"","_et_gb_content_width":"","ngg_post_thumbnail":0,"footnotes":""},"class_list":["post-2408","page","type-page","status-publish","hentry"],"rttpg_featured_image_url":null,"rttpg_author":{"display_name":"daacadmin","author_link":"https:\/\/www.pedagogie.ac-nice.fr\/daac\/author\/daacadmin\/"},"rttpg_comment":0,"rttpg_category":null,"rttpg_excerpt":"Les archives municipales de Cannes accueilleront du 11 octobre 2021 au 21 mars 2022 \u00e0 l&rsquo;espace Calmette l&rsquo;exposition \u00ab\u00a0Ciao Italia !\u00a0\u00bb con\u00e7ue par le Mus\u00e9e de l&rsquo;Histoire de l&rsquo;Immigration \u00e0 Paris. Elle est accompagn\u00e9e d&rsquo;une tr\u00e8s riche documentation p\u00e9dagogique qui permettra aux enseignants de monter des projets en classe voire des projets \u00e0 l&rsquo;\u00e9chelle transfrontali\u00e8re\u2026","post_mailing_queue_ids":[],"_links":{"self":[{"href":"https:\/\/www.pedagogie.ac-nice.fr\/daac\/wp-json\/wp\/v2\/pages\/2408","targetHints":{"allow":["GET"]}}],"collection":[{"href":"https:\/\/www.pedagogie.ac-nice.fr\/daac\/wp-json\/wp\/v2\/pages"}],"about":[{"href":"https:\/\/www.pedagogie.ac-nice.fr\/daac\/wp-json\/wp\/v2\/types\/page"}],"author":[{"embeddable":true,"href":"https:\/\/www.pedagogie.ac-nice.fr\/daac\/wp-json\/wp\/v2\/users\/241"}],"replies":[{"embeddable":true,"href":"https:\/\/www.pedagogie.ac-nice.fr\/daac\/wp-json\/wp\/v2\/comments?post=2408"}],"version-history":[{"count":7,"href":"https:\/\/www.pedagogie.ac-nice.fr\/daac\/wp-json\/wp\/v2\/pages\/2408\/revisions"}],"predecessor-version":[{"id":2455,"href":"https:\/\/www.pedagogie.ac-nice.fr\/daac\/wp-json\/wp\/v2\/pages\/2408\/revisions\/2455"}],"wp:attachment":[{"href":"https:\/\/www.pedagogie.ac-nice.fr\/daac\/wp-json\/wp\/v2\/media?parent=2408"}],"curies":[{"name":"wp","href":"https:\/\/api.w.org\/{rel}","templated":true}]}}