{"id":2508,"date":"2021-03-10T19:03:06","date_gmt":"2021-03-10T18:03:06","guid":{"rendered":"https:\/\/www.pedagogie.ac-nice.fr\/daac\/?page_id=2508"},"modified":"2021-10-02T22:21:02","modified_gmt":"2021-10-02T20:21:02","slug":"semaine-du-cerveau","status":"publish","type":"page","link":"https:\/\/www.pedagogie.ac-nice.fr\/daac\/semaine-du-cerveau\/","title":{"rendered":"Semaine du Cerveau"},"content":{"rendered":"<p>[et_pb_section fb_built=\u00a0\u00bb1&Prime; _builder_version=\u00a0\u00bb3.22&Prime; global_colors_info=\u00a0\u00bb{}\u00a0\u00bb][et_pb_row column_structure=\u00a0\u00bb2_5,3_5&Prime; _builder_version=\u00a0\u00bb4.10.7&Prime; _module_preset=\u00a0\u00bbdefault\u00a0\u00bb global_colors_info=\u00a0\u00bb{}\u00a0\u00bb][et_pb_column type=\u00a0\u00bb2_5&Prime; _builder_version=\u00a0\u00bb4.10.7&Prime; _module_preset=\u00a0\u00bbdefault\u00a0\u00bb global_colors_info=\u00a0\u00bb{}\u00a0\u00bb][et_pb_text _builder_version=\u00a0\u00bb4.10.7&Prime; background_size=\u00a0\u00bbinitial\u00a0\u00bb background_position=\u00a0\u00bbtop_left\u00a0\u00bb background_repeat=\u00a0\u00bbrepeat\u00a0\u00bb global_colors_info=\u00a0\u00bb{}\u00a0\u00bb]<\/p>\n<p><img loading=\"lazy\" decoding=\"async\" class=\"alignnone size-full wp-image-6589 aligncenter\" src=\"https:\/\/www.pedagogie.ac-nice.fr\/daac\/wp-content\/uploads\/sites\/37\/2021\/09\/culture_scientifique-1.png\" alt=\"\" width=\"332\" height=\"233\" srcset=\"https:\/\/www.pedagogie.ac-nice.fr\/daac\/wp-content\/uploads\/sites\/37\/2021\/09\/culture_scientifique-1.png 332w, https:\/\/www.pedagogie.ac-nice.fr\/daac\/wp-content\/uploads\/sites\/37\/2021\/09\/culture_scientifique-1-300x211.png 300w\" sizes=\"(max-width: 332px) 100vw, 332px\" \/><\/p>\n<p>[\/et_pb_text][et_pb_text admin_label=\u00a0\u00bblogo semaine cerveau\u00a0\u00bb _builder_version=\u00a0\u00bb4.10.7&Prime; background_size=\u00a0\u00bbinitial\u00a0\u00bb background_position=\u00a0\u00bbtop_left\u00a0\u00bb background_repeat=\u00a0\u00bbrepeat\u00a0\u00bb global_colors_info=\u00a0\u00bb{}\u00a0\u00bb]<\/p>\n<p style=\"text-align: center;\"><a href=\"https:\/\/www.pedagogie.ac-nice.fr\/daac\/wp-content\/uploads\/sites\/37\/2021\/03\/logo_semaine_cerveau.png\"><img loading=\"lazy\" decoding=\"async\" class=\"alignnone size-full wp-image-2506\" src=\"https:\/\/www.pedagogie.ac-nice.fr\/daac\/wp-content\/uploads\/sites\/37\/2021\/03\/logo_semaine_cerveau.png\" alt=\"\" width=\"155\" height=\"140\"><\/a><\/p>\n<p>[\/et_pb_text][\/et_pb_column][et_pb_column type=\u00a0\u00bb3_5&Prime; _builder_version=\u00a0\u00bb4.10.7&Prime; _module_preset=\u00a0\u00bbdefault\u00a0\u00bb global_colors_info=\u00a0\u00bb{}\u00a0\u00bb][et_pb_text _builder_version=\u00a0\u00bb4.10.7&Prime; background_size=\u00a0\u00bbinitial\u00a0\u00bb background_position=\u00a0\u00bbtop_left\u00a0\u00bb background_repeat=\u00a0\u00bbrepeat\u00a0\u00bb global_colors_info=\u00a0\u00bb{}\u00a0\u00bb]<\/p>\n<p style=\"text-align: justify;\"><span style=\"font-family: georgia, palatino, serif; font-size: 12pt; color: #000000;\">La semaine du cerveau est \u00e9v\u00e9nement annuel coordonn\u00e9 par la Soci\u00e9t\u00e9 des Neurosciences depuis 1999.<\/span><\/p>\n<p style=\"text-align: justify;\"><span style=\"font-family: georgia, palatino, serif; font-size: 12pt; color: #000000;\">Cet \u00e9v\u00e9nement a lieu sous le haut patronage de Mme Fr\u00e9d\u00e9rique Vidal, Ministre de l&rsquo;Enseignement sup\u00e9rieur, de la Recherche et de l&rsquo;Innovation <\/span><\/p>\n<p style=\"text-align: justify;\"><span style=\"font-family: georgia, palatino, serif; font-size: 12pt; color: #000000;\">Cette manifestation internationale, organis\u00e9e simultan\u00e9ment dans une centaine de pays et plus de 120 villes en France, a pour but de sensibiliser le grand public \u00e0 l\u2019importance de la recherche sur le cerveau. C\u2019est l\u2019occasion pour de nombreux chercheurs, m\u00e9decins et \u00e9tudiants b\u00e9n\u00e9voles de rencontrer le public et de partager avec lui les avanc\u00e9es obtenues dans les laboratoires de recherche en neurosciences, d\u2019en pr\u00e9senter les enjeux pour la connaissance du cerveau et les implications pour notre soci\u00e9t\u00e9.<\/span><\/p>\n<p style=\"text-align: justify;\"><span style=\"color: #000000; font-size: 12pt; font-family: georgia, palatino, serif;\">Dans l\u2019acad\u00e9mie de Nice les \u00e9v\u00e8nements sont relay\u00e9s par la <u><a style=\"color: #000000;\" href=\"https:\/\/www.cote-azur.cnrs.fr\/\">d\u00e9l\u00e9gation C\u00f4te d\u2019Azur du CNRS<\/a><\/u><\/span><\/p>\n<p>[\/et_pb_text][\/et_pb_column][\/et_pb_row][\/et_pb_section]<\/p>\n","protected":false},"excerpt":{"rendered":"<p>La semaine du cerveau est \u00e9v\u00e9nement annuel coordonn\u00e9 par la Soci\u00e9t\u00e9 des Neurosciences depuis 1999. Cet \u00e9v\u00e9nement a lieu sous le haut patronage de Mme Fr\u00e9d\u00e9rique Vidal, Ministre de l&rsquo;Enseignement sup\u00e9rieur, de la Recherche et de l&rsquo;Innovation Cette manifestation internationale, organis\u00e9e simultan\u00e9ment dans une centaine de pays et plus de 120 villes en France, a [&hellip;]<\/p>\n","protected":false},"author":241,"featured_media":0,"parent":0,"menu_order":0,"comment_status":"closed","ping_status":"closed","template":"","meta":{"_et_pb_use_builder":"on","_et_pb_old_content":"<p style=\"text-align: center;\"><a href=\"https:\/\/www.pedagogie.ac-nice.fr\/daac\/wp-content\/uploads\/sites\/37\/2021\/03\/logo_semaine_cerveau.png\"><img class=\"alignnone size-full wp-image-2506\" src=\"https:\/\/www.pedagogie.ac-nice.fr\/daac\/wp-content\/uploads\/sites\/37\/2021\/03\/logo_semaine_cerveau.png\" alt=\"\" width=\"155\" height=\"140\"><\/a><\/p><p style=\"text-align: left;\"><span style=\"font-family: times new roman, times, serif; font-size: 14pt;\">La semaine du cerveau est \u00e9v\u00e9nement annuel coordonn\u00e9 par la Soci\u00e9t\u00e9 des Neurosciences depuis 1999.<\/span><\/p><p style=\"text-align: left;\"><span style=\"font-family: times new roman, times, serif; font-size: 14pt;\">Sous le haut patronage de Mme Fr\u00e9d\u00e9rique Vidal, Ministre de l'Enseignement sup\u00e9rieur, de la Recherche et de l'Innovation <\/span><\/p><p style=\"text-align: left;\"><span style=\"font-family: times new roman, times, serif; font-size: 14pt;\">Cette manifestation internationale, organis\u00e9e simultan\u00e9ment dans une centaine de pays et plus de 120 villes en France, a pour but de sensibiliser le grand public \u00e0 l\u2019importance de la recherche sur le cerveau. C\u2019est l\u2019occasion pour de nombreux chercheurs, m\u00e9decins et \u00e9tudiants b\u00e9n\u00e9voles de rencontrer le public et de partager avec lui les avanc\u00e9es obtenues dans les laboratoires de recherche en neurosciences, d\u2019en pr\u00e9senter les enjeux pour la connaissance du cerveau et les implications pour notre soci\u00e9t\u00e9.<\/span><\/p><p style=\"text-align: left;\"><span style=\"font-family: Times New Roman, serif;\">Dans l\u2019acad\u00e9mie de Nice les \u00e9v\u00e8nements sont relay\u00e9s par la <\/span><span style=\"color: #0000ff;\"><u><a href=\"https:\/\/www.cote-azur.cnrs.fr\/\"><span style=\"font-family: Times New Roman, serif;\">d\u00e9l\u00e9gation C\u00f4te d\u2019Azur du CNRS<\/span><\/a><\/u><\/span><\/p><p style=\"text-align: center;\"><strong><span style=\"color: #000000; font-size: 14pt;\">Suivez \u00e9galement la Semaine du Cerveau azur\u00e9enne<\/span><\/strong><br><span style=\"font-size: 14pt;\"><strong><span style=\"color: #ff0000;\">du 13 au 22 mars 2021<\/span><\/strong><\/span><\/p><p><a href=\"https:\/\/www.cote-azur.cnrs.fr\/fr\/cnrsinfo\/la-semaine-du-cerveau-2021-revient-en-distanciel-en-cote-dazur\" target=\"_blank\" rel=\"noopener\"><img class=\"aligncenter wp-image-2505 size-full\" src=\"https:\/\/www.pedagogie.ac-nice.fr\/daac\/wp-content\/uploads\/sites\/37\/2021\/03\/semaine_cerveau_visuel.jpg\" alt=\"\" width=\"290\" height=\"290\"><\/a><\/p>","_et_gb_content_width":"","ngg_post_thumbnail":0,"footnotes":""},"class_list":["post-2508","page","type-page","status-publish","hentry"],"rttpg_featured_image_url":null,"rttpg_author":{"display_name":"daacadmin","author_link":"https:\/\/www.pedagogie.ac-nice.fr\/daac\/author\/daacadmin\/"},"rttpg_comment":0,"rttpg_category":null,"rttpg_excerpt":"La semaine du cerveau est \u00e9v\u00e9nement annuel coordonn\u00e9 par la Soci\u00e9t\u00e9 des Neurosciences depuis 1999. Cet \u00e9v\u00e9nement a lieu sous le haut patronage de Mme Fr\u00e9d\u00e9rique Vidal, Ministre de l'Enseignement sup\u00e9rieur, de la Recherche et de l'Innovation Cette manifestation internationale, organis\u00e9e simultan\u00e9ment dans une centaine de pays et plus de 120 villes en France, a\u2026","post_mailing_queue_ids":[],"_links":{"self":[{"href":"https:\/\/www.pedagogie.ac-nice.fr\/daac\/wp-json\/wp\/v2\/pages\/2508","targetHints":{"allow":["GET"]}}],"collection":[{"href":"https:\/\/www.pedagogie.ac-nice.fr\/daac\/wp-json\/wp\/v2\/pages"}],"about":[{"href":"https:\/\/www.pedagogie.ac-nice.fr\/daac\/wp-json\/wp\/v2\/types\/page"}],"author":[{"embeddable":true,"href":"https:\/\/www.pedagogie.ac-nice.fr\/daac\/wp-json\/wp\/v2\/users\/241"}],"replies":[{"embeddable":true,"href":"https:\/\/www.pedagogie.ac-nice.fr\/daac\/wp-json\/wp\/v2\/comments?post=2508"}],"version-history":[{"count":5,"href":"https:\/\/www.pedagogie.ac-nice.fr\/daac\/wp-json\/wp\/v2\/pages\/2508\/revisions"}],"predecessor-version":[{"id":7135,"href":"https:\/\/www.pedagogie.ac-nice.fr\/daac\/wp-json\/wp\/v2\/pages\/2508\/revisions\/7135"}],"wp:attachment":[{"href":"https:\/\/www.pedagogie.ac-nice.fr\/daac\/wp-json\/wp\/v2\/media?parent=2508"}],"curies":[{"name":"wp","href":"https:\/\/api.w.org\/{rel}","templated":true}]}}