{"id":2517,"date":"2021-03-10T19:29:16","date_gmt":"2021-03-10T18:29:16","guid":{"rendered":"https:\/\/www.pedagogie.ac-nice.fr\/daac\/?page_id=2517"},"modified":"2022-06-10T12:17:15","modified_gmt":"2022-06-10T10:17:15","slug":"journees-europeennes-de-larcheologie","status":"publish","type":"page","link":"https:\/\/www.pedagogie.ac-nice.fr\/daac\/journees-europeennes-de-larcheologie\/","title":{"rendered":"Journ\u00e9es Europ\u00e9ennes de l&rsquo;Arch\u00e9ologie"},"content":{"rendered":"<p>[et_pb_section fb_built=\u00a0\u00bb1&Prime; _builder_version=\u00a0\u00bb3.22&Prime; global_colors_info=\u00a0\u00bb{}\u00a0\u00bb][et_pb_row column_structure=\u00a0\u00bb2_5,3_5&Prime; _builder_version=\u00a0\u00bb4.10.7&Prime; _module_preset=\u00a0\u00bbdefault\u00a0\u00bb global_colors_info=\u00a0\u00bb{}\u00a0\u00bb][et_pb_column type=\u00a0\u00bb2_5&Prime; _builder_version=\u00a0\u00bb4.10.7&Prime; _module_preset=\u00a0\u00bbdefault\u00a0\u00bb global_colors_info=\u00a0\u00bb{}\u00a0\u00bb][et_pb_text admin_label=\u00a0\u00bblogo culture scient\u00a0\u00bb _builder_version=\u00a0\u00bb4.10.7&Prime; background_size=\u00a0\u00bbinitial\u00a0\u00bb background_position=\u00a0\u00bbtop_left\u00a0\u00bb background_repeat=\u00a0\u00bbrepeat\u00a0\u00bb global_colors_info=\u00a0\u00bb{}\u00a0\u00bb]<\/p>\n<p>&nbsp;<\/p>\n<p style=\"text-align: center;\"><a href=\"https:\/\/www.pedagogie.ac-nice.fr\/daac\/domaine-culture-scientifique\/\" target=\"_blank\" rel=\"noopener\"><img loading=\"lazy\" decoding=\"async\" class=\"alignnone wp-image-6589 size-full\" src=\"https:\/\/www.pedagogie.ac-nice.fr\/daac\/wp-content\/uploads\/sites\/37\/2021\/09\/culture_scientifique-1.png\" alt=\"\" width=\"332\" height=\"233\" srcset=\"https:\/\/www.pedagogie.ac-nice.fr\/daac\/wp-content\/uploads\/sites\/37\/2021\/09\/culture_scientifique-1.png 332w, https:\/\/www.pedagogie.ac-nice.fr\/daac\/wp-content\/uploads\/sites\/37\/2021\/09\/culture_scientifique-1-300x211.png 300w\" sizes=\"(max-width: 332px) 100vw, 332px\" \/><\/a><\/p>\n<p>[\/et_pb_text][et_pb_text admin_label=\u00a0\u00bblogo JEA\u00a0\u00bb _builder_version=\u00a0\u00bb4.10.7&Prime; background_size=\u00a0\u00bbinitial\u00a0\u00bb background_position=\u00a0\u00bbtop_left\u00a0\u00bb background_repeat=\u00a0\u00bbrepeat\u00a0\u00bb global_colors_info=\u00a0\u00bb{}\u00a0\u00bb]<\/p>\n<p><img loading=\"lazy\" decoding=\"async\" class=\"alignnone  wp-image-12934 aligncenter\" src=\"https:\/\/www.pedagogie.ac-nice.fr\/daac\/wp-content\/uploads\/sites\/37\/2022\/06\/JEarcheologie_2022.jpg\" alt=\"\" width=\"328\" height=\"140\" srcset=\"https:\/\/www.pedagogie.ac-nice.fr\/daac\/wp-content\/uploads\/sites\/37\/2022\/06\/JEarcheologie_2022.jpg 382w, https:\/\/www.pedagogie.ac-nice.fr\/daac\/wp-content\/uploads\/sites\/37\/2022\/06\/JEarcheologie_2022-300x128.jpg 300w\" sizes=\"(max-width: 328px) 100vw, 328px\" \/><\/p>\n<p>[\/et_pb_text][\/et_pb_column][et_pb_column type=\u00a0\u00bb3_5&Prime; _builder_version=\u00a0\u00bb4.10.7&Prime; _module_preset=\u00a0\u00bbdefault\u00a0\u00bb global_colors_info=\u00a0\u00bb{}\u00a0\u00bb][et_pb_text _builder_version=\u00a0\u00bb4.10.7&Prime; background_size=\u00a0\u00bbinitial\u00a0\u00bb background_position=\u00a0\u00bbtop_left\u00a0\u00bb background_repeat=\u00a0\u00bbrepeat\u00a0\u00bb hover_enabled=\u00a0\u00bb0&Prime; global_colors_info=\u00a0\u00bb{}\u00a0\u00bb sticky_enabled=\u00a0\u00bb0&Prime;]<\/p>\n<p style=\"text-align: center;\"><strong><span style=\"font-size: 18pt; color: #ff00ff;\">Les Journ\u00e9es Europ\u00e9ennes de l&rsquo;Arch\u00e9ologie<\/span><\/strong><\/p>\n<p style=\"text-align: justify;\"><span style=\"color: #0000ff;\">Coordonn\u00e9es par l\u2019Institut national de recherches arch\u00e9ologiques pr\u00e9ventives (<u><a style=\"color: #0000ff;\" href=\"https:\/\/www.inrap.fr\/\">INRAP<\/a><\/u>), les Journ\u00e9es europ\u00e9ennes de l\u2019arch\u00e9ologie mobilisent tous les acteurs en lien avec l\u2019arch\u00e9ologie et font d\u00e9couvrir au public les tr\u00e9sors du patrimoine et les dessous de la discipline.&nbsp;<\/span><\/p>\n<p style=\"text-align: center;\"><span style=\"color: #0000ff;\"><strong><span style=\"color: #ff00ff;\">Ces journ\u00e9es auront lieu du 17 au 19 juin 2022<\/span><br \/><\/strong><\/span><\/p>\n<p style=\"text-align: justify;\"><span style=\"color: #0000ff;\">Du 17 au 19 juin se tiendront dans plusieurs lieux de l&rsquo;acad\u00e9mie les Journ\u00e9es europ\u00e9ennes de l&rsquo;arch\u00e9ologie, avec des programmes de conf\u00e9rences ou de d\u00e9couvertes privil\u00e9gi\u00e9es de lieux de fouilles<\/span>.<\/p>\n<p><span style=\"color: #ff00ff;\">Programmes complets sur le site national :<\/span> <span style=\"color: #0000ff;\">&nbsp;&nbsp; <a style=\"color: #0000ff;\" href=\"https:\/\/journees-archeologie.fr\/\" target=\"_blank\" rel=\"noopener\">https:\/\/journees-archeologie.fr\/<\/a><\/span><\/p>\n<p style=\"text-align: center;\"><strong><span style=\"color: #0000ff;\">un programme particuli\u00e8rement riche \u00e0<span style=\"color: #ff00ff;\"> Nice<\/span><\/span><\/strong><br \/><span style=\"color: #0000ff;\"><a style=\"color: #0000ff;\" href=\"https:\/\/www.nice.fr\/fr\/l-agenda\/journees-europeennes-de-l-archeologie?type=events\" target=\"_blank\" rel=\"noopener\">https:\/\/www.nice.fr\/fr\/l-agenda\/journees-europeennes-de-l-archeologie?type=events<\/a><\/span><\/p>\n<p style=\"text-align: center;\"><strong><span style=\"color: #0000ff;\">ou \u00e0 <span style=\"color: #ff00ff;\">Fr\u00e9jus<\/span><\/span><\/strong><br \/><span style=\"color: #0000ff;\"><a style=\"color: #0000ff;\" href=\"https:\/\/www.ville-frejus.fr\/ma-ville\/actualites\/agenda\/journees-europeennes-de-larcheologie\/\" target=\"_blank\" rel=\"noopener\">https:\/\/www.ville-frejus.fr\/ma-ville\/actualites\/agenda\/journees-europeennes-de-larcheologie\/<\/a><\/span><\/p>\n<p><span style=\"color: #ff00ff;\">Tous les \u00e9v\u00e9nements :&nbsp;<\/span><\/p>\n<ul>\n<li><span style=\"color: #0000ff;\">dans le d\u00e9partement du Var : <a href=\"https:\/\/journees-archeologie.fr\/c-2022\/recherche-avancee?r%5Bcoredbform%5D%5B0%5D%5Bcmschecksum%5D=mJqjy6xk&amp;r%5Bfake%5D%5B0%5D%5Biniatitives%5D%5Balias_ja_infosactivite%5D%5Bja_type_activite_id%5D=none&amp;r%5Bfake%5D%5B0%5D%5Biniatitives%5D%5Bi%5D%5Bid%5D=&amp;r%5Bfake%5D%5B0%5D%5Biniatitives%5D%5Bi%5D%5Bville%5D=&amp;r%5Bfake%5D%5B0%5D%5Biniatitives%5D%5Bi%5D%5Bregion_id%5D=none&amp;r%5Bfake%5D%5B0%5D%5Biniatitives%5D%5Bixjour%5D%5Bvaleur%5D=none&amp;r%5Bfake%5D%5B0%5D%5Biniatitives%5D%5Bi%5D%5Bdepartement_id%5D=89&amp;r%5Bfake%5D%5B0%5D%5Biniatitives%5D%5Bi%5D%5Bja_lieu_id%5D=none&amp;r%5Bfake%5D%5B0%5D%5Biniatitives%5D%5Bixpublic%5D%5Bvaleur%5D=none&amp;r%5Bfake%5D%5B0%5D%5Biniatitives%5D%5Bixhandicap%5D%5Bvaleur%5D=none\" target=\"_blank\" rel=\"noopener\">83<\/a><\/span><\/li>\n<li><span style=\"color: #0000ff;\">dans le d\u00e9partement des Alpes Maritimes&nbsp; : <a href=\"https:\/\/journees-archeologie.fr\/c-2022\/recherche-avancee?r%5Bcoredbform%5D%5B0%5D%5Bcmschecksum%5D=mJqjy6xk&amp;r%5Bfake%5D%5B0%5D%5Biniatitives%5D%5Balias_ja_infosactivite%5D%5Bja_type_activite_id%5D=none&amp;r%5Bfake%5D%5B0%5D%5Biniatitives%5D%5Bi%5D%5Bid%5D=&amp;r%5Bfake%5D%5B0%5D%5Biniatitives%5D%5Bi%5D%5Bville%5D=&amp;r%5Bfake%5D%5B0%5D%5Biniatitives%5D%5Bi%5D%5Bregion_id%5D=none&amp;r%5Bfake%5D%5B0%5D%5Biniatitives%5D%5Bixjour%5D%5Bvaleur%5D=none&amp;r%5Bfake%5D%5B0%5D%5Biniatitives%5D%5Bi%5D%5Bdepartement_id%5D=7&amp;r%5Bfake%5D%5B0%5D%5Biniatitives%5D%5Bi%5D%5Bja_lieu_id%5D=none&amp;r%5Bfake%5D%5B0%5D%5Biniatitives%5D%5Bixpublic%5D%5Bvaleur%5D=none&amp;r%5Bfake%5D%5B0%5D%5Biniatitives%5D%5Bixhandicap%5D%5Bvaleur%5D=none\" target=\"_blank\" rel=\"noopener\">06<\/a><\/span><\/li>\n<\/ul>\n<p>[\/et_pb_text][\/et_pb_column][\/et_pb_row][\/et_pb_section]<\/p>\n","protected":false},"excerpt":{"rendered":"<p>&nbsp; Les Journ\u00e9es Europ\u00e9ennes de l&rsquo;Arch\u00e9ologie Coordonn\u00e9es par l\u2019Institut national de recherches arch\u00e9ologiques pr\u00e9ventives (INRAP), les Journ\u00e9es europ\u00e9ennes de l\u2019arch\u00e9ologie mobilisent tous les acteurs en lien avec l\u2019arch\u00e9ologie et font d\u00e9couvrir au public les tr\u00e9sors du patrimoine et les dessous de la discipline.&nbsp; Ces journ\u00e9es auront lieu du 17 au 19 juin 2022 Du 17 [&hellip;]<\/p>\n","protected":false},"author":241,"featured_media":0,"parent":0,"menu_order":0,"comment_status":"closed","ping_status":"closed","template":"","meta":{"_et_pb_use_builder":"on","_et_pb_old_content":"<p><a href=\"https:\/\/www.pedagogie.ac-nice.fr\/daac\/wp-content\/uploads\/sites\/37\/2021\/02\/Journees_europennes_archeo2.png\"><img class=\"alignnone size-full wp-image-2305\" src=\"https:\/\/www.pedagogie.ac-nice.fr\/daac\/wp-content\/uploads\/sites\/37\/2021\/02\/Journees_europennes_archeo2.png\" alt=\"\" width=\"571\" height=\"311\"><\/a><\/p><p style=\"text-align: justify;\">Coordonn\u00e9es par l\u2019Institut national de recherches arch\u00e9ologiques pr\u00e9ventives (<u><a href=\"https:\/\/www.inrap.fr\/\">INRAP<\/a><\/u>), les Journ\u00e9es europ\u00e9ennes de l\u2019arch\u00e9ologie mobilisent tous les acteurs en lien avec l\u2019arch\u00e9ologie et font d\u00e9couvrir au public les tr\u00e9sors du patrimoine et les dessous de la discipline.\u00a0<\/p><p style=\"text-align: center;\"><strong>L'\u00e9dition 2021 aura lieu du 18 au 20 juin<\/strong><\/p><p><u><a href=\"http:\/\/journees-archeologie.fr\/\" target=\"_blank\" rel=\"noopener\">Acc\u00e9der au site internet des Journ\u00e9es nationales de l'Arch\u00e9ologie<\/a><\/u><\/p><p style=\"text-align: center;\">#JEArch\u00e9o\u00a0<\/p>","_et_gb_content_width":"","ngg_post_thumbnail":0,"footnotes":""},"class_list":["post-2517","page","type-page","status-publish","hentry"],"rttpg_featured_image_url":null,"rttpg_author":{"display_name":"daacadmin","author_link":"https:\/\/www.pedagogie.ac-nice.fr\/daac\/author\/daacadmin\/"},"rttpg_comment":0,"rttpg_category":null,"rttpg_excerpt":"&nbsp; Les Journ\u00e9es Europ\u00e9ennes de l'Arch\u00e9ologie Coordonn\u00e9es par l\u2019Institut national de recherches arch\u00e9ologiques pr\u00e9ventives (INRAP), les Journ\u00e9es europ\u00e9ennes de l\u2019arch\u00e9ologie mobilisent tous les acteurs en lien avec l\u2019arch\u00e9ologie et font d\u00e9couvrir au public les tr\u00e9sors du patrimoine et les dessous de la discipline.&nbsp; Ces journ\u00e9es auront lieu du 17 au 19 juin 2022 Du 17\u2026","post_mailing_queue_ids":[],"_links":{"self":[{"href":"https:\/\/www.pedagogie.ac-nice.fr\/daac\/wp-json\/wp\/v2\/pages\/2517","targetHints":{"allow":["GET"]}}],"collection":[{"href":"https:\/\/www.pedagogie.ac-nice.fr\/daac\/wp-json\/wp\/v2\/pages"}],"about":[{"href":"https:\/\/www.pedagogie.ac-nice.fr\/daac\/wp-json\/wp\/v2\/types\/page"}],"author":[{"embeddable":true,"href":"https:\/\/www.pedagogie.ac-nice.fr\/daac\/wp-json\/wp\/v2\/users\/241"}],"replies":[{"embeddable":true,"href":"https:\/\/www.pedagogie.ac-nice.fr\/daac\/wp-json\/wp\/v2\/comments?post=2517"}],"version-history":[{"count":8,"href":"https:\/\/www.pedagogie.ac-nice.fr\/daac\/wp-json\/wp\/v2\/pages\/2517\/revisions"}],"predecessor-version":[{"id":12940,"href":"https:\/\/www.pedagogie.ac-nice.fr\/daac\/wp-json\/wp\/v2\/pages\/2517\/revisions\/12940"}],"wp:attachment":[{"href":"https:\/\/www.pedagogie.ac-nice.fr\/daac\/wp-json\/wp\/v2\/media?parent=2517"}],"curies":[{"name":"wp","href":"https:\/\/api.w.org\/{rel}","templated":true}]}}