{"id":2522,"date":"2021-03-10T19:40:19","date_gmt":"2021-03-10T18:40:19","guid":{"rendered":"https:\/\/www.pedagogie.ac-nice.fr\/daac\/?page_id=2522"},"modified":"2021-10-02T23:22:45","modified_gmt":"2021-10-02T21:22:45","slug":"rendez-vous-aux-jardins","status":"publish","type":"page","link":"https:\/\/www.pedagogie.ac-nice.fr\/daac\/rendez-vous-aux-jardins\/","title":{"rendered":"Rendez-vous aux Jardins"},"content":{"rendered":"<p>[et_pb_section fb_built=\u00a0\u00bb1&Prime; _builder_version=\u00a0\u00bb3.22&Prime; global_colors_info=\u00a0\u00bb{}\u00a0\u00bb][et_pb_row column_structure=\u00a0\u00bb2_5,3_5&Prime; _builder_version=\u00a0\u00bb4.10.7&Prime; _module_preset=\u00a0\u00bbdefault\u00a0\u00bb global_colors_info=\u00a0\u00bb{}\u00a0\u00bb][et_pb_column type=\u00a0\u00bb2_5&Prime; _builder_version=\u00a0\u00bb4.10.7&Prime; _module_preset=\u00a0\u00bbdefault\u00a0\u00bb global_colors_info=\u00a0\u00bb{}\u00a0\u00bb][et_pb_text admin_label=\u00a0\u00bblogo domaine daac\u00a0\u00bb _builder_version=\u00a0\u00bb4.10.7&Prime; background_size=\u00a0\u00bbinitial\u00a0\u00bb background_position=\u00a0\u00bbtop_left\u00a0\u00bb background_repeat=\u00a0\u00bbrepeat\u00a0\u00bb global_colors_info=\u00a0\u00bb{}\u00a0\u00bb]<\/p>\n<p><a href=\"https:\/\/www.pedagogie.ac-nice.fr\/daac\/domaine-culture-scientifique\/\" target=\"_blank\" rel=\"noopener\"><img loading=\"lazy\" decoding=\"async\" class=\"aligncenter wp-image-6589 size-full\" src=\"https:\/\/www.pedagogie.ac-nice.fr\/daac\/wp-content\/uploads\/sites\/37\/2021\/09\/culture_scientifique-1.png\" alt=\"\" width=\"332\" height=\"233\" srcset=\"https:\/\/www.pedagogie.ac-nice.fr\/daac\/wp-content\/uploads\/sites\/37\/2021\/09\/culture_scientifique-1.png 332w, https:\/\/www.pedagogie.ac-nice.fr\/daac\/wp-content\/uploads\/sites\/37\/2021\/09\/culture_scientifique-1-300x211.png 300w\" sizes=\"(max-width: 332px) 100vw, 332px\" \/><\/a><\/p>\n<p>[\/et_pb_text][et_pb_text admin_label=\u00a0\u00bblogo rdv jardins 2021&Prime; _builder_version=\u00a0\u00bb4.10.7&Prime; background_size=\u00a0\u00bbinitial\u00a0\u00bb background_position=\u00a0\u00bbtop_left\u00a0\u00bb background_repeat=\u00a0\u00bbrepeat\u00a0\u00bb global_colors_info=\u00a0\u00bb{}\u00a0\u00bb]<\/p>\n<p><img loading=\"lazy\" decoding=\"async\" class=\"wp-image-2303 aligncenter\" src=\"https:\/\/www.pedagogie.ac-nice.fr\/daac\/wp-content\/uploads\/sites\/37\/2021\/02\/logo_remasterise.png\" alt=\"\" width=\"400\" height=\"147\" srcset=\"https:\/\/www.pedagogie.ac-nice.fr\/daac\/wp-content\/uploads\/sites\/37\/2021\/02\/logo_remasterise.png 669w, https:\/\/www.pedagogie.ac-nice.fr\/daac\/wp-content\/uploads\/sites\/37\/2021\/02\/logo_remasterise-300x110.png 300w\" sizes=\"(max-width: 400px) 100vw, 400px\" \/><\/p>\n<p>[\/et_pb_text][et_pb_divider _builder_version=\u00a0\u00bb4.10.7&Prime; _module_preset=\u00a0\u00bbdefault\u00a0\u00bb global_colors_info=\u00a0\u00bb{}\u00a0\u00bb][\/et_pb_divider][et_pb_divider _builder_version=\u00a0\u00bb4.10.7&Prime; _module_preset=\u00a0\u00bbdefault\u00a0\u00bb global_colors_info=\u00a0\u00bb{}\u00a0\u00bb][\/et_pb_divider][et_pb_text admin_label=\u00a0\u00bblogo jardins remarquables\u00a0\u00bb _builder_version=\u00a0\u00bb4.10.7&Prime; background_size=\u00a0\u00bbinitial\u00a0\u00bb background_position=\u00a0\u00bbtop_left\u00a0\u00bb background_repeat=\u00a0\u00bbrepeat\u00a0\u00bb global_colors_info=\u00a0\u00bb{}\u00a0\u00bb]<\/p>\n<p><a href=\"https:\/\/www.pedagogie.ac-nice.fr\/daac\/jardins-remarquables\/\" target=\"_blank\" rel=\"noopener\"><img loading=\"lazy\" decoding=\"async\" class=\"aligncenter wp-image-2539\" src=\"https:\/\/www.pedagogie.ac-nice.fr\/daac\/wp-content\/uploads\/sites\/37\/2021\/03\/logo.jpg\" alt=\"\" width=\"245\" height=\"137\"><\/a><\/p>\n<p>[\/et_pb_text][et_pb_divider _builder_version=\u00a0\u00bb4.10.7&Prime; _module_preset=\u00a0\u00bbdefault\u00a0\u00bb global_colors_info=\u00a0\u00bb{}\u00a0\u00bb][\/et_pb_divider][\/et_pb_column][et_pb_column type=\u00a0\u00bb3_5&Prime; _builder_version=\u00a0\u00bb4.10.7&Prime; _module_preset=\u00a0\u00bbdefault\u00a0\u00bb global_colors_info=\u00a0\u00bb{}\u00a0\u00bb][et_pb_text _builder_version=\u00a0\u00bb4.10.7&Prime; background_size=\u00a0\u00bbinitial\u00a0\u00bb background_position=\u00a0\u00bbtop_left\u00a0\u00bb background_repeat=\u00a0\u00bbrepeat\u00a0\u00bb hover_enabled=\u00a0\u00bb0&Prime; global_colors_info=\u00a0\u00bb{}\u00a0\u00bb sticky_enabled=\u00a0\u00bb0&Prime;]<\/p>\n<p style=\"text-align: center;\"><strong><span style=\"color: #003366; font-size: 18pt;\">Rendez-vous aux jardins<\/span><\/strong><\/p>\n<p style=\"text-align: center;\"><a href=\"https:\/\/www.culture.gouv.fr\/Nous-connaitre\/Evenements-nationaux\/Rendez-vous-aux-Jardins\" target=\"_blank\" rel=\"noopener\"><img loading=\"lazy\" decoding=\"async\" class=\"wp-image-1939 size-full aligncenter\" src=\"https:\/\/www.pedagogie.ac-nice.fr\/daac\/wp-content\/uploads\/sites\/37\/2021\/01\/puce-rose-2.png\" alt=\"\" width=\"59\" height=\"56\"><\/a><span style=\"color: #003300;\"><strong>#RdvJardins<\/strong><\/span><\/p>\n<p style=\"text-align: justify;\"><span style=\"font-family: Times New Roman, serif; font-size: 14pt; color: #003300;\">Rendez-vous aux jardins s\u2019\u00e9largit depuis trois ans \u00e0 l\u2019Europe !<\/span><\/p>\n<p style=\"text-align: center;\"><span style=\"font-family: Times New Roman, serif; font-size: 14pt; color: #003300;\">La 18e \u00e9dition a eu pour th\u00e8me<br \/><strong>\u00ab La transmission des savoirs \u00bb<\/strong> <\/span><\/p>\n<p><span style=\"font-family: Times New Roman, serif; font-size: 14pt;\"><span style=\"color: #003300;\">Plus de 3 000 jardins ouvriront leurs portes, parfois exceptionnellement, et proposent aux visiteurs plus de 6 000 animations mises en place \u00e0 cette occasion.<\/span> <\/span><\/p>\n<p><strong><br \/><\/strong><span style=\"color: #003300;\"><strong>Coordination acad\u00e9mique DAAC<\/strong> : Marie-Pascale ZUGAJ-BENTEO<\/span><br \/><span style=\"color: #003300;\">mailto : <a style=\"color: #003300;\" title=\"Composer un message \u00e0 cst_archeologiedaac@ac-nice.fr\" target=\"1\" rel=\"noreferrer noopener\">cst_archeologiedaac@ac-nice.fr<\/a><\/span><\/p>\n<p>&nbsp;<\/p>\n<p>[\/et_pb_text][\/et_pb_column][\/et_pb_row][\/et_pb_section]<\/p>\n","protected":false},"excerpt":{"rendered":"<p>Rendez-vous aux jardins #RdvJardins Rendez-vous aux jardins s\u2019\u00e9largit depuis trois ans \u00e0 l\u2019Europe ! La 18e \u00e9dition a eu pour th\u00e8me\u00ab La transmission des savoirs \u00bb Plus de 3 000 jardins ouvriront leurs portes, parfois exceptionnellement, et proposent aux visiteurs plus de 6 000 animations mises en place \u00e0 cette occasion. Coordination acad\u00e9mique DAAC : [&hellip;]<\/p>\n","protected":false},"author":241,"featured_media":0,"parent":0,"menu_order":0,"comment_status":"closed","ping_status":"closed","template":"","meta":{"_et_pb_use_builder":"on","_et_pb_old_content":"<p><img class=\"alignnone size-full wp-image-2303\" src=\"https:\/\/www.pedagogie.ac-nice.fr\/daac\/wp-content\/uploads\/sites\/37\/2021\/02\/logo_remasterise.png\" alt=\"\" width=\"669\" height=\"246\"><\/p><p style=\"text-align: center;\"><a href=\"https:\/\/www.culture.gouv.fr\/Nous-connaitre\/Evenements-nationaux\/Rendez-vous-aux-Jardins\" target=\"_blank\" rel=\"noopener\"><img class=\"wp-image-1939 size-full aligncenter\" src=\"https:\/\/www.pedagogie.ac-nice.fr\/daac\/wp-content\/uploads\/sites\/37\/2021\/01\/puce-rose-2.png\" alt=\"\" width=\"59\" height=\"56\"><\/a><span style=\"color: #2e782e;\"><strong>#RdvJardins<\/strong><\/span><\/p><p style=\"text-align: center;\"><span style=\"font-family: Times New Roman, serif; font-size: 14pt;\"><b>L'\u00e9dition\u00a0 \"Rendez-vous aux Jardins\" 2021 est\u00a0 report\u00e9e au vendredi 4, samedi 5 et dimanche 6 juin 2021<\/b><\/span><\/p><p style=\"text-align: justify;\"><span style=\"font-family: Times New Roman, serif; font-size: 14pt;\">Rendez-vous aux jardins s\u2019\u00e9largit depuis trois ans \u00e0 l\u2019Europe !<\/span><\/p><p style=\"text-align: center;\"><span style=\"font-family: Times New Roman, serif; font-size: 14pt;\">La 18e \u00e9dition aura pour th\u00e8me<br><strong>\u00ab La transmission des savoirs \u00bb<\/strong> <\/span><\/p><p style=\"text-align: justify;\"><span style=\"font-family: Times New Roman, serif; font-size: 14pt;\">Plus de 3 000 jardins ouvriront leurs portes, parfois exceptionnellement, et proposent aux visiteurs plus de 6 000 animations mises en place \u00e0 cette occasion. <\/span><\/p><p>\u00a0<\/p><p style=\"text-align: center;\"><b>Label Jardins remarquables<\/b><\/p><p style=\"text-align: center;\"><a href=\"https:\/\/www.pedagogie.ac-nice.fr\/daac\/wp-content\/uploads\/sites\/37\/2021\/03\/logo.jpg\"><img class=\"alignnone size-full wp-image-2539\" src=\"https:\/\/www.pedagogie.ac-nice.fr\/daac\/wp-content\/uploads\/sites\/37\/2021\/03\/logo.jpg\" alt=\"\" width=\"200\" height=\"112\"><\/a><\/p><p style=\"text-align: justify;\"><span style=\"font-size: 14pt;\"><b><span style=\"font-family: Times New Roman, serif;\">Le <\/span><\/b><a href=\"https:\/\/www.culture.gouv.fr\/Aides-demarches\/Protections-labels-et-appellations\/Label-Jardin-remarquable\"><span style=\"color: #0000ff;\"><u><span style=\"font-family: Times New Roman, serif;\">label <\/span><\/u><\/span><span style=\"color: #0000ff;\"><u><span style=\"font-family: Times New Roman, serif;\">\u00ab Jardin remarquable \u00bb<\/span><\/u><\/span><\/a> <b><span style=\"font-family: Times New Roman, serif;\">engage plus particuli\u00e8rement les propri\u00e9taires \u00e0 participer au moins \u00e0 une op\u00e9ration nationale<\/span><\/b><b> <\/b><span style=\"font-family: Times New Roman, serif;\">(<\/span><span style=\"color: #0000ff;\"><u><a href=\"https:\/\/rendezvousauxjardins.culturecommunication.gouv.fr\/\" target=\"Site Internet des Rendez-vous aux jardins (nouvelle fen\u00eatre)\" rel=\"noopener\"><span style=\"font-family: Times New Roman, serif;\">Rendez-vous aux jardins<\/span><\/a><\/u><\/span><span style=\"font-family: Times New Roman, serif;\"> et\/ou aux <\/span><span style=\"color: #0000ff;\"><u><a href=\"https:\/\/journeesdupatrimoine.culturecommunication.gouv.fr\/\" target=\"Site Internet des Journ\u00e9es europ\u00e9ennes du patrimoine (nouvelle fen\u00eatre)\" rel=\"noopener\"><span style=\"font-family: Times New Roman, serif;\">Journ\u00e9es europ\u00e9ennes du patrimoine<\/span><\/a><\/u><\/span><span style=\"font-family: Times New Roman, serif;\">).<\/span><\/span><\/p><p style=\"text-align: justify;\">Mis en place en 2004, le label \u00ab Jardin remarquable \u00bb distingue des jardins et des parcs, pr\u00e9sentant un int\u00e9r\u00eat culturel, esth\u00e9tique, historique ou botanique, qu'ils soient publics ou priv\u00e9s.<br>Ce label de qualit\u00e9 est attribu\u00e9 par le minist\u00e8re de la Culture pour une dur\u00e9e de 5 ans renouvelable. Il donne lieu \u00e0 des avantages divers et notamment \u00e0 une signalisation routes et autoroutes, selon le m\u00eame processus que les \u00e9difices prot\u00e9g\u00e9s au titre des monuments historiques.<\/p><p style=\"text-align: justify;\">Le label<b> <\/b>\u00ab Jardin remarquable \u00bb engage les propri\u00e9taires \u00e0 assurer un entretien r\u00e9gulier de leur jardin, \u00e0 l\u2019ouvrir \u00e0 la visite au moins 40 jours dans l\u2019ann\u00e9e et 6h par jour, \u00e0 participer au moins \u00e0 une op\u00e9ration nationale<b> <\/b>(<u><a href=\"https:\/\/rendezvousauxjardins.culturecommunication.gouv.fr\/\" target=\"Site Internet des Rendez-vous aux jardins (nouvelle fen\u00eatre)\" rel=\"noopener\">Rendez-vous aux jardins<\/a><\/u> et\/ou aux <u><a href=\"https:\/\/journeesdupatrimoine.culturecommunication.gouv.fr\/\" target=\"Site Internet des Journ\u00e9es europ\u00e9ennes du patrimoine (nouvelle fen\u00eatre)\" rel=\"noopener\">Journ\u00e9es europ\u00e9ennes du patrimoine<\/a><\/u>), \u00e0 mettre \u00e0 la disposition du public des documents d\u2019information (plan, historique, indications botaniques) et \u00e0 apposer dans un lieu visible du public une plaque \u00e9maill\u00e9e reprenant le logotype du label \u00ab Jardin remarquable \u00bb.<\/p><p><a href=\"https:\/\/journeesdupatrimoine.culturecommunication.gouv.fr\/\" target=\"_blank\" rel=\"noopener\"><img class=\"alignnone wp-image-2539\" src=\"https:\/\/www.pedagogie.ac-nice.fr\/daac\/wp-content\/uploads\/sites\/37\/2021\/03\/logo.jpg\" alt=\"\" width=\"128\" height=\"72\"><\/a><a href=\"https:\/\/journeesdupatrimoine.culturecommunication.gouv.fr\/\" target=\"_blank\" rel=\"noopener\">Plus d'informations ici<\/a><\/p><p><u><a href=\"http:\/\/www.culturecommunication.gouv.fr\/Aides-demarches\/Carte-des-jardins-remarquables\">Carte des jardins remarquables (mise \u00e0 jour : juin 2020)<\/a><\/u><\/p><p><u><a href=\"..\/2020\" target=\"Liste des jardins labellis\u00e9s Jardin remarquable\" rel=\"noopener\">Liste des jardins labellis\u00e9s \"Jardin remarquable\" - juillet 2020 <\/a><\/u><\/p><p>Retrouvez l'actualit\u00e9 des Journ\u00e9es du Patrimoine sur le site de la DAAC de l'Acad\u00e9mie de Nice<a href=\"https:\/\/www.pedagogie.ac-nice.fr\/daac\/les-journees-du-patrimoine\/\" target=\"_blank\" rel=\"noopener\"><img class=\"alignnone wp-image-1939 size-full\" src=\"https:\/\/www.pedagogie.ac-nice.fr\/daac\/wp-content\/uploads\/sites\/37\/2021\/01\/puce-rose-2.png\" alt=\"\" width=\"59\" height=\"56\"><\/a><\/p>","_et_gb_content_width":"","ngg_post_thumbnail":0,"footnotes":""},"class_list":["post-2522","page","type-page","status-publish","hentry"],"rttpg_featured_image_url":null,"rttpg_author":{"display_name":"daacadmin","author_link":"https:\/\/www.pedagogie.ac-nice.fr\/daac\/author\/daacadmin\/"},"rttpg_comment":0,"rttpg_category":null,"rttpg_excerpt":"Rendez-vous aux jardins #RdvJardins Rendez-vous aux jardins s\u2019\u00e9largit depuis trois ans \u00e0 l\u2019Europe ! La 18e \u00e9dition a eu pour th\u00e8me\u00ab La transmission des savoirs \u00bb Plus de 3 000 jardins ouvriront leurs portes, parfois exceptionnellement, et proposent aux visiteurs plus de 6 000 animations mises en place \u00e0 cette occasion. Coordination acad\u00e9mique DAAC :\u2026","post_mailing_queue_ids":[],"_links":{"self":[{"href":"https:\/\/www.pedagogie.ac-nice.fr\/daac\/wp-json\/wp\/v2\/pages\/2522","targetHints":{"allow":["GET"]}}],"collection":[{"href":"https:\/\/www.pedagogie.ac-nice.fr\/daac\/wp-json\/wp\/v2\/pages"}],"about":[{"href":"https:\/\/www.pedagogie.ac-nice.fr\/daac\/wp-json\/wp\/v2\/types\/page"}],"author":[{"embeddable":true,"href":"https:\/\/www.pedagogie.ac-nice.fr\/daac\/wp-json\/wp\/v2\/users\/241"}],"replies":[{"embeddable":true,"href":"https:\/\/www.pedagogie.ac-nice.fr\/daac\/wp-json\/wp\/v2\/comments?post=2522"}],"version-history":[{"count":11,"href":"https:\/\/www.pedagogie.ac-nice.fr\/daac\/wp-json\/wp\/v2\/pages\/2522\/revisions"}],"predecessor-version":[{"id":7204,"href":"https:\/\/www.pedagogie.ac-nice.fr\/daac\/wp-json\/wp\/v2\/pages\/2522\/revisions\/7204"}],"wp:attachment":[{"href":"https:\/\/www.pedagogie.ac-nice.fr\/daac\/wp-json\/wp\/v2\/media?parent=2522"}],"curies":[{"name":"wp","href":"https:\/\/api.w.org\/{rel}","templated":true}]}}