{"id":2620,"date":"2021-03-17T23:03:14","date_gmt":"2021-03-17T22:03:14","guid":{"rendered":"https:\/\/www.pedagogie.ac-nice.fr\/daac\/?page_id=2620"},"modified":"2021-06-07T19:46:34","modified_gmt":"2021-06-07T17:46:34","slug":"projet-land-art-de-saint-etienne-de-tinee-06","status":"publish","type":"page","link":"https:\/\/www.pedagogie.ac-nice.fr\/daac\/projet-land-art-de-saint-etienne-de-tinee-06\/","title":{"rendered":"Projet Land Art de Saint-Etienne de Tin\u00e9e (06)"},"content":{"rendered":"<p lang=\"fr-FR\" style=\"text-align: center;\"><span class=\"sd-abs-pos\">&nbsp;<\/span> <span style=\"font-size: xx-large;\">Projet autour du \u00ab Bois \u00bb en partenariat avec la DAAC<br \/>\n<\/span><img loading=\"lazy\" decoding=\"async\" class=\"alignnone wp-image-539\" src=\"https:\/\/www.pedagogie.ac-nice.fr\/daac\/wp-content\/uploads\/sites\/37\/2020\/09\/projet.png\" alt=\"\" width=\"121\" height=\"178\"><\/p>\n<ul style=\"list-style-type: disc;\">\n<li lang=\"fr-FR\" style=\"text-align: justify;\"><span style=\"font-size: small;\"><span style=\"font-size: medium;\">Proposition<\/span> <span style=\"font-size: medium;\">d&rsquo;un<\/span> <span style=\"font-size: medium;\">projet<\/span> <span style=\"font-size: medium;\">commun<\/span> <span style=\"font-size: medium;\">de<\/span> <span style=\"font-size: medium;\">liaison<\/span> <span style=\"font-size: medium;\">\u00e9cole\/coll\u00e8ge<\/span> <span style=\"font-size: medium;\">(CM1-CM2<\/span> <span style=\"font-size: medium;\">\/<\/span> <span style=\"font-size: medium;\">6\u00b0)<\/span><\/span><\/li>\n<\/ul>\n<ul>\n<li>\n<p lang=\"fr-FR\" style=\"text-align: justify;\"><span style=\"font-size: small;\"><span style=\"font-size: medium;\">Proposition d&rsquo;une s\u00e9quence en Arts plastiques puis d&rsquo;une exposition des photographies<\/span> <span style=\"font-size: medium;\">des<\/span> <span style=\"font-size: medium;\">travaux<\/span> <span style=\"font-size: medium;\">au<\/span> <span style=\"font-size: medium;\">CDI<\/span> <span style=\"font-size: medium;\">avec<\/span> <span style=\"font-size: medium;\">les<\/span> <span style=\"font-size: medium;\">deux<\/span> <span style=\"font-size: medium;\">classes<\/span> <span style=\"font-size: medium;\">de<\/span> <span style=\"font-size: medium;\">6<\/span><span style=\"font-size: medium;\">\u00e8me<\/span> <span style=\"font-size: medium;\">du<\/span> <span style=\"font-size: medium;\">Coll\u00e8ge<\/span> <span style=\"font-size: medium;\">Jean-Franco<\/span> <span style=\"font-size: medium;\">et<\/span> <span style=\"font-size: medium;\">la<\/span> <span style=\"font-size: medium;\">classe<\/span> <span style=\"font-size: medium;\">de<\/span> <span style=\"font-size: medium;\">Cm1-Cm2 de<\/span> l<span style=\"font-size: medium;\">&lsquo;\u00e9cole Primaire<\/span> <span style=\"font-size: medium;\">de<\/span> <span style=\"font-size: medium;\">Saint-Etienne-de-Tin\u00e9e.<\/span><\/span><\/p>\n<\/li>\n<\/ul>\n<ul>\n<li>\n<p lang=\"fr-FR\" style=\"text-align: center;\"><span style=\"font-size: small;\"><span style=\"font-size: medium;\">Proposition<\/span> <span style=\"font-size: medium;\">de<\/span> <span style=\"font-size: medium;\">faire<\/span> <span style=\"font-size: medium;\">venir<\/span> <span style=\"font-size: medium;\">une<\/span> <span style=\"font-size: medium;\">exposition<\/span> <span style=\"font-size: medium;\">des<\/span> <span style=\"font-size: medium;\">Archives<\/span> <span style=\"font-size: medium;\">d\u00e9partementales<\/span> <span style=\"font-size: medium;\">au<\/span> <span style=\"font-size: medium;\">mois<\/span> <span style=\"font-size: medium;\">de<\/span> <span style=\"font-size: medium;\">mai<\/span> <span style=\"font-size: medium;\">dans<\/span> <span style=\"font-size: medium;\">l&rsquo;\u00e9tablissement :<\/span><\/span><a href=\"https:\/\/www.departement06.fr\/les-expositions\/forets-d-azur-2868.html\" target=\"_blank\" rel=\"noopener\"><img loading=\"lazy\" decoding=\"async\" class=\"aligncenter wp-image-2621\" src=\"https:\/\/www.pedagogie.ac-nice.fr\/daac\/wp-content\/uploads\/sites\/37\/2021\/03\/icone_sapins.png\" alt=\"\" width=\"125\" height=\"125\" srcset=\"https:\/\/www.pedagogie.ac-nice.fr\/daac\/wp-content\/uploads\/sites\/37\/2021\/03\/icone_sapins.png 200w, https:\/\/www.pedagogie.ac-nice.fr\/daac\/wp-content\/uploads\/sites\/37\/2021\/03\/icone_sapins-150x150.png 150w\" sizes=\"(max-width: 125px) 100vw, 125px\" \/><\/a><a href=\"https:\/\/www.departement06.fr\/les-expositions\/forets-d-azur-2868.html\" target=\"_blank\" rel=\"noopener\"><img loading=\"lazy\" decoding=\"async\" class=\"alignnone wp-image-1388\" src=\"https:\/\/www.pedagogie.ac-nice.fr\/daac\/wp-content\/uploads\/sites\/37\/2020\/11\/ADAM06.png\" alt=\"\" width=\"149\" height=\"103\"><\/a><a href=\"https:\/\/www.departement06.fr\/les-expositions\/forets-d-azur-2868.html\" target=\"_blank\" rel=\"noopener\"><span style=\"color: #008000;\">for\u00eats d&rsquo;Azur<\/span><\/a><\/p>\n<\/li>\n<\/ul>\n<p class=\"western\" lang=\"fr-FR\" align=\"justify\"><span style=\"font-size: small;\"><span style=\"font-size: medium;\"><b>&#8211; S\u00e9quence Land<\/b><\/span><b> <\/b><span style=\"font-size: medium;\"><b>Art<\/b><\/span><b> <\/b><span style=\"font-size: medium;\">:<\/span> <span style=\"font-size: medium;\">Organisation<\/span> <span style=\"font-size: medium;\">d&rsquo;une<\/span><span style=\"font-size: medium;\"> sortie \u00e0<\/span> <span style=\"font-size: medium;\">Saint-Etienne-de-Tin\u00e9e<\/span> <span style=\"font-size: medium;\">:<\/span><\/span><\/p>\n<p class=\"western\" lang=\"fr-FR\" align=\"justify\">R\u00e9colte de bois de diff\u00e9rentes sorte puis l&rsquo;id\u00e9e est d&rsquo;utiliser le bois r\u00e9colt\u00e9 . Il ne s\u2019agit plus de repr\u00e9senter la nature, l\u2019arbre ou la for\u00eat, l\u2019eau (comme cela a \u00e9t\u00e9 fait pendant des si\u00e8cles) mais de l\u2019utiliser comme moyens de cr\u00e9ation.<\/p>\n<p class=\"western\" lang=\"fr-FR\" align=\"justify\">Ces proc\u00e9d\u00e9s artistiques s\u2019inspirent des artistes du Land Art qui, dans les ann\u00e9es 60 ont eu une autre approche de la nature en cr\u00e9ant AVEC et DANS le paysage.<\/p>\n<p class=\"western\" lang=\"fr-FR\"><span style=\"font-size: small;\"><span style=\"font-size: medium;\"><b><img loading=\"lazy\" decoding=\"async\" class=\"alignnone wp-image-533\" src=\"https:\/\/www.pedagogie.ac-nice.fr\/daac\/wp-content\/uploads\/sites\/37\/2020\/09\/target.png\" alt=\"logo_cible\" width=\"68\" height=\"68\" srcset=\"https:\/\/www.pedagogie.ac-nice.fr\/daac\/wp-content\/uploads\/sites\/37\/2020\/09\/target.png 512w, https:\/\/www.pedagogie.ac-nice.fr\/daac\/wp-content\/uploads\/sites\/37\/2020\/09\/target-300x300.png 300w, https:\/\/www.pedagogie.ac-nice.fr\/daac\/wp-content\/uploads\/sites\/37\/2020\/09\/target-150x150.png 150w\" sizes=\"(max-width: 68px) 100vw, 68px\" \/> &nbsp;&nbsp;&nbsp;&nbsp;&nbsp;&nbsp;&nbsp;&nbsp;&nbsp;&nbsp;&nbsp;&nbsp;&nbsp;&nbsp;&nbsp;&nbsp;&nbsp;&nbsp;&nbsp;&nbsp;&nbsp;&nbsp;&nbsp;&nbsp;&nbsp;&nbsp;&nbsp;&nbsp;&nbsp;&nbsp;&nbsp;&nbsp;&nbsp;&nbsp;&nbsp;&nbsp; Les<\/b><\/span><b> <\/b><span style=\"font-size: medium;\"><b>objectifs<\/b><\/span><b> <\/b><span style=\"font-size: medium;\"><b>:<\/b><\/span><\/span><\/p>\n<p class=\"western\" lang=\"fr-FR\" style=\"text-align: justify;\">R\u00e9alisation de travaux <b>\u00ab in situ \u00bb , <\/b>dans la nature m\u00eame avec des \u00e9l\u00e9ments naturels: branches, brindilles, bois flott\u00e9, herbes, baies, &#8230;sur fond de pr\u00e9s, flaques d&rsquo;eau, sable, gravier, terre&#8230;<\/p>\n<p class=\"western\" lang=\"fr-FR\" style=\"text-align: justify;\">D\u00e9couvrir et utiliser les \u00e9l\u00e9ments de formulation plastique (couleurs, mati\u00e8res, formes) que la nature met \u00e0 notre disposition.<\/p>\n<p class=\"western\" lang=\"fr-FR\" style=\"text-align: justify;\">Travailler la composition en disposant et organisant les \u00e9l\u00e9ments naturels sans l&rsquo;utilisation de la colle ou autres moyens non naturels<\/p>\n<p class=\"western\" lang=\"fr-FR\" style=\"text-align: justify;\">Mieux comprendre le r\u00f4le capital de la photographie afin de fixer et garder trace des travaux \u00e9ph\u00e9m\u00e8res.<\/p>\n<p class=\"western\" lang=\"fr-FR\">D\u00e9couvrir le mouvement artistique: le Land-Art \u00e0 travers diff\u00e9rents artistes (*Andy Goldworthy, *Guiseppe Penone*Saype&#8230;).<\/p>\n<p lang=\"fr-FR\"><img loading=\"lazy\" decoding=\"async\" class=\"alignnone size-full wp-image-50\" src=\"https:\/\/www.pedagogie.ac-nice.fr\/daac\/wp-content\/uploads\/sites\/37\/2020\/08\/connaitre.png\" alt=\"\" width=\"106\" height=\"94\">Pour en savoir plus, cliquez sur le Prezzi ci-dessous<\/p>\n<p lang=\"fr-FR\"><a href=\"https:\/\/prezi.com\/view\/EY0jIsa6PH9zQnEMhwg3\/\" target=\"_blank\" rel=\"noopener\"><img loading=\"lazy\" decoding=\"async\" class=\"alignnone wp-image-2622 size-full\" src=\"https:\/\/www.pedagogie.ac-nice.fr\/daac\/wp-content\/uploads\/sites\/37\/2021\/03\/prezzi_st_etienne_Tinee.jpg\" alt=\"\" width=\"884\" height=\"471\" srcset=\"https:\/\/www.pedagogie.ac-nice.fr\/daac\/wp-content\/uploads\/sites\/37\/2021\/03\/prezzi_st_etienne_Tinee.jpg 884w, https:\/\/www.pedagogie.ac-nice.fr\/daac\/wp-content\/uploads\/sites\/37\/2021\/03\/prezzi_st_etienne_Tinee-300x160.jpg 300w, https:\/\/www.pedagogie.ac-nice.fr\/daac\/wp-content\/uploads\/sites\/37\/2021\/03\/prezzi_st_etienne_Tinee-768x409.jpg 768w\" sizes=\"(max-width: 884px) 100vw, 884px\" \/><\/a><\/p>\n<p lang=\"fr-FR\">Et une pr\u00e9sentation sous forme sur Pearltrees<\/p>\n<p lang=\"fr-FR\"><a href=\"http:\/\/www.pearltrees.com\/mmebourgade\/land-art-6-cm1-cm2\/id42317260\" target=\"_blank\" rel=\"noopener\"><img loading=\"lazy\" decoding=\"async\" class=\"aligncenter wp-image-3773 size-full\" src=\"https:\/\/www.pedagogie.ac-nice.fr\/daac\/wp-content\/uploads\/sites\/37\/2021\/06\/Landart_Ecoles.jpg\" alt=\"\" width=\"420\" height=\"357\" srcset=\"https:\/\/www.pedagogie.ac-nice.fr\/daac\/wp-content\/uploads\/sites\/37\/2021\/06\/Landart_Ecoles.jpg 420w, https:\/\/www.pedagogie.ac-nice.fr\/daac\/wp-content\/uploads\/sites\/37\/2021\/06\/Landart_Ecoles-300x255.jpg 300w\" sizes=\"(max-width: 420px) 100vw, 420px\" \/><\/a><\/p>\n","protected":false},"excerpt":{"rendered":"<p>&nbsp; Projet autour du \u00ab Bois \u00bb en partenariat avec la DAAC Proposition d&rsquo;un projet commun de liaison \u00e9cole\/coll\u00e8ge (CM1-CM2 \/ 6\u00b0) Proposition d&rsquo;une s\u00e9quence en Arts plastiques puis d&rsquo;une exposition des photographies des travaux au CDI avec les deux classes de 6\u00e8me du Coll\u00e8ge Jean-Franco et la classe de Cm1-Cm2 de l&lsquo;\u00e9cole Primaire de [&hellip;]<\/p>\n","protected":false},"author":241,"featured_media":0,"parent":0,"menu_order":0,"comment_status":"closed","ping_status":"closed","template":"","meta":{"_et_pb_use_builder":"","_et_pb_old_content":"","_et_gb_content_width":"","ngg_post_thumbnail":0,"footnotes":""},"class_list":["post-2620","page","type-page","status-publish","hentry"],"rttpg_featured_image_url":null,"rttpg_author":{"display_name":"daacadmin","author_link":"https:\/\/www.pedagogie.ac-nice.fr\/daac\/author\/daacadmin\/"},"rttpg_comment":0,"rttpg_category":null,"rttpg_excerpt":"&nbsp; Projet autour du \u00ab Bois \u00bb en partenariat avec la DAAC Proposition d&rsquo;un projet commun de liaison \u00e9cole\/coll\u00e8ge (CM1-CM2 \/ 6\u00b0) Proposition d&rsquo;une s\u00e9quence en Arts plastiques puis d&rsquo;une exposition des photographies des travaux au CDI avec les deux classes de 6\u00e8me du Coll\u00e8ge Jean-Franco et la classe de Cm1-Cm2 de l&lsquo;\u00e9cole Primaire de\u2026","post_mailing_queue_ids":[],"_links":{"self":[{"href":"https:\/\/www.pedagogie.ac-nice.fr\/daac\/wp-json\/wp\/v2\/pages\/2620","targetHints":{"allow":["GET"]}}],"collection":[{"href":"https:\/\/www.pedagogie.ac-nice.fr\/daac\/wp-json\/wp\/v2\/pages"}],"about":[{"href":"https:\/\/www.pedagogie.ac-nice.fr\/daac\/wp-json\/wp\/v2\/types\/page"}],"author":[{"embeddable":true,"href":"https:\/\/www.pedagogie.ac-nice.fr\/daac\/wp-json\/wp\/v2\/users\/241"}],"replies":[{"embeddable":true,"href":"https:\/\/www.pedagogie.ac-nice.fr\/daac\/wp-json\/wp\/v2\/comments?post=2620"}],"version-history":[{"count":4,"href":"https:\/\/www.pedagogie.ac-nice.fr\/daac\/wp-json\/wp\/v2\/pages\/2620\/revisions"}],"predecessor-version":[{"id":3774,"href":"https:\/\/www.pedagogie.ac-nice.fr\/daac\/wp-json\/wp\/v2\/pages\/2620\/revisions\/3774"}],"wp:attachment":[{"href":"https:\/\/www.pedagogie.ac-nice.fr\/daac\/wp-json\/wp\/v2\/media?parent=2620"}],"curies":[{"name":"wp","href":"https:\/\/api.w.org\/{rel}","templated":true}]}}