{"id":2759,"date":"2021-04-08T12:40:36","date_gmt":"2021-04-08T10:40:36","guid":{"rendered":"https:\/\/www.pedagogie.ac-nice.fr\/daac\/?page_id=2759"},"modified":"2021-04-08T13:05:35","modified_gmt":"2021-04-08T11:05:35","slug":"partenariat-avec-le-theatre-intercommunal-le-forum","status":"publish","type":"page","link":"https:\/\/www.pedagogie.ac-nice.fr\/daac\/partenariat-avec-le-theatre-intercommunal-le-forum\/","title":{"rendered":"PARTENARIAT AVEC LE TH\u00c9\u00c2TRE INTERCOMMUNAL LE FORUM"},"content":{"rendered":"<p style=\"text-align: center;\"><span lang=\"fr-FR\"><b>Dispositif&nbsp; \u201cDes mots au corps, en mouvement \u201d (DANSE)<br \/>\n<\/b><\/span><\/p>\n<p><img loading=\"lazy\" decoding=\"async\" class=\"alignnone size-medium wp-image-516 aligncenter\" src=\"https:\/\/www.pedagogie.ac-nice.fr\/daac\/wp-content\/uploads\/sites\/37\/2020\/09\/Logo-Le-Forum-Noir-2-300x129.png\" alt=\"\" width=\"300\" height=\"129\"><\/p>\n<p>&nbsp;<\/p>\n<p><img loading=\"lazy\" decoding=\"async\" class=\"wp-image-533 alignleft\" src=\"https:\/\/www.pedagogie.ac-nice.fr\/daac\/wp-content\/uploads\/sites\/37\/2020\/09\/target-300x300.png\" alt=\"logo_cible\" width=\"68\" height=\"68\" srcset=\"https:\/\/www.pedagogie.ac-nice.fr\/daac\/wp-content\/uploads\/sites\/37\/2020\/09\/target-300x300.png 300w, https:\/\/www.pedagogie.ac-nice.fr\/daac\/wp-content\/uploads\/sites\/37\/2020\/09\/target-150x150.png 150w, https:\/\/www.pedagogie.ac-nice.fr\/daac\/wp-content\/uploads\/sites\/37\/2020\/09\/target.png 512w\" sizes=\"(max-width: 68px) 100vw, 68px\" \/><\/p>\n<p style=\"text-align: justify;\"><span style=\"font-size: 10pt;\"><br \/>\nAppr\u00e9hender le th\u00e9\u00e2tre par l\u2019\u00e9criture puis voir comment elle se traduit sur sc\u00e8ne, en abordant les ressorts de l\u2019\u00e9criture th\u00e9\u00e2trale.<\/span><\/p>\n<p>&nbsp;<\/p>\n<p><img loading=\"lazy\" decoding=\"async\" class=\"wp-image-693 alignleft\" src=\"https:\/\/www.pedagogie.ac-nice.fr\/daac\/wp-content\/uploads\/sites\/37\/2020\/09\/partenariat.png\" alt=\"\" width=\"79\" height=\"56\"><span style=\"font-size: 10pt;\"><span lang=\"fr-FR\">&#8211; Une s<\/span><span lang=\"fr-FR\">tru<\/span><span lang=\"fr-FR\">cture partenaire : <\/span><strong><span lang=\"fr-FR\">Th\u00e9\u00e2tre Interc<\/span><\/strong><strong><span lang=\"fr-FR\">ommunal Le FORUM<br \/>\n<\/span><\/strong><span lang=\"fr-FR\">&#8211; Une <\/span><\/span><span style=\"font-size: 10pt;\"><span lang=\"fr-FR\">autrice :<strong>&nbsp;Catherine Verlaguet<\/strong>&nbsp;<br \/>\n<\/span><\/span><span lang=\"fr-FR\" style=\"font-size: 10pt;\">&#8211; Une chor\u00e9graphe : <strong>Sylv\u00e8re Lamotte<\/strong><\/span><\/p>\n<p><img loading=\"lazy\" decoding=\"async\" class=\" wp-image-539 alignleft\" src=\"https:\/\/www.pedagogie.ac-nice.fr\/daac\/wp-content\/uploads\/sites\/37\/2020\/09\/projet.png\" alt=\"\" width=\"94\" height=\"139\"><\/p>\n<p>&nbsp;<\/p>\n<ul>\n<li style=\"text-align: justify;\"><span lang=\"fr-FR\" style=\"font-size: 10pt;\">Des classes du premier degr\u00e9 et de coll\u00e8ge de la CAVEM ;<br \/>\n<\/span><\/li>\n<li style=\"text-align: justify;\"><span lang=\"fr-FR\" style=\"font-size: 10pt;\">Des professeurs accompagn\u00e9s au sein d\u2019un groupe apprenant (3 journ\u00e9es de formation) ;<br \/>\n<\/span><\/li>\n<li style=\"text-align: justify;\"><span style=\"font-size: 10pt;\">&nbsp;<span lang=\"fr-FR\">Un spectacle :&nbsp;<\/span><strong><em><span lang=\"fr-FR\">Un furieux d\u00e9sir de bonheur.<\/span><\/em><\/strong><\/span><\/li>\n<\/ul>\n<p>&nbsp;<\/p>\n<p><span style=\"font-size: 10pt;\"><a href=\"https:\/\/muriel-colin-lacour.netboard.me\/desmotsaucorpse\/?link=dZQK6Dee-ittg09iQ-qwxkGtSy\" target=\"_blank\" rel=\"noopener\"><img loading=\"lazy\" decoding=\"async\" class=\"alignnone wp-image-817\" src=\"https:\/\/www.pedagogie.ac-nice.fr\/daac\/wp-content\/uploads\/sites\/37\/2020\/09\/netboard.jpg\" alt=\"\" width=\"106\" height=\"64\"><\/a>&nbsp; &nbsp; &nbsp;Toutes les informations&nbsp; sur le netboard&nbsp;&nbsp;<\/span><\/p>\n<p>&nbsp;<\/p>\n<p style=\"text-align: center;\"><span style=\"color: #ff00ff;\"><strong>Des projets en \u00e9tablissement<\/strong><\/span><\/p>\n<p style=\"text-align: center;\"><strong><span style=\"color: #2b2b2b; text-align: start;\">Le Th\u00e9\u00e2tre Intercommunal Le Forum se r\u00e9invente<\/span><\/strong><\/p>\n<p style=\"text-align: justify;\"><img loading=\"lazy\" decoding=\"async\" class=\"wp-image-2763 aligncenter\" src=\"https:\/\/www.pedagogie.ac-nice.fr\/daac\/wp-content\/uploads\/sites\/37\/2021\/04\/Logo_4m2-300x187.jpg\" alt=\"\" width=\"226\" height=\"141\" srcset=\"https:\/\/www.pedagogie.ac-nice.fr\/daac\/wp-content\/uploads\/sites\/37\/2021\/04\/Logo_4m2-300x187.jpg 300w, https:\/\/www.pedagogie.ac-nice.fr\/daac\/wp-content\/uploads\/sites\/37\/2021\/04\/Logo_4m2.jpg 718w\" sizes=\"(max-width: 226px) 100vw, 226px\" \/><br \/>\n\u00ab\u00a0<strong>4m\u00b2<\/strong>\u00ab\u00a0, cr\u00e9ation de la <strong>Compagnie Les Ball<\/strong><strong>ets du Nord<\/strong> et du chor\u00e9graphe <strong>Sylvain GROUD<\/strong>, en simultan\u00e9 pour trois \u00e9tablissements du territoire &nbsp;: <a href=\"https:\/\/www.pedagogie.ac-nice.fr\/daac\/wp-content\/uploads\/sites\/37\/2021\/04\/Compte_rendu_4m2.pdf\" target=\"_blank\" rel=\"noopener\"><img loading=\"lazy\" decoding=\"async\" class=\"alignnone wp-image-1499\" src=\"https:\/\/www.pedagogie.ac-nice.fr\/daac\/wp-content\/uploads\/sites\/37\/2020\/12\/puce_rose.jpg\" alt=\"\" width=\"55\" height=\"45\"><\/a><\/p>\n<p><strong><img loading=\"lazy\" decoding=\"async\" class=\"alignnone wp-image-541\" src=\"https:\/\/www.pedagogie.ac-nice.fr\/daac\/wp-content\/uploads\/sites\/37\/2020\/09\/contact.png\" alt=\"\" width=\"62\" height=\"59\">Contac<\/strong><strong>ts&nbsp; :&nbsp;<\/strong><\/p>\n<p style=\"text-align: justify;\"><span lang=\"fr-FR\">\u2013&nbsp;<strong>Dominique Ribes<\/strong>, responsable Actions culturelles et m\u00e9diation : <\/span><span lang=\"fr-FR\"><span lang=\"en-US\">d.ribes@theatre-le-forum.fr&nbsp;<\/span><\/span>04.94.17.73.88 \u2013 07.61.44.57.94.<\/p>\n<p style=\"text-align: justify;\"><span lang=\"fr-FR\">\u2013&nbsp;<strong>Cristel Chabrier<\/strong>, professeure charg\u00e9e de mission DAAC aupr<\/span><span lang=\"it-IT\">\u00e8<\/span><span lang=\"fr-FR\">s du Th\u00e9\u00e2tre :&nbsp;<\/span><span lang=\"fr-FR\">cristel.chabrier@ac-nice.fr<\/span><\/p>\n<p style=\"text-align: justify;\"><span lang=\"ru-RU\">\u2013&nbsp;<\/span><span lang=\"fr-FR\"><strong>Muriel Colin Lacour<\/strong>, conseill<\/span><span lang=\"it-IT\">\u00e8<\/span><span lang=\"fr-FR\">re pour la danse et les arts du spectacle vivant \u2013 DAAC :&nbsp;<\/span><span lang=\"fr-FR\">muriel.lacour<\/span><span lang=\"fr-FR\">@ac-nice.fr<\/span><\/p>\n","protected":false},"excerpt":{"rendered":"<p>Dispositif&nbsp; \u201cDes mots au corps, en mouvement \u201d (DANSE) &nbsp; Appr\u00e9hender le th\u00e9\u00e2tre par l\u2019\u00e9criture puis voir comment elle se traduit sur sc\u00e8ne, en abordant les ressorts de l\u2019\u00e9criture th\u00e9\u00e2trale. &nbsp; &#8211; Une structure partenaire : Th\u00e9\u00e2tre Intercommunal Le FORUM &#8211; Une autrice :&nbsp;Catherine Verlaguet&nbsp; &#8211; Une chor\u00e9graphe : Sylv\u00e8re Lamotte &nbsp; Des classes du [&hellip;]<\/p>\n","protected":false},"author":241,"featured_media":0,"parent":0,"menu_order":0,"comment_status":"closed","ping_status":"closed","template":"","meta":{"_et_pb_use_builder":"","_et_pb_old_content":"","_et_gb_content_width":"","ngg_post_thumbnail":0,"footnotes":""},"class_list":["post-2759","page","type-page","status-publish","hentry"],"rttpg_featured_image_url":null,"rttpg_author":{"display_name":"daacadmin","author_link":"https:\/\/www.pedagogie.ac-nice.fr\/daac\/author\/daacadmin\/"},"rttpg_comment":0,"rttpg_category":null,"rttpg_excerpt":"Dispositif&nbsp; \u201cDes mots au corps, en mouvement \u201d (DANSE) &nbsp; Appr\u00e9hender le th\u00e9\u00e2tre par l\u2019\u00e9criture puis voir comment elle se traduit sur sc\u00e8ne, en abordant les ressorts de l\u2019\u00e9criture th\u00e9\u00e2trale. &nbsp; &#8211; Une structure partenaire : Th\u00e9\u00e2tre Intercommunal Le FORUM &#8211; Une autrice :&nbsp;Catherine Verlaguet&nbsp; &#8211; Une chor\u00e9graphe : Sylv\u00e8re Lamotte &nbsp; Des classes du\u2026","post_mailing_queue_ids":[],"_links":{"self":[{"href":"https:\/\/www.pedagogie.ac-nice.fr\/daac\/wp-json\/wp\/v2\/pages\/2759","targetHints":{"allow":["GET"]}}],"collection":[{"href":"https:\/\/www.pedagogie.ac-nice.fr\/daac\/wp-json\/wp\/v2\/pages"}],"about":[{"href":"https:\/\/www.pedagogie.ac-nice.fr\/daac\/wp-json\/wp\/v2\/types\/page"}],"author":[{"embeddable":true,"href":"https:\/\/www.pedagogie.ac-nice.fr\/daac\/wp-json\/wp\/v2\/users\/241"}],"replies":[{"embeddable":true,"href":"https:\/\/www.pedagogie.ac-nice.fr\/daac\/wp-json\/wp\/v2\/comments?post=2759"}],"version-history":[{"count":9,"href":"https:\/\/www.pedagogie.ac-nice.fr\/daac\/wp-json\/wp\/v2\/pages\/2759\/revisions"}],"predecessor-version":[{"id":2771,"href":"https:\/\/www.pedagogie.ac-nice.fr\/daac\/wp-json\/wp\/v2\/pages\/2759\/revisions\/2771"}],"wp:attachment":[{"href":"https:\/\/www.pedagogie.ac-nice.fr\/daac\/wp-json\/wp\/v2\/media?parent=2759"}],"curies":[{"name":"wp","href":"https:\/\/api.w.org\/{rel}","templated":true}]}}