{"id":287,"date":"2020-08-27T23:37:34","date_gmt":"2020-08-27T21:37:34","guid":{"rendered":"https:\/\/www.pedagogie.ac-nice.fr\/daac\/?page_id=287"},"modified":"2021-08-27T18:18:13","modified_gmt":"2021-08-27T16:18:13","slug":"les-missions-de-la-daac","status":"publish","type":"page","link":"https:\/\/www.pedagogie.ac-nice.fr\/daac\/les-missions-de-la-daac\/","title":{"rendered":"L\u2019Education Artistique et Culturelle, qu\u2019est-ce que c\u2019est\u00a0?"},"content":{"rendered":"<div class=\"entry-content\">\n<div>\n<p style=\"text-align: justify;\"><a href=\"https:\/\/cache.media.eduscol.education.fr\/file\/Art_culture_sport\/74\/5\/Feuille_de_route_2020_EAC_1247745.pdf\" target=\"_blank\" rel=\"attachment noopener wp-att-301 noreferrer\"><img loading=\"lazy\" decoding=\"async\" class=\" wp-image-301 aligncenter\" src=\"https:\/\/www.pedagogie.ac-nice.fr\/daac\/wp-content\/uploads\/sites\/37\/2020\/08\/affiche_dossier_100peac-202x300.png\" alt=\"\" width=\"109\" height=\"162\" srcset=\"https:\/\/www.pedagogie.ac-nice.fr\/daac\/wp-content\/uploads\/sites\/37\/2020\/08\/affiche_dossier_100peac-202x300.png 202w, https:\/\/www.pedagogie.ac-nice.fr\/daac\/wp-content\/uploads\/sites\/37\/2020\/08\/affiche_dossier_100peac.png 370w\" sizes=\"(max-width: 109px) 100vw, 109px\" \/><\/a>En tant que composante de la formation g\u00e9n\u00e9rale dispens\u00e9e \u00e0 tous les \u00e9l\u00e8ves, l\u2019EAC est, depuis 2013, d\u00e9finie par la loi \u00e0 la fois comme une \u00e9ducation \u00e0 l\u2019art et \u00e0 la culture qui vise l\u2019acquisition et l\u2019appropriation d\u2019une culture artistique personnelle et diversifi\u00e9e mais aussi comme une \u00e9ducation par l\u2019art qui permet la formation de la personne et du citoyen.<\/p>\n<p style=\"text-align: center;\" align=\"justify\"><em><strong>L\u2019EAC repose sur trois piliers<\/strong><\/em><\/p>\n<ul style=\"list-style-type: disc;\">\n<li>les enseignements artistiques<\/li>\n<li>les rencontres avec les artistes et les \u0153uvres<\/li>\n<li>les pratiques artistiques et culturelles<\/li>\n<\/ul>\n<p><!--more--><\/p>\n<p style=\"text-align: justify;\">Politique interminist\u00e9rielle, l\u2019EAC poursuit depuis 2017 un objectif commun \u00ab le&nbsp;100% EAC&nbsp;\u00bb qui s\u2019inscrit dans la logique de toutes les politiques publiques d\u2019\u00e9ducation artistique et culturelle depuis les ann\u00e9es 1980, afin de permettre un \u00e9gal acc\u00e8s \u00e0 la culture de tous.<\/p>\n<p style=\"text-align: center;\"><span style=\"font-size: 10pt;\"><b><em>Le 100&nbsp;% EAC repose sur&nbsp;des engagements partag\u00e9s<\/em><\/b><\/span><\/p>\n<p style=\"text-align: justify;\">De nombreuses collectivit\u00e9s conventionnent avec la DAAC de l\u2019Acad\u00e9mie de Nice et la DRAC pour mettre en place le 100% EAC sur leur territoire. Ces offres territoriales viennent enrichir le parcours des \u00e9l\u00e8ves et renforcent notre politique de travail en r\u00e9seaux et en p\u00f4les&nbsp;: livre et m\u00e9diath\u00e8ques, r\u00e9seau Culture Sciences, p\u00f4le cin\u00e9ma et audiovisuel, r\u00e9seau des mus\u00e9es, archives, patrimoines\u2026<\/p>\n<p style=\"text-align: justify;\" align=\"justify\">Les actions ainsi men\u00e9es dans tous les champs de l\u2019\u00e9ducation artistique et culturelle de l\u2019\u00e9chelle locale \u00e0 l\u2019\u00e9chelle internationale ouvrent <b>la possibilit\u00e9 pour chaque \u00e9l\u00e8ve, tout au long de son cursus, de construire son identit\u00e9 culturelle \u00e0 travers son parcours personnel<\/b>.<\/p>\n<p style=\"text-align: center;\" align=\"justify\"><span style=\"font-size: 10pt;\"><em><strong>L\u2019EAC, un champ d\u2019exp\u00e9rimentation et d\u2019innovation p\u00e9dagogiques<\/strong><\/em><\/span><\/p>\n<p style=\"text-align: justify;\" align=\"justify\">L\u2019EAC interroge et anticipe les nouvelles modalit\u00e9s de transmission du savoir (interdisciplinarit\u00e9, d\u00e9cloisonnement). Elle cr\u00e9e des liens entre les disciplines dans un temps long (ann\u00e9e scolaire ou cycle complet). Elle s\u2019appuie sur un r\u00e9f\u00e9rentiel de comp\u00e9tences transversales de l\u2019EAC fond\u00e9 sur un enrichissement progressif et continu des comp\u00e9tences des \u00e9l\u00e8ves. Enfin, l\u2019EAC permet de cr\u00e9er des nouvelles dynamiques entre la culture scientifique, la technique et les arts (sciences et cin\u00e9ma, culture et num\u00e9rique) mais aussi des p\u00f4les de ressources (PREAC) pour tous les acteurs de la culture<span style=\"font-family: Times New Roman, serif;\">.<\/span><\/p>\n<p style=\"text-align: center;\" align=\"justify\"><i><b>L\u2019EAC, c\u2019est aussi un formidable vecteur d\u2019ouverture internationale<\/b><\/i><\/p>\n<p style=\"text-align: justify;\" align=\"justify\">Au-del\u00e0 de notre acad\u00e9mie, un r\u00e9seau culturel transfrontalier se constitue autour de trois axes forts :<\/p>\n<ul style=\"list-style-type: square;\">\n<li style=\"text-align: justify;\">les cultures m\u00e9diterran\u00e9ennes,<\/li>\n<li style=\"text-align: justify;\">la culture scientifique et l\u2019arch\u00e9ologie,<\/li>\n<li style=\"text-align: justify;\">les grandes routes artistiques europ\u00e9ennes.<\/li>\n<\/ul>\n<p style=\"text-align: justify;\" align=\"justify\"><b>Le 100% EAC, c\u2019est l\u2019ensemble de toutes ces volont\u00e9s de toutes ces impulsions qui, \u00e0 toutes les \u00e9chelles, permettent \u00e0 tous nos enfants de la maternelle \u00e0 l\u2019universit\u00e9, en temps scolaire comme dans leur temps libre, de vivre pleinement la culture.<\/b><\/p>\n<\/div>\n<p align=\"justify\"><span style=\"color: #ff00ff;\">Pour aller plus loin : territoires 100% EAC dans l&rsquo;Acad\u00e9mie de Nice<\/span><\/p>\n<p style=\"text-align: center;\" align=\"justify\"><a href=\"https:\/\/www.pedagogie.ac-nice.fr\/daac\/100-peac\/\" target=\"_blank\" rel=\"attachment noopener wp-att-221 noreferrer\"><img loading=\"lazy\" decoding=\"async\" class=\"alignnone wp-image-221\" src=\"https:\/\/www.pedagogie.ac-nice.fr\/daac\/wp-content\/uploads\/sites\/37\/2020\/08\/terriroires.jpg\" alt=\"\" width=\"130\" height=\"120\"><\/a><\/p>\n<\/div>\n<p>[\/et_pb_text][\/et_pb_column][\/et_pb_row][\/et_pb_section][et_pb_section fb_built=\u00a0\u00bb1&Prime; _builder_version=\u00a0\u00bb3.22&Prime;][et_pb_row _builder_version=\u00a0\u00bb3.25&Prime; background_size=\u00a0\u00bbinitial\u00a0\u00bb background_position=\u00a0\u00bbtop_left\u00a0\u00bb background_repeat=\u00a0\u00bbrepeat\u00a0\u00bb][et_pb_column type=\u00a0\u00bb4_4&Prime; _builder_version=\u00a0\u00bb3.25&Prime; custom_padding=\u00a0\u00bb|||\u00a0\u00bb custom_padding__hover=\u00a0\u00bb|||\u00a0\u00bb][et_pb_text _builder_version=\u00a0\u00bb3.27.4&Prime; background_size=\u00a0\u00bbinitial\u00a0\u00bb background_position=\u00a0\u00bbtop_left\u00a0\u00bb background_repeat=\u00a0\u00bbrepeat\u00a0\u00bb]<\/p>\n<div class=\"entry-content\">\n<div>\n<p style=\"text-align: justify;\"><a href=\"https:\/\/cache.media.eduscol.education.fr\/file\/Art_culture_sport\/74\/5\/Feuille_de_route_2020_EAC_1247745.pdf\" target=\"_blank\" rel=\"attachment noopener wp-att-301 noreferrer\"><img loading=\"lazy\" decoding=\"async\" class=\" wp-image-301 aligncenter\" src=\"https:\/\/www.pedagogie.ac-nice.fr\/daac\/wp-content\/uploads\/sites\/37\/2020\/08\/affiche_dossier_100peac-202x300.png\" alt=\"\" width=\"109\" height=\"162\" srcset=\"https:\/\/www.pedagogie.ac-nice.fr\/daac\/wp-content\/uploads\/sites\/37\/2020\/08\/affiche_dossier_100peac-202x300.png 202w, https:\/\/www.pedagogie.ac-nice.fr\/daac\/wp-content\/uploads\/sites\/37\/2020\/08\/affiche_dossier_100peac.png 370w\" sizes=\"(max-width: 109px) 100vw, 109px\" \/><\/a>En tant que composante de la formation g\u00e9n\u00e9rale dispens\u00e9e \u00e0 tous les \u00e9l\u00e8ves, l\u2019EAC est, depuis 2013, d\u00e9finie par la loi \u00e0 la fois comme une \u00e9ducation \u00e0 l\u2019art et \u00e0 la culture qui vise l\u2019acquisition et l\u2019appropriation d\u2019une culture artistique personnelle et diversifi\u00e9e mais aussi comme une \u00e9ducation par l\u2019art qui permet la formation de la personne et du citoyen.<\/p>\n<p style=\"text-align: center;\" align=\"justify\"><em><strong>L\u2019EAC repose sur trois piliers<\/strong><\/em><\/p>\n<ul style=\"list-style-type: disc;\">\n<li>les enseignements artistiques<\/li>\n<li>les rencontres avec les artistes et les \u0153uvres<\/li>\n<li>les pratiques artistiques et culturelles<\/li>\n<\/ul>\n<p><!--more--><\/p>\n<p style=\"text-align: justify;\">Politique interminist\u00e9rielle, l\u2019EAC poursuit depuis 2017 un objectif commun \u00ab le&nbsp;100% EAC&nbsp;\u00bb qui s\u2019inscrit dans la logique de toutes les politiques publiques d\u2019\u00e9ducation artistique et culturelle depuis les ann\u00e9es 1980, afin de permettre un \u00e9gal acc\u00e8s \u00e0 la culture de tous.<\/p>\n<p style=\"text-align: center;\"><span style=\"font-size: 10pt;\"><b><em>Le 100&nbsp;% EAC repose sur&nbsp;des engagements partag\u00e9s<\/em><\/b><\/span><\/p>\n<p style=\"text-align: justify;\">De nombreuses collectivit\u00e9s conventionnent avec la DAAC de l\u2019Acad\u00e9mie de Nice et la DRAC pour mettre en place le 100% EAC sur leur territoire. Ces offres territoriales viennent enrichir le parcours des \u00e9l\u00e8ves et renforcent notre politique de travail en r\u00e9seaux et en p\u00f4les&nbsp;: livre et m\u00e9diath\u00e8ques, r\u00e9seau Culture Sciences, p\u00f4le cin\u00e9ma et audiovisuel, r\u00e9seau des mus\u00e9es, archives, patrimoines\u2026<\/p>\n<p style=\"text-align: justify;\" align=\"justify\">Les actions ainsi men\u00e9es dans tous les champs de l\u2019\u00e9ducation artistique et culturelle de l\u2019\u00e9chelle locale \u00e0 l\u2019\u00e9chelle internationale ouvrent <b>la possibilit\u00e9 pour chaque \u00e9l\u00e8ve, tout au long de son cursus, de construire son identit\u00e9 culturelle \u00e0 travers son parcours personnel<\/b>.<\/p>\n<p style=\"text-align: center;\" align=\"justify\"><span style=\"font-size: 10pt;\"><em><strong>L\u2019EAC, un champ d\u2019exp\u00e9rimentation et d\u2019innovation p\u00e9dagogiques<\/strong><\/em><\/span><\/p>\n<p style=\"text-align: justify;\" align=\"justify\">L\u2019EAC interroge et anticipe les nouvelles modalit\u00e9s de transmission du savoir (interdisciplinarit\u00e9, d\u00e9cloisonnement). Elle cr\u00e9e des liens entre les disciplines dans un temps long (ann\u00e9e scolaire ou cycle complet). Elle s\u2019appuie sur un r\u00e9f\u00e9rentiel de comp\u00e9tences transversales de l\u2019EAC fond\u00e9 sur un enrichissement progressif et continu des comp\u00e9tences des \u00e9l\u00e8ves. Enfin, l\u2019EAC permet de cr\u00e9er des nouvelles dynamiques entre la culture scientifique, la technique et les arts (sciences et cin\u00e9ma, culture et num\u00e9rique) mais aussi des p\u00f4les de ressources (PREAC) pour tous les acteurs de la culture<span style=\"font-family: Times New Roman, serif;\">.<\/span><\/p>\n<p style=\"text-align: center;\" align=\"justify\"><i><b>L\u2019EAC, c\u2019est aussi un formidable vecteur d\u2019ouverture internationale<\/b><\/i><\/p>\n<p style=\"text-align: justify;\" align=\"justify\">Au-del\u00e0 de notre acad\u00e9mie, un r\u00e9seau culturel transfrontalier se constitue autour de trois axes forts :<\/p>\n<ul style=\"list-style-type: square;\">\n<li style=\"text-align: justify;\">les cultures m\u00e9diterran\u00e9ennes,<\/li>\n<li style=\"text-align: justify;\">la culture scientifique et l\u2019arch\u00e9ologie,<\/li>\n<li style=\"text-align: justify;\">les grandes routes artistiques europ\u00e9ennes.<\/li>\n<\/ul>\n<p style=\"text-align: justify;\" align=\"justify\"><b>Le 100% EAC, c\u2019est l\u2019ensemble de toutes ces volont\u00e9s de toutes ces impulsions qui, \u00e0 toutes les \u00e9chelles, permettent \u00e0 tous nos enfants de la maternelle \u00e0 l\u2019universit\u00e9, en temps scolaire comme dans leur temps libre, de vivre pleinement la culture.<\/b><\/p>\n<\/div>\n<p align=\"justify\"><span style=\"color: #ff00ff;\">Pour aller plus loin : territoires 100% EAC dans l&rsquo;Acad\u00e9mie de Nice<\/span><\/p>\n<p style=\"text-align: center;\" align=\"justify\"><a href=\"https:\/\/www.pedagogie.ac-nice.fr\/daac\/100-peac\/\" target=\"_blank\" rel=\"attachment noopener wp-att-221 noreferrer\"><img loading=\"lazy\" decoding=\"async\" class=\"alignnone wp-image-221\" src=\"https:\/\/www.pedagogie.ac-nice.fr\/daac\/wp-content\/uploads\/sites\/37\/2020\/08\/terriroires.jpg\" alt=\"\" width=\"130\" height=\"120\"><\/a><\/p>\n<\/div>\n<p>[\/et_pb_text][\/et_pb_column][\/et_pb_row][\/et_pb_section]<\/p>\n","protected":false},"excerpt":{"rendered":"<p>En tant que composante de la formation g\u00e9n\u00e9rale dispens\u00e9e \u00e0 tous les \u00e9l\u00e8ves, l\u2019EAC est, depuis 2013, d\u00e9finie par la loi \u00e0 la fois comme une \u00e9ducation \u00e0 l\u2019art et \u00e0 la culture qui vise l\u2019acquisition et l\u2019appropriation d\u2019une culture artistique personnelle et diversifi\u00e9e mais aussi comme une \u00e9ducation par l\u2019art qui permet la formation [&hellip;]<\/p>\n","protected":false},"author":241,"featured_media":0,"parent":0,"menu_order":0,"comment_status":"closed","ping_status":"closed","template":"","meta":{"_et_pb_use_builder":"on","_et_pb_old_content":"<div class=\"entry-content\"><div><p style=\"text-align: justify;\"><a href=\"https:\/\/cache.media.eduscol.education.fr\/file\/Art_culture_sport\/74\/5\/Feuille_de_route_2020_EAC_1247745.pdf\" target=\"_blank\" rel=\"attachment noopener wp-att-301 noreferrer\"><img class=\" wp-image-301 aligncenter\" src=\"https:\/\/www.pedagogie.ac-nice.fr\/daac\/wp-content\/uploads\/sites\/37\/2020\/08\/affiche_dossier_100peac-202x300.png\" alt=\"\" width=\"109\" height=\"162\"><\/a>En tant que composante de la formation g\u00e9n\u00e9rale dispens\u00e9e \u00e0 tous les \u00e9l\u00e8ves, l\u2019EAC est, depuis 2013, d\u00e9finie par la loi \u00e0 la fois comme une \u00e9ducation \u00e0 l\u2019art et \u00e0 la culture qui vise l\u2019acquisition et l\u2019appropriation d\u2019une culture artistique personnelle et diversifi\u00e9e mais aussi comme une \u00e9ducation par l\u2019art qui permet la formation de la personne et du citoyen.<\/p><p style=\"text-align: center;\" align=\"justify\"><em><strong>L\u2019EAC repose sur trois piliers<\/strong><\/em><\/p><ul style=\"list-style-type: disc;\"><li>les enseignements artistiques<\/li><li>les rencontres avec les artistes et les \u0153uvres<\/li><li>les pratiques artistiques et culturelles<\/li><\/ul><p><!--more--><\/p><p style=\"text-align: justify;\">Politique interminist\u00e9rielle, l\u2019EAC poursuit depuis 2017 un objectif commun \u00ab le\u00a0100% EAC\u00a0\u00bb qui s\u2019inscrit dans la logique de toutes les politiques publiques d\u2019\u00e9ducation artistique et culturelle depuis les ann\u00e9es 1980, afin de permettre un \u00e9gal acc\u00e8s \u00e0 la culture de tous.<\/p><p style=\"text-align: center;\"><span style=\"font-size: 10pt;\"><b><em>Le 100\u00a0% EAC repose sur\u00a0des engagements partag\u00e9s<\/em><\/b><\/span><\/p><p style=\"text-align: justify;\">De nombreuses collectivit\u00e9s conventionnent avec la DAAC de l\u2019Acad\u00e9mie de Nice et la DRAC pour mettre en place le 100% EAC sur leur territoire. Ces offres territoriales viennent enrichir le parcours des \u00e9l\u00e8ves et renforcent notre politique de travail en r\u00e9seaux et en p\u00f4les\u00a0: livre et m\u00e9diath\u00e8ques, r\u00e9seau Culture Sciences, p\u00f4le cin\u00e9ma et audiovisuel, r\u00e9seau des mus\u00e9es, archives, patrimoines\u2026<\/p><p style=\"text-align: justify;\" align=\"justify\">Les actions ainsi men\u00e9es dans tous les champs de l\u2019\u00e9ducation artistique et culturelle de l\u2019\u00e9chelle locale \u00e0 l\u2019\u00e9chelle internationale ouvrent <b>la possibilit\u00e9 pour chaque \u00e9l\u00e8ve, tout au long de son cursus, de construire son identit\u00e9 culturelle \u00e0 travers son parcours personnel<\/b>.<\/p><p style=\"text-align: center;\" align=\"justify\"><span style=\"font-size: 10pt;\"><em><strong>L\u2019EAC, un champ d\u2019exp\u00e9rimentation et d\u2019innovation p\u00e9dagogiques<\/strong><\/em><\/span><\/p><p style=\"text-align: justify;\" align=\"justify\">L\u2019EAC interroge et anticipe les nouvelles modalit\u00e9s de transmission du savoir (interdisciplinarit\u00e9, d\u00e9cloisonnement). Elle cr\u00e9e des liens entre les disciplines dans un temps long (ann\u00e9e scolaire ou cycle complet). Elle s\u2019appuie sur un r\u00e9f\u00e9rentiel de comp\u00e9tences transversales de l\u2019EAC fond\u00e9 sur un enrichissement progressif et continu des comp\u00e9tences des \u00e9l\u00e8ves. Enfin, l\u2019EAC permet de cr\u00e9er des nouvelles dynamiques entre la culture scientifique, la technique et les arts (sciences et cin\u00e9ma, culture et num\u00e9rique) mais aussi des p\u00f4les de ressources (PREAC) pour tous les acteurs de la culture<span style=\"font-family: Times New Roman, serif;\">.<\/span><\/p><p style=\"text-align: center;\" align=\"justify\"><i><b>L\u2019EAC, c\u2019est aussi un formidable vecteur d\u2019ouverture internationale<\/b><\/i><\/p><p style=\"text-align: justify;\" align=\"justify\">Au-del\u00e0 de notre acad\u00e9mie, un r\u00e9seau culturel transfrontalier se constitue autour de trois axes forts :<\/p><ul style=\"list-style-type: square;\"><li style=\"text-align: justify;\">les cultures m\u00e9diterran\u00e9ennes,<\/li><li style=\"text-align: justify;\">la culture scientifique et l\u2019arch\u00e9ologie,<\/li><li style=\"text-align: justify;\">les grandes routes artistiques europ\u00e9ennes.<\/li><\/ul><p style=\"text-align: justify;\" align=\"justify\"><b>Le 100% EAC, c\u2019est l\u2019ensemble de toutes ces volont\u00e9s de toutes ces impulsions qui, \u00e0 toutes les \u00e9chelles, permettent \u00e0 tous nos enfants de la maternelle \u00e0 l\u2019universit\u00e9, en temps scolaire comme dans leur temps libre, de vivre pleinement la culture.<\/b><\/p><\/div><p align=\"justify\"><span style=\"color: #ff00ff;\">Pour aller plus loin : territoires 100% EAC dans l'Acad\u00e9mie de Nice<\/span><\/p><p style=\"text-align: center;\" align=\"justify\"><a href=\"https:\/\/www.pedagogie.ac-nice.fr\/daac\/100-peac\/\" target=\"_blank\" rel=\"attachment noopener wp-att-221 noreferrer\"><img class=\"alignnone wp-image-221\" src=\"https:\/\/www.pedagogie.ac-nice.fr\/daac\/wp-content\/uploads\/sites\/37\/2020\/08\/terriroires.jpg\" alt=\"\" width=\"130\" height=\"120\"><\/a><\/p><\/div>","_et_gb_content_width":"","ngg_post_thumbnail":0,"footnotes":""},"class_list":["post-287","page","type-page","status-publish","hentry"],"rttpg_featured_image_url":null,"rttpg_author":{"display_name":"daacadmin","author_link":"https:\/\/www.pedagogie.ac-nice.fr\/daac\/author\/daacadmin\/"},"rttpg_comment":0,"rttpg_category":null,"rttpg_excerpt":"En tant que composante de la formation g\u00e9n\u00e9rale dispens\u00e9e \u00e0 tous les \u00e9l\u00e8ves, l\u2019EAC est, depuis 2013, d\u00e9finie par la loi \u00e0 la fois comme une \u00e9ducation \u00e0 l\u2019art et \u00e0 la culture qui vise l\u2019acquisition et l\u2019appropriation d\u2019une culture artistique personnelle et diversifi\u00e9e mais aussi comme une \u00e9ducation par l\u2019art qui permet la formation\u2026","post_mailing_queue_ids":[],"_links":{"self":[{"href":"https:\/\/www.pedagogie.ac-nice.fr\/daac\/wp-json\/wp\/v2\/pages\/287","targetHints":{"allow":["GET"]}}],"collection":[{"href":"https:\/\/www.pedagogie.ac-nice.fr\/daac\/wp-json\/wp\/v2\/pages"}],"about":[{"href":"https:\/\/www.pedagogie.ac-nice.fr\/daac\/wp-json\/wp\/v2\/types\/page"}],"author":[{"embeddable":true,"href":"https:\/\/www.pedagogie.ac-nice.fr\/daac\/wp-json\/wp\/v2\/users\/241"}],"replies":[{"embeddable":true,"href":"https:\/\/www.pedagogie.ac-nice.fr\/daac\/wp-json\/wp\/v2\/comments?post=287"}],"version-history":[{"count":18,"href":"https:\/\/www.pedagogie.ac-nice.fr\/daac\/wp-json\/wp\/v2\/pages\/287\/revisions"}],"predecessor-version":[{"id":4105,"href":"https:\/\/www.pedagogie.ac-nice.fr\/daac\/wp-json\/wp\/v2\/pages\/287\/revisions\/4105"}],"wp:attachment":[{"href":"https:\/\/www.pedagogie.ac-nice.fr\/daac\/wp-json\/wp\/v2\/media?parent=287"}],"curies":[{"name":"wp","href":"https:\/\/api.w.org\/{rel}","templated":true}]}}