{"id":2915,"date":"2021-04-30T11:52:20","date_gmt":"2021-04-30T09:52:20","guid":{"rendered":"https:\/\/www.pedagogie.ac-nice.fr\/daac\/?page_id=2915"},"modified":"2023-02-21T15:26:44","modified_gmt":"2023-02-21T14:26:44","slug":"prix-goncourt-des-lycees","status":"publish","type":"page","link":"https:\/\/www.pedagogie.ac-nice.fr\/daac\/prix-goncourt-des-lycees\/","title":{"rendered":"Prix Goncourt des Lyc\u00e9ens"},"content":{"rendered":"<p>[et_pb_section fb_built=\u00a0\u00bb1&Prime; _builder_version=\u00a0\u00bb3.22&Prime; global_colors_info=\u00a0\u00bb{}\u00a0\u00bb][et_pb_row column_structure=\u00a0\u00bb2_5,3_5&Prime; _builder_version=\u00a0\u00bb4.10.7&Prime; _module_preset=\u00a0\u00bbdefault\u00a0\u00bb width=\u00a0\u00bb98.4%\u00a0\u00bb custom_margin=\u00a0\u00bb|60px||auto||\u00a0\u00bb custom_padding=\u00a0\u00bb18px|||||\u00a0\u00bb global_colors_info=\u00a0\u00bb{}\u00a0\u00bb][et_pb_column type=\u00a0\u00bb2_5&Prime; _builder_version=\u00a0\u00bb4.10.7&Prime; _module_preset=\u00a0\u00bbdefault\u00a0\u00bb global_colors_info=\u00a0\u00bb{}\u00a0\u00bb][et_pb_text admin_label=\u00a0\u00bblogo livre\u00a0\u00bb _builder_version=\u00a0\u00bb4.10.7&Prime; _module_preset=\u00a0\u00bbdefault\u00a0\u00bb custom_padding=\u00a0\u00bb|||29px||\u00a0\u00bb global_colors_info=\u00a0\u00bb{}\u00a0\u00bb]<\/p>\n<p><a href=\"https:\/\/www.pedagogie.ac-nice.fr\/daac\/domaine-reseau-du-livre\/\" target=\"_blank\" rel=\"noopener\"><img loading=\"lazy\" decoding=\"async\" class=\"aligncenter wp-image-5927 size-full\" src=\"https:\/\/www.pedagogie.ac-nice.fr\/daac\/wp-content\/uploads\/sites\/37\/2021\/09\/reseau_livre.png\" alt=\"\" width=\"350\" height=\"218\" srcset=\"https:\/\/www.pedagogie.ac-nice.fr\/daac\/wp-content\/uploads\/sites\/37\/2021\/09\/reseau_livre.png 350w, https:\/\/www.pedagogie.ac-nice.fr\/daac\/wp-content\/uploads\/sites\/37\/2021\/09\/reseau_livre-300x187.png 300w\" sizes=\"(max-width: 350px) 100vw, 350px\" \/><\/a><\/p>\n<p>[\/et_pb_text][et_pb_text admin_label=\u00a0\u00bblogo Goncourt\u00a0\u00bb _builder_version=\u00a0\u00bb4.10.7&Prime; _module_preset=\u00a0\u00bbdefault\u00a0\u00bb custom_padding=\u00a0\u00bb|||32px||\u00a0\u00bb global_colors_info=\u00a0\u00bb{}\u00a0\u00bb]<\/p>\n<p><img loading=\"lazy\" decoding=\"async\" class=\"alignnone size-full wp-image-2945 aligncenter\" src=\"https:\/\/www.pedagogie.ac-nice.fr\/daac\/wp-content\/uploads\/sites\/37\/2021\/04\/goncourtdeslyceenslogo.jpg\" alt=\"\" width=\"226\" height=\"107\" \/><\/p>\n<p>[\/et_pb_text][et_pb_text admin_label=\u00a0\u00bbcalendrier\u00a0\u00bb _builder_version=\u00a0\u00bb4.10.7&Prime; _module_preset=\u00a0\u00bbdefault\u00a0\u00bb width=\u00a0\u00bb96.1%\u00a0\u00bb custom_margin=\u00a0\u00bb|||28px||\u00a0\u00bb custom_padding=\u00a0\u00bb|16px||||\u00a0\u00bb global_colors_info=\u00a0\u00bb{}\u00a0\u00bb]<\/p>\n<p style=\"text-align: center;\"><span style=\"text-decoration: underline;\"><span style=\"font-size: 14pt;\"><strong><span style=\"color: #ff6600; text-decoration: underline;\">Calendrier&nbsp;<\/span><\/strong><\/span><\/span><\/p>\n<p><span style=\"color: #0000ff;\"><span style=\"text-decoration: underline;\"><strong>Courant Septembre 2021<\/strong><\/span> :&nbsp;<\/span><br \/><span style=\"color: #0000ff;\">&#8211; r\u00e9cup\u00e9ration d&rsquo;un premier jeu de livres dans la FNAC la plus proche.<\/span><br \/><span style=\"color: #0000ff;\">&#8211; livraison dans les \u00e9tablissements du reste de lots de livres fournis par la FNAC.&nbsp;<\/span><\/p>\n<p><span style=\"color: #0000ff;\"><strong><span style=\"text-decoration: underline;\">Novembre 2021<\/span> <\/strong>: rencontres r\u00e9gionales.&nbsp;<\/span><\/p>\n<p><span style=\"color: #0000ff;\"><strong><span style=\"text-decoration: underline;\">2 novembre 2021<\/span><\/strong> : annonce du laur\u00e9at du Goncourt par les acad\u00e9miciens.&nbsp;<\/span><\/p>\n<p><span style=\"color: #0000ff;\"><span style=\"text-decoration: underline;\"><strong>22 novembre 2021<\/strong><\/span> : d\u00e9lib\u00e9rations r\u00e9gionales.<\/span><\/p>\n<p><span style=\"color: #0000ff;\"><span style=\"text-decoration: underline;\"><strong>25 novembre 2021<\/strong><\/span> : d\u00e9lib\u00e9rations nationales.<\/span><\/p>\n<p><span style=\"color: #0000ff;\"><span style=\"text-decoration: underline;\"><strong>9 et 10 d\u00e9cembre 2021<\/strong><\/span> : rencontres nationales de Rennes.<\/span><\/p>\n<p>[\/et_pb_text][et_pb_text admin_label=\u00a0\u00bbsite officiel\u00a0\u00bb _builder_version=\u00a0\u00bb4.10.7&Prime; _module_preset=\u00a0\u00bbdefault\u00a0\u00bb min_height=\u00a0\u00bb16.4px\u00a0\u00bb custom_margin=\u00a0\u00bb70px||70px||true|\u00a0\u00bb custom_padding=\u00a0\u00bb20px|||||\u00a0\u00bb global_colors_info=\u00a0\u00bb{}\u00a0\u00bb]<\/p>\n<p style=\"text-align: center;\"><span style=\"color: #000000;\"><strong><span style=\"font-size: 14pt;\">Acc\u00e8s au site officiel<\/span><\/strong><\/span><\/p>\n<p><a href=\"https:\/\/eduscol.education.fr\/1914\/prix-goncourt-des-lyceens\" target=\"_blank\" rel=\"noopener\"><img loading=\"lazy\" decoding=\"async\" class=\"alignnone wp-image-4754 size-full aligncenter\" src=\"https:\/\/www.pedagogie.ac-nice.fr\/daac\/wp-content\/uploads\/sites\/37\/2021\/09\/puce_orange.png\" alt=\"puce_orange\" width=\"43\" height=\"43\" \/><\/a><\/p>\n<p>[\/et_pb_text][\/et_pb_column][et_pb_column type=\u00a0\u00bb3_5&Prime; _builder_version=\u00a0\u00bb4.10.7&Prime; _module_preset=\u00a0\u00bbdefault\u00a0\u00bb global_colors_info=\u00a0\u00bb{}\u00a0\u00bb][et_pb_text admin_label=\u00a0\u00bbGoncourt Lyc\u00e9ens\u00a0\u00bb _builder_version=\u00a0\u00bb4.10.7&Prime; _module_preset=\u00a0\u00bbdefault\u00a0\u00bb width=\u00a0\u00bb100%\u00a0\u00bb custom_padding=\u00a0\u00bb|0px||0px||\u00a0\u00bb global_colors_info=\u00a0\u00bb{}\u00a0\u00bb]<\/p>\n<p style=\"text-align: center;\"><span style=\"font-size: 18pt; color: #ff6600;\"><strong>Prix Goncourt des Lyc\u00e9ens<\/strong><\/span><\/p>\n<p style=\"text-align: justify;\"><span style=\"color: #000000;\">L\u2019acad\u00e9mie Goncourt a d\u00e9voil\u00e9 sa s\u00e9lection, le Goncourt des lyc\u00e9ens 2021 a officiellement d\u00e9but\u00e9 !<\/span><\/p>\n<p style=\"text-align: justify;\"><span style=\"color: #000000;\"><strong><em>Les 14 romans qui composent la liste du prix sont :<\/em><\/strong><\/span><\/p>\n<ul style=\"text-align: justify;\">\n<li><span style=\"color: #000000;\"><strong><em>Le Voyage dans l&rsquo;Est<\/em><\/strong>, Christine ANGOT, Flammarion<\/span><\/li>\n<li><span style=\"color: #000000;\"><strong><em>La carte postale<\/em><\/strong>, Anne BEREST, Grasset<\/span><\/li>\n<li><span style=\"color: #000000;\"><strong><em>Milwaukee Blues<\/em><\/strong>, Louis-Philippe DALEMBERT, Sabine Wespieser<\/span><\/li>\n<li><span style=\"color: #000000;\"><strong><em>L\u2019\u00e9ternel fianc\u00e9<\/em><\/strong>, Agn\u00e8s DESARTHE, L\u2019Olivier<\/span><\/li>\n<li><span style=\"color: #000000;\"><strong><em>S\u2019adapter<\/em><\/strong>, Clara DUPONT-MONOD, Stock<\/span><\/li>\n<li><span style=\"color: #000000;\"><strong><em>Parle tout bas<\/em><\/strong>, Elsa FOTTORINO, Mercure de France<\/span><\/li>\n<li><span style=\"color: #000000;\"><strong><em>S\u2019il n\u2019en reste qu\u2019une<\/em><\/strong>, Patrice FRANCESCHI, Grasset<\/span><\/li>\n<li><span style=\"color: #000000;\"><strong><em>Soleil Amer<\/em><\/strong>, Lilia HASSAINE, Gallimard<\/span><\/li>\n<li><span style=\"color: #000000;\"><strong><em>Au printemps des monstres<\/em><\/strong>, Philippe JAENADA, Mialet-Barrault<\/span><\/li>\n<li><span style=\"color: #000000;\"><strong><em>Les enfants de Cadillac<\/em><\/strong>, Fran\u00e7ois NOUDELMANN, Gallimard<\/span><\/li>\n<li><span style=\"color: #000000;\"><strong><em>Feu<\/em><\/strong>, Maria POURCHET, Fayard<\/span><\/li>\n<li><span style=\"color: #000000;\"><strong><em>Le voyant d\u2019\u00c9tampes<\/em><\/strong>, Abel QUENTIN, L\u2019Observatoire<\/span><\/li>\n<li><span style=\"color: #000000;\"><strong><em>La plus secr\u00e8te m\u00e9moire des hommes<\/em><\/strong>, Mohammed Mbougar SARR, Philippe Rey<\/span><\/li>\n<li><span style=\"color: #000000;\"><strong><em>La fille qu\u2019on appelle<\/em><\/strong>, Tanguy VIEL, \u00c9ditions de Minuit<\/span><\/li>\n<\/ul>\n<p style=\"text-align: justify;\"><span style=\"color: #000000;\"><strong>Les acad\u00e9miciens ont \u00e9galement retenu Sorj CHALANDON<\/strong>&nbsp;pour<em>&nbsp;<\/em><em>Enfants de salaud&nbsp;<\/em>chez Grasset&nbsp;et&nbsp;<strong>David&nbsp;<\/strong><strong>DIOP<\/strong>&nbsp;pour&nbsp;<em>La porte du voyage sans retour&nbsp;<\/em>chez Seuil.&nbsp;Sorj CHALANDON et David&nbsp;DIOP ont \u00e9t\u00e9 laur\u00e9at du Goncourt des Lyc\u00e9ens, respectivement en 2013 (<em>Le&nbsp;quatri\u00e8me mur&nbsp;<\/em>chez Grasset<em>)<\/em>&nbsp;et en 2018 (<em>Fr\u00e8re d\u2019\u00e2me&nbsp;<\/em>chez Seuil).&nbsp;<\/span><\/p>\n<p style=\"text-align: center;\"><span style=\"color: #ff6600;\"><strong>Ils ne peuvent donc pas figurer sur la liste Goncourt des Lyc\u00e9ens 2021.<\/strong><\/span><\/p>\n<p>[\/et_pb_text][et_pb_divider _builder_version=\u00a0\u00bb4.10.7&Prime; _module_preset=\u00a0\u00bbdefault\u00a0\u00bb custom_margin=\u00a0\u00bb|||-345px||\u00a0\u00bb custom_padding=\u00a0\u00bb0px|||1px||\u00a0\u00bb global_colors_info=\u00a0\u00bb{}\u00a0\u00bb][\/et_pb_divider][et_pb_text admin_label=\u00a0\u00bbGoncourt Lyc\u00e9ens c&rsquo;est quoi ?\u00a0\u00bb _builder_version=\u00a0\u00bb4.10.7&Prime; _module_preset=\u00a0\u00bbdefault\u00a0\u00bb min_height=\u00a0\u00bb381.2px\u00a0\u00bb custom_margin=\u00a0\u00bb-33px|||||\u00a0\u00bb custom_padding=\u00a0\u00bb0px|||||\u00a0\u00bb global_colors_info=\u00a0\u00bb{}\u00a0\u00bb]<\/p>\n<p style=\"text-align: justify;\"><span style=\"color: #0000ff;\">Ce prix, permet aux \u00e9l\u00e8ves d&rsquo;une cinquantaine de classes de d\u00e9couvrir et lire l&rsquo;int\u00e9gralit\u00e9 des romans de la rentr\u00e9e litt\u00e9raire figurant dans la s\u00e9lection de l&rsquo;Acad\u00e9mie Goncourt.<\/span><\/p>\n<p style=\"text-align: justify;\"><span style=\"color: #0000ff;\">L&rsquo;op\u00e9ration ne se limite pas \u00e0 l&rsquo;attribution d&rsquo;un prix mais elle cherche \u00e0 \u00e9veiller et \u00e0 entretenir chez les lyc\u00e9ens un int\u00e9r\u00eat pour la litt\u00e9rature contemporaine et \u00e0 stimuler leur capacit\u00e9 \u00e0 \u00e9mettre un jugement critique sur une \u0153uvre ainsi qu&rsquo;\u00e0 confronter leur point de vue avec celui de leurs pairs.<\/span><\/p>\n<p style=\"text-align: justify;\"><span style=\"color: #0000ff;\">Ce prix met tout particuli\u00e8rement l&rsquo;accent sur l&rsquo;engagement des lyc\u00e9ens en tant qu&rsquo;acteurs et membres de jury dans le processus de choix du roman laur\u00e9at.<\/span><\/p>\n<p style=\"text-align: justify;\"><span style=\"color: #0000ff;\">Il permet de<strong>\u00a0lier le travail sur la langue et la d\u00e9couverte de la litt\u00e9rature fran\u00e7aise au plaisir de lire, au contact direct avec la cr\u00e9ation romanesque d&rsquo;aujourd&rsquo;hui et \u00e0 l&rsquo;\u00e9change argumentatif<\/strong>.<\/span><\/p>\n<p>[\/et_pb_text][\/et_pb_column][\/et_pb_row][\/et_pb_section]<\/p>\n","protected":false},"excerpt":{"rendered":"<p>Calendrier&nbsp; Courant Septembre 2021 :&nbsp;&#8211; r\u00e9cup\u00e9ration d&rsquo;un premier jeu de livres dans la FNAC la plus proche.- livraison dans les \u00e9tablissements du reste de lots de livres fournis par la FNAC.&nbsp; Novembre 2021 : rencontres r\u00e9gionales.&nbsp; 2 novembre 2021 : annonce du laur\u00e9at du Goncourt par les acad\u00e9miciens.&nbsp; 22 novembre 2021 : d\u00e9lib\u00e9rations r\u00e9gionales. 25 [&hellip;]<\/p>\n","protected":false},"author":241,"featured_media":0,"parent":0,"menu_order":0,"comment_status":"closed","ping_status":"closed","template":"","meta":{"_et_pb_use_builder":"on","_et_pb_old_content":"<p style=\"text-align: justify;\"><span style=\"color: #0000ff;\"><strong>Le Prix Goncourt des lyc\u00e9ens est d\u00e9cern\u00e9 par les lyc\u00e9ens eux-m\u00eames.<\/strong>\u00a0<\/span><\/p><p><img class=\"alignnone size-full wp-image-2945 aligncenter\" src=\"https:\/\/www.pedagogie.ac-nice.fr\/daac\/wp-content\/uploads\/sites\/37\/2021\/04\/goncourtdeslyceenslogo.jpg\" alt=\"\" width=\"300\" height=\"142\"><\/p><p style=\"text-align: justify;\"><span style=\"color: #0000ff;\">Ce prix, permet aux \u00e9l\u00e8ves d'une cinquantaine de classes de d\u00e9couvrir et lire l'int\u00e9gralit\u00e9 des romans de la rentr\u00e9e litt\u00e9raire figurant dans la s\u00e9lection de l'Acad\u00e9mie Goncourt.<\/span><\/p><p style=\"text-align: justify;\"><span style=\"color: #0000ff;\">L'op\u00e9ration ne se limite pas \u00e0 l'attribution d'un prix mais elle cherche \u00e0 \u00e9veiller et \u00e0 entretenir chez les lyc\u00e9ens un int\u00e9r\u00eat pour la litt\u00e9rature contemporaine et \u00e0 stimuler leur capacit\u00e9 \u00e0 \u00e9mettre un jugement critique sur une \u0153uvre ainsi qu'\u00e0 confronter leur point de vue avec celui de leurs pairs.<\/span><\/p><p style=\"text-align: justify;\"><span style=\"color: #0000ff;\">Ce prix met tout particuli\u00e8rement l'accent sur l'engagement des lyc\u00e9ens en tant qu'acteurs et membres de jury dans le processus de choix du roman laur\u00e9at.<\/span><\/p><p style=\"text-align: justify;\"><span style=\"color: #0000ff;\">Il permet de<strong>\u00a0lier le travail sur la langue et la d\u00e9couverte de la litt\u00e9rature fran\u00e7aise au plaisir de lire, au contact direct avec la cr\u00e9ation romanesque d'aujourd'hui et \u00e0 l'\u00e9change argumentatif<\/strong>.<\/span><\/p><p style=\"text-align: justify;\"><span style=\"color: #0000ff;\">Les \u00e9quipes des lyc\u00e9es et des lyc\u00e9es professionnels pourront candidater au Prix Goncourt des Lyc\u00e9es\u00a0 selon ce calendrier :<\/span><\/p><p><span style=\"color: #0000ff;\">Saisie des candidatures \u00e0 partir de lundi 3 mai.<\/span><br><span style=\"color: #0000ff;\">La <strong>d\u00e9marche simplifi\u00e9e<\/strong> est accessible ici :\u00a0 <a href=\"https:\/\/www.demarches-simplifiees.fr\/commencer\/appel-a-candidatures-prix-goncourt-des-lyceens\" target=\"_blank\" rel=\"noopener\"><img class=\"alignnone wp-image-1499\" src=\"https:\/\/www.pedagogie.ac-nice.fr\/daac\/wp-content\/uploads\/sites\/37\/2020\/12\/puce_rose.jpg\" alt=\"\" width=\"62\" height=\"50\"><\/a><\/span><\/p><p style=\"text-align: center;\"><span style=\"color: #0000ff;\"><br><\/span><strong><span style=\"color: #0000ff;\">Calendrier pr\u00e9visionnel<\/span><\/strong><\/p><p><strong><span style=\"color: #ff00ff;\"><span style=\"text-decoration: underline;\">3 mai 2021 <\/span>: ouverture de l'appel \u00e0 candidatures.\u00a0<\/span><\/strong><\/p><p><span style=\"color: #ff00ff;\"><span style=\"text-decoration: underline;\"><strong>6 juin 2021<\/strong><\/span> :<strong> cl\u00f4ture de l'appel \u00e0 candidatures.<\/strong><\/span><\/p><p style=\"text-align: justify;\"><span style=\"color: #0000ff;\"><span style=\"text-decoration: underline;\"><strong>15-21 juin 2021<\/strong> <\/span>: les candidatures sont soumises \u00e0 la DAAC pour une premi\u00e8re s\u00e9lection ; puis aux partenaires du prix pour la s\u00e9lection finale.\u00a0<\/span><\/p><p><span style=\"color: #0000ff;\"><span style=\"text-decoration: underline;\"><strong>A partir du 22 juin<\/strong><\/span> :\u00a0 communication aux lyc\u00e9es candidats.<\/span><\/p><p><span style=\"color: #0000ff;\"><span style=\"text-decoration: underline;\"><strong>Du 25 juin au 15 septembre 2021<\/strong><\/span> :\u00a0 formation des enseignants par visio-conf\u00e9rence.<\/span><\/p><p><span style=\"color: #0000ff;\"><span style=\"text-decoration: underline;\"><strong>Du 2 au 7 septembre 2021<\/strong><\/span> : annonce de la s\u00e9lection du Goncourt par les acad\u00e9miciens de l'Acad\u00e9mie Goncourt.\u00a0<\/span><\/p><p><span style=\"color: #0000ff;\"><span style=\"text-decoration: underline;\"><strong>Courant Septembre 2021<\/strong><\/span> :\u00a0<\/span><br><span style=\"color: #0000ff;\">- r\u00e9cup\u00e9ration d'un premier jeu de livres dans la FNAC la plus proche.<\/span><br><span style=\"color: #0000ff;\">- livraison dans les \u00e9tablissements du reste de lots de livres fournis par la FNAC.\u00a0<\/span><\/p><p><span style=\"color: #0000ff;\"><strong><span style=\"text-decoration: underline;\">Novembre 2021<\/span> <\/strong>: rencontres r\u00e9gionales.\u00a0<\/span><\/p><p><span style=\"color: #0000ff;\"><strong><span style=\"text-decoration: underline;\">2 novembre 2021<\/span><\/strong> : annonce du laur\u00e9at du Goncourt par les acad\u00e9miciens.\u00a0<\/span><\/p><p><span style=\"color: #0000ff;\"><span style=\"text-decoration: underline;\"><strong>22 novembre 2021<\/strong><\/span> : d\u00e9lib\u00e9rations r\u00e9gionales.<\/span><\/p><p><span style=\"color: #0000ff;\"><span style=\"text-decoration: underline;\"><strong>25 novembre 2021<\/strong><\/span> : d\u00e9lib\u00e9rations nationales.<\/span><\/p><p><span style=\"color: #0000ff;\"><span style=\"text-decoration: underline;\"><strong>9 et 10 d\u00e9cembre 2021<\/strong><\/span> : rencontres nationales de Rennes.<\/span><\/p><blockquote><p class=\"v1MsoNormal\"><strong><span style=\"font-size: 12pt;\"><em><span style=\"color: #ff00ff;\">Toutes les informations sur le site officiel : <a href=\"https:\/\/eduscol.education.fr\/1914\/prix-goncourt-des-lyceens\" target=\"_blank\" rel=\"noopener\"><img class=\"alignnone wp-image-1499\" src=\"https:\/\/www.pedagogie.ac-nice.fr\/daac\/wp-content\/uploads\/sites\/37\/2020\/12\/puce_rose.jpg\" alt=\"\" width=\"53\" height=\"43\"><\/a><\/span><\/em><\/span><\/strong><\/p><p>\u00a0<\/p><\/blockquote>","_et_gb_content_width":"","ngg_post_thumbnail":0,"footnotes":""},"class_list":["post-2915","page","type-page","status-publish","hentry"],"rttpg_featured_image_url":null,"rttpg_author":{"display_name":"daacadmin","author_link":"https:\/\/www.pedagogie.ac-nice.fr\/daac\/author\/daacadmin\/"},"rttpg_comment":0,"rttpg_category":null,"rttpg_excerpt":"Calendrier&nbsp; Courant Septembre 2021 :&nbsp;- r\u00e9cup\u00e9ration d'un premier jeu de livres dans la FNAC la plus proche.- livraison dans les \u00e9tablissements du reste de lots de livres fournis par la FNAC.&nbsp; Novembre 2021 : rencontres r\u00e9gionales.&nbsp; 2 novembre 2021 : annonce du laur\u00e9at du Goncourt par les acad\u00e9miciens.&nbsp; 22 novembre 2021 : d\u00e9lib\u00e9rations r\u00e9gionales. 25\u2026","post_mailing_queue_ids":[],"_links":{"self":[{"href":"https:\/\/www.pedagogie.ac-nice.fr\/daac\/wp-json\/wp\/v2\/pages\/2915","targetHints":{"allow":["GET"]}}],"collection":[{"href":"https:\/\/www.pedagogie.ac-nice.fr\/daac\/wp-json\/wp\/v2\/pages"}],"about":[{"href":"https:\/\/www.pedagogie.ac-nice.fr\/daac\/wp-json\/wp\/v2\/types\/page"}],"author":[{"embeddable":true,"href":"https:\/\/www.pedagogie.ac-nice.fr\/daac\/wp-json\/wp\/v2\/users\/241"}],"replies":[{"embeddable":true,"href":"https:\/\/www.pedagogie.ac-nice.fr\/daac\/wp-json\/wp\/v2\/comments?post=2915"}],"version-history":[{"count":23,"href":"https:\/\/www.pedagogie.ac-nice.fr\/daac\/wp-json\/wp\/v2\/pages\/2915\/revisions"}],"predecessor-version":[{"id":14674,"href":"https:\/\/www.pedagogie.ac-nice.fr\/daac\/wp-json\/wp\/v2\/pages\/2915\/revisions\/14674"}],"wp:attachment":[{"href":"https:\/\/www.pedagogie.ac-nice.fr\/daac\/wp-json\/wp\/v2\/media?parent=2915"}],"curies":[{"name":"wp","href":"https:\/\/api.w.org\/{rel}","templated":true}]}}