{"id":325,"date":"2020-08-31T22:32:49","date_gmt":"2020-08-31T20:32:49","guid":{"rendered":"https:\/\/www.pedagogie.ac-nice.fr\/daac\/?page_id=325"},"modified":"2021-03-17T23:07:38","modified_gmt":"2021-03-17T22:07:38","slug":"le-bois","status":"publish","type":"page","link":"https:\/\/www.pedagogie.ac-nice.fr\/daac\/le-bois\/","title":{"rendered":"\u00ab Le Bois, de la mati\u00e8re \u00e0 la cr\u00e9ation \u00bb"},"content":{"rendered":"<p class=\"western\" lang=\"fr-FR\" align=\"center\"><span style=\"font-size: 18pt;\"><b><span style=\"font-size: 12pt;\">Dispositif acad\u00e9mique<br \/>\n<\/span>\u00ab <\/b><i><b>Le Bois, de la mati\u00e8re \u00e0 la cr\u00e9ation \u00bb<br \/>\n<\/b><\/i><\/span><span style=\"font-size: 10pt;\">Appel \u00e0 projet scolaire EAC 2020-2021<\/span><\/p>\n<p class=\"western\" style=\"text-align: justify;\" lang=\"fr-FR\">Le dispositif \u00ab le bois, de la mati\u00e8re \u00e0 la cr\u00e9ation \u00bb est un projet d\u2019\u00e9ducation artistique et culturelle port\u00e9 par la D\u00e9l\u00e9gation Acad\u00e9mique \u00e0 l\u2019Education Artistique et Culturelle (DAAC).<\/p>\n<p class=\"western\" style=\"text-align: justify;\" lang=\"fr-FR\">Dans le cadre de la g\u00e9n\u00e9ralisation de l\u2019objectif \u00ab 100% EAC \u00bb, il vise \u00e0 favoriser la r\u00e9alisation du parcours d\u2019Education Artistique et Culturelle par tous les \u00e9l\u00e8ves, dans tous les champs artistiques et culturels, sur tous les territoires.<\/p>\n<p class=\"western\" style=\"text-align: justify;\" lang=\"fr-FR\">Il s\u2019appuie sur un partenariat \u00e9troit avec les structures culturelles des territoires, notamment le Conseil D\u00e9partemental des Alpes-Maritimes, l\u2019Office National des For\u00eats, la Communaut\u00e9 d\u2019Agglom\u00e9ration Var Est\u00e9rel M\u00e9diterran\u00e9e, les CAUE, les parcs naturels r\u00e9gionaux et nationaux, les services des archives et des m\u00e9diath\u00e8ques.<\/p>\n<h2 class=\"western\" lang=\"fr-FR\"><u>Objectifs :<\/u><\/h2>\n<p class=\"western\" style=\"text-align: justify;\" lang=\"fr-FR\">Ce dispositif propose d\u2019\u00e9tudier l\u2019importance du bois et de son utilisation dans nos territoires. La proposition s\u2019articule autour de plusieurs dimensions :<\/p>\n<ul>\n<li>\n<p style=\"text-align: justify;\" lang=\"fr-FR\">Une <i>dimension historique et patrimoniale <\/i>pour retracer l\u2019histoire de la for\u00eat depuis la fin du Moyen \u00c2ge, de son exploitation, du d\u00e9boisement puis du reboisement, de l\u2019utilisation du bois dans la construction ou la marine, pour le mobilier ou l\u2019habitat,<\/p>\n<\/li>\n<li style=\"text-align: justify;\">\n<p lang=\"fr-FR\">Une <i>dimension scientifique et technique <\/i>pour aborder la botanique, la cartographie des espaces forestiers, la r\u00e9partition des essences, les probl\u00e9matiques des maladies, du r\u00e9chauffement climatique, la sylviculture ou encore l\u2019arch\u00e9ologie (dendrochronologie),<\/p>\n<\/li>\n<li style=\"text-align: justify;\">\n<p lang=\"fr-FR\">Enfin une <i>dimension artistique <\/i>car le bois est source de cr\u00e9ation, depuis les contes traditionnels dont il est souvent le cadre jusqu\u2019aux cr\u00e9ations les plus contemporaines, en th\u00e9\u00e2tre, dans le landart, en architecture, etc.<\/p>\n<\/li>\n<\/ul>\n<p class=\"western\" style=\"text-align: justify;\" lang=\"fr-FR\">Il cr\u00e9era aussi l\u2019opportunit\u00e9 d\u2019interroger les m\u00e9tiers li\u00e9s au bois et les fili\u00e8res qui en d\u00e9coulent. C\u2019est donc un projet f\u00e9d\u00e9rateur inter disciplinaire, ancr\u00e9 sur le territoire et les ressources.<\/p>\n<h2 class=\"western\" lang=\"fr-FR\"><u>Les modalit\u00e9s :<\/u><\/h2>\n<p>Le dispositif est mis en \u0153uvre en priorit\u00e9 sur 4 territoires avec des propositions diff\u00e9rentes sur chacun d\u2019entre eux :<\/p>\n<ul>\n<li><span style=\"color: #0000ff;\">Le projet Land Art de Saint-Etienne de Tin\u00e9e dans le cadre de la liaison Ecole-Coll\u00e8ge : toutes les informations ici<a href=\"https:\/\/www.pedagogie.ac-nice.fr\/daac\/projet-land-art-de-saint-etienne-de-tinee-06\/\" target=\"_blank\" rel=\"noopener\"><img loading=\"lazy\" decoding=\"async\" class=\"aligncenter wp-image-2615\" src=\"https:\/\/www.pedagogie.ac-nice.fr\/daac\/wp-content\/uploads\/sites\/37\/2021\/03\/icone_rodin.png\" alt=\"\" width=\"81\" height=\"81\" srcset=\"https:\/\/www.pedagogie.ac-nice.fr\/daac\/wp-content\/uploads\/sites\/37\/2021\/03\/icone_rodin.png 200w, https:\/\/www.pedagogie.ac-nice.fr\/daac\/wp-content\/uploads\/sites\/37\/2021\/03\/icone_rodin-150x150.png 150w\" sizes=\"(max-width: 81px) 100vw, 81px\" \/><\/a><br \/>\n<\/span><\/li>\n<li><span style=\"color: #0000ff;\">Les territoires des hautes vall\u00e9es du Var (autour de Puget-Th\u00e9niers) et de la V\u00e9subie autour du patrimoine, de l\u2019architecture et de la culture scientifique<br \/>\n<\/span><\/li>\n<li style=\"text-align: justify;\">\n<p lang=\"fr-FR\"><span style=\"color: #0000ff;\">Le territoire de Grasse, autour du patrimoine et de la BD<\/span><\/p>\n<\/li>\n<li style=\"text-align: justify;\">\n<p lang=\"fr-FR\"><span style=\"color: #0000ff;\">Le territoire de Fr\u00e9jus-Saint-Rapha\u00ebl, autour du th\u00e9\u00e2tre et de la culture scientifique * voir fiche ci-apr\u00e8s<\/span><\/p>\n<\/li>\n<li>\n<p style=\"text-align: justify;\" lang=\"fr-FR\"><span style=\"color: #0000ff;\">Le territoire du Golfe de Saint-Tropez, autour du patrimoine, de la culture scientifique et des arts visuels.<\/span><\/p>\n<\/li>\n<\/ul>\n<p style=\"text-align: justify;\" lang=\"fr-FR\">Il s\u2019adresse aux \u00e9l\u00e8ves du cycle 3 \u00e0 la terminale.<\/p>\n<p style=\"text-align: justify;\" lang=\"fr-FR\">Les formes finales de restitution sont laiss\u00e9es \u00e0 la libre appr\u00e9ciation des enseignants participants et pourront varier d\u2019un territoire \u00e0 l\u2019autre, d\u2019une proposition \u00e0 l\u2019autre.<\/p>\n<p lang=\"fr-FR\">Il pourra s\u2019inscrire dans le Parcours \u00e9ducation artistique et culturelle de l\u2019\u00e9l\u00e8ve, le parcours citoyen et le parcours avenir.<\/p>\n<p class=\"western\" lang=\"fr-FR\">Les projets men\u00e9s devront s\u2019appuyer sur un travail conjoint avec les structures culturelles.<\/p>\n<p class=\"western\" lang=\"fr-FR\">Les projets retenus feront l\u2019objet d\u2019un soutien de la DAAC pour leur mise en \u0153uvre et leur valorisation.<\/p>\n<p lang=\"fr-FR\">Suivez l&rsquo;actualit\u00e9 du dispositif sur <a href=\"http:\/\/www.pearltrees.com\/daac_pm_nice\/le-bois-de-la-matiere-creation\/id34069892\" target=\"_blank\" rel=\"noopener\">Pearltrees <\/a><a href=\"http:\/\/www.pearltrees.com\/daac_pm_nice\/le-bois-de-la-matiere-creation\/id34069892\" target=\"_blank\" rel=\"noopener\"><img loading=\"lazy\" decoding=\"async\" class=\"alignnone wp-image-2615\" src=\"https:\/\/www.pedagogie.ac-nice.fr\/daac\/wp-content\/uploads\/sites\/37\/2021\/03\/icone_rodin.png\" alt=\"\" width=\"65\" height=\"65\" srcset=\"https:\/\/www.pedagogie.ac-nice.fr\/daac\/wp-content\/uploads\/sites\/37\/2021\/03\/icone_rodin.png 200w, https:\/\/www.pedagogie.ac-nice.fr\/daac\/wp-content\/uploads\/sites\/37\/2021\/03\/icone_rodin-150x150.png 150w\" sizes=\"(max-width: 65px) 100vw, 65px\" \/><\/a><\/p>\n","protected":false},"excerpt":{"rendered":"<p>Dispositif acad\u00e9mique \u00ab Le Bois, de la mati\u00e8re \u00e0 la cr\u00e9ation \u00bb Appel \u00e0 projet scolaire EAC 2020-2021 Le dispositif \u00ab le bois, de la mati\u00e8re \u00e0 la cr\u00e9ation \u00bb est un projet d\u2019\u00e9ducation artistique et culturelle port\u00e9 par la D\u00e9l\u00e9gation Acad\u00e9mique \u00e0 l\u2019Education Artistique et Culturelle (DAAC). Dans le cadre de la g\u00e9n\u00e9ralisation de [&hellip;]<\/p>\n","protected":false},"author":241,"featured_media":0,"parent":0,"menu_order":1,"comment_status":"closed","ping_status":"closed","template":"","meta":{"_et_pb_use_builder":"","_et_pb_old_content":"","_et_gb_content_width":"","ngg_post_thumbnail":0,"footnotes":""},"class_list":["post-325","page","type-page","status-publish","hentry"],"rttpg_featured_image_url":null,"rttpg_author":{"display_name":"daacadmin","author_link":"https:\/\/www.pedagogie.ac-nice.fr\/daac\/author\/daacadmin\/"},"rttpg_comment":0,"rttpg_category":null,"rttpg_excerpt":"Dispositif acad\u00e9mique \u00ab Le Bois, de la mati\u00e8re \u00e0 la cr\u00e9ation \u00bb Appel \u00e0 projet scolaire EAC 2020-2021 Le dispositif \u00ab le bois, de la mati\u00e8re \u00e0 la cr\u00e9ation \u00bb est un projet d\u2019\u00e9ducation artistique et culturelle port\u00e9 par la D\u00e9l\u00e9gation Acad\u00e9mique \u00e0 l\u2019Education Artistique et Culturelle (DAAC). Dans le cadre de la g\u00e9n\u00e9ralisation de\u2026","post_mailing_queue_ids":[],"_links":{"self":[{"href":"https:\/\/www.pedagogie.ac-nice.fr\/daac\/wp-json\/wp\/v2\/pages\/325","targetHints":{"allow":["GET"]}}],"collection":[{"href":"https:\/\/www.pedagogie.ac-nice.fr\/daac\/wp-json\/wp\/v2\/pages"}],"about":[{"href":"https:\/\/www.pedagogie.ac-nice.fr\/daac\/wp-json\/wp\/v2\/types\/page"}],"author":[{"embeddable":true,"href":"https:\/\/www.pedagogie.ac-nice.fr\/daac\/wp-json\/wp\/v2\/users\/241"}],"replies":[{"embeddable":true,"href":"https:\/\/www.pedagogie.ac-nice.fr\/daac\/wp-json\/wp\/v2\/comments?post=325"}],"version-history":[{"count":9,"href":"https:\/\/www.pedagogie.ac-nice.fr\/daac\/wp-json\/wp\/v2\/pages\/325\/revisions"}],"predecessor-version":[{"id":2626,"href":"https:\/\/www.pedagogie.ac-nice.fr\/daac\/wp-json\/wp\/v2\/pages\/325\/revisions\/2626"}],"wp:attachment":[{"href":"https:\/\/www.pedagogie.ac-nice.fr\/daac\/wp-json\/wp\/v2\/media?parent=325"}],"curies":[{"name":"wp","href":"https:\/\/api.w.org\/{rel}","templated":true}]}}