{"id":3275,"date":"2021-05-17T20:03:12","date_gmt":"2021-05-17T18:03:12","guid":{"rendered":"https:\/\/www.pedagogie.ac-nice.fr\/daac\/?page_id=3275"},"modified":"2023-09-03T22:01:36","modified_gmt":"2023-09-03T20:01:36","slug":"appel-a-projets","status":"publish","type":"page","link":"https:\/\/www.pedagogie.ac-nice.fr\/daac\/appel-a-projets\/","title":{"rendered":"Appel \u00e0 projets ADAGE"},"content":{"rendered":"<p>[et_pb_section fb_built=\u00a0\u00bb1&Prime; _builder_version=\u00a0\u00bb3.22&Prime; global_colors_info=\u00a0\u00bb{}\u00a0\u00bb][et_pb_row column_structure=\u00a0\u00bb1_3,2_3&Prime; _builder_version=\u00a0\u00bb4.10.7&Prime; _module_preset=\u00a0\u00bbdefault\u00a0\u00bb global_colors_info=\u00a0\u00bb{}\u00a0\u00bb][et_pb_column type=\u00a0\u00bb1_3&Prime; _builder_version=\u00a0\u00bb4.10.7&Prime; _module_preset=\u00a0\u00bbdefault\u00a0\u00bb global_colors_info=\u00a0\u00bb{}\u00a0\u00bb][et_pb_text admin_label=\u00a0\u00bbvisuel Adage\u00a0\u00bb _builder_version=\u00a0\u00bb4.10.7&Prime; background_size=\u00a0\u00bbinitial\u00a0\u00bb background_position=\u00a0\u00bbtop_left\u00a0\u00bb background_repeat=\u00a0\u00bbrepeat\u00a0\u00bb global_colors_info=\u00a0\u00bb{}\u00a0\u00bb]<\/p>\n<p><a href=\"https:\/\/www.pedagogie.ac-nice.fr\/daac\/adage\/\" target=\"_blank\" rel=\"noopener\"><img loading=\"lazy\" decoding=\"async\" class=\" wp-image-314 aligncenter\" src=\"https:\/\/www.pedagogie.ac-nice.fr\/daac\/wp-content\/uploads\/sites\/37\/2020\/08\/visuel.png\" alt=\"Adage est la plateforme qui permet de partage et de suivre l'actualit\u00e9 des projets EAC sur le territoire\" width=\"301\" height=\"223\" srcset=\"https:\/\/www.pedagogie.ac-nice.fr\/daac\/wp-content\/uploads\/sites\/37\/2020\/08\/visuel.png 368w, https:\/\/www.pedagogie.ac-nice.fr\/daac\/wp-content\/uploads\/sites\/37\/2020\/08\/visuel-300x223.png 300w\" sizes=\"(max-width: 301px) 100vw, 301px\" \/><\/a><\/p>\n<p>[\/et_pb_text][et_pb_divider _builder_version=\u00a0\u00bb4.10.7&Prime; _module_preset=\u00a0\u00bbdefault\u00a0\u00bb global_colors_info=\u00a0\u00bb{}\u00a0\u00bb][\/et_pb_divider][et_pb_text admin_label=\u00a0\u00bbvisuel appel \u00e0 projet\u00a0\u00bb _builder_version=\u00a0\u00bb4.10.7&Prime; background_size=\u00a0\u00bbinitial\u00a0\u00bb background_position=\u00a0\u00bbtop_left\u00a0\u00bb background_repeat=\u00a0\u00bbrepeat\u00a0\u00bb global_colors_info=\u00a0\u00bb{}\u00a0\u00bb]<\/p>\n<p><a href=\"https:\/\/www.pedagogie.ac-nice.fr\/daac\/appel-a-projets\/\" target=\"_blank\" rel=\"noopener\"><img loading=\"lazy\" decoding=\"async\" class=\"aligncenter wp-image-9183\" src=\"https:\/\/www.pedagogie.ac-nice.fr\/daac\/wp-content\/uploads\/sites\/37\/2021\/11\/appels_projets_DAAC-268x300.jpg\" alt=\"\" width=\"215\" height=\"241\" srcset=\"https:\/\/www.pedagogie.ac-nice.fr\/daac\/wp-content\/uploads\/sites\/37\/2021\/11\/appels_projets_DAAC-268x300.jpg 268w, https:\/\/www.pedagogie.ac-nice.fr\/daac\/wp-content\/uploads\/sites\/37\/2021\/11\/appels_projets_DAAC.jpg 281w\" sizes=\"(max-width: 215px) 100vw, 215px\" \/><\/a><\/p>\n<p>[\/et_pb_text][et_pb_accordion _builder_version=\u00a0\u00bb4.10.7&Prime; _module_preset=\u00a0\u00bbdefault\u00a0\u00bb global_colors_info=\u00a0\u00bb{}\u00a0\u00bb][et_pb_accordion_item title=\u00a0\u00bbTrouver des partenaires dans ADAGE\u00a0\u00bb open=\u00a0\u00bbon\u00a0\u00bb _builder_version=\u00a0\u00bb4.10.7&Prime; _module_preset=\u00a0\u00bbdefault\u00a0\u00bb global_colors_info=\u00a0\u00bb{}\u00a0\u00bb]<\/p>\n<p><a href=\"https:\/\/www.pedagogie.ac-nice.fr\/daac\/wp-content\/uploads\/sites\/37\/2021\/12\/partenaires_offres_ADAGE.pdf\" target=\"_blank\" rel=\"noopener\"><img loading=\"lazy\" decoding=\"async\" class=\"wp-image-7600 aligncenter\" src=\"https:\/\/www.pedagogie.ac-nice.fr\/daac\/wp-content\/uploads\/sites\/37\/2021\/10\/structures_partenaires.png\" alt=\"\" width=\"229\" height=\"153\" srcset=\"https:\/\/www.pedagogie.ac-nice.fr\/daac\/wp-content\/uploads\/sites\/37\/2021\/10\/structures_partenaires.png 360w, https:\/\/www.pedagogie.ac-nice.fr\/daac\/wp-content\/uploads\/sites\/37\/2021\/10\/structures_partenaires-300x201.png 300w\" sizes=\"(max-width: 229px) 100vw, 229px\" \/><\/a><\/p>\n<p>[\/et_pb_accordion_item][et_pb_accordion_item title=\u00a0\u00bbRecensement des projets\u00a0\u00bb _builder_version=\u00a0\u00bb4.10.7&Prime; _module_preset=\u00a0\u00bbdefault\u00a0\u00bb global_colors_info=\u00a0\u00bb{}\u00a0\u00bb open=\u00a0\u00bboff\u00a0\u00bb]<\/p>\n<p style=\"text-align: center;\"><a href=\"https:\/\/www.pedagogie.ac-nice.fr\/daac\/adage\/recensement-des-actions-eac-sur-la-plateforme-adage\/\" target=\"_blank\" rel=\"noopener\"><img loading=\"lazy\" decoding=\"async\" class=\"alignnone wp-image-8989\" src=\"https:\/\/www.pedagogie.ac-nice.fr\/daac\/wp-content\/uploads\/sites\/37\/2021\/11\/recenser.jpg\" alt=\"\" width=\"113\" height=\"154\"><\/a><\/p>\n<p>[\/et_pb_accordion_item][et_pb_accordion_item title=\u00a0\u00bbFoire aux questions\u00a0\u00bb _builder_version=\u00a0\u00bb4.10.7&Prime; _module_preset=\u00a0\u00bbdefault\u00a0\u00bb global_colors_info=\u00a0\u00bb{}\u00a0\u00bb open=\u00a0\u00bboff\u00a0\u00bb]<\/p>\n<p><a href=\"https:\/\/www.pedagogie.ac-nice.fr\/daac\/faq-et-aide-sur-adage\/\" target=\"_blank\" rel=\"noopener noreferrer\"><img loading=\"lazy\" decoding=\"async\" class=\"aligncenter wp-image-8921 size-full\" src=\"https:\/\/www.pedagogie.ac-nice.fr\/daac\/wp-content\/uploads\/sites\/37\/2021\/11\/foire_aux_questions.jpg\" alt=\"\" width=\"235\" height=\"151\"><\/a><\/p>\n<p>[\/et_pb_accordion_item][\/et_pb_accordion][\/et_pb_column][et_pb_column type=\u00a0\u00bb2_3&Prime; _builder_version=\u00a0\u00bb4.10.7&Prime; _module_preset=\u00a0\u00bbdefault\u00a0\u00bb global_colors_info=\u00a0\u00bb{}\u00a0\u00bb][et_pb_text _builder_version=\u00a0\u00bb4.10.7&Prime; text_text_color=\u00a0\u00bb#000000&Prime; text_font_size=\u00a0\u00bb16px\u00a0\u00bb background_size=\u00a0\u00bbinitial\u00a0\u00bb background_position=\u00a0\u00bbtop_left\u00a0\u00bb background_repeat=\u00a0\u00bbrepeat\u00a0\u00bb text_orientation=\u00a0\u00bbjustified\u00a0\u00bb hover_enabled=\u00a0\u00bb0&Prime; global_colors_info=\u00a0\u00bb{}\u00a0\u00bb sticky_enabled=\u00a0\u00bb0&Prime;]<\/p>\n<p style=\"text-align: center;\"><span style=\"color: #ff00ff;\"><strong><span style=\"font-size: 18pt; font-family: georgia, palatino, serif;\">APPEL A PROJETS ADAGE<\/span><\/strong><\/span><\/p>\n<p>L&rsquo;appel \u00e0 projets \u00ab\u00a0Objectif 100% EAC &#8211; Egalit\u00e9 des chances\u00a0\u00bb financ\u00e9 par la DAAC est d\u00e9sormais ouvert sur la plateforme ADAGE, accessible via Est\u00e9rel, du 20 juin au 1 octobre 2023.<\/p>\n<p><strong>Il apparait d\u00e9sormais sur la page d&rsquo;accueil sous la forme ACA 2023-2024 atelier de pratique artistique et culturelle en partenariat<\/strong><\/p>\n<p>Cet appel \u00e0 projets s&rsquo;adresse aux \u00e9l\u00e8ves de tous niveaux des coll\u00e8ges ou des lyc\u00e9es g\u00e9n\u00e9raux, technologiques et professionnels.<\/p>\n<p>Vous trouverez sur <span style=\"color: #ff00ff;\"><a style=\"color: #ff00ff;\" href=\"https:\/\/www.pedagogie.ac-nice.fr\/daac\/adage\/\" target=\"_blank\" rel=\"noopener\">ADAGE<\/a> <\/span>des pr\u00e9cisions sur les modalit\u00e9s de participation \u00e0 cet appel.<\/p>\n<p>La d\u00e9l\u00e9gation se tient \u00e0 votre disposition pour toute information compl\u00e9mentaire.<\/p>\n<p>Aide\/Contacts<br \/>Charg\u00e9 de mission acad\u00e9mique ADAGE Monsieur Olivier Barth\u00e9l\u00e9my :\u00a0<a href=\"mailto:Olivier.Barthelemy@ac-nice.fr\" rel=\"noreferrer\">Olivier.Barthelemy@ac-nice.fr<\/a><br \/>Coordination d\u00e9partementale Var aupr\u00e8s des r\u00e9f\u00e9rents culture Madame Florence Vargas-Luiggi :\u00a0<a href=\"mailto:Florence.Vargas-Luiggi@ac-nice.fr\" rel=\"noreferrer\">Florence.Vargas-Luiggi@ac-nice.fr<\/a><br \/>Coordination d\u00e9partementale Alpes-Maritimes aupr\u00e8s des r\u00e9f\u00e9rents culture Monsieur Frederick Lacroix :\u00a0<a href=\"mailto:Frederick.Lacroix@ac-nice.fr\" rel=\"noreferrer\">Frederick.Lacroix@ac-nice.fr<\/a><br \/>R\u00e9f\u00e9rent Adage Monsieur Thierry Scartoni :\u00a0<a href=\"mailto:Thierry.Scartoni@ac-nice.fr\" rel=\"noreferrer\">Thierry.Scartoni@ac-nice.fr<\/a><\/p>\n<p>[\/et_pb_text][et_pb_text _builder_version=\u00a0\u00bb4.10.7&Prime; _module_preset=\u00a0\u00bbdefault\u00a0\u00bb text_text_color=\u00a0\u00bb#8300E9&Prime; text_font_size=\u00a0\u00bb20px\u00a0\u00bb global_colors_info=\u00a0\u00bb{}\u00a0\u00bb]<\/p>\n<p><a href=\"https:\/\/www.pedagogie.ac-nice.fr\/daac\/wp-content\/uploads\/sites\/37\/2022\/09\/Cahier-des-charges-appel-a-projets-DAAC-2022-2023-.pdf\" target=\"_blank\" rel=\"noopener\">Cliquez pour t\u00e9l\u00e9charger le cahier des charges<\/a><\/p>\n<p>[\/et_pb_text][\/et_pb_column][\/et_pb_row][et_pb_row _builder_version=\u00a0\u00bb4.10.7&Prime; _module_preset=\u00a0\u00bbdefault\u00a0\u00bb global_colors_info=\u00a0\u00bb{}\u00a0\u00bb][et_pb_column type=\u00a0\u00bb4_4&Prime; _builder_version=\u00a0\u00bb4.10.7&Prime; _module_preset=\u00a0\u00bbdefault\u00a0\u00bb global_colors_info=\u00a0\u00bb{}\u00a0\u00bb][et_pb_text _builder_version=\u00a0\u00bb4.10.7&Prime; _module_preset=\u00a0\u00bbdefault\u00a0\u00bb global_colors_info=\u00a0\u00bb{}\u00a0\u00bb]<\/p>\n<p style=\"text-align: center;\"><span style=\"color: #ff00ff;\"><strong>Retrouvez tous les tutoriels ci-dessous en fonction de votre profil<br \/><\/strong><\/span><\/p>\n<p>[\/et_pb_text][\/et_pb_column][\/et_pb_row][et_pb_row column_structure=\u00a0\u00bb1_3,1_3,1_3&Prime; _builder_version=\u00a0\u00bb4.10.7&Prime; _module_preset=\u00a0\u00bbdefault\u00a0\u00bb global_colors_info=\u00a0\u00bb{}\u00a0\u00bb][et_pb_column type=\u00a0\u00bb1_3&Prime; _builder_version=\u00a0\u00bb4.10.7&Prime; _module_preset=\u00a0\u00bbdefault\u00a0\u00bb global_colors_info=\u00a0\u00bb{}\u00a0\u00bb][et_pb_text admin_label=\u00a0\u00bbchef \u00e9tablissement\u00a0\u00bb _builder_version=\u00a0\u00bb4.10.7&Prime; background_size=\u00a0\u00bbinitial\u00a0\u00bb background_position=\u00a0\u00bbtop_left\u00a0\u00bb background_repeat=\u00a0\u00bbrepeat\u00a0\u00bb global_colors_info=\u00a0\u00bb{}\u00a0\u00bb]<\/p>\n<p><a href=\"https:\/\/www.pedagogie.ac-nice.fr\/daac\/tutoriels-appel-a-projets-pour-les-chefs-detablissement-ou-directeurs-decole\/\" target=\"_blank\" rel=\"noopener\"><img loading=\"lazy\" decoding=\"async\" class=\"aligncenter wp-image-8658\" src=\"https:\/\/www.pedagogie.ac-nice.fr\/daac\/wp-content\/uploads\/sites\/37\/2021\/10\/chef_dir_2.jpg\" alt=\"\" width=\"155\" height=\"161\" \/><\/a><\/p>\n<p>[\/et_pb_text][\/et_pb_column][et_pb_column type=\u00a0\u00bb1_3&Prime; _builder_version=\u00a0\u00bb4.10.7&Prime; _module_preset=\u00a0\u00bbdefault\u00a0\u00bb global_colors_info=\u00a0\u00bb{}\u00a0\u00bb][et_pb_text admin_label=\u00a0\u00bbr\u00e9f\u00e9rent culture\u00a0\u00bb _builder_version=\u00a0\u00bb4.10.7&Prime; background_size=\u00a0\u00bbinitial\u00a0\u00bb background_position=\u00a0\u00bbtop_left\u00a0\u00bb background_repeat=\u00a0\u00bbrepeat\u00a0\u00bb global_colors_info=\u00a0\u00bb{}\u00a0\u00bb]<\/p>\n<p><a href=\"https:\/\/www.pedagogie.ac-nice.fr\/daac\/tutoriels-appel-a-projets-pour-les-referents-culture\/\" target=\"_blank\" rel=\"noopener\"><img loading=\"lazy\" decoding=\"async\" class=\"aligncenter wp-image-8663\" src=\"https:\/\/www.pedagogie.ac-nice.fr\/daac\/wp-content\/uploads\/sites\/37\/2021\/10\/referent_culture.jpg\" alt=\"\" width=\"156\" height=\"160\"><\/a><\/p>\n<p>[\/et_pb_text][\/et_pb_column][et_pb_column type=\u00a0\u00bb1_3&Prime; _builder_version=\u00a0\u00bb4.10.7&Prime; _module_preset=\u00a0\u00bbdefault\u00a0\u00bb global_colors_info=\u00a0\u00bb{}\u00a0\u00bb][et_pb_text admin_label=\u00a0\u00bbporteurs de projets\u00a0\u00bb _builder_version=\u00a0\u00bb4.10.7&Prime; background_size=\u00a0\u00bbinitial\u00a0\u00bb background_position=\u00a0\u00bbtop_left\u00a0\u00bb background_repeat=\u00a0\u00bbrepeat\u00a0\u00bb global_colors_info=\u00a0\u00bb{}\u00a0\u00bb]<\/p>\n<p style=\"text-align: center;\"><strong><a href=\"https:\/\/www.pedagogie.ac-nice.fr\/daac\/tutoriels-appel-a-projets-pour-les-enseignants-porteurs-de-projets\/\" target=\"_blank\" rel=\"noopener\"><img loading=\"lazy\" decoding=\"async\" class=\"aligncenter wp-image-8667\" src=\"https:\/\/www.pedagogie.ac-nice.fr\/daac\/wp-content\/uploads\/sites\/37\/2021\/10\/porteurs_projets.jpg\" alt=\"\" width=\"165\" height=\"161\" \/><\/a><\/strong><\/p>\n<p>[\/et_pb_text][\/et_pb_column][\/et_pb_row][\/et_pb_section]<\/p>\n","protected":false},"excerpt":{"rendered":"<p>APPEL A PROJETS ADAGE L&rsquo;appel \u00e0 projets \u00ab\u00a0Objectif 100% EAC &#8211; Egalit\u00e9 des chances\u00a0\u00bb financ\u00e9 par la DAAC est d\u00e9sormais ouvert sur la plateforme ADAGE, accessible via Est\u00e9rel, du 20 juin au 1 octobre 2023. Il apparait d\u00e9sormais sur la page d&rsquo;accueil sous la forme ACA 2023-2024 atelier de pratique artistique et culturelle en partenariat [&hellip;]<\/p>\n","protected":false},"author":274,"featured_media":0,"parent":0,"menu_order":0,"comment_status":"closed","ping_status":"closed","template":"","meta":{"_et_pb_use_builder":"on","_et_pb_old_content":"<p>La campagne d'appel \u00e0 projets\u00a0 est lanc\u00e9 depuis le <span style=\"color: #ff00ff;\"><strong>17 ma<\/strong>i<\/span> <strong><span style=\"color: #ff00ff;\">2021<\/span><\/strong> pour vos projets n\u00e9cessitant un financement et se cl\u00f4turera le <strong><span style=\"color: #ff00ff;\">20 septembre 2021<\/span><\/strong><\/p><p>Les\u00a0 projets concern\u00e9s peuvent s'int\u00e9grer aux dispositifs qui existent, propos\u00e9s par l'acad\u00e9mie et ses partenaires ainsi que\u00a0 les projets propres \u00e0 votre \u00e9tablissement.<\/p><p>Les commissions se r\u00e9uniront entre septembre et octobre pour examiner les projets et accorder un \u00e9ventuel financement.<\/p><p>Rendez-vous sur l'application ADAGE via Esterel : <a href=\"https:\/\/id.ac-nice.fr\/plog\/public\/login\">https:\/\/id.ac-nice.fr\/plog\/public\/login<\/a> puis dans le menu du haut sur<strong><em> Monter son projet<\/em><\/strong>.<\/p><p>Voici <a href=\"https:\/\/www.pedagogie.ac-nice.fr\/daac\/wp-content\/uploads\/sites\/37\/2021\/05\/Lettre-de-Monsieur-le-recteur-appel-a-projet-EAC-2021-22.pdf\" target=\"_blank\" rel=\"noopener\">la lettre du recteur pour l'appel \u00e0 projet de la campagne 2021-2022<\/a> ainsi que<a href=\"https:\/\/www.pedagogie.ac-nice.fr\/daac\/wp-content\/uploads\/sites\/37\/2021\/05\/ADAGE-Cahier-des-charges-de-lappel-a-projet-DAAC-2021-2022.pdf\" target=\"_blank\" rel=\"noopener\"> le cahier des charges de la DAAC de Nice <\/a>avec l'explication des dispositifs acad\u00e9miques.<\/p><p>Les directeurs d'\u00e9cole et les chefs d'\u00e9tablissement peuvent accorder des droits d'\u00e9criture (r\u00e9dacteurs de projet) \u00e0 des personnels.<\/p><p>Les projets seront valid\u00e9s par les chefs d'Etablissements et les Inspections du premier degr\u00e9 concern\u00e9es.<\/p><p><span style=\"color: #ff00ff;\"><strong>Les charg\u00e9s de mission de la DAAC<\/strong><\/span> (coordonn\u00e9es dans ADAGE puis Ressources, document Accompagnement proximit\u00e9\/Personnes ressources DAAC\u00a0:<\/p><p><img class=\"alignnone wp-image-3958\" src=\"https:\/\/www.pedagogie.ac-nice.fr\/daac\/wp-content\/uploads\/sites\/37\/2021\/06\/contacts-charges-de-mission-300x201.png\" alt=\"\" width=\"231\" height=\"155\"><\/p><p>et les Conseillers P\u00e9dagogiques\u00a0 se tiennent \u00e0 votre disposition pour toute l'aide souhait\u00e9e.<\/p><p><img class=\"aligncenter wp-image-3960 size-full\" src=\"https:\/\/www.pedagogie.ac-nice.fr\/daac\/wp-content\/uploads\/sites\/37\/2021\/06\/appel-projet-juin-2021-1.png\" alt=\"\" width=\"600\" height=\"665\"><\/p><p>\u00a0<\/p><p style=\"text-align: center;\"><strong>Retrouvez des tutoriels pour vous accompagner :<\/strong><\/p><p><strong>Je suis Chef d'\u00e9tablissement ou directeur d'\u00e9cole :<a href=\"https:\/\/www.pedagogie.ac-nice.fr\/daac\/tutoriels-appel-a-projets-pour-les-chefs-detablissement-ou-directeurs-decole\/\"><img class=\"alignnone\" src=\"https:\/\/www.pedagogie.ac-nice.fr\/daac\/wp-content\/uploads\/sites\/37\/2020\/12\/puce_rose.jpg\" alt=\"\" width=\"80\" height=\"65\"><\/a><\/strong><\/p><p><strong>Je suis r\u00e9f\u00e9rent culture :<a href=\"https:\/\/www.pedagogie.ac-nice.fr\/daac\/tutoriels-appel-a-projets-pour-les-referents-culture\/\"><img class=\"alignnone wp-image-1500\" src=\"https:\/\/www.pedagogie.ac-nice.fr\/daac\/wp-content\/uploads\/sites\/37\/2020\/12\/puce_verte.jpg\" alt=\"puce verte adage\" width=\"56\" height=\"52\"><\/a><\/strong><\/p><p><strong>Je suis enseignant porteur de projet EAC :\u00a0 <a href=\"https:\/\/www.pedagogie.ac-nice.fr\/daac\/tutoriels-appel-a-projets-pour-les-enseignants-porteurs-de-projets\/\"><img class=\"alignnone wp-image-1498\" src=\"https:\/\/www.pedagogie.ac-nice.fr\/daac\/wp-content\/uploads\/sites\/37\/2020\/12\/puce_bleue.jpg\" alt=\"puce bleue adage\" width=\"51\" height=\"48\"><\/a><\/strong><\/p><p>\u00a0<\/p><p><a href=\"https:\/\/www.pedagogie.ac-nice.fr\/daac\/adage\/\" target=\"_blank\" rel=\"noopener\"><img class=\"alignnone wp-image-1500\" src=\"https:\/\/www.pedagogie.ac-nice.fr\/daac\/wp-content\/uploads\/sites\/37\/2020\/12\/puce_verte.jpg\" alt=\"puce verte adage\" width=\"56\" height=\"52\"><\/a>Pr\u00e9sentation d'Adage<\/p><p><a href=\"https:\/\/www.pedagogie.ac-nice.fr\/daac\/adage\/en-savoir-plus-sur-adage\/\" target=\"_blank\" rel=\"noopener\"><img class=\"alignnone wp-image-1939\" src=\"https:\/\/www.pedagogie.ac-nice.fr\/daac\/wp-content\/uploads\/sites\/37\/2021\/01\/puce-rose-2.png\" alt=\"puce rose adage\" width=\"54\" height=\"51\"><\/a>En savoir plus sur Adage<\/p><p><a href=\"https:\/\/www.pedagogie.ac-nice.fr\/daac\/adage\/recensement-des-actions-eac-sur-la-plateforme-adage\/\"><img class=\"alignnone wp-image-2454 size-full\" src=\"https:\/\/www.pedagogie.ac-nice.fr\/daac\/wp-content\/uploads\/sites\/37\/2021\/02\/clic_gris.jpg\" alt=\"\" width=\"47\" height=\"44\"><\/a>Recensement des projets\u00a0 \u00a0 \u00a0 \u00a0 \u00a0 \u00a0 \u00a0 \u00a0 \u00a0 \u00a0 \u00a0 \u00a0 \u00a0 \u00a0 \u00a0 \u00a0 \u00a0 \u00a0 \u00a0 \u00a0 \u00a0 \u00a0 \u00a0 \u00a0 \u00a0 \u00a0 \u00a0 \u00a0 \u00a0 \u00a0 \u00a0<a href=\"https:\/\/www.pedagogie.ac-nice.fr\/daac\/pae-3\/en-savoir-plus-sur-adage\/\" target=\"_blank\" rel=\"noopener noreferrer\">\u00a0<\/a><\/p><p><a href=\"https:\/\/www.pedagogie.ac-nice.fr\/daac\/faq-et-aide-sur-adage\/\" target=\"_blank\" rel=\"noopener noreferrer\"><img class=\"alignnone wp-image-1500\" src=\"https:\/\/www.pedagogie.ac-nice.fr\/daac\/wp-content\/uploads\/sites\/37\/2020\/12\/puce_verte.jpg\" alt=\"puce verte adage\" width=\"48\" height=\"44\"><\/a>Foire aux questions (FAQ) et aide<\/p>","_et_gb_content_width":"","ngg_post_thumbnail":0,"footnotes":""},"class_list":["post-3275","page","type-page","status-publish","hentry"],"rttpg_featured_image_url":null,"rttpg_author":{"display_name":"obarthelemy","author_link":"https:\/\/www.pedagogie.ac-nice.fr\/daac\/author\/obarthelemy\/"},"rttpg_comment":0,"rttpg_category":null,"rttpg_excerpt":"APPEL A PROJETS ADAGE L'appel \u00e0 projets \"Objectif 100% EAC - Egalit\u00e9 des chances\" financ\u00e9 par la DAAC est d\u00e9sormais ouvert sur la plateforme ADAGE, accessible via Est\u00e9rel, du 20 juin au 1 octobre 2023. Il apparait d\u00e9sormais sur la page d'accueil sous la forme ACA 2023-2024 atelier de pratique artistique et culturelle en partenariat\u2026","post_mailing_queue_ids":[],"_links":{"self":[{"href":"https:\/\/www.pedagogie.ac-nice.fr\/daac\/wp-json\/wp\/v2\/pages\/3275","targetHints":{"allow":["GET"]}}],"collection":[{"href":"https:\/\/www.pedagogie.ac-nice.fr\/daac\/wp-json\/wp\/v2\/pages"}],"about":[{"href":"https:\/\/www.pedagogie.ac-nice.fr\/daac\/wp-json\/wp\/v2\/types\/page"}],"author":[{"embeddable":true,"href":"https:\/\/www.pedagogie.ac-nice.fr\/daac\/wp-json\/wp\/v2\/users\/274"}],"replies":[{"embeddable":true,"href":"https:\/\/www.pedagogie.ac-nice.fr\/daac\/wp-json\/wp\/v2\/comments?post=3275"}],"version-history":[{"count":67,"href":"https:\/\/www.pedagogie.ac-nice.fr\/daac\/wp-json\/wp\/v2\/pages\/3275\/revisions"}],"predecessor-version":[{"id":15137,"href":"https:\/\/www.pedagogie.ac-nice.fr\/daac\/wp-json\/wp\/v2\/pages\/3275\/revisions\/15137"}],"wp:attachment":[{"href":"https:\/\/www.pedagogie.ac-nice.fr\/daac\/wp-json\/wp\/v2\/media?parent=3275"}],"curies":[{"name":"wp","href":"https:\/\/api.w.org\/{rel}","templated":true}]}}