{"id":3438,"date":"2021-05-23T23:22:14","date_gmt":"2021-05-23T21:22:14","guid":{"rendered":"https:\/\/www.pedagogie.ac-nice.fr\/daac\/?page_id=3438"},"modified":"2022-05-16T17:20:51","modified_gmt":"2022-05-16T15:20:51","slug":"theatre-en-dracenie","status":"publish","type":"page","link":"https:\/\/www.pedagogie.ac-nice.fr\/daac\/theatre-en-dracenie\/","title":{"rendered":"Th\u00e9\u00e2tres en Drac\u00e9nie"},"content":{"rendered":"<p>[et_pb_section fb_built=\u00a0\u00bb1&Prime; specialty=\u00a0\u00bbon\u00a0\u00bb _builder_version=\u00a0\u00bb4.10.7&Prime; _module_preset=\u00a0\u00bbdefault\u00a0\u00bb global_colors_info=\u00a0\u00bb{}\u00a0\u00bb][et_pb_column type=\u00a0\u00bb1_4&Prime; _builder_version=\u00a0\u00bb3.25&Prime; custom_padding=\u00a0\u00bb|||\u00a0\u00bb global_colors_info=\u00a0\u00bb{}\u00a0\u00bb custom_padding__hover=\u00a0\u00bb|||\u00a0\u00bb][et_pb_text admin_label=\u00a0\u00bblogo th\u00e9\u00e2tre\u00a0\u00bb _builder_version=\u00a0\u00bb4.10.7&Prime; _module_preset=\u00a0\u00bbdefault\u00a0\u00bb global_colors_info=\u00a0\u00bb{}\u00a0\u00bb]<\/p>\n<p><a href=\"https:\/\/www.pedagogie.ac-nice.fr\/daac\/theatre-asv\/\" target=\"_blank\" rel=\"noopener\"><img loading=\"lazy\" decoding=\"async\" class=\"aligncenter wp-image-5928\" src=\"https:\/\/www.pedagogie.ac-nice.fr\/daac\/wp-content\/uploads\/sites\/37\/2021\/09\/theatre.png\" alt=\"\" width=\"241\" height=\"150\" srcset=\"https:\/\/www.pedagogie.ac-nice.fr\/daac\/wp-content\/uploads\/sites\/37\/2021\/09\/theatre.png 348w, https:\/\/www.pedagogie.ac-nice.fr\/daac\/wp-content\/uploads\/sites\/37\/2021\/09\/theatre-300x187.png 300w\" sizes=\"(max-width: 241px) 100vw, 241px\" \/><\/a><\/p>\n<p>[\/et_pb_text][et_pb_divider _builder_version=\u00a0\u00bb4.10.7&Prime; _module_preset=\u00a0\u00bbdefault\u00a0\u00bb global_colors_info=\u00a0\u00bb{}\u00a0\u00bb][\/et_pb_divider][et_pb_text admin_label=\u00a0\u00bbTh\u00e9\u00e2tre Drac\u00e9nie\u00a0\u00bb _builder_version=\u00a0\u00bb4.10.7&Prime; background_size=\u00a0\u00bbinitial\u00a0\u00bb background_position=\u00a0\u00bbtop_left\u00a0\u00bb background_repeat=\u00a0\u00bbrepeat\u00a0\u00bb global_colors_info=\u00a0\u00bb{}\u00a0\u00bb]<\/p>\n<p><img loading=\"lazy\" decoding=\"async\" class=\"alignnone size-full wp-image-12282 aligncenter\" src=\"https:\/\/www.pedagogie.ac-nice.fr\/daac\/wp-content\/uploads\/sites\/37\/2022\/04\/logo_theatres_dracenie.jpg\" alt=\"\" width=\"197\" height=\"166\"><\/p>\n<p>[\/et_pb_text][et_pb_divider admin_label=\u00a0\u00bbS\u00e9parateur\u00a0\u00bb _builder_version=\u00a0\u00bb4.10.7&Prime; _module_preset=\u00a0\u00bbdefault\u00a0\u00bb global_colors_info=\u00a0\u00bb{}\u00a0\u00bb][\/et_pb_divider][et_pb_text admin_label=\u00a0\u00bbpartenariat\u00a0\u00bb _builder_version=\u00a0\u00bb4.10.7&Prime; _module_preset=\u00a0\u00bbdefault\u00a0\u00bb global_colors_info=\u00a0\u00bb{}\u00a0\u00bb]<\/p>\n<p><img loading=\"lazy\" decoding=\"async\" class=\"wp-image-6275 aligncenter\" src=\"https:\/\/www.pedagogie.ac-nice.fr\/daac\/wp-content\/uploads\/sites\/37\/2021\/09\/partenariat.png\" alt=\"\" width=\"230\" height=\"151\" srcset=\"https:\/\/www.pedagogie.ac-nice.fr\/daac\/wp-content\/uploads\/sites\/37\/2021\/09\/partenariat.png 344w, https:\/\/www.pedagogie.ac-nice.fr\/daac\/wp-content\/uploads\/sites\/37\/2021\/09\/partenariat-300x196.png 300w\" sizes=\"(max-width: 230px) 100vw, 230px\" \/><\/p>\n<p>[\/et_pb_text][et_pb_text _builder_version=\u00a0\u00bb4.10.7&Prime; _module_preset=\u00a0\u00bbdefault\u00a0\u00bb min_height=\u00a0\u00bb180.6px\u00a0\u00bb custom_margin=\u00a0\u00bb40px|||||\u00a0\u00bb global_colors_info=\u00a0\u00bb{}\u00a0\u00bb]<\/p>\n<p style=\"text-align: center;\"><span style=\"font-size: 10pt; color: #000000;\">\u00a9 2022-2023 Th\u00e9\u00e2tres en Drac\u00e9nie<\/span><br \/><span style=\"font-size: 10pt; color: #000000;\">Sc\u00e8ne conventionn\u00e9e d&rsquo;int\u00e9r\u00eat national mention Art et Cr\u00e9ation Danse<\/span><br \/><span style=\"font-size: 10pt; color: #000000;\">P\u00f4le R\u00e9gional de D\u00e9veloppement Culturel<\/span><br \/><span style=\"font-size: 10pt; color: #000000;\">Draguignan<\/span><\/p>\n<p>[\/et_pb_text][\/et_pb_column][et_pb_column type=\u00a0\u00bb3_4&Prime; specialty_columns=\u00a0\u00bb3&Prime; _builder_version=\u00a0\u00bb3.25&Prime; custom_padding=\u00a0\u00bb|||\u00a0\u00bb global_colors_info=\u00a0\u00bb{}\u00a0\u00bb custom_padding__hover=\u00a0\u00bb|||\u00a0\u00bb][et_pb_row_inner _builder_version=\u00a0\u00bb4.10.7&Prime; _module_preset=\u00a0\u00bbdefault\u00a0\u00bb global_colors_info=\u00a0\u00bb{}\u00a0\u00bb][et_pb_column_inner saved_specialty_column_type=\u00a0\u00bb3_4&Prime; _builder_version=\u00a0\u00bb4.10.7&Prime; _module_preset=\u00a0\u00bbdefault\u00a0\u00bb global_colors_info=\u00a0\u00bb{}\u00a0\u00bb][et_pb_text _builder_version=\u00a0\u00bb4.10.7&Prime; _module_preset=\u00a0\u00bbdefault\u00a0\u00bb global_colors_info=\u00a0\u00bb{}\u00a0\u00bb]<\/p>\n<p style=\"text-align: justify;\"><span style=\"color: #000000;\">Comme chaque ann\u00e9e, <\/span><strong><span style=\"color: #ff0000;\">Th\u00e9\u00e2tres en Drac\u00e9nie<\/span> <\/strong><span style=\"color: #000000;\">vous accompagne dans la mise en place de vos sorties scolaires et de projets d&rsquo;Education Artistique et Culturelle (EAC).<\/span><\/p>\n<p style=\"text-align: justify;\"><span style=\"color: #000000;\">La programmation 2022-2023 ainsi que les projets EAC associ\u00e9s ont \u00e9t\u00e9 pr\u00e9sent\u00e9es aux enseignants le 4 mai dernier par Maria Claverie-Richard, directrice des Th\u00e9\u00e2tres en Drac\u00e9nie.<\/span><\/p>\n<p><span style=\"color: #000000;\">Retrouvez toute la programmation de la saison 2022-2023:<\/span><\/p>\n<p>[\/et_pb_text][\/et_pb_column_inner][\/et_pb_row_inner][et_pb_row_inner column_structure=\u00a0\u00bb1_3,1_3,1_3&Prime; _builder_version=\u00a0\u00bb4.10.7&Prime; _module_preset=\u00a0\u00bbdefault\u00a0\u00bb global_colors_info=\u00a0\u00bb{}\u00a0\u00bb][et_pb_column_inner type=\u00a0\u00bb1_3&Prime; saved_specialty_column_type=\u00a0\u00bb3_4&Prime; _builder_version=\u00a0\u00bb4.10.7&Prime; _module_preset=\u00a0\u00bbdefault\u00a0\u00bb global_colors_info=\u00a0\u00bb{}\u00a0\u00bb][et_pb_text admin_label=\u00a0\u00bbBrochure ecole\u00a0\u00bb _builder_version=\u00a0\u00bb4.10.7&Prime; _module_preset=\u00a0\u00bbdefault\u00a0\u00bb hover_enabled=\u00a0\u00bb0&Prime; global_colors_info=\u00a0\u00bb{}\u00a0\u00bb sticky_enabled=\u00a0\u00bb0&Prime;]<\/p>\n<p style=\"text-align: center;\"><a href=\"https:\/\/www.pedagogie.ac-nice.fr\/daac\/wp-content\/uploads\/sites\/37\/2022\/05\/livret_theatre_dracenie_ecole_2022_2023.pdf\" target=\"_blank\" rel=\"noopener\"><strong><span style=\"color: #ff0000;\">Ecoles<\/span><\/strong><img loading=\"lazy\" decoding=\"async\" class=\"aligncenter wp-image-12743\" src=\"https:\/\/www.pedagogie.ac-nice.fr\/daac\/wp-content\/uploads\/sites\/37\/2022\/05\/visuel_dracenie_ecole_2022_2023.jpg\" alt=\"\" width=\"463\" height=\"623\" srcset=\"https:\/\/www.pedagogie.ac-nice.fr\/daac\/wp-content\/uploads\/sites\/37\/2022\/05\/visuel_dracenie_ecole_2022_2023.jpg 658w, https:\/\/www.pedagogie.ac-nice.fr\/daac\/wp-content\/uploads\/sites\/37\/2022\/05\/visuel_dracenie_ecole_2022_2023-223x300.jpg 223w\" sizes=\"(max-width: 463px) 100vw, 463px\" \/><\/a><\/p>\n<p>[\/et_pb_text][\/et_pb_column_inner][et_pb_column_inner type=\u00a0\u00bb1_3&Prime; saved_specialty_column_type=\u00a0\u00bb3_4&Prime; _builder_version=\u00a0\u00bb4.10.7&Prime; _module_preset=\u00a0\u00bbdefault\u00a0\u00bb global_colors_info=\u00a0\u00bb{}\u00a0\u00bb][et_pb_text admin_label=\u00a0\u00bbbrochure coll\u00e8ge\u00a0\u00bb _builder_version=\u00a0\u00bb4.10.7&Prime; _module_preset=\u00a0\u00bbdefault\u00a0\u00bb custom_margin=\u00a0\u00bb-18px|||||\u00a0\u00bb global_colors_info=\u00a0\u00bb{}\u00a0\u00bb]<\/p>\n<p style=\"text-align: center;\"><a href=\"https:\/\/www.pedagogie.ac-nice.fr\/daac\/wp-content\/uploads\/sites\/37\/2022\/05\/livret_theatre_dracenie-clg_2022_2023.pdf\" target=\"_blank\" rel=\"noopener\"><strong><span style=\"color: #ff0000;\">Coll\u00e8ges<\/span><\/strong><img loading=\"lazy\" decoding=\"async\" class=\"aligncenter wp-image-12742\" src=\"https:\/\/www.pedagogie.ac-nice.fr\/daac\/wp-content\/uploads\/sites\/37\/2022\/05\/visuel_dracenie_college_2022_2023.jpg\" alt=\"\" width=\"443\" height=\"626\" srcset=\"https:\/\/www.pedagogie.ac-nice.fr\/daac\/wp-content\/uploads\/sites\/37\/2022\/05\/visuel_dracenie_college_2022_2023.jpg 492w, https:\/\/www.pedagogie.ac-nice.fr\/daac\/wp-content\/uploads\/sites\/37\/2022\/05\/visuel_dracenie_college_2022_2023-212x300.jpg 212w\" sizes=\"(max-width: 443px) 100vw, 443px\" \/><\/a><\/p>\n<p>[\/et_pb_text][\/et_pb_column_inner][et_pb_column_inner type=\u00a0\u00bb1_3&Prime; saved_specialty_column_type=\u00a0\u00bb3_4&Prime; _builder_version=\u00a0\u00bb4.10.7&Prime; _module_preset=\u00a0\u00bbdefault\u00a0\u00bb global_colors_info=\u00a0\u00bb{}\u00a0\u00bb][et_pb_text admin_label=\u00a0\u00bbbrochures lyc\u00e9e\u00a0\u00bb _builder_version=\u00a0\u00bb4.10.7&Prime; _module_preset=\u00a0\u00bbdefault\u00a0\u00bb custom_margin=\u00a0\u00bb-21px|||||\u00a0\u00bb global_colors_info=\u00a0\u00bb{}\u00a0\u00bb]<\/p>\n<p style=\"text-align: center;\"><strong><span style=\"color: #ff0000;\"><a style=\"color: #ff0000;\" href=\"https:\/\/www.pedagogie.ac-nice.fr\/daac\/wp-content\/uploads\/sites\/37\/2022\/05\/livret_theatre_dracenie_lycee_2022_2023.pdf\" target=\"_blank\" rel=\"noopener\">Lyc\u00e9es<\/a><\/span><\/strong><a href=\"https:\/\/www.pedagogie.ac-nice.fr\/daac\/wp-content\/uploads\/sites\/37\/2022\/05\/livret_theatre_dracenie_lycee_2022_2023.pdf\" target=\"_blank\" rel=\"noopener\"><img loading=\"lazy\" decoding=\"async\" class=\"wp-image-12744 aligncenter\" src=\"https:\/\/www.pedagogie.ac-nice.fr\/daac\/wp-content\/uploads\/sites\/37\/2022\/05\/visuel_dracenie_lycee_2022_2023.jpg\" alt=\"\" width=\"440\" height=\"625\" srcset=\"https:\/\/www.pedagogie.ac-nice.fr\/daac\/wp-content\/uploads\/sites\/37\/2022\/05\/visuel_dracenie_lycee_2022_2023.jpg 491w, https:\/\/www.pedagogie.ac-nice.fr\/daac\/wp-content\/uploads\/sites\/37\/2022\/05\/visuel_dracenie_lycee_2022_2023-211x300.jpg 211w\" sizes=\"(max-width: 440px) 100vw, 440px\" \/><\/a><\/p>\n<p style=\"text-align: center;\">&nbsp;<\/p>\n<p>[\/et_pb_text][\/et_pb_column_inner][\/et_pb_row_inner][et_pb_row_inner _builder_version=\u00a0\u00bb4.10.7&Prime; _module_preset=\u00a0\u00bbdefault\u00a0\u00bb global_colors_info=\u00a0\u00bb{}\u00a0\u00bb][et_pb_column_inner saved_specialty_column_type=\u00a0\u00bb3_4&Prime; _builder_version=\u00a0\u00bb4.10.7&Prime; _module_preset=\u00a0\u00bbdefault\u00a0\u00bb global_colors_info=\u00a0\u00bb{}\u00a0\u00bb][et_pb_text _builder_version=\u00a0\u00bb4.10.7&Prime; _module_preset=\u00a0\u00bbdefault\u00a0\u00bb custom_margin=\u00a0\u00bb-68px|||||\u00a0\u00bb global_colors_info=\u00a0\u00bb{}\u00a0\u00bb]<\/p>\n<p><span style=\"font-size: 10pt; color: #000000;\"><strong>Informations projets EAC Ecoles Primaires et Coll\u00e8ges<\/strong> <\/span><br \/><span style=\"font-size: 10pt; color: #000000;\">Claire Okach : cokach@theatresendracenie.com<\/span><br \/><span style=\"font-size: 10pt; color: #000000;\">Tel : 06 67 17 10 13<\/span><\/p>\n<p><span style=\"font-size: 10pt; color: #000000;\"><strong>Informations projets EAC Lyc\u00e9es et Universit\u00e9s<\/strong><\/span><br \/><span style=\"font-size: 10pt; color: #000000;\">Chlo\u00e9 Guillet : cguillet@theatresendracenie.com<\/span><br \/><span style=\"font-size: 10pt; color: #000000;\">Tel 06 19 28 42 98<\/span><\/p>\n<p><span style=\"font-size: 10pt; color: #000000;\"><strong>Coordination DAAC :<\/strong><\/span><br \/><span style=\"font-size: 10pt; color: #000000;\">Joelle Bolot &#8211; joelle.bolot@ac-nice.fr<\/span><br \/><span style=\"font-size: 10pt; color: #000000;\">Muriel Colin &#8211; muriel.colin@ac-nice.fr<\/span><\/p>\n<p>[\/et_pb_text][\/et_pb_column_inner][\/et_pb_row_inner][\/et_pb_column][\/et_pb_section]<\/p>\n","protected":false},"excerpt":{"rendered":"<p>\u00a9 2022-2023 Th\u00e9\u00e2tres en Drac\u00e9nieSc\u00e8ne conventionn\u00e9e d&rsquo;int\u00e9r\u00eat national mention Art et Cr\u00e9ation DanseP\u00f4le R\u00e9gional de D\u00e9veloppement CulturelDraguignanComme chaque ann\u00e9e, Th\u00e9\u00e2tres en Drac\u00e9nie vous accompagne dans la mise en place de vos sorties scolaires et de projets d&rsquo;Education Artistique et Culturelle (EAC). La programmation 2022-2023 ainsi que les projets EAC associ\u00e9s ont \u00e9t\u00e9 pr\u00e9sent\u00e9es aux enseignants [&hellip;]<\/p>\n","protected":false},"author":241,"featured_media":0,"parent":0,"menu_order":0,"comment_status":"closed","ping_status":"closed","template":"","meta":{"_et_pb_use_builder":"on","_et_pb_old_content":"<p style=\"text-align: center;\"><img class=\"aligncenter\" src=\"https:\/\/www.pedagogie.ac-nice.fr\/daac\/wp-content\/uploads\/sites\/37\/2021\/05\/TED_logo-300x293.png\" alt=\"\" width=\"164\" height=\"160\">Les projets d'Education Artistique et Culturelle de Th\u00e9\u00e2tre en Drac\u00e9nie en partenariat avec la DAAC<\/p><p><span style=\"font-size: 10pt;\">Cliquez sur les diff\u00e9rents dispositifs pour plus d'informations<\/span><\/p><p style=\"text-align: center;\"><strong>Des mots au corps en mouvement (DANSE)<\/strong><\/p><p style=\"text-align: center;\"><a href=\"https:\/\/www.pedagogie.ac-nice.fr\/daac\/pierre-et-le-loup\/\" target=\"_blank\" rel=\"noopener\">Pierre et le Loup<\/a><a href=\"https:\/\/www.pedagogie.ac-nice.fr\/daac\/pierre-et-le-loup\/\" target=\"_blank\" rel=\"noopener\"><img class=\"aligncenter wp-image-3206 size-full\" src=\"https:\/\/www.pedagogie.ac-nice.fr\/daac\/wp-content\/uploads\/sites\/37\/2021\/05\/Pierre_et_Loup.jpg\" alt=\"\" width=\"301\" height=\"215\"><\/a><\/p><p style=\"text-align: center;\"><a href=\"https:\/\/www.pedagogie.ac-nice.fr\/daac\/projets-eac-danse-en-dracenie\/\" target=\"_blank\" rel=\"noopener\">Anthologie du cauchemar<\/a><br><a href=\"https:\/\/www.pedagogie.ac-nice.fr\/daac\/projets-eac-danse-en-dracenie\/\" target=\"_blank\" rel=\"noopener\"><img class=\"aligncenter wp-image-3447 size-medium\" src=\"https:\/\/www.pedagogie.ac-nice.fr\/daac\/wp-content\/uploads\/sites\/37\/2021\/05\/Anthologie-du-cauchemar-3-300x203.jpg\" alt=\"\" width=\"300\" height=\"203\"><\/a><\/p><p style=\"text-align: center;\"><a href=\"https:\/\/www.pedagogie.ac-nice.fr\/daac\/ether-danse-cirque-en-dracenie\/\" target=\"_blank\" rel=\"noopener\">Cirque et danse en Drac\u00e9nie<\/a><br><a href=\"https:\/\/www.pedagogie.ac-nice.fr\/daac\/ether-danse-cirque-en-dracenie\/\" target=\"_blank\" rel=\"noopener\"><img class=\"aligncenter wp-image-3213 size-full\" src=\"https:\/\/www.pedagogie.ac-nice.fr\/daac\/wp-content\/uploads\/sites\/37\/2021\/05\/Ether.jpg\" alt=\"\" width=\"294\" height=\"213\"><\/a><\/p><p style=\"text-align: center;\">\u00a0<\/p><p>\u00a0<\/p><p>\u00a0<\/p>","_et_gb_content_width":"","ngg_post_thumbnail":0,"footnotes":""},"class_list":["post-3438","page","type-page","status-publish","hentry"],"rttpg_featured_image_url":null,"rttpg_author":{"display_name":"daacadmin","author_link":"https:\/\/www.pedagogie.ac-nice.fr\/daac\/author\/daacadmin\/"},"rttpg_comment":0,"rttpg_category":null,"rttpg_excerpt":"\u00a9 2022-2023 Th\u00e9\u00e2tres en Drac\u00e9nieSc\u00e8ne conventionn\u00e9e d'int\u00e9r\u00eat national mention Art et Cr\u00e9ation DanseP\u00f4le R\u00e9gional de D\u00e9veloppement CulturelDraguignanComme chaque ann\u00e9e, Th\u00e9\u00e2tres en Drac\u00e9nie vous accompagne dans la mise en place de vos sorties scolaires et de projets d'Education Artistique et Culturelle (EAC). La programmation 2022-2023 ainsi que les projets EAC associ\u00e9s ont \u00e9t\u00e9 pr\u00e9sent\u00e9es aux enseignants\u2026","post_mailing_queue_ids":[],"_links":{"self":[{"href":"https:\/\/www.pedagogie.ac-nice.fr\/daac\/wp-json\/wp\/v2\/pages\/3438","targetHints":{"allow":["GET"]}}],"collection":[{"href":"https:\/\/www.pedagogie.ac-nice.fr\/daac\/wp-json\/wp\/v2\/pages"}],"about":[{"href":"https:\/\/www.pedagogie.ac-nice.fr\/daac\/wp-json\/wp\/v2\/types\/page"}],"author":[{"embeddable":true,"href":"https:\/\/www.pedagogie.ac-nice.fr\/daac\/wp-json\/wp\/v2\/users\/241"}],"replies":[{"embeddable":true,"href":"https:\/\/www.pedagogie.ac-nice.fr\/daac\/wp-json\/wp\/v2\/comments?post=3438"}],"version-history":[{"count":21,"href":"https:\/\/www.pedagogie.ac-nice.fr\/daac\/wp-json\/wp\/v2\/pages\/3438\/revisions"}],"predecessor-version":[{"id":12758,"href":"https:\/\/www.pedagogie.ac-nice.fr\/daac\/wp-json\/wp\/v2\/pages\/3438\/revisions\/12758"}],"wp:attachment":[{"href":"https:\/\/www.pedagogie.ac-nice.fr\/daac\/wp-json\/wp\/v2\/media?parent=3438"}],"curies":[{"name":"wp","href":"https:\/\/api.w.org\/{rel}","templated":true}]}}