{"id":3454,"date":"2021-05-23T23:39:21","date_gmt":"2021-05-23T21:39:21","guid":{"rendered":"https:\/\/www.pedagogie.ac-nice.fr\/daac\/?page_id=3454"},"modified":"2023-02-21T14:32:09","modified_gmt":"2023-02-21T13:32:09","slug":"forum-jacques-prevert-carros-06","status":"publish","type":"page","link":"https:\/\/www.pedagogie.ac-nice.fr\/daac\/forum-jacques-prevert-carros-06\/","title":{"rendered":"Forum Jacques Pr\u00e9vert (Carros, 06)"},"content":{"rendered":"<p>[et_pb_section fb_built=\u00a0\u00bb1&Prime; _builder_version=\u00a0\u00bb3.22&Prime; global_colors_info=\u00a0\u00bb{}\u00a0\u00bb][et_pb_row column_structure=\u00a0\u00bb1_3,2_3&Prime; _builder_version=\u00a0\u00bb3.25&Prime; background_size=\u00a0\u00bbinitial\u00a0\u00bb background_position=\u00a0\u00bbtop_left\u00a0\u00bb background_repeat=\u00a0\u00bbrepeat\u00a0\u00bb global_colors_info=\u00a0\u00bb{}\u00a0\u00bb][et_pb_column type=\u00a0\u00bb1_3&Prime; _builder_version=\u00a0\u00bb3.25&Prime; custom_padding=\u00a0\u00bb|||\u00a0\u00bb global_colors_info=\u00a0\u00bb{}\u00a0\u00bb custom_padding__hover=\u00a0\u00bb|||\u00a0\u00bb][et_pb_text admin_label=\u00a0\u00bbdomaine theatre\u00a0\u00bb _builder_version=\u00a0\u00bb4.10.7&Prime; _module_preset=\u00a0\u00bbdefault\u00a0\u00bb global_colors_info=\u00a0\u00bb{}\u00a0\u00bb]<\/p>\n<p><a href=\"https:\/\/www.pedagogie.ac-nice.fr\/daac\/theatre-asv\/\" target=\"_blank\" rel=\"noopener\"><img loading=\"lazy\" decoding=\"async\" class=\"aligncenter wp-image-5928\" src=\"https:\/\/www.pedagogie.ac-nice.fr\/daac\/wp-content\/uploads\/sites\/37\/2021\/09\/theatre.png\" alt=\"\" width=\"274\" height=\"171\" srcset=\"https:\/\/www.pedagogie.ac-nice.fr\/daac\/wp-content\/uploads\/sites\/37\/2021\/09\/theatre.png 348w, https:\/\/www.pedagogie.ac-nice.fr\/daac\/wp-content\/uploads\/sites\/37\/2021\/09\/theatre-300x187.png 300w\" sizes=\"(max-width: 274px) 100vw, 274px\" \/><\/a><\/p>\n<p>[\/et_pb_text][et_pb_divider _builder_version=\u00a0\u00bb4.10.7&Prime; _module_preset=\u00a0\u00bbdefault\u00a0\u00bb global_colors_info=\u00a0\u00bb{}\u00a0\u00bb][\/et_pb_divider][et_pb_text admin_label=\u00a0\u00bblogo J Prevert\u00a0\u00bb _builder_version=\u00a0\u00bb4.10.7&Prime; background_size=\u00a0\u00bbinitial\u00a0\u00bb background_position=\u00a0\u00bbtop_left\u00a0\u00bb background_repeat=\u00a0\u00bbrepeat\u00a0\u00bb global_colors_info=\u00a0\u00bb{}\u00a0\u00bb]<\/p>\n<p><img loading=\"lazy\" decoding=\"async\" class=\"size-full wp-image-2669 aligncenter\" src=\"https:\/\/www.pedagogie.ac-nice.fr\/daac\/wp-content\/uploads\/sites\/37\/2021\/03\/forum_prevert-1.jpg\" alt=\"\" width=\"218\" height=\"205\"><\/p>\n<p style=\"text-align: justify;\">&nbsp;<\/p>\n<p>[\/et_pb_text][et_pb_divider _builder_version=\u00a0\u00bb4.10.7&Prime; _module_preset=\u00a0\u00bbdefault\u00a0\u00bb global_colors_info=\u00a0\u00bb{}\u00a0\u00bb][\/et_pb_divider][et_pb_text admin_label=\u00a0\u00bbpartenariat\u00a0\u00bb _builder_version=\u00a0\u00bb4.10.7&Prime; _module_preset=\u00a0\u00bbdefault\u00a0\u00bb global_colors_info=\u00a0\u00bb{}\u00a0\u00bb]<\/p>\n<p><img loading=\"lazy\" decoding=\"async\" class=\"wp-image-6275 aligncenter\" src=\"https:\/\/www.pedagogie.ac-nice.fr\/daac\/wp-content\/uploads\/sites\/37\/2021\/09\/partenariat.png\" alt=\"\" width=\"216\" height=\"141\" srcset=\"https:\/\/www.pedagogie.ac-nice.fr\/daac\/wp-content\/uploads\/sites\/37\/2021\/09\/partenariat.png 344w, https:\/\/www.pedagogie.ac-nice.fr\/daac\/wp-content\/uploads\/sites\/37\/2021\/09\/partenariat-300x196.png 300w\" sizes=\"(max-width: 216px) 100vw, 216px\" \/><\/p>\n<p>[\/et_pb_text][\/et_pb_column][et_pb_column type=\u00a0\u00bb2_3&Prime; _builder_version=\u00a0\u00bb3.25&Prime; custom_padding=\u00a0\u00bb|||\u00a0\u00bb global_colors_info=\u00a0\u00bb{}\u00a0\u00bb custom_padding__hover=\u00a0\u00bb|||\u00a0\u00bb][et_pb_text admin_label=\u00a0\u00bbmercredi enseignant\u00a0\u00bb _builder_version=\u00a0\u00bb4.10.7&Prime; _module_preset=\u00a0\u00bbdefault\u00a0\u00bb text_font=\u00a0\u00bbTrebuchet||||||||\u00a0\u00bb global_colors_info=\u00a0\u00bb{}\u00a0\u00bb]<\/p>\n<p style=\"text-align: center;\"><span style=\"color: #993366;\"><strong>Mercredi Enseignants Forum Jacques Pr\u00e9vert<\/strong><\/span><\/p>\n<p style=\"text-align: center;\"><span style=\"color: #0000ff;\"><span style=\"color: #000000;\">Mercredi 8 juin 2022 de 14h \u00e0 17h<\/span><br \/><span style=\"color: #000000;\">Toutes les informations ci-dessous<\/span><br \/><a href=\"https:\/\/www.pedagogie.ac-nice.fr\/daac\/wp-content\/uploads\/sites\/37\/2022\/05\/Mercredi-8-06-22-Forum-Jacques-Prevert-1.pdf\" target=\"_blank\" rel=\"noopener\"><img loading=\"lazy\" decoding=\"async\" class=\"alignnone wp-image-6496\" src=\"https:\/\/www.pedagogie.ac-nice.fr\/daac\/wp-content\/uploads\/sites\/37\/2021\/09\/mercredis_enseignants-1.png\" alt=\"\" width=\"227\" height=\"167\" \/><\/a><\/span><\/p>\n<p>[\/et_pb_text][et_pb_text admin_label=\u00a0\u00bbdossier peda MOnstre\u00a0\u00bb _builder_version=\u00a0\u00bb4.10.7&Prime; _module_preset=\u00a0\u00bbdefault\u00a0\u00bb text_font=\u00a0\u00bbTrebuchet||||||||\u00a0\u00bb global_colors_info=\u00a0\u00bb{}\u00a0\u00bb]<\/p>\n<p style=\"text-align: center;\"><span style=\"color: #993366;\"><strong>Dossier p\u00e9dagogique<\/strong><\/span><a href=\"https:\/\/www.pedagogie.ac-nice.fr\/daac\/wp-content\/uploads\/sites\/37\/2022\/05\/Dossier-MOnstre_jprevert.pdf\" target=\"_blank\" rel=\"noopener\"><img loading=\"lazy\" decoding=\"async\" class=\"aligncenter wp-image-12811 \" src=\"https:\/\/www.pedagogie.ac-nice.fr\/daac\/wp-content\/uploads\/sites\/37\/2022\/05\/visuel_monstre.jpg\" alt=\"\" width=\"299\" height=\"478\" srcset=\"https:\/\/www.pedagogie.ac-nice.fr\/daac\/wp-content\/uploads\/sites\/37\/2022\/05\/visuel_monstre.jpg 377w, https:\/\/www.pedagogie.ac-nice.fr\/daac\/wp-content\/uploads\/sites\/37\/2022\/05\/visuel_monstre-188x300.jpg 188w\" sizes=\"(max-width: 299px) 100vw, 299px\" \/><\/a><\/p>\n<p>[\/et_pb_text][et_pb_text admin_label=\u00a0\u00bbcontact\u00a0\u00bb _builder_version=\u00a0\u00bb4.10.7&Prime; background_size=\u00a0\u00bbinitial\u00a0\u00bb background_position=\u00a0\u00bbtop_left\u00a0\u00bb background_repeat=\u00a0\u00bbrepeat\u00a0\u00bb hover_enabled=\u00a0\u00bb0&Prime; global_colors_info=\u00a0\u00bb{}\u00a0\u00bb text_font=\u00a0\u00bbTrebuchet||||||||\u00a0\u00bb sticky_enabled=\u00a0\u00bb0&Prime;]<\/p>\n<p><img loading=\"lazy\" decoding=\"async\" class=\"wp-image-541 aligncenter\" src=\"https:\/\/www.pedagogie.ac-nice.fr\/daac\/wp-content\/uploads\/sites\/37\/2020\/09\/contact.png\" alt=\"\" width=\"81\" height=\"77\" \/><\/p>\n<p style=\"text-align: justify;\"><span style=\"color: #000000;\"><strong>Charg\u00e9e de mission DAAC<\/strong> : Nadine Gehin &#8211; nadine.gehin@ac-nice.fr<\/span><br \/><span style=\"color: #000000;\"><strong>Coordination DAAC : <\/strong>Joelle Bolot &#8211; joelle.bolot@ac-nice.fr<\/span><br \/><span dir=\"ltr\" style=\"color: #000000;\"><br \/><strong>Contact Forum Jacques Pr\u00e9vert<\/strong><br \/>Charlotte POLLET &#8211; 04.97.10.24.83\u00a0ou 07.49.62.06.01<\/span><\/p>\n<p>[\/et_pb_text][\/et_pb_column][\/et_pb_row][\/et_pb_section]<\/p>\n","protected":false},"excerpt":{"rendered":"<p>&nbsp;Mercredi Enseignants Forum Jacques Pr\u00e9vert Mercredi 8 juin 2022 de 14h \u00e0 17hToutes les informations ci-dessousDossier p\u00e9dagogique Charg\u00e9e de mission DAAC : Nadine Gehin &#8211; nadine.gehin@ac-nice.frCoordination DAAC : Joelle Bolot &#8211; joelle.bolot@ac-nice.frContact Forum Jacques Pr\u00e9vertCharlotte POLLET &#8211; 04.97.10.24.83\u00a0ou 07.49.62.06.01<\/p>\n","protected":false},"author":241,"featured_media":0,"parent":0,"menu_order":0,"comment_status":"closed","ping_status":"closed","template":"","meta":{"_et_pb_use_builder":"on","_et_pb_old_content":"<p><img class=\"size-full wp-image-2669 aligncenter\" src=\"https:\/\/www.pedagogie.ac-nice.fr\/daac\/wp-content\/uploads\/sites\/37\/2021\/03\/forum_prevert-1.jpg\" alt=\"\" width=\"218\" height=\"205\"><\/p><p style=\"text-align: center;\"><strong><span style=\"color: #ff00ff;\">En juin : un Festival De l'Air organis\u00e9 par le Forum J. Pr\u00e9vert<br><img class=\"size-full wp-image-3690 aligncenter\" src=\"https:\/\/www.pedagogie.ac-nice.fr\/daac\/wp-content\/uploads\/sites\/37\/2021\/06\/festival_de_lair.jpg\" alt=\"\" width=\"622\" height=\"129\"><\/span><\/strong><span style=\"color: #0000ff;\">D\u00e9couvrez tout le programme ici<\/span> <a href=\"https:\/\/www.pedagogie.ac-nice.fr\/daac\/wp-content\/uploads\/sites\/37\/2021\/06\/festival_de_l_air_prevert.pdf\" target=\"_blank\" rel=\"noopener\"><img class=\"alignnone size-full wp-image-1499\" src=\"https:\/\/www.pedagogie.ac-nice.fr\/daac\/wp-content\/uploads\/sites\/37\/2020\/12\/puce_rose.jpg\" alt=\"\" width=\"80\" height=\"65\"><\/a><\/p><p>\u00a0<\/p><p style=\"text-align: left;\"><span style=\"font-size: 14pt;\"><strong><span style=\"color: #0000ff;\">Les Mercredis Enseignants du Forum Jacques Pr\u00e9vert<\/span><\/strong><br><\/span><br><span style=\"color: #0000ff;\">Tout au long de l'ann\u00e9e, le Forum Jacques Pr\u00e9vert proposent des rencontres et des formations aux enseignants en partenariat avec la DAAC de Nice.\u00a0<\/span><\/p><p style=\"text-align: justify;\"><strong><span style=\"color: #ff00ff; font-size: 12pt;\"><a href=\"https:\/\/www.pedagogie.ac-nice.fr\/daac\/wp-content\/uploads\/sites\/37\/2021\/05\/Mercredi_020621_Forum_Prevert.pdf\" target=\"_blank\" rel=\"noopener\"><img class=\"wp-image-1499 alignleft\" src=\"https:\/\/www.pedagogie.ac-nice.fr\/daac\/wp-content\/uploads\/sites\/37\/2020\/12\/puce_rose.jpg\" alt=\"\" width=\"71\" height=\"57\"><\/a><span style=\"font-size: 10pt;\">Mercredi 2 juin 2021 : <\/span><\/span><\/strong><span style=\"font-size: 10pt;\"><span style=\"color: #ff00ff;\">un mercredi Enseignants pour <\/span><span style=\"color: #ff00ff;\">aborder la question de la pluridisciplinarit\u00e9 dans les projets d\u2019\u00e9ducation artistique et culturelle \u00e0 travers le prisme du spectacle vivant.\u00a0 <\/span><\/span><\/p><p style=\"text-align: justify;\" align=\"justify\"><span style=\"font-size: 10pt;\"><span style=\"color: #0000ff;\"><strong>M<a href=\"https:\/\/www.pedagogie.ac-nice.fr\/daac\/wp-content\/uploads\/sites\/37\/2021\/04\/Mercredi_Forum_J_Prevert_28mai.pdf\" target=\"_blank\" rel=\"noopener\"><img class=\"wp-image-1380 alignleft\" src=\"https:\/\/www.pedagogie.ac-nice.fr\/daac\/wp-content\/uploads\/sites\/37\/2020\/11\/clic_bleu.jpg\" alt=\"\" width=\"54\" height=\"47\"><\/a>ercredi 28 mai 2021 :<\/strong>\u00a0 un mercredi Enseignants <\/span><span style=\"color: #0000ff;\"><span dir=\"ltr\">pour aborder la question de la place de <\/span><span dir=\"ltr\">l\u2019homme et de son interconnexion au sein d\u2019un environnement en <\/span><span dir=\"ltr\">pleine mutation. Le spectacle vivant est propos\u00e9 comme un outil <\/span><\/span><span dir=\"ltr\"><span style=\"color: #0000ff;\">fondamental pour mener cette r\u00e9flexion avec les \u00e9l\u00e8ves.<\/span> <\/span><\/span><\/p><p style=\"text-align: center;\" align=\"justify\">\u00a0<\/p><p><img class=\"wp-image-541 aligncenter\" src=\"https:\/\/www.pedagogie.ac-nice.fr\/daac\/wp-content\/uploads\/sites\/37\/2020\/09\/contact.png\" alt=\"\" width=\"81\" height=\"77\"><\/p><p style=\"text-align: justify;\">Charg\u00e9e de mission DAAC : Nadine Gehin - nadine.gehin@ac-nice.fr<br>Coordination DAAC : Joelle Bolot<br><span dir=\"ltr\"><br>Contact Forum Jacques Pr\u00e9vert<br>Charlotte POLLET - 04.97.10.24.83\u00a0ou 07.49.62.06.01<\/span><\/p>","_et_gb_content_width":"","ngg_post_thumbnail":0,"footnotes":""},"class_list":["post-3454","page","type-page","status-publish","hentry"],"rttpg_featured_image_url":null,"rttpg_author":{"display_name":"daacadmin","author_link":"https:\/\/www.pedagogie.ac-nice.fr\/daac\/author\/daacadmin\/"},"rttpg_comment":0,"rttpg_category":null,"rttpg_excerpt":"&nbsp;Mercredi Enseignants Forum Jacques Pr\u00e9vert Mercredi 8 juin 2022 de 14h \u00e0 17hToutes les informations ci-dessousDossier p\u00e9dagogique Charg\u00e9e de mission DAAC : Nadine Gehin - nadine.gehin@ac-nice.frCoordination DAAC : Joelle Bolot - joelle.bolot@ac-nice.frContact Forum Jacques Pr\u00e9vertCharlotte POLLET - 04.97.10.24.83\u00a0ou 07.49.62.06.01","post_mailing_queue_ids":[],"_links":{"self":[{"href":"https:\/\/www.pedagogie.ac-nice.fr\/daac\/wp-json\/wp\/v2\/pages\/3454","targetHints":{"allow":["GET"]}}],"collection":[{"href":"https:\/\/www.pedagogie.ac-nice.fr\/daac\/wp-json\/wp\/v2\/pages"}],"about":[{"href":"https:\/\/www.pedagogie.ac-nice.fr\/daac\/wp-json\/wp\/v2\/types\/page"}],"author":[{"embeddable":true,"href":"https:\/\/www.pedagogie.ac-nice.fr\/daac\/wp-json\/wp\/v2\/users\/241"}],"replies":[{"embeddable":true,"href":"https:\/\/www.pedagogie.ac-nice.fr\/daac\/wp-json\/wp\/v2\/comments?post=3454"}],"version-history":[{"count":25,"href":"https:\/\/www.pedagogie.ac-nice.fr\/daac\/wp-json\/wp\/v2\/pages\/3454\/revisions"}],"predecessor-version":[{"id":14643,"href":"https:\/\/www.pedagogie.ac-nice.fr\/daac\/wp-json\/wp\/v2\/pages\/3454\/revisions\/14643"}],"wp:attachment":[{"href":"https:\/\/www.pedagogie.ac-nice.fr\/daac\/wp-json\/wp\/v2\/media?parent=3454"}],"curies":[{"name":"wp","href":"https:\/\/api.w.org\/{rel}","templated":true}]}}