{"id":3682,"date":"2021-06-03T16:04:43","date_gmt":"2021-06-03T14:04:43","guid":{"rendered":"https:\/\/www.pedagogie.ac-nice.fr\/daac\/?page_id=3682"},"modified":"2023-07-06T16:01:36","modified_gmt":"2023-07-06T14:01:36","slug":"le-coordonateur-eac-des-alpes-maritimes","status":"publish","type":"page","link":"https:\/\/www.pedagogie.ac-nice.fr\/daac\/le-coordonateur-eac-des-alpes-maritimes\/","title":{"rendered":"Le coordonateur EAC des Alpes-Maritimes"},"content":{"rendered":"<p>[et_pb_section fb_built=\u00a0\u00bb1&Prime; admin_label=\u00a0\u00bbsection\u00a0\u00bb _builder_version=\u00a0\u00bb3.22&Prime; global_colors_info=\u00a0\u00bb{}\u00a0\u00bb][et_pb_row admin_label=\u00a0\u00bbrow\u00a0\u00bb _builder_version=\u00a0\u00bb3.25&Prime; background_size=\u00a0\u00bbinitial\u00a0\u00bb background_position=\u00a0\u00bbtop_left\u00a0\u00bb background_repeat=\u00a0\u00bbrepeat\u00a0\u00bb global_colors_info=\u00a0\u00bb{}\u00a0\u00bb][et_pb_column type=\u00a0\u00bb4_4&Prime; _builder_version=\u00a0\u00bb3.25&Prime; custom_padding=\u00a0\u00bb|||\u00a0\u00bb global_colors_info=\u00a0\u00bb{}\u00a0\u00bb custom_padding__hover=\u00a0\u00bb|||\u00a0\u00bb][et_pb_text admin_label=\u00a0\u00bbText\u00a0\u00bb _builder_version=\u00a0\u00bb3.27.4&Prime; background_size=\u00a0\u00bbinitial\u00a0\u00bb background_position=\u00a0\u00bbtop_left\u00a0\u00bb background_repeat=\u00a0\u00bbrepeat\u00a0\u00bb global_colors_info=\u00a0\u00bb{}\u00a0\u00bb]<\/p>\n<p><img loading=\"lazy\" decoding=\"async\" class=\"alignnone size-medium wp-image-483 aligncenter\" src=\"https:\/\/www.pedagogie.ac-nice.fr\/daac\/wp-content\/uploads\/sites\/37\/2020\/09\/liaison-ecole-colle\u0300ge-1-300x200.jpg\" alt=\"\" width=\"300\" height=\"200\" srcset=\"https:\/\/www.pedagogie.ac-nice.fr\/daac\/wp-content\/uploads\/sites\/37\/2020\/09\/liaison-ecole-colle\u0300ge-1-300x200.jpg 300w, https:\/\/www.pedagogie.ac-nice.fr\/daac\/wp-content\/uploads\/sites\/37\/2020\/09\/liaison-ecole-colle\u0300ge-1-1024x682.jpg 1024w, https:\/\/www.pedagogie.ac-nice.fr\/daac\/wp-content\/uploads\/sites\/37\/2020\/09\/liaison-ecole-colle\u0300ge-1-768x512.jpg 768w, https:\/\/www.pedagogie.ac-nice.fr\/daac\/wp-content\/uploads\/sites\/37\/2020\/09\/liaison-ecole-colle\u0300ge-1.jpg 1280w\" sizes=\"(max-width: 300px) 100vw, 300px\" \/><\/p>\n<p style=\"text-align: justify;\"><span style=\"color: #000000;\">Dans le d\u00e9partement des Alpes Maritimes, Fr\u00e9d\u00e9rick Lacroix, coordonnateur d\u00e9partemental EAC a un r\u00f4le d&rsquo;appui pour le 1er degr\u00e9. Il accompagnement les \u00e9tablissements scolaires dans le d\u00e9veloppement de la liaison \u00e9cole(s)\/coll\u00e8ge, en concertation avec l&rsquo;IEN en charge de ce domaine au niveau d\u00e9partemental et en lien avec les coordonnateurs sectoriels de la DAAC ainsi que les conseillers p\u00e9dagogiques d\u00e9partementaux. Il est \u00e9galement le principal interlocuteur des r\u00e9f\u00e9rents culturels des \u00e9tablissements du second degr\u00e9 et est \u00e0 l&rsquo;\u00e9coute des porteurs de projets dans les \u00e9coles du 1er degr\u00e9.<\/span><\/p>\n<p><span style=\"color: #000000;\"><strong>Les axes forts concernent :<\/strong><\/span><\/p>\n<ul>\n<li style=\"text-align: justify;\"><span style=\"color: #000000;\">le d\u00e9veloppement du plan choral D\u00e9partement des Alpes Maritimes dans le Moyen et dans le Haut pays.<\/span><\/li>\n<li style=\"text-align: justify;\"><span style=\"color: #000000;\">le d\u00e9ploiement de l&rsquo;<a style=\"color: #000000;\" href=\"https:\/\/www.pedagogie.ac-nice.fr\/daac\/pae-3\/\" target=\"_blank\" rel=\"noopener noreferrer\">Application Adage<\/a> d\u00e9di\u00e9e \u00e0 la g\u00e9n\u00e9ralisation de l&rsquo;EAC sur le territoire : appels \u00e0 projet et recensement.<\/span><\/li>\n<li style=\"text-align: justify;\"><span style=\"color: #000000;\">Le d\u00e9ploiement de la liaison \u00e9cole\/coll\u00e8ge sur les projets EAC de cycle 3 du d\u00e9partement des Alpes Maritimes.<\/span><\/li>\n<\/ul>\n<p style=\"text-align: justify;\"><span style=\"color: #000000;\"><strong>Contact<\/strong> : frederick.lacroix@ac-nice.<\/span><\/p>\n<p>[\/et_pb_text][et_pb_divider _builder_version=\u00a0\u00bb4.10.7&Prime; _module_preset=\u00a0\u00bbdefault\u00a0\u00bb global_colors_info=\u00a0\u00bb{}\u00a0\u00bb][\/et_pb_divider][et_pb_text _builder_version=\u00a0\u00bb4.10.7&Prime; _module_preset=\u00a0\u00bbdefault\u00a0\u00bb text_font=\u00a0\u00bbTrebuchet||||||||\u00a0\u00bb text_text_color=\u00a0\u00bb#000000&Prime; text_font_size=\u00a0\u00bb16px\u00a0\u00bb text_orientation=\u00a0\u00bbcenter\u00a0\u00bb global_colors_info=\u00a0\u00bb{}\u00a0\u00bb]<\/p>\n<p><a href=\"https:\/\/www.pedagogie.ac-nice.fr\/daac\/chorales-departementales-en-chantarts-ou-lenfance-des-arts\/\"><span style=\"color: #993366;\">Retour sur le dispositif <\/span><\/a><\/p>\n<p><a href=\"https:\/\/www.pedagogie.ac-nice.fr\/daac\/chorales-departementales-en-chantarts-ou-lenfance-des-arts\/\"><span style=\"color: #993366;\">CHORALES DEPARTEMENTALES DES ECOLES ELEMENTAIRES 2022-2023<\/span><\/a><br \/><a href=\"https:\/\/www.pedagogie.ac-nice.fr\/daac\/chorales-departementales-en-chantarts-ou-lenfance-des-arts\/\"><span style=\"color: #993366;\">Th\u00e8me : \u00ab En Chant\u2019Arts ou L\u2019Enfance des Arts \u00bb<\/span><\/a><\/p>\n<p><span style=\"color: #993366;\"><\/span><\/p>\n<p>[\/et_pb_text][\/et_pb_column][\/et_pb_row][\/et_pb_section]<\/p>\n","protected":false},"excerpt":{"rendered":"<p>Dans le d\u00e9partement des Alpes Maritimes, Fr\u00e9d\u00e9rick Lacroix, coordonnateur d\u00e9partemental EAC a un r\u00f4le d&rsquo;appui pour le 1er degr\u00e9. Il accompagnement les \u00e9tablissements scolaires dans le d\u00e9veloppement de la liaison \u00e9cole(s)\/coll\u00e8ge, en concertation avec l&rsquo;IEN en charge de ce domaine au niveau d\u00e9partemental et en lien avec les coordonnateurs sectoriels de la DAAC ainsi que [&hellip;]<\/p>\n","protected":false},"author":241,"featured_media":0,"parent":0,"menu_order":0,"comment_status":"closed","ping_status":"closed","template":"","meta":{"_et_pb_use_builder":"on","_et_pb_old_content":"<img class=\"alignnone size-medium wp-image-483 aligncenter\" src=\"https:\/\/www.pedagogie.ac-nice.fr\/daac\/wp-content\/uploads\/sites\/37\/2020\/09\/liaison-ecole-colle\u0300ge-1-300x200.jpg\" alt=\"\" width=\"300\" height=\"200\">\r\n<p style=\"text-align: justify;\"><span style=\"color: #000000;\">Dans le d\u00e9partement des Alpes Maritimes, Fr\u00e9d\u00e9rick Lacroix, coordonnateur d\u00e9partemental EAC a un r\u00f4le d'appui pour le 1er degr\u00e9. Il accompagnement les \u00e9tablissements scolaires dans le d\u00e9veloppement de la liaison \u00e9cole(s)\/coll\u00e8ge, en concertation avec l'IEN en charge de ce domaine au niveau d\u00e9partemental et en lien avec les coordonnateurs sectoriels de la DAAC ainsi que les conseillers p\u00e9dagogiques d\u00e9partementaux. Il est \u00e9galement le principal interlocuteur des r\u00e9f\u00e9rents culturels des \u00e9tablissements du second degr\u00e9 et est \u00e0 l'\u00e9coute des porteurs de projets dans les \u00e9coles du 1er degr\u00e9.<\/span><\/p>\r\n<span style=\"color: #000000;\"><strong>Les axes forts de l'ann\u00e9e 2020-2021 concernent :<\/strong><\/span>\r\n<ul>\r\n \t<li style=\"text-align: justify;\"><span style=\"color: #000000;\">le d\u00e9veloppement du plan choral D\u00e9partement des Alpes Maritimes dans le Moyen et dans le Haut pays.<\/span><\/li>\r\n \t<li style=\"text-align: justify;\"><span style=\"color: #000000;\">le d\u00e9ploiement de l'<a style=\"color: #000000;\" href=\"https:\/\/www.pedagogie.ac-nice.fr\/daac\/pae-3\/\" target=\"_blank\" rel=\"noopener noreferrer\">Application Adage<\/a> d\u00e9di\u00e9e \u00e0 la g\u00e9n\u00e9ralisation de l'EAC sur le territoire : appels \u00e0 projet et recensement.<\/span><\/li>\r\n \t<li style=\"text-align: justify;\"><span style=\"color: #000000;\">Le d\u00e9ploiement de la liaison \u00e9cole\/coll\u00e8ge sur les projets EAC de cycle 3 du d\u00e9partement des Alpes Maritimes.<\/span><\/li>\r\n<\/ul>\r\n<p style=\"text-align: justify;\"><span style=\"color: #000000;\"><strong>Contact<\/strong> : frederick.lacroix@ac-nice.<\/span><\/p>","_et_gb_content_width":"","ngg_post_thumbnail":0,"footnotes":""},"class_list":["post-3682","page","type-page","status-publish","hentry"],"rttpg_featured_image_url":null,"rttpg_author":{"display_name":"daacadmin","author_link":"https:\/\/www.pedagogie.ac-nice.fr\/daac\/author\/daacadmin\/"},"rttpg_comment":0,"rttpg_category":null,"rttpg_excerpt":"Dans le d\u00e9partement des Alpes Maritimes, Fr\u00e9d\u00e9rick Lacroix, coordonnateur d\u00e9partemental EAC a un r\u00f4le d'appui pour le 1er degr\u00e9. Il accompagnement les \u00e9tablissements scolaires dans le d\u00e9veloppement de la liaison \u00e9cole(s)\/coll\u00e8ge, en concertation avec l'IEN en charge de ce domaine au niveau d\u00e9partemental et en lien avec les coordonnateurs sectoriels de la DAAC ainsi que\u2026","post_mailing_queue_ids":[],"_links":{"self":[{"href":"https:\/\/www.pedagogie.ac-nice.fr\/daac\/wp-json\/wp\/v2\/pages\/3682","targetHints":{"allow":["GET"]}}],"collection":[{"href":"https:\/\/www.pedagogie.ac-nice.fr\/daac\/wp-json\/wp\/v2\/pages"}],"about":[{"href":"https:\/\/www.pedagogie.ac-nice.fr\/daac\/wp-json\/wp\/v2\/types\/page"}],"author":[{"embeddable":true,"href":"https:\/\/www.pedagogie.ac-nice.fr\/daac\/wp-json\/wp\/v2\/users\/241"}],"replies":[{"embeddable":true,"href":"https:\/\/www.pedagogie.ac-nice.fr\/daac\/wp-json\/wp\/v2\/comments?post=3682"}],"version-history":[{"count":5,"href":"https:\/\/www.pedagogie.ac-nice.fr\/daac\/wp-json\/wp\/v2\/pages\/3682\/revisions"}],"predecessor-version":[{"id":15072,"href":"https:\/\/www.pedagogie.ac-nice.fr\/daac\/wp-json\/wp\/v2\/pages\/3682\/revisions\/15072"}],"wp:attachment":[{"href":"https:\/\/www.pedagogie.ac-nice.fr\/daac\/wp-json\/wp\/v2\/media?parent=3682"}],"curies":[{"name":"wp","href":"https:\/\/api.w.org\/{rel}","templated":true}]}}