{"id":3739,"date":"2021-06-07T18:26:29","date_gmt":"2021-06-07T16:26:29","guid":{"rendered":"https:\/\/www.pedagogie.ac-nice.fr\/daac\/?page_id=3739"},"modified":"2021-10-03T21:10:49","modified_gmt":"2021-10-03T19:10:49","slug":"le-caue-du-var-propose","status":"publish","type":"page","link":"https:\/\/www.pedagogie.ac-nice.fr\/daac\/le-caue-du-var-propose\/","title":{"rendered":"Le CAUE du Var propose &#8230;."},"content":{"rendered":"<p>[et_pb_section fb_built=\u00a0\u00bb1&Prime; _builder_version=\u00a0\u00bb3.22&Prime; global_colors_info=\u00a0\u00bb{}\u00a0\u00bb][et_pb_row column_structure=\u00a0\u00bb2_5,3_5&Prime; _builder_version=\u00a0\u00bb4.10.7&Prime; _module_preset=\u00a0\u00bbdefault\u00a0\u00bb global_colors_info=\u00a0\u00bb{}\u00a0\u00bb][et_pb_column type=\u00a0\u00bb2_5&Prime; _builder_version=\u00a0\u00bb4.10.7&Prime; _module_preset=\u00a0\u00bbdefault\u00a0\u00bb global_colors_info=\u00a0\u00bb{}\u00a0\u00bb][et_pb_text admin_label=\u00a0\u00bbdomaine archi daac\u00a0\u00bb _builder_version=\u00a0\u00bb4.10.7&Prime; background_size=\u00a0\u00bbinitial\u00a0\u00bb background_position=\u00a0\u00bbtop_left\u00a0\u00bb background_repeat=\u00a0\u00bbrepeat\u00a0\u00bb global_colors_info=\u00a0\u00bb{}\u00a0\u00bb]<\/p>\n<p><a href=\"https:\/\/www.pedagogie.ac-nice.fr\/daac\/domaine-architecture-2021\/\" target=\"_blank\" rel=\"noopener\"><img loading=\"lazy\" decoding=\"async\" class=\"aligncenter wp-image-5918 size-full\" src=\"https:\/\/www.pedagogie.ac-nice.fr\/daac\/wp-content\/uploads\/sites\/37\/2021\/09\/architecture.png\" alt=\"\" width=\"348\" height=\"221\" srcset=\"https:\/\/www.pedagogie.ac-nice.fr\/daac\/wp-content\/uploads\/sites\/37\/2021\/09\/architecture.png 348w, https:\/\/www.pedagogie.ac-nice.fr\/daac\/wp-content\/uploads\/sites\/37\/2021\/09\/architecture-300x191.png 300w\" sizes=\"(max-width: 348px) 100vw, 348px\" \/><\/a><\/p>\n<p>[\/et_pb_text][et_pb_text admin_label=\u00a0\u00bbCAUE Var logo\u00a0\u00bb _builder_version=\u00a0\u00bb4.10.7&Prime; background_size=\u00a0\u00bbinitial\u00a0\u00bb background_position=\u00a0\u00bbtop_left\u00a0\u00bb background_repeat=\u00a0\u00bbrepeat\u00a0\u00bb global_colors_info=\u00a0\u00bb{}\u00a0\u00bb]<\/p>\n<p><img loading=\"lazy\" decoding=\"async\" class=\"size-full wp-image-3740 aligncenter\" src=\"https:\/\/www.pedagogie.ac-nice.fr\/daac\/wp-content\/uploads\/sites\/37\/2021\/06\/CAUE_Var.png\" alt=\"\" width=\"443\" height=\"124\" srcset=\"https:\/\/www.pedagogie.ac-nice.fr\/daac\/wp-content\/uploads\/sites\/37\/2021\/06\/CAUE_Var.png 443w, https:\/\/www.pedagogie.ac-nice.fr\/daac\/wp-content\/uploads\/sites\/37\/2021\/06\/CAUE_Var-300x84.png 300w\" sizes=\"(max-width: 443px) 100vw, 443px\" \/><\/p>\n<p>[\/et_pb_text][\/et_pb_column][et_pb_column type=\u00a0\u00bb3_5&Prime; _builder_version=\u00a0\u00bb4.10.7&Prime; _module_preset=\u00a0\u00bbdefault\u00a0\u00bb global_colors_info=\u00a0\u00bb{}\u00a0\u00bb][et_pb_text _builder_version=\u00a0\u00bb4.10.7&Prime; background_size=\u00a0\u00bbinitial\u00a0\u00bb background_position=\u00a0\u00bbtop_left\u00a0\u00bb background_repeat=\u00a0\u00bbrepeat\u00a0\u00bb hover_enabled=\u00a0\u00bb0&Prime; global_colors_info=\u00a0\u00bb{}\u00a0\u00bb sticky_enabled=\u00a0\u00bb0&Prime;]<\/p>\n<p style=\"text-align: justify;\"><span style=\"color: #0000ff;\">Le Caue du VAR propose cette ann\u00e9e&nbsp; aux classes de CE2 \u00e0 la 3e du Var des ateliers p\u00e9dagogiques.<\/span><br \/><span style=\"color: #0000ff;\">Il s&rsquo;agit&nbsp; de th\u00e9matiques vari\u00e9es permettant de construire des projets interdisciplinaires&nbsp; autour de l&rsquo;architecture (d\u00e9couverte du patrimoine architectural fortifi\u00e9, religieux, architecture contemporaine&#8230;), dans le domaine de l&rsquo;urbanisme (cheminement urbain&#8230;) et dans le domaine de l&rsquo;environnement (d\u00e9couvertes des paysages varois, th\u00e8me de l&rsquo;eau&#8230;).<br \/>Toutes les informations pratiques se trouvent dans les fiches th\u00e9matiques ci dessous :&nbsp;<\/span><\/p>\n<p><a href=\"https:\/\/www.pedagogie.ac-nice.fr\/daac\/wp-content\/uploads\/sites\/37\/2021\/06\/CAUE_VAR_architecture_contemporaine_varoise.pdf\" target=\"_blank\" rel=\"noopener\"><span style=\"color: #0000ff;\">Architecture contemporaine Varoise&nbsp;<\/span><\/a><br \/><span style=\"color: #0000ff;\"><a style=\"color: #0000ff;\" href=\"https:\/\/www.pedagogie.ac-nice.fr\/daac\/wp-content\/uploads\/sites\/37\/2021\/06\/CAUE_Var_Patrimoine_fortifie.pdf\" target=\"_blank\" rel=\"noopener\">Patrimoine fortifi\u00e9&nbsp;<\/a><\/span><br \/><span style=\"color: #0000ff;\"><a style=\"color: #0000ff;\" href=\"https:\/\/www.pedagogie.ac-nice.fr\/daac\/wp-content\/uploads\/sites\/37\/2021\/06\/CAUE_VAR_paysages_varois.pdf\" target=\"_blank\" rel=\"noopener\">Paysages varois<\/a><\/span><br \/><span style=\"color: #0000ff;\"><a style=\"color: #0000ff;\" href=\"https:\/\/www.pedagogie.ac-nice.fr\/daac\/wp-content\/uploads\/sites\/37\/2021\/06\/CAUE_VAR_CHEMINEMENT_URBAIN_Var.pdf\" target=\"_blank\" rel=\"noopener\">Cheminement urbain dans le Var<\/a><\/span><br \/><span style=\"color: #0000ff;\"><a style=\"color: #0000ff;\" href=\"https:\/\/www.pedagogie.ac-nice.fr\/daac\/wp-content\/uploads\/sites\/37\/2021\/06\/CAUE_VAR_ARCHIFRISE_Var.pdf\" target=\"_blank\" rel=\"noopener\">Coup de foudre architectural avec Archifrise Var<\/a><\/span><br \/><span style=\"color: #0000ff;\"><a style=\"color: #0000ff;\" href=\"https:\/\/www.pedagogie.ac-nice.fr\/daac\/wp-content\/uploads\/sites\/37\/2021\/06\/CAUE_VAR_-EAU_-PAYSAGES_-VAROIS.pdf\" target=\"_blank\" rel=\"noopener\">L&rsquo;eau dans les paysages varois<\/a><\/span><br \/><span style=\"color: #0000ff;\"><a style=\"color: #0000ff;\" href=\"https:\/\/www.pedagogie.ac-nice.fr\/daac\/wp-content\/uploads\/sites\/37\/2021\/06\/CAUE-VAR-A-LA-DECOUVERTE-DU-PATRIMOINE-RELIGIEUX-VAROIS-2021-2022.pdf\">A la d\u00e9couverte du patrimoine religieux varois<\/a><\/span><\/p>\n<p><span style=\"color: #ff0000;\"><strong>Inscriptions avant le 30 septembre 2021<\/strong><\/span><\/p>\n<p style=\"text-align: justify;\"><span style=\"color: #0000ff;\">Par ailleurs, des visites architecturales sont propos\u00e9es lors des journ\u00e9es nationales du patrimoine et les journ\u00e9es nationales de l&rsquo;architecture aux classes de CE2, CM1 et CM2:<\/span><\/p>\n<p><span style=\"color: #000080;\"><a style=\"color: #000080;\" href=\"https:\/\/www.pedagogie.ac-nice.fr\/daac\/wp-content\/uploads\/sites\/37\/2021\/06\/CAUE_VAR_JNArchi.pdf\" target=\"_blank\" rel=\"noopener\"><strong>Le 15 octobre 2021<\/strong> &#8211; Promenades urbaines \u00ab Toulon et son patrimoine ART-DECO \u00bb<\/a><\/span><strong><br \/><span style=\"color: #ff0000;\">Inscriptions avant le 5 octobre 2021<\/span><\/strong><\/p>\n<p style=\"text-align: justify;\"><span style=\"color: #0000ff;\">Enfin Mme Glories, charg\u00e9e de mission architecture contemporaine \u00e0 la DAAC, et le Caue restent \u00e0 votre disposition pour vous aider \u00e0 constituer vos projets tout au long de l&rsquo;ann\u00e9e.<\/span><\/p>\n<p><span style=\"color: #0000ff;\">Contact : lydie.glories@ac-nice.fr<\/span><\/p>\n<p>[\/et_pb_text][\/et_pb_column][\/et_pb_row][\/et_pb_section]<\/p>\n","protected":false},"excerpt":{"rendered":"<p>Le Caue du VAR propose cette ann\u00e9e&nbsp; aux classes de CE2 \u00e0 la 3e du Var des ateliers p\u00e9dagogiques.Il s&rsquo;agit&nbsp; de th\u00e9matiques vari\u00e9es permettant de construire des projets interdisciplinaires&nbsp; autour de l&rsquo;architecture (d\u00e9couverte du patrimoine architectural fortifi\u00e9, religieux, architecture contemporaine&#8230;), dans le domaine de l&rsquo;urbanisme (cheminement urbain&#8230;) et dans le domaine de l&rsquo;environnement (d\u00e9couvertes des [&hellip;]<\/p>\n","protected":false},"author":241,"featured_media":0,"parent":0,"menu_order":0,"comment_status":"closed","ping_status":"closed","template":"","meta":{"_et_pb_use_builder":"on","_et_pb_old_content":"<p><img class=\"alignnone size-full wp-image-3740\" src=\"https:\/\/www.pedagogie.ac-nice.fr\/daac\/wp-content\/uploads\/sites\/37\/2021\/06\/CAUE_Var.png\" alt=\"\" width=\"443\" height=\"124\"><\/p><p style=\"text-align: justify;\">Le Caue propose cette ann\u00e9e\u00a0 aux classes de CE2 \u00e0 la 3e du Var des ateliers p\u00e9dagogiques.<br>Il s'agit\u00a0 de th\u00e9matiques vari\u00e9es permettant de construire des projets interdisciplinaires\u00a0 autour de l'architecture (d\u00e9couverte du patrimoine architectural fortifi\u00e9, religieux, architecture contemporaine...), dans le domaine de l'urbanisme (cheminement urbain...) et dans le domaine de l'environnement (d\u00e9couvertes des paysages varois, th\u00e8me de l'eau...). Toutes les informations pratiques se trouvent dans les fiches th\u00e9matiques ci dessous :\u00a0<\/p><p><a href=\"https:\/\/www.pedagogie.ac-nice.fr\/daac\/wp-content\/uploads\/sites\/37\/2021\/06\/CAUE_VAR_architecture_contemporaine_varoise.pdf\" target=\"_blank\" rel=\"noopener\">Architecture contemporaine Varoise\u00a0<\/a><br><a href=\"https:\/\/www.pedagogie.ac-nice.fr\/daac\/wp-content\/uploads\/sites\/37\/2021\/06\/CAUE_Var_Patrimoine_fortifie.pdf\" target=\"_blank\" rel=\"noopener\">Patrimoine fortifi\u00e9\u00a0<\/a><br><a href=\"https:\/\/www.pedagogie.ac-nice.fr\/daac\/wp-content\/uploads\/sites\/37\/2021\/06\/CAUE_VAR_paysages_varois.pdf\" target=\"_blank\" rel=\"noopener\">Paysages varois<\/a><br><a href=\"https:\/\/www.pedagogie.ac-nice.fr\/daac\/wp-content\/uploads\/sites\/37\/2021\/06\/CAUE_VAR_CHEMINEMENT_URBAIN_Var.pdf\" target=\"_blank\" rel=\"noopener\">Cheminement urbain dans le Var<\/a><br><a href=\"https:\/\/www.pedagogie.ac-nice.fr\/daac\/wp-content\/uploads\/sites\/37\/2021\/06\/CAUE_VAR_ARCHIFRISE_Var.pdf\" target=\"_blank\" rel=\"noopener\">Coup de foudre architectural avec Archifrise Var<\/a><br><a href=\"https:\/\/www.pedagogie.ac-nice.fr\/daac\/wp-content\/uploads\/sites\/37\/2021\/06\/CAUE_VAR_-EAU_-PAYSAGES_-VAROIS.pdf\" target=\"_blank\" rel=\"noopener\">L'eau dans les paysages varois<\/a><br><a href=\"https:\/\/www.pedagogie.ac-nice.fr\/daac\/wp-content\/uploads\/sites\/37\/2021\/06\/CAUE-VAR-A-LA-DECOUVERTE-DU-PATRIMOINE-RELIGIEUX-VAROIS-2021-2022.pdf\">A la d\u00e9couverte du patrimoine religieux varois<\/a><\/p><p><span style=\"color: #ff0000;\"><strong>Inscriptions avant le 30 septembre 2021<\/strong><\/span><\/p><p style=\"text-align: justify;\">Par ailleurs, des visites architecturales sont propos\u00e9es lors des journ\u00e9es nationales du patrimoine et les journ\u00e9es nationales de l'architecture aux classes de CE2, CM1 et CM2 :<\/p><p style=\"text-align: justify;\"><span style=\"color: #000080;\"><strong><a style=\"color: #000080;\" href=\"https:\/\/www.pedagogie.ac-nice.fr\/daac\/wp-content\/uploads\/sites\/37\/2021\/06\/Journees_Patrimoine_CAUE_Var.pdf\" target=\"_blank\" rel=\"noopener\">Le 17 septembre 2021<\/a><\/strong> - <a style=\"color: #000080;\" href=\"https:\/\/www.pedagogie.ac-nice.fr\/daac\/wp-content\/uploads\/sites\/37\/2021\/06\/Journees_Patrimoine_CAUE_Var.pdf\" target=\"_blank\" rel=\"noopener\">Promenades urbaines <\/a><\/span><span dir=\"ltr\"><span style=\"color: #000080;\"><a style=\"color: #000080;\" href=\"https:\/\/www.pedagogie.ac-nice.fr\/daac\/wp-content\/uploads\/sites\/37\/2021\/06\/Journees_Patrimoine_CAUE_Var.pdf\" target=\"_blank\" rel=\"noopener\">\" Toulon au fil de l'eau : \u00e0 la d\u00e9couverte de ses fontaines\". \u00a0<\/a><\/span><br><span style=\"color: #ff0000;\"><strong>Inscriptions avant le 10 septembre 2021<\/strong><\/span><\/span><\/p><p><span style=\"color: #000080;\"><a style=\"color: #000080;\" href=\"https:\/\/www.pedagogie.ac-nice.fr\/daac\/wp-content\/uploads\/sites\/37\/2021\/06\/CAUE_VAR_JNArchi.pdf\" target=\"_blank\" rel=\"noopener\"><strong>Le 15 octobre 2021<\/strong> - Promenades urbaines \u00ab Toulon et son patrimoine ART-DECO \u00bb<\/a><\/span><strong><br><span style=\"color: #ff0000;\">Inscriptions avant le 5 octobre 2021<\/span><\/strong><\/p><p style=\"text-align: justify;\">Enfin Mme Glories, charg\u00e9e de mission architecture contemporaine \u00e0 la Daac, et le Caue restent \u00e0 votre disposition pour vous aider \u00e0 constituer vos projets tout au long de l'ann\u00e9e.<\/p><p>Contact : lydie.glories@ac-nice.fr<\/p>","_et_gb_content_width":"","ngg_post_thumbnail":0,"footnotes":""},"class_list":["post-3739","page","type-page","status-publish","hentry"],"rttpg_featured_image_url":null,"rttpg_author":{"display_name":"daacadmin","author_link":"https:\/\/www.pedagogie.ac-nice.fr\/daac\/author\/daacadmin\/"},"rttpg_comment":0,"rttpg_category":null,"rttpg_excerpt":"Le Caue du VAR propose cette ann\u00e9e&nbsp; aux classes de CE2 \u00e0 la 3e du Var des ateliers p\u00e9dagogiques.Il s'agit&nbsp; de th\u00e9matiques vari\u00e9es permettant de construire des projets interdisciplinaires&nbsp; autour de l'architecture (d\u00e9couverte du patrimoine architectural fortifi\u00e9, religieux, architecture contemporaine...), dans le domaine de l'urbanisme (cheminement urbain...) et dans le domaine de l'environnement (d\u00e9couvertes des\u2026","post_mailing_queue_ids":[],"_links":{"self":[{"href":"https:\/\/www.pedagogie.ac-nice.fr\/daac\/wp-json\/wp\/v2\/pages\/3739","targetHints":{"allow":["GET"]}}],"collection":[{"href":"https:\/\/www.pedagogie.ac-nice.fr\/daac\/wp-json\/wp\/v2\/pages"}],"about":[{"href":"https:\/\/www.pedagogie.ac-nice.fr\/daac\/wp-json\/wp\/v2\/types\/page"}],"author":[{"embeddable":true,"href":"https:\/\/www.pedagogie.ac-nice.fr\/daac\/wp-json\/wp\/v2\/users\/241"}],"replies":[{"embeddable":true,"href":"https:\/\/www.pedagogie.ac-nice.fr\/daac\/wp-json\/wp\/v2\/comments?post=3739"}],"version-history":[{"count":25,"href":"https:\/\/www.pedagogie.ac-nice.fr\/daac\/wp-json\/wp\/v2\/pages\/3739\/revisions"}],"predecessor-version":[{"id":7365,"href":"https:\/\/www.pedagogie.ac-nice.fr\/daac\/wp-json\/wp\/v2\/pages\/3739\/revisions\/7365"}],"wp:attachment":[{"href":"https:\/\/www.pedagogie.ac-nice.fr\/daac\/wp-json\/wp\/v2\/media?parent=3739"}],"curies":[{"name":"wp","href":"https:\/\/api.w.org\/{rel}","templated":true}]}}