{"id":3790,"date":"2021-06-07T21:06:45","date_gmt":"2021-06-07T19:06:45","guid":{"rendered":"https:\/\/www.pedagogie.ac-nice.fr\/daac\/?page_id=3790"},"modified":"2021-06-07T21:06:45","modified_gmt":"2021-06-07T19:06:45","slug":"ateliers-danse-scene-55","status":"publish","type":"page","link":"https:\/\/www.pedagogie.ac-nice.fr\/daac\/ateliers-danse-scene-55\/","title":{"rendered":"Ateliers Danse Sc\u00e8ne 55"},"content":{"rendered":"<p align=\"center\"><span style=\"color: #0070c0;\"><b>\u00ab&nbsp;Quatuor \u00e0 corps pour Mozart&nbsp;\u00bb<\/b><\/span><\/p>\n<p align=\"center\"><span style=\"color: #0070c0;\"><b>Ateliers danse \u00e0 l\u2019\u00e9cole Mougins Le Haut et \u00e0 l\u2019\u00e9cole Saint-Martin<\/b><\/span><\/p>\n<p style=\"text-align: justify;\">Une action men\u00e9e en 3 temps afin d\u2019interroger les rapports entre musique et danse, notamment celui \u00e0 la musique classique, de comprendre une chor\u00e9graphie dict\u00e9e par des instruments et de d\u00e9couvrir de mani\u00e8re ludique la musique de Mozart&nbsp;:<\/p>\n<ul style=\"list-style-type: disc;\">\n<li>Un spectacle : \u00ab Quatuor \u00e0 corps de Mozart \u00bb,&nbsp;<\/li>\n<li>&nbsp;Des ateliers danse dans 4 classes de primaire,&nbsp;<\/li>\n<li>Une visite du P\u00f4le National Sup\u00e9rieur de Danse en fin d\u2019ann\u00e9e.<\/li>\n<\/ul>\n<p align=\"justify\">Suite \u00e0 la <span style=\"color: #0563c1;\"><u><a href=\"https:\/\/twitter.com\/scene55mougins\/status\/1317043833205641223\">repr\u00e9sentation scolaire<\/a><\/u><\/span> \u00e0 la <span style=\"color: #0563c1;\"><u><a href=\"https:\/\/scene55.fr\/\">Sc\u00e8ne 55<\/a><\/u><\/span> du spectacle \u00ab&nbsp;Quatuor \u00e0 corps de Mozart&nbsp;\u00bb en octobre 2020 de la compagnie (1)prompu, la chor\u00e9graphe Emilie Lalande a r\u00e9alis\u00e9 une master class pour les \u00e9tudiants du PNSD (<span style=\"color: #0563c1;\"><u><a href=\"https:\/\/www.pnsd.fr\/\">P\u00f4le National Sup\u00e9rieur de Danse <\/a><\/u><\/span> ) et ainsi permettre l\u2019animation des futurs ateliers scolaires.<\/p>\n<p align=\"justify\">Crise sanitaire oblige, ces ateliers, initialement pr\u00e9vus en d\u00e9cembre, se sont finalement d\u00e9roul\u00e9s au printemps dans deux \u00e9coles de la ville de Mougins. Pour la deuxi\u00e8me ann\u00e9e, 4 classes de primaire ont pu b\u00e9n\u00e9ficier de cette action.<\/p>\n<p align=\"justify\">Les ateliers ont mis les enfants en situation de pratique, collectivement et\/ou par petits groupes.<br \/>\n<img loading=\"lazy\" decoding=\"async\" class=\"alignnone size-thumbnail wp-image-3791\" src=\"https:\/\/www.pedagogie.ac-nice.fr\/daac\/wp-content\/uploads\/sites\/37\/2021\/06\/atelier_Mozart1_2021-150x150.jpg\" alt=\"\" width=\"150\" height=\"150\">&nbsp;<img loading=\"lazy\" decoding=\"async\" class=\"alignnone size-thumbnail wp-image-3792\" src=\"https:\/\/www.pedagogie.ac-nice.fr\/daac\/wp-content\/uploads\/sites\/37\/2021\/06\/atelier_Mozart2_2021-150x150.jpg\" alt=\"\" width=\"150\" height=\"150\"> <img loading=\"lazy\" decoding=\"async\" class=\"alignnone size-thumbnail wp-image-3793\" src=\"https:\/\/www.pedagogie.ac-nice.fr\/daac\/wp-content\/uploads\/sites\/37\/2021\/06\/atelier_mozart3_202-150x150.jpg\" alt=\"\" width=\"150\" height=\"150\"><\/p>\n<p align=\"justify\">Ressentir corporellement la musique \u00e9cout\u00e9e, se d\u00e9placer telle une plume ou un robot, varier les formations et en comprendre les enjeux chor\u00e9graphiques. Autant de sensations corporelles et musicales partag\u00e9es avec le sourire. Les ateliers ont \u00e9t\u00e9 ponctu\u00e9s de temps d\u2019\u00e9changes sur le spectacle et sur le quotidien des danseuses de l\u2019\u00e9cole de danse. Ce qui rend la future visite du PNSD encore plus attrayante\u2026<\/p>\n<p align=\"justify\"><span style=\"font-size: 10pt;\">Contact : Aria FLORENT, Professeure d&rsquo;\u00c9ducation Musicale,<\/span><br \/>\n<span style=\"font-size: 10pt;\">charg\u00e9e de mission DAAC, danse et cirque (06)<\/span><\/p>\n","protected":false},"excerpt":{"rendered":"<p>\u00ab&nbsp;Quatuor \u00e0 corps pour Mozart&nbsp;\u00bb Ateliers danse \u00e0 l\u2019\u00e9cole Mougins Le Haut et \u00e0 l\u2019\u00e9cole Saint-Martin Une action men\u00e9e en 3 temps afin d\u2019interroger les rapports entre musique et danse, notamment celui \u00e0 la musique classique, de comprendre une chor\u00e9graphie dict\u00e9e par des instruments et de d\u00e9couvrir de mani\u00e8re ludique la musique de Mozart&nbsp;: Un [&hellip;]<\/p>\n","protected":false},"author":241,"featured_media":0,"parent":0,"menu_order":0,"comment_status":"closed","ping_status":"closed","template":"","meta":{"_et_pb_use_builder":"","_et_pb_old_content":"","_et_gb_content_width":"","ngg_post_thumbnail":0,"footnotes":""},"class_list":["post-3790","page","type-page","status-publish","hentry"],"rttpg_featured_image_url":null,"rttpg_author":{"display_name":"daacadmin","author_link":"https:\/\/www.pedagogie.ac-nice.fr\/daac\/author\/daacadmin\/"},"rttpg_comment":0,"rttpg_category":null,"rttpg_excerpt":"\u00ab&nbsp;Quatuor \u00e0 corps pour Mozart&nbsp;\u00bb Ateliers danse \u00e0 l\u2019\u00e9cole Mougins Le Haut et \u00e0 l\u2019\u00e9cole Saint-Martin Une action men\u00e9e en 3 temps afin d\u2019interroger les rapports entre musique et danse, notamment celui \u00e0 la musique classique, de comprendre une chor\u00e9graphie dict\u00e9e par des instruments et de d\u00e9couvrir de mani\u00e8re ludique la musique de Mozart&nbsp;: Un\u2026","post_mailing_queue_ids":[],"_links":{"self":[{"href":"https:\/\/www.pedagogie.ac-nice.fr\/daac\/wp-json\/wp\/v2\/pages\/3790","targetHints":{"allow":["GET"]}}],"collection":[{"href":"https:\/\/www.pedagogie.ac-nice.fr\/daac\/wp-json\/wp\/v2\/pages"}],"about":[{"href":"https:\/\/www.pedagogie.ac-nice.fr\/daac\/wp-json\/wp\/v2\/types\/page"}],"author":[{"embeddable":true,"href":"https:\/\/www.pedagogie.ac-nice.fr\/daac\/wp-json\/wp\/v2\/users\/241"}],"replies":[{"embeddable":true,"href":"https:\/\/www.pedagogie.ac-nice.fr\/daac\/wp-json\/wp\/v2\/comments?post=3790"}],"version-history":[{"count":1,"href":"https:\/\/www.pedagogie.ac-nice.fr\/daac\/wp-json\/wp\/v2\/pages\/3790\/revisions"}],"predecessor-version":[{"id":3794,"href":"https:\/\/www.pedagogie.ac-nice.fr\/daac\/wp-json\/wp\/v2\/pages\/3790\/revisions\/3794"}],"wp:attachment":[{"href":"https:\/\/www.pedagogie.ac-nice.fr\/daac\/wp-json\/wp\/v2\/media?parent=3790"}],"curies":[{"name":"wp","href":"https:\/\/api.w.org\/{rel}","templated":true}]}}