{"id":3860,"date":"2021-06-18T20:38:10","date_gmt":"2021-06-18T18:38:10","guid":{"rendered":"https:\/\/www.pedagogie.ac-nice.fr\/daac\/?page_id=3860"},"modified":"2021-12-08T19:29:15","modified_gmt":"2021-12-08T18:29:15","slug":"musee-charles-negre-photographie","status":"publish","type":"page","link":"https:\/\/www.pedagogie.ac-nice.fr\/daac\/musee-charles-negre-photographie\/","title":{"rendered":"Mus\u00e9e Charles N\u00e8gre (Photographie)"},"content":{"rendered":"<p>[et_pb_section fb_built=\u00a0\u00bb1&Prime; _builder_version=\u00a0\u00bb3.22&Prime; global_colors_info=\u00a0\u00bb{}\u00a0\u00bb][et_pb_row column_structure=\u00a0\u00bb1_3,2_3&Prime; _builder_version=\u00a0\u00bb3.25&Prime; background_size=\u00a0\u00bbinitial\u00a0\u00bb background_position=\u00a0\u00bbtop_left\u00a0\u00bb background_repeat=\u00a0\u00bbrepeat\u00a0\u00bb global_colors_info=\u00a0\u00bb{}\u00a0\u00bb][et_pb_column type=\u00a0\u00bb1_3&Prime; _builder_version=\u00a0\u00bb3.25&Prime; custom_padding=\u00a0\u00bb|||\u00a0\u00bb global_colors_info=\u00a0\u00bb{}\u00a0\u00bb custom_padding__hover=\u00a0\u00bb|||\u00a0\u00bb][et_pb_text admin_label=\u00a0\u00bbdomaine photographie\u00a0\u00bb _builder_version=\u00a0\u00bb4.10.7&Prime; background_size=\u00a0\u00bbinitial\u00a0\u00bb background_position=\u00a0\u00bbtop_left\u00a0\u00bb background_repeat=\u00a0\u00bbrepeat\u00a0\u00bb hover_enabled=\u00a0\u00bb0&Prime; global_colors_info=\u00a0\u00bb{}\u00a0\u00bb sticky_enabled=\u00a0\u00bb0&Prime;]<\/p>\n<p><a href=\"https:\/\/www.pedagogie.ac-nice.fr\/daac\/les-domaines-de-leac\/pole-images\/photographie\/\" target=\"_blank\" rel=\"noopener\"><img loading=\"lazy\" decoding=\"async\" class=\"aligncenter wp-image-5926 size-full\" src=\"https:\/\/www.pedagogie.ac-nice.fr\/daac\/wp-content\/uploads\/sites\/37\/2021\/09\/photographie.png\" alt=\"\" width=\"350\" height=\"217\" srcset=\"https:\/\/www.pedagogie.ac-nice.fr\/daac\/wp-content\/uploads\/sites\/37\/2021\/09\/photographie.png 350w, https:\/\/www.pedagogie.ac-nice.fr\/daac\/wp-content\/uploads\/sites\/37\/2021\/09\/photographie-300x186.png 300w\" sizes=\"(max-width: 350px) 100vw, 350px\" \/><\/a><\/p>\n<p>[\/et_pb_text][\/et_pb_column][et_pb_column type=\u00a0\u00bb2_3&Prime; _builder_version=\u00a0\u00bb3.25&Prime; custom_padding=\u00a0\u00bb|||\u00a0\u00bb global_colors_info=\u00a0\u00bb{}\u00a0\u00bb custom_padding__hover=\u00a0\u00bb|||\u00a0\u00bb][et_pb_text admin_label=\u00a0\u00bbEscape game\u00a0\u00bb _builder_version=\u00a0\u00bb4.10.7&Prime; background_size=\u00a0\u00bbinitial\u00a0\u00bb background_position=\u00a0\u00bbtop_left\u00a0\u00bb background_repeat=\u00a0\u00bbrepeat\u00a0\u00bb global_colors_info=\u00a0\u00bb{}\u00a0\u00bb]<\/p>\n<div style=\"text-align: center;\">Actu Mus\u00e9e de la Photographie Charles N\u00e8gre&nbsp;<\/div>\n<div>&nbsp;<\/div>\n<div><a href=\"http:\/\/museephotographie.nice.fr\/\" target=\"_blank\" rel=\"noopener\"><img loading=\"lazy\" decoding=\"async\" class=\"aligncenter wp-image-3377\" src=\"https:\/\/www.pedagogie.ac-nice.fr\/daac\/wp-content\/uploads\/sites\/37\/2021\/05\/LogoMuseePhotocarre-300x300.jpg\" alt=\"\" width=\"150\" height=\"150\" srcset=\"https:\/\/www.pedagogie.ac-nice.fr\/daac\/wp-content\/uploads\/sites\/37\/2021\/05\/LogoMuseePhotocarre-300x300.jpg 300w, https:\/\/www.pedagogie.ac-nice.fr\/daac\/wp-content\/uploads\/sites\/37\/2021\/05\/LogoMuseePhotocarre-150x150.jpg 150w, https:\/\/www.pedagogie.ac-nice.fr\/daac\/wp-content\/uploads\/sites\/37\/2021\/05\/LogoMuseePhotocarre.jpg 731w\" sizes=\"(max-width: 150px) 100vw, 150px\" \/><\/a><\/div>\n<div>\n<div style=\"text-align: center;\"><span style=\"font-size: 14pt;\"><strong>Bicentenaire Charles N\u00e8gre<\/strong><\/span><\/div>\n<div>&nbsp;<\/div>\n<div style=\"text-align: justify;\"><b>Afin de c\u00e9l\u00e9brer le bicentenaire de la naissance de Charles N\u00e8gre, l\u2019un des pionniers de la photographie, la Ville de Nice et le Mus\u00e9e de la Photographie Charles N\u00e8gre vous proposent l\u2019Escape Game virtuel \u00ab Sur les traces de Charles N\u00e8gre \u00bb \u00e0 r\u00e9aliser en ligne&nbsp;!<\/b><u><\/u><u><\/u><\/div>\n<div>Avec la r\u00e9ouverture des Mus\u00e9es, l&rsquo;exposition est prolong\u00e9e jusqu&rsquo;au 31 d\u00e9cembre 2021 :<\/div>\n<div><a href=\"https:\/\/museephotographie.nice.fr\/evenements\/escape-game-virtuel-sur-les-traces-de-charles-negre\/\" target=\"_blank\" rel=\"noopener\"><img loading=\"lazy\" decoding=\"async\" class=\"alignnone wp-image-1711 size-full\" src=\"https:\/\/www.pedagogie.ac-nice.fr\/daac\/wp-content\/uploads\/sites\/37\/2020\/12\/photos.png\" alt=\"\" width=\"90\" height=\"72\"><\/a><\/div>\n<div><em>Cliquez pour acc\u00e9der :<\/em><\/div>\n<div style=\"text-align: center;\"><a href=\"https:\/\/museephotographie-escape-game.nice.fr\/\" target=\"_blank\" rel=\"noopener\"><img loading=\"lazy\" decoding=\"async\" class=\"aligncenter wp-image-1926 size-medium\" src=\"https:\/\/www.pedagogie.ac-nice.fr\/daac\/wp-content\/uploads\/sites\/37\/2021\/01\/cnegre-300x193.jpg\" alt=\"\" width=\"300\" height=\"193\" srcset=\"https:\/\/www.pedagogie.ac-nice.fr\/daac\/wp-content\/uploads\/sites\/37\/2021\/01\/cnegre-300x193.jpg 300w, https:\/\/www.pedagogie.ac-nice.fr\/daac\/wp-content\/uploads\/sites\/37\/2021\/01\/cnegre.jpg 382w\" sizes=\"(max-width: 300px) 100vw, 300px\" \/><\/a><i>A partir d\u2019un joueur \u2013 d\u00e8s 10 ans \u2013 dur\u00e9e 30 mn<\/i><\/div>\n<div>&nbsp;<\/div>\n<div style=\"text-align: justify;\">L\u2019intrigue se d\u00e9roule \u00e0 Nice vers 1865. Charles N\u00e8gre, photographe et professeur de dessin au Lyc\u00e9e Imp\u00e9rial de Nice, a myst\u00e9rieusement disparu\u2026 \u00c0 l\u2019aide de documents d\u2019\u00e9poque, vous chercherez des indices qui vous m\u00e8neront au c\u0153ur de Nice ! Pour trouver votre chemin, certains vous aideront, mais d\u2019autres vous m\u00e8neront sur une fausse piste\u2026 Tout au long de votre qu\u00eate, vous devrez r\u00e9pondre \u00e0 des \u00e9nigmes d\u2019observation, de r\u00e9flexion et de logique. Pr\u00eats pour relever le d\u00e9fi ?<u><\/u><u><\/u><\/div>\n<div style=\"text-align: justify;\">&nbsp;<u><\/u><u><\/u><\/div>\n<div style=\"text-align: justify;\">\n<p><b>Charles N\u00e8gre<\/b>&nbsp;appartient \u00e0 cette g\u00e9n\u00e9ration d\u2019artistes peintres et photographes, n\u00e9s autour de 1820 (Henri Le Secq, Gustave Le Gray et Edouard-Denis Baldus), qui trouv\u00e8rent, avec l\u2019av\u00e8nement de la photographie, un nouveau moyen d\u2019expression. Il est \u00e0 la fois l\u2019un des pionniers de la technique naissante du tirage sur papier et l\u2019un des ma\u00eetres d\u2019une esth\u00e9tique naissante. Il est l\u2019un des premiers photographes \u00e0 repr\u00e9senter les Alpes-Maritimes en manifestant un souci de documentation syst\u00e9matique dans ses paysages, comme dans ses portraits. De cette p\u00e9riode, l\u2019on connait pr\u00e8s de 150 photographies.&nbsp;<b>Quarante d\u2019entre-elles, r\u00e9alis\u00e9es entre 1863 et 1865, font partie de la collection du Mus\u00e9e de la Photographie de Nice, c\u00e9d\u00e9es par Joseph N\u00e8gre, petit-neveu de l\u2019artiste<\/b>. Elles constituent un t\u00e9moignage exceptionnel du pass\u00e9 et des transformations qui ont affect\u00e9 le paysage ni\u00e7ois et ses collines apr\u00e8s l\u2019Annexion de Nice \u00e0 la France.<\/p>\n<p><span style=\"font-size: 10pt;\"><strong>Coordonateur DAAC<\/strong><\/span><br \/><span style=\"font-size: 10pt;\">Julien Giraud-Destefanis : ce.daac@ac-nice.fr<\/span><\/p>\n<\/div>\n<\/div>\n<p>[\/et_pb_text][\/et_pb_column][\/et_pb_row][\/et_pb_section]<\/p>\n","protected":false},"excerpt":{"rendered":"<p>Actu Mus\u00e9e de la Photographie Charles N\u00e8gre&nbsp; &nbsp; Bicentenaire Charles N\u00e8gre &nbsp; Afin de c\u00e9l\u00e9brer le bicentenaire de la naissance de Charles N\u00e8gre, l\u2019un des pionniers de la photographie, la Ville de Nice et le Mus\u00e9e de la Photographie Charles N\u00e8gre vous proposent l\u2019Escape Game virtuel \u00ab Sur les traces de Charles N\u00e8gre \u00bb \u00e0 [&hellip;]<\/p>\n","protected":false},"author":241,"featured_media":0,"parent":0,"menu_order":0,"comment_status":"closed","ping_status":"closed","template":"","meta":{"_et_pb_use_builder":"on","_et_pb_old_content":"<div style=\"text-align: center;\">Actu Mus\u00e9e de la Photographie Charles N\u00e8gre\u00a0<\/div><div>\u00a0<\/div><div><a href=\"http:\/\/museephotographie.nice.fr\/\" target=\"_blank\" rel=\"noopener\"><img class=\"aligncenter wp-image-3377\" src=\"https:\/\/www.pedagogie.ac-nice.fr\/daac\/wp-content\/uploads\/sites\/37\/2021\/05\/LogoMuseePhotocarre-300x300.jpg\" alt=\"\" width=\"150\" height=\"150\"><\/a><\/div><div><div style=\"text-align: center;\"><span style=\"font-size: 14pt;\"><strong>Bicentenaire Charles N\u00e8gre<\/strong><\/span><\/div><div>\u00a0<\/div><div style=\"text-align: justify;\"><b>Afin de c\u00e9l\u00e9brer le bicentenaire de la naissance de Charles N\u00e8gre, l\u2019un des pionniers de la photographie, la Ville de Nice et le Mus\u00e9e de la Photographie Charles N\u00e8gre vous proposent l\u2019Escape Game virtuel \u00ab Sur les traces de Charles N\u00e8gre \u00bb \u00e0 r\u00e9aliser en ligne\u00a0!<\/b><u><\/u><u><\/u><\/div><div>Avec la r\u00e9ouverture des Mus\u00e9es, l'exposition est prolong\u00e9e jusqu'au 31 d\u00e9cembre 2021 : <a href=\"https:\/\/museephotographie.nice.fr\/evenements\/escape-game-virtuel-sur-les-traces-de-charles-negre\/\" target=\"_blank\" rel=\"noopener\"><img class=\"alignnone wp-image-1711 size-full\" src=\"https:\/\/www.pedagogie.ac-nice.fr\/daac\/wp-content\/uploads\/sites\/37\/2020\/12\/photos.png\" alt=\"\" width=\"90\" height=\"72\"><\/a><\/div><div>\u00a0<\/div><div><em>Cliquez pour acc\u00e9der :<\/em><\/div><div style=\"text-align: center;\"><a href=\"https:\/\/museephotographie-escape-game.nice.fr\/\" target=\"_blank\" rel=\"noopener\"><img class=\"aligncenter wp-image-1926 size-medium\" src=\"https:\/\/www.pedagogie.ac-nice.fr\/daac\/wp-content\/uploads\/sites\/37\/2021\/01\/cnegre-300x193.jpg\" alt=\"\" width=\"300\" height=\"193\"><\/a><i>A partir d\u2019un joueur \u2013 d\u00e8s 10 ans \u2013 dur\u00e9e 30 mn<\/i><\/div><div>\u00a0<\/div><div style=\"text-align: justify;\">L\u2019intrigue se d\u00e9roule \u00e0 Nice vers 1865. Charles N\u00e8gre, photographe et professeur de dessin au Lyc\u00e9e Imp\u00e9rial de Nice, a myst\u00e9rieusement disparu\u2026 \u00c0 l\u2019aide de documents d\u2019\u00e9poque, vous chercherez des indices qui vous m\u00e8neront au c\u0153ur de Nice ! Pour trouver votre chemin, certains vous aideront, mais d\u2019autres vous m\u00e8neront sur une fausse piste\u2026 Tout au long de votre qu\u00eate, vous devrez r\u00e9pondre \u00e0 des \u00e9nigmes d\u2019observation, de r\u00e9flexion et de logique. Pr\u00eats pour relever le d\u00e9fi ?<u><\/u><u><\/u><\/div><div style=\"text-align: justify;\">\u00a0<u><\/u><u><\/u><\/div><div style=\"text-align: justify;\"><p><b>Charles N\u00e8gre<\/b>\u00a0appartient \u00e0 cette g\u00e9n\u00e9ration d\u2019artistes peintres et photographes, n\u00e9s autour de 1820 (Henri Le Secq, Gustave Le Gray et Edouard-Denis Baldus), qui trouv\u00e8rent, avec l\u2019av\u00e8nement de la photographie, un nouveau moyen d\u2019expression. Il est \u00e0 la fois l\u2019un des pionniers de la technique naissante du tirage sur papier et l\u2019un des ma\u00eetres d\u2019une esth\u00e9tique naissante. Il est l\u2019un des premiers photographes \u00e0 repr\u00e9senter les Alpes-Maritimes en manifestant un souci de documentation syst\u00e9matique dans ses paysages, comme dans ses portraits. De cette p\u00e9riode, l\u2019on connait pr\u00e8s de 150 photographies.\u00a0<b>Quarante d\u2019entre-elles, r\u00e9alis\u00e9es entre 1863 et 1865, font partie de la collection du Mus\u00e9e de la Photographie de Nice, c\u00e9d\u00e9es par Joseph N\u00e8gre, petit-neveu de l\u2019artiste<\/b>. Elles constituent un t\u00e9moignage exceptionnel du pass\u00e9 et des transformations qui ont affect\u00e9 le paysage ni\u00e7ois et ses collines apr\u00e8s l\u2019Annexion de Nice \u00e0 la France.<\/p><p><span style=\"font-size: 10pt;\"><strong>Coordonateur DAAC<\/strong><\/span><br><span style=\"font-size: 10pt;\">Julien Giraud-Destefanis : ce.daac@ac-nice.fr<\/span><\/p><p><span style=\"font-size: 10pt;\"><strong>Charg\u00e9e de mission acad\u00e9mique \"Photographie\"<\/strong><\/span><br><span style=\"font-size: 10pt;\">Anabelle-Valeri.Aubanel@ac-nice.fr<\/span><\/p><\/div><\/div>","_et_gb_content_width":"","ngg_post_thumbnail":0,"footnotes":""},"class_list":["post-3860","page","type-page","status-publish","hentry"],"rttpg_featured_image_url":null,"rttpg_author":{"display_name":"daacadmin","author_link":"https:\/\/www.pedagogie.ac-nice.fr\/daac\/author\/daacadmin\/"},"rttpg_comment":0,"rttpg_category":null,"rttpg_excerpt":"Actu Mus\u00e9e de la Photographie Charles N\u00e8gre&nbsp; &nbsp; Bicentenaire Charles N\u00e8gre &nbsp; Afin de c\u00e9l\u00e9brer le bicentenaire de la naissance de Charles N\u00e8gre, l\u2019un des pionniers de la photographie, la Ville de Nice et le Mus\u00e9e de la Photographie Charles N\u00e8gre vous proposent l\u2019Escape Game virtuel \u00ab Sur les traces de Charles N\u00e8gre \u00bb \u00e0\u2026","post_mailing_queue_ids":[],"_links":{"self":[{"href":"https:\/\/www.pedagogie.ac-nice.fr\/daac\/wp-json\/wp\/v2\/pages\/3860","targetHints":{"allow":["GET"]}}],"collection":[{"href":"https:\/\/www.pedagogie.ac-nice.fr\/daac\/wp-json\/wp\/v2\/pages"}],"about":[{"href":"https:\/\/www.pedagogie.ac-nice.fr\/daac\/wp-json\/wp\/v2\/types\/page"}],"author":[{"embeddable":true,"href":"https:\/\/www.pedagogie.ac-nice.fr\/daac\/wp-json\/wp\/v2\/users\/241"}],"replies":[{"embeddable":true,"href":"https:\/\/www.pedagogie.ac-nice.fr\/daac\/wp-json\/wp\/v2\/comments?post=3860"}],"version-history":[{"count":7,"href":"https:\/\/www.pedagogie.ac-nice.fr\/daac\/wp-json\/wp\/v2\/pages\/3860\/revisions"}],"predecessor-version":[{"id":9925,"href":"https:\/\/www.pedagogie.ac-nice.fr\/daac\/wp-json\/wp\/v2\/pages\/3860\/revisions\/9925"}],"wp:attachment":[{"href":"https:\/\/www.pedagogie.ac-nice.fr\/daac\/wp-json\/wp\/v2\/media?parent=3860"}],"curies":[{"name":"wp","href":"https:\/\/api.w.org\/{rel}","templated":true}]}}