{"id":3901,"date":"2021-06-18T22:12:06","date_gmt":"2021-06-18T20:12:06","guid":{"rendered":"https:\/\/www.pedagogie.ac-nice.fr\/daac\/?page_id=3901"},"modified":"2022-12-09T13:16:04","modified_gmt":"2022-12-09T12:16:04","slug":"patrimoine-nicois","status":"publish","type":"page","link":"https:\/\/www.pedagogie.ac-nice.fr\/daac\/patrimoine-nicois\/","title":{"rendered":"Patrimoine ni\u00e7ois"},"content":{"rendered":"<p>[et_pb_section fb_built=\u00a0\u00bb1&Prime; admin_label=\u00a0\u00bbsection\u00a0\u00bb _builder_version=\u00a0\u00bb3.22&Prime; global_colors_info=\u00a0\u00bb{}\u00a0\u00bb][et_pb_row admin_label=\u00a0\u00bbrow\u00a0\u00bb _builder_version=\u00a0\u00bb3.25&Prime; background_size=\u00a0\u00bbinitial\u00a0\u00bb background_position=\u00a0\u00bbtop_left\u00a0\u00bb background_repeat=\u00a0\u00bbrepeat\u00a0\u00bb global_colors_info=\u00a0\u00bb{}\u00a0\u00bb][et_pb_column type=\u00a0\u00bb4_4&Prime; _builder_version=\u00a0\u00bb3.25&Prime; custom_padding=\u00a0\u00bb|||\u00a0\u00bb global_colors_info=\u00a0\u00bb{}\u00a0\u00bb custom_padding__hover=\u00a0\u00bb|||\u00a0\u00bb][et_pb_text admin_label=\u00a0\u00bbText\u00a0\u00bb _builder_version=\u00a0\u00bb4.10.7&Prime; text_font=\u00a0\u00bbTrebuchet||||||||\u00a0\u00bb text_text_color=\u00a0\u00bb#000000&Prime; text_font_size=\u00a0\u00bb16px\u00a0\u00bb background_size=\u00a0\u00bbinitial\u00a0\u00bb background_position=\u00a0\u00bbtop_left\u00a0\u00bb background_repeat=\u00a0\u00bbrepeat\u00a0\u00bb text_orientation=\u00a0\u00bbjustified\u00a0\u00bb global_colors_info=\u00a0\u00bb{}\u00a0\u00bb]<\/p>\n<p style=\"text-align: center;\"><img loading=\"lazy\" decoding=\"async\" class=\"wp-image-3925 aligncenter\" src=\"https:\/\/www.pedagogie.ac-nice.fr\/daac\/wp-content\/uploads\/sites\/37\/2021\/06\/patrimoine_histo.jpg\" alt=\"\" width=\"219\" height=\"223\" srcset=\"https:\/\/www.pedagogie.ac-nice.fr\/daac\/wp-content\/uploads\/sites\/37\/2021\/06\/patrimoine_histo.jpg 882w, https:\/\/www.pedagogie.ac-nice.fr\/daac\/wp-content\/uploads\/sites\/37\/2021\/06\/patrimoine_histo-294x300.jpg 294w, https:\/\/www.pedagogie.ac-nice.fr\/daac\/wp-content\/uploads\/sites\/37\/2021\/06\/patrimoine_histo-768x784.jpg 768w\" sizes=\"(max-width: 219px) 100vw, 219px\" \/><span style=\"font-size: 8pt;\">Maison du Patrimoine &#8211; Nice<\/span><\/p>\n<p>Dans le cadre du partenariat qui vise la r\u00e9alisation du parcours d\u2019Education Artistique et Culturelle, la DAAC de Nice et le service Ville d\u2019art et d\u2019histoire \u2013 Direction des patrimoines &#8211; Ville de Nice s\u2019associent pour proposer aux coll\u00e8ges et lyc\u00e9es de la M\u00e9tropole un projet autour du patrimoine ni\u00e7ois.<\/p>\n<p>Il s&rsquo;agit, pour des classes du second degr\u00e9, de r\u00e9aliser un kamishibai, sorte de th\u00e9\u00e2tre ambulant, sur le th\u00e8me du patrimoine ni\u00e7ois, de nombreuses disciplines\u00a0sont\u00a0concern\u00e9es !<\/p>\n<p>Accompagn\u00e9s par les m\u00e9diateurs du service patrimoine, les \u00e9l\u00e8ves b\u00e9n\u00e9ficieront de visites de sites patrimoniaux et d&rsquo;ateliers pour les aider dans leurs cr\u00e9ations. Celles-ci pourront \u00eatre pr\u00e9sent\u00e9es par les \u00e9l\u00e8ves eux-m\u00eames \u00e0 l&rsquo;occasion d&rsquo;\u00e9v\u00e9nements d\u00e9di\u00e9s.\u00a0<\/p>\n<p style=\"text-align: justify;\">Ce projet peut faire l&rsquo;objet d&rsquo;un accompagnement financier dans le cadre de la campagne d&rsquo;appel \u00e0 projets <strong>ADAGE<\/strong> ouvert <strong>jusqu&rsquo;au 20 septembre 2021.\u00a0<\/strong><\/p>\n<p style=\"text-align: justify;\">Les coll\u00e8gues int\u00e9ress\u00e9s peuvent se renseigner et s&rsquo;inscrire aupr\u00e8s de <a title=\"Composer un message \u00e0 Gilles.Ricard1@ac-nice.fr\">Gilles.Ricard1@ac-nice.fr<\/a>\u00a0et\u00a0<a title=\"Composer un message \u00e0 Olivier.Pasquetti@ac-nice.fr\">Olivier.Pasquetti@ac-nice.fr<\/a>\u00a0<strong>au plus tard le <span style=\"color: #ff0000;\">10 octobre 2021.\u00a0<\/span><\/strong><\/p>\n<p style=\"text-align: justify;\">Retrouvez toutes les informations d\u00e9taill\u00e9es sur le dispositif <a href=\"https:\/\/www.pedagogie.ac-nice.fr\/daac\/wp-content\/uploads\/sites\/37\/2021\/06\/Appel_projet_patrimoine_Nice.pdf\" target=\"_blank\" rel=\"noopener\"><img loading=\"lazy\" decoding=\"async\" class=\"alignnone wp-image-1694\" src=\"https:\/\/www.pedagogie.ac-nice.fr\/daac\/wp-content\/uploads\/sites\/37\/2020\/12\/puce-clic-bleuf.png\" alt=\"\" width=\"39\" height=\"39\" \/><\/a><\/p>\n<p>Coordination DAAC : Ang\u00e8le Carpentier<\/p>\n<p>[\/et_pb_text][et_pb_divider _builder_version=\u00a0\u00bb4.10.7&Prime; _module_preset=\u00a0\u00bbdefault\u00a0\u00bb hover_enabled=\u00a0\u00bb0&Prime; sticky_enabled=\u00a0\u00bb0&Prime;][\/et_pb_divider][et_pb_text _builder_version=\u00a0\u00bb4.10.7&Prime; _module_preset=\u00a0\u00bbdefault\u00a0\u00bb text_font=\u00a0\u00bbTrebuchet||||||||\u00a0\u00bb text_text_color=\u00a0\u00bb#000000&Prime; text_font_size=\u00a0\u00bb17px\u00a0\u00bb global_colors_info=\u00a0\u00bb{}\u00a0\u00bb]<\/p>\n<p style=\"text-align: center;\"><span style=\"font-size: xx-large;\"><strong><span style=\"color: #993366;\">Dispositif KAMISHIBAI<\/span><\/strong><\/span><\/p>\n<p><img loading=\"lazy\" decoding=\"async\" src=\"https:\/\/www.pedagogie.ac-nice.fr\/daac\/wp-content\/uploads\/sites\/37\/2022\/12\/Adolphe_Mossa_eleves_Trinite-768x576-1-300x225.jpg\" width=\"300\" height=\"225\" alt=\"\" class=\"wp-image-14133 alignnone size-medium\" style=\"display: block; margin-left: auto; margin-right: auto;\" srcset=\"https:\/\/www.pedagogie.ac-nice.fr\/daac\/wp-content\/uploads\/sites\/37\/2022\/12\/Adolphe_Mossa_eleves_Trinite-768x576-1-300x225.jpg 300w, https:\/\/www.pedagogie.ac-nice.fr\/daac\/wp-content\/uploads\/sites\/37\/2022\/12\/Adolphe_Mossa_eleves_Trinite-768x576-1.jpg 768w\" sizes=\"(max-width: 300px) 100vw, 300px\" \/><\/p>\n<p style=\"text-align: center;\">Les \u00e9l\u00e8ves du coll\u00e8ge La Bourgade \u00e0 La Trinit\u00e9 (06)<\/p>\n<p><a href=\"https:\/\/www.pedagogie.ac-nice.fr\/daac\/le-dispositif-kamishibai\/\" target=\"_blank\" rel=\"noopener\">Pour en savoir plus<\/a><\/p>\n<p>[\/et_pb_text][\/et_pb_column][\/et_pb_row][\/et_pb_section]<\/p>\n","protected":false},"excerpt":{"rendered":"<p>Maison du Patrimoine &#8211; Nice Dans le cadre du partenariat qui vise la r\u00e9alisation du parcours d\u2019Education Artistique et Culturelle, la DAAC de Nice et le service Ville d\u2019art et d\u2019histoire \u2013 Direction des patrimoines &#8211; Ville de Nice s\u2019associent pour proposer aux coll\u00e8ges et lyc\u00e9es de la M\u00e9tropole un projet autour du patrimoine ni\u00e7ois. [&hellip;]<\/p>\n","protected":false},"author":241,"featured_media":0,"parent":0,"menu_order":0,"comment_status":"closed","ping_status":"closed","template":"","meta":{"_et_pb_use_builder":"on","_et_pb_old_content":"<p style=\"text-align: center;\"><img class=\"wp-image-3925 aligncenter\" src=\"https:\/\/www.pedagogie.ac-nice.fr\/daac\/wp-content\/uploads\/sites\/37\/2021\/06\/patrimoine_histo.jpg\" alt=\"\" width=\"219\" height=\"223\"><span style=\"font-size: 8pt;\">Maison du Patrimoine - Nice<\/span><\/p>\r\nDans le cadre du partenariat qui vise la r\u00e9alisation du parcours d\u2019Education Artistique et Culturelle, la DAAC de Nice et le service Ville d\u2019art et d\u2019histoire \u2013 Direction des patrimoines - Ville de Nice s\u2019associent pour proposer aux coll\u00e8ges et lyc\u00e9es de la M\u00e9tropole un projet autour du patrimoine ni\u00e7ois.\r\n\r\nIl s'agit, pour des classes du second degr\u00e9, de r\u00e9aliser un kamishibai, sorte de th\u00e9\u00e2tre ambulant, sur le th\u00e8me du patrimoine ni\u00e7ois, de nombreuses disciplines\u00a0sont\u00a0concern\u00e9es !\r\n\r\nAccompagn\u00e9s par les m\u00e9diateurs du service patrimoine, les \u00e9l\u00e8ves b\u00e9n\u00e9ficieront de visites de sites patrimoniaux et d'ateliers pour les aider dans leurs cr\u00e9ations. Celles-ci pourront \u00eatre pr\u00e9sent\u00e9es par les \u00e9l\u00e8ves eux-m\u00eames \u00e0 l'occasion d'\u00e9v\u00e9nements d\u00e9di\u00e9s.\u00a0\r\n<p style=\"text-align: justify;\">Ce projet peut faire l'objet d'un accompagnement financier dans le cadre de la campagne d'appel \u00e0 projets <strong>ADAGE<\/strong> ouvert <strong>jusqu'au 20 septembre 2021.\u00a0<\/strong><\/p>\r\n<p style=\"text-align: justify;\">Les coll\u00e8gues int\u00e9ress\u00e9s peuvent se renseigner et s'inscrire aupr\u00e8s de <a title=\"Composer un message \u00e0 Gilles.Ricard1@ac-nice.fr\">Gilles.Ricard1@ac-nice.fr<\/a>\u00a0et\u00a0<a title=\"Composer un message \u00e0 Olivier.Pasquetti@ac-nice.fr\">Olivier.Pasquetti@ac-nice.fr<\/a>\u00a0<strong>au plus tard le <span style=\"color: #ff0000;\">10 octobre 2021.\u00a0<\/span><\/strong><\/p>\r\n<p style=\"text-align: justify;\">Retrouvez toutes les informations d\u00e9taill\u00e9es sur le dispositif <a href=\"https:\/\/www.pedagogie.ac-nice.fr\/daac\/wp-content\/uploads\/sites\/37\/2021\/06\/Appel_projet_patrimoine_Nice.pdf\" target=\"_blank\" rel=\"noopener\"><img class=\"alignnone wp-image-1694\" src=\"https:\/\/www.pedagogie.ac-nice.fr\/daac\/wp-content\/uploads\/sites\/37\/2020\/12\/puce-clic-bleuf.png\" alt=\"\" width=\"39\" height=\"39\"><\/a><\/p>\r\nCoordination DAAC : Ang\u00e8le Carpentier","_et_gb_content_width":"","ngg_post_thumbnail":0,"footnotes":""},"class_list":["post-3901","page","type-page","status-publish","hentry"],"rttpg_featured_image_url":null,"rttpg_author":{"display_name":"daacadmin","author_link":"https:\/\/www.pedagogie.ac-nice.fr\/daac\/author\/daacadmin\/"},"rttpg_comment":0,"rttpg_category":null,"rttpg_excerpt":"Maison du Patrimoine - Nice Dans le cadre du partenariat qui vise la r\u00e9alisation du parcours d\u2019Education Artistique et Culturelle, la DAAC de Nice et le service Ville d\u2019art et d\u2019histoire \u2013 Direction des patrimoines - Ville de Nice s\u2019associent pour proposer aux coll\u00e8ges et lyc\u00e9es de la M\u00e9tropole un projet autour du patrimoine ni\u00e7ois.\u2026","post_mailing_queue_ids":[],"_links":{"self":[{"href":"https:\/\/www.pedagogie.ac-nice.fr\/daac\/wp-json\/wp\/v2\/pages\/3901","targetHints":{"allow":["GET"]}}],"collection":[{"href":"https:\/\/www.pedagogie.ac-nice.fr\/daac\/wp-json\/wp\/v2\/pages"}],"about":[{"href":"https:\/\/www.pedagogie.ac-nice.fr\/daac\/wp-json\/wp\/v2\/types\/page"}],"author":[{"embeddable":true,"href":"https:\/\/www.pedagogie.ac-nice.fr\/daac\/wp-json\/wp\/v2\/users\/241"}],"replies":[{"embeddable":true,"href":"https:\/\/www.pedagogie.ac-nice.fr\/daac\/wp-json\/wp\/v2\/comments?post=3901"}],"version-history":[{"count":9,"href":"https:\/\/www.pedagogie.ac-nice.fr\/daac\/wp-json\/wp\/v2\/pages\/3901\/revisions"}],"predecessor-version":[{"id":14136,"href":"https:\/\/www.pedagogie.ac-nice.fr\/daac\/wp-json\/wp\/v2\/pages\/3901\/revisions\/14136"}],"wp:attachment":[{"href":"https:\/\/www.pedagogie.ac-nice.fr\/daac\/wp-json\/wp\/v2\/media?parent=3901"}],"curies":[{"name":"wp","href":"https:\/\/api.w.org\/{rel}","templated":true}]}}