{"id":3929,"date":"2021-06-23T14:28:36","date_gmt":"2021-06-23T12:28:36","guid":{"rendered":"https:\/\/www.pedagogie.ac-nice.fr\/daac\/?page_id=3929"},"modified":"2023-02-21T11:55:05","modified_gmt":"2023-02-21T10:55:05","slug":"theatre-de-grasse","status":"publish","type":"page","link":"https:\/\/www.pedagogie.ac-nice.fr\/daac\/theatre-de-grasse\/","title":{"rendered":"Th\u00e9\u00e2tre de Grasse"},"content":{"rendered":"<p>[et_pb_section fb_built=\u00a0\u00bb1&Prime; _builder_version=\u00a0\u00bb4.10.7&Prime; _module_preset=\u00a0\u00bbdefault\u00a0\u00bb global_colors_info=\u00a0\u00bb{}\u00a0\u00bb][et_pb_row column_structure=\u00a0\u00bb1_3,2_3&Prime; _builder_version=\u00a0\u00bb4.10.7&Prime; _module_preset=\u00a0\u00bbdefault\u00a0\u00bb global_colors_info=\u00a0\u00bb{}\u00a0\u00bb][et_pb_column type=\u00a0\u00bb1_3&Prime; _builder_version=\u00a0\u00bb4.10.7&Prime; _module_preset=\u00a0\u00bbdefault\u00a0\u00bb global_colors_info=\u00a0\u00bb{}\u00a0\u00bb][et_pb_text admin_label=\u00a0\u00bbpartenaire\u00a0\u00bb _builder_version=\u00a0\u00bb4.10.7&Prime; _module_preset=\u00a0\u00bbdefault\u00a0\u00bb global_colors_info=\u00a0\u00bb{}\u00a0\u00bb]<\/p>\n<p><img loading=\"lazy\" decoding=\"async\" class=\"alignnone size-medium wp-image-7600 aligncenter\" src=\"https:\/\/www.pedagogie.ac-nice.fr\/daac\/wp-content\/uploads\/sites\/37\/2021\/10\/structures_partenaires-300x201.png\" alt=\"\" width=\"300\" height=\"201\" srcset=\"https:\/\/www.pedagogie.ac-nice.fr\/daac\/wp-content\/uploads\/sites\/37\/2021\/10\/structures_partenaires-300x201.png 300w, https:\/\/www.pedagogie.ac-nice.fr\/daac\/wp-content\/uploads\/sites\/37\/2021\/10\/structures_partenaires.png 360w\" sizes=\"(max-width: 300px) 100vw, 300px\" \/><\/p>\n<p>[\/et_pb_text][et_pb_divider _builder_version=\u00a0\u00bb4.10.7&Prime; _module_preset=\u00a0\u00bbdefault\u00a0\u00bb custom_margin=\u00a0\u00bb-16px|||||\u00a0\u00bb global_colors_info=\u00a0\u00bb{}\u00a0\u00bb][\/et_pb_divider][et_pb_text admin_label=\u00a0\u00bblogo danse\u00a0\u00bb _builder_version=\u00a0\u00bb4.10.7&Prime; _module_preset=\u00a0\u00bbdefault\u00a0\u00bb custom_margin=\u00a0\u00bb-34px|||||\u00a0\u00bb global_colors_info=\u00a0\u00bb{}\u00a0\u00bb]<\/p>\n<p><a href=\"https:\/\/www.pedagogie.ac-nice.fr\/daac\/domaine-danse-asv\/\" target=\"_blank\" rel=\"noopener\"><img loading=\"lazy\" decoding=\"async\" class=\"aligncenter wp-image-5923 size-medium\" src=\"https:\/\/www.pedagogie.ac-nice.fr\/daac\/wp-content\/uploads\/sites\/37\/2021\/09\/danse-300x192.png\" alt=\"\" width=\"300\" height=\"192\" srcset=\"https:\/\/www.pedagogie.ac-nice.fr\/daac\/wp-content\/uploads\/sites\/37\/2021\/09\/danse-300x192.png 300w, https:\/\/www.pedagogie.ac-nice.fr\/daac\/wp-content\/uploads\/sites\/37\/2021\/09\/danse.png 346w\" sizes=\"(max-width: 300px) 100vw, 300px\" \/><\/a><\/p>\n<p>[\/et_pb_text][et_pb_divider admin_label=\u00a0\u00bbS\u00e9parateur\u00a0\u00bb _builder_version=\u00a0\u00bb4.10.7&Prime; _module_preset=\u00a0\u00bbdefault\u00a0\u00bb custom_margin=\u00a0\u00bb-19px|||||\u00a0\u00bb global_colors_info=\u00a0\u00bb{}\u00a0\u00bb][\/et_pb_divider][et_pb_text admin_label=\u00a0\u00bblogo th\u00e9\u00e2tre\u00a0\u00bb _builder_version=\u00a0\u00bb4.10.7&Prime; _module_preset=\u00a0\u00bbdefault\u00a0\u00bb custom_margin=\u00a0\u00bb-34px|||||\u00a0\u00bb custom_padding=\u00a0\u00bb0px|||||\u00a0\u00bb global_colors_info=\u00a0\u00bb{}\u00a0\u00bb]<\/p>\n<p><a href=\"https:\/\/www.pedagogie.ac-nice.fr\/daac\/theatre-asv\/\" target=\"_blank\" rel=\"noopener\"><img loading=\"lazy\" decoding=\"async\" class=\"aligncenter wp-image-5928 size-medium\" src=\"https:\/\/www.pedagogie.ac-nice.fr\/daac\/wp-content\/uploads\/sites\/37\/2021\/09\/theatre-300x187.png\" alt=\"\" width=\"300\" height=\"187\" srcset=\"https:\/\/www.pedagogie.ac-nice.fr\/daac\/wp-content\/uploads\/sites\/37\/2021\/09\/theatre-300x187.png 300w, https:\/\/www.pedagogie.ac-nice.fr\/daac\/wp-content\/uploads\/sites\/37\/2021\/09\/theatre.png 348w\" sizes=\"(max-width: 300px) 100vw, 300px\" \/><\/a><\/p>\n<p>[\/et_pb_text][et_pb_divider _builder_version=\u00a0\u00bb4.10.7&Prime; _module_preset=\u00a0\u00bbdefault\u00a0\u00bb custom_margin=\u00a0\u00bb-19px|||||\u00a0\u00bb global_colors_info=\u00a0\u00bb{}\u00a0\u00bb][\/et_pb_divider][et_pb_text admin_label=\u00a0\u00bbadage\u00a0\u00bb _builder_version=\u00a0\u00bb4.10.7&Prime; _module_preset=\u00a0\u00bbdefault\u00a0\u00bb text_font=\u00a0\u00bbTrebuchet||||||||\u00a0\u00bb custom_margin=\u00a0\u00bb-28px|||||\u00a0\u00bb global_colors_info=\u00a0\u00bb{}\u00a0\u00bb]<\/p>\n<p style=\"text-align: center;\"><span style=\"color: #993366;\"><strong>Retrouvez les offres des partenaires <\/strong><\/span><a href=\"https:\/\/www.pedagogie.ac-nice.fr\/daac\/wp-content\/uploads\/sites\/37\/2021\/12\/partenaires_offres_ADAGE.pdf\" target=\"_blank\" rel=\"noopener\"><img loading=\"lazy\" decoding=\"async\" class=\"aligncenter wp-image-314 size-medium\" src=\"https:\/\/www.pedagogie.ac-nice.fr\/daac\/wp-content\/uploads\/sites\/37\/2020\/08\/visuel-300x223.png\" alt=\"Adage est la plateforme qui permet de partage et de suivre l'actualit\u00e9 des projets EAC sur le territoire\" width=\"300\" height=\"223\" srcset=\"https:\/\/www.pedagogie.ac-nice.fr\/daac\/wp-content\/uploads\/sites\/37\/2020\/08\/visuel-300x223.png 300w, https:\/\/www.pedagogie.ac-nice.fr\/daac\/wp-content\/uploads\/sites\/37\/2020\/08\/visuel.png 368w\" sizes=\"(max-width: 300px) 100vw, 300px\" \/><\/a><\/p>\n<p>[\/et_pb_text][et_pb_divider _builder_version=\u00a0\u00bb4.10.7&Prime; _module_preset=\u00a0\u00bbdefault\u00a0\u00bb custom_margin=\u00a0\u00bb-19px|||||\u00a0\u00bb global_colors_info=\u00a0\u00bb{}\u00a0\u00bb][\/et_pb_divider][et_pb_text admin_label=\u00a0\u00bbacc\u00e8s traces\u00a0\u00bb _builder_version=\u00a0\u00bb4.10.7&Prime; _module_preset=\u00a0\u00bbdefault\u00a0\u00bb global_colors_info=\u00a0\u00bb{}\u00a0\u00bb]<\/p>\n<p style=\"text-align: center;\"><a href=\"https:\/\/www.pedagogie.ac-nice.fr\/daac\/theatre-de-grasse-traces\/\" target=\"_blank\" rel=\"noopener\"><strong><span style=\"color: #000000;\">Retrouvez quelques actions de l&rsquo;ann\u00e9e2021-2022<\/span><\/strong><img loading=\"lazy\" decoding=\"async\" class=\"aligncenter wp-image-11046\" src=\"https:\/\/www.pedagogie.ac-nice.fr\/daac\/wp-content\/uploads\/sites\/37\/2022\/01\/traces.jpg\" alt=\"\" width=\"349\" height=\"150\" srcset=\"https:\/\/www.pedagogie.ac-nice.fr\/daac\/wp-content\/uploads\/sites\/37\/2022\/01\/traces.jpg 681w, https:\/\/www.pedagogie.ac-nice.fr\/daac\/wp-content\/uploads\/sites\/37\/2022\/01\/traces-300x129.jpg 300w\" sizes=\"(max-width: 349px) 100vw, 349px\" \/><\/a><\/p>\n<p>[\/et_pb_text][\/et_pb_column][et_pb_column type=\u00a0\u00bb2_3&Prime; _builder_version=\u00a0\u00bb4.10.7&Prime; _module_preset=\u00a0\u00bbdefault\u00a0\u00bb global_colors_info=\u00a0\u00bb{}\u00a0\u00bb][et_pb_text admin_label=\u00a0\u00bblogo th\u00e9\u00e2tre de Grasse\u00a0\u00bb _builder_version=\u00a0\u00bb4.10.7&Prime; _module_preset=\u00a0\u00bbdefault\u00a0\u00bb text_font=\u00a0\u00bbTrebuchet||||||||\u00a0\u00bb custom_padding=\u00a0\u00bb||0px|||\u00a0\u00bb global_colors_info=\u00a0\u00bb{}\u00a0\u00bb]<\/p>\n<p style=\"text-align: center;\"><span style=\"color: #993366; font-size: 14pt;\"><strong>La DAAC de Nice et le Th\u00e9\u00e2tre de Grasse pr\u00e9sentent<\/strong><\/span><\/p>\n<p>[\/et_pb_text][et_pb_text admin_label=\u00a0\u00bbPr\u00e9sentation de la saison 2022-2023&Prime; _builder_version=\u00a0\u00bb4.10.7&Prime; _module_preset=\u00a0\u00bbdefault\u00a0\u00bb hover_enabled=\u00a0\u00bb0&Prime; global_colors_info=\u00a0\u00bb{}\u00a0\u00bb sticky_enabled=\u00a0\u00bb0&Prime;]<\/p>\n<p style=\"text-align: center;\"><a href=\"https:\/\/www.theatredegrasse.com\/images\/22-23\/pdf\/TDG_Livret_Jeune_Public_22-23.pdf\" target=\"_blank\" rel=\"noopener\"><img loading=\"lazy\" decoding=\"async\" class=\"aligncenter wp-image-13116\" src=\"https:\/\/www.pedagogie.ac-nice.fr\/daac\/wp-content\/uploads\/sites\/37\/2022\/06\/visuel-programmation.jpg\" alt=\"\" width=\"322\" height=\"326\" srcset=\"https:\/\/www.pedagogie.ac-nice.fr\/daac\/wp-content\/uploads\/sites\/37\/2022\/06\/visuel-programmation.jpg 817w, https:\/\/www.pedagogie.ac-nice.fr\/daac\/wp-content\/uploads\/sites\/37\/2022\/06\/visuel-programmation-296x300.jpg 296w, https:\/\/www.pedagogie.ac-nice.fr\/daac\/wp-content\/uploads\/sites\/37\/2022\/06\/visuel-programmation-768x777.jpg 768w\" sizes=\"(max-width: 322px) 100vw, 322px\" \/><\/a><span style=\"color: #ff00ff;\"><b><span style=\"color: #000000;\">date limite des pr\u00e9-r\u00e9servations est le vendredi 30 septembre<\/span><br \/><\/b><\/span><\/p>\n<p>[\/et_pb_text][et_pb_divider admin_label=\u00a0\u00bbS\u00e9parateur\u00a0\u00bb _builder_version=\u00a0\u00bb4.10.7&Prime; _module_preset=\u00a0\u00bbdefault\u00a0\u00bb custom_margin=\u00a0\u00bb-19px|||||\u00a0\u00bb global_colors_info=\u00a0\u00bb{}\u00a0\u00bb][\/et_pb_divider][et_pb_text admin_label=\u00a0\u00bbcontact\u00a0\u00bb _builder_version=\u00a0\u00bb4.10.7&Prime; _module_preset=\u00a0\u00bbdefault\u00a0\u00bb text_font=\u00a0\u00bbTrebuchet||||||||\u00a0\u00bb global_colors_info=\u00a0\u00bb{}\u00a0\u00bb]<\/p>\n<p><span style=\"color: #993366;\"><strong>Charg\u00e9e de mission DAAC :<\/strong><\/span><span style=\"color: #000000;\"><br \/>Florence Leyat &#8211; florence.leyat@ac-nice.fr<\/span><strong><br \/><\/strong><span style=\"color: #000000;\">Aria Florent &#8211; aria.florent@ac-nice.fr<\/span><br \/><strong><br \/><span style=\"color: #993366;\">Coordination DAAC :<\/span><br \/><\/strong><span style=\"color: #993366;\"><strong>ASV th\u00e9\u00e2tre<\/strong><\/span> <span style=\"color: #000000;\">: Jo\u00eblle Bolot\u00a0 &#8211; joelle.bolot@ac-nice.fr<\/span><br \/><span style=\"color: #993366;\"><strong>ASV danse<\/strong><\/span> <span style=\"color: #000000;\">: Muriel Colin Lacour &#8211;\u00a0 muriel.lacour@ac-nice.fr<\/span><\/p>\n<p><span style=\"color: #993366;\"><strong>Th\u00e9\u00e2tre de Grasse :<br \/><\/strong><\/span><span style=\"font-size: 12pt; font-family: georgia, palatino, serif;\"><span style=\"color: #000000;\"><span lang=\"fr-FR\"><strong>Amandine Haegelin<\/strong>, secr\u00e9taire g\u00e9n\u00e9rale,<br \/><a>a.haegelin@theatredegrasse.com<br \/><\/a><\/span><strong>Samia Bahloul<\/strong>, responsable des publics scolaires,<br \/>s.bahloul@theatredegrasse.com<\/span><\/span><\/p>\n<p>[\/et_pb_text][\/et_pb_column][\/et_pb_row][\/et_pb_section]<\/p>\n","protected":false},"excerpt":{"rendered":"<p>Retrouvez les offres des partenaires Retrouvez quelques actions de l&rsquo;ann\u00e9e2021-2022La DAAC de Nice et le Th\u00e9\u00e2tre de Grasse pr\u00e9sententdate limite des pr\u00e9-r\u00e9servations est le vendredi 30 septembreCharg\u00e9e de mission DAAC :Florence Leyat &#8211; florence.leyat@ac-nice.frAria Florent &#8211; aria.florent@ac-nice.frCoordination DAAC :ASV th\u00e9\u00e2tre : Jo\u00eblle Bolot\u00a0 &#8211; joelle.bolot@ac-nice.frASV danse : Muriel Colin Lacour &#8211;\u00a0 muriel.lacour@ac-nice.fr Th\u00e9\u00e2tre de Grasse [&hellip;]<\/p>\n","protected":false},"author":241,"featured_media":0,"parent":0,"menu_order":0,"comment_status":"closed","ping_status":"closed","template":"","meta":{"_et_pb_use_builder":"on","_et_pb_old_content":"<p class=\"western\" style=\"text-align: center;\"><span style=\"font-size: x-large;\">Le Th\u00e9\u00e2tre de Grasse reprend ses activit\u00e9s en faveur du public scolaire<\/span><\/p><p style=\"text-align: justify;\"><img class=\"alignnone wp-image-3414 aligncenter\" src=\"https:\/\/www.pedagogie.ac-nice.fr\/daac\/wp-content\/uploads\/sites\/37\/2021\/05\/logo_th_grasse.jpg\" alt=\"\" width=\"120\" height=\"120\">Profitant du d\u00e9confinement, le <b>TDG,<\/b> dans le cadre de l\u2019op\u00e9ration<br><i><strong>Les Evad\u00e9es<\/strong>,<\/i> s\u2019est d\u00e9plac\u00e9 les 18 et 19 juin aux coll\u00e8ges Carnot et Canteperdrix pour faire b\u00e9n\u00e9ficier les \u00e9l\u00e8ves de sixi\u00e8me du spectacle <i><b>HOLD ON,<\/b><\/i> r\u00e9alis\u00e9 par la compagnie Fheel Concepts.<\/p><p class=\"western\" style=\"text-align: justify;\" align=\"left\">Il s\u2019agit d\u2019immerger les \u00e9l\u00e8ves dans la r\u00e9alit\u00e9 virtuelle de circassiens \u00e9voluant aux agr\u00e8s gr\u00e2ce \u00e0 l\u2019emploi de lunettes virtuelles et de casques audio.<\/p><p class=\"western\" style=\"text-align: justify;\" align=\"left\">Durant 15 minutes tous ont ressenti les \u00e9motions et l\u2019effroi d\u2019un artiste \u00e9voluant \u00e0 10 m\u00e8tres du sol sans autre s\u00e9curit\u00e9 que la dext\u00e9rit\u00e9 de ses gestes\u00a0: de la voltige dans un fauteuil.<\/p><p class=\"western\" style=\"text-align: center;\" align=\"left\">Une exp\u00e9rience forte qui les a enthousiasm\u00e9s\u00a0!<\/p><p align=\"left\"><img class=\"wp-image-3930 aligncenter\" src=\"https:\/\/www.pedagogie.ac-nice.fr\/daac\/wp-content\/uploads\/sites\/37\/2021\/06\/illustration_reprise_activite_theatre_Grasse.jpg\" alt=\"le th\u00e9\u00e2tre de Grasse reprend ses activit\u00e9s\" width=\"327\" height=\"245\"><\/p><hr><p style=\"text-align: center;\" align=\"left\"><strong>Essai-transform\u00e9 de survie th\u00e9\u00e2trale en milieu confin\u00e9<br>Une pi\u00e8ce d\u2019Ahmed Madani avec les \u00e9tablissements scolaires de Grasse<\/strong><\/p><p style=\"text-align: center;\" align=\"left\">\"J'ai rencontr\u00e9 Dieu sur Facebook\"<br><span style=\"font-size: 8pt;\">Retrouvez tout le projet en cliquant sur l'image<\/span><\/p><p align=\"left\"><a href=\"https:\/\/www.pedagogie.ac-nice.fr\/daac\/jai-rencontre-dieu-sur-facebook\/\" target=\"_blank\" rel=\"noopener\"> <img class=\"wp-image-3931 aligncenter\" src=\"https:\/\/www.pedagogie.ac-nice.fr\/daac\/wp-content\/uploads\/sites\/37\/2021\/06\/photo_3_Grasse.jpg\" alt=\"th\u00e9\u00e2tre de Grasse dieu facebook\" width=\"244\" height=\"325\"><\/a><\/p><p align=\"left\"><strong>Contact Th\u00e9\u00e2tre de Grasse<\/strong>\u00a0: s.bahloul@theatredegrasse.com<br><strong>Contact pour la compagnie Madani\u00a0<\/strong>\u00a0:\u00a0<span class=\"ydp217f4741yiv5045488074gmail_sendername\">Anahid Djalali<\/span>\u00a0<br>contact@madanicompagnie.fr<br><strong>Coordination DAAC \u2013 ASV th\u00e9\u00e2tre<\/strong> : joelle.bolot@ac-nice.fr<\/p>","_et_gb_content_width":"","ngg_post_thumbnail":0,"footnotes":""},"class_list":["post-3929","page","type-page","status-publish","hentry"],"rttpg_featured_image_url":null,"rttpg_author":{"display_name":"daacadmin","author_link":"https:\/\/www.pedagogie.ac-nice.fr\/daac\/author\/daacadmin\/"},"rttpg_comment":0,"rttpg_category":null,"rttpg_excerpt":"Retrouvez les offres des partenaires Retrouvez quelques actions de l'ann\u00e9e2021-2022La DAAC de Nice et le Th\u00e9\u00e2tre de Grasse pr\u00e9sententdate limite des pr\u00e9-r\u00e9servations est le vendredi 30 septembreCharg\u00e9e de mission DAAC :Florence Leyat - florence.leyat@ac-nice.frAria Florent - aria.florent@ac-nice.frCoordination DAAC :ASV th\u00e9\u00e2tre : Jo\u00eblle Bolot\u00a0 - joelle.bolot@ac-nice.frASV danse : Muriel Colin Lacour -\u00a0 muriel.lacour@ac-nice.fr Th\u00e9\u00e2tre de Grasse\u2026","post_mailing_queue_ids":[],"_links":{"self":[{"href":"https:\/\/www.pedagogie.ac-nice.fr\/daac\/wp-json\/wp\/v2\/pages\/3929","targetHints":{"allow":["GET"]}}],"collection":[{"href":"https:\/\/www.pedagogie.ac-nice.fr\/daac\/wp-json\/wp\/v2\/pages"}],"about":[{"href":"https:\/\/www.pedagogie.ac-nice.fr\/daac\/wp-json\/wp\/v2\/types\/page"}],"author":[{"embeddable":true,"href":"https:\/\/www.pedagogie.ac-nice.fr\/daac\/wp-json\/wp\/v2\/users\/241"}],"replies":[{"embeddable":true,"href":"https:\/\/www.pedagogie.ac-nice.fr\/daac\/wp-json\/wp\/v2\/comments?post=3929"}],"version-history":[{"count":28,"href":"https:\/\/www.pedagogie.ac-nice.fr\/daac\/wp-json\/wp\/v2\/pages\/3929\/revisions"}],"predecessor-version":[{"id":14619,"href":"https:\/\/www.pedagogie.ac-nice.fr\/daac\/wp-json\/wp\/v2\/pages\/3929\/revisions\/14619"}],"wp:attachment":[{"href":"https:\/\/www.pedagogie.ac-nice.fr\/daac\/wp-json\/wp\/v2\/media?parent=3929"}],"curies":[{"name":"wp","href":"https:\/\/api.w.org\/{rel}","templated":true}]}}