{"id":4559,"date":"2021-09-03T20:43:42","date_gmt":"2021-09-03T18:43:42","guid":{"rendered":"https:\/\/www.pedagogie.ac-nice.fr\/daac\/?page_id=4559"},"modified":"2025-09-05T13:39:08","modified_gmt":"2025-09-05T11:39:08","slug":"mercredis-enseignants-2","status":"publish","type":"page","link":"https:\/\/www.pedagogie.ac-nice.fr\/daac\/mercredis-enseignants-2\/","title":{"rendered":"Mercredis Enseignants et rdv enseignants"},"content":{"rendered":"<p>[et_pb_section fb_built=\u00a0\u00bb1&Prime; _builder_version=\u00a0\u00bb4.16&Prime; _module_preset=\u00a0\u00bbdefault\u00a0\u00bb global_colors_info=\u00a0\u00bb{}\u00a0\u00bb][et_pb_row _builder_version=\u00a0\u00bb4.16&Prime; _module_preset=\u00a0\u00bbdefault\u00a0\u00bb global_colors_info=\u00a0\u00bb{}\u00a0\u00bb][et_pb_column type=\u00a0\u00bb4_4&Prime; _builder_version=\u00a0\u00bb4.16&Prime; _module_preset=\u00a0\u00bbdefault\u00a0\u00bb global_colors_info=\u00a0\u00bb{}\u00a0\u00bb][et_pb_text admin_label=\u00a0\u00bbTexte pr\u00e9sentation RDv enseignants\u00a0\u00bb _builder_version=\u00a0\u00bb4.16&Prime; _module_preset=\u00a0\u00bbdefault\u00a0\u00bb text_font=\u00a0\u00bbTrebuchet||||||||\u00a0\u00bb text_text_color=\u00a0\u00bb#000000&Prime; text_font_size=\u00a0\u00bb18px\u00a0\u00bb text_orientation=\u00a0\u00bbjustified\u00a0\u00bb global_colors_info=\u00a0\u00bb{}\u00a0\u00bb]<\/p>\n<p align=\"left\"><strong><span style=\"color: #2c363a;\"><span style=\"font-family: Trebuchet MS, sans-serif;\"><span style=\"font-size: small;\">Les structures partenaires de la DAAC pour l&rsquo;\u00e9ducation artistique et culturelle proposent aux enseignants de l&rsquo;acad\u00e9mie de Nice des <\/span><\/span><\/span><span style=\"color: #2c363a;\"><span style=\"font-family: Trebuchet MS, sans-serif;\"><span style=\"font-size: small;\">rendez-vous enseignants du mercredi apr\u00e8s-midi avec\u00a0des structures culturelles<\/span><\/span><\/span><\/strong><span><span style=\"color: #2c363a;\"><span style=\"font-family: Trebuchet MS, sans-serif;\"><span style=\"font-size: small;\"><strong>. Ces rendez-vous hors temps scolaire sont propos\u00e9s aux enseignants volontaires int\u00e9ress\u00e9s, dans le respect des consignes sanitaires des lieux d&rsquo;accueil.<\/strong><br \/>Organis\u00e9s par les structures culturelles et scientifiques, en lien avec les charg\u00e9s\u00a0de\u00a0mission\u00a0de\u00a0la DAAC sur ces territoires, ces rendez-vous permettent\u00a0la\u00a0<\/span><\/span><\/span><\/span><strong><span><span style=\"color: #2c363a;\"><span style=\"font-family: Trebuchet MS, sans-serif;\"><span style=\"font-size: small;\"><b>rencontre avec les lieux et les \u00e9quipes\u00a0de\u00a0m\u00e9diation culturelle afin\u00a0de\u00a0conna\u00eetre les ressources et ateliers propos\u00e9s pour b\u00e2tir\u00a0de\u00a0futurs projets\u00a0culturels<\/b><\/span><\/span><\/span><\/span><\/strong><span><span style=\"color: #2c363a;\"><span style=\"font-family: Trebuchet MS, sans-serif;\"><span style=\"font-size: small;\">.<\/span><\/span><\/span><\/span><span style=\"color: #2c363a;\">\u00a0<\/span><span><span style=\"color: #2c363a;\"><span style=\"font-family: Trebuchet MS, sans-serif;\"><span style=\"font-size: small;\">On trouvera au fil\u00a0de\u00a0l&rsquo;ann\u00e9e les liens aux\u00a0<\/span><\/span><\/span><\/span><strong><span><span style=\"color: #2c363a;\"><span style=\"font-family: Trebuchet MS, sans-serif;\"><span style=\"font-size: small;\"><b>fiches\u00a0descriptives\u00a0de\u00a0chaque mercredi<\/b><\/span><\/span><\/span><\/span><\/strong><span><span style=\"color: #2c363a;\"><span style=\"font-family: Trebuchet MS, sans-serif;\"><span style=\"font-size: small;\"> pr\u00e9cisant le programme, l&rsquo;adresse et les contacts des charg\u00e9s de mission aupr\u00e8s desquels se renseigner et s&rsquo;inscrire.<\/span><\/span><\/span><\/span><\/p>\n<p align=\"left\"><span><span style=\"color: #2c363a;\"><span style=\"font-family: Trebuchet MS, sans-serif;\"><span style=\"font-size: small;\"><u>L&rsquo;inscription est toujours obligatoire<\/u><\/span><\/span><\/span><\/span><span><span style=\"color: #2c363a;\"><span style=\"font-family: Trebuchet MS, sans-serif;\"><span style=\"font-size: small;\">, le rendez-vous a toujours lieu sur place.<\/span><\/span><\/span><\/span><\/p>\n<p>&nbsp;<\/p>\n<p>[\/et_pb_text][\/et_pb_column][\/et_pb_row][et_pb_row column_structure=\u00a0\u00bb1_3,1_3,1_3&Prime; _builder_version=\u00a0\u00bb4.16&Prime; _module_preset=\u00a0\u00bbdefault\u00a0\u00bb global_colors_info=\u00a0\u00bb{}\u00a0\u00bb][et_pb_column type=\u00a0\u00bb1_3&Prime; _builder_version=\u00a0\u00bb4.16&Prime; _module_preset=\u00a0\u00bbdefault\u00a0\u00bb global_colors_info=\u00a0\u00bb{}\u00a0\u00bb][et_pb_text admin_label=\u00a0\u00bbVar\u00a0\u00bb _builder_version=\u00a0\u00bb4.16&Prime; _module_preset=\u00a0\u00bbdefault\u00a0\u00bb global_colors_info=\u00a0\u00bb{}\u00a0\u00bb]<\/p>\n<p style=\"text-align: center;\"><a href=\"https:\/\/www.pedagogie.ac-nice.fr\/daac\/mercredis-enseignants-var\/\" target=\"_blank\" rel=\"noopener\"><img loading=\"lazy\" decoding=\"async\" class=\"alignnone size-full wp-image-6498\" src=\"https:\/\/www.pedagogie.ac-nice.fr\/daac\/wp-content\/uploads\/sites\/37\/2021\/09\/mercredis_enseignants_Var.png\" alt=\"\" width=\"284\" height=\"216\"><\/a><\/p>\n<p>[\/et_pb_text][\/et_pb_column][et_pb_column type=\u00a0\u00bb1_3&Prime; _builder_version=\u00a0\u00bb4.16&Prime; _module_preset=\u00a0\u00bbdefault\u00a0\u00bb global_colors_info=\u00a0\u00bb{}\u00a0\u00bb][et_pb_text admin_label=\u00a0\u00bbRDV du soir\u00a0\u00bb _builder_version=\u00a0\u00bb4.16&Prime; _module_preset=\u00a0\u00bbdefault\u00a0\u00bb global_colors_info=\u00a0\u00bb{}\u00a0\u00bb]<\/p>\n<p>&nbsp;<\/p>\n<p><a href=\"https:\/\/www.pedagogie.ac-nice.fr\/daac\/rdv-du-soir\/\" target=\"_blank\" rel=\"noopener\"><img loading=\"lazy\" decoding=\"async\" class=\"aligncenter wp-image-5391 size-full\" src=\"https:\/\/www.pedagogie.ac-nice.fr\/daac\/wp-content\/uploads\/sites\/37\/2021\/09\/rdv_soir_visuel.jpg\" alt=\"\" width=\"285\" height=\"193\"><\/a><\/p>\n<p>[\/et_pb_text][\/et_pb_column][et_pb_column type=\u00a0\u00bb1_3&Prime; _builder_version=\u00a0\u00bb4.16&Prime; _module_preset=\u00a0\u00bbdefault\u00a0\u00bb global_colors_info=\u00a0\u00bb{}\u00a0\u00bb][et_pb_text admin_label=\u00a0\u00bbAlpes Maritimes\u00a0\u00bb _builder_version=\u00a0\u00bb4.16&Prime; _module_preset=\u00a0\u00bbdefault\u00a0\u00bb global_colors_info=\u00a0\u00bb{}\u00a0\u00bb]<\/p>\n<p><a href=\"https:\/\/www.pedagogie.ac-nice.fr\/daac\/mercredis-enseignants-alpes-maritimes-2\/\" target=\"_blank\" rel=\"noopener\"><img loading=\"lazy\" decoding=\"async\" class=\"wp-image-6497 size-full aligncenter\" src=\"https:\/\/www.pedagogie.ac-nice.fr\/daac\/wp-content\/uploads\/sites\/37\/2021\/09\/mercredis_enseignants_AM.png\" alt=\"\" width=\"281\" height=\"219\"><\/a><\/p>\n<p>[\/et_pb_text][\/et_pb_column][\/et_pb_row][\/et_pb_section]<\/p>\n","protected":false},"excerpt":{"rendered":"<p>Les structures partenaires de la DAAC pour l&rsquo;\u00e9ducation artistique et culturelle proposent aux enseignants de l&rsquo;acad\u00e9mie de Nice des rendez-vous enseignants du mercredi apr\u00e8s-midi avec\u00a0des structures culturelles. Ces rendez-vous hors temps scolaire sont propos\u00e9s aux enseignants volontaires int\u00e9ress\u00e9s, dans le respect des consignes sanitaires des lieux d&rsquo;accueil.Organis\u00e9s par les structures culturelles et scientifiques, en lien [&hellip;]<\/p>\n","protected":false},"author":241,"featured_media":0,"parent":0,"menu_order":0,"comment_status":"closed","ping_status":"closed","template":"","meta":{"_et_pb_use_builder":"on","_et_pb_old_content":"","_et_gb_content_width":"","ngg_post_thumbnail":0,"footnotes":""},"class_list":["post-4559","page","type-page","status-publish","hentry"],"rttpg_featured_image_url":null,"rttpg_author":{"display_name":"daacadmin","author_link":"https:\/\/www.pedagogie.ac-nice.fr\/daac\/author\/daacadmin\/"},"rttpg_comment":0,"rttpg_category":null,"rttpg_excerpt":"Les structures partenaires de la DAAC pour l'\u00e9ducation artistique et culturelle proposent aux enseignants de l'acad\u00e9mie de Nice des rendez-vous enseignants du mercredi apr\u00e8s-midi avec\u00a0des structures culturelles. Ces rendez-vous hors temps scolaire sont propos\u00e9s aux enseignants volontaires int\u00e9ress\u00e9s, dans le respect des consignes sanitaires des lieux d'accueil.Organis\u00e9s par les structures culturelles et scientifiques, en lien\u2026","post_mailing_queue_ids":[],"_links":{"self":[{"href":"https:\/\/www.pedagogie.ac-nice.fr\/daac\/wp-json\/wp\/v2\/pages\/4559","targetHints":{"allow":["GET"]}}],"collection":[{"href":"https:\/\/www.pedagogie.ac-nice.fr\/daac\/wp-json\/wp\/v2\/pages"}],"about":[{"href":"https:\/\/www.pedagogie.ac-nice.fr\/daac\/wp-json\/wp\/v2\/types\/page"}],"author":[{"embeddable":true,"href":"https:\/\/www.pedagogie.ac-nice.fr\/daac\/wp-json\/wp\/v2\/users\/241"}],"replies":[{"embeddable":true,"href":"https:\/\/www.pedagogie.ac-nice.fr\/daac\/wp-json\/wp\/v2\/comments?post=4559"}],"version-history":[{"count":19,"href":"https:\/\/www.pedagogie.ac-nice.fr\/daac\/wp-json\/wp\/v2\/pages\/4559\/revisions"}],"predecessor-version":[{"id":15848,"href":"https:\/\/www.pedagogie.ac-nice.fr\/daac\/wp-json\/wp\/v2\/pages\/4559\/revisions\/15848"}],"wp:attachment":[{"href":"https:\/\/www.pedagogie.ac-nice.fr\/daac\/wp-json\/wp\/v2\/media?parent=4559"}],"curies":[{"name":"wp","href":"https:\/\/api.w.org\/{rel}","templated":true}]}}