{"id":4630,"date":"2021-09-03T22:52:18","date_gmt":"2021-09-03T20:52:18","guid":{"rendered":"https:\/\/www.pedagogie.ac-nice.fr\/daac\/?page_id=4630"},"modified":"2025-09-23T14:51:07","modified_gmt":"2025-09-23T12:51:07","slug":"preac-2021","status":"publish","type":"page","link":"https:\/\/www.pedagogie.ac-nice.fr\/daac\/preac-2021\/","title":{"rendered":"PREAC 2021"},"content":{"rendered":"<p>[et_pb_section fb_built=\u00a0\u00bb1&Prime; _builder_version=\u00a0\u00bb4.16&Prime; _module_preset=\u00a0\u00bbdefault\u00a0\u00bb global_colors_info=\u00a0\u00bb{}\u00a0\u00bb][et_pb_row _builder_version=\u00a0\u00bb4.16&Prime; _module_preset=\u00a0\u00bbdefault\u00a0\u00bb global_colors_info=\u00a0\u00bb{}\u00a0\u00bb][et_pb_column type=\u00a0\u00bb4_4&Prime; _builder_version=\u00a0\u00bb4.16&Prime; _module_preset=\u00a0\u00bbdefault\u00a0\u00bb global_colors_info=\u00a0\u00bb{}\u00a0\u00bb][et_pb_text admin_label=\u00a0\u00bbd\u00e9finitions Preac\u00a0\u00bb _builder_version=\u00a0\u00bb4.16&Prime; _module_preset=\u00a0\u00bbdefault\u00a0\u00bb text_font=\u00a0\u00bbTrebuchet||||||||\u00a0\u00bb text_text_color=\u00a0\u00bb#000000&Prime; text_font_size=\u00a0\u00bb16px\u00a0\u00bb text_orientation=\u00a0\u00bbjustified\u00a0\u00bb global_colors_info=\u00a0\u00bb{}\u00a0\u00bb]<\/p>\n<p style=\"text-align: justify;\"><span style=\"color: #000000; font-family: verdana, geneva, sans-serif; font-size: 12pt;\"><span style=\"color: #993366;\">Un<strong> PR\u00c9AC<\/strong> est un <\/span><span style=\"color: #ff9900;\"><span style=\"color: #993366;\">P\u00f4le de Ressources pour l\u2019\u00c9ducation Artistique et Culturelle<\/span>.<\/span> <\/span><\/p>\n<p style=\"text-align: justify;\"><span style=\"color: #000000; font-family: verdana, geneva, sans-serif; font-size: 12pt;\">C&rsquo;est une instance partenariale r\u00e9unissant le minist\u00e8re de la Culture, le minist\u00e8re de l&rsquo;\u00c9ducation nationale, de la Jeunesse et des Sports, l\u2019INSP\u00c9, les structures culturelles locales et R\u00e9seau Canop\u00e9 qui est un puissant vecteur<\/span><span style=\"color: #000000; font-family: verdana, geneva, sans-serif; font-size: 12pt;\"> d\u2019actions :<\/span><\/p>\n<ul>\n<li><span style=\"color: #000000; font-family: verdana, geneva, sans-serif; font-size: 12pt;\">de formation de formateurs, \u00e0 destination des publics \u00e0 la fois de l\u2019\u00e9ducation et de la culture ;<\/span><\/li>\n<li><span style=\"color: #000000; font-family: verdana, geneva, sans-serif; font-size: 12pt;\">de production de ressources transf\u00e9rables nationalement pour d\u00e9velopper des projets d\u2019\u00e9ducation artistique et culturelle ;<\/span><\/li>\n<li><span style=\"color: #000000; font-family: verdana, geneva, sans-serif; font-size: 12pt;\">d\u2019animation du r\u00e9seau des acteurs de formations.<\/span><\/li>\n<\/ul>\n<div>\n<p><span style=\"color: #000000; font-family: verdana, geneva, sans-serif; font-size: 12pt;\">Il y a actuellement 40 PR\u00c9AC, r\u00e9partis sur 9 domaines artistiques identifi\u00e9s. Ils touchent plus de 5 000 formateurs par an sur l\u2019ensemble du territoire national.<\/span><\/p>\n<p style=\"text-align: right;\"><span style=\"font-family: verdana, geneva, sans-serif; font-size: 12pt;\"><a href=\"https:\/\/www.reseau-canope.fr\/pole-de-ressources-pour-leducation-artistique-et-culturelle\" target=\"_blank\" rel=\"noopener\">Source : r\u00e9seau Canop\u00e9<\/a><\/span><\/p>\n<\/div>\n<p>[\/et_pb_text][et_pb_divider _builder_version=\u00a0\u00bb4.16&Prime; _module_preset=\u00a0\u00bbdefault\u00a0\u00bb global_colors_info=\u00a0\u00bb{}\u00a0\u00bb][\/et_pb_divider][\/et_pb_column][\/et_pb_row][\/et_pb_section]<\/p>\n","protected":false},"excerpt":{"rendered":"<p>Un PR\u00c9AC est un P\u00f4le de Ressources pour l\u2019\u00c9ducation Artistique et Culturelle. C&rsquo;est une instance partenariale r\u00e9unissant le minist\u00e8re de la Culture, le minist\u00e8re de l&rsquo;\u00c9ducation nationale, de la Jeunesse et des Sports, l\u2019INSP\u00c9, les structures culturelles locales et R\u00e9seau Canop\u00e9 qui est un puissant vecteur d\u2019actions : de formation de formateurs, \u00e0 destination des [&hellip;]<\/p>\n","protected":false},"author":241,"featured_media":0,"parent":0,"menu_order":0,"comment_status":"closed","ping_status":"closed","template":"","meta":{"_et_pb_use_builder":"on","_et_pb_old_content":"","_et_gb_content_width":"","ngg_post_thumbnail":0,"footnotes":""},"class_list":["post-4630","page","type-page","status-publish","hentry"],"rttpg_featured_image_url":null,"rttpg_author":{"display_name":"daacadmin","author_link":"https:\/\/www.pedagogie.ac-nice.fr\/daac\/author\/daacadmin\/"},"rttpg_comment":0,"rttpg_category":null,"rttpg_excerpt":"Un PR\u00c9AC est un P\u00f4le de Ressources pour l\u2019\u00c9ducation Artistique et Culturelle. C'est une instance partenariale r\u00e9unissant le minist\u00e8re de la Culture, le minist\u00e8re de l'\u00c9ducation nationale, de la Jeunesse et des Sports, l\u2019INSP\u00c9, les structures culturelles locales et R\u00e9seau Canop\u00e9 qui est un puissant vecteur d\u2019actions : de formation de formateurs, \u00e0 destination des\u2026","post_mailing_queue_ids":[],"_links":{"self":[{"href":"https:\/\/www.pedagogie.ac-nice.fr\/daac\/wp-json\/wp\/v2\/pages\/4630","targetHints":{"allow":["GET"]}}],"collection":[{"href":"https:\/\/www.pedagogie.ac-nice.fr\/daac\/wp-json\/wp\/v2\/pages"}],"about":[{"href":"https:\/\/www.pedagogie.ac-nice.fr\/daac\/wp-json\/wp\/v2\/types\/page"}],"author":[{"embeddable":true,"href":"https:\/\/www.pedagogie.ac-nice.fr\/daac\/wp-json\/wp\/v2\/users\/241"}],"replies":[{"embeddable":true,"href":"https:\/\/www.pedagogie.ac-nice.fr\/daac\/wp-json\/wp\/v2\/comments?post=4630"}],"version-history":[{"count":23,"href":"https:\/\/www.pedagogie.ac-nice.fr\/daac\/wp-json\/wp\/v2\/pages\/4630\/revisions"}],"predecessor-version":[{"id":15957,"href":"https:\/\/www.pedagogie.ac-nice.fr\/daac\/wp-json\/wp\/v2\/pages\/4630\/revisions\/15957"}],"wp:attachment":[{"href":"https:\/\/www.pedagogie.ac-nice.fr\/daac\/wp-json\/wp\/v2\/media?parent=4630"}],"curies":[{"name":"wp","href":"https:\/\/api.w.org\/{rel}","templated":true}]}}