{"id":4677,"date":"2021-09-04T16:11:13","date_gmt":"2021-09-04T14:11:13","guid":{"rendered":"https:\/\/www.pedagogie.ac-nice.fr\/daac\/?page_id=4677"},"modified":"2026-02-04T13:47:05","modified_gmt":"2026-02-04T12:47:05","slug":"actualites-2021-2","status":"publish","type":"page","link":"https:\/\/www.pedagogie.ac-nice.fr\/daac\/actualites-2021-2\/","title":{"rendered":"Actualit\u00e9s 2022"},"content":{"rendered":"<p>[et_pb_section fb_built=\u00a0\u00bb1&Prime; _builder_version=\u00a0\u00bb4.16&Prime; _module_preset=\u00a0\u00bbdefault\u00a0\u00bb global_colors_info=\u00a0\u00bb{}\u00a0\u00bb][et_pb_row _builder_version=\u00a0\u00bb4.16&Prime; _module_preset=\u00a0\u00bbdefault\u00a0\u00bb global_colors_info=\u00a0\u00bb{}\u00a0\u00bb][et_pb_column type=\u00a0\u00bb4_4&Prime; _builder_version=\u00a0\u00bb4.16&Prime; _module_preset=\u00a0\u00bbdefault\u00a0\u00bb global_colors_info=\u00a0\u00bb{}\u00a0\u00bb][et_pb_text _builder_version=\u00a0\u00bb4.16&Prime; _module_preset=\u00a0\u00bbdefault\u00a0\u00bb text_font_size=\u00a0\u00bb18px\u00a0\u00bb custom_padding=\u00a0\u00bb0px|||||\u00a0\u00bb global_colors_info=\u00a0\u00bb{}\u00a0\u00bb]<\/p>\n<p style=\"text-align: center;\"><strong><span style=\"font-size: 18pt; color: #800080;\">L&rsquo;actualit\u00e9 de la DAAC de l&rsquo;Acad\u00e9mie de Nice et de l&rsquo;EAC en images<\/span><\/strong><\/p>\n<p>[\/et_pb_text][et_pb_divider _builder_version=\u00a0\u00bb4.27.4&Prime; _module_preset=\u00a0\u00bbdefault\u00a0\u00bb global_colors_info=\u00a0\u00bb{}\u00a0\u00bb][\/et_pb_divider][et_pb_text _builder_version=\u00a0\u00bb4.27.4&Prime; _module_preset=\u00a0\u00bbdefault\u00a0\u00bb text_font=\u00a0\u00bbTrebuchet||||||||\u00a0\u00bb text_text_color=\u00a0\u00bb#000000&Prime; text_font_size=\u00a0\u00bb19px\u00a0\u00bb text_orientation=\u00a0\u00bbcenter\u00a0\u00bb global_colors_info=\u00a0\u00bb{}\u00a0\u00bb]<\/p>\n<p style=\"text-align: center;\">Retrouvez toute l&rsquo;actualit\u00e9 de la DAAC semaine par semaine en suivant ce lien<\/p>\n<p style=\"text-align: center;\"><a href=\"https:\/\/www.pearltrees.com\/t\/daac-de-nice\/actualites-daac\/id95812889\" target=\"_blank\" rel=\"noopener\" title=\"Actu hebdo DAAC\"><img loading=\"lazy\" decoding=\"async\" src=\"https:\/\/www.pedagogie.ac-nice.fr\/daac\/wp-content\/uploads\/sites\/37\/2026\/01\/bouton.png\" width=\"141\" height=\"73\" alt=\"\" class=\"wp-image-15993 alignnone size-full\" \/><\/a><\/p>\n<p>[\/et_pb_text][et_pb_divider _builder_version=\u00a0\u00bb4.27.4&Prime; _module_preset=\u00a0\u00bbdefault\u00a0\u00bb global_colors_info=\u00a0\u00bb{}\u00a0\u00bb][\/et_pb_divider][et_pb_text _builder_version=\u00a0\u00bb4.27.4&Prime; _module_preset=\u00a0\u00bbdefault\u00a0\u00bb text_font=\u00a0\u00bbTrebuchet||||||||\u00a0\u00bb text_text_color=\u00a0\u00bb#000000&Prime; text_font_size=\u00a0\u00bb16px\u00a0\u00bb hover_enabled=\u00a0\u00bb0&Prime; global_colors_info=\u00a0\u00bb{}\u00a0\u00bb sticky_enabled=\u00a0\u00bb0&Prime;]<\/p>\n<p>&nbsp;<\/p>\n<p style=\"text-align: center;\"><img loading=\"lazy\" decoding=\"async\" src=\"https:\/\/www.pedagogie.ac-nice.fr\/daac\/wp-content\/uploads\/sites\/37\/2021\/10\/musee_national_sport.png\" width=\"249\" height=\"245\" alt=\"\" class=\"wp-image-7619 alignnone size-full\" \/><\/p>\n<p><span style=\"color: #333300;\"><a href=\"https:\/\/www.pedagogie.ac-nice.fr\/daac\/wp-content\/uploads\/sites\/37\/2025\/10\/MNS2025_Offres-pedagogiques-colleges-et-lycees.pdf\" target=\"_blank\" rel=\"noopener\" style=\"color: #333300;\"><\/a><\/span><\/p>\n<p>A partir du 11 F\u00e9vrier 2026, l\u2019exposition \u00ab Un \u00e9t\u00e9 2024 \u00bb permet au \u00e9l\u00e8ves de revisiter ce bonheur collectif et de se replonger dans un \u00e9t\u00e9 comme aucun autre. Sur plus de 500 m\u00b2, dans une sc\u00e9nographie immersive, interactive et \u00e9mouvante, l\u2019exposition raconte les premiers JO paritaires, des Jeux responsables, inclusifs et ouverts, et la r\u00e9ussite \u00e9clatante d\u2019un pari fran\u00e7ais, initi\u00e9 le 23 juin 2015 avec l\u2019officialisation de la candidature de Paris.<\/p>\n<p><a href=\"https:\/\/www.pedagogie.ac-nice.fr\/daac\/wp-content\/uploads\/sites\/37\/2026\/02\/MNS_OFFRE-PEDAGOGIQUE_COLLEGES-LYCEES.pdf\" target=\"_blank\" rel=\"noopener\"><img loading=\"lazy\" decoding=\"async\" src=\"https:\/\/www.pedagogie.ac-nice.fr\/daac\/wp-content\/uploads\/sites\/37\/2026\/02\/COUV-COLLEGES-LYCEES-212x300.jpg\" width=\"212\" height=\"300\" alt=\"\" class=\"wp-image-16040 alignnone size-medium\" style=\"display: block; margin-left: auto; margin-right: auto;\" srcset=\"https:\/\/www.pedagogie.ac-nice.fr\/daac\/wp-content\/uploads\/sites\/37\/2026\/02\/COUV-COLLEGES-LYCEES-212x300.jpg 212w, https:\/\/www.pedagogie.ac-nice.fr\/daac\/wp-content\/uploads\/sites\/37\/2026\/02\/COUV-COLLEGES-LYCEES-724x1024.jpg 724w, https:\/\/www.pedagogie.ac-nice.fr\/daac\/wp-content\/uploads\/sites\/37\/2026\/02\/COUV-COLLEGES-LYCEES-768x1086.jpg 768w, https:\/\/www.pedagogie.ac-nice.fr\/daac\/wp-content\/uploads\/sites\/37\/2026\/02\/COUV-COLLEGES-LYCEES-1086x1536.jpg 1086w, https:\/\/www.pedagogie.ac-nice.fr\/daac\/wp-content\/uploads\/sites\/37\/2026\/02\/COUV-COLLEGES-LYCEES-1080x1528.jpg 1080w, https:\/\/www.pedagogie.ac-nice.fr\/daac\/wp-content\/uploads\/sites\/37\/2026\/02\/COUV-COLLEGES-LYCEES.jpg 1240w\" sizes=\"(max-width: 212px) 100vw, 212px\" \/><\/a><\/p>\n<p><span style=\"color: #333300;\"><\/span><\/p>\n<p><span style=\"color: #333300;\"><a href=\"https:\/\/www.pedagogie.ac-nice.fr\/daac\/le-musee-national-des-sports\/\" target=\"_blank\" rel=\"noopener\" style=\"color: #333300;\">\u00a0Retrouvez la page d\u00e9di\u00e9e ici<\/a><\/span><\/p>\n<p>[\/et_pb_text][et_pb_divider _builder_version=\u00a0\u00bb4.27.4&Prime; _module_preset=\u00a0\u00bbdefault\u00a0\u00bb global_colors_info=\u00a0\u00bb{}\u00a0\u00bb][\/et_pb_divider][et_pb_text _builder_version=\u00a0\u00bb4.27.4&Prime; _module_preset=\u00a0\u00bbdefault\u00a0\u00bb text_font=\u00a0\u00bbTrebuchet||||||||\u00a0\u00bb text_text_color=\u00a0\u00bb#000000&Prime; text_font_size=\u00a0\u00bb16px\u00a0\u00bb text_orientation=\u00a0\u00bbjustified\u00a0\u00bb global_colors_info=\u00a0\u00bb{}\u00a0\u00bb]<\/p>\n<p><img loading=\"lazy\" decoding=\"async\" src=\"https:\/\/www.pedagogie.ac-nice.fr\/daac\/wp-content\/uploads\/sites\/37\/2025\/04\/region.jpg\" width=\"190\" height=\"143\" alt=\"\" class=\"wp-image-15793 alignnone size-full\" style=\"display: block; margin-left: auto; margin-right: auto;\" \/><\/p>\n<p style=\"text-align: center;\"><span style=\"font-size: x-large;\"><strong>APPEL \u00c0 PROJETS<\/strong>\u00a0<\/span><\/p>\n<p style=\"text-align: center;\"><span style=\"font-size: x-large;\"><strong><em>\u00ab Prix litt\u00e9raire des lyc\u00e9ens et apprentis \u00bb<\/em><\/strong><\/span><\/p>\n<p style=\"text-align: center;\"><span style=\"font-size: x-large;\"><em>Ann\u00e9e scolaire 2025\/2026<\/em><\/span><\/p>\n<p>\u00a0Le dispositif \u00ab Prix litt\u00e9raire des lyc\u00e9ens et apprentis \u00bb vise \u00e0 favoriser la lecture et la d\u00e9couverte de la cr\u00e9ation litt\u00e9raire et graphique contemporaine aupr\u00e8s des jeunes de la r\u00e9gion Provence-Alpes-C\u00f4te d\u2019Azur. Sa mise en \u0153uvre est confi\u00e9e \u00e0 <strong>l\u2019Agence r\u00e9gionale du Livre. <\/strong><\/p>\n<p>Le \u00ab Prix litt\u00e9raire des lyc\u00e9ens et apprentis \u00bb propose une comp\u00e9tition amicale \u00e0 caract\u00e8re litt\u00e9raire permettant aux jeunes de distinguer, \u00e0 travers un prix, d\u2019une part l&rsquo;\u0153uvre d\u2019un romancier, et d\u2019autre part celle d\u2019un sc\u00e9nariste et d\u2019un dessinateur de bande dessin\u00e9e. Ce \u00ab Prix litt\u00e9raire \u00bb est aussi l\u2019occasion pour les jeunes de participer \u00e0 des ateliers artistiques consacr\u00e9s \u00e0 la cr\u00e9ation, d\u2019\u00e9changer avec des professionnels du livre afin de d\u00e9couvrir les m\u00e9tiers qui y sont li\u00e9s, de partager leurs exp\u00e9riences de lecture, entre eux et avec les auteurs lors de rencontres et de forums litt\u00e9raires, et de valoriser leurs propres cr\u00e9ations \u00e0 l\u2019occasion de la journ\u00e9e de Remise du Prix, pendant laquelle ils exposent, montrent, jouent&#8230; leurs r\u00e9alisations devant les auteurs.<\/p>\n<p><a href=\"https:\/\/www.pedagogie.ac-nice.fr\/daac\/wp-content\/uploads\/sites\/37\/2025\/04\/AAP-PRIX-LITTERAIRE-2025-2026-VD.pdf\" target=\"_blank\" rel=\"noopener\">En savoir plus<\/a><\/p>\n<p>[\/et_pb_text][et_pb_divider _builder_version=\u00a0\u00bb4.16&Prime; _module_preset=\u00a0\u00bbdefault\u00a0\u00bb global_colors_info=\u00a0\u00bb{}\u00a0\u00bb][\/et_pb_divider][\/et_pb_column][\/et_pb_row][\/et_pb_section][et_pb_section fb_built=\u00a0\u00bb1&Prime; specialty=\u00a0\u00bbon\u00a0\u00bb _builder_version=\u00a0\u00bb4.16&Prime; _module_preset=\u00a0\u00bbdefault\u00a0\u00bb global_colors_info=\u00a0\u00bb{}\u00a0\u00bb][et_pb_column type=\u00a0\u00bb1_3&Prime; _builder_version=\u00a0\u00bb4.16&Prime; custom_padding=\u00a0\u00bb|||\u00a0\u00bb global_colors_info=\u00a0\u00bb{}\u00a0\u00bb custom_padding__hover=\u00a0\u00bb|||\u00a0\u00bb][et_pb_text admin_label=\u00a0\u00bbmercredis enseignants\u00a0\u00bb _builder_version=\u00a0\u00bb4.16&Prime; _module_preset=\u00a0\u00bbdefault\u00a0\u00bb min_height=\u00a0\u00bb92.2px\u00a0\u00bb custom_margin=\u00a0\u00bb1px|||||\u00a0\u00bb custom_padding=\u00a0\u00bb0px||0px|||\u00a0\u00bb border_width_all=\u00a0\u00bb1px\u00a0\u00bb border_color_all=\u00a0\u00bbrgba(239,0,235,0)\u00a0\u00bb global_colors_info=\u00a0\u00bb{}\u00a0\u00bb]<\/p>\n<p style=\"text-align: center;\"><a href=\"https:\/\/www.pedagogie.ac-nice.fr\/daac\/mercredis-enseignants-2\/\" target=\"_blank\" rel=\"noopener\"><img loading=\"lazy\" decoding=\"async\" class=\"alignnone wp-image-6496 size-full\" src=\"https:\/\/www.pedagogie.ac-nice.fr\/daac\/wp-content\/uploads\/sites\/37\/2021\/09\/mercredis_enseignants-1.png\" alt=\"\" width=\"288\" height=\"212\"><\/a>&nbsp;<\/p>\n<p>&nbsp;<br \/>\n[\/et_pb_text][et_pb_divider _builder_version=\u00a0\u00bb4.16&Prime; _module_preset=\u00a0\u00bbdefault\u00a0\u00bb custom_margin=\u00a0\u00bb5px|||||\u00a0\u00bb custom_padding=\u00a0\u00bb3px|||||\u00a0\u00bb global_colors_info=\u00a0\u00bb{}\u00a0\u00bb][\/et_pb_divider][\/et_pb_column][et_pb_column type=\u00a0\u00bb2_3&Prime; specialty_columns=\u00a0\u00bb2&Prime; _builder_version=\u00a0\u00bb4.16&Prime; custom_padding=\u00a0\u00bb|||\u00a0\u00bb global_colors_info=\u00a0\u00bb{}\u00a0\u00bb custom_padding__hover=\u00a0\u00bb|||\u00a0\u00bb][\/et_pb_column][\/et_pb_section]<\/p>\n","protected":false},"excerpt":{"rendered":"<p>L&rsquo;actualit\u00e9 de la DAAC de l&rsquo;Acad\u00e9mie de Nice et de l&rsquo;EAC en imagesRetrouvez toute l&rsquo;actualit\u00e9 de la DAAC semaine par semaine en suivant ce lien &nbsp; A partir du 11 F\u00e9vrier 2026, l\u2019exposition \u00ab Un \u00e9t\u00e9 2024 \u00bb permet au \u00e9l\u00e8ves de revisiter ce bonheur collectif et de se replonger dans un \u00e9t\u00e9 comme aucun [&hellip;]<\/p>\n","protected":false},"author":241,"featured_media":0,"parent":0,"menu_order":0,"comment_status":"closed","ping_status":"closed","template":"","meta":{"_et_pb_use_builder":"on","_et_pb_old_content":"","_et_gb_content_width":"","ngg_post_thumbnail":0,"footnotes":""},"class_list":["post-4677","page","type-page","status-publish","hentry"],"rttpg_featured_image_url":null,"rttpg_author":{"display_name":"daacadmin","author_link":"https:\/\/www.pedagogie.ac-nice.fr\/daac\/author\/daacadmin\/"},"rttpg_comment":0,"rttpg_category":null,"rttpg_excerpt":"L'actualit\u00e9 de la DAAC de l'Acad\u00e9mie de Nice et de l'EAC en imagesRetrouvez toute l'actualit\u00e9 de la DAAC semaine par semaine en suivant ce lien &nbsp; A partir du 11 F\u00e9vrier 2026, l\u2019exposition \u00ab Un \u00e9t\u00e9 2024 \u00bb permet au \u00e9l\u00e8ves de revisiter ce bonheur collectif et de se replonger dans un \u00e9t\u00e9 comme aucun\u2026","post_mailing_queue_ids":[],"_links":{"self":[{"href":"https:\/\/www.pedagogie.ac-nice.fr\/daac\/wp-json\/wp\/v2\/pages\/4677","targetHints":{"allow":["GET"]}}],"collection":[{"href":"https:\/\/www.pedagogie.ac-nice.fr\/daac\/wp-json\/wp\/v2\/pages"}],"about":[{"href":"https:\/\/www.pedagogie.ac-nice.fr\/daac\/wp-json\/wp\/v2\/types\/page"}],"author":[{"embeddable":true,"href":"https:\/\/www.pedagogie.ac-nice.fr\/daac\/wp-json\/wp\/v2\/users\/241"}],"replies":[{"embeddable":true,"href":"https:\/\/www.pedagogie.ac-nice.fr\/daac\/wp-json\/wp\/v2\/comments?post=4677"}],"version-history":[{"count":372,"href":"https:\/\/www.pedagogie.ac-nice.fr\/daac\/wp-json\/wp\/v2\/pages\/4677\/revisions"}],"predecessor-version":[{"id":16046,"href":"https:\/\/www.pedagogie.ac-nice.fr\/daac\/wp-json\/wp\/v2\/pages\/4677\/revisions\/16046"}],"wp:attachment":[{"href":"https:\/\/www.pedagogie.ac-nice.fr\/daac\/wp-json\/wp\/v2\/media?parent=4677"}],"curies":[{"name":"wp","href":"https:\/\/api.w.org\/{rel}","templated":true}]}}