{"id":4928,"date":"2021-09-07T23:34:18","date_gmt":"2021-09-07T21:34:18","guid":{"rendered":"https:\/\/www.pedagogie.ac-nice.fr\/daac\/?page_id=4928"},"modified":"2021-09-12T16:17:27","modified_gmt":"2021-09-12T14:17:27","slug":"college-au-cinema-2021-2022","status":"publish","type":"page","link":"https:\/\/www.pedagogie.ac-nice.fr\/daac\/college-au-cinema-2021-2022\/","title":{"rendered":"Coll\u00e8ge au Cinema 2021-2022"},"content":{"rendered":"<p>[et_pb_section fb_built=\u00a0\u00bb1&Prime; _builder_version=\u00a0\u00bb4.10.5&Prime; _module_preset=\u00a0\u00bbdefault\u00a0\u00bb global_colors_info=\u00a0\u00bb{}\u00a0\u00bb][et_pb_row column_structure=\u00a0\u00bb3_4,1_4&Prime; _builder_version=\u00a0\u00bb4.10.5&Prime; _module_preset=\u00a0\u00bbdefault\u00a0\u00bb global_colors_info=\u00a0\u00bb{}\u00a0\u00bb][et_pb_column type=\u00a0\u00bb3_4&Prime; _builder_version=\u00a0\u00bb4.10.5&Prime; _module_preset=\u00a0\u00bbdefault\u00a0\u00bb global_colors_info=\u00a0\u00bb{}\u00a0\u00bb][et_pb_text admin_label=\u00a0\u00bbAffiche Coll\u00e8ge au Cinema\u00a0\u00bb _builder_version=\u00a0\u00bb4.10.5&Prime; _module_preset=\u00a0\u00bbdefault\u00a0\u00bb global_colors_info=\u00a0\u00bb{}\u00a0\u00bb]<\/p>\n<p><img loading=\"lazy\" decoding=\"async\" class=\"wp-image-3827 aligncenter\" src=\"https:\/\/www.pedagogie.ac-nice.fr\/daac\/wp-content\/uploads\/sites\/37\/2021\/06\/college_au_cinema_logo-300x64.jpg\" alt=\"logo coll\u00e8ge au cinema\" width=\"407\" height=\"87\" srcset=\"https:\/\/www.pedagogie.ac-nice.fr\/daac\/wp-content\/uploads\/sites\/37\/2021\/06\/college_au_cinema_logo-300x64.jpg 300w, https:\/\/www.pedagogie.ac-nice.fr\/daac\/wp-content\/uploads\/sites\/37\/2021\/06\/college_au_cinema_logo.jpg 507w\" sizes=\"(max-width: 407px) 100vw, 407px\" \/><\/p>\n<p>[\/et_pb_text][et_pb_text admin_label=\u00a0\u00bbTexte Florence\u00a0\u00bb _builder_version=\u00a0\u00bb4.10.5&Prime; _module_preset=\u00a0\u00bbdefault\u00a0\u00bb global_colors_info=\u00a0\u00bb{}\u00a0\u00bb]<\/p>\n<p style=\"text-align: center;\"><strong><span style=\"font-family: verdana, geneva, sans-serif; font-size: 10pt; color: #ff00ff;\">Date limite de confirmation d&rsquo;inscription : mercredi 22 septembre 2021<\/span><\/strong><\/p>\n<p><span style=\"font-family: verdana, geneva, sans-serif; font-size: 10pt; color: #0000ff;\">En cette rentr\u00e9e 2021, il faut \u00e0 pr\u00e9sent <strong>finaliser les&nbsp;inscriptions au dispositif Coll\u00e8ge au Cin\u00e9ma.<\/strong><\/span><\/p>\n<p><span style=\"font-family: verdana, geneva, sans-serif; font-size: 10pt; color: #0000ff;\">En suivant le lien ci-apr\u00e8s, vous acc\u00e8derez au formulaire de confirmation d&rsquo;inscription :&nbsp;<\/span><\/p>\n<div class=\"mimetype-text-html\" style=\"text-align: center;\"><span style=\"font-family: verdana, geneva, sans-serif; font-size: 10pt; color: #0000ff;\">https:\/\/forms.gle\/RLP88JDipyEfFCKHA<\/span><\/div>\n<div><span style=\"font-family: verdana, geneva, sans-serif; font-size: 10pt; color: #0000ff;\">&nbsp;<\/span><\/div>\n<div class=\"mimetype-text-html\" style=\"text-align: justify;\"><span style=\"font-family: verdana, geneva, sans-serif; font-size: 10pt; color: #0000ff;\"><em>Il est important de le remplir soigneusement afin que nous puissions prendre en compte votre inscription et votre formation.&nbsp;<\/em><\/span><\/div>\n<div>\n<div style=\"text-align: justify;\"><span style=\"font-family: verdana, geneva, sans-serif; font-size: 10pt; color: #0000ff;\">Je vous rappelle que les&nbsp;<em>m@ils&nbsp;sont obligatoirement&nbsp;<\/em><em>acad\u00e9miques&nbsp;<\/em>:&nbsp; @ac-nice.fr<\/span><\/div>\n<div style=\"text-align: justify;\"><span style=\"font-family: verdana, geneva, sans-serif; font-size: 10pt; color: #0000ff;\">&nbsp;(Le service formation ne prend plus en&nbsp;compte les mails personnels type gmail, yahoo, laposte&#8230;)<\/span><\/div>\n<\/div>\n<div><span style=\"font-family: verdana, geneva, sans-serif; font-size: 10pt; color: #0000ff;\">&nbsp;<\/span><\/div>\n<div style=\"text-align: justify;\"><span style=\"font-family: verdana, geneva, sans-serif; font-size: 10pt; color: #0000ff;\">&nbsp;<\/span><span style=\"font-family: verdana, geneva, sans-serif; font-size: 10pt; color: #0000ff;\">Vous trouverez \u00e9galement la&nbsp;<strong>charte Coll\u00e8ge au Cin\u00e9ma<\/strong> (AM ou Var selon votre d\u00e9partement) <strong>\u00e0 nous renvoyer sign\u00e9e par le chef d&rsquo;\u00e9tablissement<\/strong> (\u00e0 la DAAC et au P\u00f4le 83 ou 06, par mail).<\/span><\/div>\n<div><span style=\"font-family: verdana, geneva, sans-serif; font-size: 10pt; color: #0000ff;\">&nbsp;<\/span><\/div>\n<div class=\"mimetype-text-html\" style=\"text-align: justify;\"><span style=\"font-family: verdana, geneva, sans-serif; font-size: 10pt; color: #0000ff;\">\u00c0 l&rsquo;heure actuelle, nous appliquons les mesures sanitaires en vigueur :<\/span><\/div>\n<ul style=\"list-style-type: circle;\">\n<li class=\"mimetype-text-html\" style=\"text-align: justify;\"><span style=\"font-family: verdana, geneva, sans-serif; font-size: 10pt; color: #0000ff;\">Les sorties scolaires sont autoris\u00e9es avec l&rsquo;aval du chef d&rsquo;\u00e9tablissement&nbsp;<em>SANS Pass Sanitaire si la salle de cin\u00e9ma ne re\u00e7oit que des scolaires<\/em>.<\/span><\/li>\n<li class=\"mimetype-text-html\" style=\"text-align: justify;\"><span style=\"font-family: verdana, geneva, sans-serif; font-size: 10pt; color: #0000ff;\">Plusieurs groupes ou \u00e9tablissements peuvent assister \u00e0 la m\u00eame projection SI (et seulement si) les classes sont s\u00e9par\u00e9es par un ou deux rangs (directive minist\u00e9rielle).<\/span><\/li>\n<\/ul>\n<div class=\"mimetype-text-html\" style=\"text-align: justify;\"><span style=\"font-family: verdana, geneva, sans-serif; font-size: 10pt; color: #0000ff;\">Rapprochez-vous de votre cin\u00e9ma afin de connaitre les conditions de projection pr\u00e9vues.<\/span><\/div>\n<div>&nbsp;<\/div>\n<div class=\"mimetype-text-html\" style=\"text-align: justify;\"><span style=\"font-family: verdana, geneva, sans-serif; font-size: 10pt; color: #0000ff;\">La journ\u00e9e de <strong>formation<\/strong>&nbsp;se tiendra en&nbsp;<strong>distanciel<\/strong> selon le calendrier suivant :<\/span><\/div>\n<ul style=\"list-style-type: square;\">\n<li class=\"mimetype-text-html\" style=\"text-align: justify;\"><span style=\"font-family: verdana, geneva, sans-serif; font-size: 10pt; color: #0000ff;\"><strong>Lundi 8 novembre pour le niveau 4\u00b0\/3\u00b0<\/strong> (AM+Var) avec Adrien Denouette ;<\/span><\/li>\n<li class=\"mimetype-text-html\" style=\"text-align: justify;\"><strong style=\"color: #0000ff; font-family: verdana, geneva, sans-serif; font-size: 10pt;\">Vendredi 12 novembre pour le niveau 6\u00b0\/5\u00b0<\/strong><span style=\"color: #0000ff; font-family: verdana, geneva, sans-serif; font-size: 10pt;\"> (AM+Var) avec Daniel Rocchia ;<\/span><\/li>\n<li><span style=\"color: #0000ff; font-family: verdana, geneva, sans-serif; font-size: 10pt; text-align: justify;\">Une demie-journ\u00e9e suppl\u00e9mentaire (par niveau) sera propos\u00e9e au deuxi\u00e8me trimestre, toujours \u00e0 distance. Nous vous en informerons le moment venu.<\/span><\/li>\n<\/ul>\n<div>\n<div style=\"text-align: center;\"><span style=\"font-family: verdana, geneva, sans-serif; font-size: 10pt; color: #0000ff;\">Nous sommes \u00e0 votre disposition en cas de questions ou de probl\u00e8mes,<\/span><\/div>\n<div><span style=\"font-family: verdana, geneva, sans-serif; font-size: 10pt; color: #0000ff;\">&nbsp;<\/span><\/div>\n<div style=\"text-align: right;\"><span style=\"font-family: verdana, geneva, sans-serif; font-size: 10pt; color: #0000ff;\">Florence Vargas-Luiggi et Caroline Doizelet<\/span><\/div>\n<\/div>\n<div>\n<blockquote class=\"iwcQuote\" cite=\"mid:9b0c38d0fc7605e85f6a83ed5a65ea48@ac-nice.fr\">\n<div class=\"mimetype-text-html\">\n<div><span style=\"font-family: verdana, geneva, sans-serif; font-size: 10pt; color: #0000ff;\"><span style=\"text-decoration: underline;\"><strong><span style=\"color: #ff00ff; text-decoration: underline;\">Pour la DAAC :<\/span><\/strong><\/span><br \/><a style=\"font-size: 10pt; color: #0000ff;\" href=\"mailto:florence.vargas-luiggi@ac-nice.fr\">florence.vargas-luiggi@ac-nice.fr<\/a><br \/><\/span><\/div>\n<div><span style=\"font-family: verdana, geneva, sans-serif; font-size: 10pt; color: #0000ff;\"><a style=\"color: #0000ff;\" href=\"mailto:caroline.sevestre@ac-nice.fr\">caroline.doizelet@ac-nice.<\/a>fr<\/span><\/div>\n<\/div>\n<\/blockquote>\n<\/div>\n<div>\n<blockquote class=\"iwcQuote\" cite=\"mid:9b0c38d0fc7605e85f6a83ed5a65ea48@ac-nice.fr\">\n<div class=\"mimetype-text-html\">\n<div><span style=\"text-decoration: underline; color: #ff00ff;\"><strong><span style=\"font-family: verdana, geneva, sans-serif; font-size: 10pt;\">Pour le P\u00f4le:<\/span><\/strong><\/span><\/div>\n<div><span style=\"font-family: verdana, geneva, sans-serif; font-size: 10pt; color: #0000ff;\">Cin\u00e9mas du Sud &amp; Tilt (Var) : <a style=\"color: #0000ff;\" href=\"mailto:college@cinemasdusud.fr\">college@cinemasdusud.fr<\/a><\/span><\/div>\n<div><span style=\"font-family: verdana, geneva, sans-serif; font-size: 10pt; color: #0000ff;\">Cannes Cin\u00e9ma (AM) :&nbsp;<a style=\"color: #0000ff;\" href=\"mailto:aurelie.ferrier@cannes-cinema.com\">aurelie.ferrier@cannes-cinema.com<\/a><\/span><\/div>\n<div>&nbsp;<\/div>\n<div style=\"text-align: center;\"><strong><span style=\"color: #0000ff; font-family: verdana, geneva, sans-serif; font-size: 10pt;\">TR\u00c8S BELLE RENTR\u00c9E 2021 \u00c0 TOUTES ET TOUS et RENDEZ-VOUS AU CIN\u00c9MA !<\/span><\/strong><\/div>\n<\/div>\n<\/blockquote>\n<\/div>\n<p>[\/et_pb_text][\/et_pb_column][et_pb_column type=\u00a0\u00bb1_4&Prime; _builder_version=\u00a0\u00bb4.10.5&Prime; _module_preset=\u00a0\u00bbdefault\u00a0\u00bb global_colors_info=\u00a0\u00bb{}\u00a0\u00bb][et_pb_text admin_label=\u00a0\u00bbCharte Var\u00a0\u00bb _builder_version=\u00a0\u00bb4.10.5&Prime; _module_preset=\u00a0\u00bbdefault\u00a0\u00bb global_colors_info=\u00a0\u00bb{}\u00a0\u00bb]<\/p>\n<p>&nbsp;<a href=\"https:\/\/www.pedagogie.ac-nice.fr\/daac\/wp-content\/uploads\/sites\/37\/2021\/09\/Charte_Var_2021_22_complet.pdf\" target=\"_blank\" rel=\"noopener\"><img loading=\"lazy\" decoding=\"async\" class=\"aligncenter wp-image-4937 size-thumbnail\" src=\"https:\/\/www.pedagogie.ac-nice.fr\/daac\/wp-content\/uploads\/sites\/37\/2021\/09\/charte_CAC_Var-150x139.png\" alt=\"\" width=\"150\" height=\"139\"><\/a><\/p>\n<p>[\/et_pb_text][et_pb_text admin_label=\u00a0\u00bbCharte AM\u00a0\u00bb _builder_version=\u00a0\u00bb4.10.5&Prime; _module_preset=\u00a0\u00bbdefault\u00a0\u00bb global_colors_info=\u00a0\u00bb{}\u00a0\u00bb]<\/p>\n<p><a href=\"https:\/\/www.pedagogie.ac-nice.fr\/daac\/wp-content\/uploads\/sites\/37\/2021\/09\/Charte_AM_2021_22.pdf\" target=\"_blank\" rel=\"noopener\"><img loading=\"lazy\" decoding=\"async\" class=\"alignnone  wp-image-4936 aligncenter\" src=\"https:\/\/www.pedagogie.ac-nice.fr\/daac\/wp-content\/uploads\/sites\/37\/2021\/09\/charte_CAC_AM.png\" alt=\"\" width=\"248\" height=\"151\"><\/a><\/p>\n<p>[\/et_pb_text][et_pb_text _builder_version=\u00a0\u00bb4.10.5&Prime; _module_preset=\u00a0\u00bbdefault\u00a0\u00bb hover_enabled=\u00a0\u00bb0&Prime; global_colors_info=\u00a0\u00bb{}\u00a0\u00bb sticky_enabled=\u00a0\u00bb0&Prime; admin_label=\u00a0\u00bbacc\u00e8s programmation\u00a0\u00bb]<\/p>\n<p style=\"text-align: center;\"><span style=\"color: #0000ff;\"><strong><span style=\"font-family: verdana, geneva, sans-serif; font-size: 10pt;\">Retrouvez toute la programmation 2021-2022 ici<\/span><\/strong><\/span><\/p>\n<p><a href=\"https:\/\/www.pedagogie.ac-nice.fr\/daac\/wp-content\/uploads\/sites\/37\/2021\/06\/CAC_programmation_2021.pdf\" target=\"_blank\" rel=\"noopener\"><img loading=\"lazy\" decoding=\"async\" class=\"size-full wp-image-4946 aligncenter\" src=\"https:\/\/www.pedagogie.ac-nice.fr\/daac\/wp-content\/uploads\/sites\/37\/2021\/09\/puce_jaune.jpg\" alt=\"\" width=\"47\" height=\"40\"><\/a><\/p>\n<p>[\/et_pb_text][\/et_pb_column][\/et_pb_row][\/et_pb_section]<\/p>\n","protected":false},"excerpt":{"rendered":"<p>Date limite de confirmation d&rsquo;inscription : mercredi 22 septembre 2021 En cette rentr\u00e9e 2021, il faut \u00e0 pr\u00e9sent finaliser les&nbsp;inscriptions au dispositif Coll\u00e8ge au Cin\u00e9ma. En suivant le lien ci-apr\u00e8s, vous acc\u00e8derez au formulaire de confirmation d&rsquo;inscription :&nbsp; https:\/\/forms.gle\/RLP88JDipyEfFCKHA &nbsp; Il est important de le remplir soigneusement afin que nous puissions prendre en compte votre [&hellip;]<\/p>\n","protected":false},"author":241,"featured_media":0,"parent":0,"menu_order":0,"comment_status":"closed","ping_status":"closed","template":"","meta":{"_et_pb_use_builder":"on","_et_pb_old_content":"","_et_gb_content_width":"","ngg_post_thumbnail":0,"footnotes":""},"class_list":["post-4928","page","type-page","status-publish","hentry"],"rttpg_featured_image_url":null,"rttpg_author":{"display_name":"daacadmin","author_link":"https:\/\/www.pedagogie.ac-nice.fr\/daac\/author\/daacadmin\/"},"rttpg_comment":0,"rttpg_category":null,"rttpg_excerpt":"Date limite de confirmation d'inscription : mercredi 22 septembre 2021 En cette rentr\u00e9e 2021, il faut \u00e0 pr\u00e9sent finaliser les&nbsp;inscriptions au dispositif Coll\u00e8ge au Cin\u00e9ma. En suivant le lien ci-apr\u00e8s, vous acc\u00e8derez au formulaire de confirmation d'inscription :&nbsp; https:\/\/forms.gle\/RLP88JDipyEfFCKHA &nbsp; Il est important de le remplir soigneusement afin que nous puissions prendre en compte votre\u2026","post_mailing_queue_ids":[],"_links":{"self":[{"href":"https:\/\/www.pedagogie.ac-nice.fr\/daac\/wp-json\/wp\/v2\/pages\/4928","targetHints":{"allow":["GET"]}}],"collection":[{"href":"https:\/\/www.pedagogie.ac-nice.fr\/daac\/wp-json\/wp\/v2\/pages"}],"about":[{"href":"https:\/\/www.pedagogie.ac-nice.fr\/daac\/wp-json\/wp\/v2\/types\/page"}],"author":[{"embeddable":true,"href":"https:\/\/www.pedagogie.ac-nice.fr\/daac\/wp-json\/wp\/v2\/users\/241"}],"replies":[{"embeddable":true,"href":"https:\/\/www.pedagogie.ac-nice.fr\/daac\/wp-json\/wp\/v2\/comments?post=4928"}],"version-history":[{"count":9,"href":"https:\/\/www.pedagogie.ac-nice.fr\/daac\/wp-json\/wp\/v2\/pages\/4928\/revisions"}],"predecessor-version":[{"id":5059,"href":"https:\/\/www.pedagogie.ac-nice.fr\/daac\/wp-json\/wp\/v2\/pages\/4928\/revisions\/5059"}],"wp:attachment":[{"href":"https:\/\/www.pedagogie.ac-nice.fr\/daac\/wp-json\/wp\/v2\/media?parent=4928"}],"curies":[{"name":"wp","href":"https:\/\/api.w.org\/{rel}","templated":true}]}}