{"id":6057,"date":"2021-09-23T22:37:25","date_gmt":"2021-09-23T20:37:25","guid":{"rendered":"https:\/\/www.pedagogie.ac-nice.fr\/daac\/?page_id=6057"},"modified":"2023-02-15T12:21:14","modified_gmt":"2023-02-15T11:21:14","slug":"les-petits-programmateurs","status":"publish","type":"page","link":"https:\/\/www.pedagogie.ac-nice.fr\/daac\/les-petits-programmateurs\/","title":{"rendered":"Les Petits Programmateurs"},"content":{"rendered":"<p>[et_pb_section fb_built=\u00a0\u00bb1&Prime; _builder_version=\u00a0\u00bb4.10.7&Prime; _module_preset=\u00a0\u00bbdefault\u00a0\u00bb global_colors_info=\u00a0\u00bb{}\u00a0\u00bb][et_pb_row column_structure=\u00a0\u00bb1_3,2_3&Prime; _builder_version=\u00a0\u00bb4.10.7&Prime; _module_preset=\u00a0\u00bbdefault\u00a0\u00bb global_colors_info=\u00a0\u00bb{}\u00a0\u00bb][et_pb_column type=\u00a0\u00bb1_3&Prime; _builder_version=\u00a0\u00bb4.10.7&Prime; _module_preset=\u00a0\u00bbdefault\u00a0\u00bb global_colors_info=\u00a0\u00bb{}\u00a0\u00bb][et_pb_text admin_label=\u00a0\u00bblogo P\u00f4le cinema\u00a0\u00bb _builder_version=\u00a0\u00bb4.10.7&Prime; _module_preset=\u00a0\u00bbdefault\u00a0\u00bb global_colors_info=\u00a0\u00bb{}\u00a0\u00bb]<\/p>\n<p><a href=\"https:\/\/www.pedagogie.ac-nice.fr\/daac\/pole_cinema_2021\/\" target=\"_blank\" rel=\"noopener\"><img loading=\"lazy\" decoding=\"async\" class=\"aligncenter wp-image-5920\" src=\"https:\/\/www.pedagogie.ac-nice.fr\/daac\/wp-content\/uploads\/sites\/37\/2021\/09\/cinema.png\" alt=\"\" width=\"287\" height=\"175\" srcset=\"https:\/\/www.pedagogie.ac-nice.fr\/daac\/wp-content\/uploads\/sites\/37\/2021\/09\/cinema.png 349w, https:\/\/www.pedagogie.ac-nice.fr\/daac\/wp-content\/uploads\/sites\/37\/2021\/09\/cinema-300x183.png 300w\" sizes=\"(max-width: 287px) 100vw, 287px\" \/><\/a><\/p>\n<p>[\/et_pb_text][et_pb_divider _builder_version=\u00a0\u00bb4.10.7&Prime; _module_preset=\u00a0\u00bbdefault\u00a0\u00bb global_colors_info=\u00a0\u00bb{}\u00a0\u00bb][\/et_pb_divider][et_pb_text admin_label=\u00a0\u00bblogo ptits prog\u00a0\u00bb _builder_version=\u00a0\u00bb4.10.7&Prime; _module_preset=\u00a0\u00bbdefault\u00a0\u00bb global_colors_info=\u00a0\u00bb{}\u00a0\u00bb]<\/p>\n<p><img loading=\"lazy\" decoding=\"async\" class=\"alignnone size-full wp-image-6064 aligncenter\" src=\"https:\/\/www.pedagogie.ac-nice.fr\/daac\/wp-content\/uploads\/sites\/37\/2021\/09\/petits_programmateurs.png\" alt=\"\" width=\"351\" height=\"266\" srcset=\"https:\/\/www.pedagogie.ac-nice.fr\/daac\/wp-content\/uploads\/sites\/37\/2021\/09\/petits_programmateurs.png 351w, https:\/\/www.pedagogie.ac-nice.fr\/daac\/wp-content\/uploads\/sites\/37\/2021\/09\/petits_programmateurs-300x227.png 300w\" sizes=\"(max-width: 351px) 100vw, 351px\" \/><\/p>\n<p>[\/et_pb_text][et_pb_divider _builder_version=\u00a0\u00bb4.10.7&Prime; _module_preset=\u00a0\u00bbdefault\u00a0\u00bb global_colors_info=\u00a0\u00bb{}\u00a0\u00bb][\/et_pb_divider][et_pb_text admin_label=\u00a0\u00bb100% EAC Cannes\u00a0\u00bb _builder_version=\u00a0\u00bb4.10.7&Prime; _module_preset=\u00a0\u00bbdefault\u00a0\u00bb box_shadow_style=\u00a0\u00bbpreset1&Prime; global_colors_info=\u00a0\u00bb{}\u00a0\u00bb]<\/p>\n<p><img loading=\"lazy\" decoding=\"async\" class=\"alignnone size-full wp-image-6065 aligncenter\" src=\"https:\/\/www.pedagogie.ac-nice.fr\/daac\/wp-content\/uploads\/sites\/37\/2021\/09\/100eac_cannes.png\" alt=\"\" width=\"334\" height=\"243\" srcset=\"https:\/\/www.pedagogie.ac-nice.fr\/daac\/wp-content\/uploads\/sites\/37\/2021\/09\/100eac_cannes.png 334w, https:\/\/www.pedagogie.ac-nice.fr\/daac\/wp-content\/uploads\/sites\/37\/2021\/09\/100eac_cannes-300x218.png 300w\" sizes=\"(max-width: 334px) 100vw, 334px\" \/><\/p>\n<p>[\/et_pb_text][et_pb_divider _builder_version=\u00a0\u00bb4.10.7&Prime; _module_preset=\u00a0\u00bbdefault\u00a0\u00bb global_colors_info=\u00a0\u00bb{}\u00a0\u00bb][\/et_pb_divider][\/et_pb_column][et_pb_column type=\u00a0\u00bb2_3&Prime; _builder_version=\u00a0\u00bb4.10.7&Prime; _module_preset=\u00a0\u00bbdefault\u00a0\u00bb global_colors_info=\u00a0\u00bb{}\u00a0\u00bb][et_pb_text admin_label=\u00a0\u00bbsession 2022&Prime; _builder_version=\u00a0\u00bb4.10.7&Prime; _module_preset=\u00a0\u00bbdefault\u00a0\u00bb hover_enabled=\u00a0\u00bb0&Prime; global_colors_info=\u00a0\u00bb{}\u00a0\u00bb text_font=\u00a0\u00bbTrebuchet||||||||\u00a0\u00bb text_text_color=\u00a0\u00bb#000000&Prime; text_font_size=\u00a0\u00bb16px\u00a0\u00bb text_orientation=\u00a0\u00bbjustified\u00a0\u00bb sticky_enabled=\u00a0\u00bb0&Prime;]<\/p>\n<h3 align=\"center\"><span style=\"color: #993366;\"><strong><span style=\"font-family: 'Times New Roman', serif;\">LES\u00a0 PETITS PROGRAMMATEURS<\/span><\/strong><\/span><\/h3>\n<p style=\"text-align: justify;\"><span style=\"color: #000000;\">Les s\u00e9ances finales du dispositif \u00abLes Petits Programmateurs \u00bb ont eu lieu les mercredis <strong>1er et 8 juin 2022<\/strong>, dans le cadre de l\u2019E.A.C., en partenariat avec le cin\u00e9ma Les Arcades et la M\u00e9diath\u00e8que Noailles de Cannes.<br \/>Une classe de 3\u00e8me du Coll\u00e8ge Bonnard du Cannet et une classe de 2nde du Lyc\u00e9e Bristol de Cannes, qui ont travaill\u00e9 tout au long de l\u2019ann\u00e9e pour pr\u00e9parer l\u2019\u00e9v\u00e9nement, ont propos\u00e9 chacune un film \u00e0 l\u2019autre.<br \/>Ainsi, \u00ab La fille de Brest \u00bb et \u00ab En libert\u00e9 \u00bb ont \u00e9t\u00e9 pr\u00e9sent\u00e9s et projet\u00e9s, puis ont \u00e9t\u00e9 suivis d\u2019un riche \u00e9change.<\/span><br \/><span style=\"color: #000000;\">Nous remercions<strong> Laetitia Mazeran et le Cin\u00e9ma Les Arcades, Dimitri Hugues et Christine Cecconi de la M\u00e9diath\u00e8que et Delphine Lepelletier et Fabrice Magnone, les enseignants.<\/strong><\/span><\/p>\n<p>[\/et_pb_text][et_pb_divider _builder_version=\u00a0\u00bb4.10.7&Prime; _module_preset=\u00a0\u00bbdefault\u00a0\u00bb global_colors_info=\u00a0\u00bb{}\u00a0\u00bb][\/et_pb_divider][et_pb_text admin_label=\u00a0\u00bbdescription du projet\u00a0\u00bb _builder_version=\u00a0\u00bb4.10.7&Prime; _module_preset=\u00a0\u00bbdefault\u00a0\u00bb hover_enabled=\u00a0\u00bb0&Prime; global_colors_info=\u00a0\u00bb{}\u00a0\u00bb text_font=\u00a0\u00bbTrebuchet||||||||\u00a0\u00bb text_text_color=\u00a0\u00bb#000000&Prime; text_font_size=\u00a0\u00bb16px\u00a0\u00bb text_orientation=\u00a0\u00bbjustified\u00a0\u00bb sticky_enabled=\u00a0\u00bb0&Prime;]<\/p>\n<h3 align=\"center\"><span style=\"color: #993366; font-size: 12pt;\"><strong><span style=\"font-family: 'Times New Roman', serif;\">LES\u00a0 PETITS PROGRAMMATEURS ? Le Principe :\u00a0<\/span><\/strong><\/span><\/h3>\n<p style=\"text-align: justify;\"><span style=\"color: #000000; font-family: 'Times New Roman', serif;\">Chaque ann\u00e9e, <span style=\"color: #000000; font-family: 'Times New Roman', serif; text-align: justify;\">le P\u00f4le Cin\u00e9ma des M\u00e9diath\u00e8ques de Cannes <\/span>donne \u00e0 deux classes l&rsquo;opportunit\u00e9 d&rsquo;initier les \u00e9l\u00e8ves \u00e0 la programmation et au langage cin\u00e9matographique, au d\u00e9cryptage des images, mais aussi de travailler l&rsquo;expression orale dans le cadre de l&rsquo;EAC dans le cadre des<strong> Petits Programmateurs.<\/strong><\/span><\/p>\n<p style=\"text-align: justify;\"><span style=\"color: #000000; font-family: 'Times New Roman', serif; text-align: justify;\">Apr\u00e8s avoir choisi un th\u00e8me, et l&rsquo;avoir fait conna\u00eetre aux deux responsables du P\u00f4le Cin\u00e9ma des M\u00e9diath\u00e8ques de Cannes en charge du dispositif, les classes et leur(s) professeur(s) se rendent \u00e0 la m\u00e9diath\u00e8que Noailles pour une s\u00e9ance de 3h, en ateliers de demi-groupes, afin de se voir pr\u00e9senter 3 films sur ce th\u00e8me choisi.\u00a0<\/span><\/p>\n<p style=\"text-align: justify;\"><span style=\"font-family: Times New Roman, serif; color: #000000;\">Gr\u00e2ce \u00e0 cette pr\u00e9sentation et au visionnage du film, les classes retiennent un film qu&rsquo;elles travaillent avec leurs professeurs, dans le but de le pr\u00e9senter en salle au cin\u00e9ma Les Arcades, au d\u00e9but du mois de mai, en pr\u00e9sence de l&rsquo;autre classe du dispositif, et du public (si les conditions sanitaires le permettent).<\/span><\/p>\n<p>[\/et_pb_text][et_pb_text admin_label=\u00a0\u00bbcontact\u00a0\u00bb _builder_version=\u00a0\u00bb4.10.7&Prime; _module_preset=\u00a0\u00bbdefault\u00a0\u00bb global_colors_info=\u00a0\u00bb{}\u00a0\u00bb]<\/p>\n<p style=\"text-align: justify;\"><strong><span style=\"font-family: georgia, palatino, serif; font-size: 10pt;\">Coordination DAAC :&nbsp;<\/span><\/strong><\/p>\n<p style=\"text-align: justify;\"><span style=\"color: #000000; font-family: georgia, palatino, serif; font-size: 10pt;\">Caroline Doizelet, Charg\u00e9e de mission cin\u00e9ma, <u><a style=\"color: #000000;\" href=\"mailto:caroline.doizelet@ac-nice.fr\">caroline.doizelet@ac-nice.fr<\/a><\/u><\/span><\/p>\n<p style=\"text-align: justify;\"><span style=\"color: #000000; font-family: georgia, palatino, serif; font-size: 10pt;\">Florence Vargas-Luiggi, coordinatrice DAAC cin\u00e9ma <u><a style=\"color: #000000;\" href=\"mailto:florence.vargas-luiggi@ac-nice.fr\">florence.vargas-luiggi@ac-nice.fr<\/a><\/u><\/span><\/p>\n<p>[\/et_pb_text][\/et_pb_column][\/et_pb_row][\/et_pb_section]<\/p>\n","protected":false},"excerpt":{"rendered":"<p>LES\u00a0 PETITS PROGRAMMATEURS Les s\u00e9ances finales du dispositif \u00abLes Petits Programmateurs \u00bb ont eu lieu les mercredis 1er et 8 juin 2022, dans le cadre de l\u2019E.A.C., en partenariat avec le cin\u00e9ma Les Arcades et la M\u00e9diath\u00e8que Noailles de Cannes.Une classe de 3\u00e8me du Coll\u00e8ge Bonnard du Cannet et une classe de 2nde du Lyc\u00e9e [&hellip;]<\/p>\n","protected":false},"author":241,"featured_media":0,"parent":0,"menu_order":0,"comment_status":"closed","ping_status":"closed","template":"","meta":{"_et_pb_use_builder":"on","_et_pb_old_content":"","_et_gb_content_width":"","ngg_post_thumbnail":0,"footnotes":""},"class_list":["post-6057","page","type-page","status-publish","hentry"],"rttpg_featured_image_url":null,"rttpg_author":{"display_name":"daacadmin","author_link":"https:\/\/www.pedagogie.ac-nice.fr\/daac\/author\/daacadmin\/"},"rttpg_comment":0,"rttpg_category":null,"rttpg_excerpt":"LES\u00a0 PETITS PROGRAMMATEURS Les s\u00e9ances finales du dispositif \u00abLes Petits Programmateurs \u00bb ont eu lieu les mercredis 1er et 8 juin 2022, dans le cadre de l\u2019E.A.C., en partenariat avec le cin\u00e9ma Les Arcades et la M\u00e9diath\u00e8que Noailles de Cannes.Une classe de 3\u00e8me du Coll\u00e8ge Bonnard du Cannet et une classe de 2nde du Lyc\u00e9e\u2026","post_mailing_queue_ids":[],"_links":{"self":[{"href":"https:\/\/www.pedagogie.ac-nice.fr\/daac\/wp-json\/wp\/v2\/pages\/6057","targetHints":{"allow":["GET"]}}],"collection":[{"href":"https:\/\/www.pedagogie.ac-nice.fr\/daac\/wp-json\/wp\/v2\/pages"}],"about":[{"href":"https:\/\/www.pedagogie.ac-nice.fr\/daac\/wp-json\/wp\/v2\/types\/page"}],"author":[{"embeddable":true,"href":"https:\/\/www.pedagogie.ac-nice.fr\/daac\/wp-json\/wp\/v2\/users\/241"}],"replies":[{"embeddable":true,"href":"https:\/\/www.pedagogie.ac-nice.fr\/daac\/wp-json\/wp\/v2\/comments?post=6057"}],"version-history":[{"count":10,"href":"https:\/\/www.pedagogie.ac-nice.fr\/daac\/wp-json\/wp\/v2\/pages\/6057\/revisions"}],"predecessor-version":[{"id":14498,"href":"https:\/\/www.pedagogie.ac-nice.fr\/daac\/wp-json\/wp\/v2\/pages\/6057\/revisions\/14498"}],"wp:attachment":[{"href":"https:\/\/www.pedagogie.ac-nice.fr\/daac\/wp-json\/wp\/v2\/media?parent=6057"}],"curies":[{"name":"wp","href":"https:\/\/api.w.org\/{rel}","templated":true}]}}