{"id":6358,"date":"2021-09-26T18:15:07","date_gmt":"2021-09-26T16:15:07","guid":{"rendered":"https:\/\/www.pedagogie.ac-nice.fr\/daac\/?page_id=6358"},"modified":"2021-09-29T23:34:00","modified_gmt":"2021-09-29T21:34:00","slug":"rgpd-boite-outils","status":"publish","type":"page","link":"https:\/\/www.pedagogie.ac-nice.fr\/daac\/rgpd-boite-outils\/","title":{"rendered":"RGPD bo\u00eete outils"},"content":{"rendered":"<p>[et_pb_section fb_built=\u00a0\u00bb1&Prime; _builder_version=\u00a0\u00bb4.10.7&Prime; _module_preset=\u00a0\u00bbdefault\u00a0\u00bb global_colors_info=\u00a0\u00bb{}\u00a0\u00bb][et_pb_row column_structure=\u00a0\u00bb2_5,3_5&Prime; _builder_version=\u00a0\u00bb4.10.7&Prime; _module_preset=\u00a0\u00bbdefault\u00a0\u00bb global_colors_info=\u00a0\u00bb{}\u00a0\u00bb][et_pb_column type=\u00a0\u00bb2_5&Prime; _builder_version=\u00a0\u00bb4.10.7&Prime; _module_preset=\u00a0\u00bbdefault\u00a0\u00bb global_colors_info=\u00a0\u00bb{}\u00a0\u00bb][et_pb_text admin_label=\u00a0\u00bblog daac sidney\u00a0\u00bb _builder_version=\u00a0\u00bb4.10.7&Prime; _module_preset=\u00a0\u00bbdefault\u00a0\u00bb global_colors_info=\u00a0\u00bb{}\u00a0\u00bb]<\/p>\n<p><img loading=\"lazy\" decoding=\"async\" class=\" wp-image-4986 aligncenter\" src=\"https:\/\/www.pedagogie.ac-nice.fr\/daac\/wp-content\/uploads\/sites\/37\/2021\/09\/copie_daac_rectangle_blanc-1.jpg\" alt=\"\" width=\"198\" height=\"122\" srcset=\"https:\/\/www.pedagogie.ac-nice.fr\/daac\/wp-content\/uploads\/sites\/37\/2021\/09\/copie_daac_rectangle_blanc-1.jpg 439w, https:\/\/www.pedagogie.ac-nice.fr\/daac\/wp-content\/uploads\/sites\/37\/2021\/09\/copie_daac_rectangle_blanc-1-300x185.jpg 300w\" sizes=\"(max-width: 198px) 100vw, 198px\" \/><\/p>\n<p>[\/et_pb_text][et_pb_text admin_label=\u00a0\u00bbboite \u00e0 outils visuels\u00a0\u00bb _builder_version=\u00a0\u00bb4.10.7&Prime; _module_preset=\u00a0\u00bbdefault\u00a0\u00bb global_colors_info=\u00a0\u00bb{}\u00a0\u00bb]<\/p>\n<p><img loading=\"lazy\" decoding=\"async\" class=\" wp-image-6347 aligncenter\" src=\"https:\/\/www.pedagogie.ac-nice.fr\/daac\/wp-content\/uploads\/sites\/37\/2021\/09\/boite_outils.png\" alt=\"\" width=\"226\" height=\"220\" srcset=\"https:\/\/www.pedagogie.ac-nice.fr\/daac\/wp-content\/uploads\/sites\/37\/2021\/09\/boite_outils.png 335w, https:\/\/www.pedagogie.ac-nice.fr\/daac\/wp-content\/uploads\/sites\/37\/2021\/09\/boite_outils-300x292.png 300w\" sizes=\"(max-width: 226px) 100vw, 226px\" \/><\/p>\n<p>[\/et_pb_text][et_pb_text _builder_version=\u00a0\u00bb4.10.7&Prime; _module_preset=\u00a0\u00bbdefault\u00a0\u00bb min_height=\u00a0\u00bb97.9px\u00a0\u00bb custom_padding=\u00a0\u00bb0px|||||\u00a0\u00bb global_colors_info=\u00a0\u00bb{}\u00a0\u00bb]<\/p>\n<p><img loading=\"lazy\" decoding=\"async\" class=\"alignnone size-full wp-image-6383 aligncenter\" src=\"https:\/\/www.pedagogie.ac-nice.fr\/daac\/wp-content\/uploads\/sites\/37\/2021\/09\/pour_aller_plus_loin.png\" alt=\"\" width=\"349\" height=\"188\" srcset=\"https:\/\/www.pedagogie.ac-nice.fr\/daac\/wp-content\/uploads\/sites\/37\/2021\/09\/pour_aller_plus_loin.png 349w, https:\/\/www.pedagogie.ac-nice.fr\/daac\/wp-content\/uploads\/sites\/37\/2021\/09\/pour_aller_plus_loin-300x162.png 300w\" sizes=\"(max-width: 349px) 100vw, 349px\" \/><\/p>\n<p>[\/et_pb_text][et_pb_text admin_label=\u00a0\u00bbbrochure canope\u00a0\u00bb _builder_version=\u00a0\u00bb4.10.7&Prime; _module_preset=\u00a0\u00bbdefault\u00a0\u00bb global_colors_info=\u00a0\u00bb{}\u00a0\u00bb]<\/p>\n<p style=\"text-align: center;\"><span style=\"font-size: 12pt;\">Le Guide des DONNEES A CARACTERE PERSONNEL<\/span><br \/>Canop\u00e9<\/p>\n<p><a href=\"https:\/\/eduscol.education.fr\/398\/protection-des-donnees-personnelles-et-assistance\" target=\"_blank\" rel=\"noopener\"><img loading=\"lazy\" decoding=\"async\" class=\"aligncenter wp-image-1920\" src=\"https:\/\/www.pedagogie.ac-nice.fr\/daac\/wp-content\/uploads\/sites\/37\/2021\/01\/canope_rgpd.jpg\" alt=\"couverture de la brochure canope RGPD\" width=\"155\" height=\"236\" srcset=\"https:\/\/www.pedagogie.ac-nice.fr\/daac\/wp-content\/uploads\/sites\/37\/2021\/01\/canope_rgpd.jpg 539w, https:\/\/www.pedagogie.ac-nice.fr\/daac\/wp-content\/uploads\/sites\/37\/2021\/01\/canope_rgpd-197x300.jpg 197w\" sizes=\"(max-width: 155px) 100vw, 155px\" \/><\/a><\/p>\n<p>[\/et_pb_text][et_pb_divider _builder_version=\u00a0\u00bb4.10.7&Prime; _module_preset=\u00a0\u00bbdefault\u00a0\u00bb global_colors_info=\u00a0\u00bb{}\u00a0\u00bb][\/et_pb_divider][et_pb_text admin_label=\u00a0\u00bbr\u00e9f\u00e9rentiel CNIL\u00a0\u00bb _builder_version=\u00a0\u00bb4.10.7&Prime; _module_preset=\u00a0\u00bbdefault\u00a0\u00bb custom_padding=\u00a0\u00bb0px|||||\u00a0\u00bb global_colors_info=\u00a0\u00bb{}\u00a0\u00bb]<\/p>\n<p style=\"text-align: justify;\">Pour accompagner les personnels \u00e9ducatifs, la\u00a0<a href=\"https:\/\/www.cnil.fr\/professionnel\" target=\"_blank\" rel=\"noopener\">Commission Nationale de l&rsquo;Informatique et des Libert\u00e9s (CNIL)<\/a>\u00a0et les autres autorit\u00e9s de protection des donn\u00e9es ont estim\u00e9 n\u00e9cessaire de concevoir, au plan international, un\u00a0<a href=\"https:\/\/www.cnil.fr\/sites\/default\/files\/atoms\/files\/referentiel_formation_protection_des_donnees_oct_2016.pdf\" target=\"_blank\" rel=\"noopener\">r\u00e9f\u00e9rentiel de formation des \u00e9l\u00e8ves sp\u00e9cifiquement consacr\u00e9 \u00e0 la protection des donn\u00e9es<\/a>, et qui a vocation \u00e0 \u00eatre utilis\u00e9 dans le cadre des\u00a0<strong>programmes scolaires officiels<\/strong>\u00a0comme dans celui des\u00a0<strong>parcours de formation des personnels \u00e9ducatifs<\/strong> et ce, quelle que soit la discipline enseign\u00e9e.<\/p>\n<p style=\"text-align: justify;\"><a href=\"https:\/\/eduscol.education.fr\/574\/le-referentiel-cnil-de-formation-des-eleves-la-protection-des-donnees-personnelles\" target=\"_blank\" rel=\"noopener\">Acc\u00e8s au r\u00e9f\u00e9rentiel <img loading=\"lazy\" decoding=\"async\" class=\"aligncenter wp-image-6376 \" src=\"https:\/\/www.pedagogie.ac-nice.fr\/daac\/wp-content\/uploads\/sites\/37\/2021\/09\/competences_CNIL_donnees_perso.png\" alt=\"\" width=\"237\" height=\"187\" srcset=\"https:\/\/www.pedagogie.ac-nice.fr\/daac\/wp-content\/uploads\/sites\/37\/2021\/09\/competences_CNIL_donnees_perso.png 310w, https:\/\/www.pedagogie.ac-nice.fr\/daac\/wp-content\/uploads\/sites\/37\/2021\/09\/competences_CNIL_donnees_perso-300x237.png 300w\" sizes=\"(max-width: 237px) 100vw, 237px\" \/><\/a><\/p>\n<p>[\/et_pb_text][\/et_pb_column][et_pb_column type=\u00a0\u00bb3_5&Prime; _builder_version=\u00a0\u00bb4.10.7&Prime; _module_preset=\u00a0\u00bbdefault\u00a0\u00bb global_colors_info=\u00a0\u00bb{}\u00a0\u00bb][et_pb_text admin_label=\u00a0\u00bblogo RGPD\u00a0\u00bb _builder_version=\u00a0\u00bb4.10.7&Prime; _module_preset=\u00a0\u00bbdefault\u00a0\u00bb global_colors_info=\u00a0\u00bb{}\u00a0\u00bb]<\/p>\n<p><img loading=\"lazy\" decoding=\"async\" class=\"alignnone  wp-image-6361 aligncenter\" src=\"https:\/\/www.pedagogie.ac-nice.fr\/daac\/wp-content\/uploads\/sites\/37\/2021\/09\/RGPD.jpeg\" alt=\"\" width=\"233\" height=\"105\"><\/p>\n<p>[\/et_pb_text][et_pb_text admin_label=\u00a0\u00bbtexte\u00a0\u00bb _builder_version=\u00a0\u00bb4.10.7&Prime; _module_preset=\u00a0\u00bbdefault\u00a0\u00bb global_colors_info=\u00a0\u00bb{}\u00a0\u00bb]<\/p>\n<p style=\"text-align: justify;\"><span style=\"color: #000000;\">Le R\u00e8glement G\u00e9n\u00e9ral sur la Protections des Donn\u00e9es (R.G.P.D.) est une disposition l\u00e9gale europ\u00e9enne entr\u00e9 en vigueur le 25 mai 2018. Il encadre le traitement et la collecte des donn\u00e9es \u00e0 caract\u00e8re personnel. <br \/><\/span><br \/><span style=\"color: #000000;\">Ces donn\u00e9es sont \u00e0 caract\u00e8re personnel d\u00e9signent tous les informations qui permettent d&rsquo;identifier un individu.<\/span><\/p>\n<p><span style=\"color: #000000;\">Il s&rsquo;agit de :<\/span><\/p>\n<p style=\"text-align: justify;\"><span style=\"color: #000000;\">&#8211; donn\u00e9es directes : nom, pr\u00e9nom, adresse, date de naissance, num\u00e9ro de t\u00e9l\u00e9phone,&#8230;.<\/span><br \/><span style=\"color: #000000;\">&#8211; donn\u00e9es indirectes : photos, voix, vid\u00e9o, adresse IP, historique de navigation, g\u00e9olocalisation que l&rsquo;on appelle aussi les traces num\u00e9riques.<\/span><\/p>\n<p style=\"text-align: justify;\"><span style=\"color: #000000;\"><a href=\"https:\/\/www.pedagogie.ac-nice.fr\/daac\/wp-content\/uploads\/sites\/37\/2021\/09\/RGPD_Nikaia.pdf\" target=\"_blank\" rel=\"noopener\">Consultez l&rsquo;article sur le RGPD de la Lettre Nikaia des professeurs d&rsquo;histoire-g\u00e9ographie de l&rsquo;Acad\u00e9mie de Nice<\/a> <\/span><\/p>\n<p style=\"text-align: justify;\"><span style=\"color: #000000;\">Lorsque l&rsquo;on construit un projet impliquant des \u00e9l\u00e8ves, il convient de prendre un certains nombre de pr\u00e9cautions et de se poser des questions sur les supports qu&rsquo;ils vont \u00eatre amen\u00e9s \u00e0 utiliser ainsi que sur la forme que va prendre la restitution du projet.<\/span><\/p>\n<p>[\/et_pb_text][et_pb_text admin_label=\u00a0\u00bbinfographie 10 cl\u00e9s\u00a0\u00bb _builder_version=\u00a0\u00bb4.10.7&Prime; _module_preset=\u00a0\u00bbdefault\u00a0\u00bb global_colors_info=\u00a0\u00bb{}\u00a0\u00bb]<\/p>\n<p><a href=\"https:\/\/www.pedagogie.ac-nice.fr\/daac\/wp-content\/uploads\/sites\/37\/2021\/09\/infographie_10_principes_cles.pdf\" target=\"_blank\" rel=\"noopener\"><img loading=\"lazy\" decoding=\"async\" class=\"aligncenter wp-image-6370\" src=\"https:\/\/www.pedagogie.ac-nice.fr\/daac\/wp-content\/uploads\/sites\/37\/2021\/09\/infographie_10cles.jpg\" alt=\"\" width=\"436\" height=\"613\" srcset=\"https:\/\/www.pedagogie.ac-nice.fr\/daac\/wp-content\/uploads\/sites\/37\/2021\/09\/infographie_10cles.jpg 740w, https:\/\/www.pedagogie.ac-nice.fr\/daac\/wp-content\/uploads\/sites\/37\/2021\/09\/infographie_10cles-213x300.jpg 213w, https:\/\/www.pedagogie.ac-nice.fr\/daac\/wp-content\/uploads\/sites\/37\/2021\/09\/infographie_10cles-729x1024.jpg 729w\" sizes=\"(max-width: 436px) 100vw, 436px\" \/><\/a><\/p>\n<p>[\/et_pb_text][et_pb_divider _builder_version=\u00a0\u00bb4.10.7&Prime; _module_preset=\u00a0\u00bbdefault\u00a0\u00bb custom_margin=\u00a0\u00bb34px|||||\u00a0\u00bb global_colors_info=\u00a0\u00bb{}\u00a0\u00bb][\/et_pb_divider][et_pb_text _builder_version=\u00a0\u00bb4.10.7&Prime; _module_preset=\u00a0\u00bbdefault\u00a0\u00bb custom_margin=\u00a0\u00bb-32px|||||\u00a0\u00bb global_colors_info=\u00a0\u00bb{}\u00a0\u00bb]<\/p>\n<p style=\"text-align: center;\"><span style=\"color: #0000ff;\">Une relecture propos\u00e9e par la Drane de l&rsquo;Acad\u00e9mie de Lyon<br \/><a href=\"https:\/\/www.pedagogie.ac-nice.fr\/daac\/wp-content\/uploads\/sites\/37\/2021\/09\/infographie_Lyon_enseignants.pdf\" target=\"_blank\" rel=\"noopener\"><img loading=\"lazy\" decoding=\"async\" class=\"alignnone  wp-image-6386\" src=\"https:\/\/www.pedagogie.ac-nice.fr\/daac\/wp-content\/uploads\/sites\/37\/2021\/09\/infographie_Lyon.png\" alt=\"\" width=\"528\" height=\"292\" srcset=\"https:\/\/www.pedagogie.ac-nice.fr\/daac\/wp-content\/uploads\/sites\/37\/2021\/09\/infographie_Lyon.png 903w, https:\/\/www.pedagogie.ac-nice.fr\/daac\/wp-content\/uploads\/sites\/37\/2021\/09\/infographie_Lyon-300x166.png 300w, https:\/\/www.pedagogie.ac-nice.fr\/daac\/wp-content\/uploads\/sites\/37\/2021\/09\/infographie_Lyon-768x425.png 768w\" sizes=\"(max-width: 528px) 100vw, 528px\" \/><\/a><\/span><\/p>\n<p>[\/et_pb_text][et_pb_divider _builder_version=\u00a0\u00bb4.10.7&Prime; _module_preset=\u00a0\u00bbdefault\u00a0\u00bb custom_padding=\u00a0\u00bb21px|||||\u00a0\u00bb global_colors_info=\u00a0\u00bb{}\u00a0\u00bb][\/et_pb_divider][et_pb_text _builder_version=\u00a0\u00bb4.10.7&Prime; _module_preset=\u00a0\u00bbdefault\u00a0\u00bb global_colors_info=\u00a0\u00bb{}\u00a0\u00bb]<\/p>\n<p>http:\/\/canabae.enseigne.ac-lyon.fr\/spip\/spip.php?article1278<\/p>\n<p>[\/et_pb_text][\/et_pb_column][\/et_pb_row][\/et_pb_section]<\/p>\n","protected":false},"excerpt":{"rendered":"<p>Le Guide des DONNEES A CARACTERE PERSONNELCanop\u00e9 Pour accompagner les personnels \u00e9ducatifs, la\u00a0Commission Nationale de l&rsquo;Informatique et des Libert\u00e9s (CNIL)\u00a0et les autres autorit\u00e9s de protection des donn\u00e9es ont estim\u00e9 n\u00e9cessaire de concevoir, au plan international, un\u00a0r\u00e9f\u00e9rentiel de formation des \u00e9l\u00e8ves sp\u00e9cifiquement consacr\u00e9 \u00e0 la protection des donn\u00e9es, et qui a vocation \u00e0 \u00eatre utilis\u00e9 dans [&hellip;]<\/p>\n","protected":false},"author":241,"featured_media":0,"parent":0,"menu_order":0,"comment_status":"closed","ping_status":"closed","template":"","meta":{"_et_pb_use_builder":"on","_et_pb_old_content":"","_et_gb_content_width":"","ngg_post_thumbnail":0,"footnotes":""},"class_list":["post-6358","page","type-page","status-publish","hentry"],"rttpg_featured_image_url":null,"rttpg_author":{"display_name":"daacadmin","author_link":"https:\/\/www.pedagogie.ac-nice.fr\/daac\/author\/daacadmin\/"},"rttpg_comment":0,"rttpg_category":null,"rttpg_excerpt":"Le Guide des DONNEES A CARACTERE PERSONNELCanop\u00e9 Pour accompagner les personnels \u00e9ducatifs, la\u00a0Commission Nationale de l'Informatique et des Libert\u00e9s (CNIL)\u00a0et les autres autorit\u00e9s de protection des donn\u00e9es ont estim\u00e9 n\u00e9cessaire de concevoir, au plan international, un\u00a0r\u00e9f\u00e9rentiel de formation des \u00e9l\u00e8ves sp\u00e9cifiquement consacr\u00e9 \u00e0 la protection des donn\u00e9es, et qui a vocation \u00e0 \u00eatre utilis\u00e9 dans\u2026","post_mailing_queue_ids":[],"_links":{"self":[{"href":"https:\/\/www.pedagogie.ac-nice.fr\/daac\/wp-json\/wp\/v2\/pages\/6358","targetHints":{"allow":["GET"]}}],"collection":[{"href":"https:\/\/www.pedagogie.ac-nice.fr\/daac\/wp-json\/wp\/v2\/pages"}],"about":[{"href":"https:\/\/www.pedagogie.ac-nice.fr\/daac\/wp-json\/wp\/v2\/types\/page"}],"author":[{"embeddable":true,"href":"https:\/\/www.pedagogie.ac-nice.fr\/daac\/wp-json\/wp\/v2\/users\/241"}],"replies":[{"embeddable":true,"href":"https:\/\/www.pedagogie.ac-nice.fr\/daac\/wp-json\/wp\/v2\/comments?post=6358"}],"version-history":[{"count":18,"href":"https:\/\/www.pedagogie.ac-nice.fr\/daac\/wp-json\/wp\/v2\/pages\/6358\/revisions"}],"predecessor-version":[{"id":6757,"href":"https:\/\/www.pedagogie.ac-nice.fr\/daac\/wp-json\/wp\/v2\/pages\/6358\/revisions\/6757"}],"wp:attachment":[{"href":"https:\/\/www.pedagogie.ac-nice.fr\/daac\/wp-json\/wp\/v2\/media?parent=6358"}],"curies":[{"name":"wp","href":"https:\/\/api.w.org\/{rel}","templated":true}]}}