{"id":6601,"date":"2021-09-29T07:52:32","date_gmt":"2021-09-29T05:52:32","guid":{"rendered":"https:\/\/www.pedagogie.ac-nice.fr\/daac\/?page_id=6601"},"modified":"2021-11-14T19:53:21","modified_gmt":"2021-11-14T18:53:21","slug":"le-pass-culture-scolaire","status":"publish","type":"page","link":"https:\/\/www.pedagogie.ac-nice.fr\/daac\/le-pass-culture-scolaire\/","title":{"rendered":"le Pass Culture Scolaire"},"content":{"rendered":"<p>[et_pb_section fb_built=\u00a0\u00bb1&Prime; _builder_version=\u00a0\u00bb4.10.7&Prime; _module_preset=\u00a0\u00bbdefault\u00a0\u00bb global_colors_info=\u00a0\u00bb{}\u00a0\u00bb][et_pb_row column_structure=\u00a0\u00bb1_3,2_3&Prime; _builder_version=\u00a0\u00bb4.10.7&Prime; _module_preset=\u00a0\u00bbdefault\u00a0\u00bb global_colors_info=\u00a0\u00bb{}\u00a0\u00bb][et_pb_column type=\u00a0\u00bb1_3&Prime; _builder_version=\u00a0\u00bb4.10.7&Prime; _module_preset=\u00a0\u00bbdefault\u00a0\u00bb global_colors_info=\u00a0\u00bb{}\u00a0\u00bb][et_pb_text admin_label=\u00a0\u00bbvisuel Pass Culture\u00a0\u00bb _builder_version=\u00a0\u00bb4.10.7&Prime; _module_preset=\u00a0\u00bbdefault\u00a0\u00bb global_colors_info=\u00a0\u00bb{}\u00a0\u00bb custom_padding=\u00a0\u00bb|||0px||\u00a0\u00bb custom_margin=\u00a0\u00bb|||-8px||\u00a0\u00bb]<\/p>\n<p><a href=\"https:\/\/www.pedagogie.ac-nice.fr\/daac\/pass-culture\/\" target=\"_blank\" rel=\"noopener\"><img loading=\"lazy\" decoding=\"async\" class=\"wp-image-6529 aligncenter\" src=\"https:\/\/www.pedagogie.ac-nice.fr\/daac\/wp-content\/uploads\/sites\/37\/2021\/09\/logo_visuel.png\" alt=\"\" width=\"330\" height=\"131\" srcset=\"https:\/\/www.pedagogie.ac-nice.fr\/daac\/wp-content\/uploads\/sites\/37\/2021\/09\/logo_visuel.png 694w, https:\/\/www.pedagogie.ac-nice.fr\/daac\/wp-content\/uploads\/sites\/37\/2021\/09\/logo_visuel-300x119.png 300w\" sizes=\"(max-width: 330px) 100vw, 330px\" \/><\/a><\/p>\n<p>[\/et_pb_text][et_pb_text admin_label=\u00a0\u00bbloupe pass culture\u00a0\u00bb _builder_version=\u00a0\u00bb4.10.7&Prime; _module_preset=\u00a0\u00bbdefault\u00a0\u00bb global_colors_info=\u00a0\u00bb{}\u00a0\u00bb custom_margin=\u00a0\u00bb|||-23px||\u00a0\u00bb]<\/p>\n<p><a href=\"https:\/\/www.pedagogie.ac-nice.fr\/daac\/wp-content\/uploads\/sites\/37\/2021\/09\/tableau_pass_culture.pdf\" target=\"_blank\" rel=\"noopener\"><img loading=\"lazy\" decoding=\"async\" class=\"aligncenter wp-image-6637 \" src=\"https:\/\/www.pedagogie.ac-nice.fr\/daac\/wp-content\/uploads\/sites\/37\/2021\/09\/pass_culture_loupe.png\" alt=\"\" width=\"293\" height=\"152\" srcset=\"https:\/\/www.pedagogie.ac-nice.fr\/daac\/wp-content\/uploads\/sites\/37\/2021\/09\/pass_culture_loupe.png 357w, https:\/\/www.pedagogie.ac-nice.fr\/daac\/wp-content\/uploads\/sites\/37\/2021\/09\/pass_culture_loupe-300x155.png 300w\" sizes=\"(max-width: 293px) 100vw, 293px\" \/><\/a><\/p>\n<p>[\/et_pb_text][et_pb_text admin_label=\u00a0\u00bbpass culture part coll Adage\u00a0\u00bb _builder_version=\u00a0\u00bb4.10.7&Prime; _module_preset=\u00a0\u00bbdefault\u00a0\u00bb global_colors_info=\u00a0\u00bb{}\u00a0\u00bb width=\u00a0\u00bb100%\u00a0\u00bb custom_margin=\u00a0\u00bb|||-20px||\u00a0\u00bb]<\/p>\n<p style=\"text-align: center;\"><span style=\"color: #800080;\">Financer vos projets via la part collective du Pass Culture ?<br \/>Rendez-vous sur &#8230;.<\/span><a href=\"https:\/\/www.pedagogie.ac-nice.fr\/daac\/adage\/\" target=\"_blank\" rel=\"noopener\"><img loading=\"lazy\" decoding=\"async\" class=\"aligncenter wp-image-314 \" src=\"https:\/\/www.pedagogie.ac-nice.fr\/daac\/wp-content\/uploads\/sites\/37\/2020\/08\/visuel-300x223.png\" alt=\"Adage est la plateforme qui permet de partage et de suivre l'actualit\u00e9 des projets EAC sur le territoire\" width=\"229\" height=\"170\" srcset=\"https:\/\/www.pedagogie.ac-nice.fr\/daac\/wp-content\/uploads\/sites\/37\/2020\/08\/visuel-300x223.png 300w, https:\/\/www.pedagogie.ac-nice.fr\/daac\/wp-content\/uploads\/sites\/37\/2020\/08\/visuel.png 368w\" sizes=\"(max-width: 229px) 100vw, 229px\" \/><\/a><\/p>\n<p>[\/et_pb_text][et_pb_text admin_label=\u00a0\u00bbcontacts\u00a0\u00bb _builder_version=\u00a0\u00bb4.10.7&Prime; _module_preset=\u00a0\u00bbdefault\u00a0\u00bb global_colors_info=\u00a0\u00bb{}\u00a0\u00bb custom_padding=\u00a0\u00bb|7px||||\u00a0\u00bb custom_margin=\u00a0\u00bb11px|28px||||\u00a0\u00bb]<\/p>\n<p style=\"text-align: left;\"><span style=\"color: #0000ff; font-size: 10pt;\"><strong>Contacts :<\/strong> <\/span><br \/><span style=\"color: #0000ff; font-size: 10pt;\"><strong>&#8211; La coordonnatrice EAC du Var :<\/strong> <\/span><br \/><span style=\"color: #0000ff; font-size: 10pt;\">Florence Vargas<\/span><br \/><span style=\"color: #0000ff; font-size: 10pt;\">codeac83@ac-nice.fr<\/span><\/p>\n<p><span style=\"color: #0000ff; font-size: 10pt;\"><strong>&#8211; Le coordonnateur EAC du 06 :<\/strong> <\/span><br \/><span style=\"color: #0000ff; font-size: 10pt;\">Frederick Lacroix<\/span><br \/><span style=\"color: #0000ff; font-size: 10pt;\">codeac06@ac-nice.fr<br \/><\/span><br \/><span style=\"color: #0000ff; font-size: 10pt;\">&#8211; <strong>Le coordonnateur ADAGE Acad\u00e9mique<\/strong> : <\/span><br \/><span style=\"color: #0000ff; font-size: 10pt;\">Thierry Scartoni<\/span><br \/><span style=\"color: #0000ff; font-size: 10pt;\">adage-nice@ac-nice.fr<br \/><\/span><br \/><span style=\"color: #0000ff; font-size: 10pt;\"><strong>&#8211; Le charg\u00e9 de mission ADAGE Acad\u00e9mique :<\/strong> <\/span><br \/><span style=\"color: #0000ff; font-size: 10pt;\">Olivier Barthelemy <\/span><br \/><span style=\"color: #0000ff; font-size: 10pt;\">olivier.barthelemy@ac-nice.fr<\/span><\/p>\n<p>[\/et_pb_text][\/et_pb_column][et_pb_column type=\u00a0\u00bb2_3&Prime; _builder_version=\u00a0\u00bb4.10.7&Prime; _module_preset=\u00a0\u00bbdefault\u00a0\u00bb global_colors_info=\u00a0\u00bb{}\u00a0\u00bb][et_pb_text admin_label=\u00a0\u00bbTexte Julien\u00a0\u00bb _builder_version=\u00a0\u00bb4.10.7&Prime; _module_preset=\u00a0\u00bbdefault\u00a0\u00bb global_colors_info=\u00a0\u00bb{}\u00a0\u00bb custom_margin=\u00a0\u00bb|||-19px||\u00a0\u00bb]<\/p>\n<p style=\"text-align: center;\"><strong><span style=\"color: #800080; font-size: 14pt; font-family: georgia, palatino, serif;\">POUR LES ELEVES DE LA 4<sup>\u00e8me<\/sup> \u00e0 la TERMINALE&nbsp;: <\/span><\/strong><\/p>\n<p style=\"text-align: center;\"><strong><span style=\"color: #800080; font-size: 14pt; font-family: georgia, palatino, serif;\">LE PASS CULTURE SCOLAIRE<\/span><\/strong><\/p>\n<p><span style=\"color: #333333; font-family: georgia, palatino, serif; font-size: 10pt;\">Le <strong>Pass Culture scolaire<\/strong> entrera en application en<strong> janvier 2022<\/strong>. <\/span><br \/><span style=\"color: #333333; font-family: georgia, palatino, serif; font-size: 10pt;\">Il concernera les \u00e9l\u00e8ves de la 4\u00e8me \u00e0 la Terminale de l\u2019enseignement public et de l\u2019enseignement priv\u00e9 sous contrat.<\/span><\/p>\n<p align=\"justify\"><span style=\"font-family: georgia, palatino, serif; color: #333333; font-size: 10pt;\">Fruit d\u2019un partenariat de premier plan entre le minist\u00e8re de l\u2019Education nationale, de la jeunesse et des sports et le minist\u00e8re de la Culture, le<strong> Pass Culture Scolaire<\/strong> est un projet ambitieux et innovant en mati\u00e8re d\u2019\u00e9ducation artistique et culturelle. Il est con\u00e7u pour b\u00e9n\u00e9ficier pleinement \u00e0 nos \u00e9l\u00e8ves, \u00e0 leurs professeurs en lien avec les professionnels de la culture. Il constitue une \u00e9tape majeure pour r\u00e9ussir le 100 % EAC, objectif pr\u00e9sidentiel. Il permet une sensibilisation progressive et accompagn\u00e9e de l\u2019\u00e9l\u00e8ve \u00e0 la culture propice au d\u00e9veloppement de son autonomie jusqu\u2019\u00e0 sa majorit\u00e9. L\u2019ensemble du projet<strong> PASS CULTURE<\/strong> \u00e9tablit donc une articulation logique entre sa d\u00e9clinaison scolaire et sa version + 18ans.<\/span><\/p>\n<p align=\"justify\"><span style=\"font-family: georgia, palatino, serif; color: #333333; font-size: 10pt;\">A compter de janvier 2022, le PASS CULTURE SCOLAIRE comportera deux faces compl\u00e9mentaires et progressives :<\/span><\/p>\n<ul>\n<li style=\"list-style-type: none;\">\n<ul>\n<li>\n<p align=\"justify\"><span style=\"font-family: georgia, palatino, serif; color: #333333; font-size: 10pt;\"><b>Une part individuelle<\/b>, au fonctionnement semblable au Pass + 18 ans, applicable \u00e0 chaque \u00e9l\u00e8ve, de la classe de 2<sup>nde<\/sup> \u00e0 la Terminale.<\/span><\/p>\n<\/li>\n<li>\n<p align=\"justify\"><span style=\"font-family: georgia, palatino, serif; color: #333333; font-size: 10pt;\"><b>Une part dite collective<\/b>, qui permettra \u00e0 un professeur de financer des activit\u00e9s EAC pour sa classe. Cette part s\u2019appliquera aux \u00e9l\u00e8ves de la 4<sup>\u00e8me<\/sup> \u00e0 la Terminale.<\/span><\/p>\n<\/li>\n<\/ul>\n<\/li>\n<\/ul>\n<p align=\"justify\"><span style=\"font-family: georgia, palatino, serif; color: #333333; font-size: 10pt;\">Les <strong>\u00e9quipes \u00e9ducatives<\/strong> sont en charge uniquement de la <strong>part dite collective<\/strong>. <\/span><span style=\"font-family: georgia, palatino, serif; color: #333333; font-size: 10pt;\">Il n\u2019y aura <strong>aucun transfert de fonds<\/strong> vers les EPLE (Etablissement Public Local d&rsquo;Enseignement). <\/span><\/p>\n<p>[\/et_pb_text][et_pb_text admin_label=\u00a0\u00bbgenially\u00a0\u00bb _builder_version=\u00a0\u00bb4.10.7&Prime; _module_preset=\u00a0\u00bbdefault\u00a0\u00bb global_colors_info=\u00a0\u00bb{}\u00a0\u00bb custom_padding=\u00a0\u00bb|0px||0px||\u00a0\u00bb custom_margin=\u00a0\u00bb|-27px||-75px||\u00a0\u00bb]<\/p>\n<p style=\"text-align: center;\"><span style=\"color: #993366;\"><strong>Un r\u00e9capitulatif en images<\/strong><\/span><\/p>\n<div style=\"width: 100%;\">\n<div style=\"position: relative; padding-bottom: 56.25%; padding-top: 0; height: 0;\"><iframe loading=\"lazy\" style=\"position: absolute; top: 0; left: 0; width: 100%; height: 100%;\" src=\"https:\/\/view.genial.ly\/618ff9db4243610d5e954c90\" scrolling=\"yes\" allowfullscreen=\"allowfullscreen\" data-mce-fragment=\"1\" width=\"1200\" height=\"675\" frameborder=\"0\"><\/iframe><\/div>\n<\/div>\n<p>[\/et_pb_text][\/et_pb_column][\/et_pb_row][\/et_pb_section]<\/p>\n","protected":false},"excerpt":{"rendered":"<p>Financer vos projets via la part collective du Pass Culture ?Rendez-vous sur &#8230;.Contacts : &#8211; La coordonnatrice EAC du Var : Florence Vargascodeac83@ac-nice.fr &#8211; Le coordonnateur EAC du 06 : Frederick Lacroixcodeac06@ac-nice.fr- Le coordonnateur ADAGE Acad\u00e9mique : Thierry Scartoniadage-nice@ac-nice.fr- Le charg\u00e9 de mission ADAGE Acad\u00e9mique : Olivier Barthelemy olivier.barthelemy@ac-nice.frPOUR LES ELEVES DE LA 4\u00e8me \u00e0 [&hellip;]<\/p>\n","protected":false},"author":241,"featured_media":0,"parent":0,"menu_order":0,"comment_status":"closed","ping_status":"closed","template":"","meta":{"_et_pb_use_builder":"on","_et_pb_old_content":"","_et_gb_content_width":"","ngg_post_thumbnail":0,"footnotes":""},"class_list":["post-6601","page","type-page","status-publish","hentry"],"rttpg_featured_image_url":null,"rttpg_author":{"display_name":"daacadmin","author_link":"https:\/\/www.pedagogie.ac-nice.fr\/daac\/author\/daacadmin\/"},"rttpg_comment":0,"rttpg_category":null,"rttpg_excerpt":"Financer vos projets via la part collective du Pass Culture ?Rendez-vous sur ....Contacts : - La coordonnatrice EAC du Var : Florence Vargascodeac83@ac-nice.fr - Le coordonnateur EAC du 06 : Frederick Lacroixcodeac06@ac-nice.fr- Le coordonnateur ADAGE Acad\u00e9mique : Thierry Scartoniadage-nice@ac-nice.fr- Le charg\u00e9 de mission ADAGE Acad\u00e9mique : Olivier Barthelemy olivier.barthelemy@ac-nice.frPOUR LES ELEVES DE LA 4\u00e8me \u00e0\u2026","post_mailing_queue_ids":[],"_links":{"self":[{"href":"https:\/\/www.pedagogie.ac-nice.fr\/daac\/wp-json\/wp\/v2\/pages\/6601","targetHints":{"allow":["GET"]}}],"collection":[{"href":"https:\/\/www.pedagogie.ac-nice.fr\/daac\/wp-json\/wp\/v2\/pages"}],"about":[{"href":"https:\/\/www.pedagogie.ac-nice.fr\/daac\/wp-json\/wp\/v2\/types\/page"}],"author":[{"embeddable":true,"href":"https:\/\/www.pedagogie.ac-nice.fr\/daac\/wp-json\/wp\/v2\/users\/241"}],"replies":[{"embeddable":true,"href":"https:\/\/www.pedagogie.ac-nice.fr\/daac\/wp-json\/wp\/v2\/comments?post=6601"}],"version-history":[{"count":25,"href":"https:\/\/www.pedagogie.ac-nice.fr\/daac\/wp-json\/wp\/v2\/pages\/6601\/revisions"}],"predecessor-version":[{"id":9291,"href":"https:\/\/www.pedagogie.ac-nice.fr\/daac\/wp-json\/wp\/v2\/pages\/6601\/revisions\/9291"}],"wp:attachment":[{"href":"https:\/\/www.pedagogie.ac-nice.fr\/daac\/wp-json\/wp\/v2\/media?parent=6601"}],"curies":[{"name":"wp","href":"https:\/\/api.w.org\/{rel}","templated":true}]}}