{"id":6623,"date":"2021-09-29T08:10:47","date_gmt":"2021-09-29T06:10:47","guid":{"rendered":"https:\/\/www.pedagogie.ac-nice.fr\/daac\/?page_id=6623"},"modified":"2021-10-03T01:54:23","modified_gmt":"2021-10-02T23:54:23","slug":"le-e-pass-jeunes-paca","status":"publish","type":"page","link":"https:\/\/www.pedagogie.ac-nice.fr\/daac\/le-e-pass-jeunes-paca\/","title":{"rendered":"Le E-PASS Jeunes PACA"},"content":{"rendered":"<p>[et_pb_section fb_built=\u00a0\u00bb1&Prime; _builder_version=\u00a0\u00bb4.10.7&Prime; _module_preset=\u00a0\u00bbdefault\u00a0\u00bb global_colors_info=\u00a0\u00bb{}\u00a0\u00bb][et_pb_row column_structure=\u00a0\u00bb2_5,3_5&Prime; _builder_version=\u00a0\u00bb4.10.7&Prime; _module_preset=\u00a0\u00bbdefault\u00a0\u00bb global_colors_info=\u00a0\u00bb{}\u00a0\u00bb][et_pb_column type=\u00a0\u00bb2_5&Prime; _builder_version=\u00a0\u00bb4.10.7&Prime; _module_preset=\u00a0\u00bbdefault\u00a0\u00bb global_colors_info=\u00a0\u00bb{}\u00a0\u00bb][et_pb_text admin_label=\u00a0\u00bbvisuel pass culture\u00a0\u00bb _builder_version=\u00a0\u00bb4.10.7&Prime; _module_preset=\u00a0\u00bbdefault\u00a0\u00bb global_colors_info=\u00a0\u00bb{}\u00a0\u00bb]<\/p>\n<p><a href=\"https:\/\/www.pedagogie.ac-nice.fr\/daac\/pass-culture\/\" target=\"_blank\" rel=\"noopener\"><img loading=\"lazy\" decoding=\"async\" class=\"alignnone wp-image-6529 size-full\" src=\"https:\/\/www.pedagogie.ac-nice.fr\/daac\/wp-content\/uploads\/sites\/37\/2021\/09\/logo_visuel.png\" alt=\"\" width=\"694\" height=\"276\" srcset=\"https:\/\/www.pedagogie.ac-nice.fr\/daac\/wp-content\/uploads\/sites\/37\/2021\/09\/logo_visuel.png 694w, https:\/\/www.pedagogie.ac-nice.fr\/daac\/wp-content\/uploads\/sites\/37\/2021\/09\/logo_visuel-300x119.png 300w\" sizes=\"(max-width: 694px) 100vw, 694px\" \/><\/a><\/p>\n<p>[\/et_pb_text][et_pb_text admin_label=\u00a0\u00bbpass a la loupe\u00a0\u00bb _builder_version=\u00a0\u00bb4.10.7&Prime; _module_preset=\u00a0\u00bbdefault\u00a0\u00bb global_colors_info=\u00a0\u00bb{}\u00a0\u00bb]<\/p>\n<p><a href=\"https:\/\/www.pedagogie.ac-nice.fr\/daac\/wp-content\/uploads\/sites\/37\/2021\/09\/tableau_pass_culture.pdf\" target=\"_blank\" rel=\"noopener\"><img loading=\"lazy\" decoding=\"async\" class=\"aligncenter wp-image-6637 size-full\" src=\"https:\/\/www.pedagogie.ac-nice.fr\/daac\/wp-content\/uploads\/sites\/37\/2021\/09\/pass_culture_loupe.png\" alt=\"\" width=\"357\" height=\"185\" srcset=\"https:\/\/www.pedagogie.ac-nice.fr\/daac\/wp-content\/uploads\/sites\/37\/2021\/09\/pass_culture_loupe.png 357w, https:\/\/www.pedagogie.ac-nice.fr\/daac\/wp-content\/uploads\/sites\/37\/2021\/09\/pass_culture_loupe-300x155.png 300w\" sizes=\"(max-width: 357px) 100vw, 357px\" \/><\/a><\/p>\n<p>[\/et_pb_text][\/et_pb_column][et_pb_column type=\u00a0\u00bb3_5&Prime; _builder_version=\u00a0\u00bb4.10.7&Prime; _module_preset=\u00a0\u00bbdefault\u00a0\u00bb global_colors_info=\u00a0\u00bb{}\u00a0\u00bb][et_pb_text admin_label=\u00a0\u00bbe Pass jeunes PACA\u00a0\u00bb _builder_version=\u00a0\u00bb4.10.7&Prime; _module_preset=\u00a0\u00bbdefault\u00a0\u00bb global_colors_info=\u00a0\u00bb{}\u00a0\u00bb]<\/p>\n<p style=\"text-align: center;\" align=\"justify\"><strong><span style=\"font-size: 18pt; color: #800080;\">Le E- PASS Jeunes PACA<\/span><\/strong><\/p>\n<p align=\"justify\"><span style=\"color: #000000;\">Depuis 4 ans, la R\u00e9gion Provence-Alpes-C\u00f4te d\u2019Azur met \u00e0 disposition des jeunes, notamment les lyc\u00e9ens, le E-PASS Jeunes PACA.<\/span><\/p>\n<p align=\"justify\"><span style=\"color: #000000;\">Il s\u2019agit&nbsp;d\u2019une carte et une application avec un cr\u00e9dit virtuel de 80 euros pour acheter des livres (28 \u20ac), des places de cin\u00e9 (12 \u20ac), de spectacles (10 \u20ac), pratiquer une activit\u00e9 sportive* (20 \u20ac) aupr\u00e8s des partenaires r\u00e9f\u00e9renc\u00e9s. 10 \u20ac sont utilisables en part collective pour une sortie dans le cadre scolaire.<\/span><\/p>\n<p align=\"justify\"><span style=\"color: #000000;\">Des Bons Plans sont aussi accessibles via le E-PASS Jeunes PACA&nbsp;pour des sorties in\u00e9dites, r\u00e9duction, places gratuites, participation \u00e0 de grands \u00e9v\u00e9nements sportifs et culturels, acc\u00e8s aux backstages, rencontres d\u2019acteurs et d\u2019auteurs, visite des coulisses, s\u00e9ances de d\u00e9dicaces, invitation \u00e0 des avant premi\u00e8res \u2026<\/span><\/p>\n<p align=\"justify\"><span style=\"color: #000000;\">Les lyc\u00e9ens peuvent directement activer leur E-PASS Jeunes PACA sur leur compte Atrium.<\/span><\/p>\n<p>[\/et_pb_text][\/et_pb_column][\/et_pb_row][\/et_pb_section]<\/p>\n","protected":false},"excerpt":{"rendered":"<p>Le E- PASS Jeunes PACA Depuis 4 ans, la R\u00e9gion Provence-Alpes-C\u00f4te d\u2019Azur met \u00e0 disposition des jeunes, notamment les lyc\u00e9ens, le E-PASS Jeunes PACA. Il s\u2019agit&nbsp;d\u2019une carte et une application avec un cr\u00e9dit virtuel de 80 euros pour acheter des livres (28 \u20ac), des places de cin\u00e9 (12 \u20ac), de spectacles (10 \u20ac), pratiquer une [&hellip;]<\/p>\n","protected":false},"author":241,"featured_media":0,"parent":0,"menu_order":0,"comment_status":"closed","ping_status":"closed","template":"","meta":{"_et_pb_use_builder":"on","_et_pb_old_content":"","_et_gb_content_width":"","ngg_post_thumbnail":0,"footnotes":""},"class_list":["post-6623","page","type-page","status-publish","hentry"],"rttpg_featured_image_url":null,"rttpg_author":{"display_name":"daacadmin","author_link":"https:\/\/www.pedagogie.ac-nice.fr\/daac\/author\/daacadmin\/"},"rttpg_comment":0,"rttpg_category":null,"rttpg_excerpt":"Le E- PASS Jeunes PACA Depuis 4 ans, la R\u00e9gion Provence-Alpes-C\u00f4te d\u2019Azur met \u00e0 disposition des jeunes, notamment les lyc\u00e9ens, le E-PASS Jeunes PACA. Il s\u2019agit&nbsp;d\u2019une carte et une application avec un cr\u00e9dit virtuel de 80 euros pour acheter des livres (28 \u20ac), des places de cin\u00e9 (12 \u20ac), de spectacles (10 \u20ac), pratiquer une\u2026","post_mailing_queue_ids":[],"_links":{"self":[{"href":"https:\/\/www.pedagogie.ac-nice.fr\/daac\/wp-json\/wp\/v2\/pages\/6623","targetHints":{"allow":["GET"]}}],"collection":[{"href":"https:\/\/www.pedagogie.ac-nice.fr\/daac\/wp-json\/wp\/v2\/pages"}],"about":[{"href":"https:\/\/www.pedagogie.ac-nice.fr\/daac\/wp-json\/wp\/v2\/types\/page"}],"author":[{"embeddable":true,"href":"https:\/\/www.pedagogie.ac-nice.fr\/daac\/wp-json\/wp\/v2\/users\/241"}],"replies":[{"embeddable":true,"href":"https:\/\/www.pedagogie.ac-nice.fr\/daac\/wp-json\/wp\/v2\/comments?post=6623"}],"version-history":[{"count":6,"href":"https:\/\/www.pedagogie.ac-nice.fr\/daac\/wp-json\/wp\/v2\/pages\/6623\/revisions"}],"predecessor-version":[{"id":7302,"href":"https:\/\/www.pedagogie.ac-nice.fr\/daac\/wp-json\/wp\/v2\/pages\/6623\/revisions\/7302"}],"wp:attachment":[{"href":"https:\/\/www.pedagogie.ac-nice.fr\/daac\/wp-json\/wp\/v2\/media?parent=6623"}],"curies":[{"name":"wp","href":"https:\/\/api.w.org\/{rel}","templated":true}]}}