{"id":6917,"date":"2021-10-02T14:03:28","date_gmt":"2021-10-02T12:03:28","guid":{"rendered":"https:\/\/www.pedagogie.ac-nice.fr\/daac\/?page_id=6917"},"modified":"2022-10-04T09:03:21","modified_gmt":"2022-10-04T07:03:21","slug":"parc-naturel-regional-prealpes-dazur","status":"publish","type":"page","link":"https:\/\/www.pedagogie.ac-nice.fr\/daac\/parc-naturel-regional-prealpes-dazur\/","title":{"rendered":"Parc Naturel R\u00e9gional Pr\u00e9alpes d&rsquo;Azur"},"content":{"rendered":"<p>[et_pb_section fb_built=\u00a0\u00bb1&Prime; _builder_version=\u00a0\u00bb4.10.7&Prime; _module_preset=\u00a0\u00bbdefault\u00a0\u00bb global_colors_info=\u00a0\u00bb{}\u00a0\u00bb][et_pb_row column_structure=\u00a0\u00bb2_5,3_5&Prime; _builder_version=\u00a0\u00bb4.10.7&Prime; _module_preset=\u00a0\u00bbdefault\u00a0\u00bb global_colors_info=\u00a0\u00bb{}\u00a0\u00bb][et_pb_column type=\u00a0\u00bb2_5&Prime; _builder_version=\u00a0\u00bb4.10.7&Prime; _module_preset=\u00a0\u00bbdefault\u00a0\u00bb global_colors_info=\u00a0\u00bb{}\u00a0\u00bb][et_pb_text admin_label=\u00a0\u00bblogo daac sciences\u00a0\u00bb _builder_version=\u00a0\u00bb4.10.7&Prime; _module_preset=\u00a0\u00bbdefault\u00a0\u00bb global_colors_info=\u00a0\u00bb{}\u00a0\u00bb]<\/p>\n<p><a href=\"https:\/\/www.pedagogie.ac-nice.fr\/daac\/domaine-culture-scientifique\/\" target=\"_blank\" rel=\"noopener\"><img loading=\"lazy\" decoding=\"async\" class=\"aligncenter wp-image-6589\" src=\"https:\/\/www.pedagogie.ac-nice.fr\/daac\/wp-content\/uploads\/sites\/37\/2021\/09\/culture_scientifique-1.png\" alt=\"\" width=\"311\" height=\"218\" srcset=\"https:\/\/www.pedagogie.ac-nice.fr\/daac\/wp-content\/uploads\/sites\/37\/2021\/09\/culture_scientifique-1.png 332w, https:\/\/www.pedagogie.ac-nice.fr\/daac\/wp-content\/uploads\/sites\/37\/2021\/09\/culture_scientifique-1-300x211.png 300w\" sizes=\"(max-width: 311px) 100vw, 311px\" \/><\/a><\/p>\n<p>[\/et_pb_text][et_pb_divider _builder_version=\u00a0\u00bb4.10.7&Prime; _module_preset=\u00a0\u00bbdefault\u00a0\u00bb custom_margin=\u00a0\u00bb38px|||||\u00a0\u00bb global_colors_info=\u00a0\u00bb{}\u00a0\u00bb][\/et_pb_divider][et_pb_text admin_label=\u00a0\u00bblogo patrimoine\u00a0\u00bb _builder_version=\u00a0\u00bb4.10.7&Prime; _module_preset=\u00a0\u00bbdefault\u00a0\u00bb custom_margin=\u00a0\u00bb-15px|||||\u00a0\u00bb global_colors_info=\u00a0\u00bb{}\u00a0\u00bb]<\/p>\n<p><a href=\"https:\/\/www.pedagogie.ac-nice.fr\/daac\/projet-art-roman-pnr-prealpes-dazur\/\" target=\"_blank\" rel=\"noopener\"><img loading=\"lazy\" decoding=\"async\" class=\"aligncenter wp-image-5925 size-full\" src=\"https:\/\/www.pedagogie.ac-nice.fr\/daac\/wp-content\/uploads\/sites\/37\/2021\/09\/patrimoine_memoires.png\" alt=\"\" width=\"347\" height=\"222\" srcset=\"https:\/\/www.pedagogie.ac-nice.fr\/daac\/wp-content\/uploads\/sites\/37\/2021\/09\/patrimoine_memoires.png 347w, https:\/\/www.pedagogie.ac-nice.fr\/daac\/wp-content\/uploads\/sites\/37\/2021\/09\/patrimoine_memoires-300x192.png 300w\" sizes=\"(max-width: 347px) 100vw, 347px\" \/><\/a><\/p>\n<p>[\/et_pb_text][\/et_pb_column][et_pb_column type=\u00a0\u00bb3_5&Prime; _builder_version=\u00a0\u00bb4.10.7&Prime; _module_preset=\u00a0\u00bbdefault\u00a0\u00bb global_colors_info=\u00a0\u00bb{}\u00a0\u00bb][et_pb_text admin_label=\u00a0\u00bblogo pnr\u00a0\u00bb _builder_version=\u00a0\u00bb4.10.7&Prime; _module_preset=\u00a0\u00bbdefault\u00a0\u00bb global_colors_info=\u00a0\u00bb{}\u00a0\u00bb]<\/p>\n<p><img loading=\"lazy\" decoding=\"async\" class=\"wp-image-6920 aligncenter\" src=\"https:\/\/www.pedagogie.ac-nice.fr\/daac\/wp-content\/uploads\/sites\/37\/2021\/10\/Logo_PNRPA.png\" alt=\"\" width=\"130\" height=\"160\" srcset=\"https:\/\/www.pedagogie.ac-nice.fr\/daac\/wp-content\/uploads\/sites\/37\/2021\/10\/Logo_PNRPA.png 500w, https:\/\/www.pedagogie.ac-nice.fr\/daac\/wp-content\/uploads\/sites\/37\/2021\/10\/Logo_PNRPA-244x300.png 244w\" sizes=\"(max-width: 130px) 100vw, 130px\" \/><\/p>\n<p>[\/et_pb_text][et_pb_text admin_label=\u00a0\u00bbTexte OFFRE PEDA\u00a0\u00bb _builder_version=\u00a0\u00bb4.10.7&Prime; _module_preset=\u00a0\u00bbdefault\u00a0\u00bb text_font=\u00a0\u00bbTrebuchet||||||||\u00a0\u00bb text_text_color=\u00a0\u00bb#000000&Prime; text_font_size=\u00a0\u00bb18px\u00a0\u00bb text_orientation=\u00a0\u00bbjustified\u00a0\u00bb hover_enabled=\u00a0\u00bb0&Prime; global_colors_info=\u00a0\u00bb{}\u00a0\u00bb sticky_enabled=\u00a0\u00bb0&Prime;]<\/p>\n<div style=\"text-align: justify;\">\n<div><span>L&rsquo;offre \u00e9ducative 2022-2023 du Parc naturel r\u00e9gional des Pr\u00e9alpes d&rsquo;Azur\u00a0<strong>\u00e0 destination des \u00e9tablissements\u00a0<\/strong><span class=\"v1x_x_x_normaltextrun\"><strong>concern\u00e9s<\/strong>\u00a0(\u00e9coles primaires et coll\u00e8ges des communes adh\u00e9rentes au Parc,et des lyc\u00e9es des Alpes Maritimes pour l&rsquo;offre les concernant)<strong>\u00a0est disponible<\/strong><b>.<br \/><\/b><\/span><\/span><\/div>\n<div><span>Les programmes \u00e9ducatifs 2022-2023 \u00e0 destination des scolaires sont d\u00e9sormais en ligne sur le site internet du Parc, espace \u00e9ducation.<\/span><\/div>\n<div><\/div>\n<div><span>Ils sont disponibles en suivant ce lien :\u00a0<\/span><\/div>\n<div><span><a href=\"https:\/\/www.parc-prealpesdazur.fr\/espace-education\/\" target=\"_blank\" rel=\"noopener noreferrer\">https:\/\/www.parc-prealpesdazur.fr\/espace-education\/<\/a><\/span><\/div>\n<div><b>\u00a0<\/b><\/div>\n<div><span><strong><span style=\"color: #993366;\">Les inscriptions pour les enseignants int\u00e9ress\u00e9s sont ouvertes\u00a0 jusqu&rsquo;au\u00a02 octobre 2022<\/span>,<\/strong>\u00a0les formulaires d&rsquo;inscription sont accessibles sur la m\u00eame page internet.<\/span><\/div>\n<div><\/div>\n<div><span><strong>Pour toute information concernant cette offre \u00e9ducative, vous pouvez\u00a0 contacter :<\/strong><\/span><\/div>\n<div><span>D\u00e9nalie BOURGES, charg\u00e9e de projets \u00e9ducation au territoire et action culturelle du Parc des Pr\u00e9alpes d&rsquo;Azur<\/span><\/div>\n<p><span><a class=\"v1moz-txt-link-abbreviated\" href=\"mailto:dbourges@pnr-prealpesdazur.fr\" onclick=\"return rcmail.command('compose','dbourges@pnr-prealpesdazur.fr',this)\" rel=\"noreferrer\">dbourges@pnr-prealpesdazur.fr<\/a><\/span><span lang=\"FR-FR\"><br \/>T\u00e9l : 04 92 42 08 63<\/span><\/p>\n<p><span lang=\"FR-FR\"><\/span><\/p>\n<\/div>\n<p><span style=\"color: #000000;\"><strong>Coordination DAAC :<\/strong><\/span><span style=\"color: #000000;\">Coordination acad\u00e9mique : Marie-Pascale ZUGAJ-BENTEO<\/span><br \/><span style=\"color: #000000;\">mailto : <a style=\"color: #000000;\" title=\"Composer un message \u00e0 cst_archeologiedaac@ac-nice.fr\" target=\"1\" rel=\"noreferrer noopener\">cst_archeologiedaac@ac-nice.fr<\/a><\/span><\/p>\n<p>[\/et_pb_text][\/et_pb_column][\/et_pb_row][\/et_pb_section]<\/p>\n","protected":false},"excerpt":{"rendered":"<p>L&rsquo;offre \u00e9ducative 2022-2023 du Parc naturel r\u00e9gional des Pr\u00e9alpes d&rsquo;Azur\u00a0\u00e0 destination des \u00e9tablissements\u00a0concern\u00e9s\u00a0(\u00e9coles primaires et coll\u00e8ges des communes adh\u00e9rentes au Parc,et des lyc\u00e9es des Alpes Maritimes pour l&rsquo;offre les concernant)\u00a0est disponible. Les programmes \u00e9ducatifs 2022-2023 \u00e0 destination des scolaires sont d\u00e9sormais en ligne sur le site internet du Parc, espace \u00e9ducation. Ils sont disponibles en [&hellip;]<\/p>\n","protected":false},"author":241,"featured_media":0,"parent":0,"menu_order":0,"comment_status":"closed","ping_status":"closed","template":"","meta":{"_et_pb_use_builder":"on","_et_pb_old_content":"","_et_gb_content_width":"","ngg_post_thumbnail":0,"footnotes":""},"class_list":["post-6917","page","type-page","status-publish","hentry"],"rttpg_featured_image_url":null,"rttpg_author":{"display_name":"daacadmin","author_link":"https:\/\/www.pedagogie.ac-nice.fr\/daac\/author\/daacadmin\/"},"rttpg_comment":0,"rttpg_category":null,"rttpg_excerpt":"L'offre \u00e9ducative 2022-2023 du Parc naturel r\u00e9gional des Pr\u00e9alpes d'Azur\u00a0\u00e0 destination des \u00e9tablissements\u00a0concern\u00e9s\u00a0(\u00e9coles primaires et coll\u00e8ges des communes adh\u00e9rentes au Parc,et des lyc\u00e9es des Alpes Maritimes pour l'offre les concernant)\u00a0est disponible. Les programmes \u00e9ducatifs 2022-2023 \u00e0 destination des scolaires sont d\u00e9sormais en ligne sur le site internet du Parc, espace \u00e9ducation. Ils sont disponibles en\u2026","post_mailing_queue_ids":[],"_links":{"self":[{"href":"https:\/\/www.pedagogie.ac-nice.fr\/daac\/wp-json\/wp\/v2\/pages\/6917","targetHints":{"allow":["GET"]}}],"collection":[{"href":"https:\/\/www.pedagogie.ac-nice.fr\/daac\/wp-json\/wp\/v2\/pages"}],"about":[{"href":"https:\/\/www.pedagogie.ac-nice.fr\/daac\/wp-json\/wp\/v2\/types\/page"}],"author":[{"embeddable":true,"href":"https:\/\/www.pedagogie.ac-nice.fr\/daac\/wp-json\/wp\/v2\/users\/241"}],"replies":[{"embeddable":true,"href":"https:\/\/www.pedagogie.ac-nice.fr\/daac\/wp-json\/wp\/v2\/comments?post=6917"}],"version-history":[{"count":13,"href":"https:\/\/www.pedagogie.ac-nice.fr\/daac\/wp-json\/wp\/v2\/pages\/6917\/revisions"}],"predecessor-version":[{"id":13941,"href":"https:\/\/www.pedagogie.ac-nice.fr\/daac\/wp-json\/wp\/v2\/pages\/6917\/revisions\/13941"}],"wp:attachment":[{"href":"https:\/\/www.pedagogie.ac-nice.fr\/daac\/wp-json\/wp\/v2\/media?parent=6917"}],"curies":[{"name":"wp","href":"https:\/\/api.w.org\/{rel}","templated":true}]}}