{"id":7182,"date":"2021-10-02T23:07:03","date_gmt":"2021-10-02T21:07:03","guid":{"rendered":"https:\/\/www.pedagogie.ac-nice.fr\/daac\/?page_id=7182"},"modified":"2021-10-02T23:24:07","modified_gmt":"2021-10-02T21:24:07","slug":"jardins-remarquables","status":"publish","type":"page","link":"https:\/\/www.pedagogie.ac-nice.fr\/daac\/jardins-remarquables\/","title":{"rendered":"Jardins remarquables"},"content":{"rendered":"<p>[et_pb_section fb_built=\u00a0\u00bb1&Prime; _builder_version=\u00a0\u00bb4.10.7&Prime; _module_preset=\u00a0\u00bbdefault\u00a0\u00bb global_colors_info=\u00a0\u00bb{}\u00a0\u00bb][et_pb_row column_structure=\u00a0\u00bb2_5,3_5&Prime; _builder_version=\u00a0\u00bb4.10.7&Prime; _module_preset=\u00a0\u00bbdefault\u00a0\u00bb global_colors_info=\u00a0\u00bb{}\u00a0\u00bb][et_pb_column type=\u00a0\u00bb2_5&Prime; _builder_version=\u00a0\u00bb4.10.7&Prime; _module_preset=\u00a0\u00bbdefault\u00a0\u00bb global_colors_info=\u00a0\u00bb{}\u00a0\u00bb][et_pb_text admin_label=\u00a0\u00bblogo daac\u00a0\u00bb _builder_version=\u00a0\u00bb4.10.7&Prime; _module_preset=\u00a0\u00bbdefault\u00a0\u00bb global_colors_info=\u00a0\u00bb{}\u00a0\u00bb]<\/p>\n<p><a href=\"https:\/\/www.pedagogie.ac-nice.fr\/daac\/domaine-culture-scientifique\/\" target=\"_blank\" rel=\"noopener\"><img loading=\"lazy\" decoding=\"async\" class=\"aligncenter wp-image-6589 size-full\" src=\"https:\/\/www.pedagogie.ac-nice.fr\/daac\/wp-content\/uploads\/sites\/37\/2021\/09\/culture_scientifique-1.png\" alt=\"\" width=\"332\" height=\"233\" srcset=\"https:\/\/www.pedagogie.ac-nice.fr\/daac\/wp-content\/uploads\/sites\/37\/2021\/09\/culture_scientifique-1.png 332w, https:\/\/www.pedagogie.ac-nice.fr\/daac\/wp-content\/uploads\/sites\/37\/2021\/09\/culture_scientifique-1-300x211.png 300w\" sizes=\"(max-width: 332px) 100vw, 332px\" \/><\/a><\/p>\n<p>[\/et_pb_text][et_pb_text admin_label=\u00a0\u00bbacc\u00e8s carte\u00a0\u00bb _builder_version=\u00a0\u00bb4.10.7&Prime; _module_preset=\u00a0\u00bbdefault\u00a0\u00bb global_colors_info=\u00a0\u00bb{}\u00a0\u00bb]<\/p>\n<p style=\"text-align: center;\">Carte des jardins remarquables<\/p>\n<p style=\"text-align: center;\"><a href=\"https:\/\/www.culture.gouv.fr\/Aides-demarches\/Protections-labels-et-appellations\/Composants-Labels\/JR\/Carte-des-jardins-remarquables#\/search@34.4313149,-29.1651633,4.04\" target=\"_blank\" rel=\"noopener\"><img loading=\"lazy\" decoding=\"async\" class=\"alignnone wp-image-1500 size-full\" src=\"https:\/\/www.pedagogie.ac-nice.fr\/daac\/wp-content\/uploads\/sites\/37\/2020\/12\/puce_verte.jpg\" alt=\"puce verte adage\" width=\"63\" height=\"58\"><\/a><\/p>\n<p>[\/et_pb_text][et_pb_text admin_label=\u00a0\u00bbpour aller plus loin\u00a0\u00bb _builder_version=\u00a0\u00bb4.10.7&Prime; _module_preset=\u00a0\u00bbdefault\u00a0\u00bb global_colors_info=\u00a0\u00bb{}\u00a0\u00bb]<\/p>\n<p><img loading=\"lazy\" decoding=\"async\" class=\"alignnone size-full wp-image-6383 aligncenter\" src=\"https:\/\/www.pedagogie.ac-nice.fr\/daac\/wp-content\/uploads\/sites\/37\/2021\/09\/pour_aller_plus_loin.png\" alt=\"\" width=\"349\" height=\"188\" srcset=\"https:\/\/www.pedagogie.ac-nice.fr\/daac\/wp-content\/uploads\/sites\/37\/2021\/09\/pour_aller_plus_loin.png 349w, https:\/\/www.pedagogie.ac-nice.fr\/daac\/wp-content\/uploads\/sites\/37\/2021\/09\/pour_aller_plus_loin-300x162.png 300w\" sizes=\"(max-width: 349px) 100vw, 349px\" \/><\/p>\n<p>[\/et_pb_text][et_pb_text admin_label=\u00a0\u00bbrendez-vous aux jardins\u00a0\u00bb _builder_version=\u00a0\u00bb4.10.7&Prime; _module_preset=\u00a0\u00bbdefault\u00a0\u00bb global_colors_info=\u00a0\u00bb{}\u00a0\u00bb]<\/p>\n<p><a href=\"https:\/\/www.pedagogie.ac-nice.fr\/daac\/rendez-vous-aux-jardins\/\" target=\"_blank\" rel=\"noopener\"><img loading=\"lazy\" decoding=\"async\" class=\"aligncenter wp-image-2303\" src=\"https:\/\/www.pedagogie.ac-nice.fr\/daac\/wp-content\/uploads\/sites\/37\/2021\/02\/logo_remasterise.png\" alt=\"\" width=\"392\" height=\"144\" srcset=\"https:\/\/www.pedagogie.ac-nice.fr\/daac\/wp-content\/uploads\/sites\/37\/2021\/02\/logo_remasterise.png 669w, https:\/\/www.pedagogie.ac-nice.fr\/daac\/wp-content\/uploads\/sites\/37\/2021\/02\/logo_remasterise-300x110.png 300w\" sizes=\"(max-width: 392px) 100vw, 392px\" \/><\/a><\/p>\n<p>[\/et_pb_text][\/et_pb_column][et_pb_column type=\u00a0\u00bb3_5&Prime; _builder_version=\u00a0\u00bb4.10.7&Prime; _module_preset=\u00a0\u00bbdefault\u00a0\u00bb global_colors_info=\u00a0\u00bb{}\u00a0\u00bb][et_pb_text _builder_version=\u00a0\u00bb4.10.7&Prime; _module_preset=\u00a0\u00bbdefault\u00a0\u00bb hover_enabled=\u00a0\u00bb0&Prime; global_colors_info=\u00a0\u00bb{}\u00a0\u00bb sticky_enabled=\u00a0\u00bb0&Prime;]<\/p>\n<p style=\"text-align: center;\"><strong><span style=\"font-size: 18pt; color: #003300;\">Les jardins remarquables<br \/><\/span><\/strong><\/p>\n<p><a href=\"https:\/\/www.pedagogie.ac-nice.fr\/daac\/wp-content\/uploads\/sites\/37\/2021\/03\/logo.jpg\"><img loading=\"lazy\" decoding=\"async\" class=\" wp-image-2539 aligncenter\" src=\"https:\/\/www.pedagogie.ac-nice.fr\/daac\/wp-content\/uploads\/sites\/37\/2021\/03\/logo.jpg\" alt=\"\" width=\"257\" height=\"144\"><\/a><\/p>\n<p style=\"text-align: justify;\"><span style=\"color: #000000; font-family: georgia, palatino, serif; font-size: 12pt;\">Mis en place en 2004, le label \u00ab Jardin remarquable \u00bb distingue des jardins et des parcs, pr\u00e9sentant un int\u00e9r\u00eat culturel, esth\u00e9tique, historique ou botanique, qu&rsquo;ils soient publics ou priv\u00e9s.<\/span><\/p>\n<p style=\"text-align: justify;\"><span style=\"color: #000000; font-family: georgia, palatino, serif; font-size: 12pt;\">Ce label<b>&nbsp;<\/b><b>\u00ab\u00a0<a style=\"color: #000000;\" href=\"https:\/\/www.culture.gouv.fr\/Aides-demarches\/Protections-labels-et-appellations\/Label-Jardin-remarquable\" target=\"_blank\" rel=\"noopener\">jardin remarquable<\/a>\u00ab\u00a0<\/b> engage les propri\u00e9taires \u00e0 assurer un entretien r\u00e9gulier de leur jardin, \u00e0 l\u2019ouvrir \u00e0 la visite au moins 40 jours dans l\u2019ann\u00e9e et 6h par jour, \u00e0 participer au moins \u00e0 une op\u00e9ration nationale<b> <\/b>(<u><a style=\"color: #000000;\" href=\"https:\/\/rendezvousauxjardins.culturecommunication.gouv.fr\/\" target=\"Site Internet des Rendez-vous aux jardins (nouvelle fen\u00eatre)\" rel=\"noopener\">Rendez-vous aux jardins<\/a><\/u> et\/ou aux <u><a style=\"color: #000000;\" href=\"https:\/\/journeesdupatrimoine.culturecommunication.gouv.fr\/\" target=\"Site Internet des Journ\u00e9es europ\u00e9ennes du patrimoine (nouvelle fen\u00eatre)\" rel=\"noopener\">Journ\u00e9es europ\u00e9ennes du patrimoine<\/a><\/u>), \u00e0 mettre \u00e0 la disposition du public des documents d\u2019information (plan, historique, indications botaniques) et \u00e0 apposer dans un lieu visible du public une plaque \u00e9maill\u00e9e reprenant le logotype du label \u00ab Jardin remarquable \u00bb.<\/span><\/p>\n<p style=\"text-align: justify;\"><span style=\"color: #000000; font-family: georgia, palatino, serif; font-size: 12pt;\">Ce label de qualit\u00e9 est attribu\u00e9 par le minist\u00e8re de la Culture pour une dur\u00e9e de 5 ans renouvelable. Il donne lieu \u00e0 des avantages divers et notamment \u00e0 une signalisation routes et autoroutes, selon le m\u00eame processus que les \u00e9difices prot\u00e9g\u00e9s au titre des monuments historiques.<\/span><\/p>\n<div class=\"et_pb_module et_pb_text et_pb_text_14  et_pb_text_align_left et_pb_bg_layout_light\">\n<div class=\"et_pb_text_inner\">\n<p><span style=\"font-family: georgia, palatino, serif; font-size: 10pt;\"><strong><span style=\"color: #003300;\">Coordination acad\u00e9mique : Marie-Pascale ZUGAJ-BENTEO<br \/><\/span><\/strong><strong><span style=\"color: #003300;\">mailto : <a style=\"color: #003300;\" title=\"Composer un message \u00e0 cst_archeologiedaac@ac-nice.fr\" target=\"1\" rel=\"noreferrer noopener\">cst_archeologiedaac@ac-nice.fr<\/a><\/span><\/strong><\/span><\/p>\n<\/div>\n<\/div>\n<p>[\/et_pb_text][\/et_pb_column][\/et_pb_row][\/et_pb_section]<\/p>\n","protected":false},"excerpt":{"rendered":"<p>Carte des jardins remarquables Les jardins remarquables Mis en place en 2004, le label \u00ab Jardin remarquable \u00bb distingue des jardins et des parcs, pr\u00e9sentant un int\u00e9r\u00eat culturel, esth\u00e9tique, historique ou botanique, qu&rsquo;ils soient publics ou priv\u00e9s. Ce label&nbsp;\u00ab\u00a0jardin remarquable\u00a0\u00bb engage les propri\u00e9taires \u00e0 assurer un entretien r\u00e9gulier de leur jardin, \u00e0 l\u2019ouvrir \u00e0 la [&hellip;]<\/p>\n","protected":false},"author":241,"featured_media":0,"parent":0,"menu_order":0,"comment_status":"closed","ping_status":"closed","template":"","meta":{"_et_pb_use_builder":"on","_et_pb_old_content":"","_et_gb_content_width":"","ngg_post_thumbnail":0,"footnotes":""},"class_list":["post-7182","page","type-page","status-publish","hentry"],"rttpg_featured_image_url":null,"rttpg_author":{"display_name":"daacadmin","author_link":"https:\/\/www.pedagogie.ac-nice.fr\/daac\/author\/daacadmin\/"},"rttpg_comment":0,"rttpg_category":null,"rttpg_excerpt":"Carte des jardins remarquables Les jardins remarquables Mis en place en 2004, le label \u00ab Jardin remarquable \u00bb distingue des jardins et des parcs, pr\u00e9sentant un int\u00e9r\u00eat culturel, esth\u00e9tique, historique ou botanique, qu'ils soient publics ou priv\u00e9s. Ce label&nbsp;\"jardin remarquable\" engage les propri\u00e9taires \u00e0 assurer un entretien r\u00e9gulier de leur jardin, \u00e0 l\u2019ouvrir \u00e0 la\u2026","post_mailing_queue_ids":[],"_links":{"self":[{"href":"https:\/\/www.pedagogie.ac-nice.fr\/daac\/wp-json\/wp\/v2\/pages\/7182","targetHints":{"allow":["GET"]}}],"collection":[{"href":"https:\/\/www.pedagogie.ac-nice.fr\/daac\/wp-json\/wp\/v2\/pages"}],"about":[{"href":"https:\/\/www.pedagogie.ac-nice.fr\/daac\/wp-json\/wp\/v2\/types\/page"}],"author":[{"embeddable":true,"href":"https:\/\/www.pedagogie.ac-nice.fr\/daac\/wp-json\/wp\/v2\/users\/241"}],"replies":[{"embeddable":true,"href":"https:\/\/www.pedagogie.ac-nice.fr\/daac\/wp-json\/wp\/v2\/comments?post=7182"}],"version-history":[{"count":8,"href":"https:\/\/www.pedagogie.ac-nice.fr\/daac\/wp-json\/wp\/v2\/pages\/7182\/revisions"}],"predecessor-version":[{"id":7207,"href":"https:\/\/www.pedagogie.ac-nice.fr\/daac\/wp-json\/wp\/v2\/pages\/7182\/revisions\/7207"}],"wp:attachment":[{"href":"https:\/\/www.pedagogie.ac-nice.fr\/daac\/wp-json\/wp\/v2\/media?parent=7182"}],"curies":[{"name":"wp","href":"https:\/\/api.w.org\/{rel}","templated":true}]}}