{"id":7217,"date":"2021-10-02T23:34:02","date_gmt":"2021-10-02T21:34:02","guid":{"rendered":"https:\/\/www.pedagogie.ac-nice.fr\/daac\/?page_id=7217"},"modified":"2021-12-15T12:24:21","modified_gmt":"2021-12-15T11:24:21","slug":"terra-nostra-archeologie-nice","status":"publish","type":"page","link":"https:\/\/www.pedagogie.ac-nice.fr\/daac\/terra-nostra-archeologie-nice\/","title":{"rendered":"Terra Nostra &#8211; Arch\u00e9ologie Nice"},"content":{"rendered":"<p>[et_pb_section fb_built=\u00a0\u00bb1&Prime; _builder_version=\u00a0\u00bb4.10.7&Prime; _module_preset=\u00a0\u00bbdefault\u00a0\u00bb global_colors_info=\u00a0\u00bb{}\u00a0\u00bb][et_pb_row column_structure=\u00a0\u00bb1_3,2_3&Prime; _builder_version=\u00a0\u00bb4.10.7&Prime; _module_preset=\u00a0\u00bbdefault\u00a0\u00bb global_colors_info=\u00a0\u00bb{}\u00a0\u00bb][et_pb_column type=\u00a0\u00bb1_3&Prime; _builder_version=\u00a0\u00bb4.10.7&Prime; _module_preset=\u00a0\u00bbdefault\u00a0\u00bb global_colors_info=\u00a0\u00bb{}\u00a0\u00bb][et_pb_text admin_label=\u00a0\u00bblogo daac culture scientifique\u00a0\u00bb _builder_version=\u00a0\u00bb4.10.7&Prime; _module_preset=\u00a0\u00bbdefault\u00a0\u00bb hover_enabled=\u00a0\u00bb0&Prime; global_colors_info=\u00a0\u00bb{}\u00a0\u00bb sticky_enabled=\u00a0\u00bb0&Prime;]<\/p>\n<p><a href=\"https:\/\/www.pedagogie.ac-nice.fr\/daac\/domaine-culture-scientifique\/\" target=\"_blank\" rel=\"noopener\"><img loading=\"lazy\" decoding=\"async\" class=\"aligncenter wp-image-6589 size-full\" src=\"https:\/\/www.pedagogie.ac-nice.fr\/daac\/wp-content\/uploads\/sites\/37\/2021\/09\/culture_scientifique-1.png\" alt=\"\" width=\"332\" height=\"233\" srcset=\"https:\/\/www.pedagogie.ac-nice.fr\/daac\/wp-content\/uploads\/sites\/37\/2021\/09\/culture_scientifique-1.png 332w, https:\/\/www.pedagogie.ac-nice.fr\/daac\/wp-content\/uploads\/sites\/37\/2021\/09\/culture_scientifique-1-300x211.png 300w\" sizes=\"(max-width: 332px) 100vw, 332px\" \/><\/a><\/p>\n<p>[\/et_pb_text][et_pb_text admin_label=\u00a0\u00bbMercredi enseignant\u00a0\u00bb _builder_version=\u00a0\u00bb4.10.7&Prime; _module_preset=\u00a0\u00bbdefault\u00a0\u00bb global_colors_info=\u00a0\u00bb{}\u00a0\u00bb]<\/p>\n<p><a href=\"https:\/\/www.pedagogie.ac-nice.fr\/daac\/wp-content\/uploads\/sites\/37\/2021\/12\/mercredis_enseignants_terra_nostra.pdf\" target=\"_blank\" rel=\"noopener\"><img loading=\"lazy\" decoding=\"async\" class=\"aligncenter wp-image-6496 size-full\" src=\"https:\/\/www.pedagogie.ac-nice.fr\/daac\/wp-content\/uploads\/sites\/37\/2021\/09\/mercredis_enseignants-1.png\" alt=\"\" width=\"288\" height=\"212\"><\/a><\/p>\n<p>[\/et_pb_text][\/et_pb_column][et_pb_column type=\u00a0\u00bb2_3&Prime; _builder_version=\u00a0\u00bb4.10.7&Prime; _module_preset=\u00a0\u00bbdefault\u00a0\u00bb global_colors_info=\u00a0\u00bb{}\u00a0\u00bb][et_pb_text admin_label=\u00a0\u00bbterra nostra\u00a0\u00bb _builder_version=\u00a0\u00bb4.10.7&Prime; _module_preset=\u00a0\u00bbdefault\u00a0\u00bb global_colors_info=\u00a0\u00bb{}\u00a0\u00bb]<\/p>\n<p><img loading=\"lazy\" decoding=\"async\" class=\"size-full wp-image-579 aligncenter\" src=\"https:\/\/www.pedagogie.ac-nice.fr\/daac\/wp-content\/uploads\/sites\/37\/2020\/09\/Terra_Nostra_Logos.png\" alt=\"\" width=\"945\" height=\"206\" srcset=\"https:\/\/www.pedagogie.ac-nice.fr\/daac\/wp-content\/uploads\/sites\/37\/2020\/09\/Terra_Nostra_Logos.png 945w, https:\/\/www.pedagogie.ac-nice.fr\/daac\/wp-content\/uploads\/sites\/37\/2020\/09\/Terra_Nostra_Logos-300x65.png 300w, https:\/\/www.pedagogie.ac-nice.fr\/daac\/wp-content\/uploads\/sites\/37\/2020\/09\/Terra_Nostra_Logos-768x167.png 768w\" sizes=\"(max-width: 945px) 100vw, 945px\" \/><\/p>\n<p>[\/et_pb_text][et_pb_text admin_label=\u00a0\u00bbtexte\u00a0\u00bb _builder_version=\u00a0\u00bb4.10.7&Prime; _module_preset=\u00a0\u00bbdefault\u00a0\u00bb global_colors_info=\u00a0\u00bb{}\u00a0\u00bb]<\/p>\n<p align=\"center\"><span style=\"color: #0000ff;\"><b>Projet de parcours de m\u00e9diation des mus\u00e9es scientifiques de la Ville de Nice<\/b><\/span><\/p>\n<p align=\"center\"><span style=\"color: #ff00ff;\"><span style=\"font-size: large;\"><b>TERRA NOSTRA<br \/><\/b><\/span><b>Interaction de l\u2019Homme et de son environnement \u00e0 travers les \u00e2ges<\/b><\/span><\/p>\n<p align=\"justify\"><span style=\"color: #0000ff;\">Le mus\u00e9e de Pr\u00e9histoire de Terra Amata, le mus\u00e9e d\u2019Arch\u00e9ologie de Nice \/ Cimiez et le mus\u00e9um d\u2019Histoire Naturelle de Nice proposent un parcours de m\u00e9diation, pour les coll\u00e9giens, destin\u00e9 \u00e0 explorer l\u2019\u00e9volution du rapport entre l\u2019homme et son environnement de la Pr\u00e9histoire \u00e0 nos jours en quatre s\u00e9ances.<\/span><\/p>\n<p>[\/et_pb_text][\/et_pb_column][\/et_pb_row][et_pb_row column_structure=\u00a0\u00bb1_2,1_2&Prime; _builder_version=\u00a0\u00bb4.10.7&Prime; _module_preset=\u00a0\u00bbdefault\u00a0\u00bb global_colors_info=\u00a0\u00bb{}\u00a0\u00bb][et_pb_column type=\u00a0\u00bb1_2&Prime; _builder_version=\u00a0\u00bb4.10.7&Prime; _module_preset=\u00a0\u00bbdefault\u00a0\u00bb global_colors_info=\u00a0\u00bb{}\u00a0\u00bb][et_pb_divider _builder_version=\u00a0\u00bb4.10.7&Prime; _module_preset=\u00a0\u00bbdefault\u00a0\u00bb custom_margin=\u00a0\u00bb-22px|||||\u00a0\u00bb global_colors_info=\u00a0\u00bb{}\u00a0\u00bb][\/et_pb_divider][et_pb_text admin_label=\u00a0\u00bbTexte Terra Amata\u00a0\u00bb _builder_version=\u00a0\u00bb4.10.7&Prime; _module_preset=\u00a0\u00bbdefault\u00a0\u00bb global_colors_info=\u00a0\u00bb{}\u00a0\u00bb]<\/p>\n<p style=\"text-align: center;\" align=\"justify\"><span style=\"font-size: 10pt;\"><strong><span style=\"color: #0000ff;\">Visite du Mus\u00e9e de Pr\u00e9histoire de Terra Amata<br \/>\u00ab&nbsp;Comment le pass\u00e9 \u00e9claire notre futur&nbsp;\u00bb<\/span><\/strong><\/span><\/p>\n<p style=\"text-align: justify;\" align=\"justify\"><span style=\"color: #0000ff; font-size: 10pt;\">Apr\u00e8s l\u2019invention des outils, la maitrise du feu permettra aux Hommes de s\u2019affranchir de certaines contraintes de leur environnement et de le modifier.<\/span><\/p>\n<p align=\"left\"><span style=\"color: #0000ff; font-size: 8pt;\">Mus\u00e9e de Pr\u00e9histoire de Terra Amata<\/span><br \/><span style=\"color: #0000ff; font-size: 8pt;\">25, boulevard Carnot &#8211; 06300 NICE<\/span><\/p>\n<p>[\/et_pb_text][et_pb_divider _builder_version=\u00a0\u00bb4.10.7&Prime; _module_preset=\u00a0\u00bbdefault\u00a0\u00bb custom_margin=\u00a0\u00bb-22px|||||\u00a0\u00bb global_colors_info=\u00a0\u00bb{}\u00a0\u00bb][\/et_pb_divider][et_pb_text admin_label=\u00a0\u00bbTexte Cimiez\u00a0\u00bb _builder_version=\u00a0\u00bb4.10.7&Prime; _module_preset=\u00a0\u00bbdefault\u00a0\u00bb custom_margin=\u00a0\u00bb-16px|||||\u00a0\u00bb global_colors_info=\u00a0\u00bb{}\u00a0\u00bb]<\/p>\n<p style=\"text-align: center;\" align=\"justify\"><span style=\"color: #0000ff; font-size: 10pt;\"><strong>Visite du mus\u00e9e d\u2019Arch\u00e9ologie de Nice \/ Cimiez<br \/>\u00ab&nbsp;<i>Dominus Mundi<\/i>&nbsp;:&nbsp;l\u2019Homme prend possession du monde \u00bb<\/strong><\/span><\/p>\n<p align=\"justify\"><span style=\"color: #0000ff; font-size: 10pt;\">D\u00e8s le N\u00e9olithique, puis durant l\u2019Antiquit\u00e9, l\u2019Homme a v\u00e9n\u00e9r\u00e9 mais \u00e9galement domin\u00e9 et fa\u00e7onn\u00e9 son environnement pour le meilleur et pour le pire.<\/span><\/p>\n<p align=\"left\"><span style=\"font-size: 8pt; color: #0000ff;\">Mus\u00e9e d\u2019Arch\u00e9ologie de Nice \/ Cimiez<\/span><br \/><span style=\"font-size: 8pt; color: #0000ff;\">160, avenue des ar\u00e8nes \u2013 06000 NICE<\/span><\/p>\n<p>[\/et_pb_text][et_pb_divider _builder_version=\u00a0\u00bb4.10.7&Prime; _module_preset=\u00a0\u00bbdefault\u00a0\u00bb custom_margin=\u00a0\u00bb-8px|||||\u00a0\u00bb global_colors_info=\u00a0\u00bb{}\u00a0\u00bb][\/et_pb_divider][et_pb_text admin_label=\u00a0\u00bbTexte Museum d&rsquo;histoire naturelle\u00a0\u00bb _builder_version=\u00a0\u00bb4.10.7&Prime; _module_preset=\u00a0\u00bbdefault\u00a0\u00bb global_colors_info=\u00a0\u00bb{}\u00a0\u00bb]<\/p>\n<p style=\"text-align: center;\" align=\"justify\"><span style=\"font-size: 10pt;\"><strong><span style=\"color: #0000ff;\">Visite du mus\u00e9um d\u2019Histoire Naturelle de Nice :<br \/>\u00ab Humanit\u00e9 et Nature, le lien oubli\u00e9 \u00bb<\/span><\/strong><\/span><\/p>\n<p align=\"left\"><span style=\"color: #0000ff; font-size: 10pt;\">De nos jours, l\u2019Humanit\u00e9 poursuit un d\u00e9veloppement effr\u00e9n\u00e9 au d\u00e9pend des \u00e9quilibres naturels qui la soutiennent &#8211; au d\u00e9pend d\u2019elle-m\u00eame&nbsp;!<\/span><\/p>\n<p align=\"left\"><span style=\"font-size: 8pt; color: #0000ff;\">Mus\u00e9um d\u2019Histoire Naturelle de Nice<\/span><br \/><span style=\"font-size: 8pt; color: #0000ff;\"> 60 Boulevard Risso &#8211; 06300 Nice<\/span><\/p>\n<p>[\/et_pb_text][et_pb_divider _builder_version=\u00a0\u00bb4.10.7&Prime; _module_preset=\u00a0\u00bbdefault\u00a0\u00bb global_colors_info=\u00a0\u00bb{}\u00a0\u00bb][\/et_pb_divider][et_pb_text admin_label=\u00a0\u00bbs\u00e9ance coll\u00e8ge\u00a0\u00bb _builder_version=\u00a0\u00bb4.10.7&Prime; _module_preset=\u00a0\u00bbdefault\u00a0\u00bb custom_margin=\u00a0\u00bb-41px|||||\u00a0\u00bb global_colors_info=\u00a0\u00bb{}\u00a0\u00bb]<\/p>\n<p style=\"text-align: justify;\" align=\"justify\"><span style=\"font-size: 10pt; color: #0000ff;\"><strong><span dir=\"ltr\" role=\"presentation\">S\u00e9ance au coll\u00e8ge<\/span> &#8211; <span dir=\"ltr\" role=\"presentation\">\u00ab<\/span> <span dir=\"ltr\" role=\"presentation\">Quel<\/span> <span dir=\"ltr\" role=\"presentation\">lien<\/span> <span dir=\"ltr\" role=\"presentation\">voulons<\/span><span dir=\"ltr\" role=\"presentation\">&#8211;<\/span><span dir=\"ltr\" role=\"presentation\">nous<\/span> <span dir=\"ltr\" role=\"presentation\">construire<\/span> <span dir=\"ltr\" role=\"presentation\">avec<\/span> <span dir=\"ltr\" role=\"presentation\">n<\/span><span dir=\"ltr\" role=\"presentation\">otre<\/span> <span dir=\"ltr\" role=\"presentation\">Terre <\/span><\/strong><span dir=\"ltr\" role=\"presentation\"><strong>? \u00bb<br \/><\/strong><\/span><span dir=\"ltr\" role=\"presentation\"><br \/><\/span>Quel lien voulons-nous construire avec cette Terre qui est la notre ? Nous sommes la g\u00e9n\u00e9ration pr\u00e9sente, c\u2019est \u00e0 notre tours d\u2019agir sur notre environnement et d\u2019\u00e9crire l\u2019Histoire. Allons-nous apprendre des \u00e9checs et des succ\u00e8s pass\u00e9s ?<\/span><\/p>\n<p align=\"justify\"><span style=\"color: #0000ff; font-size: 10pt;\">Une derni\u00e8re s\u00e9ance au coll\u00e8ge permettra de proposer une synth\u00e8se et un r\u00e9investissement de ce qui a \u00e9t\u00e9 vu dans les diff\u00e9rents \u00e9tablissements avec l\u2019ensemble des m\u00e9diateurs.<\/span><\/p>\n<p>[\/et_pb_text][et_pb_divider _builder_version=\u00a0\u00bb4.10.7&Prime; _module_preset=\u00a0\u00bbdefault\u00a0\u00bb global_colors_info=\u00a0\u00bb{}\u00a0\u00bb][\/et_pb_divider][et_pb_text admin_label=\u00a0\u00bbcontact\u00a0\u00bb _builder_version=\u00a0\u00bb4.10.7&Prime; _module_preset=\u00a0\u00bbdefault\u00a0\u00bb global_colors_info=\u00a0\u00bb{}\u00a0\u00bb]<\/p>\n<p><span style=\"font-size: 12pt; color: #0000ff;\"><span style=\"font-family: georgia, palatino, serif;\"><strong>Charg\u00e9e de Mission DAAC :<\/strong> Florentine Klein.<br \/>contact : florentine.klein@ac-nice.fr<\/span><\/span><\/p>\n<p><span style=\"font-family: georgia, palatino, serif; color: #0000ff; font-size: 12pt;\"><strong>Coordination acad\u00e9mique DAAC : <\/strong>Marie-Pascale ZUGAJ-BENTEO<\/span><br \/><span style=\"color: #0000ff; font-size: 12pt; font-family: georgia, palatino, serif;\"> contact : <a style=\"color: #0000ff;\" title=\"Composer un message \u00e0 cst_archeologiedaac@ac-nice.fr\" target=\"1\" rel=\"noreferrer noopener\">cst_archeologiedaac@ac-nice.fr<\/a><\/span><\/p>\n<p>[\/et_pb_text][\/et_pb_column][et_pb_column type=\u00a0\u00bb1_2&Prime; _builder_version=\u00a0\u00bb4.10.7&Prime; _module_preset=\u00a0\u00bbdefault\u00a0\u00bb global_colors_info=\u00a0\u00bb{}\u00a0\u00bb][et_pb_divider _builder_version=\u00a0\u00bb4.10.7&Prime; _module_preset=\u00a0\u00bbdefault\u00a0\u00bb custom_margin=\u00a0\u00bb-22px|||||\u00a0\u00bb global_colors_info=\u00a0\u00bb{}\u00a0\u00bb][\/et_pb_divider][et_pb_text admin_label=\u00a0\u00bbTerra Amata visuel\u00a0\u00bb _builder_version=\u00a0\u00bb4.10.7&Prime; _module_preset=\u00a0\u00bbdefault\u00a0\u00bb global_colors_info=\u00a0\u00bb{}\u00a0\u00bb]<\/p>\n<p><img loading=\"lazy\" decoding=\"async\" class=\"alignnone size-full wp-image-10071 aligncenter\" src=\"https:\/\/www.pedagogie.ac-nice.fr\/daac\/wp-content\/uploads\/sites\/37\/2021\/12\/image_terra_amata_terra_nostra.jpg\" alt=\"\" width=\"288\" height=\"205\" srcset=\"https:\/\/www.pedagogie.ac-nice.fr\/daac\/wp-content\/uploads\/sites\/37\/2021\/12\/image_terra_amata_terra_nostra.jpg 587w, https:\/\/www.pedagogie.ac-nice.fr\/daac\/wp-content\/uploads\/sites\/37\/2021\/12\/image_terra_amata_terra_nostra-300x214.jpg 300w, https:\/\/www.pedagogie.ac-nice.fr\/daac\/wp-content\/uploads\/sites\/37\/2021\/12\/image_terra_amata_terra_nostra-400x284.jpg 400w\" sizes=\"(max-width: 288px) 100vw, 288px\" \/><\/p>\n<p>[\/et_pb_text][et_pb_divider _builder_version=\u00a0\u00bb4.10.7&Prime; _module_preset=\u00a0\u00bbdefault\u00a0\u00bb min_height=\u00a0\u00bb18.8px\u00a0\u00bb custom_margin=\u00a0\u00bb-10px|||||\u00a0\u00bb custom_padding=\u00a0\u00bb1px|||||\u00a0\u00bb global_colors_info=\u00a0\u00bb{}\u00a0\u00bb][\/et_pb_divider][et_pb_text admin_label=\u00a0\u00bbvisuel Mus\u00e9e de Cimiez\u00a0\u00bb _builder_version=\u00a0\u00bb4.10.7&Prime; _module_preset=\u00a0\u00bbdefault\u00a0\u00bb custom_margin=\u00a0\u00bb-14px|||||\u00a0\u00bb custom_padding=\u00a0\u00bb1px|||||\u00a0\u00bb global_colors_info=\u00a0\u00bb{}\u00a0\u00bb]<\/p>\n<p><img loading=\"lazy\" decoding=\"async\" class=\"size-full wp-image-10070 aligncenter\" src=\"https:\/\/www.pedagogie.ac-nice.fr\/daac\/wp-content\/uploads\/sites\/37\/2021\/12\/image_musee_archeo_cimiez.jpg\" alt=\"\" width=\"349\" height=\"205\" srcset=\"https:\/\/www.pedagogie.ac-nice.fr\/daac\/wp-content\/uploads\/sites\/37\/2021\/12\/image_musee_archeo_cimiez.jpg 585w, https:\/\/www.pedagogie.ac-nice.fr\/daac\/wp-content\/uploads\/sites\/37\/2021\/12\/image_musee_archeo_cimiez-300x176.jpg 300w\" sizes=\"(max-width: 349px) 100vw, 349px\" \/><\/p>\n<p>[\/et_pb_text][et_pb_divider _builder_version=\u00a0\u00bb4.10.7&Prime; _module_preset=\u00a0\u00bbdefault\u00a0\u00bb global_colors_info=\u00a0\u00bb{}\u00a0\u00bb][\/et_pb_divider][et_pb_text admin_label=\u00a0\u00bbvisuel museum histoire naturelle\u00a0\u00bb _builder_version=\u00a0\u00bb4.10.7&Prime; _module_preset=\u00a0\u00bbdefault\u00a0\u00bb global_colors_info=\u00a0\u00bb{}\u00a0\u00bb]<\/p>\n<p><img loading=\"lazy\" decoding=\"async\" class=\"alignnone size-full wp-image-10073 aligncenter\" src=\"https:\/\/www.pedagogie.ac-nice.fr\/daac\/wp-content\/uploads\/sites\/37\/2021\/12\/logo_ville_terra_nostra.png\" alt=\"\" style=\"display: block; margin-left: auto; margin-right: auto;\" width=\"334\" height=\"216\" srcset=\"https:\/\/www.pedagogie.ac-nice.fr\/daac\/wp-content\/uploads\/sites\/37\/2021\/12\/logo_ville_terra_nostra.png 880w, https:\/\/www.pedagogie.ac-nice.fr\/daac\/wp-content\/uploads\/sites\/37\/2021\/12\/logo_ville_terra_nostra-300x194.png 300w, https:\/\/www.pedagogie.ac-nice.fr\/daac\/wp-content\/uploads\/sites\/37\/2021\/12\/logo_ville_terra_nostra-768x497.png 768w\" sizes=\"(max-width: 334px) 100vw, 334px\" \/><\/p>\n<p>[\/et_pb_text][et_pb_divider _builder_version=\u00a0\u00bb4.10.7&Prime; _module_preset=\u00a0\u00bbdefault\u00a0\u00bb global_colors_info=\u00a0\u00bb{}\u00a0\u00bb][\/et_pb_divider][et_pb_text admin_label=\u00a0\u00bbvisuel coll\u00e8ge\u00a0\u00bb _builder_version=\u00a0\u00bb4.10.7&Prime; _module_preset=\u00a0\u00bbdefault\u00a0\u00bb custom_margin=\u00a0\u00bb-6px|||||\u00a0\u00bb custom_padding=\u00a0\u00bb||0px|||\u00a0\u00bb global_colors_info=\u00a0\u00bb{}\u00a0\u00bb]<\/p>\n<p><img loading=\"lazy\" decoding=\"async\" class=\"alignnone size-full wp-image-10072 aligncenter\" src=\"https:\/\/www.pedagogie.ac-nice.fr\/daac\/wp-content\/uploads\/sites\/37\/2021\/12\/logo_college_terra_nostra.jpg\" alt=\"\" width=\"282\" height=\"199\" srcset=\"https:\/\/www.pedagogie.ac-nice.fr\/daac\/wp-content\/uploads\/sites\/37\/2021\/12\/logo_college_terra_nostra.jpg 450w, https:\/\/www.pedagogie.ac-nice.fr\/daac\/wp-content\/uploads\/sites\/37\/2021\/12\/logo_college_terra_nostra-300x212.jpg 300w, https:\/\/www.pedagogie.ac-nice.fr\/daac\/wp-content\/uploads\/sites\/37\/2021\/12\/logo_college_terra_nostra-400x284.jpg 400w\" sizes=\"(max-width: 282px) 100vw, 282px\" \/><\/p>\n<p>&nbsp;<\/p>\n<p>&nbsp;<\/p>\n<p>[\/et_pb_text][et_pb_divider _builder_version=\u00a0\u00bb4.10.7&Prime; _module_preset=\u00a0\u00bbdefault\u00a0\u00bb custom_margin=\u00a0\u00bb-64px|||||\u00a0\u00bb global_colors_info=\u00a0\u00bb{}\u00a0\u00bb][\/et_pb_divider][et_pb_text admin_label=\u00a0\u00bbcontact\u00a0\u00bb _builder_version=\u00a0\u00bb4.10.7&Prime; _module_preset=\u00a0\u00bbdefault\u00a0\u00bb global_colors_info=\u00a0\u00bb{}\u00a0\u00bb]<\/p>\n<p style=\"text-align: center;\"><span style=\"color: #0000ff;\"><strong><a href=\"https:\/\/www.pedagogie.ac-nice.fr\/daac\/wp-content\/uploads\/sites\/37\/2021\/12\/Terra_Nostra_projet_2022.pdf\" target=\"_blank\" rel=\"noopener\">Le projet<\/a><br \/><a href=\"https:\/\/www.pedagogie.ac-nice.fr\/daac\/wp-content\/uploads\/sites\/37\/2021\/12\/Terra_Nostra_projet_2022.pdf\" target=\"_blank\" rel=\"noopener\"><img loading=\"lazy\" decoding=\"async\" class=\"alignnone wp-image-8629\" src=\"https:\/\/www.pedagogie.ac-nice.fr\/daac\/wp-content\/uploads\/sites\/37\/2021\/10\/fichier_pdf.jpg\" alt=\"\" width=\"137\" height=\"143\"><\/a> <\/strong><\/span><\/p>\n<p>[\/et_pb_text][\/et_pb_column][\/et_pb_row][\/et_pb_section]<\/p>\n","protected":false},"excerpt":{"rendered":"<p>Projet de parcours de m\u00e9diation des mus\u00e9es scientifiques de la Ville de Nice TERRA NOSTRAInteraction de l\u2019Homme et de son environnement \u00e0 travers les \u00e2ges Le mus\u00e9e de Pr\u00e9histoire de Terra Amata, le mus\u00e9e d\u2019Arch\u00e9ologie de Nice \/ Cimiez et le mus\u00e9um d\u2019Histoire Naturelle de Nice proposent un parcours de m\u00e9diation, pour les coll\u00e9giens, destin\u00e9 [&hellip;]<\/p>\n","protected":false},"author":241,"featured_media":0,"parent":0,"menu_order":0,"comment_status":"closed","ping_status":"closed","template":"","meta":{"_et_pb_use_builder":"on","_et_pb_old_content":"","_et_gb_content_width":"","ngg_post_thumbnail":0,"footnotes":""},"class_list":["post-7217","page","type-page","status-publish","hentry"],"rttpg_featured_image_url":null,"rttpg_author":{"display_name":"daacadmin","author_link":"https:\/\/www.pedagogie.ac-nice.fr\/daac\/author\/daacadmin\/"},"rttpg_comment":0,"rttpg_category":null,"rttpg_excerpt":"Projet de parcours de m\u00e9diation des mus\u00e9es scientifiques de la Ville de Nice TERRA NOSTRAInteraction de l\u2019Homme et de son environnement \u00e0 travers les \u00e2ges Le mus\u00e9e de Pr\u00e9histoire de Terra Amata, le mus\u00e9e d\u2019Arch\u00e9ologie de Nice \/ Cimiez et le mus\u00e9um d\u2019Histoire Naturelle de Nice proposent un parcours de m\u00e9diation, pour les coll\u00e9giens, destin\u00e9\u2026","post_mailing_queue_ids":[],"_links":{"self":[{"href":"https:\/\/www.pedagogie.ac-nice.fr\/daac\/wp-json\/wp\/v2\/pages\/7217","targetHints":{"allow":["GET"]}}],"collection":[{"href":"https:\/\/www.pedagogie.ac-nice.fr\/daac\/wp-json\/wp\/v2\/pages"}],"about":[{"href":"https:\/\/www.pedagogie.ac-nice.fr\/daac\/wp-json\/wp\/v2\/types\/page"}],"author":[{"embeddable":true,"href":"https:\/\/www.pedagogie.ac-nice.fr\/daac\/wp-json\/wp\/v2\/users\/241"}],"replies":[{"embeddable":true,"href":"https:\/\/www.pedagogie.ac-nice.fr\/daac\/wp-json\/wp\/v2\/comments?post=7217"}],"version-history":[{"count":21,"href":"https:\/\/www.pedagogie.ac-nice.fr\/daac\/wp-json\/wp\/v2\/pages\/7217\/revisions"}],"predecessor-version":[{"id":10163,"href":"https:\/\/www.pedagogie.ac-nice.fr\/daac\/wp-json\/wp\/v2\/pages\/7217\/revisions\/10163"}],"wp:attachment":[{"href":"https:\/\/www.pedagogie.ac-nice.fr\/daac\/wp-json\/wp\/v2\/media?parent=7217"}],"curies":[{"name":"wp","href":"https:\/\/api.w.org\/{rel}","templated":true}]}}