{"id":7253,"date":"2021-10-03T00:26:11","date_gmt":"2021-10-02T22:26:11","guid":{"rendered":"https:\/\/www.pedagogie.ac-nice.fr\/daac\/?page_id=7253"},"modified":"2021-10-15T12:53:50","modified_gmt":"2021-10-15T10:53:50","slug":"les-cordees-de-la-reussite","status":"publish","type":"page","link":"https:\/\/www.pedagogie.ac-nice.fr\/daac\/les-cordees-de-la-reussite\/","title":{"rendered":"Les cord\u00e9es de la r\u00e9ussite"},"content":{"rendered":"<p>[et_pb_section fb_built=\u00a0\u00bb1&Prime; _builder_version=\u00a0\u00bb4.10.7&Prime; _module_preset=\u00a0\u00bbdefault\u00a0\u00bb global_colors_info=\u00a0\u00bb{}\u00a0\u00bb][et_pb_row column_structure=\u00a0\u00bb2_5,3_5&Prime; _builder_version=\u00a0\u00bb4.10.7&Prime; _module_preset=\u00a0\u00bbdefault\u00a0\u00bb global_colors_info=\u00a0\u00bb{}\u00a0\u00bb][et_pb_column type=\u00a0\u00bb2_5&Prime; _builder_version=\u00a0\u00bb4.10.7&Prime; _module_preset=\u00a0\u00bbdefault\u00a0\u00bb global_colors_info=\u00a0\u00bb{}\u00a0\u00bb][et_pb_text admin_label=\u00a0\u00bblogo coordees lien BO\u00a0\u00bb _builder_version=\u00a0\u00bb4.10.7&Prime; _module_preset=\u00a0\u00bbdefault\u00a0\u00bb global_colors_info=\u00a0\u00bb{}\u00a0\u00bb]<\/p>\n<p><a href=\"https:\/\/www.education.gouv.fr\/les-cordees-de-la-reussite-permettre-aux-eleves-de-batir-et-de-concretiser-un-projet-d-orientation-306210\" target=\"_blank\" rel=\"noopener\"><img loading=\"lazy\" decoding=\"async\" class=\"aligncenter\" src=\"https:\/\/www.pedagogie.ac-nice.fr\/daac\/wp-content\/uploads\/sites\/37\/2021\/10\/logo_cordees_reussite.jpg\" alt=\"\" width=\"414\" height=\"208\"><\/a><\/p>\n<p>[\/et_pb_text][et_pb_divider _builder_version=\u00a0\u00bb4.10.7&Prime; _module_preset=\u00a0\u00bbdefault\u00a0\u00bb global_colors_info=\u00a0\u00bb{}\u00a0\u00bb][\/et_pb_divider][et_pb_text admin_label=\u00a0\u00bblien eduscol \u00a0\u00bb _builder_version=\u00a0\u00bb4.10.7&Prime; _module_preset=\u00a0\u00bbdefault\u00a0\u00bb global_colors_info=\u00a0\u00bb{}\u00a0\u00bb]<\/p>\n<p><a href=\"https:\/\/eduscol.education.fr\/809\/des-cordees-de-la-reussite-de-nouvelle-generation\" target=\"_blank\" rel=\"noopener\"><img loading=\"lazy\" decoding=\"async\" class=\"aligncenter wp-image-7256\" src=\"https:\/\/www.pedagogie.ac-nice.fr\/daac\/wp-content\/uploads\/sites\/37\/2021\/10\/logo_cordees_eduscol.png\" alt=\"\" width=\"209\" height=\"208\" srcset=\"https:\/\/www.pedagogie.ac-nice.fr\/daac\/wp-content\/uploads\/sites\/37\/2021\/10\/logo_cordees_eduscol.png 380w, https:\/\/www.pedagogie.ac-nice.fr\/daac\/wp-content\/uploads\/sites\/37\/2021\/10\/logo_cordees_eduscol-300x300.png 300w, https:\/\/www.pedagogie.ac-nice.fr\/daac\/wp-content\/uploads\/sites\/37\/2021\/10\/logo_cordees_eduscol-150x150.png 150w\" sizes=\"(max-width: 209px) 100vw, 209px\" \/><\/a><\/p>\n<p>[\/et_pb_text][et_pb_divider _builder_version=\u00a0\u00bb4.10.7&Prime; _module_preset=\u00a0\u00bbdefault\u00a0\u00bb global_colors_info=\u00a0\u00bb{}\u00a0\u00bb][\/et_pb_divider][et_pb_text admin_label=\u00a0\u00bblien onisep \u00a0\u00bb _builder_version=\u00a0\u00bb4.10.7&Prime; _module_preset=\u00a0\u00bbdefault\u00a0\u00bb global_colors_info=\u00a0\u00bb{}\u00a0\u00bb]<\/p>\n<p style=\"text-align: center;\"><a href=\"https:\/\/www.cordeesdelareussite.fr\/\" target=\"_blank\" rel=\"noopener\"><img loading=\"lazy\" decoding=\"async\" class=\"alignnone wp-image-7257 size-full\" src=\"https:\/\/www.pedagogie.ac-nice.fr\/daac\/wp-content\/uploads\/sites\/37\/2021\/10\/onisep_cordees.png\" alt=\"\" width=\"247\" height=\"172\"><\/a><\/p>\n<p>[\/et_pb_text][\/et_pb_column][et_pb_column type=\u00a0\u00bb3_5&Prime; _builder_version=\u00a0\u00bb4.10.7&Prime; _module_preset=\u00a0\u00bbdefault\u00a0\u00bb global_colors_info=\u00a0\u00bb{}\u00a0\u00bb][et_pb_text _builder_version=\u00a0\u00bb4.10.7&Prime; _module_preset=\u00a0\u00bbdefault\u00a0\u00bb global_colors_info=\u00a0\u00bb{}\u00a0\u00bb]<\/p>\n<p style=\"text-align: center;\"><strong><span style=\"font-size: 18pt; color: #ff6600;\">Les Cord\u00e9es de la R\u00e9ussite<\/span><\/strong><\/p>\n<div style=\"text-align: justify;\"><span style=\"color: #993366;\">Les nouvelles \u00ab&nbsp;cord\u00e9es de la r\u00e9ussite&nbsp;\u00bb visent \u00e0 \u00eatre&nbsp;un r\u00e9el levier d\u2019\u00e9galit\u00e9 des chances&nbsp;en proposant au \u00e9l\u00e8ves volontaires,&nbsp;d\u00e8s la classe de 4e,&nbsp;un accompagnement personnalis\u00e9 et continu \u00e0 la r\u00e9ussite pour un acc\u00e8s \u00e0 l&rsquo;enseignement sup\u00e9rieur.<\/span><\/div>\n<ul style=\"list-style-type: disc; text-align: justify;\">\n<li><span style=\"font-family: georgia, palatino, serif; color: #993366;\">Le principe repose sur :<\/span><br \/><span style=\"font-family: georgia, palatino, serif; color: #993366;\">une <strong>\u00ab\u00a0t\u00eate de cord\u00e9e\u00a0\u00bb<\/strong> qui peut \u00eatre un \u00e9tablissement d&rsquo;enseignement sup\u00e9rieur : grandes \u00e9coles, universit\u00e9s ou des lyc\u00e9es comportant une&nbsp;CPGE&nbsp;ou une STS (Section de Technicien Sup\u00e9rieur)<\/span><\/li>\n<li><span style=\"font-family: georgia, palatino, serif; color: #993366;\">et des <strong>\u00e9tablissements dits \u00ab\u00a0encord\u00e9s\u00a0\u00bb<\/strong> : coll\u00e8ges et lyc\u00e9es de la voie g\u00e9n\u00e9rale, technologique ou professionnelle qui rel\u00e8vent plus particuli\u00e8rement des r\u00e9seaux d&rsquo;\u00e9ducation prioritaire, des quartiers prioritaires de la politique de la ville ou de zones rurales \u00e9loign\u00e9es des m\u00e9tropoles.<\/span><\/li>\n<\/ul>\n<p style=\"text-align: justify;\"><span style=\"font-family: georgia, palatino, serif; color: #993366;\">Le r\u00e9seau met en place des actions pour&nbsp; donner \u00e0 chaque \u00e9l\u00e8ve volontaire les moyens de sa r\u00e9ussite dans l&rsquo;<strong>\u00e9laboration de son projet d&rsquo;orientation<\/strong>, quel que soit le parcours envisag\u00e9, poursuite d&rsquo;\u00e9tudes dans l&rsquo;enseignement sup\u00e9rieur ou insertion professionnelle.<\/span><\/p>\n<p style=\"text-align: justify;\"><span style=\"color: #993366;\">Parmi les actions envisag\u00e9es dans les cord\u00e9es, certaines rel\u00e8vent de l&rsquo;orientation et des m\u00e9tiers, d&rsquo;autres de l&rsquo;\u00e9ducation artistique et culturelle, dont la culture scientifique. Pour l&rsquo;acad\u00e9mie de Nice les cord\u00e9es \u00e0 coloration culturelle repr\u00e9sentent pr\u00e8s de la moiti\u00e9 des cord\u00e9es. La R\u00e9gion soutient plus particuli\u00e8rement les cord\u00e9es culturelles scientifiques.<\/span><\/p>\n<p><span style=\"color: #000000;\"><a style=\"color: #000000;\" href=\"https:\/\/www.ac-nice.fr\/les-cordees-de-la-reussite-121782\" target=\"_blank\" rel=\"noopener\"><strong><span style=\"color: #ff6600;\">Les cord\u00e9es de la R\u00e9ussite dans l&rsquo;Acad\u00e9mie de Nice<\/span><\/strong><\/a><\/span><\/p>\n<p><span style=\"color: #993366;\"><strong>R\u00e9f\u00e9rent Acad\u00e9mique Cord\u00e9es de la R\u00e9ussite<br \/><\/strong><strong>Charlie GALIBERT, Charlie.Galibert@ac-nice.fr<\/strong><\/span><\/p>\n<p>[\/et_pb_text][et_pb_divider _builder_version=\u00a0\u00bb4.10.7&Prime; _module_preset=\u00a0\u00bbdefault\u00a0\u00bb global_colors_info=\u00a0\u00bb{}\u00a0\u00bb][\/et_pb_divider][et_pb_text admin_label=\u00a0\u00bbcharte cordees\u00a0\u00bb _builder_version=\u00a0\u00bb4.10.7&Prime; _module_preset=\u00a0\u00bbdefault\u00a0\u00bb global_colors_info=\u00a0\u00bb{}\u00a0\u00bb]<\/p>\n<p><a href=\"https:\/\/www.pedagogie.ac-nice.fr\/daac\/wp-content\/uploads\/sites\/37\/2021\/10\/charte_cordeees_texte.pdf\" target=\"_blank\" rel=\"noopener\"><img loading=\"lazy\" decoding=\"async\" class=\"alignnone wp-image-8096 size-full\" src=\"https:\/\/www.pedagogie.ac-nice.fr\/daac\/wp-content\/uploads\/sites\/37\/2021\/10\/charte_cordees_visuel.jpg\" alt=\"\" width=\"835\" height=\"163\" srcset=\"https:\/\/www.pedagogie.ac-nice.fr\/daac\/wp-content\/uploads\/sites\/37\/2021\/10\/charte_cordees_visuel.jpg 835w, https:\/\/www.pedagogie.ac-nice.fr\/daac\/wp-content\/uploads\/sites\/37\/2021\/10\/charte_cordees_visuel-300x59.jpg 300w, https:\/\/www.pedagogie.ac-nice.fr\/daac\/wp-content\/uploads\/sites\/37\/2021\/10\/charte_cordees_visuel-768x150.jpg 768w\" sizes=\"(max-width: 835px) 100vw, 835px\" \/><\/a><\/p>\n<p>[\/et_pb_text][\/et_pb_column][\/et_pb_row][\/et_pb_section]<\/p>\n","protected":false},"excerpt":{"rendered":"<p>Les Cord\u00e9es de la R\u00e9ussite Les nouvelles \u00ab&nbsp;cord\u00e9es de la r\u00e9ussite&nbsp;\u00bb visent \u00e0 \u00eatre&nbsp;un r\u00e9el levier d\u2019\u00e9galit\u00e9 des chances&nbsp;en proposant au \u00e9l\u00e8ves volontaires,&nbsp;d\u00e8s la classe de 4e,&nbsp;un accompagnement personnalis\u00e9 et continu \u00e0 la r\u00e9ussite pour un acc\u00e8s \u00e0 l&rsquo;enseignement sup\u00e9rieur. Le principe repose sur :une \u00ab\u00a0t\u00eate de cord\u00e9e\u00a0\u00bb qui peut \u00eatre un \u00e9tablissement d&rsquo;enseignement sup\u00e9rieur [&hellip;]<\/p>\n","protected":false},"author":241,"featured_media":0,"parent":0,"menu_order":0,"comment_status":"closed","ping_status":"closed","template":"","meta":{"_et_pb_use_builder":"on","_et_pb_old_content":"","_et_gb_content_width":"","ngg_post_thumbnail":0,"footnotes":""},"class_list":["post-7253","page","type-page","status-publish","hentry"],"rttpg_featured_image_url":null,"rttpg_author":{"display_name":"daacadmin","author_link":"https:\/\/www.pedagogie.ac-nice.fr\/daac\/author\/daacadmin\/"},"rttpg_comment":0,"rttpg_category":null,"rttpg_excerpt":"Les Cord\u00e9es de la R\u00e9ussite Les nouvelles \u00ab&nbsp;cord\u00e9es de la r\u00e9ussite&nbsp;\u00bb visent \u00e0 \u00eatre&nbsp;un r\u00e9el levier d\u2019\u00e9galit\u00e9 des chances&nbsp;en proposant au \u00e9l\u00e8ves volontaires,&nbsp;d\u00e8s la classe de 4e,&nbsp;un accompagnement personnalis\u00e9 et continu \u00e0 la r\u00e9ussite pour un acc\u00e8s \u00e0 l'enseignement sup\u00e9rieur. Le principe repose sur :une \"t\u00eate de cord\u00e9e\" qui peut \u00eatre un \u00e9tablissement d'enseignement sup\u00e9rieur\u2026","post_mailing_queue_ids":[],"_links":{"self":[{"href":"https:\/\/www.pedagogie.ac-nice.fr\/daac\/wp-json\/wp\/v2\/pages\/7253","targetHints":{"allow":["GET"]}}],"collection":[{"href":"https:\/\/www.pedagogie.ac-nice.fr\/daac\/wp-json\/wp\/v2\/pages"}],"about":[{"href":"https:\/\/www.pedagogie.ac-nice.fr\/daac\/wp-json\/wp\/v2\/types\/page"}],"author":[{"embeddable":true,"href":"https:\/\/www.pedagogie.ac-nice.fr\/daac\/wp-json\/wp\/v2\/users\/241"}],"replies":[{"embeddable":true,"href":"https:\/\/www.pedagogie.ac-nice.fr\/daac\/wp-json\/wp\/v2\/comments?post=7253"}],"version-history":[{"count":10,"href":"https:\/\/www.pedagogie.ac-nice.fr\/daac\/wp-json\/wp\/v2\/pages\/7253\/revisions"}],"predecessor-version":[{"id":8099,"href":"https:\/\/www.pedagogie.ac-nice.fr\/daac\/wp-json\/wp\/v2\/pages\/7253\/revisions\/8099"}],"wp:attachment":[{"href":"https:\/\/www.pedagogie.ac-nice.fr\/daac\/wp-json\/wp\/v2\/media?parent=7253"}],"curies":[{"name":"wp","href":"https:\/\/api.w.org\/{rel}","templated":true}]}}